{"id":91819,"date":"2022-12-27T15:12:03","date_gmt":"2022-12-27T14:12:03","guid":{"rendered":"https:\/\/swissraft.xyanzkdne.eu\/product\/hubschrauberflug-von-lodrino-flug-ueber-den-cervin-90-min-ab-chf-725-00\/"},"modified":"2024-12-07T17:09:36","modified_gmt":"2024-12-07T16:09:36","slug":"helikopterflug-lodrino-flug-ueber-das-matterhorn","status":"publish","type":"product","link":"https:\/\/www.swissraft.ch\/de\/produkt\/helikopterflug-lodrino-flug-ueber-das-matterhorn\/","title":{"rendered":"Helikopterflug ab LODRINO &#8211; FLUG \u00dcBER DAS MATTERHORN &#8211; 90 Min. &#8211; Ab CHF 725.00"},"content":{"rendered":"\t\t<div data-elementor-type=\"wp-post\" data-elementor-id=\"91819\" class=\"elementor elementor-91819 elementor-30017\">\n\t\t\t\t\t\t\t\t\t<section class=\"elementor-section elementor-top-section elementor-element elementor-element-3303a7e3 elementor-section-boxed elementor-section-height-default elementor-section-height-default\" data-id=\"3303a7e3\" data-element_type=\"section\">\n\t\t\t\t\t\t<div class=\"elementor-container elementor-column-gap-default\">\n\t\t\t\t\t<div class=\"elementor-column elementor-col-100 elementor-top-column elementor-element elementor-element-16d72dbf\" data-id=\"16d72dbf\" data-element_type=\"column\">\n\t\t\t<div class=\"elementor-widget-wrap elementor-element-populated\">\n\t\t\t\t\t\t\t\t<div class=\"elementor-element elementor-element-d743c03 elementor-widget elementor-widget-text-editor\" data-id=\"d743c03\" data-element_type=\"widget\" data-widget_type=\"text-editor.default\">\n\t\t\t\t<div class=\"elementor-widget-container\">\n\t\t\t\t\t\t\t<h2>W\u00c4HLEN SIE UNTEN IHRE AKTIVIT\u00c4T AUS, UM GESCHENKGUTSCHEINE \/ TICKETS ZU VERSCHENKEN ODER ZU BUCHEN.<\/h2><table border=\"0\" width=\"580\" cellspacing=\"10\" cellpadding=\"10\"><tbody><tr><td width=\"50%\"><strong>AB LODRINO DAS MATTERHORN &#8211; 90 Min.<\/strong><\/td><td><strong>CHF 725.00 pro Person<span class=\"productPrice\"><br \/><\/span><\/strong><\/td><\/tr><tr><td>Weitere Informationen<\/td><td><p class=\"patt\"><span class=\"patt\">&#8211; Jeden Tag<br \/>&#8211; Flug ab 4 Pers. <\/span><\/p><\/td><\/tr><tr><td>Flugplatz<\/td><td><a href=\"https:\/\/www.google.com\/maps\/place\/46%C2%B017'23.0%22N+8%C2%B059'34.0%22E\/@46.2902007,8.974501,3119m\/data=!3m1!1e3!4m4!3m3!8m2!3d46.2897222!4d8.9927778?entry=ttu\" target=\"_blank\" rel=\"noopener\">Lodrino<\/a><\/td><\/tr><tr><td>Flugzeit<\/td><td>90 Min.<\/td><\/tr><tr><td>Gesamtdauer<\/td><td>ca. 1:50 Std.<\/td><\/tr><tr><td>Terminvereinbarung<\/td><td>Per Telefon<\/td><\/tr><tr><td><button class=\"elementor-button\" type=\"button\"><a href=\"https:\/\/swissraft.outdoorbooking.ch\/fo\/products\/1854?base_id=218&amp;category_id=6&amp;order_type=gift_voucher&amp;lang=de\" target=\"_blank\" rel=\"noopener\">GUTSCHEIN KAUFEN<\/a><\/button><\/td><td>Um zu buchen : <span class=\"patt\" style=\"font-family: inherit; font-size: inherit;\"><span class=\"plbl\"><span class=\"patt\"><a href=\"https:\/\/www.swissraft.ch\/de\/kontakt\/\">Kontaktieren Sie uns<\/a><\/span><\/span><\/span><\/td><\/tr><\/tbody><\/table><table border=\"0\" width=\"580\" cellspacing=\"10\" cellpadding=\"10\"><tbody><tr><td width=\"50%\"><strong>AUF DAS MATTERHORN &#8211; PRIVATFLUG (1-4 Pers.) &#8211; 90 Min.<\/strong><\/td><td><strong>CHF 2&#8217;900.00 pro Privatflug<span class=\"productPrice\"><br \/><\/span><\/strong><\/td><\/tr><tr><td>Weitere Informationen<\/td><td><span class=\"patt\">&#8211; Sie haben den Helikopter ausschlie\u00dflich f\u00fcr sich<br \/>&#8211; Sie bestimmen das Datum und die Uhrzeit des Abflugs<br \/>&#8211; Maximal 4 Personen<\/span><\/td><\/tr><tr><td>Flugplatz<\/td><td><a href=\"https:\/\/www.google.com\/maps\/place\/46%C2%B017'23.0%22N+8%C2%B059'34.0%22E\/@46.2902007,8.974501,3119m\/data=!3m1!1e3!4m4!3m3!8m2!3d46.2897222!4d8.9927778?entry=ttu\" target=\"_blank\" rel=\"noopener\">Lodrino<\/a><\/td><\/tr><tr><td>Flugzeit<\/td><td>90 Min.<\/td><\/tr><tr><td>Gesamtdauer<\/td><td>ca. 1:50 Std.<\/td><\/tr><tr><td>Terminvereinbarung<\/td><td>Per Telefon<\/td><\/tr><tr><td><button class=\"elementor-button\" type=\"button\"><a href=\"https:\/\/swissraft.outdoorbooking.ch\/fo\/products\/1408?base_id=218&amp;category_id=6&amp;order_type=gift_voucher&amp;lang=de\" target=\"_blank\" rel=\"noopener\">GUTSCHEIN KAUFEN<\/a><\/button><\/td><td>Um zu buchen : <span class=\"patt\" style=\"font-family: inherit; font-size: inherit;\"><span class=\"plbl\"><span class=\"patt\"><a href=\"https:\/\/www.swissraft.ch\/de\/kontakt\/\">Kontaktieren Sie uns<\/a><\/span><\/span><\/span><\/td><\/tr><\/tbody><\/table>\t\t\t\t\t\t<\/div>\n\t\t\t\t<\/div>\n\t\t\t\t\t<\/div>\n\t\t<\/div>\n\t\t\t\t\t\t\t<\/div>\n\t\t<\/section>\n\t\t\t\t\t\t\t<\/div>\n\t\t","protected":false},"excerpt":{"rendered":"<div align=\"justify\">\n<h2 align=\"justify\">Von Lodrino aus ein herrlicher 90-min\u00fctiger Flug zum Matterhorn, dem legend\u00e4ren Berg.<\/h2>\n<h3>Dieser Helikopterflug mit dem Ziel Matterhorn f\u00fchrt Sie vom Tessin bis ins Wallis \u00fcber P\u00e4sse, Gipfel und imposante Gletscher.<\/h3>\n<\/div>\n<div align=\"justify\">\n<p>Ein einzigartiger und beeindruckender Rundflug. Sie fliegen \u00fcber das Tessin und den majest\u00e4tischen Lago Maggiore. Dann \u00fcberqueren Sie den Simplonpass und kommen oberhalb von Saas-Fee im Wallis an. Sie umrunden das gesamte Matterhornmassiv, vorbei am Mont\u00e9 Rosa Gletscher und kehren nach Lodrino zur\u00fcck.<\/p>\n<h3>Rufen Sie uns an, damit wir gemeinsam einen Flug nach Ihren W\u00fcnschen planen k\u00f6nnen. Vom Flugplatz Lodrino aus ist alles m\u00f6glich!<\/h3>\n<p id=\"textarea\" style=\"display: none;\">\nGleichzeitig f\u00fchren wir Fl\u00fcge ins Tessin vom Flugplatz Locarno aus durch. Wir bieten auch Rundfl\u00fcge vom Heliport St. Moritz und dem Flugplatz Samedan das ganze Jahr \u00fcber. Au\u00dferdem starten wir von den Heliports in Untervaz, Flims und Tavanasa in Graub\u00fcnden. Sowie von Liechtenstein aus ab Balzers und im Kanton Thurgau ab dem Flugplatz Sitterdorf.<br \/>\nAber wir fliegen auch mit dem Hubschrauber vom internationalen Flughafen Z\u00fcrich-Kloten und vom internationalen Flughafen Bern-Belp ab. Au\u00dferdem starten wir vom Flugplatz Saanen und vom Heliport Gstaad-Grund im Saanenland. Danach starten wir auch von den Heliports Lenk-Simmental, Schattenhalb-Meiringen, Interlaken-Gsteigwiler und Lauterbrunnen im Berner Oberland. Dar\u00fcber hinaus bieten wir auch Fl\u00fcge in den Kanton Uri ab dem Heliport Erstfeld und Pfaffnau im Kanton Luzern an. Au\u00dferdem gibt es Fl\u00fcge vom Flughafen Sitten und den Heliports Collombey und Gampel im Wallis. Wir starten auch vom Flugplatz \u00c9pagny im Greyerzerland im Kanton Freiburg. Sowie des Flugplatzes Buttwil im Kanton Aargau. Dar\u00fcber hinaus fliegen wir auch vom Flugplatz Grenchen im Kanton Solothurn aus. sowie Fl\u00fcge im Kanton Schwyz vom Heliport K\u00fcssnacht aus.\n<\/p>\n<p><a id=\"seeMore\" onclick=\"toggleSeeMore()\" href=\"javascript:void(0);\">Lesen Sie mehr<\/a><\/p>\n","protected":false},"featured_media":86419,"comment_status":"open","ping_status":"closed","template":"","meta":{"inline_featured_image":false,"_mi_skip_tracking":false},"product_cat":[263,362],"product_tag":[],"class_list":["post-91819","product","type-product","status-publish","has-post-thumbnail","hentry","product_cat-helikopterflug-in-der-schweiz","product_cat-helikopterrundflug-lodrino"],"yoast_head":"<!-- This site is optimized with the Yoast SEO plugin v23.6 - https:\/\/yoast.com\/wordpress\/plugins\/seo\/ -->\n<title>Ab Lodrino das Matterhorn. Flug von 90 Minuten<\/title>\n<meta name=\"description\" content=\"Ab Lodrino das Matterhorn. Dieser 90-min\u00fctige Flug ist von unglaublicher Sch\u00f6nheit wegen der Panoramen, die sich Ihnen w\u00e4hrend des Fluges bieten\" \/>\n<meta name=\"robots\" content=\"index, follow, max-snippet:-1, max-image-preview:large, max-video-preview:-1\" \/>\n<link rel=\"canonical\" href=\"https:\/\/www.swissraft.ch\/de\/produkt\/helikopterflug-lodrino-flug-ueber-das-matterhorn\/\" \/>\n<meta property=\"og:locale\" content=\"de_DE\" \/>\n<meta property=\"og:type\" content=\"article\" \/>\n<meta property=\"og:title\" content=\"Ab Lodrino das Matterhorn. Flug von 90 Minuten\" \/>\n<meta property=\"og:description\" content=\"Ab Lodrino das Matterhorn. Dieser 90-min\u00fctige Flug ist von unglaublicher Sch\u00f6nheit wegen der Panoramen, die sich Ihnen w\u00e4hrend des Fluges bieten\" \/>\n<meta property=\"og:url\" content=\"https:\/\/www.swissraft.ch\/de\/produkt\/helikopterflug-lodrino-flug-ueber-das-matterhorn\/\" \/>\n<meta property=\"og:site_name\" content=\"Swissraft\" \/>\n<meta property=\"article:modified_time\" content=\"2024-12-07T16:09:36+00:00\" \/>\n<meta property=\"og:image\" content=\"https:\/\/www.swissraft.ch\/wp-content\/uploads\/2022\/12\/1-LODRINO-Matterhorn-776x776-2.jpg\" \/>\n\t<meta property=\"og:image:width\" content=\"776\" \/>\n\t<meta property=\"og:image:height\" content=\"776\" \/>\n\t<meta property=\"og:image:type\" content=\"image\/jpeg\" \/>\n<meta name=\"twitter:card\" content=\"summary_large_image\" \/>\n<meta name=\"twitter:label1\" content=\"Gesch\u00e4tzte Lesezeit\" \/>\n\t<meta name=\"twitter:data1\" content=\"1\u00a0Minute\" \/>\n<script type=\"application\/ld+json\" class=\"yoast-schema-graph\">{\"@context\":\"https:\/\/schema.org\",\"@graph\":[{\"@type\":\"WebPage\",\"@id\":\"https:\/\/www.swissraft.ch\/de\/produkt\/helikopterflug-lodrino-flug-ueber-das-matterhorn\/\",\"url\":\"https:\/\/www.swissraft.ch\/de\/produkt\/helikopterflug-lodrino-flug-ueber-das-matterhorn\/\",\"name\":\"Ab Lodrino das Matterhorn. Flug von 90 Minuten\",\"isPartOf\":{\"@id\":\"https:\/\/www.swissraft.ch\/de\/#website\"},\"primaryImageOfPage\":{\"@id\":\"https:\/\/www.swissraft.ch\/de\/produkt\/helikopterflug-lodrino-flug-ueber-das-matterhorn\/#primaryimage\"},\"image\":{\"@id\":\"https:\/\/www.swissraft.ch\/de\/produkt\/helikopterflug-lodrino-flug-ueber-das-matterhorn\/#primaryimage\"},\"thumbnailUrl\":\"https:\/\/www.swissraft.ch\/wp-content\/uploads\/2022\/12\/1-LODRINO-Matterhorn-776x776-2.jpg\",\"datePublished\":\"2022-12-27T14:12:03+00:00\",\"dateModified\":\"2024-12-07T16:09:36+00:00\",\"description\":\"Ab Lodrino das Matterhorn. Dieser 90-min\u00fctige Flug ist von unglaublicher Sch\u00f6nheit wegen der Panoramen, die sich Ihnen w\u00e4hrend des Fluges bieten\",\"breadcrumb\":{\"@id\":\"https:\/\/www.swissraft.ch\/de\/produkt\/helikopterflug-lodrino-flug-ueber-das-matterhorn\/#breadcrumb\"},\"inLanguage\":\"de\",\"potentialAction\":[{\"@type\":\"ReadAction\",\"target\":[\"https:\/\/www.swissraft.ch\/de\/produkt\/helikopterflug-lodrino-flug-ueber-das-matterhorn\/\"]}]},{\"@type\":\"ImageObject\",\"inLanguage\":\"de\",\"@id\":\"https:\/\/www.swissraft.ch\/de\/produkt\/helikopterflug-lodrino-flug-ueber-das-matterhorn\/#primaryimage\",\"url\":\"https:\/\/www.swissraft.ch\/wp-content\/uploads\/2022\/12\/1-LODRINO-Matterhorn-776x776-2.jpg\",\"contentUrl\":\"https:\/\/www.swissraft.ch\/wp-content\/uploads\/2022\/12\/1-LODRINO-Matterhorn-776x776-2.jpg\",\"width\":776,\"height\":776,\"caption\":\"Das Matterhorn von Lodrino aus mit dem Hubschrauber\"},{\"@type\":\"BreadcrumbList\",\"@id\":\"https:\/\/www.swissraft.ch\/de\/produkt\/helikopterflug-lodrino-flug-ueber-das-matterhorn\/#breadcrumb\",\"itemListElement\":[{\"@type\":\"ListItem\",\"position\":1,\"name\":\"Accueil\",\"item\":\"https:\/\/www.swissraft.ch\/de\/\"},{\"@type\":\"ListItem\",\"position\":2,\"name\":\"Shop\",\"item\":\"https:\/\/www.swissraft.ch\/de\/shop\/\"},{\"@type\":\"ListItem\",\"position\":3,\"name\":\"Helikopterflug ab LODRINO &#8211; FLUG \u00dcBER DAS MATTERHORN &#8211; 90 Min. &#8211; Ab CHF 725.00\"}]},{\"@type\":\"WebSite\",\"@id\":\"https:\/\/www.swissraft.ch\/de\/#website\",\"url\":\"https:\/\/www.swissraft.ch\/de\/\",\"name\":\"Swissraft\",\"description\":\"To enjoy nature as it is\",\"publisher\":{\"@id\":\"https:\/\/www.swissraft.ch\/de\/#organization\"},\"potentialAction\":[{\"@type\":\"SearchAction\",\"target\":{\"@type\":\"EntryPoint\",\"urlTemplate\":\"https:\/\/www.swissraft.ch\/de\/?s={search_term_string}\"},\"query-input\":{\"@type\":\"PropertyValueSpecification\",\"valueRequired\":true,\"valueName\":\"search_term_string\"}}],\"inLanguage\":\"de\"},{\"@type\":\"Organization\",\"@id\":\"https:\/\/www.swissraft.ch\/de\/#organization\",\"name\":\"Swissraft\",\"url\":\"https:\/\/www.swissraft.ch\/de\/\",\"logo\":{\"@type\":\"ImageObject\",\"inLanguage\":\"de\",\"@id\":\"https:\/\/www.swissraft.ch\/de\/#\/schema\/logo\/image\/\",\"url\":\"https:\/\/www.swissraft.ch\/wp-content\/uploads\/2025\/09\/Capture.jpg\",\"contentUrl\":\"https:\/\/www.swissraft.ch\/wp-content\/uploads\/2025\/09\/Capture.jpg\",\"width\":293,\"height\":108,\"caption\":\"Swissraft\"},\"image\":{\"@id\":\"https:\/\/www.swissraft.ch\/de\/#\/schema\/logo\/image\/\"}}]}<\/script>\n<!-- \/ Yoast SEO plugin. -->","yoast_head_json":{"title":"Ab Lodrino das Matterhorn. Flug von 90 Minuten","description":"Ab Lodrino das Matterhorn. Dieser 90-min\u00fctige Flug ist von unglaublicher Sch\u00f6nheit wegen der Panoramen, die sich Ihnen w\u00e4hrend des Fluges bieten","robots":{"index":"index","follow":"follow","max-snippet":"max-snippet:-1","max-image-preview":"max-image-preview:large","max-video-preview":"max-video-preview:-1"},"canonical":"https:\/\/www.swissraft.ch\/de\/produkt\/helikopterflug-lodrino-flug-ueber-das-matterhorn\/","og_locale":"de_DE","og_type":"article","og_title":"Ab Lodrino das Matterhorn. Flug von 90 Minuten","og_description":"Ab Lodrino das Matterhorn. Dieser 90-min\u00fctige Flug ist von unglaublicher Sch\u00f6nheit wegen der Panoramen, die sich Ihnen w\u00e4hrend des Fluges bieten","og_url":"https:\/\/www.swissraft.ch\/de\/produkt\/helikopterflug-lodrino-flug-ueber-das-matterhorn\/","og_site_name":"Swissraft","article_modified_time":"2024-12-07T16:09:36+00:00","og_image":[{"width":776,"height":776,"url":"https:\/\/www.swissraft.ch\/wp-content\/uploads\/2022\/12\/1-LODRINO-Matterhorn-776x776-2.jpg","type":"image\/jpeg"}],"twitter_card":"summary_large_image","twitter_misc":{"Gesch\u00e4tzte Lesezeit":"1\u00a0Minute"},"schema":{"@context":"https:\/\/schema.org","@graph":[{"@type":"WebPage","@id":"https:\/\/www.swissraft.ch\/de\/produkt\/helikopterflug-lodrino-flug-ueber-das-matterhorn\/","url":"https:\/\/www.swissraft.ch\/de\/produkt\/helikopterflug-lodrino-flug-ueber-das-matterhorn\/","name":"Ab Lodrino das Matterhorn. Flug von 90 Minuten","isPartOf":{"@id":"https:\/\/www.swissraft.ch\/de\/#website"},"primaryImageOfPage":{"@id":"https:\/\/www.swissraft.ch\/de\/produkt\/helikopterflug-lodrino-flug-ueber-das-matterhorn\/#primaryimage"},"image":{"@id":"https:\/\/www.swissraft.ch\/de\/produkt\/helikopterflug-lodrino-flug-ueber-das-matterhorn\/#primaryimage"},"thumbnailUrl":"https:\/\/www.swissraft.ch\/wp-content\/uploads\/2022\/12\/1-LODRINO-Matterhorn-776x776-2.jpg","datePublished":"2022-12-27T14:12:03+00:00","dateModified":"2024-12-07T16:09:36+00:00","description":"Ab Lodrino das Matterhorn. Dieser 90-min\u00fctige Flug ist von unglaublicher Sch\u00f6nheit wegen der Panoramen, die sich Ihnen w\u00e4hrend des Fluges bieten","breadcrumb":{"@id":"https:\/\/www.swissraft.ch\/de\/produkt\/helikopterflug-lodrino-flug-ueber-das-matterhorn\/#breadcrumb"},"inLanguage":"de","potentialAction":[{"@type":"ReadAction","target":["https:\/\/www.swissraft.ch\/de\/produkt\/helikopterflug-lodrino-flug-ueber-das-matterhorn\/"]}]},{"@type":"ImageObject","inLanguage":"de","@id":"https:\/\/www.swissraft.ch\/de\/produkt\/helikopterflug-lodrino-flug-ueber-das-matterhorn\/#primaryimage","url":"https:\/\/www.swissraft.ch\/wp-content\/uploads\/2022\/12\/1-LODRINO-Matterhorn-776x776-2.jpg","contentUrl":"https:\/\/www.swissraft.ch\/wp-content\/uploads\/2022\/12\/1-LODRINO-Matterhorn-776x776-2.jpg","width":776,"height":776,"caption":"Das Matterhorn von Lodrino aus mit dem Hubschrauber"},{"@type":"BreadcrumbList","@id":"https:\/\/www.swissraft.ch\/de\/produkt\/helikopterflug-lodrino-flug-ueber-das-matterhorn\/#breadcrumb","itemListElement":[{"@type":"ListItem","position":1,"name":"Accueil","item":"https:\/\/www.swissraft.ch\/de\/"},{"@type":"ListItem","position":2,"name":"Shop","item":"https:\/\/www.swissraft.ch\/de\/shop\/"},{"@type":"ListItem","position":3,"name":"Helikopterflug ab LODRINO &#8211; FLUG \u00dcBER DAS MATTERHORN &#8211; 90 Min. &#8211; Ab CHF 725.00"}]},{"@type":"WebSite","@id":"https:\/\/www.swissraft.ch\/de\/#website","url":"https:\/\/www.swissraft.ch\/de\/","name":"Swissraft","description":"To enjoy nature as it is","publisher":{"@id":"https:\/\/www.swissraft.ch\/de\/#organization"},"potentialAction":[{"@type":"SearchAction","target":{"@type":"EntryPoint","urlTemplate":"https:\/\/www.swissraft.ch\/de\/?s={search_term_string}"},"query-input":{"@type":"PropertyValueSpecification","valueRequired":true,"valueName":"search_term_string"}}],"inLanguage":"de"},{"@type":"Organization","@id":"https:\/\/www.swissraft.ch\/de\/#organization","name":"Swissraft","url":"https:\/\/www.swissraft.ch\/de\/","logo":{"@type":"ImageObject","inLanguage":"de","@id":"https:\/\/www.swissraft.ch\/de\/#\/schema\/logo\/image\/","url":"https:\/\/www.swissraft.ch\/wp-content\/uploads\/2025\/09\/Capture.jpg","contentUrl":"https:\/\/www.swissraft.ch\/wp-content\/uploads\/2025\/09\/Capture.jpg","width":293,"height":108,"caption":"Swissraft"},"image":{"@id":"https:\/\/www.swissraft.ch\/de\/#\/schema\/logo\/image\/"}}]}},"_links":{"self":[{"href":"https:\/\/www.swissraft.ch\/de\/wp-json\/wp\/v2\/product\/91819","targetHints":{"allow":["GET"]}}],"collection":[{"href":"https:\/\/www.swissraft.ch\/de\/wp-json\/wp\/v2\/product"}],"about":[{"href":"https:\/\/www.swissraft.ch\/de\/wp-json\/wp\/v2\/types\/product"}],"replies":[{"embeddable":true,"href":"https:\/\/www.swissraft.ch\/de\/wp-json\/wp\/v2\/comments?post=91819"}],"version-history":[{"count":0,"href":"https:\/\/www.swissraft.ch\/de\/wp-json\/wp\/v2\/product\/91819\/revisions"}],"wp:featuredmedia":[{"embeddable":true,"href":"https:\/\/www.swissraft.ch\/de\/wp-json\/wp\/v2\/media\/86419"}],"wp:attachment":[{"href":"https:\/\/www.swissraft.ch\/de\/wp-json\/wp\/v2\/media?parent=91819"}],"wp:term":[{"taxonomy":"product_cat","embeddable":true,"href":"https:\/\/www.swissraft.ch\/de\/wp-json\/wp\/v2\/product_cat?post=91819"},{"taxonomy":"product_tag","embeddable":true,"href":"https:\/\/www.swissraft.ch\/de\/wp-json\/wp\/v2\/product_tag?post=91819"}],"curies":[{"name":"wp","href":"https:\/\/api.w.org\/{rel}","templated":true}]}}