{"id":91816,"date":"2022-12-27T14:00:16","date_gmt":"2022-12-27T13:00:16","guid":{"rendered":"https:\/\/swissraft.xyanzkdne.eu\/product\/helikopterflug-von-sitterdorf-ueber-die-alpen-90-min-ab-chf-690-00\/"},"modified":"2024-12-11T00:16:14","modified_gmt":"2024-12-10T23:16:14","slug":"helikopterflug-sitterdorf-ueber-die-alpen","status":"publish","type":"product","link":"https:\/\/www.swissraft.ch\/de\/produkt\/helikopterflug-sitterdorf-ueber-die-alpen\/","title":{"rendered":"Helikopterflug ab SITTERDORF &#8211; \u00dcBER DIE ALPEN &#8211; 90 Min. &#8211; Ab CHF 690.00"},"content":{"rendered":"\t\t<div data-elementor-type=\"wp-post\" data-elementor-id=\"91816\" class=\"elementor elementor-91816 elementor-29980\">\n\t\t\t\t\t\t\t\t\t<section class=\"elementor-section elementor-top-section elementor-element elementor-element-3303a7e3 elementor-section-boxed elementor-section-height-default elementor-section-height-default\" data-id=\"3303a7e3\" data-element_type=\"section\">\n\t\t\t\t\t\t<div class=\"elementor-container elementor-column-gap-default\">\n\t\t\t\t\t<div class=\"elementor-column elementor-col-100 elementor-top-column elementor-element elementor-element-16d72dbf\" data-id=\"16d72dbf\" data-element_type=\"column\">\n\t\t\t<div class=\"elementor-widget-wrap elementor-element-populated\">\n\t\t\t\t\t\t\t\t<div class=\"elementor-element elementor-element-d743c03 elementor-widget elementor-widget-text-editor\" data-id=\"d743c03\" data-element_type=\"widget\" data-widget_type=\"text-editor.default\">\n\t\t\t\t<div class=\"elementor-widget-container\">\n\t\t\t\t\t\t\t<h2>W\u00c4HLEN SIE UNTEN IHRE AKTIVIT\u00c4T AUS, UM GESCHENKGUTSCHEINE \/ TICKETS ZU VERSCHENKEN ODER ZU BUCHEN.<\/h2><table border=\"0\" width=\"580\" cellspacing=\"10\" cellpadding=\"10\"><tbody><tr><td width=\"50%\"><strong>\u00dcBER DIE ALPEN &#8211; 90 Min.<\/strong><\/td><td><strong>CHF 690.00 pro Person<span class=\"productPrice\"><br \/><\/span><\/strong><\/td><\/tr><tr><td>Weitere Informationen<\/td><td>&#8211; Sie werden mit anderen Passagieren zusammen sein<br \/>&#8211; Maximum 4 pers.<\/td><\/tr><tr><td>Flugplatz<\/td><td><a href=\"https:\/\/www.google.com\/maps\/place\/47%C2%B030'37.4%22N+9%C2%B015'44.9%22E\/@47.5107092,9.2532447,1525m\/data=!3m1!1e3!4m4!3m3!8m2!3d47.5103889!4d9.2624722?entry=ttu\" target=\"_blank\" rel=\"noopener\">Sitterdorf<\/a><\/td><\/tr><tr><td>Flugzeit<\/td><td>90 Min.<\/td><\/tr><tr><td>Gesamtdauer<\/td><td>ca. 2 Std.<\/td><\/tr><tr><td>Terminvereinbarung<\/td><td>Per Telefon<\/td><\/tr><tr><td><a href=\"https:\/\/swissraft.outdoorbooking.ch\/fo\/products\/888?base_id=171&amp;category_id=6&amp;order_type=gift_voucher&amp;lang=de\" target=\"_blank\" rel=\"noopener\"><button class=\"elementor-button\" type=\"button\">GUTSCHEIN KAUFEN<\/button><\/a><\/td><td><strong>CHF 690.00\/Pers<\/strong>.<\/td><\/tr><tr><td><a href=\"https:\/\/swissraft.outdoorbooking.ch\/fo\/products\/889?base_id=178&amp;category_id=6&amp;order_type=gift_voucher&amp;lang=de\" target=\"_blank\" rel=\"noopener\"><button class=\"elementor-button\" type=\"button\">GUTSCHEIN KAUFEN<\/button><\/a><\/td><td><strong>CHF 2&#8217;070.00 &#8211; Privatflug (1-3 Pers.)<\/strong><\/td><\/tr><tr><td><a href=\"https:\/\/swissraft.outdoorbooking.ch\/fo\/products\/890?base_id=179&amp;category_id=6&amp;order_type=gift_voucher&amp;lang=de\" target=\"_blank\" rel=\"noopener\"><button class=\"elementor-button\" type=\"button\">GUTSCHEIN KAUFEN<\/button><\/a><\/td><td><strong>CHF 2&#8217;760.00 &#8211; Privatflug (4 Pers.)<\/strong><\/td><\/tr><tr><td>\u00a0<\/td><td>Um zu buchen : <span class=\"patt\" style=\"font-family: inherit; font-size: inherit;\"><span class=\"plbl\"><span class=\"patt\"><a href=\"https:\/\/www.swissraft.ch\/de\/kontakt\/\">Kontaktieren Sie uns<\/a><\/span><\/span><\/span><\/td><\/tr><\/tbody><\/table>\t\t\t\t\t\t<\/div>\n\t\t\t\t<\/div>\n\t\t\t\t\t<\/div>\n\t\t<\/div>\n\t\t\t\t\t\t\t<\/div>\n\t\t<\/section>\n\t\t\t\t\t\t\t<\/div>\n\t\t","protected":false},"excerpt":{"rendered":"<h2 align=\"justify\">Dieser 90-min\u00fctige Helikopterflug ab Sitterdorf f\u00fchrt Sie \u00fcber die Ostalpen der Schweiz.<\/h2>\n<h3>Entdecken Sie mit uns vom Flugplatz Sitterdorf aus das Toggenburg und die Glarner Alpen.<\/h3>\n<p>Vom Flugplatz Sitterdorf aus starten Sie in Richtung Appenzell. Dann das Rheintal, Liechtenstein und das Pr\u00e4ttigau. Nach dem Weissfluhjoch mit Klosters und Davos im Hintergrund fliegen Sie \u00fcber den Fl\u00fcela-Pass. Danach fahren Sie nach Zernez im Oberengadin, dann nach La Punt und Samedan. \u00dcber St. Moritz k\u00f6nnen Sie das Panorama bewundern. Sie sehen Pontresina, den Piz Pal\u00fc, den Piz Bernina und den Piz Corvatsch. Oberhalb des Silvaplaner Sees biegen Sie dann ab in Richtung Julier-Pass, Savognin, Tiefencastel und Lenzerheide. Dann ziehen nacheinander die Stadt Chur, der Pizol, Bad Ragaz, Sargans und Flums an Ihren F\u00fc\u00dfen vorbei. Sie erreichen den Walensee. Von hier aus haben Sie einen herrlichen Blick auf die Churfirsten und Toggenburg, bevor Sie auf den S\u00e4ntis gelangen. Ihr Flug geht weiter \u00fcber Urn\u00e4sch und Herisau, bevor wir wieder auf dem Flugplatz Sitterdorf landen.<\/p>\n<h3>Swissraft bietet Ihnen auf seiner Website \u00fcber 150 Helikopterrouten an. Sie haben die Qual der Wahl<\/h3>\n<p id=\"textarea\" style=\"display: none;\">\nEbenso bieten wir Helikopterrundfl\u00fcge von Liechtenstein aus an, die vom Heliport Balzers aus starten. Aber wir fliegen auch von Samedan, wo wir das ganze Jahr \u00fcber Fl\u00fcge anbieten, und von St. Moritz im Engadin nur im Winter. Au\u00dferdem bieten wir von Tavanasa, Flims und Untervaz in Graub\u00fcnden und der Surselva aus sch\u00f6ne Touren an. Au\u00dferdem bieten wir Hubschrauberrundfl\u00fcge von den Flugpl\u00e4tzen Lodrino und Locarno-Magadino im Kanton Tessin an. Aber auch unsere Starts im Wallis vom Flughafen Sitten und von den Heliports Collombey und Gampel. Au\u00dferdem starten wir vom Flugplatz \u00c9pagny im Greyezerland. Dann haben wir Fl\u00fcge in den Kanton Luzern von Pfaffnau und in den Kanton Uri von Erstfeld. Au\u00dferdem starten wir vom Heliport Gstaad-Grund und vom Flugplatz Saanen. Sowie von den Heliports Lauterbrunnen, Schattenhalb-Meiringen, Lenk-Simmental und Interlaken-Gsteigwiler im Berner Oberland. Dar\u00fcber hinaus haben wir Routen von den internationalen Flugh\u00e4fen Z\u00fcrich-Kloten und Bern-Belp. Ebenso bieten wir Hubschrauberrundfl\u00fcge ab dem Flugplatz Buttwil im Kanton Aargau an. Daneben haben wir Touren im Kanton Schwyz in K\u00fcssnacht und in Grenchen im Kanton Solothurn.\n<\/p>\n<p><a id=\"seeMore\" onclick=\"toggleSeeMore()\" href=\"javascript:void(0);\">Lesen Sie mehr<\/a><\/p>\n","protected":false},"featured_media":87064,"comment_status":"open","ping_status":"closed","template":"","meta":{"inline_featured_image":false,"_mi_skip_tracking":false},"product_cat":[263,319],"product_tag":[],"class_list":["post-91816","product","type-product","status-publish","has-post-thumbnail","hentry","product_cat-helikopterflug-in-der-schweiz","product_cat-helikopterrundflug-sitterdorf"],"yoast_head":"<!-- This site is optimized with the Yoast SEO plugin v23.6 - https:\/\/yoast.com\/wordpress\/plugins\/seo\/ -->\n<title>\u00dcber die Alpen. Helikopterflug von Sitterdorf aus<\/title>\n<meta name=\"description\" content=\"\u00dcber die Alpen mit dem Helikopter von Flugplatz Sitterdorf aus. Dieser 90-min\u00fctige Flug f\u00fchrt Sie \u00fcber die Ostalpen der Schweiz.\" \/>\n<meta name=\"robots\" content=\"index, follow, max-snippet:-1, max-image-preview:large, max-video-preview:-1\" \/>\n<link rel=\"canonical\" href=\"https:\/\/www.swissraft.ch\/de\/produkt\/helikopterflug-sitterdorf-ueber-die-alpen\/\" \/>\n<meta property=\"og:locale\" content=\"de_DE\" \/>\n<meta property=\"og:type\" content=\"article\" \/>\n<meta property=\"og:title\" content=\"\u00dcber die Alpen. Helikopterflug von Sitterdorf aus\" \/>\n<meta property=\"og:description\" content=\"\u00dcber die Alpen mit dem Helikopter von Flugplatz Sitterdorf aus. Dieser 90-min\u00fctige Flug f\u00fchrt Sie \u00fcber die Ostalpen der Schweiz.\" \/>\n<meta property=\"og:url\" content=\"https:\/\/www.swissraft.ch\/de\/produkt\/helikopterflug-sitterdorf-ueber-die-alpen\/\" \/>\n<meta property=\"og:site_name\" content=\"Swissraft\" \/>\n<meta property=\"article:modified_time\" content=\"2024-12-10T23:16:14+00:00\" \/>\n<meta property=\"og:image\" content=\"https:\/\/www.swissraft.ch\/wp-content\/uploads\/2022\/12\/5-SITTERDORF-Grosser-Alpenrundflug-776x776-3.jpg\" \/>\n\t<meta property=\"og:image:width\" content=\"776\" \/>\n\t<meta property=\"og:image:height\" content=\"776\" \/>\n\t<meta property=\"og:image:type\" content=\"image\/jpeg\" \/>\n<meta name=\"twitter:card\" content=\"summary_large_image\" \/>\n<meta name=\"twitter:label1\" content=\"Gesch\u00e4tzte Lesezeit\" \/>\n\t<meta name=\"twitter:data1\" content=\"1\u00a0Minute\" \/>\n<script type=\"application\/ld+json\" class=\"yoast-schema-graph\">{\"@context\":\"https:\/\/schema.org\",\"@graph\":[{\"@type\":\"WebPage\",\"@id\":\"https:\/\/www.swissraft.ch\/de\/produkt\/helikopterflug-sitterdorf-ueber-die-alpen\/\",\"url\":\"https:\/\/www.swissraft.ch\/de\/produkt\/helikopterflug-sitterdorf-ueber-die-alpen\/\",\"name\":\"\u00dcber die Alpen. Helikopterflug von Sitterdorf aus\",\"isPartOf\":{\"@id\":\"https:\/\/www.swissraft.ch\/de\/#website\"},\"primaryImageOfPage\":{\"@id\":\"https:\/\/www.swissraft.ch\/de\/produkt\/helikopterflug-sitterdorf-ueber-die-alpen\/#primaryimage\"},\"image\":{\"@id\":\"https:\/\/www.swissraft.ch\/de\/produkt\/helikopterflug-sitterdorf-ueber-die-alpen\/#primaryimage\"},\"thumbnailUrl\":\"https:\/\/www.swissraft.ch\/wp-content\/uploads\/2022\/12\/5-SITTERDORF-Grosser-Alpenrundflug-776x776-3.jpg\",\"datePublished\":\"2022-12-27T13:00:16+00:00\",\"dateModified\":\"2024-12-10T23:16:14+00:00\",\"description\":\"\u00dcber die Alpen mit dem Helikopter von Flugplatz Sitterdorf aus. Dieser 90-min\u00fctige Flug f\u00fchrt Sie \u00fcber die Ostalpen der Schweiz.\",\"breadcrumb\":{\"@id\":\"https:\/\/www.swissraft.ch\/de\/produkt\/helikopterflug-sitterdorf-ueber-die-alpen\/#breadcrumb\"},\"inLanguage\":\"de\",\"potentialAction\":[{\"@type\":\"ReadAction\",\"target\":[\"https:\/\/www.swissraft.ch\/de\/produkt\/helikopterflug-sitterdorf-ueber-die-alpen\/\"]}]},{\"@type\":\"ImageObject\",\"inLanguage\":\"de\",\"@id\":\"https:\/\/www.swissraft.ch\/de\/produkt\/helikopterflug-sitterdorf-ueber-die-alpen\/#primaryimage\",\"url\":\"https:\/\/www.swissraft.ch\/wp-content\/uploads\/2022\/12\/5-SITTERDORF-Grosser-Alpenrundflug-776x776-3.jpg\",\"contentUrl\":\"https:\/\/www.swissraft.ch\/wp-content\/uploads\/2022\/12\/5-SITTERDORF-Grosser-Alpenrundflug-776x776-3.jpg\",\"width\":776,\"height\":776,\"caption\":\"Von Sitterdorf zu einem Hubschrauberflug \u00fcber die Alpen\"},{\"@type\":\"BreadcrumbList\",\"@id\":\"https:\/\/www.swissraft.ch\/de\/produkt\/helikopterflug-sitterdorf-ueber-die-alpen\/#breadcrumb\",\"itemListElement\":[{\"@type\":\"ListItem\",\"position\":1,\"name\":\"Accueil\",\"item\":\"https:\/\/www.swissraft.ch\/de\/\"},{\"@type\":\"ListItem\",\"position\":2,\"name\":\"Shop\",\"item\":\"https:\/\/www.swissraft.ch\/de\/shop\/\"},{\"@type\":\"ListItem\",\"position\":3,\"name\":\"Helikopterflug ab SITTERDORF &#8211; \u00dcBER DIE ALPEN &#8211; 90 Min. &#8211; Ab CHF 690.00\"}]},{\"@type\":\"WebSite\",\"@id\":\"https:\/\/www.swissraft.ch\/de\/#website\",\"url\":\"https:\/\/www.swissraft.ch\/de\/\",\"name\":\"Swissraft\",\"description\":\"To enjoy nature as it is\",\"publisher\":{\"@id\":\"https:\/\/www.swissraft.ch\/de\/#organization\"},\"potentialAction\":[{\"@type\":\"SearchAction\",\"target\":{\"@type\":\"EntryPoint\",\"urlTemplate\":\"https:\/\/www.swissraft.ch\/de\/?s={search_term_string}\"},\"query-input\":{\"@type\":\"PropertyValueSpecification\",\"valueRequired\":true,\"valueName\":\"search_term_string\"}}],\"inLanguage\":\"de\"},{\"@type\":\"Organization\",\"@id\":\"https:\/\/www.swissraft.ch\/de\/#organization\",\"name\":\"Swissraft\",\"url\":\"https:\/\/www.swissraft.ch\/de\/\",\"logo\":{\"@type\":\"ImageObject\",\"inLanguage\":\"de\",\"@id\":\"https:\/\/www.swissraft.ch\/de\/#\/schema\/logo\/image\/\",\"url\":\"https:\/\/www.swissraft.ch\/wp-content\/uploads\/2025\/09\/Capture.jpg\",\"contentUrl\":\"https:\/\/www.swissraft.ch\/wp-content\/uploads\/2025\/09\/Capture.jpg\",\"width\":293,\"height\":108,\"caption\":\"Swissraft\"},\"image\":{\"@id\":\"https:\/\/www.swissraft.ch\/de\/#\/schema\/logo\/image\/\"}}]}<\/script>\n<!-- \/ Yoast SEO plugin. -->","yoast_head_json":{"title":"\u00dcber die Alpen. Helikopterflug von Sitterdorf aus","description":"\u00dcber die Alpen mit dem Helikopter von Flugplatz Sitterdorf aus. Dieser 90-min\u00fctige Flug f\u00fchrt Sie \u00fcber die Ostalpen der Schweiz.","robots":{"index":"index","follow":"follow","max-snippet":"max-snippet:-1","max-image-preview":"max-image-preview:large","max-video-preview":"max-video-preview:-1"},"canonical":"https:\/\/www.swissraft.ch\/de\/produkt\/helikopterflug-sitterdorf-ueber-die-alpen\/","og_locale":"de_DE","og_type":"article","og_title":"\u00dcber die Alpen. Helikopterflug von Sitterdorf aus","og_description":"\u00dcber die Alpen mit dem Helikopter von Flugplatz Sitterdorf aus. Dieser 90-min\u00fctige Flug f\u00fchrt Sie \u00fcber die Ostalpen der Schweiz.","og_url":"https:\/\/www.swissraft.ch\/de\/produkt\/helikopterflug-sitterdorf-ueber-die-alpen\/","og_site_name":"Swissraft","article_modified_time":"2024-12-10T23:16:14+00:00","og_image":[{"width":776,"height":776,"url":"https:\/\/www.swissraft.ch\/wp-content\/uploads\/2022\/12\/5-SITTERDORF-Grosser-Alpenrundflug-776x776-3.jpg","type":"image\/jpeg"}],"twitter_card":"summary_large_image","twitter_misc":{"Gesch\u00e4tzte Lesezeit":"1\u00a0Minute"},"schema":{"@context":"https:\/\/schema.org","@graph":[{"@type":"WebPage","@id":"https:\/\/www.swissraft.ch\/de\/produkt\/helikopterflug-sitterdorf-ueber-die-alpen\/","url":"https:\/\/www.swissraft.ch\/de\/produkt\/helikopterflug-sitterdorf-ueber-die-alpen\/","name":"\u00dcber die Alpen. Helikopterflug von Sitterdorf aus","isPartOf":{"@id":"https:\/\/www.swissraft.ch\/de\/#website"},"primaryImageOfPage":{"@id":"https:\/\/www.swissraft.ch\/de\/produkt\/helikopterflug-sitterdorf-ueber-die-alpen\/#primaryimage"},"image":{"@id":"https:\/\/www.swissraft.ch\/de\/produkt\/helikopterflug-sitterdorf-ueber-die-alpen\/#primaryimage"},"thumbnailUrl":"https:\/\/www.swissraft.ch\/wp-content\/uploads\/2022\/12\/5-SITTERDORF-Grosser-Alpenrundflug-776x776-3.jpg","datePublished":"2022-12-27T13:00:16+00:00","dateModified":"2024-12-10T23:16:14+00:00","description":"\u00dcber die Alpen mit dem Helikopter von Flugplatz Sitterdorf aus. Dieser 90-min\u00fctige Flug f\u00fchrt Sie \u00fcber die Ostalpen der Schweiz.","breadcrumb":{"@id":"https:\/\/www.swissraft.ch\/de\/produkt\/helikopterflug-sitterdorf-ueber-die-alpen\/#breadcrumb"},"inLanguage":"de","potentialAction":[{"@type":"ReadAction","target":["https:\/\/www.swissraft.ch\/de\/produkt\/helikopterflug-sitterdorf-ueber-die-alpen\/"]}]},{"@type":"ImageObject","inLanguage":"de","@id":"https:\/\/www.swissraft.ch\/de\/produkt\/helikopterflug-sitterdorf-ueber-die-alpen\/#primaryimage","url":"https:\/\/www.swissraft.ch\/wp-content\/uploads\/2022\/12\/5-SITTERDORF-Grosser-Alpenrundflug-776x776-3.jpg","contentUrl":"https:\/\/www.swissraft.ch\/wp-content\/uploads\/2022\/12\/5-SITTERDORF-Grosser-Alpenrundflug-776x776-3.jpg","width":776,"height":776,"caption":"Von Sitterdorf zu einem Hubschrauberflug \u00fcber die Alpen"},{"@type":"BreadcrumbList","@id":"https:\/\/www.swissraft.ch\/de\/produkt\/helikopterflug-sitterdorf-ueber-die-alpen\/#breadcrumb","itemListElement":[{"@type":"ListItem","position":1,"name":"Accueil","item":"https:\/\/www.swissraft.ch\/de\/"},{"@type":"ListItem","position":2,"name":"Shop","item":"https:\/\/www.swissraft.ch\/de\/shop\/"},{"@type":"ListItem","position":3,"name":"Helikopterflug ab SITTERDORF &#8211; \u00dcBER DIE ALPEN &#8211; 90 Min. &#8211; Ab CHF 690.00"}]},{"@type":"WebSite","@id":"https:\/\/www.swissraft.ch\/de\/#website","url":"https:\/\/www.swissraft.ch\/de\/","name":"Swissraft","description":"To enjoy nature as it is","publisher":{"@id":"https:\/\/www.swissraft.ch\/de\/#organization"},"potentialAction":[{"@type":"SearchAction","target":{"@type":"EntryPoint","urlTemplate":"https:\/\/www.swissraft.ch\/de\/?s={search_term_string}"},"query-input":{"@type":"PropertyValueSpecification","valueRequired":true,"valueName":"search_term_string"}}],"inLanguage":"de"},{"@type":"Organization","@id":"https:\/\/www.swissraft.ch\/de\/#organization","name":"Swissraft","url":"https:\/\/www.swissraft.ch\/de\/","logo":{"@type":"ImageObject","inLanguage":"de","@id":"https:\/\/www.swissraft.ch\/de\/#\/schema\/logo\/image\/","url":"https:\/\/www.swissraft.ch\/wp-content\/uploads\/2025\/09\/Capture.jpg","contentUrl":"https:\/\/www.swissraft.ch\/wp-content\/uploads\/2025\/09\/Capture.jpg","width":293,"height":108,"caption":"Swissraft"},"image":{"@id":"https:\/\/www.swissraft.ch\/de\/#\/schema\/logo\/image\/"}}]}},"_links":{"self":[{"href":"https:\/\/www.swissraft.ch\/de\/wp-json\/wp\/v2\/product\/91816","targetHints":{"allow":["GET"]}}],"collection":[{"href":"https:\/\/www.swissraft.ch\/de\/wp-json\/wp\/v2\/product"}],"about":[{"href":"https:\/\/www.swissraft.ch\/de\/wp-json\/wp\/v2\/types\/product"}],"replies":[{"embeddable":true,"href":"https:\/\/www.swissraft.ch\/de\/wp-json\/wp\/v2\/comments?post=91816"}],"version-history":[{"count":0,"href":"https:\/\/www.swissraft.ch\/de\/wp-json\/wp\/v2\/product\/91816\/revisions"}],"wp:featuredmedia":[{"embeddable":true,"href":"https:\/\/www.swissraft.ch\/de\/wp-json\/wp\/v2\/media\/87064"}],"wp:attachment":[{"href":"https:\/\/www.swissraft.ch\/de\/wp-json\/wp\/v2\/media?parent=91816"}],"wp:term":[{"taxonomy":"product_cat","embeddable":true,"href":"https:\/\/www.swissraft.ch\/de\/wp-json\/wp\/v2\/product_cat?post=91816"},{"taxonomy":"product_tag","embeddable":true,"href":"https:\/\/www.swissraft.ch\/de\/wp-json\/wp\/v2\/product_tag?post=91816"}],"curies":[{"name":"wp","href":"https:\/\/api.w.org\/{rel}","templated":true}]}}