{"id":91815,"date":"2022-12-27T14:56:44","date_gmt":"2022-12-27T13:56:44","guid":{"rendered":"https:\/\/swissraft.xyanzkdne.eu\/product\/hubschrauberflug-von-locarno-le-cervin-75-min-chf-2-670-00\/"},"modified":"2026-04-19T20:24:22","modified_gmt":"2026-04-19T18:24:22","slug":"locarno-rundflug-das-matterhorn","status":"publish","type":"product","link":"https:\/\/www.swissraft.ch\/de\/produkt\/locarno-rundflug-das-matterhorn\/","title":{"rendered":"Helikopterflug &#8211; Locarno &#8211; Das Matterhorn &#8211; 75 Min. &#8211; CHF 2&#8217;830.00"},"content":{"rendered":"\t\t<div data-elementor-type=\"wp-post\" data-elementor-id=\"91815\" class=\"elementor elementor-91815 elementor-30006\">\n\t\t\t\t\t\t\t\t\t<section class=\"elementor-section elementor-top-section elementor-element elementor-element-3303a7e3 elementor-section-boxed elementor-section-height-default elementor-section-height-default\" data-id=\"3303a7e3\" data-element_type=\"section\">\n\t\t\t\t\t\t<div class=\"elementor-container elementor-column-gap-default\">\n\t\t\t\t\t<div class=\"elementor-column elementor-col-100 elementor-top-column elementor-element elementor-element-16d72dbf\" data-id=\"16d72dbf\" data-element_type=\"column\">\n\t\t\t<div class=\"elementor-widget-wrap elementor-element-populated\">\n\t\t\t\t\t\t\t\t<div class=\"elementor-element elementor-element-d743c03 elementor-widget elementor-widget-text-editor\" data-id=\"d743c03\" data-element_type=\"widget\" data-widget_type=\"text-editor.default\">\n\t\t\t\t<div class=\"elementor-widget-container\">\n\t\t\t\t\t\t\t<h2>W\u00c4HLEN SIE UNTEN IHRE AKTIVIT\u00c4T AUS, UM GESCHENKGUTSCHEINE \/ TICKETS ZU VERSCHENKEN ODER ZU BUCHEN<\/h2><table border=\"0\" width=\"580\" cellspacing=\"10\" cellpadding=\"10\"><tbody><tr><td width=\"50%\"><strong>RUNDFLUG &#8211; DAS MATTERHORN &#8211; PRIVATFLUG (1-4 Pers.) &#8211; 75 Min.<\/strong><\/td><td><strong>CHF 2&#8217;830.00 pro Privatflug<span class=\"productPrice\"><br \/><\/span><\/strong><\/td><\/tr><tr><td>Zus\u00e4tzliche Informationen<\/td><td><span class=\"patt\">&#8211; Sie haben den Helikopter ausschlie\u00dflich f\u00fcr sich<br \/>&#8211; Sie bestimmen das Datum und die Uhrzeit des Abflugs<br \/>&#8211; Maximum 4 Pers.<\/span><\/td><\/tr><tr><td>Flugplatz<\/td><td><a href=\"https:\/\/www.google.com\/maps\/place\/46%C2%B009'51.6%22N+8%C2%B052'57.2%22E\/@46.1653551,8.8644715,3127m\/data=!3m1!1e3!4m12!1m7!3m6!1s0x4785cb3732ff3a03:0xc7688bd294b9853!2sSwiss+Helicopter+Engineering+AG!8m2!3d46.1629655!4d8.8826566!16s%2Fg%2F11j10rdxvw!3m3!8m2!3d46.1643333!4d8.8825556?entry=ttu\" target=\"_blank\" rel=\"noopener\">Locarno &#8211; Gordola<\/a><\/td><\/tr><tr><td>Flugzeit<\/td><td>75 Min.<\/td><\/tr><tr><td>Gesamtdauer<\/td><td>ca. 1:45 Std.<\/td><\/tr><tr><td>Termin<\/td><td>Per Telefon<\/td><\/tr><tr><td><button class=\"elementor-button\" type=\"button\"><a href=\"https:\/\/swissraft.outdoorbooking.ch\/fo\/products\/138?base_id=18&amp;category_id=6&amp;order_type=gift_voucher&amp;lang=de\" target=\"_blank\" rel=\"noopener\">GUTSCHEIN \/ TICKET KAUFEN<\/a><\/button><\/td><td><strong><em>WICHTIG !<\/em><\/strong><br \/><em>Um zu reservieren, rufen Sie die Nummer an, die sich oben links auf dem Gutschein \/ Ticket befindet.<\/em><\/td><\/tr><\/tbody><\/table>\t\t\t\t\t\t<\/div>\n\t\t\t\t<\/div>\n\t\t\t\t\t<\/div>\n\t\t<\/div>\n\t\t\t\t\t\t\t<\/div>\n\t\t<\/section>\n\t\t\t\t\t\t\t<\/div>\n\t\t","protected":false},"excerpt":{"rendered":"<div align=\"justify\">\n<h2 align=\"justify\">Von Locarno aus betreten Sie das Reich der Viertausender.<\/h2>\n<h3>Dieser 75-min\u00fctige Hubschrauberflug ins Wallis und zum Matterhorn ist eine Perle. Sie haben w\u00e4hrend des gesamten Fluges atemberaubende Panoramen.<\/h3>\n<\/div>\n<div align=\"justify\">\n<p>Unser Helikopter bringt Sie zu den wundersch\u00f6nen Bergen des Monte Rosa-Gebietes mit seinen unber\u00fchrten Landschaften. Diese Region ist noch unber\u00fchrt. Anschlie\u00dfend fahren wir nach Zermatt. Der H\u00f6hepunkt dieses Fluges wird der Flug \u00fcber die H\u00f6rnlih\u00fctte sein. Von hier aus haben Sie einen atemberaubenden Blick auf den ber\u00fchmtesten Gipfel der Schweiz : das Matterhorn. Auf dem R\u00fcckweg haben Sie noch einmal die Gelegenheit, die Berglandschaft bis zum Tessin zu entdecken. Dann geht es weiter entlang des Lago Maggiore, bevor wir wieder auf dem Flugplatz von Locarno-Magadino landen.<\/p>\n<h3>Auf der Swissraft-Website finden Sie mehr als 150 Hubschrauberrouten, die von zahlreichen Flugpl\u00e4tzen und Heliports aus starten.<\/h3>\n<p id=\"textarea\" style=\"display: none;\">\nVom Flugplatz Lodrino aus bieten wir auch Helikopterrundfl\u00fcge an. Aber auch Rundfl\u00fcge ab dem Heliport Samedan sind das ganze Jahr \u00fcber m\u00f6glich. Ebenso haben wir Fl\u00fcge von den Heliports in Untervaz, Flims und Tavanasa in Graub\u00fcnden. Aber auch Fl\u00fcge von Balzers nach Liechtenstein. Sowie im Kanton Thurgau vom Flugplatz Sitterdorf aus.<br \/>\nZum einen bieten wir Hubschrauberfl\u00fcge vom internationalen Flughafen Z\u00fcrich-Kloten an. Au\u00dferdem gibt es Fl\u00fcge vom internationalen Flughafen Bern-Belp. Ebenso starten wir vom Heliport Gstaad-Grund im Saanenland und vom Flugplatz Saanen. Sowie von den Heliports Lenk-Simmental, Schattenhalb-Meiringen, Interlaken-Gsteigwiler und Lauterbrunnen im Berner Oberland. Dar\u00fcber hinaus bieten wir auch Rundfl\u00fcge im Kanton Uri ab dem Heliport in Erstfeld und Pfaffnau im Kanton Luzern an. Au\u00dferdem starten wir vom Flughafen Sion und den Heliports Collombey und Gampel im Wallis. Au\u00dferdem starten wir vom Flugplatz \u00c9pagny im Greyerzerland im Kanton Freiburg. Danach fliegen wir vom Flugplatz Buttwil im Kanton Aargau. Au\u00dferdem gibt es Fl\u00fcge in den Kanton Solothurn vom Flugplatz Grenchen aus. Im Kanton Schwyz bieten wir auch Fl\u00fcge vom Heliport K\u00fcssnacht an.\n<\/p>\n<p><a id=\"seeMore\" onclick=\"toggleSeeMore()\" href=\"javascript:void(0);\">Lesen Sie mehr<\/a><\/p>\n","protected":false},"featured_media":86407,"comment_status":"open","ping_status":"closed","template":"","meta":{"inline_featured_image":false,"_mi_skip_tracking":false},"product_cat":[263,316],"product_tag":[],"class_list":["post-91815","product","type-product","status-publish","has-post-thumbnail","hentry","product_cat-helikopterflug-in-der-schweiz","product_cat-helikopterflug-rundflug-locarno-gordola"],"yoast_head":"<!-- This site is optimized with the Yoast SEO plugin v23.6 - https:\/\/yoast.com\/wordpress\/plugins\/seo\/ -->\n<title>Rundflug Matterhorn ab Locarno mit dem Helikopter<\/title>\n<meta name=\"description\" content=\"Rundflug Matterhorn von Locarno aus mit dem Helikopter. Dieser 75-min\u00fctige Flug ist au\u00dfergew\u00f6hnlich. Sie haben eine F\u00fclle von atemberaubenden Panoramen\" \/>\n<meta name=\"robots\" content=\"index, follow, max-snippet:-1, max-image-preview:large, max-video-preview:-1\" \/>\n<link rel=\"canonical\" href=\"https:\/\/www.swissraft.ch\/de\/produkt\/locarno-rundflug-das-matterhorn\/\" \/>\n<meta property=\"og:locale\" content=\"de_DE\" \/>\n<meta property=\"og:type\" content=\"article\" \/>\n<meta property=\"og:title\" content=\"Rundflug Matterhorn ab Locarno mit dem Helikopter\" \/>\n<meta property=\"og:description\" content=\"Rundflug Matterhorn von Locarno aus mit dem Helikopter. Dieser 75-min\u00fctige Flug ist au\u00dfergew\u00f6hnlich. Sie haben eine F\u00fclle von atemberaubenden Panoramen\" \/>\n<meta property=\"og:url\" content=\"https:\/\/www.swissraft.ch\/de\/produkt\/locarno-rundflug-das-matterhorn\/\" \/>\n<meta property=\"og:site_name\" content=\"Swissraft\" \/>\n<meta property=\"article:modified_time\" content=\"2026-04-19T18:24:22+00:00\" \/>\n<meta property=\"og:image\" content=\"https:\/\/www.swissraft.ch\/wp-content\/uploads\/2022\/12\/5-LOCARNO-Matterhorn-776x776-2.jpg\" \/>\n\t<meta property=\"og:image:width\" content=\"776\" \/>\n\t<meta property=\"og:image:height\" content=\"776\" \/>\n\t<meta property=\"og:image:type\" content=\"image\/jpeg\" \/>\n<meta name=\"twitter:card\" content=\"summary_large_image\" \/>\n<meta name=\"twitter:label1\" content=\"Gesch\u00e4tzte Lesezeit\" \/>\n\t<meta name=\"twitter:data1\" content=\"1\u00a0Minute\" \/>\n<script type=\"application\/ld+json\" class=\"yoast-schema-graph\">{\"@context\":\"https:\/\/schema.org\",\"@graph\":[{\"@type\":\"WebPage\",\"@id\":\"https:\/\/www.swissraft.ch\/de\/produkt\/locarno-rundflug-das-matterhorn\/\",\"url\":\"https:\/\/www.swissraft.ch\/de\/produkt\/locarno-rundflug-das-matterhorn\/\",\"name\":\"Rundflug Matterhorn ab Locarno mit dem Helikopter\",\"isPartOf\":{\"@id\":\"https:\/\/www.swissraft.ch\/de\/#website\"},\"primaryImageOfPage\":{\"@id\":\"https:\/\/www.swissraft.ch\/de\/produkt\/locarno-rundflug-das-matterhorn\/#primaryimage\"},\"image\":{\"@id\":\"https:\/\/www.swissraft.ch\/de\/produkt\/locarno-rundflug-das-matterhorn\/#primaryimage\"},\"thumbnailUrl\":\"https:\/\/www.swissraft.ch\/wp-content\/uploads\/2022\/12\/5-LOCARNO-Matterhorn-776x776-2.jpg\",\"datePublished\":\"2022-12-27T13:56:44+00:00\",\"dateModified\":\"2026-04-19T18:24:22+00:00\",\"description\":\"Rundflug Matterhorn von Locarno aus mit dem Helikopter. Dieser 75-min\u00fctige Flug ist au\u00dfergew\u00f6hnlich. Sie haben eine F\u00fclle von atemberaubenden Panoramen\",\"breadcrumb\":{\"@id\":\"https:\/\/www.swissraft.ch\/de\/produkt\/locarno-rundflug-das-matterhorn\/#breadcrumb\"},\"inLanguage\":\"de\",\"potentialAction\":[{\"@type\":\"ReadAction\",\"target\":[\"https:\/\/www.swissraft.ch\/de\/produkt\/locarno-rundflug-das-matterhorn\/\"]}]},{\"@type\":\"ImageObject\",\"inLanguage\":\"de\",\"@id\":\"https:\/\/www.swissraft.ch\/de\/produkt\/locarno-rundflug-das-matterhorn\/#primaryimage\",\"url\":\"https:\/\/www.swissraft.ch\/wp-content\/uploads\/2022\/12\/5-LOCARNO-Matterhorn-776x776-2.jpg\",\"contentUrl\":\"https:\/\/www.swissraft.ch\/wp-content\/uploads\/2022\/12\/5-LOCARNO-Matterhorn-776x776-2.jpg\",\"width\":776,\"height\":776,\"caption\":\"Matterhorn-Matterhorn von Locano aus mit dem Hubschrauber\"},{\"@type\":\"BreadcrumbList\",\"@id\":\"https:\/\/www.swissraft.ch\/de\/produkt\/locarno-rundflug-das-matterhorn\/#breadcrumb\",\"itemListElement\":[{\"@type\":\"ListItem\",\"position\":1,\"name\":\"Accueil\",\"item\":\"https:\/\/www.swissraft.ch\/de\/\"},{\"@type\":\"ListItem\",\"position\":2,\"name\":\"Shop\",\"item\":\"https:\/\/www.swissraft.ch\/de\/shop\/\"},{\"@type\":\"ListItem\",\"position\":3,\"name\":\"Helikopterflug &#8211; Locarno &#8211; Das Matterhorn &#8211; 75 Min. &#8211; CHF 2&rsquo;830.00\"}]},{\"@type\":\"WebSite\",\"@id\":\"https:\/\/www.swissraft.ch\/de\/#website\",\"url\":\"https:\/\/www.swissraft.ch\/de\/\",\"name\":\"Swissraft\",\"description\":\"To enjoy nature as it is\",\"publisher\":{\"@id\":\"https:\/\/www.swissraft.ch\/de\/#organization\"},\"potentialAction\":[{\"@type\":\"SearchAction\",\"target\":{\"@type\":\"EntryPoint\",\"urlTemplate\":\"https:\/\/www.swissraft.ch\/de\/?s={search_term_string}\"},\"query-input\":{\"@type\":\"PropertyValueSpecification\",\"valueRequired\":true,\"valueName\":\"search_term_string\"}}],\"inLanguage\":\"de\"},{\"@type\":\"Organization\",\"@id\":\"https:\/\/www.swissraft.ch\/de\/#organization\",\"name\":\"Swissraft\",\"url\":\"https:\/\/www.swissraft.ch\/de\/\",\"logo\":{\"@type\":\"ImageObject\",\"inLanguage\":\"de\",\"@id\":\"https:\/\/www.swissraft.ch\/de\/#\/schema\/logo\/image\/\",\"url\":\"https:\/\/www.swissraft.ch\/wp-content\/uploads\/2025\/09\/Capture.jpg\",\"contentUrl\":\"https:\/\/www.swissraft.ch\/wp-content\/uploads\/2025\/09\/Capture.jpg\",\"width\":293,\"height\":108,\"caption\":\"Swissraft\"},\"image\":{\"@id\":\"https:\/\/www.swissraft.ch\/de\/#\/schema\/logo\/image\/\"}}]}<\/script>\n<!-- \/ Yoast SEO plugin. -->","yoast_head_json":{"title":"Rundflug Matterhorn ab Locarno mit dem Helikopter","description":"Rundflug Matterhorn von Locarno aus mit dem Helikopter. Dieser 75-min\u00fctige Flug ist au\u00dfergew\u00f6hnlich. Sie haben eine F\u00fclle von atemberaubenden Panoramen","robots":{"index":"index","follow":"follow","max-snippet":"max-snippet:-1","max-image-preview":"max-image-preview:large","max-video-preview":"max-video-preview:-1"},"canonical":"https:\/\/www.swissraft.ch\/de\/produkt\/locarno-rundflug-das-matterhorn\/","og_locale":"de_DE","og_type":"article","og_title":"Rundflug Matterhorn ab Locarno mit dem Helikopter","og_description":"Rundflug Matterhorn von Locarno aus mit dem Helikopter. Dieser 75-min\u00fctige Flug ist au\u00dfergew\u00f6hnlich. Sie haben eine F\u00fclle von atemberaubenden Panoramen","og_url":"https:\/\/www.swissraft.ch\/de\/produkt\/locarno-rundflug-das-matterhorn\/","og_site_name":"Swissraft","article_modified_time":"2026-04-19T18:24:22+00:00","og_image":[{"width":776,"height":776,"url":"https:\/\/www.swissraft.ch\/wp-content\/uploads\/2022\/12\/5-LOCARNO-Matterhorn-776x776-2.jpg","type":"image\/jpeg"}],"twitter_card":"summary_large_image","twitter_misc":{"Gesch\u00e4tzte Lesezeit":"1\u00a0Minute"},"schema":{"@context":"https:\/\/schema.org","@graph":[{"@type":"WebPage","@id":"https:\/\/www.swissraft.ch\/de\/produkt\/locarno-rundflug-das-matterhorn\/","url":"https:\/\/www.swissraft.ch\/de\/produkt\/locarno-rundflug-das-matterhorn\/","name":"Rundflug Matterhorn ab Locarno mit dem Helikopter","isPartOf":{"@id":"https:\/\/www.swissraft.ch\/de\/#website"},"primaryImageOfPage":{"@id":"https:\/\/www.swissraft.ch\/de\/produkt\/locarno-rundflug-das-matterhorn\/#primaryimage"},"image":{"@id":"https:\/\/www.swissraft.ch\/de\/produkt\/locarno-rundflug-das-matterhorn\/#primaryimage"},"thumbnailUrl":"https:\/\/www.swissraft.ch\/wp-content\/uploads\/2022\/12\/5-LOCARNO-Matterhorn-776x776-2.jpg","datePublished":"2022-12-27T13:56:44+00:00","dateModified":"2026-04-19T18:24:22+00:00","description":"Rundflug Matterhorn von Locarno aus mit dem Helikopter. Dieser 75-min\u00fctige Flug ist au\u00dfergew\u00f6hnlich. Sie haben eine F\u00fclle von atemberaubenden Panoramen","breadcrumb":{"@id":"https:\/\/www.swissraft.ch\/de\/produkt\/locarno-rundflug-das-matterhorn\/#breadcrumb"},"inLanguage":"de","potentialAction":[{"@type":"ReadAction","target":["https:\/\/www.swissraft.ch\/de\/produkt\/locarno-rundflug-das-matterhorn\/"]}]},{"@type":"ImageObject","inLanguage":"de","@id":"https:\/\/www.swissraft.ch\/de\/produkt\/locarno-rundflug-das-matterhorn\/#primaryimage","url":"https:\/\/www.swissraft.ch\/wp-content\/uploads\/2022\/12\/5-LOCARNO-Matterhorn-776x776-2.jpg","contentUrl":"https:\/\/www.swissraft.ch\/wp-content\/uploads\/2022\/12\/5-LOCARNO-Matterhorn-776x776-2.jpg","width":776,"height":776,"caption":"Matterhorn-Matterhorn von Locano aus mit dem Hubschrauber"},{"@type":"BreadcrumbList","@id":"https:\/\/www.swissraft.ch\/de\/produkt\/locarno-rundflug-das-matterhorn\/#breadcrumb","itemListElement":[{"@type":"ListItem","position":1,"name":"Accueil","item":"https:\/\/www.swissraft.ch\/de\/"},{"@type":"ListItem","position":2,"name":"Shop","item":"https:\/\/www.swissraft.ch\/de\/shop\/"},{"@type":"ListItem","position":3,"name":"Helikopterflug &#8211; Locarno &#8211; Das Matterhorn &#8211; 75 Min. &#8211; CHF 2&rsquo;830.00"}]},{"@type":"WebSite","@id":"https:\/\/www.swissraft.ch\/de\/#website","url":"https:\/\/www.swissraft.ch\/de\/","name":"Swissraft","description":"To enjoy nature as it is","publisher":{"@id":"https:\/\/www.swissraft.ch\/de\/#organization"},"potentialAction":[{"@type":"SearchAction","target":{"@type":"EntryPoint","urlTemplate":"https:\/\/www.swissraft.ch\/de\/?s={search_term_string}"},"query-input":{"@type":"PropertyValueSpecification","valueRequired":true,"valueName":"search_term_string"}}],"inLanguage":"de"},{"@type":"Organization","@id":"https:\/\/www.swissraft.ch\/de\/#organization","name":"Swissraft","url":"https:\/\/www.swissraft.ch\/de\/","logo":{"@type":"ImageObject","inLanguage":"de","@id":"https:\/\/www.swissraft.ch\/de\/#\/schema\/logo\/image\/","url":"https:\/\/www.swissraft.ch\/wp-content\/uploads\/2025\/09\/Capture.jpg","contentUrl":"https:\/\/www.swissraft.ch\/wp-content\/uploads\/2025\/09\/Capture.jpg","width":293,"height":108,"caption":"Swissraft"},"image":{"@id":"https:\/\/www.swissraft.ch\/de\/#\/schema\/logo\/image\/"}}]}},"_links":{"self":[{"href":"https:\/\/www.swissraft.ch\/de\/wp-json\/wp\/v2\/product\/91815","targetHints":{"allow":["GET"]}}],"collection":[{"href":"https:\/\/www.swissraft.ch\/de\/wp-json\/wp\/v2\/product"}],"about":[{"href":"https:\/\/www.swissraft.ch\/de\/wp-json\/wp\/v2\/types\/product"}],"replies":[{"embeddable":true,"href":"https:\/\/www.swissraft.ch\/de\/wp-json\/wp\/v2\/comments?post=91815"}],"version-history":[{"count":18,"href":"https:\/\/www.swissraft.ch\/de\/wp-json\/wp\/v2\/product\/91815\/revisions"}],"predecessor-version":[{"id":141214,"href":"https:\/\/www.swissraft.ch\/de\/wp-json\/wp\/v2\/product\/91815\/revisions\/141214"}],"wp:featuredmedia":[{"embeddable":true,"href":"https:\/\/www.swissraft.ch\/de\/wp-json\/wp\/v2\/media\/86407"}],"wp:attachment":[{"href":"https:\/\/www.swissraft.ch\/de\/wp-json\/wp\/v2\/media?parent=91815"}],"wp:term":[{"taxonomy":"product_cat","embeddable":true,"href":"https:\/\/www.swissraft.ch\/de\/wp-json\/wp\/v2\/product_cat?post=91815"},{"taxonomy":"product_tag","embeddable":true,"href":"https:\/\/www.swissraft.ch\/de\/wp-json\/wp\/v2\/product_tag?post=91815"}],"curies":[{"name":"wp","href":"https:\/\/api.w.org\/{rel}","templated":true}]}}