{"id":91812,"date":"2022-12-27T13:39:35","date_gmt":"2022-12-27T12:39:35","guid":{"rendered":"https:\/\/swissraft.xyanzkdne.eu\/product\/helikopterflug-von-sitterdorf-position-auf-eis-70-min-ab-chf-610-00\/"},"modified":"2026-04-24T05:10:36","modified_gmt":"2026-04-24T03:10:36","slug":"sitterdorf-rundflug-landung-huefigletscher","status":"publish","type":"product","link":"https:\/\/www.swissraft.ch\/de\/produkt\/sitterdorf-rundflug-landung-huefigletscher\/","title":{"rendered":"Helikopterflug &#8211; Sitterdorf &#8211; Gletscherlandung &#8211; 70 Min. &#8211; Ab CHF 610.00"},"content":{"rendered":"\t\t<div data-elementor-type=\"wp-post\" data-elementor-id=\"91812\" class=\"elementor elementor-91812 elementor-29975\">\n\t\t\t\t\t\t\t\t\t<section class=\"elementor-section elementor-top-section elementor-element elementor-element-3303a7e3 elementor-section-boxed elementor-section-height-default elementor-section-height-default\" data-id=\"3303a7e3\" data-element_type=\"section\">\n\t\t\t\t\t\t<div class=\"elementor-container elementor-column-gap-default\">\n\t\t\t\t\t<div class=\"elementor-column elementor-col-100 elementor-top-column elementor-element elementor-element-16d72dbf\" data-id=\"16d72dbf\" data-element_type=\"column\">\n\t\t\t<div class=\"elementor-widget-wrap elementor-element-populated\">\n\t\t\t\t\t\t\t\t<div class=\"elementor-element elementor-element-d743c03 elementor-widget elementor-widget-text-editor\" data-id=\"d743c03\" data-element_type=\"widget\" data-widget_type=\"text-editor.default\">\n\t\t\t\t<div class=\"elementor-widget-container\">\n\t\t\t\t\t\t\t<h2>W\u00c4HLEN SIE UNTEN IHRE AKTIVIT\u00c4T AUS, UM GESCHENKGUTSCHEINE \/ TICKETS ZU VERSCHENKEN ODER ZU BUCHEN<\/h2><table border=\"0\" width=\"580\" cellspacing=\"10\" cellpadding=\"10\"><tbody><tr><td width=\"50%\"><strong>RUNDFLUG &#8211; LANDUNG AUF DEM H\u00dcFIGLETSCHER (1-4 Pers.) &#8211; 70 Min.<\/strong><\/td><td><strong>CHF 610.00 pro Person<span class=\"productPrice\"><br \/><\/span><\/strong><\/td><\/tr><tr><td>Zus\u00e4tzliche Informationen<\/td><td>&#8211; Sie werden mit anderen Passagieren zusammen sein<br \/>&#8211; Maximum 4 pers.<\/td><\/tr><tr><td>Flugplatz<\/td><td><a href=\"https:\/\/www.google.com\/maps\/place\/47%C2%B030'37.4%22N+9%C2%B015'44.9%22E\/@47.5107092,9.2532447,1525m\/data=!3m1!1e3!4m4!3m3!8m2!3d47.5103889!4d9.2624722?entry=ttu\" target=\"_blank\" rel=\"noopener\">Sitterdorf<\/a><\/td><\/tr><tr><td>Flugzeit<\/td><td>70 Min.<\/td><\/tr><tr><td>Gesamtdauer<\/td><td>ca. 2 Std.<\/td><\/tr><tr><td>Termin<\/td><td>Per Telefon<\/td><\/tr><tr><td><button class=\"elementor-button\" type=\"button\"><a href=\"https:\/\/swissraft.outdoorbooking.ch\/fo\/products\/886?base_id=171&amp;category_id=6&amp;order_type=gift_voucher&amp;lang=de\" target=\"_blank\" rel=\"noopener\">GUTSCHEIN \/ TICKET KAUFEN<\/a><\/button><\/td><td><strong>CHF 610.00<\/strong>\/Pers.<\/td><\/tr><tr><td><a href=\"https:\/\/swissraft.outdoorbooking.ch\/fo\/products\/887?base_id=179&amp;category_id=6&amp;order_type=gift_voucher&amp;lang=de\" target=\"_blank\" rel=\"noopener\"><button class=\"elementor-button\" type=\"button\">GUTSCHEIN \/ TICKET KAUFEN<\/button><\/a><\/td><td><strong>CHF 1&#8217;940.00 &#8211; Privatflug (1-4 Pers.)<\/strong><\/td><\/tr><tr><td>\u00a0<\/td><td><strong><em>WICHTIG !<\/em><\/strong><br \/><em>Um zu reservieren, rufen Sie die Nummer an, die sich oben links auf dem Gutschein \/ Ticket befindet.<\/em><\/td><\/tr><\/tbody><\/table>\t\t\t\t\t\t<\/div>\n\t\t\t\t<\/div>\n\t\t\t\t\t<\/div>\n\t\t<\/div>\n\t\t\t\t\t\t\t<\/div>\n\t\t<\/section>\n\t\t\t\t\t\t\t<\/div>\n\t\t","protected":false},"excerpt":{"rendered":"<div align=\"justify\">\n<h2 align=\"justify\">70-min\u00fctiger gro\u00dfer Helikopterflug von Sitterdorf aus mit Zwischenlandung auf dem H\u00fcfi-Claridenfirn.<\/h2>\n<h3>Entdecken Sie vom Flugplatz Sitterdorf aus die Ostschweizer Region Toggenburg, die Glarner Alpen. Erleben Sie den Nervenkitzel einer Landung auf einem Gletscher in \u00fcber 3000 m H\u00f6he.<\/h3>\n<\/div>\n<p>Der Flug startet in Sitterdorf in Richtung Appenzell, dann fliegen Sie \u00fcber die Churfirsten in Richtung Glarnerland. Der H\u00f6hepunkt ist die Landung auf dem H\u00fcfi-Claridenfirn-Gletscher auf \u00fcber 3000 m H\u00f6he, der zwischen dem Klausenpass und dem T\u00f6di liegt. Nach einer Pause im Schnee und einer herrlichen Aussicht auf die Berge geht der Flug weiter, bevor wir zum Flugplatz Sitterdorf zur\u00fcckkehren.<\/p>\n<h3>26 Heliports und Flugpl\u00e4tze bietet Ihnen Swissraft f\u00fcr einen Hubschrauberrundflug \u00fcber die Schweiz an.<\/h3>\n<p id=\"textarea\" style=\"display: none;\">\nZum einen starten wir von Liechtenstein aus vom Heliport Balzers. Andererseits von Samedan, wo wir das ganze Jahr \u00fcber Fl\u00fcge anbieten, und von St. Moritz im Engadin nur im Winter. Aber auch von den Heliports Tavanasa, Flims und Untervaz in Graub\u00fcnden und der Surselva. Au\u00dferdem bieten wir Helikopterrundfl\u00fcge von den Flugpl\u00e4tzen Locarno und Lodrino im Tessin an. Aber wir haben auch Fl\u00fcge ins Wallis vom Flughafen Sitten und den Heliports Collombey und Gampel aus. Ebenso starten wir vom Flugplatz \u00c9pagny im Greyerzerland im Kanton Freiburg. Au\u00dferdem haben wir Fl\u00fcge in den Kanton Luzern von Pfaffnau und von Erstfeld im Kanton Uri. Aber wir starten auch vom Heliport Gstaad-Grund und vom Flugplatz Saanen. Sowie die Heliports in Lauterbrunnen, Schattenhalb-Meiringen, Lenk-Simmental und Interlaken-Gsteigwiler im Berner Oberland. Au\u00dferdem bieten wir Rundreisen von den internationalen Flugh\u00e4fen Z\u00fcrich-Kloten und Bern-Belp an. Dar\u00fcber hinaus bieten wir Helikopterrundfl\u00fcge ab dem Flugplatz Buttwil im Kanton Aargau an. Au\u00dferdem gibt es Rundreisen im Kanton Schwyz nach K\u00fcssnacht und ab Grenchen im Kanton Solothurn.\n<\/p>\n<p><a id=\"seeMore\" onclick=\"toggleSeeMore()\" href=\"javascript:void(0);\">Lesen Sie mehr<\/a><\/p>\n","protected":false},"featured_media":87052,"comment_status":"open","ping_status":"closed","template":"","meta":{"inline_featured_image":false,"_mi_skip_tracking":false},"product_cat":[263,319],"product_tag":[],"class_list":["post-91812","product","type-product","status-publish","has-post-thumbnail","hentry","product_cat-helikopterflug-in-der-schweiz","product_cat-helikopterflug-rundflug-sitterdorf"],"yoast_head":"<!-- This site is optimized with the Yoast SEO plugin v23.6 - https:\/\/yoast.com\/wordpress\/plugins\/seo\/ -->\n<title>Rundflug Landung Huefigletscher mit dem Helikopter<\/title>\n<meta name=\"description\" content=\"Rundflug Landung Huefigletscher mit dem Helikopter. Der 70-min\u00fctige Flug beinhaltet eine Zwischenlandung auf einem Gletscher in \u00fcber 3000 m H\u00f6he\" \/>\n<meta name=\"robots\" content=\"index, follow, max-snippet:-1, max-image-preview:large, max-video-preview:-1\" \/>\n<link rel=\"canonical\" href=\"https:\/\/www.swissraft.ch\/de\/produkt\/sitterdorf-rundflug-landung-huefigletscher\/\" \/>\n<meta property=\"og:locale\" content=\"de_DE\" \/>\n<meta property=\"og:type\" content=\"article\" \/>\n<meta property=\"og:title\" content=\"Rundflug Landung Huefigletscher mit dem Helikopter\" \/>\n<meta property=\"og:description\" content=\"Rundflug Landung Huefigletscher mit dem Helikopter. Der 70-min\u00fctige Flug beinhaltet eine Zwischenlandung auf einem Gletscher in \u00fcber 3000 m H\u00f6he\" \/>\n<meta property=\"og:url\" content=\"https:\/\/www.swissraft.ch\/de\/produkt\/sitterdorf-rundflug-landung-huefigletscher\/\" \/>\n<meta property=\"og:site_name\" content=\"Swissraft\" \/>\n<meta property=\"article:modified_time\" content=\"2026-04-24T03:10:36+00:00\" \/>\n<meta property=\"og:image\" content=\"https:\/\/www.swissraft.ch\/wp-content\/uploads\/2022\/12\/4-SITTERDORF-Gletscherlandung-776x776-1.jpg\" \/>\n\t<meta property=\"og:image:width\" content=\"776\" \/>\n\t<meta property=\"og:image:height\" content=\"776\" \/>\n\t<meta property=\"og:image:type\" content=\"image\/jpeg\" \/>\n<meta name=\"twitter:card\" content=\"summary_large_image\" \/>\n<meta name=\"twitter:label1\" content=\"Gesch\u00e4tzte Lesezeit\" \/>\n\t<meta name=\"twitter:data1\" content=\"1\u00a0Minute\" \/>\n<script type=\"application\/ld+json\" class=\"yoast-schema-graph\">{\"@context\":\"https:\/\/schema.org\",\"@graph\":[{\"@type\":\"WebPage\",\"@id\":\"https:\/\/www.swissraft.ch\/de\/produkt\/sitterdorf-rundflug-landung-huefigletscher\/\",\"url\":\"https:\/\/www.swissraft.ch\/de\/produkt\/sitterdorf-rundflug-landung-huefigletscher\/\",\"name\":\"Rundflug Landung Huefigletscher mit dem Helikopter\",\"isPartOf\":{\"@id\":\"https:\/\/www.swissraft.ch\/de\/#website\"},\"primaryImageOfPage\":{\"@id\":\"https:\/\/www.swissraft.ch\/de\/produkt\/sitterdorf-rundflug-landung-huefigletscher\/#primaryimage\"},\"image\":{\"@id\":\"https:\/\/www.swissraft.ch\/de\/produkt\/sitterdorf-rundflug-landung-huefigletscher\/#primaryimage\"},\"thumbnailUrl\":\"https:\/\/www.swissraft.ch\/wp-content\/uploads\/2022\/12\/4-SITTERDORF-Gletscherlandung-776x776-1.jpg\",\"datePublished\":\"2022-12-27T12:39:35+00:00\",\"dateModified\":\"2026-04-24T03:10:36+00:00\",\"description\":\"Rundflug Landung Huefigletscher mit dem Helikopter. Der 70-min\u00fctige Flug beinhaltet eine Zwischenlandung auf einem Gletscher in \u00fcber 3000 m H\u00f6he\",\"breadcrumb\":{\"@id\":\"https:\/\/www.swissraft.ch\/de\/produkt\/sitterdorf-rundflug-landung-huefigletscher\/#breadcrumb\"},\"inLanguage\":\"de\",\"potentialAction\":[{\"@type\":\"ReadAction\",\"target\":[\"https:\/\/www.swissraft.ch\/de\/produkt\/sitterdorf-rundflug-landung-huefigletscher\/\"]}]},{\"@type\":\"ImageObject\",\"inLanguage\":\"de\",\"@id\":\"https:\/\/www.swissraft.ch\/de\/produkt\/sitterdorf-rundflug-landung-huefigletscher\/#primaryimage\",\"url\":\"https:\/\/www.swissraft.ch\/wp-content\/uploads\/2022\/12\/4-SITTERDORF-Gletscherlandung-776x776-1.jpg\",\"contentUrl\":\"https:\/\/www.swissraft.ch\/wp-content\/uploads\/2022\/12\/4-SITTERDORF-Gletscherlandung-776x776-1.jpg\",\"width\":776,\"height\":776,\"caption\":\"Rundflug Landung Huefigletscher mit einem helikopter ab Sitterdorf\"},{\"@type\":\"BreadcrumbList\",\"@id\":\"https:\/\/www.swissraft.ch\/de\/produkt\/sitterdorf-rundflug-landung-huefigletscher\/#breadcrumb\",\"itemListElement\":[{\"@type\":\"ListItem\",\"position\":1,\"name\":\"Accueil\",\"item\":\"https:\/\/www.swissraft.ch\/de\/\"},{\"@type\":\"ListItem\",\"position\":2,\"name\":\"Shop\",\"item\":\"https:\/\/www.swissraft.ch\/de\/shop\/\"},{\"@type\":\"ListItem\",\"position\":3,\"name\":\"Helikopterflug &#8211; Sitterdorf &#8211; Gletscherlandung &#8211; 70 Min. &#8211; Ab CHF 610.00\"}]},{\"@type\":\"WebSite\",\"@id\":\"https:\/\/www.swissraft.ch\/de\/#website\",\"url\":\"https:\/\/www.swissraft.ch\/de\/\",\"name\":\"Swissraft\",\"description\":\"To enjoy nature as it is\",\"publisher\":{\"@id\":\"https:\/\/www.swissraft.ch\/de\/#organization\"},\"potentialAction\":[{\"@type\":\"SearchAction\",\"target\":{\"@type\":\"EntryPoint\",\"urlTemplate\":\"https:\/\/www.swissraft.ch\/de\/?s={search_term_string}\"},\"query-input\":{\"@type\":\"PropertyValueSpecification\",\"valueRequired\":true,\"valueName\":\"search_term_string\"}}],\"inLanguage\":\"de\"},{\"@type\":\"Organization\",\"@id\":\"https:\/\/www.swissraft.ch\/de\/#organization\",\"name\":\"Swissraft\",\"url\":\"https:\/\/www.swissraft.ch\/de\/\",\"logo\":{\"@type\":\"ImageObject\",\"inLanguage\":\"de\",\"@id\":\"https:\/\/www.swissraft.ch\/de\/#\/schema\/logo\/image\/\",\"url\":\"https:\/\/www.swissraft.ch\/wp-content\/uploads\/2025\/09\/Capture.jpg\",\"contentUrl\":\"https:\/\/www.swissraft.ch\/wp-content\/uploads\/2025\/09\/Capture.jpg\",\"width\":293,\"height\":108,\"caption\":\"Swissraft\"},\"image\":{\"@id\":\"https:\/\/www.swissraft.ch\/de\/#\/schema\/logo\/image\/\"}}]}<\/script>\n<!-- \/ Yoast SEO plugin. -->","yoast_head_json":{"title":"Rundflug Landung Huefigletscher mit dem Helikopter","description":"Rundflug Landung Huefigletscher mit dem Helikopter. Der 70-min\u00fctige Flug beinhaltet eine Zwischenlandung auf einem Gletscher in \u00fcber 3000 m H\u00f6he","robots":{"index":"index","follow":"follow","max-snippet":"max-snippet:-1","max-image-preview":"max-image-preview:large","max-video-preview":"max-video-preview:-1"},"canonical":"https:\/\/www.swissraft.ch\/de\/produkt\/sitterdorf-rundflug-landung-huefigletscher\/","og_locale":"de_DE","og_type":"article","og_title":"Rundflug Landung Huefigletscher mit dem Helikopter","og_description":"Rundflug Landung Huefigletscher mit dem Helikopter. Der 70-min\u00fctige Flug beinhaltet eine Zwischenlandung auf einem Gletscher in \u00fcber 3000 m H\u00f6he","og_url":"https:\/\/www.swissraft.ch\/de\/produkt\/sitterdorf-rundflug-landung-huefigletscher\/","og_site_name":"Swissraft","article_modified_time":"2026-04-24T03:10:36+00:00","og_image":[{"width":776,"height":776,"url":"https:\/\/www.swissraft.ch\/wp-content\/uploads\/2022\/12\/4-SITTERDORF-Gletscherlandung-776x776-1.jpg","type":"image\/jpeg"}],"twitter_card":"summary_large_image","twitter_misc":{"Gesch\u00e4tzte Lesezeit":"1\u00a0Minute"},"schema":{"@context":"https:\/\/schema.org","@graph":[{"@type":"WebPage","@id":"https:\/\/www.swissraft.ch\/de\/produkt\/sitterdorf-rundflug-landung-huefigletscher\/","url":"https:\/\/www.swissraft.ch\/de\/produkt\/sitterdorf-rundflug-landung-huefigletscher\/","name":"Rundflug Landung Huefigletscher mit dem Helikopter","isPartOf":{"@id":"https:\/\/www.swissraft.ch\/de\/#website"},"primaryImageOfPage":{"@id":"https:\/\/www.swissraft.ch\/de\/produkt\/sitterdorf-rundflug-landung-huefigletscher\/#primaryimage"},"image":{"@id":"https:\/\/www.swissraft.ch\/de\/produkt\/sitterdorf-rundflug-landung-huefigletscher\/#primaryimage"},"thumbnailUrl":"https:\/\/www.swissraft.ch\/wp-content\/uploads\/2022\/12\/4-SITTERDORF-Gletscherlandung-776x776-1.jpg","datePublished":"2022-12-27T12:39:35+00:00","dateModified":"2026-04-24T03:10:36+00:00","description":"Rundflug Landung Huefigletscher mit dem Helikopter. Der 70-min\u00fctige Flug beinhaltet eine Zwischenlandung auf einem Gletscher in \u00fcber 3000 m H\u00f6he","breadcrumb":{"@id":"https:\/\/www.swissraft.ch\/de\/produkt\/sitterdorf-rundflug-landung-huefigletscher\/#breadcrumb"},"inLanguage":"de","potentialAction":[{"@type":"ReadAction","target":["https:\/\/www.swissraft.ch\/de\/produkt\/sitterdorf-rundflug-landung-huefigletscher\/"]}]},{"@type":"ImageObject","inLanguage":"de","@id":"https:\/\/www.swissraft.ch\/de\/produkt\/sitterdorf-rundflug-landung-huefigletscher\/#primaryimage","url":"https:\/\/www.swissraft.ch\/wp-content\/uploads\/2022\/12\/4-SITTERDORF-Gletscherlandung-776x776-1.jpg","contentUrl":"https:\/\/www.swissraft.ch\/wp-content\/uploads\/2022\/12\/4-SITTERDORF-Gletscherlandung-776x776-1.jpg","width":776,"height":776,"caption":"Rundflug Landung Huefigletscher mit einem helikopter ab Sitterdorf"},{"@type":"BreadcrumbList","@id":"https:\/\/www.swissraft.ch\/de\/produkt\/sitterdorf-rundflug-landung-huefigletscher\/#breadcrumb","itemListElement":[{"@type":"ListItem","position":1,"name":"Accueil","item":"https:\/\/www.swissraft.ch\/de\/"},{"@type":"ListItem","position":2,"name":"Shop","item":"https:\/\/www.swissraft.ch\/de\/shop\/"},{"@type":"ListItem","position":3,"name":"Helikopterflug &#8211; Sitterdorf &#8211; Gletscherlandung &#8211; 70 Min. &#8211; Ab CHF 610.00"}]},{"@type":"WebSite","@id":"https:\/\/www.swissraft.ch\/de\/#website","url":"https:\/\/www.swissraft.ch\/de\/","name":"Swissraft","description":"To enjoy nature as it is","publisher":{"@id":"https:\/\/www.swissraft.ch\/de\/#organization"},"potentialAction":[{"@type":"SearchAction","target":{"@type":"EntryPoint","urlTemplate":"https:\/\/www.swissraft.ch\/de\/?s={search_term_string}"},"query-input":{"@type":"PropertyValueSpecification","valueRequired":true,"valueName":"search_term_string"}}],"inLanguage":"de"},{"@type":"Organization","@id":"https:\/\/www.swissraft.ch\/de\/#organization","name":"Swissraft","url":"https:\/\/www.swissraft.ch\/de\/","logo":{"@type":"ImageObject","inLanguage":"de","@id":"https:\/\/www.swissraft.ch\/de\/#\/schema\/logo\/image\/","url":"https:\/\/www.swissraft.ch\/wp-content\/uploads\/2025\/09\/Capture.jpg","contentUrl":"https:\/\/www.swissraft.ch\/wp-content\/uploads\/2025\/09\/Capture.jpg","width":293,"height":108,"caption":"Swissraft"},"image":{"@id":"https:\/\/www.swissraft.ch\/de\/#\/schema\/logo\/image\/"}}]}},"_links":{"self":[{"href":"https:\/\/www.swissraft.ch\/de\/wp-json\/wp\/v2\/product\/91812","targetHints":{"allow":["GET"]}}],"collection":[{"href":"https:\/\/www.swissraft.ch\/de\/wp-json\/wp\/v2\/product"}],"about":[{"href":"https:\/\/www.swissraft.ch\/de\/wp-json\/wp\/v2\/types\/product"}],"replies":[{"embeddable":true,"href":"https:\/\/www.swissraft.ch\/de\/wp-json\/wp\/v2\/comments?post=91812"}],"version-history":[{"count":10,"href":"https:\/\/www.swissraft.ch\/de\/wp-json\/wp\/v2\/product\/91812\/revisions"}],"predecessor-version":[{"id":141691,"href":"https:\/\/www.swissraft.ch\/de\/wp-json\/wp\/v2\/product\/91812\/revisions\/141691"}],"wp:featuredmedia":[{"embeddable":true,"href":"https:\/\/www.swissraft.ch\/de\/wp-json\/wp\/v2\/media\/87052"}],"wp:attachment":[{"href":"https:\/\/www.swissraft.ch\/de\/wp-json\/wp\/v2\/media?parent=91812"}],"wp:term":[{"taxonomy":"product_cat","embeddable":true,"href":"https:\/\/www.swissraft.ch\/de\/wp-json\/wp\/v2\/product_cat?post=91812"},{"taxonomy":"product_tag","embeddable":true,"href":"https:\/\/www.swissraft.ch\/de\/wp-json\/wp\/v2\/product_tag?post=91812"}],"curies":[{"name":"wp","href":"https:\/\/api.w.org\/{rel}","templated":true}]}}