{"id":91807,"date":"2022-12-23T22:15:59","date_gmt":"2022-12-23T21:15:59","guid":{"rendered":"https:\/\/swissraft.xyanzkdne.eu\/product\/hubschrauberflug-von-granges-flug-ueber-die-drei-seen-45-min-ab-chf-440-00\/"},"modified":"2026-04-18T23:56:24","modified_gmt":"2026-04-18T21:56:24","slug":"grenchen-rundflug-die-drei-seen","status":"publish","type":"product","link":"https:\/\/www.swissraft.ch\/de\/produkt\/grenchen-rundflug-die-drei-seen\/","title":{"rendered":"Helikoperflug &#8211; Grenchen &#8211; Flug \u00fcber die drei Seen &#8211; 45 Min. &#8211; CHF 1&#8217;216.00"},"content":{"rendered":"\t\t<div data-elementor-type=\"wp-post\" data-elementor-id=\"91807\" class=\"elementor elementor-91807 elementor-29883\">\n\t\t\t\t\t\t\t\t\t<section class=\"elementor-section elementor-top-section elementor-element elementor-element-3303a7e3 elementor-section-boxed elementor-section-height-default elementor-section-height-default\" data-id=\"3303a7e3\" data-element_type=\"section\">\n\t\t\t\t\t\t<div class=\"elementor-container elementor-column-gap-default\">\n\t\t\t\t\t<div class=\"elementor-column elementor-col-100 elementor-top-column elementor-element elementor-element-16d72dbf\" data-id=\"16d72dbf\" data-element_type=\"column\">\n\t\t\t<div class=\"elementor-widget-wrap elementor-element-populated\">\n\t\t\t\t\t\t\t\t<div class=\"elementor-element elementor-element-d743c03 elementor-widget elementor-widget-text-editor\" data-id=\"d743c03\" data-element_type=\"widget\" data-widget_type=\"text-editor.default\">\n\t\t\t\t<div class=\"elementor-widget-container\">\n\t\t\t\t\t\t\t<h2>W\u00c4HLEN SIE UNTEN IHRE AKTIVIT\u00c4T AUS, UM GESCHENKGUTSCHEINE \/ TICKETS ZU VERSCHENKEN ODER ZU BUCHEN<\/h2><table border=\"0\" width=\"580\" cellspacing=\"10\" cellpadding=\"10\"><tbody><tr><td width=\"50%\"><strong>RUNDFLUG &#8211; \u00dcBER DIE DREI SEEN (1-3 pax) &#8211; 45 min.<\/strong><\/td><td><strong>CHF 1&#8217;216.00 pro Privatflug<span class=\"productPrice\"><br \/><\/span><\/strong><\/td><\/tr><tr><td>Zus\u00e4tzliche Informationen<\/td><td>&#8211; Sie haben den helikopter exklusiv f\u00fcr sich<br \/>&#8211; Sie bestimmen das Datum und die Uhrzeit des Abflugs<br \/>&#8211; Maximum 3 Pers.<\/td><\/tr><tr><td>Flugplatz<\/td><td><a href=\"https:\/\/www.google.com\/maps\/place\/47%C2%B010'58.8%22N+7%C2%B024'45.2%22E\/@47.1842958,7.3756682,6136m\/data=!3m1!1e3!4m4!3m3!8m2!3d47.183!4d7.4125556?entry=ttu\" target=\"_blank\" rel=\"noopener\">Grenchen<\/a><\/td><\/tr><tr><td>Flugzeit<\/td><td>45 Min.<\/td><\/tr><tr><td>Gesamtdauer<\/td><td>ca. 1 Std.<\/td><\/tr><tr><td>Termin<\/td><td>Per Telefon<\/td><\/tr><tr><td><button class=\"elementor-button\" type=\"button\"><a href=\"https:\/\/swissraft.outdoorbooking.ch\/fo\/products\/1387?base_id=207&amp;category_id=6&amp;order_type=gift_voucher&amp;lang=fr\" target=\"_blank\" rel=\"noopener\">GUTSCHEIN \/ TICKET KAUFEN<\/a><\/button><\/td><td><strong>CHF 1&#8217;216.00 &#8211; Privatflug (1-3 Pers.)<\/strong><\/td><\/tr><tr><td>\u00a0<\/td><td><strong><em>WICHTIG !<\/em><\/strong><br \/><em>Um zu reservieren, rufen Sie die Nummer an, die sich oben links auf dem Gutschein \/ Ticket befindet.<\/em><\/td><\/tr><\/tbody><\/table>\t\t\t\t\t\t<\/div>\n\t\t\t\t<\/div>\n\t\t\t\t\t<\/div>\n\t\t<\/div>\n\t\t\t\t\t\t\t<\/div>\n\t\t<\/section>\n\t\t\t\t\t\t\t<\/div>\n\t\t","protected":false},"excerpt":{"rendered":"<div align=\"justify\">\n<h2 align=\"justify\">Helikopterflug \u00fcber die 3-Seen-Region; eine sch\u00f6ne Tour<\/h2>\n<h3>Dieser 45-min\u00fctige Helikopterflug f\u00fchrt Sie \u00fcber das Drei-Seen-Gebiet.<\/h3>\n<\/div>\n<div align=\"justify\">\n<p>Helikopterflug \u00fcber die 3 Seen im Seeland: Bielersee, Neuenburgersee und Murtensee. Wir starten von Grenchen aus und fliegen \u00fcber die Stadt Biel, den Bielersee und La Neuveville. Dann geht es weiter nach Neuch\u00e2tel und seinem See, dem Creux du Van. Danach geht es weiter nach Cudrefin, zum Murtensee, Lyss, Buren und zur\u00fcck nach Grenchen.<\/p>\n<h3>Swissraft bietet Ihnen in der Schweiz \u00fcber 150 Helikopter-Routen an.<\/h3>\n<p id=\"textarea\" style=\"display: none;\">\nWir starten auch vom Heliport K\u00fcssnacht im Kanton Schwyz. Auch vom Heliport Pfaffnau im Kanton Luzern. Aber auch vom Heliport Erstfeld im Kanton Uri und vom Flugplatz Buttwil im Kanton Aargau. Au\u00dferdem im Kanton Freiburg in \u00c9pagny im Greyerzerland. Ebenso vom Flughafen Sitten, vom Heliport Gampel und vom Heliport Collombey im Wallis. Auch von den Heliport Interlaken-Gsteigwiler und Gstaad-Grund sowie vom Flugplatz Saanen im Saanenland. Einerseits starten wir auch vom Flughafen Bern-Belp. Andererseits von den Heliports Lauterbrunnen, Lenk-Simmental und Schattenhalb-Meiringen im Berner Oberland. Wir starten auch vom internationalen Flughafen Z\u00fcrich-Kloten. Im Tessin bieten wir Fl\u00fcge von den Flugpl\u00e4tzen Locarno und Lodrino an. Wir starten auch von den Heliports Flims, Tavanasa und Untervaz in Graub\u00fcnden. Im Winter auch vom Heliport St. Moritz und das ganze Jahr \u00fcber vom Flughafen Samedan im Engadin. Aber auch vom Heliport Balzers in Liechtenstein und im Kanton Thurgau vom Flugplatz Sitterdorf.\n<\/p>\n<p><a id=\"seeMore\" onclick=\"toggleSeeMore()\" href=\"javascript:void(0);\">Lesen Sie mehr<\/a><\/p>\n","protected":false},"featured_media":115654,"comment_status":"open","ping_status":"closed","template":"","meta":{"inline_featured_image":false,"_mi_skip_tracking":false},"product_cat":[263,361],"product_tag":[],"class_list":["post-91807","product","type-product","status-publish","has-post-thumbnail","hentry","product_cat-helikopterflug-in-der-schweiz","product_cat-helikopterflug-rundflug-grenchen"],"yoast_head":"<!-- This site is optimized with the Yoast SEO plugin v23.6 - https:\/\/yoast.com\/wordpress\/plugins\/seo\/ -->\n<title>Rundflug \u00fcber drei Seen vom Flughafen Grenchen aus<\/title>\n<meta name=\"description\" content=\"Rundflug \u00fcber drei Seen von Grenchen aus. Dieser 45-min\u00fctige Flug f\u00fchrt Sie \u00fcber das Gebiet der drei Seen: Bielersee, Neuenburgersee, Murtensee.\" \/>\n<meta name=\"robots\" content=\"index, follow, max-snippet:-1, max-image-preview:large, max-video-preview:-1\" \/>\n<link rel=\"canonical\" href=\"https:\/\/www.swissraft.ch\/de\/produkt\/grenchen-rundflug-die-drei-seen\/\" \/>\n<meta property=\"og:locale\" content=\"de_DE\" \/>\n<meta property=\"og:type\" content=\"article\" \/>\n<meta property=\"og:title\" content=\"Rundflug \u00fcber drei Seen vom Flughafen Grenchen aus\" \/>\n<meta property=\"og:description\" content=\"Rundflug \u00fcber drei Seen von Grenchen aus. Dieser 45-min\u00fctige Flug f\u00fchrt Sie \u00fcber das Gebiet der drei Seen: Bielersee, Neuenburgersee, Murtensee.\" \/>\n<meta property=\"og:url\" content=\"https:\/\/www.swissraft.ch\/de\/produkt\/grenchen-rundflug-die-drei-seen\/\" \/>\n<meta property=\"og:site_name\" content=\"Swissraft\" \/>\n<meta property=\"article:modified_time\" content=\"2026-04-18T21:56:24+00:00\" \/>\n<meta property=\"og:image\" content=\"https:\/\/www.swissraft.ch\/wp-content\/uploads\/2022\/12\/Helikopter-Rundflug-Drei-Seen.jpg\" \/>\n\t<meta property=\"og:image:width\" content=\"600\" \/>\n\t<meta property=\"og:image:height\" content=\"600\" \/>\n\t<meta property=\"og:image:type\" content=\"image\/jpeg\" \/>\n<meta name=\"twitter:card\" content=\"summary_large_image\" \/>\n<meta name=\"twitter:label1\" content=\"Gesch\u00e4tzte Lesezeit\" \/>\n\t<meta name=\"twitter:data1\" content=\"1\u00a0Minute\" \/>\n<script type=\"application\/ld+json\" class=\"yoast-schema-graph\">{\"@context\":\"https:\/\/schema.org\",\"@graph\":[{\"@type\":\"WebPage\",\"@id\":\"https:\/\/www.swissraft.ch\/de\/produkt\/grenchen-rundflug-die-drei-seen\/\",\"url\":\"https:\/\/www.swissraft.ch\/de\/produkt\/grenchen-rundflug-die-drei-seen\/\",\"name\":\"Rundflug \u00fcber drei Seen vom Flughafen Grenchen aus\",\"isPartOf\":{\"@id\":\"https:\/\/www.swissraft.ch\/de\/#website\"},\"primaryImageOfPage\":{\"@id\":\"https:\/\/www.swissraft.ch\/de\/produkt\/grenchen-rundflug-die-drei-seen\/#primaryimage\"},\"image\":{\"@id\":\"https:\/\/www.swissraft.ch\/de\/produkt\/grenchen-rundflug-die-drei-seen\/#primaryimage\"},\"thumbnailUrl\":\"https:\/\/www.swissraft.ch\/wp-content\/uploads\/2022\/12\/Helikopter-Rundflug-Drei-Seen.jpg\",\"datePublished\":\"2022-12-23T21:15:59+00:00\",\"dateModified\":\"2026-04-18T21:56:24+00:00\",\"description\":\"Rundflug \u00fcber drei Seen von Grenchen aus. Dieser 45-min\u00fctige Flug f\u00fchrt Sie \u00fcber das Gebiet der drei Seen: Bielersee, Neuenburgersee, Murtensee.\",\"breadcrumb\":{\"@id\":\"https:\/\/www.swissraft.ch\/de\/produkt\/grenchen-rundflug-die-drei-seen\/#breadcrumb\"},\"inLanguage\":\"de\",\"potentialAction\":[{\"@type\":\"ReadAction\",\"target\":[\"https:\/\/www.swissraft.ch\/de\/produkt\/grenchen-rundflug-die-drei-seen\/\"]}]},{\"@type\":\"ImageObject\",\"inLanguage\":\"de\",\"@id\":\"https:\/\/www.swissraft.ch\/de\/produkt\/grenchen-rundflug-die-drei-seen\/#primaryimage\",\"url\":\"https:\/\/www.swissraft.ch\/wp-content\/uploads\/2022\/12\/Helikopter-Rundflug-Drei-Seen.jpg\",\"contentUrl\":\"https:\/\/www.swissraft.ch\/wp-content\/uploads\/2022\/12\/Helikopter-Rundflug-Drei-Seen.jpg\",\"width\":600,\"height\":600,\"caption\":\"Rundflug Die drei Seen mit dem Helikopter\"},{\"@type\":\"BreadcrumbList\",\"@id\":\"https:\/\/www.swissraft.ch\/de\/produkt\/grenchen-rundflug-die-drei-seen\/#breadcrumb\",\"itemListElement\":[{\"@type\":\"ListItem\",\"position\":1,\"name\":\"Accueil\",\"item\":\"https:\/\/www.swissraft.ch\/de\/\"},{\"@type\":\"ListItem\",\"position\":2,\"name\":\"Shop\",\"item\":\"https:\/\/www.swissraft.ch\/de\/shop\/\"},{\"@type\":\"ListItem\",\"position\":3,\"name\":\"Helikoperflug &#8211; Grenchen &#8211; Flug \u00fcber die drei Seen &#8211; 45 Min. &#8211; CHF 1&rsquo;216.00\"}]},{\"@type\":\"WebSite\",\"@id\":\"https:\/\/www.swissraft.ch\/de\/#website\",\"url\":\"https:\/\/www.swissraft.ch\/de\/\",\"name\":\"Swissraft\",\"description\":\"To enjoy nature as it is\",\"publisher\":{\"@id\":\"https:\/\/www.swissraft.ch\/de\/#organization\"},\"potentialAction\":[{\"@type\":\"SearchAction\",\"target\":{\"@type\":\"EntryPoint\",\"urlTemplate\":\"https:\/\/www.swissraft.ch\/de\/?s={search_term_string}\"},\"query-input\":{\"@type\":\"PropertyValueSpecification\",\"valueRequired\":true,\"valueName\":\"search_term_string\"}}],\"inLanguage\":\"de\"},{\"@type\":\"Organization\",\"@id\":\"https:\/\/www.swissraft.ch\/de\/#organization\",\"name\":\"Swissraft\",\"url\":\"https:\/\/www.swissraft.ch\/de\/\",\"logo\":{\"@type\":\"ImageObject\",\"inLanguage\":\"de\",\"@id\":\"https:\/\/www.swissraft.ch\/de\/#\/schema\/logo\/image\/\",\"url\":\"https:\/\/www.swissraft.ch\/wp-content\/uploads\/2025\/09\/Capture.jpg\",\"contentUrl\":\"https:\/\/www.swissraft.ch\/wp-content\/uploads\/2025\/09\/Capture.jpg\",\"width\":293,\"height\":108,\"caption\":\"Swissraft\"},\"image\":{\"@id\":\"https:\/\/www.swissraft.ch\/de\/#\/schema\/logo\/image\/\"}}]}<\/script>\n<!-- \/ Yoast SEO plugin. -->","yoast_head_json":{"title":"Rundflug \u00fcber drei Seen vom Flughafen Grenchen aus","description":"Rundflug \u00fcber drei Seen von Grenchen aus. Dieser 45-min\u00fctige Flug f\u00fchrt Sie \u00fcber das Gebiet der drei Seen: Bielersee, Neuenburgersee, Murtensee.","robots":{"index":"index","follow":"follow","max-snippet":"max-snippet:-1","max-image-preview":"max-image-preview:large","max-video-preview":"max-video-preview:-1"},"canonical":"https:\/\/www.swissraft.ch\/de\/produkt\/grenchen-rundflug-die-drei-seen\/","og_locale":"de_DE","og_type":"article","og_title":"Rundflug \u00fcber drei Seen vom Flughafen Grenchen aus","og_description":"Rundflug \u00fcber drei Seen von Grenchen aus. Dieser 45-min\u00fctige Flug f\u00fchrt Sie \u00fcber das Gebiet der drei Seen: Bielersee, Neuenburgersee, Murtensee.","og_url":"https:\/\/www.swissraft.ch\/de\/produkt\/grenchen-rundflug-die-drei-seen\/","og_site_name":"Swissraft","article_modified_time":"2026-04-18T21:56:24+00:00","og_image":[{"width":600,"height":600,"url":"https:\/\/www.swissraft.ch\/wp-content\/uploads\/2022\/12\/Helikopter-Rundflug-Drei-Seen.jpg","type":"image\/jpeg"}],"twitter_card":"summary_large_image","twitter_misc":{"Gesch\u00e4tzte Lesezeit":"1\u00a0Minute"},"schema":{"@context":"https:\/\/schema.org","@graph":[{"@type":"WebPage","@id":"https:\/\/www.swissraft.ch\/de\/produkt\/grenchen-rundflug-die-drei-seen\/","url":"https:\/\/www.swissraft.ch\/de\/produkt\/grenchen-rundflug-die-drei-seen\/","name":"Rundflug \u00fcber drei Seen vom Flughafen Grenchen aus","isPartOf":{"@id":"https:\/\/www.swissraft.ch\/de\/#website"},"primaryImageOfPage":{"@id":"https:\/\/www.swissraft.ch\/de\/produkt\/grenchen-rundflug-die-drei-seen\/#primaryimage"},"image":{"@id":"https:\/\/www.swissraft.ch\/de\/produkt\/grenchen-rundflug-die-drei-seen\/#primaryimage"},"thumbnailUrl":"https:\/\/www.swissraft.ch\/wp-content\/uploads\/2022\/12\/Helikopter-Rundflug-Drei-Seen.jpg","datePublished":"2022-12-23T21:15:59+00:00","dateModified":"2026-04-18T21:56:24+00:00","description":"Rundflug \u00fcber drei Seen von Grenchen aus. Dieser 45-min\u00fctige Flug f\u00fchrt Sie \u00fcber das Gebiet der drei Seen: Bielersee, Neuenburgersee, Murtensee.","breadcrumb":{"@id":"https:\/\/www.swissraft.ch\/de\/produkt\/grenchen-rundflug-die-drei-seen\/#breadcrumb"},"inLanguage":"de","potentialAction":[{"@type":"ReadAction","target":["https:\/\/www.swissraft.ch\/de\/produkt\/grenchen-rundflug-die-drei-seen\/"]}]},{"@type":"ImageObject","inLanguage":"de","@id":"https:\/\/www.swissraft.ch\/de\/produkt\/grenchen-rundflug-die-drei-seen\/#primaryimage","url":"https:\/\/www.swissraft.ch\/wp-content\/uploads\/2022\/12\/Helikopter-Rundflug-Drei-Seen.jpg","contentUrl":"https:\/\/www.swissraft.ch\/wp-content\/uploads\/2022\/12\/Helikopter-Rundflug-Drei-Seen.jpg","width":600,"height":600,"caption":"Rundflug Die drei Seen mit dem Helikopter"},{"@type":"BreadcrumbList","@id":"https:\/\/www.swissraft.ch\/de\/produkt\/grenchen-rundflug-die-drei-seen\/#breadcrumb","itemListElement":[{"@type":"ListItem","position":1,"name":"Accueil","item":"https:\/\/www.swissraft.ch\/de\/"},{"@type":"ListItem","position":2,"name":"Shop","item":"https:\/\/www.swissraft.ch\/de\/shop\/"},{"@type":"ListItem","position":3,"name":"Helikoperflug &#8211; Grenchen &#8211; Flug \u00fcber die drei Seen &#8211; 45 Min. &#8211; CHF 1&rsquo;216.00"}]},{"@type":"WebSite","@id":"https:\/\/www.swissraft.ch\/de\/#website","url":"https:\/\/www.swissraft.ch\/de\/","name":"Swissraft","description":"To enjoy nature as it is","publisher":{"@id":"https:\/\/www.swissraft.ch\/de\/#organization"},"potentialAction":[{"@type":"SearchAction","target":{"@type":"EntryPoint","urlTemplate":"https:\/\/www.swissraft.ch\/de\/?s={search_term_string}"},"query-input":{"@type":"PropertyValueSpecification","valueRequired":true,"valueName":"search_term_string"}}],"inLanguage":"de"},{"@type":"Organization","@id":"https:\/\/www.swissraft.ch\/de\/#organization","name":"Swissraft","url":"https:\/\/www.swissraft.ch\/de\/","logo":{"@type":"ImageObject","inLanguage":"de","@id":"https:\/\/www.swissraft.ch\/de\/#\/schema\/logo\/image\/","url":"https:\/\/www.swissraft.ch\/wp-content\/uploads\/2025\/09\/Capture.jpg","contentUrl":"https:\/\/www.swissraft.ch\/wp-content\/uploads\/2025\/09\/Capture.jpg","width":293,"height":108,"caption":"Swissraft"},"image":{"@id":"https:\/\/www.swissraft.ch\/de\/#\/schema\/logo\/image\/"}}]}},"_links":{"self":[{"href":"https:\/\/www.swissraft.ch\/de\/wp-json\/wp\/v2\/product\/91807","targetHints":{"allow":["GET"]}}],"collection":[{"href":"https:\/\/www.swissraft.ch\/de\/wp-json\/wp\/v2\/product"}],"about":[{"href":"https:\/\/www.swissraft.ch\/de\/wp-json\/wp\/v2\/types\/product"}],"replies":[{"embeddable":true,"href":"https:\/\/www.swissraft.ch\/de\/wp-json\/wp\/v2\/comments?post=91807"}],"version-history":[{"count":13,"href":"https:\/\/www.swissraft.ch\/de\/wp-json\/wp\/v2\/product\/91807\/revisions"}],"predecessor-version":[{"id":140905,"href":"https:\/\/www.swissraft.ch\/de\/wp-json\/wp\/v2\/product\/91807\/revisions\/140905"}],"wp:featuredmedia":[{"embeddable":true,"href":"https:\/\/www.swissraft.ch\/de\/wp-json\/wp\/v2\/media\/115654"}],"wp:attachment":[{"href":"https:\/\/www.swissraft.ch\/de\/wp-json\/wp\/v2\/media?parent=91807"}],"wp:term":[{"taxonomy":"product_cat","embeddable":true,"href":"https:\/\/www.swissraft.ch\/de\/wp-json\/wp\/v2\/product_cat?post=91807"},{"taxonomy":"product_tag","embeddable":true,"href":"https:\/\/www.swissraft.ch\/de\/wp-json\/wp\/v2\/product_tag?post=91807"}],"curies":[{"name":"wp","href":"https:\/\/api.w.org\/{rel}","templated":true}]}}