{"id":91803,"date":"2022-12-23T22:05:43","date_gmt":"2022-12-23T21:05:43","guid":{"rendered":"https:\/\/swissraft.xyanzkdne.eu\/product\/helikopterflug-von-granges-weissenstein-und-chasseral-20-min-ab-chf-199-00\/"},"modified":"2026-04-18T23:48:55","modified_gmt":"2026-04-18T21:48:55","slug":"grenchen-rundflug-weissenstein-und-chasseral","status":"publish","type":"product","link":"https:\/\/www.swissraft.ch\/de\/produkt\/grenchen-rundflug-weissenstein-und-chasseral\/","title":{"rendered":"Helikopterflug &#8211; Grenchen &#8211; Weissenstein und Chasseral &#8211; 20 Min. &#8211; CHF 566.00"},"content":{"rendered":"\t\t<div data-elementor-type=\"wp-post\" data-elementor-id=\"91803\" class=\"elementor elementor-91803 elementor-29877\">\n\t\t\t\t\t\t\t\t\t<section class=\"elementor-section elementor-top-section elementor-element elementor-element-3303a7e3 elementor-section-boxed elementor-section-height-default elementor-section-height-default\" data-id=\"3303a7e3\" data-element_type=\"section\">\n\t\t\t\t\t\t<div class=\"elementor-container elementor-column-gap-default\">\n\t\t\t\t\t<div class=\"elementor-column elementor-col-100 elementor-top-column elementor-element elementor-element-16d72dbf\" data-id=\"16d72dbf\" data-element_type=\"column\">\n\t\t\t<div class=\"elementor-widget-wrap elementor-element-populated\">\n\t\t\t\t\t\t\t\t<div class=\"elementor-element elementor-element-d743c03 elementor-widget elementor-widget-text-editor\" data-id=\"d743c03\" data-element_type=\"widget\" data-widget_type=\"text-editor.default\">\n\t\t\t\t<div class=\"elementor-widget-container\">\n\t\t\t\t\t\t\t<h2>W\u00c4HLEN SIE UNTEN IHRE AKTIVIT\u00c4T AUS, UM GESCHENKGUTSCHEINE \/ TICKETS ZU VERSCHENKEN ODER ZU BUCHEN<\/h2><table border=\"0\" width=\"580\" cellspacing=\"10\" cellpadding=\"10\"><tbody><tr><td width=\"50%\"><strong>RUNDFLUG &#8211; WEISSENSTEIN UND CHASSERAL (1-3 Pers.) &#8211; 20 min. <\/strong><\/td><td><strong>CHF 566.00 pro Privatflug<span class=\"productPrice\"><br \/><\/span><\/strong><\/td><\/tr><tr><td>Zus\u00e4tzliche Informationen<\/td><td>&#8211; Sie haben den helikopter exklusiv f\u00fcr sich<br \/>&#8211; Sie bestimmen das Datum und die Uhrzeit des Abflugs<br \/>&#8211; Maximum 3 Pers.<\/td><\/tr><tr><td>Flugplatz<\/td><td><a href=\"https:\/\/www.google.com\/maps\/place\/47%C2%B010'58.8%22N+7%C2%B024'45.2%22E\/@47.1842958,7.3756682,6136m\/data=!3m1!1e3!4m4!3m3!8m2!3d47.183!4d7.4125556?entry=ttu\" target=\"_blank\" rel=\"noopener\">Grenchen<\/a><\/td><\/tr><tr><td>Flugzeit<\/td><td>20 Min.<\/td><\/tr><tr><td>Gesamtdauer<\/td><td>ca. 45 Min.<\/td><\/tr><tr><td>Termin<\/td><td>Per Telefon<\/td><\/tr><tr><td><button class=\"elementor-button\" type=\"button\"><a href=\"https:\/\/swissraft.outdoorbooking.ch\/fo\/products\/1395?base_id=207&amp;category_id=6&amp;order_type=gift_voucher&amp;lang=de\" target=\"_blank\" rel=\"noopener\">GUTSCHEIN \/ TICKET KAUFEN<\/a><\/button><\/td><td><strong>CHF 566.00 &#8211; Privatflug (1-3 Pers.)<\/strong><\/td><\/tr><tr><td>\u00a0<\/td><td><strong><em>WICHTIG !<\/em><\/strong><br \/><em>Um zu reservieren, rufen Sie die Nummer an, die sich oben links auf dem Gutschein \/ Ticket befindet.<\/em><\/td><\/tr><\/tbody><\/table>\t\t\t\t\t\t<\/div>\n\t\t\t\t<\/div>\n\t\t\t\t\t<\/div>\n\t\t<\/div>\n\t\t\t\t\t\t\t<\/div>\n\t\t<\/section>\n\t\t\t\t\t\t\t<\/div>\n\t\t","protected":false},"excerpt":{"rendered":"<div align=\"justify\">\n<h2 align=\"justify\">Fliegen Sie \u00fcber die beiden ber\u00fchmtesten Gipfel der Jurakette.<\/h2>\n<h3>Von Grenchen aus bietet Ihnen dieser 20-min\u00fctige Helikopterflug ein herrliches Panorama \u00fcber den Jura mit seinen beiden Bergen Chasseral und Weissenstein.<\/h3>\n<\/div>\n<div align=\"justify\">\n<p>Tats\u00e4chlich fliegen Sie \u00fcber die zwei ber\u00fchmtesten Gipfel des Juras: den Chasseral und den Weissenstein. Danach bietet sich Ihnen eine einzigartige Aussicht auf den Bielersee und die Jurakette. Wir starten von Grenchen in Richtung Biel und fliegen dann in Richtung Chasseral. Dann geht es weiter nach Orvin, zum Weissenstein und zur\u00fcck nach Granges.<\/p>\n<h3>Swissraft bietet 5 Panorama-Helikopterfl\u00fcge ab Grenchen und \u00fcber 150 Fl\u00fcge in der Schweiz dank seines gro\u00dfen Netzwerks an Heliports und Flugpl\u00e4tzen an.<\/h3>\n<p id=\"textarea\" style=\"display: none;\">\nWir starten vom Heliport in K\u00fcssnacht im Kanton Schwyz. Aber auch vom Heliports Pfaffnau im Kanton Luzern. Von Erstfeld im Kanton Uri, aber auch vom Flugplatz Buttwil aus in den Kanton Aargau. Ebenso im Kanton Freiburg in \u00c9pagny en Gruy\u00e8re. Sowie der Flughafen von Sitten, der Heliport von Gampel und der von Collombey im Wallis. Au\u00dferdem von den Heliports Interlaken-Gsteigwiler und Gstaad-Grund sowie vom Flugplatz Saanen im Saanenland. Au\u00dferdem fliegen wir auch vom Flughafen Bern-Belp ab. Ebenso von den Heliports Lauterbrunnen, Lenk-Simmental und Schattenhalb-Meiringen im Berner Oberland. Auch vom internationalen Flughafen Z\u00fcrich-Kloten. Im Kanton Tessin bieten wir Fl\u00fcge von den Flugpl\u00e4tzen Locarno und Lodrino an. Wir starten auch von den Heliports in Flims, Tavanasa und Untervaz in Graub\u00fcnden. Aber auch vom Heliport in St. Moritz im Winter und im Engadin der Flughafen von Samedan. Dar\u00fcber hinaus starten wir vom Heliport Balzers in Liechtenstein und im Kanton Thurgau vom Flugplatz Sitterdorf.\n<\/p>\n<p><a id=\"seeMore\" onclick=\"toggleSeeMore()\" href=\"javascript:void(0);\">Lesen Sie mehr<\/a><\/p>\n","protected":false},"featured_media":85975,"comment_status":"open","ping_status":"closed","template":"","meta":{"inline_featured_image":false,"_mi_skip_tracking":false},"product_cat":[263,361],"product_tag":[],"class_list":["post-91803","product","type-product","status-publish","has-post-thumbnail","hentry","product_cat-helikopterflug-in-der-schweiz","product_cat-helikopterflug-rundflug-grenchen"],"yoast_head":"<!-- This site is optimized with the Yoast SEO plugin v23.6 - https:\/\/yoast.com\/wordpress\/plugins\/seo\/ -->\n<title>Rundflug Weissenstein und Chasseral von Granges aus<\/title>\n<meta name=\"description\" content=\"Rundflug Weissenstein und Chasseral von Granges aus im Helikopter. Ein Flug \u00fcber den ber\u00fchmten Chasseral, den vierth\u00f6chsten Gipfel des Schweizer Jura\" \/>\n<meta name=\"robots\" content=\"index, follow, max-snippet:-1, max-image-preview:large, max-video-preview:-1\" \/>\n<link rel=\"canonical\" href=\"https:\/\/www.swissraft.ch\/de\/produkt\/grenchen-rundflug-weissenstein-und-chasseral\/\" \/>\n<meta property=\"og:locale\" content=\"de_DE\" \/>\n<meta property=\"og:type\" content=\"article\" \/>\n<meta property=\"og:title\" content=\"Rundflug Weissenstein und Chasseral von Granges aus\" \/>\n<meta property=\"og:description\" content=\"Rundflug Weissenstein und Chasseral von Granges aus im Helikopter. Ein Flug \u00fcber den ber\u00fchmten Chasseral, den vierth\u00f6chsten Gipfel des Schweizer Jura\" \/>\n<meta property=\"og:url\" content=\"https:\/\/www.swissraft.ch\/de\/produkt\/grenchen-rundflug-weissenstein-und-chasseral\/\" \/>\n<meta property=\"og:site_name\" content=\"Swissraft\" \/>\n<meta property=\"article:modified_time\" content=\"2026-04-18T21:48:55+00:00\" \/>\n<meta property=\"og:image\" content=\"https:\/\/www.swissraft.ch\/wp-content\/uploads\/2022\/12\/1-GRENCHEN-Weissenstein-und-Chasseral-776x776-2.jpg\" \/>\n\t<meta property=\"og:image:width\" content=\"776\" \/>\n\t<meta property=\"og:image:height\" content=\"776\" \/>\n\t<meta property=\"og:image:type\" content=\"image\/jpeg\" \/>\n<meta name=\"twitter:card\" content=\"summary_large_image\" \/>\n<meta name=\"twitter:label1\" content=\"Gesch\u00e4tzte Lesezeit\" \/>\n\t<meta name=\"twitter:data1\" content=\"1\u00a0Minute\" \/>\n<script type=\"application\/ld+json\" class=\"yoast-schema-graph\">{\"@context\":\"https:\/\/schema.org\",\"@graph\":[{\"@type\":\"WebPage\",\"@id\":\"https:\/\/www.swissraft.ch\/de\/produkt\/grenchen-rundflug-weissenstein-und-chasseral\/\",\"url\":\"https:\/\/www.swissraft.ch\/de\/produkt\/grenchen-rundflug-weissenstein-und-chasseral\/\",\"name\":\"Rundflug Weissenstein und Chasseral von Granges aus\",\"isPartOf\":{\"@id\":\"https:\/\/www.swissraft.ch\/de\/#website\"},\"primaryImageOfPage\":{\"@id\":\"https:\/\/www.swissraft.ch\/de\/produkt\/grenchen-rundflug-weissenstein-und-chasseral\/#primaryimage\"},\"image\":{\"@id\":\"https:\/\/www.swissraft.ch\/de\/produkt\/grenchen-rundflug-weissenstein-und-chasseral\/#primaryimage\"},\"thumbnailUrl\":\"https:\/\/www.swissraft.ch\/wp-content\/uploads\/2022\/12\/1-GRENCHEN-Weissenstein-und-Chasseral-776x776-2.jpg\",\"datePublished\":\"2022-12-23T21:05:43+00:00\",\"dateModified\":\"2026-04-18T21:48:55+00:00\",\"description\":\"Rundflug Weissenstein und Chasseral von Granges aus im Helikopter. Ein Flug \u00fcber den ber\u00fchmten Chasseral, den vierth\u00f6chsten Gipfel des Schweizer Jura\",\"breadcrumb\":{\"@id\":\"https:\/\/www.swissraft.ch\/de\/produkt\/grenchen-rundflug-weissenstein-und-chasseral\/#breadcrumb\"},\"inLanguage\":\"de\",\"potentialAction\":[{\"@type\":\"ReadAction\",\"target\":[\"https:\/\/www.swissraft.ch\/de\/produkt\/grenchen-rundflug-weissenstein-und-chasseral\/\"]}]},{\"@type\":\"ImageObject\",\"inLanguage\":\"de\",\"@id\":\"https:\/\/www.swissraft.ch\/de\/produkt\/grenchen-rundflug-weissenstein-und-chasseral\/#primaryimage\",\"url\":\"https:\/\/www.swissraft.ch\/wp-content\/uploads\/2022\/12\/1-GRENCHEN-Weissenstein-und-Chasseral-776x776-2.jpg\",\"contentUrl\":\"https:\/\/www.swissraft.ch\/wp-content\/uploads\/2022\/12\/1-GRENCHEN-Weissenstein-und-Chasseral-776x776-2.jpg\",\"width\":776,\"height\":776,\"caption\":\"Rundflug Weissenstein und Chasseral mit Helikopter\"},{\"@type\":\"BreadcrumbList\",\"@id\":\"https:\/\/www.swissraft.ch\/de\/produkt\/grenchen-rundflug-weissenstein-und-chasseral\/#breadcrumb\",\"itemListElement\":[{\"@type\":\"ListItem\",\"position\":1,\"name\":\"Accueil\",\"item\":\"https:\/\/www.swissraft.ch\/de\/\"},{\"@type\":\"ListItem\",\"position\":2,\"name\":\"Shop\",\"item\":\"https:\/\/www.swissraft.ch\/de\/shop\/\"},{\"@type\":\"ListItem\",\"position\":3,\"name\":\"Helikopterflug &#8211; Grenchen &#8211; Weissenstein und Chasseral &#8211; 20 Min. &#8211; CHF 566.00\"}]},{\"@type\":\"WebSite\",\"@id\":\"https:\/\/www.swissraft.ch\/de\/#website\",\"url\":\"https:\/\/www.swissraft.ch\/de\/\",\"name\":\"Swissraft\",\"description\":\"To enjoy nature as it is\",\"publisher\":{\"@id\":\"https:\/\/www.swissraft.ch\/de\/#organization\"},\"potentialAction\":[{\"@type\":\"SearchAction\",\"target\":{\"@type\":\"EntryPoint\",\"urlTemplate\":\"https:\/\/www.swissraft.ch\/de\/?s={search_term_string}\"},\"query-input\":{\"@type\":\"PropertyValueSpecification\",\"valueRequired\":true,\"valueName\":\"search_term_string\"}}],\"inLanguage\":\"de\"},{\"@type\":\"Organization\",\"@id\":\"https:\/\/www.swissraft.ch\/de\/#organization\",\"name\":\"Swissraft\",\"url\":\"https:\/\/www.swissraft.ch\/de\/\",\"logo\":{\"@type\":\"ImageObject\",\"inLanguage\":\"de\",\"@id\":\"https:\/\/www.swissraft.ch\/de\/#\/schema\/logo\/image\/\",\"url\":\"https:\/\/www.swissraft.ch\/wp-content\/uploads\/2025\/09\/Capture.jpg\",\"contentUrl\":\"https:\/\/www.swissraft.ch\/wp-content\/uploads\/2025\/09\/Capture.jpg\",\"width\":293,\"height\":108,\"caption\":\"Swissraft\"},\"image\":{\"@id\":\"https:\/\/www.swissraft.ch\/de\/#\/schema\/logo\/image\/\"}}]}<\/script>\n<!-- \/ Yoast SEO plugin. -->","yoast_head_json":{"title":"Rundflug Weissenstein und Chasseral von Granges aus","description":"Rundflug Weissenstein und Chasseral von Granges aus im Helikopter. Ein Flug \u00fcber den ber\u00fchmten Chasseral, den vierth\u00f6chsten Gipfel des Schweizer Jura","robots":{"index":"index","follow":"follow","max-snippet":"max-snippet:-1","max-image-preview":"max-image-preview:large","max-video-preview":"max-video-preview:-1"},"canonical":"https:\/\/www.swissraft.ch\/de\/produkt\/grenchen-rundflug-weissenstein-und-chasseral\/","og_locale":"de_DE","og_type":"article","og_title":"Rundflug Weissenstein und Chasseral von Granges aus","og_description":"Rundflug Weissenstein und Chasseral von Granges aus im Helikopter. Ein Flug \u00fcber den ber\u00fchmten Chasseral, den vierth\u00f6chsten Gipfel des Schweizer Jura","og_url":"https:\/\/www.swissraft.ch\/de\/produkt\/grenchen-rundflug-weissenstein-und-chasseral\/","og_site_name":"Swissraft","article_modified_time":"2026-04-18T21:48:55+00:00","og_image":[{"width":776,"height":776,"url":"https:\/\/www.swissraft.ch\/wp-content\/uploads\/2022\/12\/1-GRENCHEN-Weissenstein-und-Chasseral-776x776-2.jpg","type":"image\/jpeg"}],"twitter_card":"summary_large_image","twitter_misc":{"Gesch\u00e4tzte Lesezeit":"1\u00a0Minute"},"schema":{"@context":"https:\/\/schema.org","@graph":[{"@type":"WebPage","@id":"https:\/\/www.swissraft.ch\/de\/produkt\/grenchen-rundflug-weissenstein-und-chasseral\/","url":"https:\/\/www.swissraft.ch\/de\/produkt\/grenchen-rundflug-weissenstein-und-chasseral\/","name":"Rundflug Weissenstein und Chasseral von Granges aus","isPartOf":{"@id":"https:\/\/www.swissraft.ch\/de\/#website"},"primaryImageOfPage":{"@id":"https:\/\/www.swissraft.ch\/de\/produkt\/grenchen-rundflug-weissenstein-und-chasseral\/#primaryimage"},"image":{"@id":"https:\/\/www.swissraft.ch\/de\/produkt\/grenchen-rundflug-weissenstein-und-chasseral\/#primaryimage"},"thumbnailUrl":"https:\/\/www.swissraft.ch\/wp-content\/uploads\/2022\/12\/1-GRENCHEN-Weissenstein-und-Chasseral-776x776-2.jpg","datePublished":"2022-12-23T21:05:43+00:00","dateModified":"2026-04-18T21:48:55+00:00","description":"Rundflug Weissenstein und Chasseral von Granges aus im Helikopter. Ein Flug \u00fcber den ber\u00fchmten Chasseral, den vierth\u00f6chsten Gipfel des Schweizer Jura","breadcrumb":{"@id":"https:\/\/www.swissraft.ch\/de\/produkt\/grenchen-rundflug-weissenstein-und-chasseral\/#breadcrumb"},"inLanguage":"de","potentialAction":[{"@type":"ReadAction","target":["https:\/\/www.swissraft.ch\/de\/produkt\/grenchen-rundflug-weissenstein-und-chasseral\/"]}]},{"@type":"ImageObject","inLanguage":"de","@id":"https:\/\/www.swissraft.ch\/de\/produkt\/grenchen-rundflug-weissenstein-und-chasseral\/#primaryimage","url":"https:\/\/www.swissraft.ch\/wp-content\/uploads\/2022\/12\/1-GRENCHEN-Weissenstein-und-Chasseral-776x776-2.jpg","contentUrl":"https:\/\/www.swissraft.ch\/wp-content\/uploads\/2022\/12\/1-GRENCHEN-Weissenstein-und-Chasseral-776x776-2.jpg","width":776,"height":776,"caption":"Rundflug Weissenstein und Chasseral mit Helikopter"},{"@type":"BreadcrumbList","@id":"https:\/\/www.swissraft.ch\/de\/produkt\/grenchen-rundflug-weissenstein-und-chasseral\/#breadcrumb","itemListElement":[{"@type":"ListItem","position":1,"name":"Accueil","item":"https:\/\/www.swissraft.ch\/de\/"},{"@type":"ListItem","position":2,"name":"Shop","item":"https:\/\/www.swissraft.ch\/de\/shop\/"},{"@type":"ListItem","position":3,"name":"Helikopterflug &#8211; Grenchen &#8211; Weissenstein und Chasseral &#8211; 20 Min. &#8211; CHF 566.00"}]},{"@type":"WebSite","@id":"https:\/\/www.swissraft.ch\/de\/#website","url":"https:\/\/www.swissraft.ch\/de\/","name":"Swissraft","description":"To enjoy nature as it is","publisher":{"@id":"https:\/\/www.swissraft.ch\/de\/#organization"},"potentialAction":[{"@type":"SearchAction","target":{"@type":"EntryPoint","urlTemplate":"https:\/\/www.swissraft.ch\/de\/?s={search_term_string}"},"query-input":{"@type":"PropertyValueSpecification","valueRequired":true,"valueName":"search_term_string"}}],"inLanguage":"de"},{"@type":"Organization","@id":"https:\/\/www.swissraft.ch\/de\/#organization","name":"Swissraft","url":"https:\/\/www.swissraft.ch\/de\/","logo":{"@type":"ImageObject","inLanguage":"de","@id":"https:\/\/www.swissraft.ch\/de\/#\/schema\/logo\/image\/","url":"https:\/\/www.swissraft.ch\/wp-content\/uploads\/2025\/09\/Capture.jpg","contentUrl":"https:\/\/www.swissraft.ch\/wp-content\/uploads\/2025\/09\/Capture.jpg","width":293,"height":108,"caption":"Swissraft"},"image":{"@id":"https:\/\/www.swissraft.ch\/de\/#\/schema\/logo\/image\/"}}]}},"_links":{"self":[{"href":"https:\/\/www.swissraft.ch\/de\/wp-json\/wp\/v2\/product\/91803","targetHints":{"allow":["GET"]}}],"collection":[{"href":"https:\/\/www.swissraft.ch\/de\/wp-json\/wp\/v2\/product"}],"about":[{"href":"https:\/\/www.swissraft.ch\/de\/wp-json\/wp\/v2\/types\/product"}],"replies":[{"embeddable":true,"href":"https:\/\/www.swissraft.ch\/de\/wp-json\/wp\/v2\/comments?post=91803"}],"version-history":[{"count":10,"href":"https:\/\/www.swissraft.ch\/de\/wp-json\/wp\/v2\/product\/91803\/revisions"}],"predecessor-version":[{"id":140895,"href":"https:\/\/www.swissraft.ch\/de\/wp-json\/wp\/v2\/product\/91803\/revisions\/140895"}],"wp:featuredmedia":[{"embeddable":true,"href":"https:\/\/www.swissraft.ch\/de\/wp-json\/wp\/v2\/media\/85975"}],"wp:attachment":[{"href":"https:\/\/www.swissraft.ch\/de\/wp-json\/wp\/v2\/media?parent=91803"}],"wp:term":[{"taxonomy":"product_cat","embeddable":true,"href":"https:\/\/www.swissraft.ch\/de\/wp-json\/wp\/v2\/product_cat?post=91803"},{"taxonomy":"product_tag","embeddable":true,"href":"https:\/\/www.swissraft.ch\/de\/wp-json\/wp\/v2\/product_tag?post=91803"}],"curies":[{"name":"wp","href":"https:\/\/api.w.org\/{rel}","templated":true}]}}