{"id":91800,"date":"2022-12-23T22:38:00","date_gmt":"2022-12-23T21:38:00","guid":{"rendered":"https:\/\/swissraft.xyanzkdne.eu\/product\/hubschrauberflug-granges-eiger-moench-und-jungfrau-65-min-ab-chf-1695-00\/"},"modified":"2026-04-19T00:07:17","modified_gmt":"2026-04-18T22:07:17","slug":"grenchen-rundflug-eiger-moench-jungfraujoch","status":"publish","type":"product","link":"https:\/\/www.swissraft.ch\/de\/produkt\/grenchen-rundflug-eiger-moench-jungfraujoch\/","title":{"rendered":"Helikopterflug &#8211; Grenchen &#8211; Eiger M\u00f6nch und Jungfrau &#8211; 65 Min. &#8211; CHF 1&#8217;730.00"},"content":{"rendered":"\t\t<div data-elementor-type=\"wp-post\" data-elementor-id=\"91800\" class=\"elementor elementor-91800 elementor-29906\">\n\t\t\t\t\t\t\t\t\t<section class=\"elementor-section elementor-top-section elementor-element elementor-element-3303a7e3 elementor-section-boxed elementor-section-height-default elementor-section-height-default\" data-id=\"3303a7e3\" data-element_type=\"section\">\n\t\t\t\t\t\t<div class=\"elementor-container elementor-column-gap-default\">\n\t\t\t\t\t<div class=\"elementor-column elementor-col-100 elementor-top-column elementor-element elementor-element-16d72dbf\" data-id=\"16d72dbf\" data-element_type=\"column\">\n\t\t\t<div class=\"elementor-widget-wrap elementor-element-populated\">\n\t\t\t\t\t\t\t\t<div class=\"elementor-element elementor-element-d743c03 elementor-widget elementor-widget-text-editor\" data-id=\"d743c03\" data-element_type=\"widget\" data-widget_type=\"text-editor.default\">\n\t\t\t\t<div class=\"elementor-widget-container\">\n\t\t\t\t\t\t\t<h2>W\u00c4HLEN SIE UNTEN IHRE AKTIVIT\u00c4T AUS, UM GESCHENKGUTSCHEINE \/ TICKETS ZU VERSCHENKEN ODER ZU BUCHEN<\/h2><table border=\"0\" width=\"580\" cellspacing=\"10\" cellpadding=\"10\"><tbody><tr><td width=\"50%\"><strong>RUNDFLUG &#8211; EIGER M\u00d6NCH UND JUNGFRAU &#8211; PRIVATFLUG (1-3 pax) &#8211; 65 Min.<\/strong><\/td><td><strong>CHF 1&#8217;730.00 pro Privatflug<span class=\"productPrice\"><br \/><\/span><\/strong><\/td><\/tr><tr><td>Zus\u00e4tzliche Informationen<\/td><td>&#8211; Sie haben den Helikopter ausschlie\u00dflich f\u00fcr sich<br \/>&#8211; Sie bestimmen das Datum und die Uhrzeit des Abflugs<br \/>&#8211; Maximum 3 Pers.<\/td><\/tr><tr><td>Flugplatz<\/td><td><a href=\"https:\/\/www.google.com\/maps\/place\/47%C2%B010'58.8%22N+7%C2%B024'45.2%22E\/@47.1842958,7.3756682,6136m\/data=!3m1!1e3!4m4!3m3!8m2!3d47.183!4d7.4125556?entry=ttu\" target=\"_blank\" rel=\"noopener\">Grenchen<\/a><\/td><\/tr><tr><td>Flugzeit<\/td><td>65 Min.<\/td><\/tr><tr><td>Gesamtdauer<\/td><td>ca. 1,5 Std.<\/td><\/tr><tr><td>Termin<\/td><td>Per Telefon<\/td><\/tr><tr><td><button class=\"elementor-button\" type=\"button\"><a href=\"https:\/\/swissraft.outdoorbooking.ch\/fo\/products\/2043?base_id=207&amp;category_id=6&amp;order_type=gift_voucher&amp;lang=de\" target=\"_blank\" rel=\"noopener\">GUTSCHEIN \/ TICKET KAUFEN<\/a><\/button><\/td><td><strong>CHF 1&#8217;730.00 &#8211; Privatflug (1-3 Pers.)<\/strong><\/td><\/tr><tr><td>\u00a0<\/td><td><strong><em>WICHTIG !<\/em><\/strong><br \/><em>Um zu reservieren, rufen Sie die Nummer an, die sich oben links auf dem Gutschein \/ Ticket befindet.<\/em><\/td><\/tr><\/tbody><\/table>\t\t\t\t\t\t<\/div>\n\t\t\t\t<\/div>\n\t\t\t\t\t<\/div>\n\t\t<\/div>\n\t\t\t\t\t\t\t<\/div>\n\t\t<\/section>\n\t\t\t\t\t\t\t<\/div>\n\t\t","protected":false},"excerpt":{"rendered":"<div align=\"justify\">\n<h2 align=\"justify\">Von Grenchen aus \u00fcber Eiger, M\u00f6nch und Jungfrau, ein Flug, den Sie sich nicht entgehen lassen sollten.<\/h2>\n<h3>Das Eigermassiv und seine ber\u00fchmte Nordwand; ein 65-min\u00fctiger Flug, der Sie nicht unber\u00fchrt lassen wird.<\/h3>\n<\/div>\n<div align=\"justify\">\n<p>Helikopterflug von Grenchen in die Berner Alpen. Genauer gesagt zu den ber\u00fchmten Gipfeln mit einer atemberaubenden Aussicht auf Eiger, M\u00f6nch und Jungfrau. Dann fliegen wir weiter zum Schilthorn, zum Niesen und zur Stockhornkette. Zum Abschluss des Fluges fliegen Sie durch das G\u00fcrbetal, bevor Sie zum Flugplatz Grenchen zur\u00fcckkehren.<\/p>\n<h3>Swisraft bietet eine Vielzahl von Helikopterrundfl\u00fcgen an, die von 26 Heliports und Flugpl\u00e4tzen in der Schweiz aus starten.<\/h3>\n<p id=\"textarea\" style=\"display: none;\">\nSo starten wir von den Heliports Collombey und Gampel und auch vom Flughafen Sitten im Wallis. Ebenso starten wir in \u00c9pagny im Greyerzerland im Kanton Freiburg. Auch von den Heliports Interlaken-Gsteigwiler und Gstaad-Grund sowie vom Flugplatz Saanen im Saanenland. Au\u00dferdem bieten wir Fl\u00fcge in den Kanton Uri ab dem Heliport Erstfeld und Fl\u00fcge ab Pfaffnau an. Aber auch vom Flugplatz Buttwil in Aargau. Wir fliegen auch vom Flughafen Bern-Belp ab. Sowie im Berner Oberland von den Heliports Lauterbrunnen, Lenk-Simmental und Schattenhalb-Meiringen. Helikopterfl\u00fcge auch vom internationalen Flughafen Z\u00fcrich-Kloten. Dasselbe gilt f\u00fcr den Heliport K\u00fcssnacht im Kanton Schwyz. In Graub\u00fcnden von St. Moritz im Winter und das ganze Jahr \u00fcber der Flughafen Samedan im Engadin. Aber auch von den Heliports in Flims, Tavanasa und Untervaz. Au\u00dferdem bieten wir Rundfl\u00fcge im Tessin von den Flugh\u00e4fen Locarno und Lodrino an. Dar\u00fcber hinaus starten wir in Liechtenstein vom Heliport Balzers und vom Flugplatz Sitterdorf im Thurgau.\n<\/p>\n<p><a id=\"seeMore\" onclick=\"toggleSeeMore()\" href=\"javascript:void(0);\">Lesen Sie mehr<\/a><\/p>\n","protected":false},"featured_media":86041,"comment_status":"open","ping_status":"closed","template":"","meta":{"inline_featured_image":false,"_mi_skip_tracking":false},"product_cat":[263,361],"product_tag":[],"class_list":["post-91800","product","type-product","status-publish","has-post-thumbnail","hentry","product_cat-helikopterflug-in-der-schweiz","product_cat-helikopterflug-rundflug-grenchen"],"yoast_head":"<!-- This site is optimized with the Yoast SEO plugin v23.6 - https:\/\/yoast.com\/wordpress\/plugins\/seo\/ -->\n<title>Rundflug Eiger Moench Jungfrau von Grenchen aus<\/title>\n<meta name=\"description\" content=\"Rundflug Eiger Moench Jungfrau von Grenchen aus mit dem Hubschrauber in das ber\u00fchmte Massiv der Berner Alpen. Sie fliegen ganz nah an die Nordwand\" \/>\n<meta name=\"robots\" content=\"index, follow, max-snippet:-1, max-image-preview:large, max-video-preview:-1\" \/>\n<link rel=\"canonical\" href=\"https:\/\/www.swissraft.ch\/de\/produkt\/grenchen-rundflug-eiger-moench-jungfraujoch\/\" \/>\n<meta property=\"og:locale\" content=\"de_DE\" \/>\n<meta property=\"og:type\" content=\"article\" \/>\n<meta property=\"og:title\" content=\"Rundflug Eiger Moench Jungfrau von Grenchen aus\" \/>\n<meta property=\"og:description\" content=\"Rundflug Eiger Moench Jungfrau von Grenchen aus mit dem Hubschrauber in das ber\u00fchmte Massiv der Berner Alpen. Sie fliegen ganz nah an die Nordwand\" \/>\n<meta property=\"og:url\" content=\"https:\/\/www.swissraft.ch\/de\/produkt\/grenchen-rundflug-eiger-moench-jungfraujoch\/\" \/>\n<meta property=\"og:site_name\" content=\"Swissraft\" \/>\n<meta property=\"article:modified_time\" content=\"2026-04-18T22:07:17+00:00\" \/>\n<meta property=\"og:image\" content=\"https:\/\/www.swissraft.ch\/wp-content\/uploads\/2022\/12\/5-GRENCHEN-Eiger-Monch-und-Jungfrau-776x776-2.jpg\" \/>\n\t<meta property=\"og:image:width\" content=\"776\" \/>\n\t<meta property=\"og:image:height\" content=\"776\" \/>\n\t<meta property=\"og:image:type\" content=\"image\/jpeg\" \/>\n<meta name=\"twitter:card\" content=\"summary_large_image\" \/>\n<meta name=\"twitter:label1\" content=\"Gesch\u00e4tzte Lesezeit\" \/>\n\t<meta name=\"twitter:data1\" content=\"1\u00a0Minute\" \/>\n<script type=\"application\/ld+json\" class=\"yoast-schema-graph\">{\"@context\":\"https:\/\/schema.org\",\"@graph\":[{\"@type\":\"WebPage\",\"@id\":\"https:\/\/www.swissraft.ch\/de\/produkt\/grenchen-rundflug-eiger-moench-jungfraujoch\/\",\"url\":\"https:\/\/www.swissraft.ch\/de\/produkt\/grenchen-rundflug-eiger-moench-jungfraujoch\/\",\"name\":\"Rundflug Eiger Moench Jungfrau von Grenchen aus\",\"isPartOf\":{\"@id\":\"https:\/\/www.swissraft.ch\/de\/#website\"},\"primaryImageOfPage\":{\"@id\":\"https:\/\/www.swissraft.ch\/de\/produkt\/grenchen-rundflug-eiger-moench-jungfraujoch\/#primaryimage\"},\"image\":{\"@id\":\"https:\/\/www.swissraft.ch\/de\/produkt\/grenchen-rundflug-eiger-moench-jungfraujoch\/#primaryimage\"},\"thumbnailUrl\":\"https:\/\/www.swissraft.ch\/wp-content\/uploads\/2022\/12\/5-GRENCHEN-Eiger-Monch-und-Jungfrau-776x776-2.jpg\",\"datePublished\":\"2022-12-23T21:38:00+00:00\",\"dateModified\":\"2026-04-18T22:07:17+00:00\",\"description\":\"Rundflug Eiger Moench Jungfrau von Grenchen aus mit dem Hubschrauber in das ber\u00fchmte Massiv der Berner Alpen. Sie fliegen ganz nah an die Nordwand\",\"breadcrumb\":{\"@id\":\"https:\/\/www.swissraft.ch\/de\/produkt\/grenchen-rundflug-eiger-moench-jungfraujoch\/#breadcrumb\"},\"inLanguage\":\"de\",\"potentialAction\":[{\"@type\":\"ReadAction\",\"target\":[\"https:\/\/www.swissraft.ch\/de\/produkt\/grenchen-rundflug-eiger-moench-jungfraujoch\/\"]}]},{\"@type\":\"ImageObject\",\"inLanguage\":\"de\",\"@id\":\"https:\/\/www.swissraft.ch\/de\/produkt\/grenchen-rundflug-eiger-moench-jungfraujoch\/#primaryimage\",\"url\":\"https:\/\/www.swissraft.ch\/wp-content\/uploads\/2022\/12\/5-GRENCHEN-Eiger-Monch-und-Jungfrau-776x776-2.jpg\",\"contentUrl\":\"https:\/\/www.swissraft.ch\/wp-content\/uploads\/2022\/12\/5-GRENCHEN-Eiger-Monch-und-Jungfrau-776x776-2.jpg\",\"width\":776,\"height\":776,\"caption\":\"Eiger, M\u00f6nch, Jungfrau im Helikopter von Grenchen aus\"},{\"@type\":\"BreadcrumbList\",\"@id\":\"https:\/\/www.swissraft.ch\/de\/produkt\/grenchen-rundflug-eiger-moench-jungfraujoch\/#breadcrumb\",\"itemListElement\":[{\"@type\":\"ListItem\",\"position\":1,\"name\":\"Accueil\",\"item\":\"https:\/\/www.swissraft.ch\/de\/\"},{\"@type\":\"ListItem\",\"position\":2,\"name\":\"Shop\",\"item\":\"https:\/\/www.swissraft.ch\/de\/shop\/\"},{\"@type\":\"ListItem\",\"position\":3,\"name\":\"Helikopterflug &#8211; Grenchen &#8211; Eiger M\u00f6nch und Jungfrau &#8211; 65 Min. &#8211; CHF 1&rsquo;730.00\"}]},{\"@type\":\"WebSite\",\"@id\":\"https:\/\/www.swissraft.ch\/de\/#website\",\"url\":\"https:\/\/www.swissraft.ch\/de\/\",\"name\":\"Swissraft\",\"description\":\"To enjoy nature as it is\",\"publisher\":{\"@id\":\"https:\/\/www.swissraft.ch\/de\/#organization\"},\"potentialAction\":[{\"@type\":\"SearchAction\",\"target\":{\"@type\":\"EntryPoint\",\"urlTemplate\":\"https:\/\/www.swissraft.ch\/de\/?s={search_term_string}\"},\"query-input\":{\"@type\":\"PropertyValueSpecification\",\"valueRequired\":true,\"valueName\":\"search_term_string\"}}],\"inLanguage\":\"de\"},{\"@type\":\"Organization\",\"@id\":\"https:\/\/www.swissraft.ch\/de\/#organization\",\"name\":\"Swissraft\",\"url\":\"https:\/\/www.swissraft.ch\/de\/\",\"logo\":{\"@type\":\"ImageObject\",\"inLanguage\":\"de\",\"@id\":\"https:\/\/www.swissraft.ch\/de\/#\/schema\/logo\/image\/\",\"url\":\"https:\/\/www.swissraft.ch\/wp-content\/uploads\/2025\/09\/Capture.jpg\",\"contentUrl\":\"https:\/\/www.swissraft.ch\/wp-content\/uploads\/2025\/09\/Capture.jpg\",\"width\":293,\"height\":108,\"caption\":\"Swissraft\"},\"image\":{\"@id\":\"https:\/\/www.swissraft.ch\/de\/#\/schema\/logo\/image\/\"}}]}<\/script>\n<!-- \/ Yoast SEO plugin. -->","yoast_head_json":{"title":"Rundflug Eiger Moench Jungfrau von Grenchen aus","description":"Rundflug Eiger Moench Jungfrau von Grenchen aus mit dem Hubschrauber in das ber\u00fchmte Massiv der Berner Alpen. Sie fliegen ganz nah an die Nordwand","robots":{"index":"index","follow":"follow","max-snippet":"max-snippet:-1","max-image-preview":"max-image-preview:large","max-video-preview":"max-video-preview:-1"},"canonical":"https:\/\/www.swissraft.ch\/de\/produkt\/grenchen-rundflug-eiger-moench-jungfraujoch\/","og_locale":"de_DE","og_type":"article","og_title":"Rundflug Eiger Moench Jungfrau von Grenchen aus","og_description":"Rundflug Eiger Moench Jungfrau von Grenchen aus mit dem Hubschrauber in das ber\u00fchmte Massiv der Berner Alpen. Sie fliegen ganz nah an die Nordwand","og_url":"https:\/\/www.swissraft.ch\/de\/produkt\/grenchen-rundflug-eiger-moench-jungfraujoch\/","og_site_name":"Swissraft","article_modified_time":"2026-04-18T22:07:17+00:00","og_image":[{"width":776,"height":776,"url":"https:\/\/www.swissraft.ch\/wp-content\/uploads\/2022\/12\/5-GRENCHEN-Eiger-Monch-und-Jungfrau-776x776-2.jpg","type":"image\/jpeg"}],"twitter_card":"summary_large_image","twitter_misc":{"Gesch\u00e4tzte Lesezeit":"1\u00a0Minute"},"schema":{"@context":"https:\/\/schema.org","@graph":[{"@type":"WebPage","@id":"https:\/\/www.swissraft.ch\/de\/produkt\/grenchen-rundflug-eiger-moench-jungfraujoch\/","url":"https:\/\/www.swissraft.ch\/de\/produkt\/grenchen-rundflug-eiger-moench-jungfraujoch\/","name":"Rundflug Eiger Moench Jungfrau von Grenchen aus","isPartOf":{"@id":"https:\/\/www.swissraft.ch\/de\/#website"},"primaryImageOfPage":{"@id":"https:\/\/www.swissraft.ch\/de\/produkt\/grenchen-rundflug-eiger-moench-jungfraujoch\/#primaryimage"},"image":{"@id":"https:\/\/www.swissraft.ch\/de\/produkt\/grenchen-rundflug-eiger-moench-jungfraujoch\/#primaryimage"},"thumbnailUrl":"https:\/\/www.swissraft.ch\/wp-content\/uploads\/2022\/12\/5-GRENCHEN-Eiger-Monch-und-Jungfrau-776x776-2.jpg","datePublished":"2022-12-23T21:38:00+00:00","dateModified":"2026-04-18T22:07:17+00:00","description":"Rundflug Eiger Moench Jungfrau von Grenchen aus mit dem Hubschrauber in das ber\u00fchmte Massiv der Berner Alpen. Sie fliegen ganz nah an die Nordwand","breadcrumb":{"@id":"https:\/\/www.swissraft.ch\/de\/produkt\/grenchen-rundflug-eiger-moench-jungfraujoch\/#breadcrumb"},"inLanguage":"de","potentialAction":[{"@type":"ReadAction","target":["https:\/\/www.swissraft.ch\/de\/produkt\/grenchen-rundflug-eiger-moench-jungfraujoch\/"]}]},{"@type":"ImageObject","inLanguage":"de","@id":"https:\/\/www.swissraft.ch\/de\/produkt\/grenchen-rundflug-eiger-moench-jungfraujoch\/#primaryimage","url":"https:\/\/www.swissraft.ch\/wp-content\/uploads\/2022\/12\/5-GRENCHEN-Eiger-Monch-und-Jungfrau-776x776-2.jpg","contentUrl":"https:\/\/www.swissraft.ch\/wp-content\/uploads\/2022\/12\/5-GRENCHEN-Eiger-Monch-und-Jungfrau-776x776-2.jpg","width":776,"height":776,"caption":"Eiger, M\u00f6nch, Jungfrau im Helikopter von Grenchen aus"},{"@type":"BreadcrumbList","@id":"https:\/\/www.swissraft.ch\/de\/produkt\/grenchen-rundflug-eiger-moench-jungfraujoch\/#breadcrumb","itemListElement":[{"@type":"ListItem","position":1,"name":"Accueil","item":"https:\/\/www.swissraft.ch\/de\/"},{"@type":"ListItem","position":2,"name":"Shop","item":"https:\/\/www.swissraft.ch\/de\/shop\/"},{"@type":"ListItem","position":3,"name":"Helikopterflug &#8211; Grenchen &#8211; Eiger M\u00f6nch und Jungfrau &#8211; 65 Min. &#8211; CHF 1&rsquo;730.00"}]},{"@type":"WebSite","@id":"https:\/\/www.swissraft.ch\/de\/#website","url":"https:\/\/www.swissraft.ch\/de\/","name":"Swissraft","description":"To enjoy nature as it is","publisher":{"@id":"https:\/\/www.swissraft.ch\/de\/#organization"},"potentialAction":[{"@type":"SearchAction","target":{"@type":"EntryPoint","urlTemplate":"https:\/\/www.swissraft.ch\/de\/?s={search_term_string}"},"query-input":{"@type":"PropertyValueSpecification","valueRequired":true,"valueName":"search_term_string"}}],"inLanguage":"de"},{"@type":"Organization","@id":"https:\/\/www.swissraft.ch\/de\/#organization","name":"Swissraft","url":"https:\/\/www.swissraft.ch\/de\/","logo":{"@type":"ImageObject","inLanguage":"de","@id":"https:\/\/www.swissraft.ch\/de\/#\/schema\/logo\/image\/","url":"https:\/\/www.swissraft.ch\/wp-content\/uploads\/2025\/09\/Capture.jpg","contentUrl":"https:\/\/www.swissraft.ch\/wp-content\/uploads\/2025\/09\/Capture.jpg","width":293,"height":108,"caption":"Swissraft"},"image":{"@id":"https:\/\/www.swissraft.ch\/de\/#\/schema\/logo\/image\/"}}]}},"_links":{"self":[{"href":"https:\/\/www.swissraft.ch\/de\/wp-json\/wp\/v2\/product\/91800","targetHints":{"allow":["GET"]}}],"collection":[{"href":"https:\/\/www.swissraft.ch\/de\/wp-json\/wp\/v2\/product"}],"about":[{"href":"https:\/\/www.swissraft.ch\/de\/wp-json\/wp\/v2\/types\/product"}],"replies":[{"embeddable":true,"href":"https:\/\/www.swissraft.ch\/de\/wp-json\/wp\/v2\/comments?post=91800"}],"version-history":[{"count":10,"href":"https:\/\/www.swissraft.ch\/de\/wp-json\/wp\/v2\/product\/91800\/revisions"}],"predecessor-version":[{"id":140919,"href":"https:\/\/www.swissraft.ch\/de\/wp-json\/wp\/v2\/product\/91800\/revisions\/140919"}],"wp:featuredmedia":[{"embeddable":true,"href":"https:\/\/www.swissraft.ch\/de\/wp-json\/wp\/v2\/media\/86041"}],"wp:attachment":[{"href":"https:\/\/www.swissraft.ch\/de\/wp-json\/wp\/v2\/media?parent=91800"}],"wp:term":[{"taxonomy":"product_cat","embeddable":true,"href":"https:\/\/www.swissraft.ch\/de\/wp-json\/wp\/v2\/product_cat?post=91800"},{"taxonomy":"product_tag","embeddable":true,"href":"https:\/\/www.swissraft.ch\/de\/wp-json\/wp\/v2\/product_tag?post=91800"}],"curies":[{"name":"wp","href":"https:\/\/api.w.org\/{rel}","templated":true}]}}