{"id":91799,"date":"2022-12-21T23:41:52","date_gmt":"2022-12-21T22:41:52","guid":{"rendered":"https:\/\/swissraft.xyanzkdne.eu\/product\/hubschrauberflug-von-balzers-die-10-giganten-155-min-ab-3169-00\/"},"modified":"2026-04-18T06:00:26","modified_gmt":"2026-04-18T04:00:26","slug":"helikopterflug-balzers-rundflug-die-10-giganten","status":"publish","type":"product","link":"https:\/\/www.swissraft.ch\/de\/produkt\/helikopterflug-balzers-rundflug-die-10-giganten\/","title":{"rendered":"Helikopterflug &#8211; Balzers &#8211; Die 10 Giganten &#8211; 155 Min. &#8211; Ab 3&#8217;169.00"},"content":{"rendered":"\t\t<div data-elementor-type=\"wp-post\" data-elementor-id=\"91799\" class=\"elementor elementor-91799 elementor-29872\">\n\t\t\t\t\t\t\t\t\t<section class=\"elementor-section elementor-top-section elementor-element elementor-element-3303a7e3 elementor-section-boxed elementor-section-height-default elementor-section-height-default\" data-id=\"3303a7e3\" data-element_type=\"section\">\n\t\t\t\t\t\t<div class=\"elementor-container elementor-column-gap-default\">\n\t\t\t\t\t<div class=\"elementor-column elementor-col-100 elementor-top-column elementor-element elementor-element-16d72dbf\" data-id=\"16d72dbf\" data-element_type=\"column\">\n\t\t\t<div class=\"elementor-widget-wrap elementor-element-populated\">\n\t\t\t\t\t\t\t\t<div class=\"elementor-element elementor-element-d743c03 elementor-widget elementor-widget-text-editor\" data-id=\"d743c03\" data-element_type=\"widget\" data-widget_type=\"text-editor.default\">\n\t\t\t\t<div class=\"elementor-widget-container\">\n\t\t\t\t\t\t\t<h2>W\u00c4HLEN SIE UNTEN IHRE AKTIVIT\u00c4T AUS, UM GESCHENKGUTSCHEINE \/ TICKETS ZU VERSCHENKEN ODER ZU BUCHEN<\/h2><table border=\"0\" width=\"580\" cellspacing=\"10\" cellpadding=\"10\"><tbody><tr><td width=\"50%\"><strong>RUNDFLUG &#8211; DIE 10 GIGANTEN &#8211; PRIVATFLUG (1-4 Pers.) &#8211; 155 min.<\/strong><\/td><td><strong>Ab CHF 3&#8217;169.00 pro Privatflug<span class=\"productPrice\"><br \/><\/span><\/strong><\/td><\/tr><tr><td>Zus\u00e4tzliche Informationen<\/td><td>&#8211; Sie haben den Helikopter ausschlie\u00dflich f\u00fcr sich<br \/>&#8211; Sie bestimmen Datum und Uhrzeit des Abflugs<br \/>&#8211; Maximum 4 Pers.<br \/>&#8211; Mahlzeiten und Getr\u00e4nke nicht inbegriffen<\/td><\/tr><tr><td>Heliport<\/td><td><a href=\"https:\/\/www.google.com\/maps\/place\/47%C2%B004'05.9%22N+9%C2%B028'54.3%22E\/@47.0684676,9.4773295,769m\/data=!3m1!1e3!4m4!3m3!8m2!3d47.0683056!4d9.48175?entry=ttu\" target=\"_blank\" rel=\"noopener\">Balzers<\/a><\/td><\/tr><tr><td>Flugzeit<\/td><td>155 Min.<\/td><\/tr><tr><td>Gesamtdauer<\/td><td>ca. 5 Std.<\/td><\/tr><tr><td>Termin<\/td><td>Per Telefon<\/td><\/tr><tr><td><button class=\"elementor-button\" type=\"button\"><a href=\"https:\/\/swissraft.outdoorbooking.ch\/fo\/products\/1064?base_id=183&amp;category_id=6&amp;order_type=gift_voucher&amp;lang=de\" target=\"_blank\" rel=\"noopener\">GUTSCHEIN \/ TICKET KAUFEN<\/a><\/button><\/td><td><strong>CHF 1&#8217;890.00 &#8211; Privatflug (1-3 pax)<\/strong><\/td><\/tr><tr><td><button class=\"elementor-button\" type=\"button\"><a href=\"https:\/\/swissraft.outdoorbooking.ch\/fo\/products\/1076?base_id=184&amp;category_id=6&amp;order_type=gift_voucher&amp;lang=de\" target=\"_blank\" rel=\"noopener\">GUTSCHEIN \/ TICKET KAUFEN<\/a><\/button><\/td><td><strong>CHF 3&#8217;990.00 &#8211; Privatflug (4 Pers.)<\/strong><\/td><\/tr><tr><td>\u00a0<\/td><td><strong><em>WICHTIG !<\/em><\/strong><br \/><em>Um zu reservieren, rufen Sie die Nummer an, die sich oben links auf dem Gutschein \/ Ticket befindet.<\/em><\/td><\/tr><\/tbody><\/table>\t\t\t\t\t\t<\/div>\n\t\t\t\t<\/div>\n\t\t\t\t\t<\/div>\n\t\t<\/div>\n\t\t\t\t\t\t\t<\/div>\n\t\t<\/section>\n\t\t\t\t<section class=\"elementor-section elementor-top-section elementor-element elementor-element-e05da7e elementor-section-boxed elementor-section-height-default elementor-section-height-default\" data-id=\"e05da7e\" data-element_type=\"section\">\n\t\t\t\t\t\t<div class=\"elementor-container elementor-column-gap-default\">\n\t\t\t\t\t<div class=\"elementor-column elementor-col-100 elementor-top-column elementor-element elementor-element-6d72932\" data-id=\"6d72932\" data-element_type=\"column\">\n\t\t\t<div class=\"elementor-widget-wrap elementor-element-populated\">\n\t\t\t\t\t\t\t\t<div class=\"elementor-element elementor-element-f783f90 elementor-widget elementor-widget-text-editor\" data-id=\"f783f90\" data-element_type=\"widget\" data-widget_type=\"text-editor.default\">\n\t\t\t\t<div class=\"elementor-widget-container\">\n\t\t\t\t\t\t\t\t\t\t\t\t\t<\/div>\n\t\t\t\t<\/div>\n\t\t\t\t\t<\/div>\n\t\t<\/div>\n\t\t\t\t\t\t\t<\/div>\n\t\t<\/section>\n\t\t\t\t\t\t\t<\/div>\n\t\t","protected":false},"excerpt":{"rendered":"<div align=\"justify\">\n<h2 align=\"justify\">Dieser Hubschrauberflug von Balzers aus ist eine Route der Superlative. Sie kommen den 10 Giganten der Schweizer Alpen ganz nahe.<\/h2>\n<h3>Sie durchqueren die Schweiz von Ost nach S\u00fcdwest mit dem Matterhornmassiv im Wallis als H\u00f6hepunkt.<\/h3>\n<\/div>\n<div align=\"justify\">Dieser Flug startet am Balzers Heliport und f\u00fchrt Sie an Gletschern, Seen und St\u00e4dten vorbei. Zum einen werden Sie mindestens 10 Riesen sehen, die \u00fcber 4000 m hoch sind. Auf Wunsch k\u00f6nnen Sie auch eine Zwischenlandung f\u00fcr eine Mittagspause machen. Sie haben entweder einen Blick auf die Berge des Berner Oberlandes oder auf die Walliser Alpen. Die einzige Bedingung f\u00fcr dieses Abenteuer ist, dass Sie Zeit haben&#8230;, viel Zeit. Wir empfehlen Ihnen, den ganzen Tag zu buchen.<\/p>\n<h3>Swissraft freut sich, Ihnen eine Vielzahl von Helikopter-Routen ab Heliports und Flugpl\u00e4tzen in der Schweiz anbieten zu k\u00f6nnen.<\/h3>\n<p id=\"textarea\" style=\"display: none;\">\nVon Samedan aus fliegen wir das ganze Jahr \u00fcber. Der Heliport in St. In St. Moritz bieten wir Ihnen nur Fl\u00fcge im Winter an. Dar\u00fcber hinaus bieten wir Fl\u00fcge von den Heliports Tavanasa, Flims und Untervaz an. Wir bieten auch Fl\u00fcge in den Thurgau vom Flugplatz Sitterdorf aus an. Aber wir haben auch Flugreisen von den internationalen Flugh\u00e4fen Z\u00fcrich-Kloten und Bern-Belp im Angebot. Einerseits haben wir Fl\u00fcge vom Flugplatz Saanen und vom Heliport Gstaad-Grund. Im Berner Oberland bieten wir Rundfl\u00fcge ab den Heliports Lenk-Simmental, Schattenhalb-Meiringen, Interlaken-Gsteigwiler und Lauterbrunnen an. Au\u00dferdem bieten wir Fl\u00fcge von Pfaffnau im Kanton Luzern und von Erstfeld im Kanton Uri an. Dar\u00fcber hinaus bieten wir auch Helikopterrundfl\u00fcge im Kanton Aargau ab Buttwil an. Gleichzeitig fliegen wir von K\u00fcssnacht im Kanton Schwyz und von Grenchen aus auch in den Kanton Solothurn. Dann starten wir auch vom Flugplatz \u00c9pagny im Greyerzerland im Kanton Freiburg. Au\u00dferdem bieten wir Fl\u00fcge ins Wallis ab dem Flughafen Sitten und den Heliports Gampel und Collombey an. Und im Tessin bieten wir Ihnen Hubschrauberrundfl\u00fcge von den Flugpl\u00e4tzen Locarno und Lodrino aus an.\n<\/p>\n<p><a id=\"seeMore\" onclick=\"toggleSeeMore()\" href=\"javascript:void(0);\">Lesen Sie mehr<\/a><\/p>\n","protected":false},"featured_media":86731,"comment_status":"open","ping_status":"closed","template":"","meta":{"inline_featured_image":false,"_mi_skip_tracking":false},"product_cat":[263,284],"product_tag":[],"class_list":["post-91799","product","type-product","status-publish","has-post-thumbnail","hentry","product_cat-helikopterflug-in-der-schweiz","product_cat-helikopterflug-rundflug-balzers"],"yoast_head":"<!-- This site is optimized with the Yoast SEO plugin v23.6 - https:\/\/yoast.com\/wordpress\/plugins\/seo\/ -->\n<title>Rundflug Die 10 Riesen im Helikopter von Balzers aus<\/title>\n<meta name=\"description\" content=\"Rundflug Die 10 Riesen im Helikopter von Balzers aus. Ein 155-min\u00fctiger Flug mit dem Matterhorn-Massiv und einer Landung vor einem Restaurant nach Wahl\" \/>\n<meta name=\"robots\" content=\"index, follow, max-snippet:-1, max-image-preview:large, max-video-preview:-1\" \/>\n<link rel=\"canonical\" href=\"https:\/\/www.swissraft.ch\/de\/produkt\/helikopterflug-balzers-rundflug-die-10-giganten\/\" \/>\n<meta property=\"og:locale\" content=\"de_DE\" \/>\n<meta property=\"og:type\" content=\"article\" \/>\n<meta property=\"og:title\" content=\"Rundflug Die 10 Riesen im Helikopter von Balzers aus\" \/>\n<meta property=\"og:description\" content=\"Rundflug Die 10 Riesen im Helikopter von Balzers aus. Ein 155-min\u00fctiger Flug mit dem Matterhorn-Massiv und einer Landung vor einem Restaurant nach Wahl\" \/>\n<meta property=\"og:url\" content=\"https:\/\/www.swissraft.ch\/de\/produkt\/helikopterflug-balzers-rundflug-die-10-giganten\/\" \/>\n<meta property=\"og:site_name\" content=\"Swissraft\" \/>\n<meta property=\"article:modified_time\" content=\"2026-04-18T04:00:26+00:00\" \/>\n<meta property=\"og:image\" content=\"https:\/\/www.swissraft.ch\/wp-content\/uploads\/2022\/12\/13-SARGANS-BALZERS-Die-10-Giganten-der-Schweiz-776x776-2.jpg\" \/>\n\t<meta property=\"og:image:width\" content=\"776\" \/>\n\t<meta property=\"og:image:height\" content=\"776\" \/>\n\t<meta property=\"og:image:type\" content=\"image\/jpeg\" \/>\n<meta name=\"twitter:card\" content=\"summary_large_image\" \/>\n<meta name=\"twitter:label1\" content=\"Gesch\u00e4tzte Lesezeit\" \/>\n\t<meta name=\"twitter:data1\" content=\"1\u00a0Minute\" \/>\n<script type=\"application\/ld+json\" class=\"yoast-schema-graph\">{\"@context\":\"https:\/\/schema.org\",\"@graph\":[{\"@type\":\"WebPage\",\"@id\":\"https:\/\/www.swissraft.ch\/de\/produkt\/helikopterflug-balzers-rundflug-die-10-giganten\/\",\"url\":\"https:\/\/www.swissraft.ch\/de\/produkt\/helikopterflug-balzers-rundflug-die-10-giganten\/\",\"name\":\"Rundflug Die 10 Riesen im Helikopter von Balzers aus\",\"isPartOf\":{\"@id\":\"https:\/\/www.swissraft.ch\/de\/#website\"},\"primaryImageOfPage\":{\"@id\":\"https:\/\/www.swissraft.ch\/de\/produkt\/helikopterflug-balzers-rundflug-die-10-giganten\/#primaryimage\"},\"image\":{\"@id\":\"https:\/\/www.swissraft.ch\/de\/produkt\/helikopterflug-balzers-rundflug-die-10-giganten\/#primaryimage\"},\"thumbnailUrl\":\"https:\/\/www.swissraft.ch\/wp-content\/uploads\/2022\/12\/13-SARGANS-BALZERS-Die-10-Giganten-der-Schweiz-776x776-2.jpg\",\"datePublished\":\"2022-12-21T22:41:52+00:00\",\"dateModified\":\"2026-04-18T04:00:26+00:00\",\"description\":\"Rundflug Die 10 Riesen im Helikopter von Balzers aus. Ein 155-min\u00fctiger Flug mit dem Matterhorn-Massiv und einer Landung vor einem Restaurant nach Wahl\",\"breadcrumb\":{\"@id\":\"https:\/\/www.swissraft.ch\/de\/produkt\/helikopterflug-balzers-rundflug-die-10-giganten\/#breadcrumb\"},\"inLanguage\":\"de\",\"potentialAction\":[{\"@type\":\"ReadAction\",\"target\":[\"https:\/\/www.swissraft.ch\/de\/produkt\/helikopterflug-balzers-rundflug-die-10-giganten\/\"]}]},{\"@type\":\"ImageObject\",\"inLanguage\":\"de\",\"@id\":\"https:\/\/www.swissraft.ch\/de\/produkt\/helikopterflug-balzers-rundflug-die-10-giganten\/#primaryimage\",\"url\":\"https:\/\/www.swissraft.ch\/wp-content\/uploads\/2022\/12\/13-SARGANS-BALZERS-Die-10-Giganten-der-Schweiz-776x776-2.jpg\",\"contentUrl\":\"https:\/\/www.swissraft.ch\/wp-content\/uploads\/2022\/12\/13-SARGANS-BALZERS-Die-10-Giganten-der-Schweiz-776x776-2.jpg\",\"width\":776,\"height\":776,\"caption\":\"Von Balzers aus mit dem Hubschrauber zu den 10 Riesen\"},{\"@type\":\"BreadcrumbList\",\"@id\":\"https:\/\/www.swissraft.ch\/de\/produkt\/helikopterflug-balzers-rundflug-die-10-giganten\/#breadcrumb\",\"itemListElement\":[{\"@type\":\"ListItem\",\"position\":1,\"name\":\"Accueil\",\"item\":\"https:\/\/www.swissraft.ch\/de\/\"},{\"@type\":\"ListItem\",\"position\":2,\"name\":\"Shop\",\"item\":\"https:\/\/www.swissraft.ch\/de\/shop\/\"},{\"@type\":\"ListItem\",\"position\":3,\"name\":\"Helikopterflug &#8211; Balzers &#8211; Die 10 Giganten &#8211; 155 Min. &#8211; Ab 3&rsquo;169.00\"}]},{\"@type\":\"WebSite\",\"@id\":\"https:\/\/www.swissraft.ch\/de\/#website\",\"url\":\"https:\/\/www.swissraft.ch\/de\/\",\"name\":\"Swissraft\",\"description\":\"To enjoy nature as it is\",\"publisher\":{\"@id\":\"https:\/\/www.swissraft.ch\/de\/#organization\"},\"potentialAction\":[{\"@type\":\"SearchAction\",\"target\":{\"@type\":\"EntryPoint\",\"urlTemplate\":\"https:\/\/www.swissraft.ch\/de\/?s={search_term_string}\"},\"query-input\":{\"@type\":\"PropertyValueSpecification\",\"valueRequired\":true,\"valueName\":\"search_term_string\"}}],\"inLanguage\":\"de\"},{\"@type\":\"Organization\",\"@id\":\"https:\/\/www.swissraft.ch\/de\/#organization\",\"name\":\"Swissraft\",\"url\":\"https:\/\/www.swissraft.ch\/de\/\",\"logo\":{\"@type\":\"ImageObject\",\"inLanguage\":\"de\",\"@id\":\"https:\/\/www.swissraft.ch\/de\/#\/schema\/logo\/image\/\",\"url\":\"https:\/\/www.swissraft.ch\/wp-content\/uploads\/2025\/09\/Capture.jpg\",\"contentUrl\":\"https:\/\/www.swissraft.ch\/wp-content\/uploads\/2025\/09\/Capture.jpg\",\"width\":293,\"height\":108,\"caption\":\"Swissraft\"},\"image\":{\"@id\":\"https:\/\/www.swissraft.ch\/de\/#\/schema\/logo\/image\/\"}}]}<\/script>\n<!-- \/ Yoast SEO plugin. -->","yoast_head_json":{"title":"Rundflug Die 10 Riesen im Helikopter von Balzers aus","description":"Rundflug Die 10 Riesen im Helikopter von Balzers aus. Ein 155-min\u00fctiger Flug mit dem Matterhorn-Massiv und einer Landung vor einem Restaurant nach Wahl","robots":{"index":"index","follow":"follow","max-snippet":"max-snippet:-1","max-image-preview":"max-image-preview:large","max-video-preview":"max-video-preview:-1"},"canonical":"https:\/\/www.swissraft.ch\/de\/produkt\/helikopterflug-balzers-rundflug-die-10-giganten\/","og_locale":"de_DE","og_type":"article","og_title":"Rundflug Die 10 Riesen im Helikopter von Balzers aus","og_description":"Rundflug Die 10 Riesen im Helikopter von Balzers aus. Ein 155-min\u00fctiger Flug mit dem Matterhorn-Massiv und einer Landung vor einem Restaurant nach Wahl","og_url":"https:\/\/www.swissraft.ch\/de\/produkt\/helikopterflug-balzers-rundflug-die-10-giganten\/","og_site_name":"Swissraft","article_modified_time":"2026-04-18T04:00:26+00:00","og_image":[{"width":776,"height":776,"url":"https:\/\/www.swissraft.ch\/wp-content\/uploads\/2022\/12\/13-SARGANS-BALZERS-Die-10-Giganten-der-Schweiz-776x776-2.jpg","type":"image\/jpeg"}],"twitter_card":"summary_large_image","twitter_misc":{"Gesch\u00e4tzte Lesezeit":"1\u00a0Minute"},"schema":{"@context":"https:\/\/schema.org","@graph":[{"@type":"WebPage","@id":"https:\/\/www.swissraft.ch\/de\/produkt\/helikopterflug-balzers-rundflug-die-10-giganten\/","url":"https:\/\/www.swissraft.ch\/de\/produkt\/helikopterflug-balzers-rundflug-die-10-giganten\/","name":"Rundflug Die 10 Riesen im Helikopter von Balzers aus","isPartOf":{"@id":"https:\/\/www.swissraft.ch\/de\/#website"},"primaryImageOfPage":{"@id":"https:\/\/www.swissraft.ch\/de\/produkt\/helikopterflug-balzers-rundflug-die-10-giganten\/#primaryimage"},"image":{"@id":"https:\/\/www.swissraft.ch\/de\/produkt\/helikopterflug-balzers-rundflug-die-10-giganten\/#primaryimage"},"thumbnailUrl":"https:\/\/www.swissraft.ch\/wp-content\/uploads\/2022\/12\/13-SARGANS-BALZERS-Die-10-Giganten-der-Schweiz-776x776-2.jpg","datePublished":"2022-12-21T22:41:52+00:00","dateModified":"2026-04-18T04:00:26+00:00","description":"Rundflug Die 10 Riesen im Helikopter von Balzers aus. Ein 155-min\u00fctiger Flug mit dem Matterhorn-Massiv und einer Landung vor einem Restaurant nach Wahl","breadcrumb":{"@id":"https:\/\/www.swissraft.ch\/de\/produkt\/helikopterflug-balzers-rundflug-die-10-giganten\/#breadcrumb"},"inLanguage":"de","potentialAction":[{"@type":"ReadAction","target":["https:\/\/www.swissraft.ch\/de\/produkt\/helikopterflug-balzers-rundflug-die-10-giganten\/"]}]},{"@type":"ImageObject","inLanguage":"de","@id":"https:\/\/www.swissraft.ch\/de\/produkt\/helikopterflug-balzers-rundflug-die-10-giganten\/#primaryimage","url":"https:\/\/www.swissraft.ch\/wp-content\/uploads\/2022\/12\/13-SARGANS-BALZERS-Die-10-Giganten-der-Schweiz-776x776-2.jpg","contentUrl":"https:\/\/www.swissraft.ch\/wp-content\/uploads\/2022\/12\/13-SARGANS-BALZERS-Die-10-Giganten-der-Schweiz-776x776-2.jpg","width":776,"height":776,"caption":"Von Balzers aus mit dem Hubschrauber zu den 10 Riesen"},{"@type":"BreadcrumbList","@id":"https:\/\/www.swissraft.ch\/de\/produkt\/helikopterflug-balzers-rundflug-die-10-giganten\/#breadcrumb","itemListElement":[{"@type":"ListItem","position":1,"name":"Accueil","item":"https:\/\/www.swissraft.ch\/de\/"},{"@type":"ListItem","position":2,"name":"Shop","item":"https:\/\/www.swissraft.ch\/de\/shop\/"},{"@type":"ListItem","position":3,"name":"Helikopterflug &#8211; Balzers &#8211; Die 10 Giganten &#8211; 155 Min. &#8211; Ab 3&rsquo;169.00"}]},{"@type":"WebSite","@id":"https:\/\/www.swissraft.ch\/de\/#website","url":"https:\/\/www.swissraft.ch\/de\/","name":"Swissraft","description":"To enjoy nature as it is","publisher":{"@id":"https:\/\/www.swissraft.ch\/de\/#organization"},"potentialAction":[{"@type":"SearchAction","target":{"@type":"EntryPoint","urlTemplate":"https:\/\/www.swissraft.ch\/de\/?s={search_term_string}"},"query-input":{"@type":"PropertyValueSpecification","valueRequired":true,"valueName":"search_term_string"}}],"inLanguage":"de"},{"@type":"Organization","@id":"https:\/\/www.swissraft.ch\/de\/#organization","name":"Swissraft","url":"https:\/\/www.swissraft.ch\/de\/","logo":{"@type":"ImageObject","inLanguage":"de","@id":"https:\/\/www.swissraft.ch\/de\/#\/schema\/logo\/image\/","url":"https:\/\/www.swissraft.ch\/wp-content\/uploads\/2025\/09\/Capture.jpg","contentUrl":"https:\/\/www.swissraft.ch\/wp-content\/uploads\/2025\/09\/Capture.jpg","width":293,"height":108,"caption":"Swissraft"},"image":{"@id":"https:\/\/www.swissraft.ch\/de\/#\/schema\/logo\/image\/"}}]}},"_links":{"self":[{"href":"https:\/\/www.swissraft.ch\/de\/wp-json\/wp\/v2\/product\/91799","targetHints":{"allow":["GET"]}}],"collection":[{"href":"https:\/\/www.swissraft.ch\/de\/wp-json\/wp\/v2\/product"}],"about":[{"href":"https:\/\/www.swissraft.ch\/de\/wp-json\/wp\/v2\/types\/product"}],"replies":[{"embeddable":true,"href":"https:\/\/www.swissraft.ch\/de\/wp-json\/wp\/v2\/comments?post=91799"}],"version-history":[{"count":10,"href":"https:\/\/www.swissraft.ch\/de\/wp-json\/wp\/v2\/product\/91799\/revisions"}],"predecessor-version":[{"id":140708,"href":"https:\/\/www.swissraft.ch\/de\/wp-json\/wp\/v2\/product\/91799\/revisions\/140708"}],"wp:featuredmedia":[{"embeddable":true,"href":"https:\/\/www.swissraft.ch\/de\/wp-json\/wp\/v2\/media\/86731"}],"wp:attachment":[{"href":"https:\/\/www.swissraft.ch\/de\/wp-json\/wp\/v2\/media?parent=91799"}],"wp:term":[{"taxonomy":"product_cat","embeddable":true,"href":"https:\/\/www.swissraft.ch\/de\/wp-json\/wp\/v2\/product_cat?post=91799"},{"taxonomy":"product_tag","embeddable":true,"href":"https:\/\/www.swissraft.ch\/de\/wp-json\/wp\/v2\/product_tag?post=91799"}],"curies":[{"name":"wp","href":"https:\/\/api.w.org\/{rel}","templated":true}]}}