{"id":91796,"date":"2022-12-21T23:29:17","date_gmt":"2022-12-21T22:29:17","guid":{"rendered":"https:\/\/swissraft.xyanzkdne.eu\/product\/helikopterflug-von-balzers-position-auf-dem-jungfraujoch-95-min-chf-2539-00\/"},"modified":"2026-04-18T05:53:56","modified_gmt":"2026-04-18T03:53:56","slug":"helikopterflug-balzers-rundflug-landung-auf-dem-jungfraujoch","status":"publish","type":"product","link":"https:\/\/www.swissraft.ch\/de\/produkt\/helikopterflug-balzers-rundflug-landung-auf-dem-jungfraujoch\/","title":{"rendered":"Helikopterflug &#8211; Balzers &#8211; Landung auf der Jungfraujoch &#8211; 95 Min. &#8211; CHF 2&#8217;539.00"},"content":{"rendered":"\t\t<div data-elementor-type=\"wp-post\" data-elementor-id=\"91796\" class=\"elementor elementor-91796 elementor-29859\">\n\t\t\t\t\t\t\t\t\t<section class=\"elementor-section elementor-top-section elementor-element elementor-element-3303a7e3 elementor-section-boxed elementor-section-height-default elementor-section-height-default\" data-id=\"3303a7e3\" data-element_type=\"section\">\n\t\t\t\t\t\t<div class=\"elementor-container elementor-column-gap-default\">\n\t\t\t\t\t<div class=\"elementor-column elementor-col-100 elementor-top-column elementor-element elementor-element-16d72dbf\" data-id=\"16d72dbf\" data-element_type=\"column\">\n\t\t\t<div class=\"elementor-widget-wrap elementor-element-populated\">\n\t\t\t\t\t\t\t\t<div class=\"elementor-element elementor-element-d743c03 elementor-widget elementor-widget-text-editor\" data-id=\"d743c03\" data-element_type=\"widget\" data-widget_type=\"text-editor.default\">\n\t\t\t\t<div class=\"elementor-widget-container\">\n\t\t\t\t\t\t\t<h2>W\u00c4HLEN SIE UNTEN IHRE AKTIVIT\u00c4T AUS, UM GESCHENKGUTSCHEINE \/ TICKETS ZU VERSCHENKEN ODER ZU BUCHEN.<\/h2><table border=\"0\" width=\"580\" cellspacing=\"10\" cellpadding=\"10\"><tbody><tr><td width=\"50%\"><strong>RUNDFLUG &#8211; LANDUNG AUF DER JUNGFRAUJOCH &#8211; PRIVATFLUG (1-4 Pers.) &#8211; 95 Min.<\/strong><\/td><td><strong>CHF 2&#8217;539.00 pro Privatflug<span class=\"productPrice\"><br \/><\/span><\/strong><\/td><\/tr><tr><td>Zus\u00e4tzliche Informationen<\/td><td>&#8211; Sie haben den Helikopter ausschlie\u00dflich f\u00fcr sich<br \/>&#8211; Sie bestimmen das Datum und die Uhrzeit des Abflugs<br \/>&#8211; Maximum 4 Pers.<\/td><\/tr><tr><td>Heliport<\/td><td><a href=\"https:\/\/www.google.com\/maps\/place\/47%C2%B004'05.9%22N+9%C2%B028'54.3%22E\/@47.0684676,9.4773295,769m\/data=!3m1!1e3!4m4!3m3!8m2!3d47.0683056!4d9.48175?entry=ttu\" target=\"_blank\" rel=\"noopener\">Balzers<\/a><\/td><\/tr><tr><td>Flugzeit<\/td><td>95 Min.<\/td><\/tr><tr><td>Gesamtdauer<\/td><td>ca. 2,5 Std.<\/td><\/tr><tr><td>Termin<\/td><td>Per Telefon<\/td><\/tr><tr><td><button class=\"elementor-button\" type=\"button\"><a href=\"https:\/\/swissraft.outdoorbooking.ch\/fo\/products\/1067?base_id=184&amp;category_id=6&amp;order_type=gift_voucher&amp;lang=de\" target=\"_blank\" rel=\"noopener\">GUTSCHEIN \/ TICKET KAUFEN<\/a><\/button><\/td><td><strong><em>WICHTIG !<\/em><\/strong><br \/><em>Um zu reservieren, rufen Sie die Nummer an, die sich oben links auf dem Gutschein \/ Ticket befindet.<\/em><\/td><\/tr><\/tbody><\/table>\t\t\t\t\t\t<\/div>\n\t\t\t\t<\/div>\n\t\t\t\t\t<\/div>\n\t\t<\/div>\n\t\t\t\t\t\t\t<\/div>\n\t\t<\/section>\n\t\t\t\t\t\t\t<\/div>\n\t\t","protected":false},"excerpt":{"rendered":"<div align=\"justify\">\n<h2 align=\"justify\">95-min\u00fctiger gro\u00dfer Helikopterflug mit Zwischenlandung auf der Jungfraujoch<\/h2>\n<h3>Das Jungfraujoch ist ein Pass zwischen dem M\u00f6nch und der Jungfrau in den Berner Alpen. Es liegt zwischen den Kantonen Bern und Wallis und erreicht eine H\u00f6he von 3.463 m \u00fcber dem Meeresspiegel.<\/h3>\n<\/div>\n<div align=\"justify\">Von Balzers aus starten Sie mit dem Robinson R66 Turbine zu einem langen Flug von 95 Minuten. Sie sehen abwechselnd den Piz Segnas, die Tschingelh\u00f6rner und das ber\u00fchmte Martinsloch oberhalb von Flims. Sie fliegen dann in Richtung Disentis, Oberalpstock, Mittagsstock und Galenstock. Anschlie\u00dfend fahren Sie in Richtung Grimsel, bevor Sie auf der Jungfraujoch landen. Sie fliegen zur\u00fcck zur Eiger Nordwand, weiter nach Grindelwald, Meiringen, Hasliberg, Lungernsee, Melchtal bis zum B\u00fcrgerstock. Sie fliegen \u00fcber den Vierwaldst\u00e4ttersee in Richtung Rigi und Mythen. Der herrliche Flug endet mit einem Blick auf die Glarner Alpen und den Walensee, bevor wir wieder in Balzers landen.<\/p>\n<h3>Auf der Website von Swissraft finden Sie mehr als 150 Hubschrauberrundfl\u00fcge.<\/h3>\n<p id=\"textarea\" style=\"display: none;\">\nWir fliegen das ganze Jahr \u00fcber von Samedan und vom Heliport in St. Moritz, aber nur im Winter. Ebenso bieten wir Fl\u00fcge von den Heliports Tavanasa, Flims und Untervaz an. Wir starten auch in den Thurgau vom Flugplatz Sitterdorf aus. Wir haben auch Fl\u00fcge von den internationalen Flugh\u00e4fen Z\u00fcrich-Kloten und Bern-Belp. Au\u00dferdem bieten wir Fl\u00fcge vom Flugplatz Saanen und vom Helikopterlandeplatz Gstaad-Grund an. Im Berner Oberland bieten wir Rundfl\u00fcge ab den Heliports Lenk-Simmental, Schattenhalb-Meiringen, Interlaken-Gsteigwiler und Lauterbrunnen an. Au\u00dferdem bieten wir Fl\u00fcge von Pfaffnau im Kanton Luzern und von Erstfeld im Kanton Uri an. Wir bieten auch Hubschrauberrundfl\u00fcge im Kanton Aargau ab Buttwil an. Au\u00dferdem fliegen wir von K\u00fcssnacht im Kanton Schwyz und von Grenchen aus auch in den Kanton Solothurn. Au\u00dferdem starten wir vom Flugplatz \u00c9pagny im Greyerzerland Ebenso im Wallis ab dem Flughafen Sion und den Hubschrauberlandepl\u00e4tzen Gampel und Collombey.<br \/>\nAu\u00dferdem fliegen wir von den Flugpl\u00e4tzen Locarno und Lodrino ins Tessin.\n<\/p>\n<p><a id=\"seeMore\" onclick=\"toggleSeeMore()\" href=\"javascript:void(0);\">Lesen Sie mehr<\/a><\/p>\n","protected":false},"featured_media":86719,"comment_status":"open","ping_status":"closed","template":"","meta":{"inline_featured_image":false,"_mi_skip_tracking":false},"product_cat":[263,284],"product_tag":[],"class_list":["post-91796","product","type-product","status-publish","has-post-thumbnail","hentry","product_cat-helikopterflug-in-der-schweiz","product_cat-helikopterflug-rundflug-balzers"],"yoast_head":"<!-- This site is optimized with the Yoast SEO plugin v23.6 - https:\/\/yoast.com\/wordpress\/plugins\/seo\/ -->\n<title>Rundflug Landung Jungfraujoch von Balzers aus<\/title>\n<meta name=\"description\" content=\"Rundflug Landung Jungfraujoch mit dem Helikopter von Balzers aus auf 3463m H\u00f6he. Ein gro\u00dfer 95-min\u00fctiger Flug, der Sie in die Mitte der Berner Alpen bringt\" \/>\n<meta name=\"robots\" content=\"index, follow, max-snippet:-1, max-image-preview:large, max-video-preview:-1\" \/>\n<link rel=\"canonical\" href=\"https:\/\/www.swissraft.ch\/de\/produkt\/helikopterflug-balzers-rundflug-landung-auf-dem-jungfraujoch\/\" \/>\n<meta property=\"og:locale\" content=\"de_DE\" \/>\n<meta property=\"og:type\" content=\"article\" \/>\n<meta property=\"og:title\" content=\"Rundflug Landung Jungfraujoch von Balzers aus\" \/>\n<meta property=\"og:description\" content=\"Rundflug Landung Jungfraujoch mit dem Helikopter von Balzers aus auf 3463m H\u00f6he. Ein gro\u00dfer 95-min\u00fctiger Flug, der Sie in die Mitte der Berner Alpen bringt\" \/>\n<meta property=\"og:url\" content=\"https:\/\/www.swissraft.ch\/de\/produkt\/helikopterflug-balzers-rundflug-landung-auf-dem-jungfraujoch\/\" \/>\n<meta property=\"og:site_name\" content=\"Swissraft\" \/>\n<meta property=\"article:modified_time\" content=\"2026-04-18T03:53:56+00:00\" \/>\n<meta property=\"og:image\" content=\"https:\/\/www.swissraft.ch\/wp-content\/uploads\/2022\/12\/14-JUNGFRAU-JOCH-776x776-1.jpg\" \/>\n\t<meta property=\"og:image:width\" content=\"776\" \/>\n\t<meta property=\"og:image:height\" content=\"776\" \/>\n\t<meta property=\"og:image:type\" content=\"image\/jpeg\" \/>\n<meta name=\"twitter:card\" content=\"summary_large_image\" \/>\n<meta name=\"twitter:label1\" content=\"Gesch\u00e4tzte Lesezeit\" \/>\n\t<meta name=\"twitter:data1\" content=\"1\u00a0Minute\" \/>\n<script type=\"application\/ld+json\" class=\"yoast-schema-graph\">{\"@context\":\"https:\/\/schema.org\",\"@graph\":[{\"@type\":\"WebPage\",\"@id\":\"https:\/\/www.swissraft.ch\/de\/produkt\/helikopterflug-balzers-rundflug-landung-auf-dem-jungfraujoch\/\",\"url\":\"https:\/\/www.swissraft.ch\/de\/produkt\/helikopterflug-balzers-rundflug-landung-auf-dem-jungfraujoch\/\",\"name\":\"Rundflug Landung Jungfraujoch von Balzers aus\",\"isPartOf\":{\"@id\":\"https:\/\/www.swissraft.ch\/de\/#website\"},\"primaryImageOfPage\":{\"@id\":\"https:\/\/www.swissraft.ch\/de\/produkt\/helikopterflug-balzers-rundflug-landung-auf-dem-jungfraujoch\/#primaryimage\"},\"image\":{\"@id\":\"https:\/\/www.swissraft.ch\/de\/produkt\/helikopterflug-balzers-rundflug-landung-auf-dem-jungfraujoch\/#primaryimage\"},\"thumbnailUrl\":\"https:\/\/www.swissraft.ch\/wp-content\/uploads\/2022\/12\/14-JUNGFRAU-JOCH-776x776-1.jpg\",\"datePublished\":\"2022-12-21T22:29:17+00:00\",\"dateModified\":\"2026-04-18T03:53:56+00:00\",\"description\":\"Rundflug Landung Jungfraujoch mit dem Helikopter von Balzers aus auf 3463m H\u00f6he. Ein gro\u00dfer 95-min\u00fctiger Flug, der Sie in die Mitte der Berner Alpen bringt\",\"breadcrumb\":{\"@id\":\"https:\/\/www.swissraft.ch\/de\/produkt\/helikopterflug-balzers-rundflug-landung-auf-dem-jungfraujoch\/#breadcrumb\"},\"inLanguage\":\"de\",\"potentialAction\":[{\"@type\":\"ReadAction\",\"target\":[\"https:\/\/www.swissraft.ch\/de\/produkt\/helikopterflug-balzers-rundflug-landung-auf-dem-jungfraujoch\/\"]}]},{\"@type\":\"ImageObject\",\"inLanguage\":\"de\",\"@id\":\"https:\/\/www.swissraft.ch\/de\/produkt\/helikopterflug-balzers-rundflug-landung-auf-dem-jungfraujoch\/#primaryimage\",\"url\":\"https:\/\/www.swissraft.ch\/wp-content\/uploads\/2022\/12\/14-JUNGFRAU-JOCH-776x776-1.jpg\",\"contentUrl\":\"https:\/\/www.swissraft.ch\/wp-content\/uploads\/2022\/12\/14-JUNGFRAU-JOCH-776x776-1.jpg\",\"width\":776,\"height\":776,\"caption\":\"Rundflug Landung Jungfraujoch ab Balzers mit dem Helikopter\"},{\"@type\":\"BreadcrumbList\",\"@id\":\"https:\/\/www.swissraft.ch\/de\/produkt\/helikopterflug-balzers-rundflug-landung-auf-dem-jungfraujoch\/#breadcrumb\",\"itemListElement\":[{\"@type\":\"ListItem\",\"position\":1,\"name\":\"Accueil\",\"item\":\"https:\/\/www.swissraft.ch\/de\/\"},{\"@type\":\"ListItem\",\"position\":2,\"name\":\"Shop\",\"item\":\"https:\/\/www.swissraft.ch\/de\/shop\/\"},{\"@type\":\"ListItem\",\"position\":3,\"name\":\"Helikopterflug &#8211; Balzers &#8211; Landung auf der Jungfraujoch &#8211; 95 Min. &#8211; CHF 2&rsquo;539.00\"}]},{\"@type\":\"WebSite\",\"@id\":\"https:\/\/www.swissraft.ch\/de\/#website\",\"url\":\"https:\/\/www.swissraft.ch\/de\/\",\"name\":\"Swissraft\",\"description\":\"To enjoy nature as it is\",\"publisher\":{\"@id\":\"https:\/\/www.swissraft.ch\/de\/#organization\"},\"potentialAction\":[{\"@type\":\"SearchAction\",\"target\":{\"@type\":\"EntryPoint\",\"urlTemplate\":\"https:\/\/www.swissraft.ch\/de\/?s={search_term_string}\"},\"query-input\":{\"@type\":\"PropertyValueSpecification\",\"valueRequired\":true,\"valueName\":\"search_term_string\"}}],\"inLanguage\":\"de\"},{\"@type\":\"Organization\",\"@id\":\"https:\/\/www.swissraft.ch\/de\/#organization\",\"name\":\"Swissraft\",\"url\":\"https:\/\/www.swissraft.ch\/de\/\",\"logo\":{\"@type\":\"ImageObject\",\"inLanguage\":\"de\",\"@id\":\"https:\/\/www.swissraft.ch\/de\/#\/schema\/logo\/image\/\",\"url\":\"https:\/\/www.swissraft.ch\/wp-content\/uploads\/2025\/09\/Capture.jpg\",\"contentUrl\":\"https:\/\/www.swissraft.ch\/wp-content\/uploads\/2025\/09\/Capture.jpg\",\"width\":293,\"height\":108,\"caption\":\"Swissraft\"},\"image\":{\"@id\":\"https:\/\/www.swissraft.ch\/de\/#\/schema\/logo\/image\/\"}}]}<\/script>\n<!-- \/ Yoast SEO plugin. -->","yoast_head_json":{"title":"Rundflug Landung Jungfraujoch von Balzers aus","description":"Rundflug Landung Jungfraujoch mit dem Helikopter von Balzers aus auf 3463m H\u00f6he. Ein gro\u00dfer 95-min\u00fctiger Flug, der Sie in die Mitte der Berner Alpen bringt","robots":{"index":"index","follow":"follow","max-snippet":"max-snippet:-1","max-image-preview":"max-image-preview:large","max-video-preview":"max-video-preview:-1"},"canonical":"https:\/\/www.swissraft.ch\/de\/produkt\/helikopterflug-balzers-rundflug-landung-auf-dem-jungfraujoch\/","og_locale":"de_DE","og_type":"article","og_title":"Rundflug Landung Jungfraujoch von Balzers aus","og_description":"Rundflug Landung Jungfraujoch mit dem Helikopter von Balzers aus auf 3463m H\u00f6he. Ein gro\u00dfer 95-min\u00fctiger Flug, der Sie in die Mitte der Berner Alpen bringt","og_url":"https:\/\/www.swissraft.ch\/de\/produkt\/helikopterflug-balzers-rundflug-landung-auf-dem-jungfraujoch\/","og_site_name":"Swissraft","article_modified_time":"2026-04-18T03:53:56+00:00","og_image":[{"width":776,"height":776,"url":"https:\/\/www.swissraft.ch\/wp-content\/uploads\/2022\/12\/14-JUNGFRAU-JOCH-776x776-1.jpg","type":"image\/jpeg"}],"twitter_card":"summary_large_image","twitter_misc":{"Gesch\u00e4tzte Lesezeit":"1\u00a0Minute"},"schema":{"@context":"https:\/\/schema.org","@graph":[{"@type":"WebPage","@id":"https:\/\/www.swissraft.ch\/de\/produkt\/helikopterflug-balzers-rundflug-landung-auf-dem-jungfraujoch\/","url":"https:\/\/www.swissraft.ch\/de\/produkt\/helikopterflug-balzers-rundflug-landung-auf-dem-jungfraujoch\/","name":"Rundflug Landung Jungfraujoch von Balzers aus","isPartOf":{"@id":"https:\/\/www.swissraft.ch\/de\/#website"},"primaryImageOfPage":{"@id":"https:\/\/www.swissraft.ch\/de\/produkt\/helikopterflug-balzers-rundflug-landung-auf-dem-jungfraujoch\/#primaryimage"},"image":{"@id":"https:\/\/www.swissraft.ch\/de\/produkt\/helikopterflug-balzers-rundflug-landung-auf-dem-jungfraujoch\/#primaryimage"},"thumbnailUrl":"https:\/\/www.swissraft.ch\/wp-content\/uploads\/2022\/12\/14-JUNGFRAU-JOCH-776x776-1.jpg","datePublished":"2022-12-21T22:29:17+00:00","dateModified":"2026-04-18T03:53:56+00:00","description":"Rundflug Landung Jungfraujoch mit dem Helikopter von Balzers aus auf 3463m H\u00f6he. Ein gro\u00dfer 95-min\u00fctiger Flug, der Sie in die Mitte der Berner Alpen bringt","breadcrumb":{"@id":"https:\/\/www.swissraft.ch\/de\/produkt\/helikopterflug-balzers-rundflug-landung-auf-dem-jungfraujoch\/#breadcrumb"},"inLanguage":"de","potentialAction":[{"@type":"ReadAction","target":["https:\/\/www.swissraft.ch\/de\/produkt\/helikopterflug-balzers-rundflug-landung-auf-dem-jungfraujoch\/"]}]},{"@type":"ImageObject","inLanguage":"de","@id":"https:\/\/www.swissraft.ch\/de\/produkt\/helikopterflug-balzers-rundflug-landung-auf-dem-jungfraujoch\/#primaryimage","url":"https:\/\/www.swissraft.ch\/wp-content\/uploads\/2022\/12\/14-JUNGFRAU-JOCH-776x776-1.jpg","contentUrl":"https:\/\/www.swissraft.ch\/wp-content\/uploads\/2022\/12\/14-JUNGFRAU-JOCH-776x776-1.jpg","width":776,"height":776,"caption":"Rundflug Landung Jungfraujoch ab Balzers mit dem Helikopter"},{"@type":"BreadcrumbList","@id":"https:\/\/www.swissraft.ch\/de\/produkt\/helikopterflug-balzers-rundflug-landung-auf-dem-jungfraujoch\/#breadcrumb","itemListElement":[{"@type":"ListItem","position":1,"name":"Accueil","item":"https:\/\/www.swissraft.ch\/de\/"},{"@type":"ListItem","position":2,"name":"Shop","item":"https:\/\/www.swissraft.ch\/de\/shop\/"},{"@type":"ListItem","position":3,"name":"Helikopterflug &#8211; Balzers &#8211; Landung auf der Jungfraujoch &#8211; 95 Min. &#8211; CHF 2&rsquo;539.00"}]},{"@type":"WebSite","@id":"https:\/\/www.swissraft.ch\/de\/#website","url":"https:\/\/www.swissraft.ch\/de\/","name":"Swissraft","description":"To enjoy nature as it is","publisher":{"@id":"https:\/\/www.swissraft.ch\/de\/#organization"},"potentialAction":[{"@type":"SearchAction","target":{"@type":"EntryPoint","urlTemplate":"https:\/\/www.swissraft.ch\/de\/?s={search_term_string}"},"query-input":{"@type":"PropertyValueSpecification","valueRequired":true,"valueName":"search_term_string"}}],"inLanguage":"de"},{"@type":"Organization","@id":"https:\/\/www.swissraft.ch\/de\/#organization","name":"Swissraft","url":"https:\/\/www.swissraft.ch\/de\/","logo":{"@type":"ImageObject","inLanguage":"de","@id":"https:\/\/www.swissraft.ch\/de\/#\/schema\/logo\/image\/","url":"https:\/\/www.swissraft.ch\/wp-content\/uploads\/2025\/09\/Capture.jpg","contentUrl":"https:\/\/www.swissraft.ch\/wp-content\/uploads\/2025\/09\/Capture.jpg","width":293,"height":108,"caption":"Swissraft"},"image":{"@id":"https:\/\/www.swissraft.ch\/de\/#\/schema\/logo\/image\/"}}]}},"_links":{"self":[{"href":"https:\/\/www.swissraft.ch\/de\/wp-json\/wp\/v2\/product\/91796","targetHints":{"allow":["GET"]}}],"collection":[{"href":"https:\/\/www.swissraft.ch\/de\/wp-json\/wp\/v2\/product"}],"about":[{"href":"https:\/\/www.swissraft.ch\/de\/wp-json\/wp\/v2\/types\/product"}],"replies":[{"embeddable":true,"href":"https:\/\/www.swissraft.ch\/de\/wp-json\/wp\/v2\/comments?post=91796"}],"version-history":[{"count":7,"href":"https:\/\/www.swissraft.ch\/de\/wp-json\/wp\/v2\/product\/91796\/revisions"}],"predecessor-version":[{"id":140698,"href":"https:\/\/www.swissraft.ch\/de\/wp-json\/wp\/v2\/product\/91796\/revisions\/140698"}],"wp:featuredmedia":[{"embeddable":true,"href":"https:\/\/www.swissraft.ch\/de\/wp-json\/wp\/v2\/media\/86719"}],"wp:attachment":[{"href":"https:\/\/www.swissraft.ch\/de\/wp-json\/wp\/v2\/media?parent=91796"}],"wp:term":[{"taxonomy":"product_cat","embeddable":true,"href":"https:\/\/www.swissraft.ch\/de\/wp-json\/wp\/v2\/product_cat?post=91796"},{"taxonomy":"product_tag","embeddable":true,"href":"https:\/\/www.swissraft.ch\/de\/wp-json\/wp\/v2\/product_tag?post=91796"}],"curies":[{"name":"wp","href":"https:\/\/api.w.org\/{rel}","templated":true}]}}