{"id":91795,"date":"2022-12-23T22:30:38","date_gmt":"2022-12-23T21:30:38","guid":{"rendered":"https:\/\/swissraft.xyanzkdne.eu\/product\/hubschrauberflug-von-granges-jura-und-creux-du-van-60-min-ab-chf-1570-00\/"},"modified":"2026-02-06T18:12:39","modified_gmt":"2026-02-06T17:12:39","slug":"helikopterflug-grenchen-jura-und-creux-du-van","status":"publish","type":"product","link":"https:\/\/www.swissraft.ch\/de\/produkt\/helikopterflug-grenchen-jura-und-creux-du-van\/","title":{"rendered":"Helikopterflug von GRANGES &#8211; JURA UND CREUX DU VAN &#8211; 60 min. &#8211; CHF 1&#8217;685.00"},"content":{"rendered":"\t\t<div data-elementor-type=\"wp-post\" data-elementor-id=\"91795\" class=\"elementor elementor-91795 elementor-29895\">\n\t\t\t\t\t\t\t\t\t<section class=\"elementor-section elementor-top-section elementor-element elementor-element-3303a7e3 elementor-section-boxed elementor-section-height-default elementor-section-height-default\" data-id=\"3303a7e3\" data-element_type=\"section\">\n\t\t\t\t\t\t<div class=\"elementor-container elementor-column-gap-default\">\n\t\t\t\t\t<div class=\"elementor-column elementor-col-100 elementor-top-column elementor-element elementor-element-16d72dbf\" data-id=\"16d72dbf\" data-element_type=\"column\">\n\t\t\t<div class=\"elementor-widget-wrap elementor-element-populated\">\n\t\t\t\t\t\t\t\t<div class=\"elementor-element elementor-element-d743c03 elementor-widget elementor-widget-text-editor\" data-id=\"d743c03\" data-element_type=\"widget\" data-widget_type=\"text-editor.default\">\n\t\t\t\t<div class=\"elementor-widget-container\">\n\t\t\t\t\t\t\t<h2>W\u00c4HLEN SIE UNTEN IHRE AKTIVIT\u00c4T AUS, UM GESCHENKGUTSCHEINE \/ TICKETS ZU VERSCHENKEN ODER ZU BUCHEN.<\/h2><table border=\"0\" width=\"580\" cellspacing=\"10\" cellpadding=\"10\"><tbody><tr><td width=\"50%\"><strong>JURA UND CREUX DU VAN &#8211; PRIVATFlug (1-3pers.) &#8211; 60 min.<\/strong><\/td><td><strong>CHF 1&#8217;685.00 pro Privatflug<span class=\"productPrice\"><br \/><\/span><\/strong><\/td><\/tr><tr><td>Weitere Informationen<\/td><td>&#8211; Sie haben den helikopter exklusiv f\u00fcr sich<br \/>&#8211; Sie bestimmen das Datum und die Uhrzeit des Abflugs<br \/>&#8211; Maximal 3 Pers.<\/td><\/tr><tr><td>Flugplatz<\/td><td><a href=\"https:\/\/www.google.com\/maps\/place\/47%C2%B010'58.8%22N+7%C2%B024'45.2%22E\/@47.1842958,7.3756682,6136m\/data=!3m1!1e3!4m4!3m3!8m2!3d47.183!4d7.4125556?entry=ttu\" target=\"_blank\" rel=\"noopener\">Grenchen<\/a><\/td><\/tr><tr><td>Flugzeit<\/td><td>60 Min.<\/td><\/tr><tr><td>Gesamtdauer<\/td><td>ca. 2,5 Std.<\/td><\/tr><tr><td>Terminvereinbarung<\/td><td>Per Telefon<\/td><\/tr><tr><td><button class=\"elementor-button\" type=\"button\"><a href=\"https:\/\/swissraft.outdoorbooking.ch\/fo\/products\/2042?base_id=207&amp;category_id=6&amp;order_type=gift_voucher&amp;lang=fr\" target=\"_blank\" rel=\"noopener\">GUTSCHEIN \/ TICKET KAUFEN<\/a><\/button><\/td><td><strong>CHF 1&#8217;685.00 &#8211; Privatflug (1-3 Pers.)<\/strong><\/td><\/tr><tr><td>\u00a0<\/td><td><strong><em>WICHTIG !<\/em><\/strong><br \/><em>Um zu reservieren, rufen Sie die Nummer an, die sich oben links auf dem Gutschein \/ Ticket befindet.<\/em><\/td><\/tr><\/tbody><\/table>\t\t\t\t\t\t<\/div>\n\t\t\t\t<\/div>\n\t\t\t\t\t<\/div>\n\t\t<\/div>\n\t\t\t\t\t\t\t<\/div>\n\t\t<\/section>\n\t\t\t\t\t\t\t<\/div>\n\t\t","protected":false},"excerpt":{"rendered":"<div align=\"justify\">\n<h2 align=\"justify\">Dieser 60-min\u00fctige Flug mit Zwischenlandung ist ein echtes Juwel.<\/h2>\n<h3>Auf der Terrasse des Restaurants &#8222;Mont Vully&#8220; k\u00f6nnen Sie bei einem Glas Wein die Berner Alpenkette und die Waadtl\u00e4nder Voralpen bewundern.<\/h3>\n<\/div>\n<div align=\"justify\">\n<p>Von der Terrasse des Restaurants aus k\u00f6nnen Sie einen herrlichen Panoramablick genie\u00dfen. Blick auf den Murtensee, die Berner Alpen und die Waadtl\u00e4nder Voralpen. Wir setzen unseren Flug nach St. Petersinsel, den Bielersee, bevor wir wieder in Grenchen landen.<\/p>\n<h3>Dank seines umfangreichen Netzwerks an Helikopterlandepl\u00e4tzen und Flugpl\u00e4tzen bietet Swissraft mehr als 150 Flugrouten an.<\/h3>\n<p id=\"textarea\" style=\"display: none;\">\nWir bieten Fl\u00fcge ab dem Heliport K\u00fcssnacht im Kanton Schwyz an. Aber auch vom Heliport Pfaffnau im Kanton Luzern. Auch vom Helikopterlandeplatz Erstfeld im Kanton Uri und vom Flugplatz Buttwil im Kanton Aargau. Au\u00dferdem bieten wir Rundreisen ab \u00c9pagny im Greyerzerland an. Aber auch vom Flughafen Sitten, vom Heliport Gampel und vom Heliport Collombey im Wallis. Dar\u00fcber hinaus bieten wir Fl\u00fcge von den Heliports Interlaken-Gsteigwiler, Gstaad-Grund und vom Flugplatz Saanen an. Ebenso fliegen wir vom Flughafen Bern-Belp ab. Aber auch von den Heliport Lauterbrunnen, Lenk-Simmental und Schattenhalb-Meiringen im Berner Oberland. Wir fliegen auch vom internationalen Flughafen Z\u00fcrich-Kloten ab. Im Tessin bieten wir Hubschrauberfl\u00fcge von den Flugpl\u00e4tzen Locarno und Lodrino aus an. Wir starten auch von den Heliports in Flims, Tavanasa und Untervaz in Graub\u00fcnden. Sowie vom Heliport in St. Moritz im Winter an und vom Flughafen Samedan das ganze Jahr \u00fcber. Wir starten auch vom Heliport Balzers in Liechtenstein und vom Flugplatz Sitterdorf in Thurgau.\n<\/p>\n<p><a id=\"seeMore\" onclick=\"toggleSeeMore()\" href=\"javascript:void(0);\">Lesen Sie mehr<\/a><\/p>\n","protected":false},"featured_media":86023,"comment_status":"open","ping_status":"closed","template":"","meta":{"inline_featured_image":false,"_mi_skip_tracking":false},"product_cat":[263,361],"product_tag":[],"class_list":["post-91795","product","type-product","status-publish","has-post-thumbnail","hentry","product_cat-helikopterflug-in-der-schweiz","product_cat-helikopterrundflug-grenchen"],"yoast_head":"<!-- This site is optimized with the Yoast SEO plugin v23.6 - https:\/\/yoast.com\/wordpress\/plugins\/seo\/ -->\n<title>Jura und Creux du Van von Grenchen aus mit dem Helikopter<\/title>\n<meta name=\"description\" content=\"Jura und Creux du Van von Grenchen aus im Helikopter. Dieser 60-min\u00fctige Helikopterflug zeigt Ihnen die sch\u00f6nsten Landschaften des Juras\" \/>\n<meta name=\"robots\" content=\"index, follow, max-snippet:-1, max-image-preview:large, max-video-preview:-1\" \/>\n<link rel=\"canonical\" href=\"https:\/\/www.swissraft.ch\/de\/produkt\/helikopterflug-grenchen-jura-und-creux-du-van\/\" \/>\n<meta property=\"og:locale\" content=\"de_DE\" \/>\n<meta property=\"og:type\" content=\"article\" \/>\n<meta property=\"og:title\" content=\"Jura und Creux du Van von Grenchen aus mit dem Helikopter\" \/>\n<meta property=\"og:description\" content=\"Jura und Creux du Van von Grenchen aus im Helikopter. Dieser 60-min\u00fctige Helikopterflug zeigt Ihnen die sch\u00f6nsten Landschaften des Juras\" \/>\n<meta property=\"og:url\" content=\"https:\/\/www.swissraft.ch\/de\/produkt\/helikopterflug-grenchen-jura-und-creux-du-van\/\" \/>\n<meta property=\"og:site_name\" content=\"Swissraft\" \/>\n<meta property=\"article:modified_time\" content=\"2026-02-06T17:12:39+00:00\" \/>\n<meta property=\"og:image\" content=\"https:\/\/www.swissraft.ch\/wp-content\/uploads\/2022\/12\/4-GRENCHEN-Jura-und-Creux-du-Van-776x776-2.jpg\" \/>\n\t<meta property=\"og:image:width\" content=\"776\" \/>\n\t<meta property=\"og:image:height\" content=\"776\" \/>\n\t<meta property=\"og:image:type\" content=\"image\/jpeg\" \/>\n<meta name=\"twitter:card\" content=\"summary_large_image\" \/>\n<meta name=\"twitter:label1\" content=\"Gesch\u00e4tzte Lesezeit\" \/>\n\t<meta name=\"twitter:data1\" content=\"1\u00a0Minute\" \/>\n<script type=\"application\/ld+json\" class=\"yoast-schema-graph\">{\"@context\":\"https:\/\/schema.org\",\"@graph\":[{\"@type\":\"WebPage\",\"@id\":\"https:\/\/www.swissraft.ch\/de\/produkt\/helikopterflug-grenchen-jura-und-creux-du-van\/\",\"url\":\"https:\/\/www.swissraft.ch\/de\/produkt\/helikopterflug-grenchen-jura-und-creux-du-van\/\",\"name\":\"Jura und Creux du Van von Grenchen aus mit dem Helikopter\",\"isPartOf\":{\"@id\":\"https:\/\/www.swissraft.ch\/de\/#website\"},\"primaryImageOfPage\":{\"@id\":\"https:\/\/www.swissraft.ch\/de\/produkt\/helikopterflug-grenchen-jura-und-creux-du-van\/#primaryimage\"},\"image\":{\"@id\":\"https:\/\/www.swissraft.ch\/de\/produkt\/helikopterflug-grenchen-jura-und-creux-du-van\/#primaryimage\"},\"thumbnailUrl\":\"https:\/\/www.swissraft.ch\/wp-content\/uploads\/2022\/12\/4-GRENCHEN-Jura-und-Creux-du-Van-776x776-2.jpg\",\"datePublished\":\"2022-12-23T21:30:38+00:00\",\"dateModified\":\"2026-02-06T17:12:39+00:00\",\"description\":\"Jura und Creux du Van von Grenchen aus im Helikopter. Dieser 60-min\u00fctige Helikopterflug zeigt Ihnen die sch\u00f6nsten Landschaften des Juras\",\"breadcrumb\":{\"@id\":\"https:\/\/www.swissraft.ch\/de\/produkt\/helikopterflug-grenchen-jura-und-creux-du-van\/#breadcrumb\"},\"inLanguage\":\"de\",\"potentialAction\":[{\"@type\":\"ReadAction\",\"target\":[\"https:\/\/www.swissraft.ch\/de\/produkt\/helikopterflug-grenchen-jura-und-creux-du-van\/\"]}]},{\"@type\":\"ImageObject\",\"inLanguage\":\"de\",\"@id\":\"https:\/\/www.swissraft.ch\/de\/produkt\/helikopterflug-grenchen-jura-und-creux-du-van\/#primaryimage\",\"url\":\"https:\/\/www.swissraft.ch\/wp-content\/uploads\/2022\/12\/4-GRENCHEN-Jura-und-Creux-du-Van-776x776-2.jpg\",\"contentUrl\":\"https:\/\/www.swissraft.ch\/wp-content\/uploads\/2022\/12\/4-GRENCHEN-Jura-und-Creux-du-Van-776x776-2.jpg\",\"width\":776,\"height\":776,\"caption\":\"Hubschrauberflug durch die Van-H\u00f6hle\"},{\"@type\":\"BreadcrumbList\",\"@id\":\"https:\/\/www.swissraft.ch\/de\/produkt\/helikopterflug-grenchen-jura-und-creux-du-van\/#breadcrumb\",\"itemListElement\":[{\"@type\":\"ListItem\",\"position\":1,\"name\":\"Accueil\",\"item\":\"https:\/\/www.swissraft.ch\/de\/\"},{\"@type\":\"ListItem\",\"position\":2,\"name\":\"Shop\",\"item\":\"https:\/\/www.swissraft.ch\/de\/shop\/\"},{\"@type\":\"ListItem\",\"position\":3,\"name\":\"Helikopterflug von GRANGES &#8211; JURA UND CREUX DU VAN &#8211; 60 min. &#8211; CHF 1&rsquo;685.00\"}]},{\"@type\":\"WebSite\",\"@id\":\"https:\/\/www.swissraft.ch\/de\/#website\",\"url\":\"https:\/\/www.swissraft.ch\/de\/\",\"name\":\"Swissraft\",\"description\":\"To enjoy nature as it is\",\"publisher\":{\"@id\":\"https:\/\/www.swissraft.ch\/de\/#organization\"},\"potentialAction\":[{\"@type\":\"SearchAction\",\"target\":{\"@type\":\"EntryPoint\",\"urlTemplate\":\"https:\/\/www.swissraft.ch\/de\/?s={search_term_string}\"},\"query-input\":{\"@type\":\"PropertyValueSpecification\",\"valueRequired\":true,\"valueName\":\"search_term_string\"}}],\"inLanguage\":\"de\"},{\"@type\":\"Organization\",\"@id\":\"https:\/\/www.swissraft.ch\/de\/#organization\",\"name\":\"Swissraft\",\"url\":\"https:\/\/www.swissraft.ch\/de\/\",\"logo\":{\"@type\":\"ImageObject\",\"inLanguage\":\"de\",\"@id\":\"https:\/\/www.swissraft.ch\/de\/#\/schema\/logo\/image\/\",\"url\":\"https:\/\/www.swissraft.ch\/wp-content\/uploads\/2025\/09\/Capture.jpg\",\"contentUrl\":\"https:\/\/www.swissraft.ch\/wp-content\/uploads\/2025\/09\/Capture.jpg\",\"width\":293,\"height\":108,\"caption\":\"Swissraft\"},\"image\":{\"@id\":\"https:\/\/www.swissraft.ch\/de\/#\/schema\/logo\/image\/\"}}]}<\/script>\n<!-- \/ Yoast SEO plugin. -->","yoast_head_json":{"title":"Jura und Creux du Van von Grenchen aus mit dem Helikopter","description":"Jura und Creux du Van von Grenchen aus im Helikopter. Dieser 60-min\u00fctige Helikopterflug zeigt Ihnen die sch\u00f6nsten Landschaften des Juras","robots":{"index":"index","follow":"follow","max-snippet":"max-snippet:-1","max-image-preview":"max-image-preview:large","max-video-preview":"max-video-preview:-1"},"canonical":"https:\/\/www.swissraft.ch\/de\/produkt\/helikopterflug-grenchen-jura-und-creux-du-van\/","og_locale":"de_DE","og_type":"article","og_title":"Jura und Creux du Van von Grenchen aus mit dem Helikopter","og_description":"Jura und Creux du Van von Grenchen aus im Helikopter. Dieser 60-min\u00fctige Helikopterflug zeigt Ihnen die sch\u00f6nsten Landschaften des Juras","og_url":"https:\/\/www.swissraft.ch\/de\/produkt\/helikopterflug-grenchen-jura-und-creux-du-van\/","og_site_name":"Swissraft","article_modified_time":"2026-02-06T17:12:39+00:00","og_image":[{"width":776,"height":776,"url":"https:\/\/www.swissraft.ch\/wp-content\/uploads\/2022\/12\/4-GRENCHEN-Jura-und-Creux-du-Van-776x776-2.jpg","type":"image\/jpeg"}],"twitter_card":"summary_large_image","twitter_misc":{"Gesch\u00e4tzte Lesezeit":"1\u00a0Minute"},"schema":{"@context":"https:\/\/schema.org","@graph":[{"@type":"WebPage","@id":"https:\/\/www.swissraft.ch\/de\/produkt\/helikopterflug-grenchen-jura-und-creux-du-van\/","url":"https:\/\/www.swissraft.ch\/de\/produkt\/helikopterflug-grenchen-jura-und-creux-du-van\/","name":"Jura und Creux du Van von Grenchen aus mit dem Helikopter","isPartOf":{"@id":"https:\/\/www.swissraft.ch\/de\/#website"},"primaryImageOfPage":{"@id":"https:\/\/www.swissraft.ch\/de\/produkt\/helikopterflug-grenchen-jura-und-creux-du-van\/#primaryimage"},"image":{"@id":"https:\/\/www.swissraft.ch\/de\/produkt\/helikopterflug-grenchen-jura-und-creux-du-van\/#primaryimage"},"thumbnailUrl":"https:\/\/www.swissraft.ch\/wp-content\/uploads\/2022\/12\/4-GRENCHEN-Jura-und-Creux-du-Van-776x776-2.jpg","datePublished":"2022-12-23T21:30:38+00:00","dateModified":"2026-02-06T17:12:39+00:00","description":"Jura und Creux du Van von Grenchen aus im Helikopter. Dieser 60-min\u00fctige Helikopterflug zeigt Ihnen die sch\u00f6nsten Landschaften des Juras","breadcrumb":{"@id":"https:\/\/www.swissraft.ch\/de\/produkt\/helikopterflug-grenchen-jura-und-creux-du-van\/#breadcrumb"},"inLanguage":"de","potentialAction":[{"@type":"ReadAction","target":["https:\/\/www.swissraft.ch\/de\/produkt\/helikopterflug-grenchen-jura-und-creux-du-van\/"]}]},{"@type":"ImageObject","inLanguage":"de","@id":"https:\/\/www.swissraft.ch\/de\/produkt\/helikopterflug-grenchen-jura-und-creux-du-van\/#primaryimage","url":"https:\/\/www.swissraft.ch\/wp-content\/uploads\/2022\/12\/4-GRENCHEN-Jura-und-Creux-du-Van-776x776-2.jpg","contentUrl":"https:\/\/www.swissraft.ch\/wp-content\/uploads\/2022\/12\/4-GRENCHEN-Jura-und-Creux-du-Van-776x776-2.jpg","width":776,"height":776,"caption":"Hubschrauberflug durch die Van-H\u00f6hle"},{"@type":"BreadcrumbList","@id":"https:\/\/www.swissraft.ch\/de\/produkt\/helikopterflug-grenchen-jura-und-creux-du-van\/#breadcrumb","itemListElement":[{"@type":"ListItem","position":1,"name":"Accueil","item":"https:\/\/www.swissraft.ch\/de\/"},{"@type":"ListItem","position":2,"name":"Shop","item":"https:\/\/www.swissraft.ch\/de\/shop\/"},{"@type":"ListItem","position":3,"name":"Helikopterflug von GRANGES &#8211; JURA UND CREUX DU VAN &#8211; 60 min. &#8211; CHF 1&rsquo;685.00"}]},{"@type":"WebSite","@id":"https:\/\/www.swissraft.ch\/de\/#website","url":"https:\/\/www.swissraft.ch\/de\/","name":"Swissraft","description":"To enjoy nature as it is","publisher":{"@id":"https:\/\/www.swissraft.ch\/de\/#organization"},"potentialAction":[{"@type":"SearchAction","target":{"@type":"EntryPoint","urlTemplate":"https:\/\/www.swissraft.ch\/de\/?s={search_term_string}"},"query-input":{"@type":"PropertyValueSpecification","valueRequired":true,"valueName":"search_term_string"}}],"inLanguage":"de"},{"@type":"Organization","@id":"https:\/\/www.swissraft.ch\/de\/#organization","name":"Swissraft","url":"https:\/\/www.swissraft.ch\/de\/","logo":{"@type":"ImageObject","inLanguage":"de","@id":"https:\/\/www.swissraft.ch\/de\/#\/schema\/logo\/image\/","url":"https:\/\/www.swissraft.ch\/wp-content\/uploads\/2025\/09\/Capture.jpg","contentUrl":"https:\/\/www.swissraft.ch\/wp-content\/uploads\/2025\/09\/Capture.jpg","width":293,"height":108,"caption":"Swissraft"},"image":{"@id":"https:\/\/www.swissraft.ch\/de\/#\/schema\/logo\/image\/"}}]}},"_links":{"self":[{"href":"https:\/\/www.swissraft.ch\/de\/wp-json\/wp\/v2\/product\/91795","targetHints":{"allow":["GET"]}}],"collection":[{"href":"https:\/\/www.swissraft.ch\/de\/wp-json\/wp\/v2\/product"}],"about":[{"href":"https:\/\/www.swissraft.ch\/de\/wp-json\/wp\/v2\/types\/product"}],"replies":[{"embeddable":true,"href":"https:\/\/www.swissraft.ch\/de\/wp-json\/wp\/v2\/comments?post=91795"}],"version-history":[{"count":3,"href":"https:\/\/www.swissraft.ch\/de\/wp-json\/wp\/v2\/product\/91795\/revisions"}],"predecessor-version":[{"id":129473,"href":"https:\/\/www.swissraft.ch\/de\/wp-json\/wp\/v2\/product\/91795\/revisions\/129473"}],"wp:featuredmedia":[{"embeddable":true,"href":"https:\/\/www.swissraft.ch\/de\/wp-json\/wp\/v2\/media\/86023"}],"wp:attachment":[{"href":"https:\/\/www.swissraft.ch\/de\/wp-json\/wp\/v2\/media?parent=91795"}],"wp:term":[{"taxonomy":"product_cat","embeddable":true,"href":"https:\/\/www.swissraft.ch\/de\/wp-json\/wp\/v2\/product_cat?post=91795"},{"taxonomy":"product_tag","embeddable":true,"href":"https:\/\/www.swissraft.ch\/de\/wp-json\/wp\/v2\/product_tag?post=91795"}],"curies":[{"name":"wp","href":"https:\/\/api.w.org\/{rel}","templated":true}]}}