{"id":91792,"date":"2022-12-27T19:00:03","date_gmt":"2022-12-27T18:00:03","guid":{"rendered":"https:\/\/swissraft.xyanzkdne.eu\/product\/hubschrauberflug-ab-sion-fluege-zirkuiten-60-min-chf-2800-00\/"},"modified":"2026-04-24T04:29:58","modified_gmt":"2026-04-24T02:29:58","slug":"sitten-rundflug-rundfluege-60-min","status":"publish","type":"product","link":"https:\/\/www.swissraft.ch\/de\/produkt\/sitten-rundflug-rundfluege-60-min\/","title":{"rendered":"Helikopterflug &#8211; Sitten &#8211; Runfl\u00fcge &#8211; 60 Min. &#8211; CHF 2&#8217;900.00"},"content":{"rendered":"\t\t<div data-elementor-type=\"wp-post\" data-elementor-id=\"91792\" class=\"elementor elementor-91792 elementor-30166\">\n\t\t\t\t\t\t\t\t\t<section class=\"elementor-section elementor-top-section elementor-element elementor-element-3303a7e3 elementor-section-boxed elementor-section-height-default elementor-section-height-default\" data-id=\"3303a7e3\" data-element_type=\"section\">\n\t\t\t\t\t\t<div class=\"elementor-container elementor-column-gap-default\">\n\t\t\t\t\t<div class=\"elementor-column elementor-col-100 elementor-top-column elementor-element elementor-element-16d72dbf\" data-id=\"16d72dbf\" data-element_type=\"column\">\n\t\t\t<div class=\"elementor-widget-wrap elementor-element-populated\">\n\t\t\t\t\t\t\t\t<div class=\"elementor-element elementor-element-d743c03 elementor-widget elementor-widget-text-editor\" data-id=\"d743c03\" data-element_type=\"widget\" data-widget_type=\"text-editor.default\">\n\t\t\t\t<div class=\"elementor-widget-container\">\n\t\t\t\t\t\t\t<h2>W\u00c4HLEN SIE UNTEN IHRE AKTIVIT\u00c4T AUS, UM GESCHENKGUTSCHEINE \/ TICKETS ZU VERSCHENKEN ODER ZU BUCHEN<\/h2><table border=\"0\" width=\"580\" cellspacing=\"10\" cellpadding=\"10\"><tbody><tr><td width=\"50%\"><strong>RUNDFLUG &#8211; 60-MINUTEN-RUNDFl\u00dcGE &#8211; Privatflug (1-5 Pers.)<\/strong><\/td><td><strong>CHF 2&#8217;900.00 pro Privatflug<span class=\"productPrice\"><br \/><\/span><\/strong><\/td><\/tr><tr><td>Zus\u00e4tzliche Informationen<\/td><td>&#8211; Sie haben den Helikopter ausschlie\u00dflich f\u00fcr sich<br \/>&#8211; Sie bestimmen das Datum und die Uhrzeit des Abflugs<br \/>&#8211; Maximum 5 Pers.<\/td><\/tr><tr><td>Flughafen<\/td><td><a href=\"https:\/\/www.google.com\/maps\/place\/Rte+de+l'A%C3%A9roport+25,+1950+Sion\/@46.2214572,7.3447093,390m\/data=!3m1!1e3!4m6!3m5!1s0x478edc1547f1513f:0xa0e6ee925c2d9a5b!8m2!3d46.2214387!4d7.3468926!16s%2Fg%2F11c1x0w_h5?entry=ttu\" target=\"_blank\" rel=\"noopener\">Sitten<\/a><\/td><\/tr><tr><td>Flugzeit<\/td><td>60 Min.<\/td><\/tr><tr><td>Gesamtdauer<\/td><td>ca. 1,5 Std.<\/td><\/tr><tr><td>Termin<\/td><td>Per Telefon<\/td><\/tr><tr><td><button class=\"elementor-button\" type=\"button\"><a href=\"https:\/\/swissraft.outdoorbooking.ch\/fo\/products\/583?base_id=137&amp;category_id=6&amp;order_type=gift_voucher&amp;lang=de\" target=\"_blank\" rel=\"noopener\">GUTSCHEIN \/ TICKET KAUFEN<\/a><\/button><\/td><td><strong><em>WICHTIG !<\/em><\/strong><br \/><em>Um zu reservieren, rufen Sie die Nummer an, die sich oben links auf dem Gutschein \/ Ticket befindet.<\/em><\/td><\/tr><\/tbody><\/table>\t\t\t\t\t\t<\/div>\n\t\t\t\t<\/div>\n\t\t\t\t\t<\/div>\n\t\t<\/div>\n\t\t\t\t\t\t\t<\/div>\n\t\t<\/section>\n\t\t\t\t\t\t\t<\/div>\n\t\t","protected":false},"excerpt":{"rendered":"<div align=\"justify\">\n<h2 align=\"justify\">Gehen Sie vom Flughafen Sitten im Wallis an Bord eines unserer Helikopter f\u00fcr einen 60-min\u00fctigen Rundflug Ihrer Wahl.<\/h2>\n<h3>Entdecken Sie das Wallis von oben. Wir haben 4 Hubschrauberrundfl\u00fcge von jeweils 60 Minuten Dauer f\u00fcr Sie zusammengestellt.<\/h3>\n<\/div>\n<div align=\"justify\">\n<p>Rundflug 17 : Sitten &#8211; Chamoson &#8211; Trient &#8211; Chamonix &#8211; Mont Blanc &#8211; Trientgletscher &#8211; Petit und Grand Combin &#8211; Fionnay &#8211; Grande Dixence &#8211; Pralong &#8211; Heremence &#8211; Vex &#8211; Sitten<\/p>\n<p>Rundflug 18 : Sitten &#8211; Heremence &#8211; Grande Dixence &#8211; Arolla &#8211; Pigne D&#8217;Arolla &#8211; Matterhorn &#8211; Zermatt &#8211; Weisshorn &#8211; Zinal &#8211; Chandolin &#8211; Vercorin &#8211; Nax &#8211; Vex &#8211; Sitten<\/p>\n<p>Rundflug 19 : Sitten &#8211; Anzere &#8211; Crans-Montana &#8211; Loeche &#8211; Loetschental &#8211; Raron &#8211; Gampel &#8211; Siders &#8211; Sitten<\/p>\n<p>Rundflug 20 : Sitten &#8211; Vex &#8211; Nax &#8211; Vallon de Rechy &#8211; Moiry &#8211; Zinal &#8211; Cabane de Tracuit &#8211; Weisshorn &#8211; Graechen &#8211; Viege &#8211; Turtmann &#8211; Siders &#8211; Sitten<\/p>\n<h3>Sie haben bis zu 30 Fl\u00fcge ab dem Flughafen Sitten zur Auswahl.<\/h3>\n<p id=\"textarea\" style=\"display: none;\">\nWir haben auch Fl\u00fcge ins Wallis von den Heliports Gampel und Collombey aus.<br \/>\nAu\u00dferdem starten wir im Kanton Freiburg vom Flugplatz \u00c9pagny im Greyerzerland aus. Ebenso starten wir von Pfaffnau in der N\u00e4he von Luzern und vom Heliport Erstfeld im Kanton Uri. Au\u00dferdem bieten wir Rundfl\u00fcge ab dem Heliport Gstaad-Grund und dem Flugplatz Saanen im Berner Oberland an. Au\u00dferdem haben wir Rundfl\u00fcge von den Heliports Lauterbrunnen, Schattenhalb-Meiringen, Lenk-Simmental und Interlaken-Gsteigwiler auch im Berner Oberland im Angebot. Au\u00dferdem bieten wir Rundreisen von den internationalen Flugh\u00e4fen Z\u00fcrich-Kloten und Bern-Belp an. Aber auch vom Flugplatz Buttwil im Kanton Aargau. Au\u00dferdem haben wir Fl\u00fcge von K\u00fcssnacht in den Kanton Schwyz. Und auch von Grenchen im Kanton Solothurn. Parallel dazu bieten wir in der Ostschweiz Rundfl\u00fcge vom Flugplatz Sitterdorf im Thurgau und in Liechtenstein von Balzers aus an.<br \/>\nZum einen starten wir von Samedan aus, wo wir das ganze Jahr \u00fcber Helikopterfl\u00fcge durchf\u00fchren. Sowohl der Heliport in St. Moritz im Winter. In Graub\u00fcnden bieten wir Hubschrauberfl\u00fcge von den Heliports in Tavanasa, Flims und Untervaz an. Im Tessin bieten wir Hubschrauberrundfl\u00fcge von den Flugpl\u00e4tzen Locarno-Magadino und Lodrino an.\n<\/p>\n<p><a id=\"seeMore\" onclick=\"toggleSeeMore()\" href=\"javascript:void(0);\">Lesen Sie mehr<\/a><\/p>\n","protected":false},"featured_media":86956,"comment_status":"open","ping_status":"closed","template":"","meta":{"inline_featured_image":false,"_mi_skip_tracking":false},"product_cat":[263,317],"product_tag":[],"class_list":["post-91792","product","type-product","status-publish","has-post-thumbnail","hentry","product_cat-helikopterflug-in-der-schweiz","product_cat-helikopterflug-rundflug-sitten"],"yoast_head":"<!-- This site is optimized with the Yoast SEO plugin v23.6 - https:\/\/yoast.com\/wordpress\/plugins\/seo\/ -->\n<title>Rundflug Rundfl\u00fcge 60 Min. Helikopterrundfl\u00fcge ab Sitten<\/title>\n<meta name=\"description\" content=\"Rundflug Rundfl\u00fcge 60 Min. Sie haben die Wahl zwischen 4 Fl\u00fcgen von 60 Minuten Dauer. Diese Fl\u00fcge bringen Sie zu den Wundern des Wallis\" \/>\n<meta name=\"robots\" content=\"index, follow, max-snippet:-1, max-image-preview:large, max-video-preview:-1\" \/>\n<link rel=\"canonical\" href=\"https:\/\/www.swissraft.ch\/de\/produkt\/sitten-rundflug-rundfluege-60-min\/\" \/>\n<meta property=\"og:locale\" content=\"de_DE\" \/>\n<meta property=\"og:type\" content=\"article\" \/>\n<meta property=\"og:title\" content=\"Rundflug Rundfl\u00fcge 60 Min. Helikopterrundfl\u00fcge ab Sitten\" \/>\n<meta property=\"og:description\" content=\"Rundflug Rundfl\u00fcge 60 Min. Sie haben die Wahl zwischen 4 Fl\u00fcgen von 60 Minuten Dauer. Diese Fl\u00fcge bringen Sie zu den Wundern des Wallis\" \/>\n<meta property=\"og:url\" content=\"https:\/\/www.swissraft.ch\/de\/produkt\/sitten-rundflug-rundfluege-60-min\/\" \/>\n<meta property=\"og:site_name\" content=\"Swissraft\" \/>\n<meta property=\"article:modified_time\" content=\"2026-04-24T02:29:58+00:00\" \/>\n<meta property=\"og:image\" content=\"https:\/\/www.swissraft.ch\/wp-content\/uploads\/2022\/12\/11-SITTEN-Rundfluge-60-Minuten-776x776-2.jpg\" \/>\n\t<meta property=\"og:image:width\" content=\"776\" \/>\n\t<meta property=\"og:image:height\" content=\"776\" \/>\n\t<meta property=\"og:image:type\" content=\"image\/jpeg\" \/>\n<meta name=\"twitter:card\" content=\"summary_large_image\" \/>\n<meta name=\"twitter:label1\" content=\"Gesch\u00e4tzte Lesezeit\" \/>\n\t<meta name=\"twitter:data1\" content=\"1\u00a0Minute\" \/>\n<script type=\"application\/ld+json\" class=\"yoast-schema-graph\">{\"@context\":\"https:\/\/schema.org\",\"@graph\":[{\"@type\":\"WebPage\",\"@id\":\"https:\/\/www.swissraft.ch\/de\/produkt\/sitten-rundflug-rundfluege-60-min\/\",\"url\":\"https:\/\/www.swissraft.ch\/de\/produkt\/sitten-rundflug-rundfluege-60-min\/\",\"name\":\"Rundflug Rundfl\u00fcge 60 Min. Helikopterrundfl\u00fcge ab Sitten\",\"isPartOf\":{\"@id\":\"https:\/\/www.swissraft.ch\/de\/#website\"},\"primaryImageOfPage\":{\"@id\":\"https:\/\/www.swissraft.ch\/de\/produkt\/sitten-rundflug-rundfluege-60-min\/#primaryimage\"},\"image\":{\"@id\":\"https:\/\/www.swissraft.ch\/de\/produkt\/sitten-rundflug-rundfluege-60-min\/#primaryimage\"},\"thumbnailUrl\":\"https:\/\/www.swissraft.ch\/wp-content\/uploads\/2022\/12\/11-SITTEN-Rundfluge-60-Minuten-776x776-2.jpg\",\"datePublished\":\"2022-12-27T18:00:03+00:00\",\"dateModified\":\"2026-04-24T02:29:58+00:00\",\"description\":\"Rundflug Rundfl\u00fcge 60 Min. Sie haben die Wahl zwischen 4 Fl\u00fcgen von 60 Minuten Dauer. Diese Fl\u00fcge bringen Sie zu den Wundern des Wallis\",\"breadcrumb\":{\"@id\":\"https:\/\/www.swissraft.ch\/de\/produkt\/sitten-rundflug-rundfluege-60-min\/#breadcrumb\"},\"inLanguage\":\"de\",\"potentialAction\":[{\"@type\":\"ReadAction\",\"target\":[\"https:\/\/www.swissraft.ch\/de\/produkt\/sitten-rundflug-rundfluege-60-min\/\"]}]},{\"@type\":\"ImageObject\",\"inLanguage\":\"de\",\"@id\":\"https:\/\/www.swissraft.ch\/de\/produkt\/sitten-rundflug-rundfluege-60-min\/#primaryimage\",\"url\":\"https:\/\/www.swissraft.ch\/wp-content\/uploads\/2022\/12\/11-SITTEN-Rundfluge-60-Minuten-776x776-2.jpg\",\"contentUrl\":\"https:\/\/www.swissraft.ch\/wp-content\/uploads\/2022\/12\/11-SITTEN-Rundfluge-60-Minuten-776x776-2.jpg\",\"width\":776,\"height\":776,\"caption\":\"Rundflug Rundfl\u00fcge von 60 Min. mit einem Helikopter ab Sitten\"},{\"@type\":\"BreadcrumbList\",\"@id\":\"https:\/\/www.swissraft.ch\/de\/produkt\/sitten-rundflug-rundfluege-60-min\/#breadcrumb\",\"itemListElement\":[{\"@type\":\"ListItem\",\"position\":1,\"name\":\"Accueil\",\"item\":\"https:\/\/www.swissraft.ch\/de\/\"},{\"@type\":\"ListItem\",\"position\":2,\"name\":\"Shop\",\"item\":\"https:\/\/www.swissraft.ch\/de\/shop\/\"},{\"@type\":\"ListItem\",\"position\":3,\"name\":\"Helikopterflug &#8211; Sitten &#8211; Runfl\u00fcge &#8211; 60 Min. &#8211; CHF 2&rsquo;900.00\"}]},{\"@type\":\"WebSite\",\"@id\":\"https:\/\/www.swissraft.ch\/de\/#website\",\"url\":\"https:\/\/www.swissraft.ch\/de\/\",\"name\":\"Swissraft\",\"description\":\"To enjoy nature as it is\",\"publisher\":{\"@id\":\"https:\/\/www.swissraft.ch\/de\/#organization\"},\"potentialAction\":[{\"@type\":\"SearchAction\",\"target\":{\"@type\":\"EntryPoint\",\"urlTemplate\":\"https:\/\/www.swissraft.ch\/de\/?s={search_term_string}\"},\"query-input\":{\"@type\":\"PropertyValueSpecification\",\"valueRequired\":true,\"valueName\":\"search_term_string\"}}],\"inLanguage\":\"de\"},{\"@type\":\"Organization\",\"@id\":\"https:\/\/www.swissraft.ch\/de\/#organization\",\"name\":\"Swissraft\",\"url\":\"https:\/\/www.swissraft.ch\/de\/\",\"logo\":{\"@type\":\"ImageObject\",\"inLanguage\":\"de\",\"@id\":\"https:\/\/www.swissraft.ch\/de\/#\/schema\/logo\/image\/\",\"url\":\"https:\/\/www.swissraft.ch\/wp-content\/uploads\/2025\/09\/Capture.jpg\",\"contentUrl\":\"https:\/\/www.swissraft.ch\/wp-content\/uploads\/2025\/09\/Capture.jpg\",\"width\":293,\"height\":108,\"caption\":\"Swissraft\"},\"image\":{\"@id\":\"https:\/\/www.swissraft.ch\/de\/#\/schema\/logo\/image\/\"}}]}<\/script>\n<!-- \/ Yoast SEO plugin. -->","yoast_head_json":{"title":"Rundflug Rundfl\u00fcge 60 Min. Helikopterrundfl\u00fcge ab Sitten","description":"Rundflug Rundfl\u00fcge 60 Min. Sie haben die Wahl zwischen 4 Fl\u00fcgen von 60 Minuten Dauer. Diese Fl\u00fcge bringen Sie zu den Wundern des Wallis","robots":{"index":"index","follow":"follow","max-snippet":"max-snippet:-1","max-image-preview":"max-image-preview:large","max-video-preview":"max-video-preview:-1"},"canonical":"https:\/\/www.swissraft.ch\/de\/produkt\/sitten-rundflug-rundfluege-60-min\/","og_locale":"de_DE","og_type":"article","og_title":"Rundflug Rundfl\u00fcge 60 Min. Helikopterrundfl\u00fcge ab Sitten","og_description":"Rundflug Rundfl\u00fcge 60 Min. Sie haben die Wahl zwischen 4 Fl\u00fcgen von 60 Minuten Dauer. Diese Fl\u00fcge bringen Sie zu den Wundern des Wallis","og_url":"https:\/\/www.swissraft.ch\/de\/produkt\/sitten-rundflug-rundfluege-60-min\/","og_site_name":"Swissraft","article_modified_time":"2026-04-24T02:29:58+00:00","og_image":[{"width":776,"height":776,"url":"https:\/\/www.swissraft.ch\/wp-content\/uploads\/2022\/12\/11-SITTEN-Rundfluge-60-Minuten-776x776-2.jpg","type":"image\/jpeg"}],"twitter_card":"summary_large_image","twitter_misc":{"Gesch\u00e4tzte Lesezeit":"1\u00a0Minute"},"schema":{"@context":"https:\/\/schema.org","@graph":[{"@type":"WebPage","@id":"https:\/\/www.swissraft.ch\/de\/produkt\/sitten-rundflug-rundfluege-60-min\/","url":"https:\/\/www.swissraft.ch\/de\/produkt\/sitten-rundflug-rundfluege-60-min\/","name":"Rundflug Rundfl\u00fcge 60 Min. Helikopterrundfl\u00fcge ab Sitten","isPartOf":{"@id":"https:\/\/www.swissraft.ch\/de\/#website"},"primaryImageOfPage":{"@id":"https:\/\/www.swissraft.ch\/de\/produkt\/sitten-rundflug-rundfluege-60-min\/#primaryimage"},"image":{"@id":"https:\/\/www.swissraft.ch\/de\/produkt\/sitten-rundflug-rundfluege-60-min\/#primaryimage"},"thumbnailUrl":"https:\/\/www.swissraft.ch\/wp-content\/uploads\/2022\/12\/11-SITTEN-Rundfluge-60-Minuten-776x776-2.jpg","datePublished":"2022-12-27T18:00:03+00:00","dateModified":"2026-04-24T02:29:58+00:00","description":"Rundflug Rundfl\u00fcge 60 Min. Sie haben die Wahl zwischen 4 Fl\u00fcgen von 60 Minuten Dauer. Diese Fl\u00fcge bringen Sie zu den Wundern des Wallis","breadcrumb":{"@id":"https:\/\/www.swissraft.ch\/de\/produkt\/sitten-rundflug-rundfluege-60-min\/#breadcrumb"},"inLanguage":"de","potentialAction":[{"@type":"ReadAction","target":["https:\/\/www.swissraft.ch\/de\/produkt\/sitten-rundflug-rundfluege-60-min\/"]}]},{"@type":"ImageObject","inLanguage":"de","@id":"https:\/\/www.swissraft.ch\/de\/produkt\/sitten-rundflug-rundfluege-60-min\/#primaryimage","url":"https:\/\/www.swissraft.ch\/wp-content\/uploads\/2022\/12\/11-SITTEN-Rundfluge-60-Minuten-776x776-2.jpg","contentUrl":"https:\/\/www.swissraft.ch\/wp-content\/uploads\/2022\/12\/11-SITTEN-Rundfluge-60-Minuten-776x776-2.jpg","width":776,"height":776,"caption":"Rundflug Rundfl\u00fcge von 60 Min. mit einem Helikopter ab Sitten"},{"@type":"BreadcrumbList","@id":"https:\/\/www.swissraft.ch\/de\/produkt\/sitten-rundflug-rundfluege-60-min\/#breadcrumb","itemListElement":[{"@type":"ListItem","position":1,"name":"Accueil","item":"https:\/\/www.swissraft.ch\/de\/"},{"@type":"ListItem","position":2,"name":"Shop","item":"https:\/\/www.swissraft.ch\/de\/shop\/"},{"@type":"ListItem","position":3,"name":"Helikopterflug &#8211; Sitten &#8211; Runfl\u00fcge &#8211; 60 Min. &#8211; CHF 2&rsquo;900.00"}]},{"@type":"WebSite","@id":"https:\/\/www.swissraft.ch\/de\/#website","url":"https:\/\/www.swissraft.ch\/de\/","name":"Swissraft","description":"To enjoy nature as it is","publisher":{"@id":"https:\/\/www.swissraft.ch\/de\/#organization"},"potentialAction":[{"@type":"SearchAction","target":{"@type":"EntryPoint","urlTemplate":"https:\/\/www.swissraft.ch\/de\/?s={search_term_string}"},"query-input":{"@type":"PropertyValueSpecification","valueRequired":true,"valueName":"search_term_string"}}],"inLanguage":"de"},{"@type":"Organization","@id":"https:\/\/www.swissraft.ch\/de\/#organization","name":"Swissraft","url":"https:\/\/www.swissraft.ch\/de\/","logo":{"@type":"ImageObject","inLanguage":"de","@id":"https:\/\/www.swissraft.ch\/de\/#\/schema\/logo\/image\/","url":"https:\/\/www.swissraft.ch\/wp-content\/uploads\/2025\/09\/Capture.jpg","contentUrl":"https:\/\/www.swissraft.ch\/wp-content\/uploads\/2025\/09\/Capture.jpg","width":293,"height":108,"caption":"Swissraft"},"image":{"@id":"https:\/\/www.swissraft.ch\/de\/#\/schema\/logo\/image\/"}}]}},"_links":{"self":[{"href":"https:\/\/www.swissraft.ch\/de\/wp-json\/wp\/v2\/product\/91792","targetHints":{"allow":["GET"]}}],"collection":[{"href":"https:\/\/www.swissraft.ch\/de\/wp-json\/wp\/v2\/product"}],"about":[{"href":"https:\/\/www.swissraft.ch\/de\/wp-json\/wp\/v2\/types\/product"}],"replies":[{"embeddable":true,"href":"https:\/\/www.swissraft.ch\/de\/wp-json\/wp\/v2\/comments?post=91792"}],"version-history":[{"count":29,"href":"https:\/\/www.swissraft.ch\/de\/wp-json\/wp\/v2\/product\/91792\/revisions"}],"predecessor-version":[{"id":141639,"href":"https:\/\/www.swissraft.ch\/de\/wp-json\/wp\/v2\/product\/91792\/revisions\/141639"}],"wp:featuredmedia":[{"embeddable":true,"href":"https:\/\/www.swissraft.ch\/de\/wp-json\/wp\/v2\/media\/86956"}],"wp:attachment":[{"href":"https:\/\/www.swissraft.ch\/de\/wp-json\/wp\/v2\/media?parent=91792"}],"wp:term":[{"taxonomy":"product_cat","embeddable":true,"href":"https:\/\/www.swissraft.ch\/de\/wp-json\/wp\/v2\/product_cat?post=91792"},{"taxonomy":"product_tag","embeddable":true,"href":"https:\/\/www.swissraft.ch\/de\/wp-json\/wp\/v2\/product_tag?post=91792"}],"curies":[{"name":"wp","href":"https:\/\/api.w.org\/{rel}","templated":true}]}}