{"id":91788,"date":"2022-12-27T18:54:50","date_gmt":"2022-12-27T17:54:50","guid":{"rendered":"https:\/\/swissraft.xyanzkdne.eu\/product\/hubschrauberflug-ab-sion-trois-sommets-45-min-ab-chf-1645-00\/"},"modified":"2026-04-24T01:40:18","modified_gmt":"2026-04-23T23:40:18","slug":"sitten-rundflug-drei-gipfel","status":"publish","type":"product","link":"https:\/\/www.swissraft.ch\/de\/produkt\/sitten-rundflug-drei-gipfel\/","title":{"rendered":"Helikopterflug &#8211; Sitten &#8211; Drei GipfeI &#8211; 45 Min. &#8211; Ab CHF 1&#8217;645.00"},"content":{"rendered":"\t\t<div data-elementor-type=\"wp-post\" data-elementor-id=\"91788\" class=\"elementor elementor-91788 elementor-30160\">\n\t\t\t\t\t\t\t\t\t<section class=\"elementor-section elementor-top-section elementor-element elementor-element-3303a7e3 elementor-section-boxed elementor-section-height-default elementor-section-height-default\" data-id=\"3303a7e3\" data-element_type=\"section\">\n\t\t\t\t\t\t<div class=\"elementor-container elementor-column-gap-default\">\n\t\t\t\t\t<div class=\"elementor-column elementor-col-100 elementor-top-column elementor-element elementor-element-16d72dbf\" data-id=\"16d72dbf\" data-element_type=\"column\">\n\t\t\t<div class=\"elementor-widget-wrap elementor-element-populated\">\n\t\t\t\t\t\t\t\t<div class=\"elementor-element elementor-element-d743c03 elementor-widget elementor-widget-text-editor\" data-id=\"d743c03\" data-element_type=\"widget\" data-widget_type=\"text-editor.default\">\n\t\t\t\t<div class=\"elementor-widget-container\">\n\t\t\t\t\t\t\t<h2>W\u00c4HLEN SIE UNTEN IHRE AKTIVIT\u00c4T AUS, UM GESCHENKGUTSCHEINE \/ TICKETS ZU VERSCHENKEN ODER ZU BUCHEN<\/h2><table border=\"0\" width=\"580\" cellspacing=\"10\" cellpadding=\"10\"><tbody><tr><td width=\"50%\"><strong>RUNDFLUG &#8211; DREI GIPFEL &#8211; PRIVATFLUG (1-7 Pers.) &#8211; 45 Min.<\/strong><\/td><td><strong>Ab CHF 1&#8217;645.00 pro Privatflug<span class=\"productPrice\"><br \/><\/span><\/strong><\/td><\/tr><tr><td>Zus\u00e4tzliche Informationen<\/td><td>&#8211; Sie haben den Helikopter ausschlie\u00dflich f\u00fcr sich<br \/>&#8211; Sie bestimmen das Datum und die Uhrzeit des Abflugs<br \/>&#8211; Maximum 7 Pers.<\/td><\/tr><tr><td>Flughafen<\/td><td><a href=\"https:\/\/www.google.com\/maps\/place\/46%C2%B013'15.8%22N+7%C2%B020'44.2%22E\/@46.2211112,7.3434278,390m\/data=!3m1!1e3!4m4!3m3!8m2!3d46.2210556!4d7.3456111?entry=ttu\" target=\"_blank\" rel=\"noopener\">Sitten<\/a><\/td><\/tr><tr><td>Flugzeit<\/td><td>45 Min.<\/td><\/tr><tr><td>Gesamtdauer<\/td><td>ca. 1:15 Std.<\/td><\/tr><tr><td>Termin<\/td><td>Per Telefon<\/td><\/tr><tr><td><button class=\"elementor-button\" type=\"button\"><a href=\"https:\/\/swissraft.outdoorbooking.ch\/fo\/products\/596?base_id=138&amp;category_id=6&amp;order_type=gift_voucher&amp;lang=de\" target=\"_blank\" rel=\"noopener\">GUTSCHEIN \/ TICKET KAUFEN<\/a><\/button><\/td><td><strong>CHF 1&#8217;645.00 &#8211; Privatflug (1-4 Pers.)<\/strong><\/td><\/tr><tr><td><button class=\"elementor-button\" type=\"button\"><a href=\"https:\/\/swissraft.outdoorbooking.ch\/fo\/products\/597?base_id=139&amp;category_id=6&amp;order_type=gift_voucher&amp;lang=de\" target=\"_blank\" rel=\"noopener\">GUTSCHEIN \/ TICKET KAUFEN<\/a><\/button><\/td><td><strong>CHF 2&#8217;040.00 &#8211; Privatflug (5 Pers.)<\/strong><\/td><\/tr><tr><td><button class=\"elementor-button\" type=\"button\"><a href=\"https:\/\/swissraft.outdoorbooking.ch\/fo\/products\/599?base_id=142&amp;category_id=6&amp;order_type=gift_voucher&amp;lang=de\" target=\"_blank\" rel=\"noopener\">GUTSCHEIN \/ TICKET KAUFEN<\/a><\/button><\/td><td><strong>CHF 5&#8217;020.00 &#8211; Privatflug (6-7 Pers.)<\/strong><\/td><\/tr><tr><td>\u00a0<\/td><td><strong><em>WICHTIG !<\/em><\/strong><br \/><em>Um zu reservieren, rufen Sie die Nummer an, die sich oben links auf dem Gutschein \/ Ticket befindet.<\/em><\/td><\/tr><\/tbody><\/table>\t\t\t\t\t\t<\/div>\n\t\t\t\t<\/div>\n\t\t\t\t\t<\/div>\n\t\t<\/div>\n\t\t\t\t\t\t\t<\/div>\n\t\t<\/section>\n\t\t\t\t\t\t\t<\/div>\n\t\t","protected":false},"excerpt":{"rendered":"<div align=\"justify\">\n<h2 align=\"justify\">Entdecken Sie die sch\u00f6nsten Gipfel Europas aus dem Helikopter.<\/h2>\n<h3>Entdecken Sie von Sitten im Wallis aus die 3 sch\u00f6nsten Berge Europas: den Mont Blanc, den Grand Combin und das Matterhorn.<\/h3>\n<\/div>\n<div align=\"justify\">\n<p>Sie starten vom Flughafen Sion aus bequem in einem unserer Helikopter zu einem 45-min\u00fctigen Flug. Sie fahren abwechselnd zum Mont Blanc Massiv, zum Grand Combin und zum Matterhorn Massiv. Dieser Flug wird Sie nicht gleichg\u00fcltig lassen.<\/p>\n<h3>Sie haben eine gro\u00dfe Auswahl an Fl\u00fcgen auf der Swissraft-Website, dank eines umfangreichen Netzwerks von Helikopterlandepl\u00e4tzen und Flugpl\u00e4tzen in der Schweiz.<\/h3>\n<p id=\"textarea\" style=\"display: none;\">\nWir haben auch Abfl\u00fcge von den Heliports Gampel und Collombey im Wallis. Zum einen starten wir vom Flugplatz \u00c9pagny im Greyerzerland im Kanton Freiburg. Au\u00dferdem starten wir von Pfaffnau im Kanton Luzern und von Erstfeld im Kanton Uri. Au\u00dferdem starten wir vom Heliport Gstaad-Grund und vom Flugplatz Saanen im Berner Oberland. Aber auch von den Heliports Lauterbrunnen, Schattenhalb-Meiringen, Lenk-Simmental und Interlaken-Gsteigwiler, ebenfalls im Berner Oberland. Dar\u00fcber hinaus haben wir Fl\u00fcge von den internationalen Flugh\u00e4fen Z\u00fcrich-Kloten und Bern-Belp. Sowie im Kanton Aargau vom Flugplatz Buttwil aus. Gleichzeitig haben wir Fl\u00fcge in den Kanton Schwyz von K\u00fcssnacht und in den Kanton Solothurn von Grenchen aus. Danach starten wir auch in der Ostschweiz vom Flugplatz Sitterdorf und in Liechtenstein vom Heliport Balzers aus. Dar\u00fcber hinaus bieten wir das ganze Jahr \u00fcber Helikopterrundfl\u00fcge ab Samedan im Engadin an. Au\u00dferdem werden Rundfl\u00fcge vom Heliport in St. Moritz im Winter. Auch in Graub\u00fcnden f\u00fchren wir Rundfl\u00fcge von den Heliports Tavanasa, Flims und Untervaz aus durch. Ebenso wie im Tessin bieten wir Fl\u00fcge von den Flugh\u00e4fen Locarno und Lodrino an.\n<\/p>\n<p><a id=\"seeMore\" onclick=\"toggleSeeMore()\" href=\"javascript:void(0);\">Lesen Sie mehr<\/a><\/p>\n","protected":false},"featured_media":86896,"comment_status":"open","ping_status":"closed","template":"","meta":{"inline_featured_image":false,"_mi_skip_tracking":false},"product_cat":[263,317],"product_tag":[],"class_list":["post-91788","product","type-product","status-publish","has-post-thumbnail","hentry","product_cat-helikopterflug-in-der-schweiz","product_cat-helikopterflug-rundflug-sitten"],"yoast_head":"<!-- This site is optimized with the Yoast SEO plugin v23.6 - https:\/\/yoast.com\/wordpress\/plugins\/seo\/ -->\n<title>Rundflug Drei Gipfel im Helikopter von Sitten aus. Flug von 45 Min.<\/title>\n<meta name=\"description\" content=\"Rundflug Drei Gipfel von Sitten aus mit dem Helikopter; ein 45-min\u00fctiger Flug \u00fcber den Mont Blanc, den Grand Combin und das Matterhorn-Massiv\" \/>\n<meta name=\"robots\" content=\"index, follow, max-snippet:-1, max-image-preview:large, max-video-preview:-1\" \/>\n<link rel=\"canonical\" href=\"https:\/\/www.swissraft.ch\/de\/produkt\/sitten-rundflug-drei-gipfel\/\" \/>\n<meta property=\"og:locale\" content=\"de_DE\" \/>\n<meta property=\"og:type\" content=\"article\" \/>\n<meta property=\"og:title\" content=\"Rundflug Drei Gipfel im Helikopter von Sitten aus. Flug von 45 Min.\" \/>\n<meta property=\"og:description\" content=\"Rundflug Drei Gipfel von Sitten aus mit dem Helikopter; ein 45-min\u00fctiger Flug \u00fcber den Mont Blanc, den Grand Combin und das Matterhorn-Massiv\" \/>\n<meta property=\"og:url\" content=\"https:\/\/www.swissraft.ch\/de\/produkt\/sitten-rundflug-drei-gipfel\/\" \/>\n<meta property=\"og:site_name\" content=\"Swissraft\" \/>\n<meta property=\"article:modified_time\" content=\"2026-04-23T23:40:18+00:00\" \/>\n<meta property=\"og:image\" content=\"https:\/\/www.swissraft.ch\/wp-content\/uploads\/2022\/12\/10-SITTEN-Die-3-schonsten-Gipfel-776x776-2.jpg\" \/>\n\t<meta property=\"og:image:width\" content=\"776\" \/>\n\t<meta property=\"og:image:height\" content=\"776\" \/>\n\t<meta property=\"og:image:type\" content=\"image\/jpeg\" \/>\n<meta name=\"twitter:card\" content=\"summary_large_image\" \/>\n<meta name=\"twitter:label1\" content=\"Gesch\u00e4tzte Lesezeit\" \/>\n\t<meta name=\"twitter:data1\" content=\"1\u00a0Minute\" \/>\n<script type=\"application\/ld+json\" class=\"yoast-schema-graph\">{\"@context\":\"https:\/\/schema.org\",\"@graph\":[{\"@type\":\"WebPage\",\"@id\":\"https:\/\/www.swissraft.ch\/de\/produkt\/sitten-rundflug-drei-gipfel\/\",\"url\":\"https:\/\/www.swissraft.ch\/de\/produkt\/sitten-rundflug-drei-gipfel\/\",\"name\":\"Rundflug Drei Gipfel im Helikopter von Sitten aus. Flug von 45 Min.\",\"isPartOf\":{\"@id\":\"https:\/\/www.swissraft.ch\/de\/#website\"},\"primaryImageOfPage\":{\"@id\":\"https:\/\/www.swissraft.ch\/de\/produkt\/sitten-rundflug-drei-gipfel\/#primaryimage\"},\"image\":{\"@id\":\"https:\/\/www.swissraft.ch\/de\/produkt\/sitten-rundflug-drei-gipfel\/#primaryimage\"},\"thumbnailUrl\":\"https:\/\/www.swissraft.ch\/wp-content\/uploads\/2022\/12\/10-SITTEN-Die-3-schonsten-Gipfel-776x776-2.jpg\",\"datePublished\":\"2022-12-27T17:54:50+00:00\",\"dateModified\":\"2026-04-23T23:40:18+00:00\",\"description\":\"Rundflug Drei Gipfel von Sitten aus mit dem Helikopter; ein 45-min\u00fctiger Flug \u00fcber den Mont Blanc, den Grand Combin und das Matterhorn-Massiv\",\"breadcrumb\":{\"@id\":\"https:\/\/www.swissraft.ch\/de\/produkt\/sitten-rundflug-drei-gipfel\/#breadcrumb\"},\"inLanguage\":\"de\",\"potentialAction\":[{\"@type\":\"ReadAction\",\"target\":[\"https:\/\/www.swissraft.ch\/de\/produkt\/sitten-rundflug-drei-gipfel\/\"]}]},{\"@type\":\"ImageObject\",\"inLanguage\":\"de\",\"@id\":\"https:\/\/www.swissraft.ch\/de\/produkt\/sitten-rundflug-drei-gipfel\/#primaryimage\",\"url\":\"https:\/\/www.swissraft.ch\/wp-content\/uploads\/2022\/12\/10-SITTEN-Die-3-schonsten-Gipfel-776x776-2.jpg\",\"contentUrl\":\"https:\/\/www.swissraft.ch\/wp-content\/uploads\/2022\/12\/10-SITTEN-Die-3-schonsten-Gipfel-776x776-2.jpg\",\"width\":776,\"height\":776,\"caption\":\"Rundflug Drei Gipfel mit einem Helikopter ab Sitten\"},{\"@type\":\"BreadcrumbList\",\"@id\":\"https:\/\/www.swissraft.ch\/de\/produkt\/sitten-rundflug-drei-gipfel\/#breadcrumb\",\"itemListElement\":[{\"@type\":\"ListItem\",\"position\":1,\"name\":\"Accueil\",\"item\":\"https:\/\/www.swissraft.ch\/de\/\"},{\"@type\":\"ListItem\",\"position\":2,\"name\":\"Shop\",\"item\":\"https:\/\/www.swissraft.ch\/de\/shop\/\"},{\"@type\":\"ListItem\",\"position\":3,\"name\":\"Helikopterflug &#8211; Sitten &#8211; Drei GipfeI &#8211; 45 Min. &#8211; Ab CHF 1&rsquo;645.00\"}]},{\"@type\":\"WebSite\",\"@id\":\"https:\/\/www.swissraft.ch\/de\/#website\",\"url\":\"https:\/\/www.swissraft.ch\/de\/\",\"name\":\"Swissraft\",\"description\":\"To enjoy nature as it is\",\"publisher\":{\"@id\":\"https:\/\/www.swissraft.ch\/de\/#organization\"},\"potentialAction\":[{\"@type\":\"SearchAction\",\"target\":{\"@type\":\"EntryPoint\",\"urlTemplate\":\"https:\/\/www.swissraft.ch\/de\/?s={search_term_string}\"},\"query-input\":{\"@type\":\"PropertyValueSpecification\",\"valueRequired\":true,\"valueName\":\"search_term_string\"}}],\"inLanguage\":\"de\"},{\"@type\":\"Organization\",\"@id\":\"https:\/\/www.swissraft.ch\/de\/#organization\",\"name\":\"Swissraft\",\"url\":\"https:\/\/www.swissraft.ch\/de\/\",\"logo\":{\"@type\":\"ImageObject\",\"inLanguage\":\"de\",\"@id\":\"https:\/\/www.swissraft.ch\/de\/#\/schema\/logo\/image\/\",\"url\":\"https:\/\/www.swissraft.ch\/wp-content\/uploads\/2025\/09\/Capture.jpg\",\"contentUrl\":\"https:\/\/www.swissraft.ch\/wp-content\/uploads\/2025\/09\/Capture.jpg\",\"width\":293,\"height\":108,\"caption\":\"Swissraft\"},\"image\":{\"@id\":\"https:\/\/www.swissraft.ch\/de\/#\/schema\/logo\/image\/\"}}]}<\/script>\n<!-- \/ Yoast SEO plugin. -->","yoast_head_json":{"title":"Rundflug Drei Gipfel im Helikopter von Sitten aus. Flug von 45 Min.","description":"Rundflug Drei Gipfel von Sitten aus mit dem Helikopter; ein 45-min\u00fctiger Flug \u00fcber den Mont Blanc, den Grand Combin und das Matterhorn-Massiv","robots":{"index":"index","follow":"follow","max-snippet":"max-snippet:-1","max-image-preview":"max-image-preview:large","max-video-preview":"max-video-preview:-1"},"canonical":"https:\/\/www.swissraft.ch\/de\/produkt\/sitten-rundflug-drei-gipfel\/","og_locale":"de_DE","og_type":"article","og_title":"Rundflug Drei Gipfel im Helikopter von Sitten aus. Flug von 45 Min.","og_description":"Rundflug Drei Gipfel von Sitten aus mit dem Helikopter; ein 45-min\u00fctiger Flug \u00fcber den Mont Blanc, den Grand Combin und das Matterhorn-Massiv","og_url":"https:\/\/www.swissraft.ch\/de\/produkt\/sitten-rundflug-drei-gipfel\/","og_site_name":"Swissraft","article_modified_time":"2026-04-23T23:40:18+00:00","og_image":[{"width":776,"height":776,"url":"https:\/\/www.swissraft.ch\/wp-content\/uploads\/2022\/12\/10-SITTEN-Die-3-schonsten-Gipfel-776x776-2.jpg","type":"image\/jpeg"}],"twitter_card":"summary_large_image","twitter_misc":{"Gesch\u00e4tzte Lesezeit":"1\u00a0Minute"},"schema":{"@context":"https:\/\/schema.org","@graph":[{"@type":"WebPage","@id":"https:\/\/www.swissraft.ch\/de\/produkt\/sitten-rundflug-drei-gipfel\/","url":"https:\/\/www.swissraft.ch\/de\/produkt\/sitten-rundflug-drei-gipfel\/","name":"Rundflug Drei Gipfel im Helikopter von Sitten aus. Flug von 45 Min.","isPartOf":{"@id":"https:\/\/www.swissraft.ch\/de\/#website"},"primaryImageOfPage":{"@id":"https:\/\/www.swissraft.ch\/de\/produkt\/sitten-rundflug-drei-gipfel\/#primaryimage"},"image":{"@id":"https:\/\/www.swissraft.ch\/de\/produkt\/sitten-rundflug-drei-gipfel\/#primaryimage"},"thumbnailUrl":"https:\/\/www.swissraft.ch\/wp-content\/uploads\/2022\/12\/10-SITTEN-Die-3-schonsten-Gipfel-776x776-2.jpg","datePublished":"2022-12-27T17:54:50+00:00","dateModified":"2026-04-23T23:40:18+00:00","description":"Rundflug Drei Gipfel von Sitten aus mit dem Helikopter; ein 45-min\u00fctiger Flug \u00fcber den Mont Blanc, den Grand Combin und das Matterhorn-Massiv","breadcrumb":{"@id":"https:\/\/www.swissraft.ch\/de\/produkt\/sitten-rundflug-drei-gipfel\/#breadcrumb"},"inLanguage":"de","potentialAction":[{"@type":"ReadAction","target":["https:\/\/www.swissraft.ch\/de\/produkt\/sitten-rundflug-drei-gipfel\/"]}]},{"@type":"ImageObject","inLanguage":"de","@id":"https:\/\/www.swissraft.ch\/de\/produkt\/sitten-rundflug-drei-gipfel\/#primaryimage","url":"https:\/\/www.swissraft.ch\/wp-content\/uploads\/2022\/12\/10-SITTEN-Die-3-schonsten-Gipfel-776x776-2.jpg","contentUrl":"https:\/\/www.swissraft.ch\/wp-content\/uploads\/2022\/12\/10-SITTEN-Die-3-schonsten-Gipfel-776x776-2.jpg","width":776,"height":776,"caption":"Rundflug Drei Gipfel mit einem Helikopter ab Sitten"},{"@type":"BreadcrumbList","@id":"https:\/\/www.swissraft.ch\/de\/produkt\/sitten-rundflug-drei-gipfel\/#breadcrumb","itemListElement":[{"@type":"ListItem","position":1,"name":"Accueil","item":"https:\/\/www.swissraft.ch\/de\/"},{"@type":"ListItem","position":2,"name":"Shop","item":"https:\/\/www.swissraft.ch\/de\/shop\/"},{"@type":"ListItem","position":3,"name":"Helikopterflug &#8211; Sitten &#8211; Drei GipfeI &#8211; 45 Min. &#8211; Ab CHF 1&rsquo;645.00"}]},{"@type":"WebSite","@id":"https:\/\/www.swissraft.ch\/de\/#website","url":"https:\/\/www.swissraft.ch\/de\/","name":"Swissraft","description":"To enjoy nature as it is","publisher":{"@id":"https:\/\/www.swissraft.ch\/de\/#organization"},"potentialAction":[{"@type":"SearchAction","target":{"@type":"EntryPoint","urlTemplate":"https:\/\/www.swissraft.ch\/de\/?s={search_term_string}"},"query-input":{"@type":"PropertyValueSpecification","valueRequired":true,"valueName":"search_term_string"}}],"inLanguage":"de"},{"@type":"Organization","@id":"https:\/\/www.swissraft.ch\/de\/#organization","name":"Swissraft","url":"https:\/\/www.swissraft.ch\/de\/","logo":{"@type":"ImageObject","inLanguage":"de","@id":"https:\/\/www.swissraft.ch\/de\/#\/schema\/logo\/image\/","url":"https:\/\/www.swissraft.ch\/wp-content\/uploads\/2025\/09\/Capture.jpg","contentUrl":"https:\/\/www.swissraft.ch\/wp-content\/uploads\/2025\/09\/Capture.jpg","width":293,"height":108,"caption":"Swissraft"},"image":{"@id":"https:\/\/www.swissraft.ch\/de\/#\/schema\/logo\/image\/"}}]}},"_links":{"self":[{"href":"https:\/\/www.swissraft.ch\/de\/wp-json\/wp\/v2\/product\/91788","targetHints":{"allow":["GET"]}}],"collection":[{"href":"https:\/\/www.swissraft.ch\/de\/wp-json\/wp\/v2\/product"}],"about":[{"href":"https:\/\/www.swissraft.ch\/de\/wp-json\/wp\/v2\/types\/product"}],"replies":[{"embeddable":true,"href":"https:\/\/www.swissraft.ch\/de\/wp-json\/wp\/v2\/comments?post=91788"}],"version-history":[{"count":26,"href":"https:\/\/www.swissraft.ch\/de\/wp-json\/wp\/v2\/product\/91788\/revisions"}],"predecessor-version":[{"id":141561,"href":"https:\/\/www.swissraft.ch\/de\/wp-json\/wp\/v2\/product\/91788\/revisions\/141561"}],"wp:featuredmedia":[{"embeddable":true,"href":"https:\/\/www.swissraft.ch\/de\/wp-json\/wp\/v2\/media\/86896"}],"wp:attachment":[{"href":"https:\/\/www.swissraft.ch\/de\/wp-json\/wp\/v2\/media?parent=91788"}],"wp:term":[{"taxonomy":"product_cat","embeddable":true,"href":"https:\/\/www.swissraft.ch\/de\/wp-json\/wp\/v2\/product_cat?post=91788"},{"taxonomy":"product_tag","embeddable":true,"href":"https:\/\/www.swissraft.ch\/de\/wp-json\/wp\/v2\/product_tag?post=91788"}],"curies":[{"name":"wp","href":"https:\/\/api.w.org\/{rel}","templated":true}]}}