{"id":91783,"date":"2022-12-27T19:14:41","date_gmt":"2022-12-27T18:14:41","guid":{"rendered":"https:\/\/swissraft.xyanzkdne.eu\/product\/hubschrauberflug-ab-sion-au-fil-de-leau-60-min-chf-2800-00\/"},"modified":"2025-04-18T00:47:12","modified_gmt":"2025-04-17T22:47:12","slug":"helikopterflug-sitten-entlang-der-gewaesser","status":"publish","type":"product","link":"https:\/\/www.swissraft.ch\/de\/produkt\/helikopterflug-sitten-entlang-der-gewaesser\/","title":{"rendered":"Helikopterflug ab SITTEN &#8211; ENTLANG DER GEW\u00c4SSER &#8211; 60 min. &#8211; CHF 2&#8217;900.00"},"content":{"rendered":"\t\t<div data-elementor-type=\"wp-post\" data-elementor-id=\"91783\" class=\"elementor elementor-91783 elementor-30182\">\n\t\t\t\t\t\t\t\t\t<section class=\"elementor-section elementor-top-section elementor-element elementor-element-3303a7e3 elementor-section-boxed elementor-section-height-default elementor-section-height-default\" data-id=\"3303a7e3\" data-element_type=\"section\">\n\t\t\t\t\t\t<div class=\"elementor-container elementor-column-gap-default\">\n\t\t\t\t\t<div class=\"elementor-column elementor-col-100 elementor-top-column elementor-element elementor-element-16d72dbf\" data-id=\"16d72dbf\" data-element_type=\"column\">\n\t\t\t<div class=\"elementor-widget-wrap elementor-element-populated\">\n\t\t\t\t\t\t\t\t<div class=\"elementor-element elementor-element-d743c03 elementor-widget elementor-widget-text-editor\" data-id=\"d743c03\" data-element_type=\"widget\" data-widget_type=\"text-editor.default\">\n\t\t\t\t<div class=\"elementor-widget-container\">\n\t\t\t\t\t\t\t<h2>W\u00c4HLEN SIE UNTEN IHRE AKTIVIT\u00c4T AUS, UM GESCHENKGUTSCHEINE \/ TICKETS ZU VERSCHENKEN ODER ZU BUCHEN.<\/h2>\n<table border=\"0\" width=\"580\" cellspacing=\"10\" cellpadding=\"10\">\n<tbody>\n<tr>\n<td width=\"50%\"><strong>ENTLANG DER GEW\u00c4SSER &#8211; PRIVATER FLUG (1-5 pax) &#8211; 60 Min.<\/strong><\/td>\n<td><strong>CHF 2&#8217;900.00 pro Privatflug<span class=\"productPrice\"><br \/><\/span><\/strong><\/td>\n<\/tr>\n<tr>\n<td>Weitere Informationen<\/td>\n<td>&#8211; Sie haben den Helikopter ausschlie\u00dflich f\u00fcr sich<br \/>&#8211; Sie bestimmen das Datum und die Uhrzeit des Abflugs<br \/>&#8211; Maximal 5 Pers.<\/td>\n<\/tr>\n<tr>\n<td>Flughafen<\/td>\n<td><a href=\"https:\/\/www.google.com\/maps\/place\/Rte+de+l'A%C3%A9roport+25,+1950+Sion\/@46.2214572,7.3447093,390m\/data=!3m1!1e3!4m6!3m5!1s0x478edc1547f1513f:0xa0e6ee925c2d9a5b!8m2!3d46.2214387!4d7.3468926!16s%2Fg%2F11c1x0w_h5?entry=ttu\" target=\"_blank\" rel=\"noopener\">Sitten<\/a><\/td>\n<\/tr>\n<tr>\n<td>Flugzeit<\/td>\n<td>60 Min.<\/td>\n<\/tr>\n<tr>\n<td>Gesamtdauer<\/td>\n<td>ca. 1,5 Std.<\/td>\n<\/tr>\n<tr>\n<td>Terminvereinbarung<\/td>\n<td>Per Telefon<\/td>\n<\/tr>\n<tr>\n<td><button class=\"elementor-button\" type=\"button\"><a href=\"https:\/\/swissraft.outdoorbooking.ch\/fo\/products\/1604?base_id=137&amp;category_id=6&amp;order_type=gift_voucher&amp;lang=de\" target=\"_blank\" rel=\"noopener\">GUTSCHEIN KAUFEN<\/a><\/button><\/td>\n<td><strong>CHF 2&#8217;900.00 &#8211; Privatflug (1-5 Pers.)<\/strong><\/td>\n<\/tr>\n<tr>\n<td> <\/td>\n<td>Um zu buchen : <span class=\"patt\" style=\"font-family: inherit; font-size: inherit;\"><span class=\"plbl\"><span class=\"patt\"><a href=\"https:\/\/www.swissraft.ch\/de\/kontakt\/\">Kontaktieren Sie uns<\/a><\/span><\/span><\/span><\/td>\n<\/tr>\n<\/tbody>\n<\/table>\n\t\t\t\t\t\t<\/div>\n\t\t\t\t<\/div>\n\t\t\t\t\t<\/div>\n\t\t<\/div>\n\t\t\t\t\t\t\t<\/div>\n\t\t<\/section>\n\t\t\t\t\t\t\t<\/div>\n\t\t","protected":false},"excerpt":{"rendered":"<div align=\"justify\">\n<h2 align=\"justify\">Entdecken Sie auf diesem 60-min\u00fctigen Flug die Seen, Staud\u00e4mme und Gletscher des Wallis.<\/h2>\n<h3>Ein 60-min\u00fctiger Hubschrauberrundflug von Sion aus mit einer Vielzahl von au\u00dfergew\u00f6hnlichen Panoramen aus der Luft.<\/h3>\n<\/div>\n<div align=\"justify\">\n<p>An Bord unseres Helikopters von Sitten im Wallis aus fliegen Sie \u00fcber den Tsanfleuron-Gletscher in Savi\u00e8se. Es folgen der Plaine Morte Gletscher in Montana, der Gemmi Fluss in Leuk und der Moiry Staudamm in Zinal. Dann der Grande-Dixence-Staudamm im Val d&#8217;H\u00e9rens, der Mauvoisin-Staudamm am Ende des Val de Bagnes. Sie fahren weiter zu den Seen von Emosson und Salanfe im Unterwallis usw., bevor Sie nach Sitten zur\u00fcckkehren.<\/p>\n<h3>Wir bieten Ihnen nicht weniger als 150 Helikopterrouten in der ganzen Schweiz in unserem Internetkatalog an.<\/h3>\n<p id=\"textarea\" style=\"display: none;\">Wir haben Fl\u00fcge von den Heliports Collombey und Gampel im Wallis. Zum einen starten wir vom Flugplatz \u00c9pagny im Kanton Freiburg. Andererseits starten wir von Pfaffnau im Kanton Luzern und von Erstfeld im Kanton Uri. Au\u00dferdem haben wir Rundfl\u00fcge vom Heliport Gstaad-Grund und vom Flugplatz Saanen im Berner Oberland im Angebot. Au\u00dferdem gibt es Rundfl\u00fcge von den Heliports Lauterbrunnen, Schattenhalb-Meiringen, Lenk-Simmental und Interlaken-Gsteigwiler. Ebenso bieten wir Rundreisen von den internationalen Flugh\u00e4fen Z\u00fcrich-Kloten und Bern-Belp an. Sowie im Kanton Aargau vom Flugplatz Buttwil aus. Au\u00dferdem starten wir von K\u00fcssnacht im Kanton Schwyz und von Grenchen im Kanton Solothurn. Dann haben wir Rundfl\u00fcge vom Flugplatz Sitterdorf in der Ostschweiz und in Liechtenstein vom Hubschrauberlandeplatz Balzers aus. Au\u00dferdem bieten wir Fl\u00fcge ins Engadin ab Samedan an. Im Winter gibt es auch Fl\u00fcge vom Heliport in St. Moritz. Daneben bieten wir in Graub\u00fcnden weiterhin Hubschrauberfl\u00fcge von den Heliports Tavanasa, Flims und Untervaz an. Wir bieten auch Helikopterfl\u00fcge von den Flugpl\u00e4tzen Locarno-Magadino und Lodrino im Tessin an.\n<\/p>\n<p><a id=\"seeMore\" onclick=\"toggleSeeMore()\" href=\"javascript:void(0);\">Lesen Sie mehr<\/a><\/p>\n","protected":false},"featured_media":86986,"comment_status":"open","ping_status":"closed","template":"","meta":{"inline_featured_image":false,"_mi_skip_tracking":false},"product_cat":[263,317],"product_tag":[],"class_list":["post-91783","product","type-product","status-publish","has-post-thumbnail","hentry","product_cat-helikopterflug-in-der-schweiz","product_cat-helikopterrundflug-sitten"],"yoast_head":"<!-- This site is optimized with the Yoast SEO plugin v23.6 - https:\/\/yoast.com\/wordpress\/plugins\/seo\/ -->\n<title>Mit dem Helikopter ab Sitten \u00fcber das Wasser. Ein 60-min\u00fctiger Flug<\/title>\n<meta name=\"description\" content=\"Ein 60-min\u00fctiger Helikopterflug von Sitten \u00fcber die Ebenen, Seen und Staud\u00e4mme des Wallis.\" \/>\n<meta name=\"robots\" content=\"index, follow, max-snippet:-1, max-image-preview:large, max-video-preview:-1\" \/>\n<link rel=\"canonical\" href=\"https:\/\/www.swissraft.ch\/de\/produkt\/helikopterflug-sitten-entlang-der-gewaesser\/\" \/>\n<meta property=\"og:locale\" content=\"de_DE\" \/>\n<meta property=\"og:type\" content=\"article\" \/>\n<meta property=\"og:title\" content=\"Mit dem Helikopter ab Sitten \u00fcber das Wasser. Ein 60-min\u00fctiger Flug\" \/>\n<meta property=\"og:description\" content=\"Ein 60-min\u00fctiger Helikopterflug von Sitten \u00fcber die Ebenen, Seen und Staud\u00e4mme des Wallis.\" \/>\n<meta property=\"og:url\" content=\"https:\/\/www.swissraft.ch\/de\/produkt\/helikopterflug-sitten-entlang-der-gewaesser\/\" \/>\n<meta property=\"og:site_name\" content=\"Swissraft\" \/>\n<meta property=\"article:modified_time\" content=\"2025-04-17T22:47:12+00:00\" \/>\n<meta property=\"og:image\" content=\"https:\/\/www.swissraft.ch\/wp-content\/uploads\/2022\/12\/14-Entlang-der-Gewasser-776x776-2.jpg\" \/>\n\t<meta property=\"og:image:width\" content=\"776\" \/>\n\t<meta property=\"og:image:height\" content=\"776\" \/>\n\t<meta property=\"og:image:type\" content=\"image\/jpeg\" \/>\n<meta name=\"twitter:card\" content=\"summary_large_image\" \/>\n<meta name=\"twitter:label1\" content=\"Gesch\u00e4tzte Lesezeit\" \/>\n\t<meta name=\"twitter:data1\" content=\"1\u00a0Minute\" \/>\n<script type=\"application\/ld+json\" class=\"yoast-schema-graph\">{\"@context\":\"https:\/\/schema.org\",\"@graph\":[{\"@type\":\"WebPage\",\"@id\":\"https:\/\/www.swissraft.ch\/de\/produkt\/helikopterflug-sitten-entlang-der-gewaesser\/\",\"url\":\"https:\/\/www.swissraft.ch\/de\/produkt\/helikopterflug-sitten-entlang-der-gewaesser\/\",\"name\":\"Mit dem Helikopter ab Sitten \u00fcber das Wasser. Ein 60-min\u00fctiger Flug\",\"isPartOf\":{\"@id\":\"https:\/\/www.swissraft.ch\/de\/#website\"},\"primaryImageOfPage\":{\"@id\":\"https:\/\/www.swissraft.ch\/de\/produkt\/helikopterflug-sitten-entlang-der-gewaesser\/#primaryimage\"},\"image\":{\"@id\":\"https:\/\/www.swissraft.ch\/de\/produkt\/helikopterflug-sitten-entlang-der-gewaesser\/#primaryimage\"},\"thumbnailUrl\":\"https:\/\/www.swissraft.ch\/wp-content\/uploads\/2022\/12\/14-Entlang-der-Gewasser-776x776-2.jpg\",\"datePublished\":\"2022-12-27T18:14:41+00:00\",\"dateModified\":\"2025-04-17T22:47:12+00:00\",\"description\":\"Ein 60-min\u00fctiger Helikopterflug von Sitten \u00fcber die Ebenen, Seen und Staud\u00e4mme des Wallis.\",\"breadcrumb\":{\"@id\":\"https:\/\/www.swissraft.ch\/de\/produkt\/helikopterflug-sitten-entlang-der-gewaesser\/#breadcrumb\"},\"inLanguage\":\"de\",\"potentialAction\":[{\"@type\":\"ReadAction\",\"target\":[\"https:\/\/www.swissraft.ch\/de\/produkt\/helikopterflug-sitten-entlang-der-gewaesser\/\"]}]},{\"@type\":\"ImageObject\",\"inLanguage\":\"de\",\"@id\":\"https:\/\/www.swissraft.ch\/de\/produkt\/helikopterflug-sitten-entlang-der-gewaesser\/#primaryimage\",\"url\":\"https:\/\/www.swissraft.ch\/wp-content\/uploads\/2022\/12\/14-Entlang-der-Gewasser-776x776-2.jpg\",\"contentUrl\":\"https:\/\/www.swissraft.ch\/wp-content\/uploads\/2022\/12\/14-Entlang-der-Gewasser-776x776-2.jpg\",\"width\":776,\"height\":776,\"caption\":\"Hubschrauberflug entlang des Wassers ab Sion\"},{\"@type\":\"BreadcrumbList\",\"@id\":\"https:\/\/www.swissraft.ch\/de\/produkt\/helikopterflug-sitten-entlang-der-gewaesser\/#breadcrumb\",\"itemListElement\":[{\"@type\":\"ListItem\",\"position\":1,\"name\":\"Accueil\",\"item\":\"https:\/\/www.swissraft.ch\/de\/\"},{\"@type\":\"ListItem\",\"position\":2,\"name\":\"Shop\",\"item\":\"https:\/\/www.swissraft.ch\/de\/shop\/\"},{\"@type\":\"ListItem\",\"position\":3,\"name\":\"Helikopterflug ab SITTEN &#8211; ENTLANG DER GEW\u00c4SSER &#8211; 60 min. &#8211; CHF 2&#8217;900.00\"}]},{\"@type\":\"WebSite\",\"@id\":\"https:\/\/www.swissraft.ch\/de\/#website\",\"url\":\"https:\/\/www.swissraft.ch\/de\/\",\"name\":\"Swissraft\",\"description\":\"To enjoy nature as it is\",\"publisher\":{\"@id\":\"https:\/\/www.swissraft.ch\/de\/#organization\"},\"potentialAction\":[{\"@type\":\"SearchAction\",\"target\":{\"@type\":\"EntryPoint\",\"urlTemplate\":\"https:\/\/www.swissraft.ch\/de\/?s={search_term_string}\"},\"query-input\":{\"@type\":\"PropertyValueSpecification\",\"valueRequired\":true,\"valueName\":\"search_term_string\"}}],\"inLanguage\":\"de\"},{\"@type\":\"Organization\",\"@id\":\"https:\/\/www.swissraft.ch\/de\/#organization\",\"name\":\"Swissraft\",\"url\":\"https:\/\/www.swissraft.ch\/de\/\",\"logo\":{\"@type\":\"ImageObject\",\"inLanguage\":\"de\",\"@id\":\"https:\/\/www.swissraft.ch\/de\/#\/schema\/logo\/image\/\",\"url\":\"https:\/\/www.swissraft.ch\/wp-content\/uploads\/2025\/09\/Capture.jpg\",\"contentUrl\":\"https:\/\/www.swissraft.ch\/wp-content\/uploads\/2025\/09\/Capture.jpg\",\"width\":293,\"height\":108,\"caption\":\"Swissraft\"},\"image\":{\"@id\":\"https:\/\/www.swissraft.ch\/de\/#\/schema\/logo\/image\/\"}}]}<\/script>\n<!-- \/ Yoast SEO plugin. -->","yoast_head_json":{"title":"Mit dem Helikopter ab Sitten \u00fcber das Wasser. Ein 60-min\u00fctiger Flug","description":"Ein 60-min\u00fctiger Helikopterflug von Sitten \u00fcber die Ebenen, Seen und Staud\u00e4mme des Wallis.","robots":{"index":"index","follow":"follow","max-snippet":"max-snippet:-1","max-image-preview":"max-image-preview:large","max-video-preview":"max-video-preview:-1"},"canonical":"https:\/\/www.swissraft.ch\/de\/produkt\/helikopterflug-sitten-entlang-der-gewaesser\/","og_locale":"de_DE","og_type":"article","og_title":"Mit dem Helikopter ab Sitten \u00fcber das Wasser. Ein 60-min\u00fctiger Flug","og_description":"Ein 60-min\u00fctiger Helikopterflug von Sitten \u00fcber die Ebenen, Seen und Staud\u00e4mme des Wallis.","og_url":"https:\/\/www.swissraft.ch\/de\/produkt\/helikopterflug-sitten-entlang-der-gewaesser\/","og_site_name":"Swissraft","article_modified_time":"2025-04-17T22:47:12+00:00","og_image":[{"width":776,"height":776,"url":"https:\/\/www.swissraft.ch\/wp-content\/uploads\/2022\/12\/14-Entlang-der-Gewasser-776x776-2.jpg","type":"image\/jpeg"}],"twitter_card":"summary_large_image","twitter_misc":{"Gesch\u00e4tzte Lesezeit":"1\u00a0Minute"},"schema":{"@context":"https:\/\/schema.org","@graph":[{"@type":"WebPage","@id":"https:\/\/www.swissraft.ch\/de\/produkt\/helikopterflug-sitten-entlang-der-gewaesser\/","url":"https:\/\/www.swissraft.ch\/de\/produkt\/helikopterflug-sitten-entlang-der-gewaesser\/","name":"Mit dem Helikopter ab Sitten \u00fcber das Wasser. Ein 60-min\u00fctiger Flug","isPartOf":{"@id":"https:\/\/www.swissraft.ch\/de\/#website"},"primaryImageOfPage":{"@id":"https:\/\/www.swissraft.ch\/de\/produkt\/helikopterflug-sitten-entlang-der-gewaesser\/#primaryimage"},"image":{"@id":"https:\/\/www.swissraft.ch\/de\/produkt\/helikopterflug-sitten-entlang-der-gewaesser\/#primaryimage"},"thumbnailUrl":"https:\/\/www.swissraft.ch\/wp-content\/uploads\/2022\/12\/14-Entlang-der-Gewasser-776x776-2.jpg","datePublished":"2022-12-27T18:14:41+00:00","dateModified":"2025-04-17T22:47:12+00:00","description":"Ein 60-min\u00fctiger Helikopterflug von Sitten \u00fcber die Ebenen, Seen und Staud\u00e4mme des Wallis.","breadcrumb":{"@id":"https:\/\/www.swissraft.ch\/de\/produkt\/helikopterflug-sitten-entlang-der-gewaesser\/#breadcrumb"},"inLanguage":"de","potentialAction":[{"@type":"ReadAction","target":["https:\/\/www.swissraft.ch\/de\/produkt\/helikopterflug-sitten-entlang-der-gewaesser\/"]}]},{"@type":"ImageObject","inLanguage":"de","@id":"https:\/\/www.swissraft.ch\/de\/produkt\/helikopterflug-sitten-entlang-der-gewaesser\/#primaryimage","url":"https:\/\/www.swissraft.ch\/wp-content\/uploads\/2022\/12\/14-Entlang-der-Gewasser-776x776-2.jpg","contentUrl":"https:\/\/www.swissraft.ch\/wp-content\/uploads\/2022\/12\/14-Entlang-der-Gewasser-776x776-2.jpg","width":776,"height":776,"caption":"Hubschrauberflug entlang des Wassers ab Sion"},{"@type":"BreadcrumbList","@id":"https:\/\/www.swissraft.ch\/de\/produkt\/helikopterflug-sitten-entlang-der-gewaesser\/#breadcrumb","itemListElement":[{"@type":"ListItem","position":1,"name":"Accueil","item":"https:\/\/www.swissraft.ch\/de\/"},{"@type":"ListItem","position":2,"name":"Shop","item":"https:\/\/www.swissraft.ch\/de\/shop\/"},{"@type":"ListItem","position":3,"name":"Helikopterflug ab SITTEN &#8211; ENTLANG DER GEW\u00c4SSER &#8211; 60 min. &#8211; CHF 2&#8217;900.00"}]},{"@type":"WebSite","@id":"https:\/\/www.swissraft.ch\/de\/#website","url":"https:\/\/www.swissraft.ch\/de\/","name":"Swissraft","description":"To enjoy nature as it is","publisher":{"@id":"https:\/\/www.swissraft.ch\/de\/#organization"},"potentialAction":[{"@type":"SearchAction","target":{"@type":"EntryPoint","urlTemplate":"https:\/\/www.swissraft.ch\/de\/?s={search_term_string}"},"query-input":{"@type":"PropertyValueSpecification","valueRequired":true,"valueName":"search_term_string"}}],"inLanguage":"de"},{"@type":"Organization","@id":"https:\/\/www.swissraft.ch\/de\/#organization","name":"Swissraft","url":"https:\/\/www.swissraft.ch\/de\/","logo":{"@type":"ImageObject","inLanguage":"de","@id":"https:\/\/www.swissraft.ch\/de\/#\/schema\/logo\/image\/","url":"https:\/\/www.swissraft.ch\/wp-content\/uploads\/2025\/09\/Capture.jpg","contentUrl":"https:\/\/www.swissraft.ch\/wp-content\/uploads\/2025\/09\/Capture.jpg","width":293,"height":108,"caption":"Swissraft"},"image":{"@id":"https:\/\/www.swissraft.ch\/de\/#\/schema\/logo\/image\/"}}]}},"_links":{"self":[{"href":"https:\/\/www.swissraft.ch\/de\/wp-json\/wp\/v2\/product\/91783","targetHints":{"allow":["GET"]}}],"collection":[{"href":"https:\/\/www.swissraft.ch\/de\/wp-json\/wp\/v2\/product"}],"about":[{"href":"https:\/\/www.swissraft.ch\/de\/wp-json\/wp\/v2\/types\/product"}],"replies":[{"embeddable":true,"href":"https:\/\/www.swissraft.ch\/de\/wp-json\/wp\/v2\/comments?post=91783"}],"version-history":[{"count":13,"href":"https:\/\/www.swissraft.ch\/de\/wp-json\/wp\/v2\/product\/91783\/revisions"}],"predecessor-version":[{"id":113312,"href":"https:\/\/www.swissraft.ch\/de\/wp-json\/wp\/v2\/product\/91783\/revisions\/113312"}],"wp:featuredmedia":[{"embeddable":true,"href":"https:\/\/www.swissraft.ch\/de\/wp-json\/wp\/v2\/media\/86986"}],"wp:attachment":[{"href":"https:\/\/www.swissraft.ch\/de\/wp-json\/wp\/v2\/media?parent=91783"}],"wp:term":[{"taxonomy":"product_cat","embeddable":true,"href":"https:\/\/www.swissraft.ch\/de\/wp-json\/wp\/v2\/product_cat?post=91783"},{"taxonomy":"product_tag","embeddable":true,"href":"https:\/\/www.swissraft.ch\/de\/wp-json\/wp\/v2\/product_tag?post=91783"}],"curies":[{"name":"wp","href":"https:\/\/api.w.org\/{rel}","templated":true}]}}