{"id":91779,"date":"2022-12-27T19:08:19","date_gmt":"2022-12-27T18:08:19","guid":{"rendered":"https:\/\/swissraft.xyanzkdne.eu\/product\/hubschrauberflug-ab-sion-les-5-geants-60-min-ab-chf-2160-00\/"},"modified":"2025-04-17T17:31:20","modified_gmt":"2025-04-17T15:31:20","slug":"helikopterflug-sitten-die-5-riesen","status":"publish","type":"product","link":"https:\/\/www.swissraft.ch\/de\/produkt\/helikopterflug-sitten-die-5-riesen\/","title":{"rendered":"Helikopterflug von SITTEN &#8211; DER MUST &#8211; 60 Min. &#8211; Ab CHF 2&#8217;160.00"},"content":{"rendered":"\t\t<div data-elementor-type=\"wp-post\" data-elementor-id=\"91779\" class=\"elementor elementor-91779 elementor-30176\">\n\t\t\t\t\t\t\t\t\t<section class=\"elementor-section elementor-top-section elementor-element elementor-element-3303a7e3 elementor-section-boxed elementor-section-height-default elementor-section-height-default\" data-id=\"3303a7e3\" data-element_type=\"section\">\n\t\t\t\t\t\t<div class=\"elementor-container elementor-column-gap-default\">\n\t\t\t\t\t<div class=\"elementor-column elementor-col-100 elementor-top-column elementor-element elementor-element-16d72dbf\" data-id=\"16d72dbf\" data-element_type=\"column\">\n\t\t\t<div class=\"elementor-widget-wrap elementor-element-populated\">\n\t\t\t\t\t\t\t\t<div class=\"elementor-element elementor-element-d743c03 elementor-widget elementor-widget-text-editor\" data-id=\"d743c03\" data-element_type=\"widget\" data-widget_type=\"text-editor.default\">\n\t\t\t\t<div class=\"elementor-widget-container\">\n\t\t\t\t\t\t\t<h2>W\u00c4HLEN SIE UNTEN IHRE AKTIVIT\u00c4T AUS, UM GESCHENKGUTSCHEINE \/ TICKETS ZU VERSCHENKEN ODER ZU BUCHEN.<\/h2>\n<table border=\"0\" width=\"580\" cellspacing=\"10\" cellpadding=\"10\">\n<tbody>\n<tr>\n<td width=\"50%\"><strong>DER MUST &#8211; PRIVATFLUG (1-7 pax) &#8211; 60 Min.<\/strong><\/td>\n<td><strong>Ab CHF 2&#8217;160.00 pro Privatflug<span class=\"productPrice\"><br \/><\/span><\/strong><\/td>\n<\/tr>\n<tr>\n<td>Weitere Informationen<\/td>\n<td>&#8211; Sie haben den Helikopter ausschlie\u00dflich f\u00fcr sich<br \/>&#8211; Sie bestimmen das Datum und die Uhrzeit des Abflugs<br \/>&#8211; Maximal 7 Pers.<\/td>\n<\/tr>\n<tr>\n<td>Flughafen<\/td>\n<td><a href=\"https:\/\/www.google.com\/maps\/place\/46%C2%B013'15.8%22N+7%C2%B020'44.2%22E\/@46.2211112,7.3434278,390m\/data=!3m1!1e3!4m4!3m3!8m2!3d46.2210556!4d7.3456111?entry=ttu\" target=\"_blank\" rel=\"noopener\">Sitten<\/a><\/td>\n<\/tr>\n<tr>\n<td>Flugzeit<\/td>\n<td>60 Min.<\/td>\n<\/tr>\n<tr>\n<td>Gesamtdauer<\/td>\n<td>ca. 1,5 Std.<\/td>\n<\/tr>\n<tr>\n<td>Terminvereinbarung<\/td>\n<td>Per Telefon<\/td>\n<\/tr>\n<tr>\n<td><button class=\"elementor-button\" type=\"button\"><a href=\"https:\/\/swissraft.outdoorbooking.ch\/fo\/products\/600?base_id=138&amp;category_id=6&amp;order_type=gift_voucher&amp;lang=de\" target=\"_blank\" rel=\"noopener\">GUTSCHEIN KAUFEN<\/a><\/button><\/td>\n<td><strong>CHF 2&#8217;160.00 &#8211; Privatflug (1-4 Pers.)<\/strong><\/td>\n<\/tr>\n<tr>\n<td><button class=\"elementor-button\" type=\"button\"><a href=\"https:\/\/swissraft.outdoorbooking.ch\/fo\/products\/601?base_id=139&amp;category_id=6&amp;order_type=gift_voucher&amp;lang=de\" target=\"_blank\" rel=\"noopener\">GUTSCHEIN KAUFEN<\/a><\/button><\/td>\n<td><strong>CHF 2&#8217;680.00 &#8211; Privatflug (5 Pers.)<\/strong><\/td>\n<\/tr>\n<tr>\n<td><button class=\"elementor-button\" type=\"button\"><a href=\"https:\/\/swissraft.outdoorbooking.ch\/fo\/products\/603?base_id=142&amp;category_id=6&amp;order_type=gift_voucher&amp;lang=de\" target=\"_blank\" rel=\"noopener\">GUTSCHEIN KAUFEN<\/a><\/button><\/td>\n<td><strong>CHF 6&#8217;635.00 &#8211; Privatflug (6-7 Pers.)<\/strong><\/td>\n<\/tr>\n<tr>\n<td> <\/td>\n<td>Um zu buchen : <span class=\"patt\" style=\"font-family: inherit; font-size: inherit;\"><span class=\"plbl\"><span class=\"patt\"><a href=\"https:\/\/www.swissraft.ch\/de\/kontakt\/\">Kontaktieren Sie uns<\/a><\/span><\/span><\/span><\/td>\n<\/tr>\n<\/tbody>\n<\/table>\n\t\t\t\t\t\t<\/div>\n\t\t\t\t<\/div>\n\t\t\t\t\t<\/div>\n\t\t<\/div>\n\t\t\t\t\t\t\t<\/div>\n\t\t<\/section>\n\t\t\t\t\t\t\t<\/div>\n\t\t","protected":false},"excerpt":{"rendered":"<div align=\"justify\">\n<h2 align=\"justify\">Sie fliegen \u00fcber 5 mythische Gipfel, die zu den ber\u00fchmtesten der Alpenkette geh\u00f6ren.<\/h2>\n<h3>Dieser 60-min\u00fctige Flug von Sitten aus ist ein Klassiker. Er f\u00fchrt Sie \u00fcber Gipfel, die vom ewigen Schnee unber\u00fchrt sind. <\/h3>\n<\/div>\n<div align=\"justify\">\n<p>In einem unserer Helikcopter fliegen Sie nach dem Start vom Flughafen Sion zum Mont-Blanc-Massiv. Dann fahren Sie entlang der Grandes Jorasses und \u00fcberfliegen den Grand Combin, den h\u00f6chsten Gipfel des Wallis. Zum Abschluss der Reise fliegen Sie \u00fcber das Matterhorn und den Monte Rosa, bevor Sie sich in Sion ausruhen.<\/p>\n<h3>Swissraft bietet Ihnen auf seiner Website einen Katalog mit \u00fcber 150 Fl\u00fcgen in der Schweiz.<\/h3>\n<p id=\"textarea\" style=\"display: none;\">\nAu\u00dferdem starten wir von den Heliports Gampel und Collombey im Wallis. Sowie \u00fcber das Greyerzerland vom Flugplatz \u00c9pagny im Kanton Freiburg. Aber auch Pfaffnau im Kanton Luzern und Erstfeld im Kanton Uri. Au\u00dferdem haben wir Rundfl\u00fcge vom Heliport Gstaad-Grund und vom Flugplatz Saanen im Berner Oberland im Angebot. Sowie von den Helikopterlandepl\u00e4tzen Lauterbrunnen, Schattenhalb-Meiringen, Lenk-Simmental und Interlaken-Gsteigwiler ebenfalls im Berner Oberland. Wir bieten auch Fl\u00fcge von den internationalen Flugh\u00e4fen Z\u00fcrich-Kloten und Bern-Belp an. Sowie vom Flugplatz Buttwil im Kanton Aargau. Dar\u00fcber hinaus starten wir im Kanton Schwyz von K\u00fcssnacht und im Kanton Solothurn von Grenchen. Einerseits haben wir Rundfl\u00fcge in der Ostschweiz ab dem Flugplatz Sitterdorf und in Liechtenstein ab dem Heliport Balzers. Au\u00dferdem bieten wir Fl\u00fcge ins Engadin ab Samedan an. Und Helikopterfl\u00fcge vom Heliport in St. Moritz im Winter. Aber auch in Graub\u00fcnden bieten wir weiterhin Rundfl\u00fcge von den Heliports Tavanasa, Flims und Untervaz aus an. Wir bieten auch Helikopterfl\u00fcge von den Flugpl\u00e4tzen Locarno und Lodrino im Tessin an.\n<\/p>\n<p><a id=\"seeMore\" onclick=\"toggleSeeMore()\" href=\"javascript:void(0);\">Lesen Sie mehr<\/a><\/p>\n","protected":false},"featured_media":86941,"comment_status":"open","ping_status":"closed","template":"","meta":{"inline_featured_image":false,"_mi_skip_tracking":false},"product_cat":[263,317],"product_tag":[],"class_list":["post-91779","product","type-product","status-publish","has-post-thumbnail","hentry","product_cat-helikopterflug-in-der-schweiz","product_cat-helikopterrundflug-sitten"],"yoast_head":"<!-- This site is optimized with the Yoast SEO plugin v23.6 - https:\/\/yoast.com\/wordpress\/plugins\/seo\/ -->\n<title>Der Must mit dem Helikopter von Sitten aus. Ein 60-min\u00fctiger Flug<\/title>\n<meta name=\"description\" content=\"Der Must im Helikopter von Sitten aus. Ein 60-min\u00fctiger Flug, der Sie \u00fcber die 5 bekanntesten Gipfel des Alpenbogens f\u00fchrt. Ein Klassiker\" \/>\n<meta name=\"robots\" content=\"index, follow, max-snippet:-1, max-image-preview:large, max-video-preview:-1\" \/>\n<link rel=\"canonical\" href=\"https:\/\/www.swissraft.ch\/de\/produkt\/helikopterflug-sitten-die-5-riesen\/\" \/>\n<meta property=\"og:locale\" content=\"de_DE\" \/>\n<meta property=\"og:type\" content=\"article\" \/>\n<meta property=\"og:title\" content=\"Der Must mit dem Helikopter von Sitten aus. Ein 60-min\u00fctiger Flug\" \/>\n<meta property=\"og:description\" content=\"Der Must im Helikopter von Sitten aus. Ein 60-min\u00fctiger Flug, der Sie \u00fcber die 5 bekanntesten Gipfel des Alpenbogens f\u00fchrt. Ein Klassiker\" \/>\n<meta property=\"og:url\" content=\"https:\/\/www.swissraft.ch\/de\/produkt\/helikopterflug-sitten-die-5-riesen\/\" \/>\n<meta property=\"og:site_name\" content=\"Swissraft\" \/>\n<meta property=\"article:modified_time\" content=\"2025-04-17T15:31:20+00:00\" \/>\n<meta property=\"og:image\" content=\"https:\/\/www.swissraft.ch\/wp-content\/uploads\/2022\/12\/13-SITTEN-Die-5-Riesen-776x776-2.jpg\" \/>\n\t<meta property=\"og:image:width\" content=\"776\" \/>\n\t<meta property=\"og:image:height\" content=\"776\" \/>\n\t<meta property=\"og:image:type\" content=\"image\/jpeg\" \/>\n<meta name=\"twitter:card\" content=\"summary_large_image\" \/>\n<meta name=\"twitter:label1\" content=\"Gesch\u00e4tzte Lesezeit\" \/>\n\t<meta name=\"twitter:data1\" content=\"1\u00a0Minute\" \/>\n<script type=\"application\/ld+json\" class=\"yoast-schema-graph\">{\"@context\":\"https:\/\/schema.org\",\"@graph\":[{\"@type\":\"WebPage\",\"@id\":\"https:\/\/www.swissraft.ch\/de\/produkt\/helikopterflug-sitten-die-5-riesen\/\",\"url\":\"https:\/\/www.swissraft.ch\/de\/produkt\/helikopterflug-sitten-die-5-riesen\/\",\"name\":\"Der Must mit dem Helikopter von Sitten aus. Ein 60-min\u00fctiger Flug\",\"isPartOf\":{\"@id\":\"https:\/\/www.swissraft.ch\/de\/#website\"},\"primaryImageOfPage\":{\"@id\":\"https:\/\/www.swissraft.ch\/de\/produkt\/helikopterflug-sitten-die-5-riesen\/#primaryimage\"},\"image\":{\"@id\":\"https:\/\/www.swissraft.ch\/de\/produkt\/helikopterflug-sitten-die-5-riesen\/#primaryimage\"},\"thumbnailUrl\":\"https:\/\/www.swissraft.ch\/wp-content\/uploads\/2022\/12\/13-SITTEN-Die-5-Riesen-776x776-2.jpg\",\"datePublished\":\"2022-12-27T18:08:19+00:00\",\"dateModified\":\"2025-04-17T15:31:20+00:00\",\"description\":\"Der Must im Helikopter von Sitten aus. Ein 60-min\u00fctiger Flug, der Sie \u00fcber die 5 bekanntesten Gipfel des Alpenbogens f\u00fchrt. Ein Klassiker\",\"breadcrumb\":{\"@id\":\"https:\/\/www.swissraft.ch\/de\/produkt\/helikopterflug-sitten-die-5-riesen\/#breadcrumb\"},\"inLanguage\":\"de\",\"potentialAction\":[{\"@type\":\"ReadAction\",\"target\":[\"https:\/\/www.swissraft.ch\/de\/produkt\/helikopterflug-sitten-die-5-riesen\/\"]}]},{\"@type\":\"ImageObject\",\"inLanguage\":\"de\",\"@id\":\"https:\/\/www.swissraft.ch\/de\/produkt\/helikopterflug-sitten-die-5-riesen\/#primaryimage\",\"url\":\"https:\/\/www.swissraft.ch\/wp-content\/uploads\/2022\/12\/13-SITTEN-Die-5-Riesen-776x776-2.jpg\",\"contentUrl\":\"https:\/\/www.swissraft.ch\/wp-content\/uploads\/2022\/12\/13-SITTEN-Die-5-Riesen-776x776-2.jpg\",\"width\":776,\"height\":776,\"caption\":\"Von Sion nach Must mit dem Hubschrauber\"},{\"@type\":\"BreadcrumbList\",\"@id\":\"https:\/\/www.swissraft.ch\/de\/produkt\/helikopterflug-sitten-die-5-riesen\/#breadcrumb\",\"itemListElement\":[{\"@type\":\"ListItem\",\"position\":1,\"name\":\"Accueil\",\"item\":\"https:\/\/www.swissraft.ch\/de\/\"},{\"@type\":\"ListItem\",\"position\":2,\"name\":\"Shop\",\"item\":\"https:\/\/www.swissraft.ch\/de\/shop\/\"},{\"@type\":\"ListItem\",\"position\":3,\"name\":\"Helikopterflug von SITTEN &#8211; DER MUST &#8211; 60 Min. &#8211; Ab CHF 2&#8217;160.00\"}]},{\"@type\":\"WebSite\",\"@id\":\"https:\/\/www.swissraft.ch\/de\/#website\",\"url\":\"https:\/\/www.swissraft.ch\/de\/\",\"name\":\"Swissraft\",\"description\":\"To enjoy nature as it is\",\"publisher\":{\"@id\":\"https:\/\/www.swissraft.ch\/de\/#organization\"},\"potentialAction\":[{\"@type\":\"SearchAction\",\"target\":{\"@type\":\"EntryPoint\",\"urlTemplate\":\"https:\/\/www.swissraft.ch\/de\/?s={search_term_string}\"},\"query-input\":{\"@type\":\"PropertyValueSpecification\",\"valueRequired\":true,\"valueName\":\"search_term_string\"}}],\"inLanguage\":\"de\"},{\"@type\":\"Organization\",\"@id\":\"https:\/\/www.swissraft.ch\/de\/#organization\",\"name\":\"Swissraft\",\"url\":\"https:\/\/www.swissraft.ch\/de\/\",\"logo\":{\"@type\":\"ImageObject\",\"inLanguage\":\"de\",\"@id\":\"https:\/\/www.swissraft.ch\/de\/#\/schema\/logo\/image\/\",\"url\":\"https:\/\/www.swissraft.ch\/wp-content\/uploads\/2025\/09\/Capture.jpg\",\"contentUrl\":\"https:\/\/www.swissraft.ch\/wp-content\/uploads\/2025\/09\/Capture.jpg\",\"width\":293,\"height\":108,\"caption\":\"Swissraft\"},\"image\":{\"@id\":\"https:\/\/www.swissraft.ch\/de\/#\/schema\/logo\/image\/\"}}]}<\/script>\n<!-- \/ Yoast SEO plugin. -->","yoast_head_json":{"title":"Der Must mit dem Helikopter von Sitten aus. Ein 60-min\u00fctiger Flug","description":"Der Must im Helikopter von Sitten aus. Ein 60-min\u00fctiger Flug, der Sie \u00fcber die 5 bekanntesten Gipfel des Alpenbogens f\u00fchrt. Ein Klassiker","robots":{"index":"index","follow":"follow","max-snippet":"max-snippet:-1","max-image-preview":"max-image-preview:large","max-video-preview":"max-video-preview:-1"},"canonical":"https:\/\/www.swissraft.ch\/de\/produkt\/helikopterflug-sitten-die-5-riesen\/","og_locale":"de_DE","og_type":"article","og_title":"Der Must mit dem Helikopter von Sitten aus. Ein 60-min\u00fctiger Flug","og_description":"Der Must im Helikopter von Sitten aus. Ein 60-min\u00fctiger Flug, der Sie \u00fcber die 5 bekanntesten Gipfel des Alpenbogens f\u00fchrt. Ein Klassiker","og_url":"https:\/\/www.swissraft.ch\/de\/produkt\/helikopterflug-sitten-die-5-riesen\/","og_site_name":"Swissraft","article_modified_time":"2025-04-17T15:31:20+00:00","og_image":[{"width":776,"height":776,"url":"https:\/\/www.swissraft.ch\/wp-content\/uploads\/2022\/12\/13-SITTEN-Die-5-Riesen-776x776-2.jpg","type":"image\/jpeg"}],"twitter_card":"summary_large_image","twitter_misc":{"Gesch\u00e4tzte Lesezeit":"1\u00a0Minute"},"schema":{"@context":"https:\/\/schema.org","@graph":[{"@type":"WebPage","@id":"https:\/\/www.swissraft.ch\/de\/produkt\/helikopterflug-sitten-die-5-riesen\/","url":"https:\/\/www.swissraft.ch\/de\/produkt\/helikopterflug-sitten-die-5-riesen\/","name":"Der Must mit dem Helikopter von Sitten aus. Ein 60-min\u00fctiger Flug","isPartOf":{"@id":"https:\/\/www.swissraft.ch\/de\/#website"},"primaryImageOfPage":{"@id":"https:\/\/www.swissraft.ch\/de\/produkt\/helikopterflug-sitten-die-5-riesen\/#primaryimage"},"image":{"@id":"https:\/\/www.swissraft.ch\/de\/produkt\/helikopterflug-sitten-die-5-riesen\/#primaryimage"},"thumbnailUrl":"https:\/\/www.swissraft.ch\/wp-content\/uploads\/2022\/12\/13-SITTEN-Die-5-Riesen-776x776-2.jpg","datePublished":"2022-12-27T18:08:19+00:00","dateModified":"2025-04-17T15:31:20+00:00","description":"Der Must im Helikopter von Sitten aus. Ein 60-min\u00fctiger Flug, der Sie \u00fcber die 5 bekanntesten Gipfel des Alpenbogens f\u00fchrt. Ein Klassiker","breadcrumb":{"@id":"https:\/\/www.swissraft.ch\/de\/produkt\/helikopterflug-sitten-die-5-riesen\/#breadcrumb"},"inLanguage":"de","potentialAction":[{"@type":"ReadAction","target":["https:\/\/www.swissraft.ch\/de\/produkt\/helikopterflug-sitten-die-5-riesen\/"]}]},{"@type":"ImageObject","inLanguage":"de","@id":"https:\/\/www.swissraft.ch\/de\/produkt\/helikopterflug-sitten-die-5-riesen\/#primaryimage","url":"https:\/\/www.swissraft.ch\/wp-content\/uploads\/2022\/12\/13-SITTEN-Die-5-Riesen-776x776-2.jpg","contentUrl":"https:\/\/www.swissraft.ch\/wp-content\/uploads\/2022\/12\/13-SITTEN-Die-5-Riesen-776x776-2.jpg","width":776,"height":776,"caption":"Von Sion nach Must mit dem Hubschrauber"},{"@type":"BreadcrumbList","@id":"https:\/\/www.swissraft.ch\/de\/produkt\/helikopterflug-sitten-die-5-riesen\/#breadcrumb","itemListElement":[{"@type":"ListItem","position":1,"name":"Accueil","item":"https:\/\/www.swissraft.ch\/de\/"},{"@type":"ListItem","position":2,"name":"Shop","item":"https:\/\/www.swissraft.ch\/de\/shop\/"},{"@type":"ListItem","position":3,"name":"Helikopterflug von SITTEN &#8211; DER MUST &#8211; 60 Min. &#8211; Ab CHF 2&#8217;160.00"}]},{"@type":"WebSite","@id":"https:\/\/www.swissraft.ch\/de\/#website","url":"https:\/\/www.swissraft.ch\/de\/","name":"Swissraft","description":"To enjoy nature as it is","publisher":{"@id":"https:\/\/www.swissraft.ch\/de\/#organization"},"potentialAction":[{"@type":"SearchAction","target":{"@type":"EntryPoint","urlTemplate":"https:\/\/www.swissraft.ch\/de\/?s={search_term_string}"},"query-input":{"@type":"PropertyValueSpecification","valueRequired":true,"valueName":"search_term_string"}}],"inLanguage":"de"},{"@type":"Organization","@id":"https:\/\/www.swissraft.ch\/de\/#organization","name":"Swissraft","url":"https:\/\/www.swissraft.ch\/de\/","logo":{"@type":"ImageObject","inLanguage":"de","@id":"https:\/\/www.swissraft.ch\/de\/#\/schema\/logo\/image\/","url":"https:\/\/www.swissraft.ch\/wp-content\/uploads\/2025\/09\/Capture.jpg","contentUrl":"https:\/\/www.swissraft.ch\/wp-content\/uploads\/2025\/09\/Capture.jpg","width":293,"height":108,"caption":"Swissraft"},"image":{"@id":"https:\/\/www.swissraft.ch\/de\/#\/schema\/logo\/image\/"}}]}},"_links":{"self":[{"href":"https:\/\/www.swissraft.ch\/de\/wp-json\/wp\/v2\/product\/91779","targetHints":{"allow":["GET"]}}],"collection":[{"href":"https:\/\/www.swissraft.ch\/de\/wp-json\/wp\/v2\/product"}],"about":[{"href":"https:\/\/www.swissraft.ch\/de\/wp-json\/wp\/v2\/types\/product"}],"replies":[{"embeddable":true,"href":"https:\/\/www.swissraft.ch\/de\/wp-json\/wp\/v2\/comments?post=91779"}],"version-history":[{"count":12,"href":"https:\/\/www.swissraft.ch\/de\/wp-json\/wp\/v2\/product\/91779\/revisions"}],"predecessor-version":[{"id":113054,"href":"https:\/\/www.swissraft.ch\/de\/wp-json\/wp\/v2\/product\/91779\/revisions\/113054"}],"wp:featuredmedia":[{"embeddable":true,"href":"https:\/\/www.swissraft.ch\/de\/wp-json\/wp\/v2\/media\/86941"}],"wp:attachment":[{"href":"https:\/\/www.swissraft.ch\/de\/wp-json\/wp\/v2\/media?parent=91779"}],"wp:term":[{"taxonomy":"product_cat","embeddable":true,"href":"https:\/\/www.swissraft.ch\/de\/wp-json\/wp\/v2\/product_cat?post=91779"},{"taxonomy":"product_tag","embeddable":true,"href":"https:\/\/www.swissraft.ch\/de\/wp-json\/wp\/v2\/product_tag?post=91779"}],"curies":[{"name":"wp","href":"https:\/\/api.w.org\/{rel}","templated":true}]}}