{"id":91776,"date":"2022-12-27T18:30:40","date_gmt":"2022-12-27T17:30:40","guid":{"rendered":"https:\/\/swissraft.xyanzkdne.eu\/product\/hubschrauberflug-ab-sion-fluege-zirkuiten-45-min-ab-chf-1800-00\/"},"modified":"2026-04-24T02:27:28","modified_gmt":"2026-04-24T00:27:28","slug":"sitten-rundflug-rundfluege-45-min","status":"publish","type":"product","link":"https:\/\/www.swissraft.ch\/de\/produkt\/sitten-rundflug-rundfluege-45-min\/","title":{"rendered":"Helikopterflug &#8211; Sitten &#8211; Rundfl\u00fcge &#8211; 45 Min. &#8211; Ab CHF 1&#8217;880.00"},"content":{"rendered":"\t\t<div data-elementor-type=\"wp-post\" data-elementor-id=\"91776\" class=\"elementor elementor-91776 elementor-30145\">\n\t\t\t\t\t\t\t\t\t<section class=\"elementor-section elementor-top-section elementor-element elementor-element-3303a7e3 elementor-section-boxed elementor-section-height-default elementor-section-height-default\" data-id=\"3303a7e3\" data-element_type=\"section\">\n\t\t\t\t\t\t<div class=\"elementor-container elementor-column-gap-default\">\n\t\t\t\t\t<div class=\"elementor-column elementor-col-100 elementor-top-column elementor-element elementor-element-16d72dbf\" data-id=\"16d72dbf\" data-element_type=\"column\">\n\t\t\t<div class=\"elementor-widget-wrap elementor-element-populated\">\n\t\t\t\t\t\t\t\t<div class=\"elementor-element elementor-element-d743c03 elementor-widget elementor-widget-text-editor\" data-id=\"d743c03\" data-element_type=\"widget\" data-widget_type=\"text-editor.default\">\n\t\t\t\t<div class=\"elementor-widget-container\">\n\t\t\t\t\t\t\t<h2>W\u00c4HLEN SIE UNTEN IHRE AKTIVIT\u00c4T AUS, UM GESCHENKGUTSCHEINE \/ TICKETS ZU VERSCHENKEN ODER ZU BUCHEN<\/h2><table border=\"0\" width=\"580\" cellspacing=\"10\" cellpadding=\"10\"><tbody><tr><td width=\"50%\"><strong>RUNDFLUG &#8211; RUNDFL\u00dcGE VON 45 MINUTEN- PRIVATFLUG (1-5 Pers.)<\/strong><\/td><td><strong>Ab CHF 1&#8217;800.00 pro Privatflug<span class=\"productPrice\"><br \/><\/span><\/strong><\/td><\/tr><tr><td>Zus\u00e4tzliche Informationen<\/td><td>&#8211; Sie haben den Helikopter ausschlie\u00dflich f\u00fcr sich<br \/>&#8211; Sie bestimmen das Datum und die Uhrzeit des Abflugs<br \/>&#8211; Maximum 5 Pers.<\/td><\/tr><tr><td>Flughafen<\/td><td><a href=\"https:\/\/www.google.com\/maps\/place\/Rte+de+l'A%C3%A9roport+25,+1950+Sion\/@46.2214572,7.3447093,390m\/data=!3m1!1e3!4m6!3m5!1s0x478edc1547f1513f:0xa0e6ee925c2d9a5b!8m2!3d46.2214387!4d7.3468926!16s%2Fg%2F11c1x0w_h5?entry=ttu\" target=\"_blank\" rel=\"noopener\">Sitten<\/a><\/td><\/tr><tr><td>Flugzeit<\/td><td>45 Min.<\/td><\/tr><tr><td>Gesamtdauer<\/td><td>ca. 1:15 Std.<\/td><\/tr><tr><td>Termin<\/td><td>Per Telefon<\/td><\/tr><tr><td><a href=\"https:\/\/swissraft.outdoorbooking.ch\/fo\/products\/57?base_id=20&amp;category_id=6&amp;order_type=gift_voucher&amp;lang=de\" target=\"_blank\" rel=\"noopener\"><button class=\"elementor-button\" type=\"button\">GUTSCHEIN \/ TICKET KAUFEN<\/button><\/a><\/td><td><strong>CHF 1&#8217;880.00 &#8211; Privatflug (1-4 Pers.)<\/strong><\/td><\/tr><tr><td><a href=\"https:\/\/swissraft.outdoorbooking.ch\/fo\/products\/582?base_id=137&amp;category_id=6&amp;order_type=gift_voucher&amp;lang=de\" target=\"_blank\" rel=\"noopener\"><button class=\"elementor-button\" type=\"button\">GUTSCHEIN \/ TICKET KAUFEN<\/button><\/a><\/td><td><strong>CHF 2&#8217;350.00 &#8211; Privatflug (5 Pers.)<\/strong><\/td><\/tr><tr><td>\u00a0<\/td><td><strong><em>WICHTIG !<\/em><\/strong><br \/><em>Um zu reservieren, rufen Sie die Nummer an, die sich oben links auf dem Gutschein \/ Ticket befindet.<\/em><\/td><\/tr><\/tbody><\/table>\t\t\t\t\t\t<\/div>\n\t\t\t\t<\/div>\n\t\t\t\t\t<\/div>\n\t\t<\/div>\n\t\t\t\t\t\t\t<\/div>\n\t\t<\/section>\n\t\t\t\t\t\t\t<\/div>\n\t\t","protected":false},"excerpt":{"rendered":"<div align=\"justify\">\n<h2 align=\"justify\">Vom Flughafen Sitten im Wallis aus k\u00f6nnen Sie an Bord eines unserer Helikopter gehen und einen 45-min\u00fctigen Rundflug nach Wahl unternehmen.<\/h2>\n<h3>Entdecken Sie das Wallis von oben. Wir haben 4 Helikopterrundfl\u00fcge von jeweils 45 Minuten Dauer f\u00fcr Sie zusammengestellt.<\/h3>\n<\/div>\n<div align=\"justify\">\n<p>Rundflug 13 : Sitten &#8211; Chamoson &#8211; Trient &#8211; Petit-Combin &#8211; Fionnay &#8211; Louvie &#8211; Rosablanche &#8211; Cleuson &#8211; Nendaz &#8211; Sitten<\/p>\n<p>Rundflug 14 : Sitten &#8211; Cleuson &#8211; Rosablanche &#8211; Fionnay &#8211; Mauvoisin &#8211; Otemma &#8211; Cabane des Vignettes &#8211; Arolla &#8211; Evolene &#8211; Heremence &#8211; Sitten<\/p>\n<p>Rundflug 15 : Sitten &#8211; Derborence &#8211; Tsanfleuron-Gletscher &#8211; Wildhorn &#8211; Plaine Morte &#8211; Siders &#8211; Vallon de Rechy &#8211; Nax &#8211; Vex &#8211; Sitten<\/p>\n<p>Rundflug 16 : Sitten &#8211; Vex &#8211; Evolene &#8211; Dent Blanche &#8211; Matterhorn &#8211; Zermatt &#8211; Weisshorn &#8211; Zinal &#8211; Siders &#8211; Sitten<\/p>\n<h3>Sie haben eine Auswahl von 30 Helikoterfl\u00fcgen vom Flughafen Sitten.<\/h3>\n<p id=\"textarea\" style=\"display: none;\">\nWir starten im Wallis auch von den Heliports Collombey und Gampel.<br \/>\nAu\u00dferdem starten wir vom Flugplatz \u00c9pagny im Greyerzerland im Kanton Freiburg. Au\u00dferdem haben wir Fl\u00fcge von Pfaffnau in der N\u00e4he von Luzern und vom Heliport Erstfeld im Kanton Uri. Wir starten auch vom Heliport Gstaad-Grund und vom Flugplatz Saanen im Berner Oberland. Au\u00dferdem haben wir Rundfl\u00fcge von den Heliports Lauterbrunnen, Schattenhalb-Meiringen, Lenk-Simmental und Interlaken-Gsteigwiler auch im Berner Oberland im Angebot. Dar\u00fcber hinaus fliegen wir von den internationalen Flugh\u00e4fen Z\u00fcrich-Kloten und Bern-Belp. Aber auch vom Flugplatz Buttwil im Kanton Aargau. Dar\u00fcber hinaus haben wir Fl\u00fcge von K\u00fcssnacht in den Kanton Schwyz. Aber auch von Grenchen im Kanton Solothurn aus. Au\u00dferdem fliegen wir in der Ostschweiz vom Flugplatz Sitterdorf im Thurgau und in Liechtenstein von Balzers aus. Au\u00dferdem starten wir von Samedan aus, wo wir das ganze Jahr \u00fcber Hubschrauberfl\u00fcge durchf\u00fchren. Sowohl der Heliport in St. Moritz im Winter. In Graub\u00fcnden bieten wir Hubschrauberrundfl\u00fcge von den Heliports Tavanasa, Flims und Untervaz aus an. Im Tessin fliegen wir von den Flugpl\u00e4tzen Locarno-Magadino und Lodrino.\n<\/p>\n<p><a id=\"seeMore\" onclick=\"toggleSeeMore()\" href=\"javascript:void(0);\">Lesen Sie mehr<\/a><\/p>\n","protected":false},"featured_media":86911,"comment_status":"open","ping_status":"closed","template":"","meta":{"inline_featured_image":false,"_mi_skip_tracking":false},"product_cat":[263,317],"product_tag":[],"class_list":["post-91776","product","type-product","status-publish","has-post-thumbnail","hentry","product_cat-helikopterflug-in-der-schweiz","product_cat-helikopterflug-rundflug-sitten"],"yoast_head":"<!-- This site is optimized with the Yoast SEO plugin v23.6 - https:\/\/yoast.com\/wordpress\/plugins\/seo\/ -->\n<title>Rundflug Rundfl\u00fcge 45 Min mit einem Helikopter ab Sitten<\/title>\n<meta name=\"description\" content=\"Rundflug Rundfl\u00fcge 45 Min mit dem Helikopter ab Sitten. Diese Fl\u00fcge erm\u00f6glichen es Ihnen, das Wallis aus einem anderen Blickwinkel zu sehen.\" \/>\n<meta name=\"robots\" content=\"index, follow, max-snippet:-1, max-image-preview:large, max-video-preview:-1\" \/>\n<link rel=\"canonical\" href=\"https:\/\/www.swissraft.ch\/de\/produkt\/sitten-rundflug-rundfluege-45-min\/\" \/>\n<meta property=\"og:locale\" content=\"de_DE\" \/>\n<meta property=\"og:type\" content=\"article\" \/>\n<meta property=\"og:title\" content=\"Rundflug Rundfl\u00fcge 45 Min mit einem Helikopter ab Sitten\" \/>\n<meta property=\"og:description\" content=\"Rundflug Rundfl\u00fcge 45 Min mit dem Helikopter ab Sitten. Diese Fl\u00fcge erm\u00f6glichen es Ihnen, das Wallis aus einem anderen Blickwinkel zu sehen.\" \/>\n<meta property=\"og:url\" content=\"https:\/\/www.swissraft.ch\/de\/produkt\/sitten-rundflug-rundfluege-45-min\/\" \/>\n<meta property=\"og:site_name\" content=\"Swissraft\" \/>\n<meta property=\"article:modified_time\" content=\"2026-04-24T00:27:28+00:00\" \/>\n<meta property=\"og:image\" content=\"https:\/\/www.swissraft.ch\/wp-content\/uploads\/2022\/12\/07-SITTEN-Rundfluge-45-Minuten-776x776-2.jpg\" \/>\n\t<meta property=\"og:image:width\" content=\"776\" \/>\n\t<meta property=\"og:image:height\" content=\"776\" \/>\n\t<meta property=\"og:image:type\" content=\"image\/jpeg\" \/>\n<meta name=\"twitter:card\" content=\"summary_large_image\" \/>\n<meta name=\"twitter:label1\" content=\"Gesch\u00e4tzte Lesezeit\" \/>\n\t<meta name=\"twitter:data1\" content=\"1\u00a0Minute\" \/>\n<script type=\"application\/ld+json\" class=\"yoast-schema-graph\">{\"@context\":\"https:\/\/schema.org\",\"@graph\":[{\"@type\":\"WebPage\",\"@id\":\"https:\/\/www.swissraft.ch\/de\/produkt\/sitten-rundflug-rundfluege-45-min\/\",\"url\":\"https:\/\/www.swissraft.ch\/de\/produkt\/sitten-rundflug-rundfluege-45-min\/\",\"name\":\"Rundflug Rundfl\u00fcge 45 Min mit einem Helikopter ab Sitten\",\"isPartOf\":{\"@id\":\"https:\/\/www.swissraft.ch\/de\/#website\"},\"primaryImageOfPage\":{\"@id\":\"https:\/\/www.swissraft.ch\/de\/produkt\/sitten-rundflug-rundfluege-45-min\/#primaryimage\"},\"image\":{\"@id\":\"https:\/\/www.swissraft.ch\/de\/produkt\/sitten-rundflug-rundfluege-45-min\/#primaryimage\"},\"thumbnailUrl\":\"https:\/\/www.swissraft.ch\/wp-content\/uploads\/2022\/12\/07-SITTEN-Rundfluge-45-Minuten-776x776-2.jpg\",\"datePublished\":\"2022-12-27T17:30:40+00:00\",\"dateModified\":\"2026-04-24T00:27:28+00:00\",\"description\":\"Rundflug Rundfl\u00fcge 45 Min mit dem Helikopter ab Sitten. Diese Fl\u00fcge erm\u00f6glichen es Ihnen, das Wallis aus einem anderen Blickwinkel zu sehen.\",\"breadcrumb\":{\"@id\":\"https:\/\/www.swissraft.ch\/de\/produkt\/sitten-rundflug-rundfluege-45-min\/#breadcrumb\"},\"inLanguage\":\"de\",\"potentialAction\":[{\"@type\":\"ReadAction\",\"target\":[\"https:\/\/www.swissraft.ch\/de\/produkt\/sitten-rundflug-rundfluege-45-min\/\"]}]},{\"@type\":\"ImageObject\",\"inLanguage\":\"de\",\"@id\":\"https:\/\/www.swissraft.ch\/de\/produkt\/sitten-rundflug-rundfluege-45-min\/#primaryimage\",\"url\":\"https:\/\/www.swissraft.ch\/wp-content\/uploads\/2022\/12\/07-SITTEN-Rundfluge-45-Minuten-776x776-2.jpg\",\"contentUrl\":\"https:\/\/www.swissraft.ch\/wp-content\/uploads\/2022\/12\/07-SITTEN-Rundfluge-45-Minuten-776x776-2.jpg\",\"width\":776,\"height\":776,\"caption\":\"Rundflug Rundfl\u00fcge 45 Min mit einem Helikopter ab Sitten\"},{\"@type\":\"BreadcrumbList\",\"@id\":\"https:\/\/www.swissraft.ch\/de\/produkt\/sitten-rundflug-rundfluege-45-min\/#breadcrumb\",\"itemListElement\":[{\"@type\":\"ListItem\",\"position\":1,\"name\":\"Accueil\",\"item\":\"https:\/\/www.swissraft.ch\/de\/\"},{\"@type\":\"ListItem\",\"position\":2,\"name\":\"Shop\",\"item\":\"https:\/\/www.swissraft.ch\/de\/shop\/\"},{\"@type\":\"ListItem\",\"position\":3,\"name\":\"Helikopterflug &#8211; Sitten &#8211; Rundfl\u00fcge &#8211; 45 Min. &#8211; Ab CHF 1&rsquo;880.00\"}]},{\"@type\":\"WebSite\",\"@id\":\"https:\/\/www.swissraft.ch\/de\/#website\",\"url\":\"https:\/\/www.swissraft.ch\/de\/\",\"name\":\"Swissraft\",\"description\":\"To enjoy nature as it is\",\"publisher\":{\"@id\":\"https:\/\/www.swissraft.ch\/de\/#organization\"},\"potentialAction\":[{\"@type\":\"SearchAction\",\"target\":{\"@type\":\"EntryPoint\",\"urlTemplate\":\"https:\/\/www.swissraft.ch\/de\/?s={search_term_string}\"},\"query-input\":{\"@type\":\"PropertyValueSpecification\",\"valueRequired\":true,\"valueName\":\"search_term_string\"}}],\"inLanguage\":\"de\"},{\"@type\":\"Organization\",\"@id\":\"https:\/\/www.swissraft.ch\/de\/#organization\",\"name\":\"Swissraft\",\"url\":\"https:\/\/www.swissraft.ch\/de\/\",\"logo\":{\"@type\":\"ImageObject\",\"inLanguage\":\"de\",\"@id\":\"https:\/\/www.swissraft.ch\/de\/#\/schema\/logo\/image\/\",\"url\":\"https:\/\/www.swissraft.ch\/wp-content\/uploads\/2025\/09\/Capture.jpg\",\"contentUrl\":\"https:\/\/www.swissraft.ch\/wp-content\/uploads\/2025\/09\/Capture.jpg\",\"width\":293,\"height\":108,\"caption\":\"Swissraft\"},\"image\":{\"@id\":\"https:\/\/www.swissraft.ch\/de\/#\/schema\/logo\/image\/\"}}]}<\/script>\n<!-- \/ Yoast SEO plugin. -->","yoast_head_json":{"title":"Rundflug Rundfl\u00fcge 45 Min mit einem Helikopter ab Sitten","description":"Rundflug Rundfl\u00fcge 45 Min mit dem Helikopter ab Sitten. Diese Fl\u00fcge erm\u00f6glichen es Ihnen, das Wallis aus einem anderen Blickwinkel zu sehen.","robots":{"index":"index","follow":"follow","max-snippet":"max-snippet:-1","max-image-preview":"max-image-preview:large","max-video-preview":"max-video-preview:-1"},"canonical":"https:\/\/www.swissraft.ch\/de\/produkt\/sitten-rundflug-rundfluege-45-min\/","og_locale":"de_DE","og_type":"article","og_title":"Rundflug Rundfl\u00fcge 45 Min mit einem Helikopter ab Sitten","og_description":"Rundflug Rundfl\u00fcge 45 Min mit dem Helikopter ab Sitten. Diese Fl\u00fcge erm\u00f6glichen es Ihnen, das Wallis aus einem anderen Blickwinkel zu sehen.","og_url":"https:\/\/www.swissraft.ch\/de\/produkt\/sitten-rundflug-rundfluege-45-min\/","og_site_name":"Swissraft","article_modified_time":"2026-04-24T00:27:28+00:00","og_image":[{"width":776,"height":776,"url":"https:\/\/www.swissraft.ch\/wp-content\/uploads\/2022\/12\/07-SITTEN-Rundfluge-45-Minuten-776x776-2.jpg","type":"image\/jpeg"}],"twitter_card":"summary_large_image","twitter_misc":{"Gesch\u00e4tzte Lesezeit":"1\u00a0Minute"},"schema":{"@context":"https:\/\/schema.org","@graph":[{"@type":"WebPage","@id":"https:\/\/www.swissraft.ch\/de\/produkt\/sitten-rundflug-rundfluege-45-min\/","url":"https:\/\/www.swissraft.ch\/de\/produkt\/sitten-rundflug-rundfluege-45-min\/","name":"Rundflug Rundfl\u00fcge 45 Min mit einem Helikopter ab Sitten","isPartOf":{"@id":"https:\/\/www.swissraft.ch\/de\/#website"},"primaryImageOfPage":{"@id":"https:\/\/www.swissraft.ch\/de\/produkt\/sitten-rundflug-rundfluege-45-min\/#primaryimage"},"image":{"@id":"https:\/\/www.swissraft.ch\/de\/produkt\/sitten-rundflug-rundfluege-45-min\/#primaryimage"},"thumbnailUrl":"https:\/\/www.swissraft.ch\/wp-content\/uploads\/2022\/12\/07-SITTEN-Rundfluge-45-Minuten-776x776-2.jpg","datePublished":"2022-12-27T17:30:40+00:00","dateModified":"2026-04-24T00:27:28+00:00","description":"Rundflug Rundfl\u00fcge 45 Min mit dem Helikopter ab Sitten. Diese Fl\u00fcge erm\u00f6glichen es Ihnen, das Wallis aus einem anderen Blickwinkel zu sehen.","breadcrumb":{"@id":"https:\/\/www.swissraft.ch\/de\/produkt\/sitten-rundflug-rundfluege-45-min\/#breadcrumb"},"inLanguage":"de","potentialAction":[{"@type":"ReadAction","target":["https:\/\/www.swissraft.ch\/de\/produkt\/sitten-rundflug-rundfluege-45-min\/"]}]},{"@type":"ImageObject","inLanguage":"de","@id":"https:\/\/www.swissraft.ch\/de\/produkt\/sitten-rundflug-rundfluege-45-min\/#primaryimage","url":"https:\/\/www.swissraft.ch\/wp-content\/uploads\/2022\/12\/07-SITTEN-Rundfluge-45-Minuten-776x776-2.jpg","contentUrl":"https:\/\/www.swissraft.ch\/wp-content\/uploads\/2022\/12\/07-SITTEN-Rundfluge-45-Minuten-776x776-2.jpg","width":776,"height":776,"caption":"Rundflug Rundfl\u00fcge 45 Min mit einem Helikopter ab Sitten"},{"@type":"BreadcrumbList","@id":"https:\/\/www.swissraft.ch\/de\/produkt\/sitten-rundflug-rundfluege-45-min\/#breadcrumb","itemListElement":[{"@type":"ListItem","position":1,"name":"Accueil","item":"https:\/\/www.swissraft.ch\/de\/"},{"@type":"ListItem","position":2,"name":"Shop","item":"https:\/\/www.swissraft.ch\/de\/shop\/"},{"@type":"ListItem","position":3,"name":"Helikopterflug &#8211; Sitten &#8211; Rundfl\u00fcge &#8211; 45 Min. &#8211; Ab CHF 1&rsquo;880.00"}]},{"@type":"WebSite","@id":"https:\/\/www.swissraft.ch\/de\/#website","url":"https:\/\/www.swissraft.ch\/de\/","name":"Swissraft","description":"To enjoy nature as it is","publisher":{"@id":"https:\/\/www.swissraft.ch\/de\/#organization"},"potentialAction":[{"@type":"SearchAction","target":{"@type":"EntryPoint","urlTemplate":"https:\/\/www.swissraft.ch\/de\/?s={search_term_string}"},"query-input":{"@type":"PropertyValueSpecification","valueRequired":true,"valueName":"search_term_string"}}],"inLanguage":"de"},{"@type":"Organization","@id":"https:\/\/www.swissraft.ch\/de\/#organization","name":"Swissraft","url":"https:\/\/www.swissraft.ch\/de\/","logo":{"@type":"ImageObject","inLanguage":"de","@id":"https:\/\/www.swissraft.ch\/de\/#\/schema\/logo\/image\/","url":"https:\/\/www.swissraft.ch\/wp-content\/uploads\/2025\/09\/Capture.jpg","contentUrl":"https:\/\/www.swissraft.ch\/wp-content\/uploads\/2025\/09\/Capture.jpg","width":293,"height":108,"caption":"Swissraft"},"image":{"@id":"https:\/\/www.swissraft.ch\/de\/#\/schema\/logo\/image\/"}}]}},"_links":{"self":[{"href":"https:\/\/www.swissraft.ch\/de\/wp-json\/wp\/v2\/product\/91776","targetHints":{"allow":["GET"]}}],"collection":[{"href":"https:\/\/www.swissraft.ch\/de\/wp-json\/wp\/v2\/product"}],"about":[{"href":"https:\/\/www.swissraft.ch\/de\/wp-json\/wp\/v2\/types\/product"}],"replies":[{"embeddable":true,"href":"https:\/\/www.swissraft.ch\/de\/wp-json\/wp\/v2\/comments?post=91776"}],"version-history":[{"count":19,"href":"https:\/\/www.swissraft.ch\/de\/wp-json\/wp\/v2\/product\/91776\/revisions"}],"predecessor-version":[{"id":141574,"href":"https:\/\/www.swissraft.ch\/de\/wp-json\/wp\/v2\/product\/91776\/revisions\/141574"}],"wp:featuredmedia":[{"embeddable":true,"href":"https:\/\/www.swissraft.ch\/de\/wp-json\/wp\/v2\/media\/86911"}],"wp:attachment":[{"href":"https:\/\/www.swissraft.ch\/de\/wp-json\/wp\/v2\/media?parent=91776"}],"wp:term":[{"taxonomy":"product_cat","embeddable":true,"href":"https:\/\/www.swissraft.ch\/de\/wp-json\/wp\/v2\/product_cat?post=91776"},{"taxonomy":"product_tag","embeddable":true,"href":"https:\/\/www.swissraft.ch\/de\/wp-json\/wp\/v2\/product_tag?post=91776"}],"curies":[{"name":"wp","href":"https:\/\/api.w.org\/{rel}","templated":true}]}}