{"id":91775,"date":"2022-12-27T19:04:38","date_gmt":"2022-12-27T18:04:38","guid":{"rendered":"https:\/\/swissraft.xyanzkdne.eu\/product\/hubschrauberflug-von-sion-the-big-five-60-min-chf-2800-00\/"},"modified":"2026-04-24T02:59:44","modified_gmt":"2026-04-24T00:59:44","slug":"sitten-rundflug-the-big-five","status":"publish","type":"product","link":"https:\/\/www.swissraft.ch\/de\/produkt\/sitten-rundflug-the-big-five\/","title":{"rendered":"Helikopterflug &#8211; Sitten &#8211; The big five &#8211; 60 Min. &#8211; CHF 2&#8217;900.00"},"content":{"rendered":"\t\t<div data-elementor-type=\"wp-post\" data-elementor-id=\"91775\" class=\"elementor elementor-91775 elementor-30171\">\n\t\t\t\t\t\t\t\t\t<section class=\"elementor-section elementor-top-section elementor-element elementor-element-3303a7e3 elementor-section-boxed elementor-section-height-default elementor-section-height-default\" data-id=\"3303a7e3\" data-element_type=\"section\">\n\t\t\t\t\t\t<div class=\"elementor-container elementor-column-gap-default\">\n\t\t\t\t\t<div class=\"elementor-column elementor-col-100 elementor-top-column elementor-element elementor-element-16d72dbf\" data-id=\"16d72dbf\" data-element_type=\"column\">\n\t\t\t<div class=\"elementor-widget-wrap elementor-element-populated\">\n\t\t\t\t\t\t\t\t<div class=\"elementor-element elementor-element-d743c03 elementor-widget elementor-widget-text-editor\" data-id=\"d743c03\" data-element_type=\"widget\" data-widget_type=\"text-editor.default\">\n\t\t\t\t<div class=\"elementor-widget-container\">\n\t\t\t\t\t\t\t<h2>W\u00c4HLEN SIE UNTEN IHRE AKTIVIT\u00c4T AUS, UM GESCHENKGUTSCHEINE \/ TICKETS ZU VERSCHENKEN ODER ZU BUCHEN<\/h2><table border=\"0\" width=\"580\" cellspacing=\"10\" cellpadding=\"10\"><tbody><tr><td width=\"50%\"><strong>RUNDFLUG &#8211; THE BIG FIVE &#8211; PRIVATFLUG (1-5 Pers.) &#8211; 60 Min.<\/strong><\/td><td><strong>CHF 2&#8217;900.00 pro Privatflug<span class=\"productPrice\"><br \/><\/span><\/strong><\/td><\/tr><tr><td>Zus\u00e4tzlich Informationen<\/td><td>&#8211; Sie haben den Helikopter ausschlie\u00dflich f\u00fcr sich<br \/>&#8211; Sie bestimmen das Datum und die Uhrzeit des Abflugs<br \/>&#8211; Maximum 5 Pers.<\/td><\/tr><tr><td>Flughafen<\/td><td><a href=\"https:\/\/www.google.com\/maps\/place\/Rte+de+l'A%C3%A9roport+25,+1950+Sion\/@46.2214572,7.3447093,390m\/data=!3m1!1e3!4m6!3m5!1s0x478edc1547f1513f:0xa0e6ee925c2d9a5b!8m2!3d46.2214387!4d7.3468926!16s%2Fg%2F11c1x0w_h5?entry=ttu\" target=\"_blank\" rel=\"noopener\">Sitten<\/a><\/td><\/tr><tr><td>Flugzeit<\/td><td>60 Min.<\/td><\/tr><tr><td>Gesamtdauer<\/td><td>ca. 1,5 Std.<\/td><\/tr><tr><td>Termin\u00a0<\/td><td>Per Telefon<\/td><\/tr><tr><td><button class=\"elementor-button\" type=\"button\"><a href=\"https:\/\/swissraft.outdoorbooking.ch\/fo\/products\/1602?base_id=137&amp;category_id=6&amp;order_type=gift_voucher&amp;lang=de\" target=\"_blank\" rel=\"noopener\">GUTSCHEIN \/ TICKET KAUFEN<\/a><\/button><\/td><td><strong><em>WICHTIG !<\/em><\/strong><br \/><em>Um zu reservieren, rufen Sie die Nummer an, die sich oben links auf dem Gutschein \/ Ticket befindet.<\/em><\/td><\/tr><\/tbody><\/table>\t\t\t\t\t\t<\/div>\n\t\t\t\t<\/div>\n\t\t\t\t\t<\/div>\n\t\t<\/div>\n\t\t\t\t\t\t\t<\/div>\n\t\t<\/section>\n\t\t\t\t\t\t\t<\/div>\n\t\t","protected":false},"excerpt":{"rendered":"<div align=\"justify\">\n<h2 align=\"justify\">Fliegen Sie zu den sch\u00f6nsten Gipfeln: die Big Five der Schweizer Alpen<\/h2>\n<h3>Eine 60-min\u00fctige Rundfahrt von Sitten aus mit fantastischen Panoramen, die Ihnen noch lange in Erinnerung bleiben werden.<\/h3>\n<\/div>\n<div align=\"justify\">\n<p>Vom Flughafen Sitten im Wallis aus fliegen Sie abwechselnd \u00fcber den Mont Blanc und den Grand Combin. Dann kommen Pigne d&#8217;Arolla, Dent Blanche, Matterhorn, Monte Rosa, Weisshorn. Bevor wir uns am Flughafen von Sitten ausruhen, fliegen Sie noch \u00fcber den Aletschgletscher, den Eiger M\u00f6nch JungfrauJoch im Berner Oberland.<\/p>\n<h3>Auf unserer Swissraft-Website finden Sie \u00fcber 150 Helikopterrundfl\u00fcge. Rufen Sie uns an, wenn Sie Fragen haben, wir werden sie gerne beantworten.<\/h3>\n<p id=\"textarea\" style=\"display: none;\">\nWir starten auch von den Heliports in Gampel und Collombey. Sowie vom Flugplatz \u00c9pagny im Greyerzerland im Kanton Freiburg. Ebenso starten wir von Pfaffnau im Kanton Luzern und von Erstfeld im Kanton Uri. Einerseits haben wir Rundfl\u00fcge vom Heliport Gstaad-Grund und vom Flugplatz Saanen im Berner Oberland. Au\u00dferdem gibt es Rundfl\u00fcge von den Heliports Lauterbrunnen, Schattenhalb-Meiringen, Lenk-Simmental und Interlaken-Gsteigwiler. Wir bieten auch Fl\u00fcge von den internationalen Flugh\u00e4fen Z\u00fcrich-Kloten und Bern-Belp an. Dasselbe gilt f\u00fcr den Flugplatz Buttwil im Kanton Aargau. Au\u00dferdem starten wir in K\u00fcssnacht in den Kanton Schwyz und in Grenchen in den Kanton Solothurn. Dar\u00fcber hinaus fliegen wir vom Flugplatz Sitterdorf in der Ostschweiz und in Liechtenstein vom Heliport Balzers. Parallel dazu bieten wir Fl\u00fcge ins Engadin ab Samedan an. Auch Hubschrauberfl\u00fcge vom Heliport in St. Moritz im Winter. Danach bieten wir in Graub\u00fcnden noch Rundfl\u00fcge von den Heliports Tavanasa, Flims und Untervaz an. Wir bieten auch Helikpterrundfl\u00fcge von den Flugpl\u00e4tzen Locarno und Lodrino im Tessin an.\n<\/p>\n<p><a id=\"seeMore\" onclick=\"toggleSeeMore()\" href=\"javascript:void(0);\">Lesen Sie mehr<\/a><\/p>\n","protected":false},"featured_media":86974,"comment_status":"open","ping_status":"closed","template":"","meta":{"inline_featured_image":false,"_mi_skip_tracking":false},"product_cat":[263,317],"product_tag":[],"class_list":["post-91775","product","type-product","status-publish","has-post-thumbnail","hentry","product_cat-helikopterflug-in-der-schweiz","product_cat-helikopterflug-rundflug-sitten"],"yoast_head":"<!-- This site is optimized with the Yoast SEO plugin v23.6 - https:\/\/yoast.com\/wordpress\/plugins\/seo\/ -->\n<title>Rundflug The Big Five ab Sitten mit dem Helikopter<\/title>\n<meta name=\"description\" content=\"Rundflug The Big Five von Sitten aus mit dem Helikopter auf einem 60 Min. Flug. Sie fliegen \u00fcber die Walliser Alpen und die Alpen des Berner Oberlandes\" \/>\n<meta name=\"robots\" content=\"index, follow, max-snippet:-1, max-image-preview:large, max-video-preview:-1\" \/>\n<link rel=\"canonical\" href=\"https:\/\/www.swissraft.ch\/de\/produkt\/sitten-rundflug-the-big-five\/\" \/>\n<meta property=\"og:locale\" content=\"de_DE\" \/>\n<meta property=\"og:type\" content=\"article\" \/>\n<meta property=\"og:title\" content=\"Rundflug The Big Five ab Sitten mit dem Helikopter\" \/>\n<meta property=\"og:description\" content=\"Rundflug The Big Five von Sitten aus mit dem Helikopter auf einem 60 Min. Flug. Sie fliegen \u00fcber die Walliser Alpen und die Alpen des Berner Oberlandes\" \/>\n<meta property=\"og:url\" content=\"https:\/\/www.swissraft.ch\/de\/produkt\/sitten-rundflug-the-big-five\/\" \/>\n<meta property=\"og:site_name\" content=\"Swissraft\" \/>\n<meta property=\"article:modified_time\" content=\"2026-04-24T00:59:44+00:00\" \/>\n<meta property=\"og:image\" content=\"https:\/\/www.swissraft.ch\/wp-content\/uploads\/2022\/12\/12-SITTEN-The-Big-Five-776x776-2.jpg\" \/>\n\t<meta property=\"og:image:width\" content=\"776\" \/>\n\t<meta property=\"og:image:height\" content=\"776\" \/>\n\t<meta property=\"og:image:type\" content=\"image\/jpeg\" \/>\n<meta name=\"twitter:card\" content=\"summary_large_image\" \/>\n<meta name=\"twitter:label1\" content=\"Gesch\u00e4tzte Lesezeit\" \/>\n\t<meta name=\"twitter:data1\" content=\"1\u00a0Minute\" \/>\n<script type=\"application\/ld+json\" class=\"yoast-schema-graph\">{\"@context\":\"https:\/\/schema.org\",\"@graph\":[{\"@type\":\"WebPage\",\"@id\":\"https:\/\/www.swissraft.ch\/de\/produkt\/sitten-rundflug-the-big-five\/\",\"url\":\"https:\/\/www.swissraft.ch\/de\/produkt\/sitten-rundflug-the-big-five\/\",\"name\":\"Rundflug The Big Five ab Sitten mit dem Helikopter\",\"isPartOf\":{\"@id\":\"https:\/\/www.swissraft.ch\/de\/#website\"},\"primaryImageOfPage\":{\"@id\":\"https:\/\/www.swissraft.ch\/de\/produkt\/sitten-rundflug-the-big-five\/#primaryimage\"},\"image\":{\"@id\":\"https:\/\/www.swissraft.ch\/de\/produkt\/sitten-rundflug-the-big-five\/#primaryimage\"},\"thumbnailUrl\":\"https:\/\/www.swissraft.ch\/wp-content\/uploads\/2022\/12\/12-SITTEN-The-Big-Five-776x776-2.jpg\",\"datePublished\":\"2022-12-27T18:04:38+00:00\",\"dateModified\":\"2026-04-24T00:59:44+00:00\",\"description\":\"Rundflug The Big Five von Sitten aus mit dem Helikopter auf einem 60 Min. Flug. Sie fliegen \u00fcber die Walliser Alpen und die Alpen des Berner Oberlandes\",\"breadcrumb\":{\"@id\":\"https:\/\/www.swissraft.ch\/de\/produkt\/sitten-rundflug-the-big-five\/#breadcrumb\"},\"inLanguage\":\"de\",\"potentialAction\":[{\"@type\":\"ReadAction\",\"target\":[\"https:\/\/www.swissraft.ch\/de\/produkt\/sitten-rundflug-the-big-five\/\"]}]},{\"@type\":\"ImageObject\",\"inLanguage\":\"de\",\"@id\":\"https:\/\/www.swissraft.ch\/de\/produkt\/sitten-rundflug-the-big-five\/#primaryimage\",\"url\":\"https:\/\/www.swissraft.ch\/wp-content\/uploads\/2022\/12\/12-SITTEN-The-Big-Five-776x776-2.jpg\",\"contentUrl\":\"https:\/\/www.swissraft.ch\/wp-content\/uploads\/2022\/12\/12-SITTEN-The-Big-Five-776x776-2.jpg\",\"width\":776,\"height\":776,\"caption\":\"Von Sitten aus Helikopterflug zu den Big Five\"},{\"@type\":\"BreadcrumbList\",\"@id\":\"https:\/\/www.swissraft.ch\/de\/produkt\/sitten-rundflug-the-big-five\/#breadcrumb\",\"itemListElement\":[{\"@type\":\"ListItem\",\"position\":1,\"name\":\"Accueil\",\"item\":\"https:\/\/www.swissraft.ch\/de\/\"},{\"@type\":\"ListItem\",\"position\":2,\"name\":\"Shop\",\"item\":\"https:\/\/www.swissraft.ch\/de\/shop\/\"},{\"@type\":\"ListItem\",\"position\":3,\"name\":\"Helikopterflug &#8211; Sitten &#8211; The big five &#8211; 60 Min. &#8211; CHF 2&rsquo;900.00\"}]},{\"@type\":\"WebSite\",\"@id\":\"https:\/\/www.swissraft.ch\/de\/#website\",\"url\":\"https:\/\/www.swissraft.ch\/de\/\",\"name\":\"Swissraft\",\"description\":\"To enjoy nature as it is\",\"publisher\":{\"@id\":\"https:\/\/www.swissraft.ch\/de\/#organization\"},\"potentialAction\":[{\"@type\":\"SearchAction\",\"target\":{\"@type\":\"EntryPoint\",\"urlTemplate\":\"https:\/\/www.swissraft.ch\/de\/?s={search_term_string}\"},\"query-input\":{\"@type\":\"PropertyValueSpecification\",\"valueRequired\":true,\"valueName\":\"search_term_string\"}}],\"inLanguage\":\"de\"},{\"@type\":\"Organization\",\"@id\":\"https:\/\/www.swissraft.ch\/de\/#organization\",\"name\":\"Swissraft\",\"url\":\"https:\/\/www.swissraft.ch\/de\/\",\"logo\":{\"@type\":\"ImageObject\",\"inLanguage\":\"de\",\"@id\":\"https:\/\/www.swissraft.ch\/de\/#\/schema\/logo\/image\/\",\"url\":\"https:\/\/www.swissraft.ch\/wp-content\/uploads\/2025\/09\/Capture.jpg\",\"contentUrl\":\"https:\/\/www.swissraft.ch\/wp-content\/uploads\/2025\/09\/Capture.jpg\",\"width\":293,\"height\":108,\"caption\":\"Swissraft\"},\"image\":{\"@id\":\"https:\/\/www.swissraft.ch\/de\/#\/schema\/logo\/image\/\"}}]}<\/script>\n<!-- \/ Yoast SEO plugin. -->","yoast_head_json":{"title":"Rundflug The Big Five ab Sitten mit dem Helikopter","description":"Rundflug The Big Five von Sitten aus mit dem Helikopter auf einem 60 Min. Flug. Sie fliegen \u00fcber die Walliser Alpen und die Alpen des Berner Oberlandes","robots":{"index":"index","follow":"follow","max-snippet":"max-snippet:-1","max-image-preview":"max-image-preview:large","max-video-preview":"max-video-preview:-1"},"canonical":"https:\/\/www.swissraft.ch\/de\/produkt\/sitten-rundflug-the-big-five\/","og_locale":"de_DE","og_type":"article","og_title":"Rundflug The Big Five ab Sitten mit dem Helikopter","og_description":"Rundflug The Big Five von Sitten aus mit dem Helikopter auf einem 60 Min. Flug. Sie fliegen \u00fcber die Walliser Alpen und die Alpen des Berner Oberlandes","og_url":"https:\/\/www.swissraft.ch\/de\/produkt\/sitten-rundflug-the-big-five\/","og_site_name":"Swissraft","article_modified_time":"2026-04-24T00:59:44+00:00","og_image":[{"width":776,"height":776,"url":"https:\/\/www.swissraft.ch\/wp-content\/uploads\/2022\/12\/12-SITTEN-The-Big-Five-776x776-2.jpg","type":"image\/jpeg"}],"twitter_card":"summary_large_image","twitter_misc":{"Gesch\u00e4tzte Lesezeit":"1\u00a0Minute"},"schema":{"@context":"https:\/\/schema.org","@graph":[{"@type":"WebPage","@id":"https:\/\/www.swissraft.ch\/de\/produkt\/sitten-rundflug-the-big-five\/","url":"https:\/\/www.swissraft.ch\/de\/produkt\/sitten-rundflug-the-big-five\/","name":"Rundflug The Big Five ab Sitten mit dem Helikopter","isPartOf":{"@id":"https:\/\/www.swissraft.ch\/de\/#website"},"primaryImageOfPage":{"@id":"https:\/\/www.swissraft.ch\/de\/produkt\/sitten-rundflug-the-big-five\/#primaryimage"},"image":{"@id":"https:\/\/www.swissraft.ch\/de\/produkt\/sitten-rundflug-the-big-five\/#primaryimage"},"thumbnailUrl":"https:\/\/www.swissraft.ch\/wp-content\/uploads\/2022\/12\/12-SITTEN-The-Big-Five-776x776-2.jpg","datePublished":"2022-12-27T18:04:38+00:00","dateModified":"2026-04-24T00:59:44+00:00","description":"Rundflug The Big Five von Sitten aus mit dem Helikopter auf einem 60 Min. Flug. Sie fliegen \u00fcber die Walliser Alpen und die Alpen des Berner Oberlandes","breadcrumb":{"@id":"https:\/\/www.swissraft.ch\/de\/produkt\/sitten-rundflug-the-big-five\/#breadcrumb"},"inLanguage":"de","potentialAction":[{"@type":"ReadAction","target":["https:\/\/www.swissraft.ch\/de\/produkt\/sitten-rundflug-the-big-five\/"]}]},{"@type":"ImageObject","inLanguage":"de","@id":"https:\/\/www.swissraft.ch\/de\/produkt\/sitten-rundflug-the-big-five\/#primaryimage","url":"https:\/\/www.swissraft.ch\/wp-content\/uploads\/2022\/12\/12-SITTEN-The-Big-Five-776x776-2.jpg","contentUrl":"https:\/\/www.swissraft.ch\/wp-content\/uploads\/2022\/12\/12-SITTEN-The-Big-Five-776x776-2.jpg","width":776,"height":776,"caption":"Von Sitten aus Helikopterflug zu den Big Five"},{"@type":"BreadcrumbList","@id":"https:\/\/www.swissraft.ch\/de\/produkt\/sitten-rundflug-the-big-five\/#breadcrumb","itemListElement":[{"@type":"ListItem","position":1,"name":"Accueil","item":"https:\/\/www.swissraft.ch\/de\/"},{"@type":"ListItem","position":2,"name":"Shop","item":"https:\/\/www.swissraft.ch\/de\/shop\/"},{"@type":"ListItem","position":3,"name":"Helikopterflug &#8211; Sitten &#8211; The big five &#8211; 60 Min. &#8211; CHF 2&rsquo;900.00"}]},{"@type":"WebSite","@id":"https:\/\/www.swissraft.ch\/de\/#website","url":"https:\/\/www.swissraft.ch\/de\/","name":"Swissraft","description":"To enjoy nature as it is","publisher":{"@id":"https:\/\/www.swissraft.ch\/de\/#organization"},"potentialAction":[{"@type":"SearchAction","target":{"@type":"EntryPoint","urlTemplate":"https:\/\/www.swissraft.ch\/de\/?s={search_term_string}"},"query-input":{"@type":"PropertyValueSpecification","valueRequired":true,"valueName":"search_term_string"}}],"inLanguage":"de"},{"@type":"Organization","@id":"https:\/\/www.swissraft.ch\/de\/#organization","name":"Swissraft","url":"https:\/\/www.swissraft.ch\/de\/","logo":{"@type":"ImageObject","inLanguage":"de","@id":"https:\/\/www.swissraft.ch\/de\/#\/schema\/logo\/image\/","url":"https:\/\/www.swissraft.ch\/wp-content\/uploads\/2025\/09\/Capture.jpg","contentUrl":"https:\/\/www.swissraft.ch\/wp-content\/uploads\/2025\/09\/Capture.jpg","width":293,"height":108,"caption":"Swissraft"},"image":{"@id":"https:\/\/www.swissraft.ch\/de\/#\/schema\/logo\/image\/"}}]}},"_links":{"self":[{"href":"https:\/\/www.swissraft.ch\/de\/wp-json\/wp\/v2\/product\/91775","targetHints":{"allow":["GET"]}}],"collection":[{"href":"https:\/\/www.swissraft.ch\/de\/wp-json\/wp\/v2\/product"}],"about":[{"href":"https:\/\/www.swissraft.ch\/de\/wp-json\/wp\/v2\/types\/product"}],"replies":[{"embeddable":true,"href":"https:\/\/www.swissraft.ch\/de\/wp-json\/wp\/v2\/comments?post=91775"}],"version-history":[{"count":20,"href":"https:\/\/www.swissraft.ch\/de\/wp-json\/wp\/v2\/product\/91775\/revisions"}],"predecessor-version":[{"id":141613,"href":"https:\/\/www.swissraft.ch\/de\/wp-json\/wp\/v2\/product\/91775\/revisions\/141613"}],"wp:featuredmedia":[{"embeddable":true,"href":"https:\/\/www.swissraft.ch\/de\/wp-json\/wp\/v2\/media\/86974"}],"wp:attachment":[{"href":"https:\/\/www.swissraft.ch\/de\/wp-json\/wp\/v2\/media?parent=91775"}],"wp:term":[{"taxonomy":"product_cat","embeddable":true,"href":"https:\/\/www.swissraft.ch\/de\/wp-json\/wp\/v2\/product_cat?post=91775"},{"taxonomy":"product_tag","embeddable":true,"href":"https:\/\/www.swissraft.ch\/de\/wp-json\/wp\/v2\/product_tag?post=91775"}],"curies":[{"name":"wp","href":"https:\/\/api.w.org\/{rel}","templated":true}]}}