{"id":91772,"date":"2022-12-27T18:22:04","date_gmt":"2022-12-27T17:22:04","guid":{"rendered":"https:\/\/swissraft.xyanzkdne.eu\/product\/hubschrauberflug-von-sion-les-combins-30-min-ab-chf-1240-00\/"},"modified":"2025-04-17T18:21:03","modified_gmt":"2025-04-17T16:21:03","slug":"helikopterflug-sitten-flug-auf-die-combins","status":"publish","type":"product","link":"https:\/\/www.swissraft.ch\/de\/produkt\/helikopterflug-sitten-flug-auf-die-combins\/","title":{"rendered":"Helikopterflug von SITTEN &#8211; LES COMBINS &#8211; 30 Min. &#8211; Ab CHF 1&#8217;320.00"},"content":{"rendered":"\t\t<div data-elementor-type=\"wp-post\" data-elementor-id=\"91772\" class=\"elementor elementor-91772 elementor-30134\">\n\t\t\t\t\t\t\t\t\t<section class=\"elementor-section elementor-top-section elementor-element elementor-element-3303a7e3 elementor-section-boxed elementor-section-height-default elementor-section-height-default\" data-id=\"3303a7e3\" data-element_type=\"section\">\n\t\t\t\t\t\t<div class=\"elementor-container elementor-column-gap-default\">\n\t\t\t\t\t<div class=\"elementor-column elementor-col-100 elementor-top-column elementor-element elementor-element-16d72dbf\" data-id=\"16d72dbf\" data-element_type=\"column\">\n\t\t\t<div class=\"elementor-widget-wrap elementor-element-populated\">\n\t\t\t\t\t\t\t\t<div class=\"elementor-element elementor-element-d743c03 elementor-widget elementor-widget-text-editor\" data-id=\"d743c03\" data-element_type=\"widget\" data-widget_type=\"text-editor.default\">\n\t\t\t\t<div class=\"elementor-widget-container\">\n\t\t\t\t\t\t\t<h2>W\u00c4HLEN SIE UNTEN IHRE AKTIVIT\u00c4T AUS, UM GESCHENKGUTSCHEINE \/ TICKETS ZU VERSCHENKEN ODER ZU BUCHEN.<\/h2>\n<table border=\"0\" width=\"580\" cellspacing=\"10\" cellpadding=\"10\">\n<tbody>\n<tr>\n<td width=\"50%\"><strong>LES COMBINS &#8211; PRIVATFLUG (1-5 pax) &#8211; 30 Min.<\/strong><\/td>\n<td><strong>Ab CHF 1&#8217;320.00 pro Privatflug<span class=\"productPrice\"><br \/><\/span><\/strong><\/td>\n<\/tr>\n<tr>\n<td>Weitere Informationen<\/td>\n<td>&#8211; Sie haben den Helikopter ausschlie\u00dflich f\u00fcr sich<br \/>&#8211; Sie bestimmen das Datum und die Uhrzeit des Abflugs<br \/>&#8211; Maximal 5 Pers.<\/td>\n<\/tr>\n<tr>\n<td>Flughafen<\/td>\n<td><a href=\"https:\/\/www.google.com\/maps\/place\/Rte+de+l'A%C3%A9roport+25,+1950+Sion\/@46.2214572,7.3447093,390m\/data=!3m1!1e3!4m6!3m5!1s0x478edc1547f1513f:0xa0e6ee925c2d9a5b!8m2!3d46.2214387!4d7.3468926!16s%2Fg%2F11c1x0w_h5?entry=ttu\" target=\"_blank\" rel=\"noopener\">Sitten<\/a><\/td>\n<\/tr>\n<tr>\n<td>Flugzeit<\/td>\n<td>30 Min.<\/td>\n<\/tr>\n<tr>\n<td>Gesamtdauer<\/td>\n<td>ca. 1 Std.<\/td>\n<\/tr>\n<tr>\n<td>Terminvereinbarung<\/td>\n<td>Per Telefon<\/td>\n<\/tr>\n<tr>\n<td><a href=\"https:\/\/swissraft.outdoorbooking.ch\/fo\/products\/1595?base_id=20&amp;category_id=6&amp;order_type=gift_voucher&amp;lang=de\" target=\"_blank\" rel=\"noopener\"><button class=\"elementor-button\" type=\"button\">GUTSCHEIN KAUFEN<\/button><\/a><\/td>\n<td><strong>CHF 1&#8217;320.00 &#8211; Privatflug (1-4 Pers.)<\/strong><\/td>\n<\/tr>\n<tr>\n<td><a href=\"https:\/\/swissraft.outdoorbooking.ch\/fo\/products\/1596?base_id=137&amp;category_id=6&amp;order_type=gift_voucher&amp;lang=de\" target=\"_blank\" rel=\"noopener\"><button class=\"elementor-button\" type=\"button\">GUTSCHEIN KAUFEN<\/button><\/a><\/td>\n<td><strong>CHF 1&#8217;650.00 &#8211; Privatflug (5 Pers.)<\/strong><\/td>\n<\/tr>\n<tr>\n<td> <\/td>\n<td>Um zu buchen : <span class=\"patt\" style=\"font-family: inherit; font-size: inherit;\"><span class=\"plbl\"><span class=\"patt\"><a href=\"https:\/\/www.swissraft.ch\/de\/kontakt\/\">Kontaktieren Sie uns<\/a><\/span><\/span><\/span><\/td>\n<\/tr>\n<\/tbody>\n<\/table>\n\t\t\t\t\t\t<\/div>\n\t\t\t\t<\/div>\n\t\t\t\t\t<\/div>\n\t\t<\/div>\n\t\t\t\t\t\t\t<\/div>\n\t\t<\/section>\n\t\t\t\t\t\t\t<\/div>\n\t\t","protected":false},"excerpt":{"rendered":"<div align=\"justify\">\n<h2 align=\"justify\">Entdecken Sie von Sion aus mit dem Helikopter die Combins, ein erhabenes Spektakel.<\/h2>\n<h3>Dieser 30-min\u00fctige Helikopterflug ist spektakul\u00e4r, weil er Ihnen ein Panorama bietet.<\/h3>\n<\/div>\n<div align=\"justify\">\n<p>Sie gehen an Bord unseres Helikopters, der vom Flughafen Sitten aus einen 30-min\u00fctigen Rundflug macht. Sie entdecken das Combin-Massiv, das aus dem Grand-Combin besteht, der eine H\u00f6he von 4314 m erreicht. Im Osten liegt der Combin de la Tsessette auf 4141m und im Westen der Combin de Valsorey auf 4184m. Bestaunen Sie die anderen drei Gipfel des Combin, den Combin de Corbassi\u00e8re auf 3715 m H\u00f6he. Der Petit Combin auf 3672m und der Combin de Meitin auf 3622m. Der Grand Combin ist der zweith\u00f6chste Gipfel der franz\u00f6sischen Schweiz. Sie fliegen auch \u00fcber die zwei gr\u00f6\u00dften Walliser Staud\u00e4mme: den Staudamm von Mauvoisin und den Staudamm des Lac des Dix.<\/p>\n<h3>Besuchen Sie unsere Website; Swissraft bietet \u00fcber 150 Helikopterfl\u00fcge in der ganzen Schweiz an.<\/h3>\n<p id=\"textarea\" style=\"display: none;\">Ebenfalls im Wallis starten wir von den Heliport Collombey und Gampel.<br \/>\nAber auch vom Flugplatz \u00c9pagny im Greyerzerland im Kanton Freiburg. Ebenso bieten wir Fl\u00fcge von Pfaffnau im Kanton Luzern und von Erstfeld im Kanton Uri an. Wir starten auch vom Heliport Gstaad-Grund und vom Flugplatz Saanen im Berner Oberland. Aber auch von den Heliports in Lauterbrunnen, Schattenhalb-Meiringen, Lenk-Simmental und Interlaken-Gsteigwiler. Ebenso haben wir Fl\u00fcge von den internationalen Flugh\u00e4fen Z\u00fcrich-Kloten und Bern-Belp. Einerseits bieten wir Fl\u00fcge in den Kanton Aargau vom Flugplatz Buttwil aus an. Andererseits Fl\u00fcge in den Kanton Schwyz von K\u00fcssnacht aus und in den Kanton Solothurn von Grenchen aus. \u00dcbrigens starten wir auch im Thurgau in der Ostschweiz vom Flugplatz Sitterdorf und in Liechtenstein von Balzers aus. Au\u00dferdem bieten wir das ganze Jahr \u00fcber Fl\u00fcge von Samedan im Engadin an. Sowie im Winter vom Hubschrauberlandeplatz in St. Petersburg. Moritz im Engadin. Ebenfalls in Graub\u00fcnden haben wir Routen von den Heliports Tavanasa, Flims und Untervaz. Sowie im Tessin, wo wir Hubschrauberfl\u00fcge von den Flugpl\u00e4tzen Locarno und Lodrino aus anbieten.\n<\/p>\n<p><a id=\"seeMore\" onclick=\"toggleSeeMore()\" href=\"javascript:void(0);\">Lesen Sie mehr<\/a><\/p>\n","protected":false},"featured_media":86869,"comment_status":"open","ping_status":"closed","template":"","meta":{"inline_featured_image":false,"_mi_skip_tracking":false},"product_cat":[263,317],"product_tag":[],"class_list":["post-91772","product","type-product","status-publish","has-post-thumbnail","hentry","product_cat-helikopterflug-in-der-schweiz","product_cat-helikopterrundflug-sitten"],"yoast_head":"<!-- This site is optimized with the Yoast SEO plugin v23.6 - https:\/\/yoast.com\/wordpress\/plugins\/seo\/ -->\n<title>Die Combins im Helikopter von Sitten aus. Ein Flug von 30 Minuten<\/title>\n<meta name=\"description\" content=\"Die Combins im Helikopter von Sitten aus. Ein spektakul\u00e4rer 30-min\u00fctiger Flug \u00fcber 3 Gipfel mit einer H\u00f6he von \u00fcber 3000 m.\" \/>\n<meta name=\"robots\" content=\"index, follow, max-snippet:-1, max-image-preview:large, max-video-preview:-1\" \/>\n<link rel=\"canonical\" href=\"https:\/\/www.swissraft.ch\/de\/produkt\/helikopterflug-sitten-flug-auf-die-combins\/\" \/>\n<meta property=\"og:locale\" content=\"de_DE\" \/>\n<meta property=\"og:type\" content=\"article\" \/>\n<meta property=\"og:title\" content=\"Die Combins im Helikopter von Sitten aus. Ein Flug von 30 Minuten\" \/>\n<meta property=\"og:description\" content=\"Die Combins im Helikopter von Sitten aus. Ein spektakul\u00e4rer 30-min\u00fctiger Flug \u00fcber 3 Gipfel mit einer H\u00f6he von \u00fcber 3000 m.\" \/>\n<meta property=\"og:url\" content=\"https:\/\/www.swissraft.ch\/de\/produkt\/helikopterflug-sitten-flug-auf-die-combins\/\" \/>\n<meta property=\"og:site_name\" content=\"Swissraft\" \/>\n<meta property=\"article:modified_time\" content=\"2025-04-17T16:21:03+00:00\" \/>\n<meta property=\"og:image\" content=\"https:\/\/www.swissraft.ch\/wp-content\/uploads\/2022\/12\/05-SITTEN-Les-Combins-30-Minuten-776x776-1.jpg\" \/>\n\t<meta property=\"og:image:width\" content=\"776\" \/>\n\t<meta property=\"og:image:height\" content=\"776\" \/>\n\t<meta property=\"og:image:type\" content=\"image\/jpeg\" \/>\n<meta name=\"twitter:card\" content=\"summary_large_image\" \/>\n<meta name=\"twitter:label1\" content=\"Gesch\u00e4tzte Lesezeit\" \/>\n\t<meta name=\"twitter:data1\" content=\"1\u00a0Minute\" \/>\n<script type=\"application\/ld+json\" class=\"yoast-schema-graph\">{\"@context\":\"https:\/\/schema.org\",\"@graph\":[{\"@type\":\"WebPage\",\"@id\":\"https:\/\/www.swissraft.ch\/de\/produkt\/helikopterflug-sitten-flug-auf-die-combins\/\",\"url\":\"https:\/\/www.swissraft.ch\/de\/produkt\/helikopterflug-sitten-flug-auf-die-combins\/\",\"name\":\"Die Combins im Helikopter von Sitten aus. Ein Flug von 30 Minuten\",\"isPartOf\":{\"@id\":\"https:\/\/www.swissraft.ch\/de\/#website\"},\"primaryImageOfPage\":{\"@id\":\"https:\/\/www.swissraft.ch\/de\/produkt\/helikopterflug-sitten-flug-auf-die-combins\/#primaryimage\"},\"image\":{\"@id\":\"https:\/\/www.swissraft.ch\/de\/produkt\/helikopterflug-sitten-flug-auf-die-combins\/#primaryimage\"},\"thumbnailUrl\":\"https:\/\/www.swissraft.ch\/wp-content\/uploads\/2022\/12\/05-SITTEN-Les-Combins-30-Minuten-776x776-1.jpg\",\"datePublished\":\"2022-12-27T17:22:04+00:00\",\"dateModified\":\"2025-04-17T16:21:03+00:00\",\"description\":\"Die Combins im Helikopter von Sitten aus. Ein spektakul\u00e4rer 30-min\u00fctiger Flug \u00fcber 3 Gipfel mit einer H\u00f6he von \u00fcber 3000 m.\",\"breadcrumb\":{\"@id\":\"https:\/\/www.swissraft.ch\/de\/produkt\/helikopterflug-sitten-flug-auf-die-combins\/#breadcrumb\"},\"inLanguage\":\"de\",\"potentialAction\":[{\"@type\":\"ReadAction\",\"target\":[\"https:\/\/www.swissraft.ch\/de\/produkt\/helikopterflug-sitten-flug-auf-die-combins\/\"]}]},{\"@type\":\"ImageObject\",\"inLanguage\":\"de\",\"@id\":\"https:\/\/www.swissraft.ch\/de\/produkt\/helikopterflug-sitten-flug-auf-die-combins\/#primaryimage\",\"url\":\"https:\/\/www.swissraft.ch\/wp-content\/uploads\/2022\/12\/05-SITTEN-Les-Combins-30-Minuten-776x776-1.jpg\",\"contentUrl\":\"https:\/\/www.swissraft.ch\/wp-content\/uploads\/2022\/12\/05-SITTEN-Les-Combins-30-Minuten-776x776-1.jpg\",\"width\":776,\"height\":776,\"caption\":\"Von Sion mit dem Hubschrauber nach Les Combins\"},{\"@type\":\"BreadcrumbList\",\"@id\":\"https:\/\/www.swissraft.ch\/de\/produkt\/helikopterflug-sitten-flug-auf-die-combins\/#breadcrumb\",\"itemListElement\":[{\"@type\":\"ListItem\",\"position\":1,\"name\":\"Accueil\",\"item\":\"https:\/\/www.swissraft.ch\/de\/\"},{\"@type\":\"ListItem\",\"position\":2,\"name\":\"Shop\",\"item\":\"https:\/\/www.swissraft.ch\/de\/shop\/\"},{\"@type\":\"ListItem\",\"position\":3,\"name\":\"Helikopterflug von SITTEN &#8211; LES COMBINS &#8211; 30 Min. &#8211; Ab CHF 1&#8217;320.00\"}]},{\"@type\":\"WebSite\",\"@id\":\"https:\/\/www.swissraft.ch\/de\/#website\",\"url\":\"https:\/\/www.swissraft.ch\/de\/\",\"name\":\"Swissraft\",\"description\":\"To enjoy nature as it is\",\"publisher\":{\"@id\":\"https:\/\/www.swissraft.ch\/de\/#organization\"},\"potentialAction\":[{\"@type\":\"SearchAction\",\"target\":{\"@type\":\"EntryPoint\",\"urlTemplate\":\"https:\/\/www.swissraft.ch\/de\/?s={search_term_string}\"},\"query-input\":{\"@type\":\"PropertyValueSpecification\",\"valueRequired\":true,\"valueName\":\"search_term_string\"}}],\"inLanguage\":\"de\"},{\"@type\":\"Organization\",\"@id\":\"https:\/\/www.swissraft.ch\/de\/#organization\",\"name\":\"Swissraft\",\"url\":\"https:\/\/www.swissraft.ch\/de\/\",\"logo\":{\"@type\":\"ImageObject\",\"inLanguage\":\"de\",\"@id\":\"https:\/\/www.swissraft.ch\/de\/#\/schema\/logo\/image\/\",\"url\":\"https:\/\/www.swissraft.ch\/wp-content\/uploads\/2025\/09\/Capture.jpg\",\"contentUrl\":\"https:\/\/www.swissraft.ch\/wp-content\/uploads\/2025\/09\/Capture.jpg\",\"width\":293,\"height\":108,\"caption\":\"Swissraft\"},\"image\":{\"@id\":\"https:\/\/www.swissraft.ch\/de\/#\/schema\/logo\/image\/\"}}]}<\/script>\n<!-- \/ Yoast SEO plugin. -->","yoast_head_json":{"title":"Die Combins im Helikopter von Sitten aus. Ein Flug von 30 Minuten","description":"Die Combins im Helikopter von Sitten aus. Ein spektakul\u00e4rer 30-min\u00fctiger Flug \u00fcber 3 Gipfel mit einer H\u00f6he von \u00fcber 3000 m.","robots":{"index":"index","follow":"follow","max-snippet":"max-snippet:-1","max-image-preview":"max-image-preview:large","max-video-preview":"max-video-preview:-1"},"canonical":"https:\/\/www.swissraft.ch\/de\/produkt\/helikopterflug-sitten-flug-auf-die-combins\/","og_locale":"de_DE","og_type":"article","og_title":"Die Combins im Helikopter von Sitten aus. Ein Flug von 30 Minuten","og_description":"Die Combins im Helikopter von Sitten aus. Ein spektakul\u00e4rer 30-min\u00fctiger Flug \u00fcber 3 Gipfel mit einer H\u00f6he von \u00fcber 3000 m.","og_url":"https:\/\/www.swissraft.ch\/de\/produkt\/helikopterflug-sitten-flug-auf-die-combins\/","og_site_name":"Swissraft","article_modified_time":"2025-04-17T16:21:03+00:00","og_image":[{"width":776,"height":776,"url":"https:\/\/www.swissraft.ch\/wp-content\/uploads\/2022\/12\/05-SITTEN-Les-Combins-30-Minuten-776x776-1.jpg","type":"image\/jpeg"}],"twitter_card":"summary_large_image","twitter_misc":{"Gesch\u00e4tzte Lesezeit":"1\u00a0Minute"},"schema":{"@context":"https:\/\/schema.org","@graph":[{"@type":"WebPage","@id":"https:\/\/www.swissraft.ch\/de\/produkt\/helikopterflug-sitten-flug-auf-die-combins\/","url":"https:\/\/www.swissraft.ch\/de\/produkt\/helikopterflug-sitten-flug-auf-die-combins\/","name":"Die Combins im Helikopter von Sitten aus. Ein Flug von 30 Minuten","isPartOf":{"@id":"https:\/\/www.swissraft.ch\/de\/#website"},"primaryImageOfPage":{"@id":"https:\/\/www.swissraft.ch\/de\/produkt\/helikopterflug-sitten-flug-auf-die-combins\/#primaryimage"},"image":{"@id":"https:\/\/www.swissraft.ch\/de\/produkt\/helikopterflug-sitten-flug-auf-die-combins\/#primaryimage"},"thumbnailUrl":"https:\/\/www.swissraft.ch\/wp-content\/uploads\/2022\/12\/05-SITTEN-Les-Combins-30-Minuten-776x776-1.jpg","datePublished":"2022-12-27T17:22:04+00:00","dateModified":"2025-04-17T16:21:03+00:00","description":"Die Combins im Helikopter von Sitten aus. Ein spektakul\u00e4rer 30-min\u00fctiger Flug \u00fcber 3 Gipfel mit einer H\u00f6he von \u00fcber 3000 m.","breadcrumb":{"@id":"https:\/\/www.swissraft.ch\/de\/produkt\/helikopterflug-sitten-flug-auf-die-combins\/#breadcrumb"},"inLanguage":"de","potentialAction":[{"@type":"ReadAction","target":["https:\/\/www.swissraft.ch\/de\/produkt\/helikopterflug-sitten-flug-auf-die-combins\/"]}]},{"@type":"ImageObject","inLanguage":"de","@id":"https:\/\/www.swissraft.ch\/de\/produkt\/helikopterflug-sitten-flug-auf-die-combins\/#primaryimage","url":"https:\/\/www.swissraft.ch\/wp-content\/uploads\/2022\/12\/05-SITTEN-Les-Combins-30-Minuten-776x776-1.jpg","contentUrl":"https:\/\/www.swissraft.ch\/wp-content\/uploads\/2022\/12\/05-SITTEN-Les-Combins-30-Minuten-776x776-1.jpg","width":776,"height":776,"caption":"Von Sion mit dem Hubschrauber nach Les Combins"},{"@type":"BreadcrumbList","@id":"https:\/\/www.swissraft.ch\/de\/produkt\/helikopterflug-sitten-flug-auf-die-combins\/#breadcrumb","itemListElement":[{"@type":"ListItem","position":1,"name":"Accueil","item":"https:\/\/www.swissraft.ch\/de\/"},{"@type":"ListItem","position":2,"name":"Shop","item":"https:\/\/www.swissraft.ch\/de\/shop\/"},{"@type":"ListItem","position":3,"name":"Helikopterflug von SITTEN &#8211; LES COMBINS &#8211; 30 Min. &#8211; Ab CHF 1&#8217;320.00"}]},{"@type":"WebSite","@id":"https:\/\/www.swissraft.ch\/de\/#website","url":"https:\/\/www.swissraft.ch\/de\/","name":"Swissraft","description":"To enjoy nature as it is","publisher":{"@id":"https:\/\/www.swissraft.ch\/de\/#organization"},"potentialAction":[{"@type":"SearchAction","target":{"@type":"EntryPoint","urlTemplate":"https:\/\/www.swissraft.ch\/de\/?s={search_term_string}"},"query-input":{"@type":"PropertyValueSpecification","valueRequired":true,"valueName":"search_term_string"}}],"inLanguage":"de"},{"@type":"Organization","@id":"https:\/\/www.swissraft.ch\/de\/#organization","name":"Swissraft","url":"https:\/\/www.swissraft.ch\/de\/","logo":{"@type":"ImageObject","inLanguage":"de","@id":"https:\/\/www.swissraft.ch\/de\/#\/schema\/logo\/image\/","url":"https:\/\/www.swissraft.ch\/wp-content\/uploads\/2025\/09\/Capture.jpg","contentUrl":"https:\/\/www.swissraft.ch\/wp-content\/uploads\/2025\/09\/Capture.jpg","width":293,"height":108,"caption":"Swissraft"},"image":{"@id":"https:\/\/www.swissraft.ch\/de\/#\/schema\/logo\/image\/"}}]}},"_links":{"self":[{"href":"https:\/\/www.swissraft.ch\/de\/wp-json\/wp\/v2\/product\/91772","targetHints":{"allow":["GET"]}}],"collection":[{"href":"https:\/\/www.swissraft.ch\/de\/wp-json\/wp\/v2\/product"}],"about":[{"href":"https:\/\/www.swissraft.ch\/de\/wp-json\/wp\/v2\/types\/product"}],"replies":[{"embeddable":true,"href":"https:\/\/www.swissraft.ch\/de\/wp-json\/wp\/v2\/comments?post=91772"}],"version-history":[{"count":7,"href":"https:\/\/www.swissraft.ch\/de\/wp-json\/wp\/v2\/product\/91772\/revisions"}],"predecessor-version":[{"id":113097,"href":"https:\/\/www.swissraft.ch\/de\/wp-json\/wp\/v2\/product\/91772\/revisions\/113097"}],"wp:featuredmedia":[{"embeddable":true,"href":"https:\/\/www.swissraft.ch\/de\/wp-json\/wp\/v2\/media\/86869"}],"wp:attachment":[{"href":"https:\/\/www.swissraft.ch\/de\/wp-json\/wp\/v2\/media?parent=91772"}],"wp:term":[{"taxonomy":"product_cat","embeddable":true,"href":"https:\/\/www.swissraft.ch\/de\/wp-json\/wp\/v2\/product_cat?post=91772"},{"taxonomy":"product_tag","embeddable":true,"href":"https:\/\/www.swissraft.ch\/de\/wp-json\/wp\/v2\/product_tag?post=91772"}],"curies":[{"name":"wp","href":"https:\/\/api.w.org\/{rel}","templated":true}]}}