{"id":91768,"date":"2022-12-27T18:08:28","date_gmt":"2022-12-27T17:08:28","guid":{"rendered":"https:\/\/swissraft.xyanzkdne.eu\/product\/hubschrauberflug-ab-sion-im-regeln-der-jahreszeiten-20-min-ab-chf-920-00\/"},"modified":"2025-04-17T18:06:39","modified_gmt":"2025-04-17T16:06:39","slug":"hubschrauberflug-ab-sion-im-regeln-der-jahreszeiten-20-min-ab-chf-920-00","status":"publish","type":"product","link":"https:\/\/www.swissraft.ch\/de\/produkt\/hubschrauberflug-ab-sion-im-regeln-der-jahreszeiten-20-min-ab-chf-920-00\/","title":{"rendered":"Helikopterflug von SION &#8211; AU GR\u00c9 DES SAISONS &#8211; 20 Min. &#8211; Ab CHF 1&#8217;000.00"},"content":{"rendered":"\t\t<div data-elementor-type=\"wp-post\" data-elementor-id=\"91768\" class=\"elementor elementor-91768 elementor-30116\">\n\t\t\t\t\t\t\t\t\t<section class=\"elementor-section elementor-top-section elementor-element elementor-element-3303a7e3 elementor-section-boxed elementor-section-height-default elementor-section-height-default\" data-id=\"3303a7e3\" data-element_type=\"section\">\n\t\t\t\t\t\t<div class=\"elementor-container elementor-column-gap-default\">\n\t\t\t\t\t<div class=\"elementor-column elementor-col-100 elementor-top-column elementor-element elementor-element-16d72dbf\" data-id=\"16d72dbf\" data-element_type=\"column\">\n\t\t\t<div class=\"elementor-widget-wrap elementor-element-populated\">\n\t\t\t\t\t\t\t\t<div class=\"elementor-element elementor-element-d743c03 elementor-widget elementor-widget-text-editor\" data-id=\"d743c03\" data-element_type=\"widget\" data-widget_type=\"text-editor.default\">\n\t\t\t\t<div class=\"elementor-widget-container\">\n\t\t\t\t\t\t\t<h2>W\u00c4HLEN SIE UNTEN IHRE AKTIVIT\u00c4T AUS, UM GESCHENKGUTSCHEINE \/ TICKETS ZU VERSCHENKEN ODER ZU BUCHEN.<\/h2>\n<table border=\"0\" width=\"580\" cellspacing=\"10\" cellpadding=\"10\">\n<tbody>\n<tr>\n<td width=\"50%\"><strong>IM WECHSEL DER JAHRESZEITEN &#8211; PRIVATFLUG (1-5 Pers.) &#8211; 20 Min.<\/strong><\/td>\n<td><strong>Ab CHF 920.00 pro Privatflug<span class=\"productPrice\"><br \/><\/span><\/strong><\/td>\n<\/tr>\n<tr>\n<td>Weitere Informationen<\/td>\n<td> &#8211; Sie haben den Helikopter ausschlie\u00dflich f\u00fcr sich<br \/>&#8211; Sie bestimmen das Datum und die Uhrzeit des Abflugs<br \/>&#8211; Maximal 5 Pers.<\/td>\n<\/tr>\n<tr>\n<td>Flughafen<\/td>\n<td><a href=\"https:\/\/www.google.com\/maps\/place\/Rte+de+l'A%C3%A9roport+25,+1950+Sion\/@46.2214572,7.3447093,390m\/data=!3m1!1e3!4m6!3m5!1s0x478edc1547f1513f:0xa0e6ee925c2d9a5b!8m2!3d46.2214387!4d7.3468926!16s%2Fg%2F11c1x0w_h5?entry=ttu\" target=\"_blank\" rel=\"noopener\">Sitten<\/a><\/td>\n<\/tr>\n<tr>\n<td>Flugzeit<\/td>\n<td>20 Min.<\/td>\n<\/tr>\n<tr>\n<td>Gesamtdauer<\/td>\n<td>ca. 50 Min.<\/td>\n<\/tr>\n<tr>\n<td>Terminvereinbarung<\/td>\n<td>Per Telefon<\/td>\n<\/tr>\n<tr>\n<td><a href=\"https:\/\/swissraft.outdoorbooking.ch\/fo\/products\/1592?base_id=20&amp;category_id=6&amp;order_type=gift_voucher&amp;lang=de\" target=\"_blank\" rel=\"noopener\"><button class=\"elementor-button\" type=\"button\">GUTSCHEIN KAUFEN<\/button><\/a><\/td>\n<td><strong>CHF 1&#8217;000.00 &#8211; Privatflug (1-4 Pers.)<\/strong><\/td>\n<\/tr>\n<tr>\n<td><a href=\"https:\/\/swissraft.outdoorbooking.ch\/fo\/products\/1593?base_id=137&amp;category_id=6&amp;order_type=gift_voucher&amp;lang=de\" target=\"_blank\" rel=\"noopener\"><button class=\"elementor-button\" type=\"button\">GUTSCHEIN KAUFEN<\/button><\/a><\/td>\n<td><strong>CHF 1&#8217;250.00 &#8211; Privatflug (5 Pers.)<\/strong><\/td>\n<\/tr>\n<tr>\n<td> <\/td>\n<td>Um zu buchen : <span class=\"patt\" style=\"font-family: inherit; font-size: inherit;\"><span class=\"plbl\"><span class=\"patt\"><a href=\"https:\/\/www.swissraft.ch\/de\/kontakt\/\">Kontaktieren Sie uns<\/a><\/span><\/span><\/span><\/td>\n<\/tr>\n<\/tbody>\n<\/table>\n\t\t\t\t\t\t<\/div>\n\t\t\t\t<\/div>\n\t\t\t\t\t<\/div>\n\t\t<\/div>\n\t\t\t\t\t\t\t<\/div>\n\t\t<\/section>\n\t\t\t\t\t\t\t<\/div>\n\t\t","protected":false},"excerpt":{"rendered":"<div align=\"justify\">\n<h2 align=\"justify\">Von Sitten im Wallis aus fliegen Sie mit dem Helikopter \u00fcber die Schweiz im Wechsel der Jahreszeiten.<\/h2>\n<h3>Entdecken Sie mit uns das Walliser Kulturerbe in dem von Ihnen gew\u00e4hlten Zeitraum.<\/h3>\n<\/div>\n<div align=\"justify\">\n<p>Von Sitten aus k\u00f6nnen Sie bequem in unserem Helikopter sitzen und einen 20-min\u00fctigen Rundflug machen. Besuchen Sie die Skigebiete, die Weinberge und den ewigen Schnee. Sie entdecken mit uns das Walliser Kulturerbe je nach gew\u00e4hlter Jahreszeit.<\/p>\n<h3>Auf unserer Swissraft-Website finden Sie \u00fcber 150 Fl\u00fcge in der ganzen Schweiz. Rufen Sie uns an, wir beraten Sie gerne. <\/h3>\n<p id=\"textarea\" style=\"display: none;\">Zun\u00e4chst fliegen wir von zwei anderen Orten im Wallis aus: den Heliports Collombey und Gampel.<br \/>\nAu\u00dferdem starten wir vom Flugplatz \u00c9pagny im Greyerzerland im Kanton Freiburg. Ebenso haben wir Fl\u00fcge in den Kanton Luzern von Pfaffnau aus und in den Kanton Uri vom Heliport Erstfeld aus. \u00dcbrigens bieten wir auch Fl\u00fcge vom Heliport Gstaad-Grund und vom Flugplatz Saanen im Berner Oberland an. Parallel dazu starten wir von den Heliports Lauterbrunnen, Schattenhalb-Meiringen, Lenk-Simmental und Interlaken-Gsteigwiler ebenfalls im Berner Oberland. Einerseits bieten wir Rundreisen von den internationalen Flugh\u00e4fen Z\u00fcrich-Kloten und Bern-Belp an. Au\u00dferdem haben wir Fl\u00fcge in den Kanton Aargau vom Flugplatz Buttwil aus. Aber auch Fl\u00fcge in den Kanton Schwyz von K\u00fcssnacht und in den Kanton Solothurn von Grenchen. Au\u00dferdem bieten wir Rundfl\u00fcge aus Liechtenstein ab dem Heliport Balzers an. Sowie in der Ostschweiz ab dem Flugplatz Sitterdorf in Thurgau. Au\u00dferdem haben wir Fl\u00fcge von Samedan im Engadin. Aber auch vom Heliport in St. Moritz im Winter. In Graub\u00fcnden starten wir von den Heliports Tavanasa, Flims und Untervaz. Im Tessin bieten wir Helikopterrundfl\u00fcge von den Flugpl\u00e4tzen Locarno und Lodrino aus an.\n<\/p>\n<p><a id=\"seeMore\" onclick=\"toggleSeeMore()\" href=\"javascript:void(0);\">Lesen Sie mehr<\/a><\/p>\n","protected":false},"featured_media":86824,"comment_status":"open","ping_status":"closed","template":"","meta":{"inline_featured_image":false,"_mi_skip_tracking":false},"product_cat":[263,317],"product_tag":[],"class_list":["post-91768","product","type-product","status-publish","has-post-thumbnail","hentry","product_cat-helikopterflug-in-der-schweiz","product_cat-helikopterrundflug-sitten"],"yoast_head":"<!-- This site is optimized with the Yoast SEO plugin v23.6 - https:\/\/yoast.com\/wordpress\/plugins\/seo\/ -->\n<title>Im Wechsel der Jahreszeiten im Helikopter ab Sitten. Flug von 20 Minuten<\/title>\n<meta name=\"description\" content=\"Im Wechsel der Jahreszeiten mit dem Helikopter von Sitten aus f\u00fcr einen Flug von 20 Minuten. Fliegen Sie \u00fcber das Walliser Kulturerbe und den ewigen Schnee.\" \/>\n<meta name=\"robots\" content=\"index, follow, max-snippet:-1, max-image-preview:large, max-video-preview:-1\" \/>\n<link rel=\"canonical\" href=\"https:\/\/www.swissraft.ch\/de\/produkt\/hubschrauberflug-ab-sion-im-regeln-der-jahreszeiten-20-min-ab-chf-920-00\/\" \/>\n<meta property=\"og:locale\" content=\"de_DE\" \/>\n<meta property=\"og:type\" content=\"article\" \/>\n<meta property=\"og:title\" content=\"Im Wechsel der Jahreszeiten im Helikopter ab Sitten. Flug von 20 Minuten\" \/>\n<meta property=\"og:description\" content=\"Im Wechsel der Jahreszeiten mit dem Helikopter von Sitten aus f\u00fcr einen Flug von 20 Minuten. Fliegen Sie \u00fcber das Walliser Kulturerbe und den ewigen Schnee.\" \/>\n<meta property=\"og:url\" content=\"https:\/\/www.swissraft.ch\/de\/produkt\/hubschrauberflug-ab-sion-im-regeln-der-jahreszeiten-20-min-ab-chf-920-00\/\" \/>\n<meta property=\"og:site_name\" content=\"Swissraft\" \/>\n<meta property=\"article:modified_time\" content=\"2025-04-17T16:06:39+00:00\" \/>\n<meta property=\"og:image\" content=\"https:\/\/www.swissraft.ch\/wp-content\/uploads\/2022\/12\/03-SITTEN-Je-nach-Saison-20-Minuten-776x776-2.jpg\" \/>\n\t<meta property=\"og:image:width\" content=\"776\" \/>\n\t<meta property=\"og:image:height\" content=\"776\" \/>\n\t<meta property=\"og:image:type\" content=\"image\/jpeg\" \/>\n<meta name=\"twitter:card\" content=\"summary_large_image\" \/>\n<meta name=\"twitter:label1\" content=\"Gesch\u00e4tzte Lesezeit\" \/>\n\t<meta name=\"twitter:data1\" content=\"1\u00a0Minute\" \/>\n<script type=\"application\/ld+json\" class=\"yoast-schema-graph\">{\"@context\":\"https:\/\/schema.org\",\"@graph\":[{\"@type\":\"WebPage\",\"@id\":\"https:\/\/www.swissraft.ch\/de\/produkt\/hubschrauberflug-ab-sion-im-regeln-der-jahreszeiten-20-min-ab-chf-920-00\/\",\"url\":\"https:\/\/www.swissraft.ch\/de\/produkt\/hubschrauberflug-ab-sion-im-regeln-der-jahreszeiten-20-min-ab-chf-920-00\/\",\"name\":\"Im Wechsel der Jahreszeiten im Helikopter ab Sitten. Flug von 20 Minuten\",\"isPartOf\":{\"@id\":\"https:\/\/www.swissraft.ch\/de\/#website\"},\"primaryImageOfPage\":{\"@id\":\"https:\/\/www.swissraft.ch\/de\/produkt\/hubschrauberflug-ab-sion-im-regeln-der-jahreszeiten-20-min-ab-chf-920-00\/#primaryimage\"},\"image\":{\"@id\":\"https:\/\/www.swissraft.ch\/de\/produkt\/hubschrauberflug-ab-sion-im-regeln-der-jahreszeiten-20-min-ab-chf-920-00\/#primaryimage\"},\"thumbnailUrl\":\"https:\/\/www.swissraft.ch\/wp-content\/uploads\/2022\/12\/03-SITTEN-Je-nach-Saison-20-Minuten-776x776-2.jpg\",\"datePublished\":\"2022-12-27T17:08:28+00:00\",\"dateModified\":\"2025-04-17T16:06:39+00:00\",\"description\":\"Im Wechsel der Jahreszeiten mit dem Helikopter von Sitten aus f\u00fcr einen Flug von 20 Minuten. Fliegen Sie \u00fcber das Walliser Kulturerbe und den ewigen Schnee.\",\"breadcrumb\":{\"@id\":\"https:\/\/www.swissraft.ch\/de\/produkt\/hubschrauberflug-ab-sion-im-regeln-der-jahreszeiten-20-min-ab-chf-920-00\/#breadcrumb\"},\"inLanguage\":\"de\",\"potentialAction\":[{\"@type\":\"ReadAction\",\"target\":[\"https:\/\/www.swissraft.ch\/de\/produkt\/hubschrauberflug-ab-sion-im-regeln-der-jahreszeiten-20-min-ab-chf-920-00\/\"]}]},{\"@type\":\"ImageObject\",\"inLanguage\":\"de\",\"@id\":\"https:\/\/www.swissraft.ch\/de\/produkt\/hubschrauberflug-ab-sion-im-regeln-der-jahreszeiten-20-min-ab-chf-920-00\/#primaryimage\",\"url\":\"https:\/\/www.swissraft.ch\/wp-content\/uploads\/2022\/12\/03-SITTEN-Je-nach-Saison-20-Minuten-776x776-2.jpg\",\"contentUrl\":\"https:\/\/www.swissraft.ch\/wp-content\/uploads\/2022\/12\/03-SITTEN-Je-nach-Saison-20-Minuten-776x776-2.jpg\",\"width\":776,\"height\":776,\"caption\":\"Im Wandel der Jahreszeiten - Helikopterflug ab Sitten im Wallis\"},{\"@type\":\"BreadcrumbList\",\"@id\":\"https:\/\/www.swissraft.ch\/de\/produkt\/hubschrauberflug-ab-sion-im-regeln-der-jahreszeiten-20-min-ab-chf-920-00\/#breadcrumb\",\"itemListElement\":[{\"@type\":\"ListItem\",\"position\":1,\"name\":\"Accueil\",\"item\":\"https:\/\/www.swissraft.ch\/de\/\"},{\"@type\":\"ListItem\",\"position\":2,\"name\":\"Shop\",\"item\":\"https:\/\/www.swissraft.ch\/de\/shop\/\"},{\"@type\":\"ListItem\",\"position\":3,\"name\":\"Helikopterflug von SION &#8211; AU GR\u00c9 DES SAISONS &#8211; 20 Min. &#8211; Ab CHF 1&#8217;000.00\"}]},{\"@type\":\"WebSite\",\"@id\":\"https:\/\/www.swissraft.ch\/de\/#website\",\"url\":\"https:\/\/www.swissraft.ch\/de\/\",\"name\":\"Swissraft\",\"description\":\"To enjoy nature as it is\",\"publisher\":{\"@id\":\"https:\/\/www.swissraft.ch\/de\/#organization\"},\"potentialAction\":[{\"@type\":\"SearchAction\",\"target\":{\"@type\":\"EntryPoint\",\"urlTemplate\":\"https:\/\/www.swissraft.ch\/de\/?s={search_term_string}\"},\"query-input\":{\"@type\":\"PropertyValueSpecification\",\"valueRequired\":true,\"valueName\":\"search_term_string\"}}],\"inLanguage\":\"de\"},{\"@type\":\"Organization\",\"@id\":\"https:\/\/www.swissraft.ch\/de\/#organization\",\"name\":\"Swissraft\",\"url\":\"https:\/\/www.swissraft.ch\/de\/\",\"logo\":{\"@type\":\"ImageObject\",\"inLanguage\":\"de\",\"@id\":\"https:\/\/www.swissraft.ch\/de\/#\/schema\/logo\/image\/\",\"url\":\"https:\/\/www.swissraft.ch\/wp-content\/uploads\/2025\/09\/Capture.jpg\",\"contentUrl\":\"https:\/\/www.swissraft.ch\/wp-content\/uploads\/2025\/09\/Capture.jpg\",\"width\":293,\"height\":108,\"caption\":\"Swissraft\"},\"image\":{\"@id\":\"https:\/\/www.swissraft.ch\/de\/#\/schema\/logo\/image\/\"}}]}<\/script>\n<!-- \/ Yoast SEO plugin. -->","yoast_head_json":{"title":"Im Wechsel der Jahreszeiten im Helikopter ab Sitten. Flug von 20 Minuten","description":"Im Wechsel der Jahreszeiten mit dem Helikopter von Sitten aus f\u00fcr einen Flug von 20 Minuten. Fliegen Sie \u00fcber das Walliser Kulturerbe und den ewigen Schnee.","robots":{"index":"index","follow":"follow","max-snippet":"max-snippet:-1","max-image-preview":"max-image-preview:large","max-video-preview":"max-video-preview:-1"},"canonical":"https:\/\/www.swissraft.ch\/de\/produkt\/hubschrauberflug-ab-sion-im-regeln-der-jahreszeiten-20-min-ab-chf-920-00\/","og_locale":"de_DE","og_type":"article","og_title":"Im Wechsel der Jahreszeiten im Helikopter ab Sitten. Flug von 20 Minuten","og_description":"Im Wechsel der Jahreszeiten mit dem Helikopter von Sitten aus f\u00fcr einen Flug von 20 Minuten. Fliegen Sie \u00fcber das Walliser Kulturerbe und den ewigen Schnee.","og_url":"https:\/\/www.swissraft.ch\/de\/produkt\/hubschrauberflug-ab-sion-im-regeln-der-jahreszeiten-20-min-ab-chf-920-00\/","og_site_name":"Swissraft","article_modified_time":"2025-04-17T16:06:39+00:00","og_image":[{"width":776,"height":776,"url":"https:\/\/www.swissraft.ch\/wp-content\/uploads\/2022\/12\/03-SITTEN-Je-nach-Saison-20-Minuten-776x776-2.jpg","type":"image\/jpeg"}],"twitter_card":"summary_large_image","twitter_misc":{"Gesch\u00e4tzte Lesezeit":"1\u00a0Minute"},"schema":{"@context":"https:\/\/schema.org","@graph":[{"@type":"WebPage","@id":"https:\/\/www.swissraft.ch\/de\/produkt\/hubschrauberflug-ab-sion-im-regeln-der-jahreszeiten-20-min-ab-chf-920-00\/","url":"https:\/\/www.swissraft.ch\/de\/produkt\/hubschrauberflug-ab-sion-im-regeln-der-jahreszeiten-20-min-ab-chf-920-00\/","name":"Im Wechsel der Jahreszeiten im Helikopter ab Sitten. Flug von 20 Minuten","isPartOf":{"@id":"https:\/\/www.swissraft.ch\/de\/#website"},"primaryImageOfPage":{"@id":"https:\/\/www.swissraft.ch\/de\/produkt\/hubschrauberflug-ab-sion-im-regeln-der-jahreszeiten-20-min-ab-chf-920-00\/#primaryimage"},"image":{"@id":"https:\/\/www.swissraft.ch\/de\/produkt\/hubschrauberflug-ab-sion-im-regeln-der-jahreszeiten-20-min-ab-chf-920-00\/#primaryimage"},"thumbnailUrl":"https:\/\/www.swissraft.ch\/wp-content\/uploads\/2022\/12\/03-SITTEN-Je-nach-Saison-20-Minuten-776x776-2.jpg","datePublished":"2022-12-27T17:08:28+00:00","dateModified":"2025-04-17T16:06:39+00:00","description":"Im Wechsel der Jahreszeiten mit dem Helikopter von Sitten aus f\u00fcr einen Flug von 20 Minuten. Fliegen Sie \u00fcber das Walliser Kulturerbe und den ewigen Schnee.","breadcrumb":{"@id":"https:\/\/www.swissraft.ch\/de\/produkt\/hubschrauberflug-ab-sion-im-regeln-der-jahreszeiten-20-min-ab-chf-920-00\/#breadcrumb"},"inLanguage":"de","potentialAction":[{"@type":"ReadAction","target":["https:\/\/www.swissraft.ch\/de\/produkt\/hubschrauberflug-ab-sion-im-regeln-der-jahreszeiten-20-min-ab-chf-920-00\/"]}]},{"@type":"ImageObject","inLanguage":"de","@id":"https:\/\/www.swissraft.ch\/de\/produkt\/hubschrauberflug-ab-sion-im-regeln-der-jahreszeiten-20-min-ab-chf-920-00\/#primaryimage","url":"https:\/\/www.swissraft.ch\/wp-content\/uploads\/2022\/12\/03-SITTEN-Je-nach-Saison-20-Minuten-776x776-2.jpg","contentUrl":"https:\/\/www.swissraft.ch\/wp-content\/uploads\/2022\/12\/03-SITTEN-Je-nach-Saison-20-Minuten-776x776-2.jpg","width":776,"height":776,"caption":"Im Wandel der Jahreszeiten - Helikopterflug ab Sitten im Wallis"},{"@type":"BreadcrumbList","@id":"https:\/\/www.swissraft.ch\/de\/produkt\/hubschrauberflug-ab-sion-im-regeln-der-jahreszeiten-20-min-ab-chf-920-00\/#breadcrumb","itemListElement":[{"@type":"ListItem","position":1,"name":"Accueil","item":"https:\/\/www.swissraft.ch\/de\/"},{"@type":"ListItem","position":2,"name":"Shop","item":"https:\/\/www.swissraft.ch\/de\/shop\/"},{"@type":"ListItem","position":3,"name":"Helikopterflug von SION &#8211; AU GR\u00c9 DES SAISONS &#8211; 20 Min. &#8211; Ab CHF 1&#8217;000.00"}]},{"@type":"WebSite","@id":"https:\/\/www.swissraft.ch\/de\/#website","url":"https:\/\/www.swissraft.ch\/de\/","name":"Swissraft","description":"To enjoy nature as it is","publisher":{"@id":"https:\/\/www.swissraft.ch\/de\/#organization"},"potentialAction":[{"@type":"SearchAction","target":{"@type":"EntryPoint","urlTemplate":"https:\/\/www.swissraft.ch\/de\/?s={search_term_string}"},"query-input":{"@type":"PropertyValueSpecification","valueRequired":true,"valueName":"search_term_string"}}],"inLanguage":"de"},{"@type":"Organization","@id":"https:\/\/www.swissraft.ch\/de\/#organization","name":"Swissraft","url":"https:\/\/www.swissraft.ch\/de\/","logo":{"@type":"ImageObject","inLanguage":"de","@id":"https:\/\/www.swissraft.ch\/de\/#\/schema\/logo\/image\/","url":"https:\/\/www.swissraft.ch\/wp-content\/uploads\/2025\/09\/Capture.jpg","contentUrl":"https:\/\/www.swissraft.ch\/wp-content\/uploads\/2025\/09\/Capture.jpg","width":293,"height":108,"caption":"Swissraft"},"image":{"@id":"https:\/\/www.swissraft.ch\/de\/#\/schema\/logo\/image\/"}}]}},"_links":{"self":[{"href":"https:\/\/www.swissraft.ch\/de\/wp-json\/wp\/v2\/product\/91768","targetHints":{"allow":["GET"]}}],"collection":[{"href":"https:\/\/www.swissraft.ch\/de\/wp-json\/wp\/v2\/product"}],"about":[{"href":"https:\/\/www.swissraft.ch\/de\/wp-json\/wp\/v2\/types\/product"}],"replies":[{"embeddable":true,"href":"https:\/\/www.swissraft.ch\/de\/wp-json\/wp\/v2\/comments?post=91768"}],"version-history":[{"count":9,"href":"https:\/\/www.swissraft.ch\/de\/wp-json\/wp\/v2\/product\/91768\/revisions"}],"predecessor-version":[{"id":113088,"href":"https:\/\/www.swissraft.ch\/de\/wp-json\/wp\/v2\/product\/91768\/revisions\/113088"}],"wp:featuredmedia":[{"embeddable":true,"href":"https:\/\/www.swissraft.ch\/de\/wp-json\/wp\/v2\/media\/86824"}],"wp:attachment":[{"href":"https:\/\/www.swissraft.ch\/de\/wp-json\/wp\/v2\/media?parent=91768"}],"wp:term":[{"taxonomy":"product_cat","embeddable":true,"href":"https:\/\/www.swissraft.ch\/de\/wp-json\/wp\/v2\/product_cat?post=91768"},{"taxonomy":"product_tag","embeddable":true,"href":"https:\/\/www.swissraft.ch\/de\/wp-json\/wp\/v2\/product_tag?post=91768"}],"curies":[{"name":"wp","href":"https:\/\/api.w.org\/{rel}","templated":true}]}}