{"id":91767,"date":"2022-12-27T17:35:48","date_gmt":"2022-12-27T16:35:48","guid":{"rendered":"https:\/\/swissraft.xyanzkdne.eu\/product\/hubschrauberflug-von-gampel-aletsch-glacier-40-min-ab-chf-1643-00\/"},"modified":"2026-04-18T23:29:39","modified_gmt":"2026-04-18T21:29:39","slug":"gampel-rundflug-der-aletschgletscher","status":"publish","type":"product","link":"https:\/\/www.swissraft.ch\/de\/produkt\/gampel-rundflug-der-aletschgletscher\/","title":{"rendered":"Helikopterflug &#8211; Gampel &#8211; Aletschgletscher &#8211; 40 Min. &#8211; Ab CHF 1&#8217;680.00"},"content":{"rendered":"\t\t<div data-elementor-type=\"wp-post\" data-elementor-id=\"91767\" class=\"elementor elementor-91767 elementor-30086\">\n\t\t\t\t\t\t\t\t\t<section class=\"elementor-section elementor-top-section elementor-element elementor-element-3303a7e3 elementor-section-boxed elementor-section-height-default elementor-section-height-default\" data-id=\"3303a7e3\" data-element_type=\"section\">\n\t\t\t\t\t\t<div class=\"elementor-container elementor-column-gap-default\">\n\t\t\t\t\t<div class=\"elementor-column elementor-col-100 elementor-top-column elementor-element elementor-element-16d72dbf\" data-id=\"16d72dbf\" data-element_type=\"column\">\n\t\t\t<div class=\"elementor-widget-wrap elementor-element-populated\">\n\t\t\t\t\t\t\t\t<div class=\"elementor-element elementor-element-d743c03 elementor-widget elementor-widget-text-editor\" data-id=\"d743c03\" data-element_type=\"widget\" data-widget_type=\"text-editor.default\">\n\t\t\t\t<div class=\"elementor-widget-container\">\n\t\t\t\t\t\t\t<h2>W\u00c4HLEN SIE UNTEN IHRE AKTIVIT\u00c4T AUS, UM GESCHENKGUTSCHEINE \/ TICKETS ZU VERSCHENKEN ODER ZU BUCHEN<\/h2><table border=\"0\" width=\"580\" cellspacing=\"10\" cellpadding=\"10\"><tbody><tr><td width=\"50%\"><strong>RUNDFLUG &#8211; ALETSCHGLETSCHER &#8211; PRIVATFLUG (1-5 Pers.) &#8211; 40 Min.<\/strong><\/td><td><strong>Ab CHF 1&#8217;680.00 pro Privatflug<span class=\"productPrice\"><br \/><\/span><\/strong><\/td><\/tr><tr><td>Zus\u00e4tzliche Informationen<\/td><td>&#8211; Sie haben den Helikopter ausschlie\u00dflich f\u00fcr sich<br \/>&#8211; Sie bestimmen das Datum und die Uhrzeit des Abflugs<br \/>&#8211; Maximum 5 Pers.<\/td><\/tr><tr><td>Heliport<\/td><td><a href=\"https:\/\/www.google.com\/maps\/place\/46%C2%B018'48.5%22N+7%C2%B043'38.8%22E\/@46.3138726,7.7187639,1559m\/data=!3m1!1e3!4m4!3m3!8m2!3d46.3134722!4d7.7274444?entry=ttu\" target=\"_blank\" rel=\"noopener\">Gampel<\/a><\/td><\/tr><tr><td>Flugzeit<\/td><td>40 Min.<\/td><\/tr><tr><td>Gesamtdauer<\/td><td>ca. 1:15 Std.<\/td><\/tr><tr><td>Termin<\/td><td>Per Telefon<\/td><\/tr><tr><td><button class=\"elementor-button\" type=\"button\"><a href=\"https:\/\/swissraft.outdoorbooking.ch\/fo\/products\/1778?base_id=236&amp;category_id=6&amp;order_type=gift_voucher&amp;lang=de\" target=\"_blank\" rel=\"noopener\">GUTSCHEIN \/ TICKET KAUFEN<\/a><\/button><\/td><td><strong>CHF 1&#8217;680.00 &#8211; Privatflug (1-4 Pers.)<\/strong><\/td><\/tr><tr><td><button class=\"elementor-button\" type=\"button\"><a href=\"https:\/\/swissraft.outdoorbooking.ch\/fo\/products\/1779?base_id=237&amp;category_id=6&amp;order_type=gift_voucher&amp;lang=de\" target=\"_blank\" rel=\"noopener\">GUTSCHEIN \/ TICKET KAUFEN<\/a><\/button><\/td><td><strong>CHF 2&#8217;100.00 &#8211; Privatflug (5 Pers.)<\/strong><\/td><\/tr><tr><td>\u00a0<\/td><td><span style=\"text-decoration: underline;\"><strong><em>WICHTIG !<\/em><\/strong><\/span><br \/><em>Um zu reservieren, rufen Sie die Nummer an, die sich oben links auf dem Gutschein \/ Ticket befindet.<\/em><\/td><\/tr><\/tbody><\/table>\t\t\t\t\t\t<\/div>\n\t\t\t\t<\/div>\n\t\t\t\t\t<\/div>\n\t\t<\/div>\n\t\t\t\t\t\t\t<\/div>\n\t\t<\/section>\n\t\t\t\t\t\t\t<\/div>\n\t\t","protected":false},"excerpt":{"rendered":"<div align=\"justify\">\n<h2 align=\"justify\">Dieser 40-min\u00fctige Helikopterflug f\u00fchrt Sie zum Aletschgletscher.<\/h2>\n<h3>Ber\u00fchmte Gipfel wie das Bietschhorn, der Petersgrat und das Eigermassiv sowie der Aletschgletscher stehen auf dem Programm.<\/h3>\n<\/div>\n<div align=\"justify\">\n<p>Von Gampel aus k\u00f6nnen Sie einen 40-min\u00fctigen Helikopterflug unternehmen, der Sie begeistern wird. Sie fliegen \u00fcber das L\u00f6tschental mit seinen Gipfeln, dem Bietschhorn und dem Petersgrat. Dann sehen Sie das Massiv von Eiger, M\u00f6nch und Jungfrau, die die Region im Berner Oberland dominieren. Anschlie\u00dfend fahren Sie weiter zum wundersch\u00f6nen Aletschgletscher, dem gr\u00f6\u00dften Gletscher der Alpen.<\/p>\n<h3>Verschiedene Helikopterrundfl\u00fcge sind in den Alpen dank eines gro\u00dfen Netzwerks von Helikopterlandepl\u00e4tzen in der Schweiz m\u00f6glich.<\/h3>\n<p id=\"textarea\" style=\"display: none;\">\nWir fliegen im Wallis auch von Collombey und auch vom Flughafen Sitten ab. Zum einen starten wir in \u00c9pagny im Greyerzerland im Kanton Freiburg. Au\u00dferdem starten wir von den Heliports Interlaken-Gsteigwiler und Gstaad-Grund sowie vom Flugplatz Saanen im Saanenland. Wir bieten auch Rundfl\u00fcge im Kanton Uri ab dem Heliport Erstfeld und Fl\u00fcge ab Pfaffnau in der N\u00e4he von Luzern an. Sowie vom Flugplatz Buttwil in Aargau. Au\u00dferdem starten wir vom Flugplatz Grenchen im Kanton Solothurn und vom Flughafen Bern-Belp. Ebenso starten wir im Berner Oberland von den Heliports Lauterbrunnen, Lenk-Simmental und Schattenhalb-Meiringen. Flugreisen auch ab dem internationalen Flughafen Z\u00fcrich-Kloten. Vom Heliport K\u00fcssnacht im Kanton Schwyz. In Graub\u00fcnden vom Heliport St. Moritz im Winter und das ganze Jahr \u00fcber der Flughafen Samedan im Engadin. Aber auch von den Heliports in Flims, Tavanasa und Untervaz. Wir bieten auch Rundfl\u00fcge im Tessin von den Flugpl\u00e4tzen Locarno und Lodrino an. Au\u00dferdem von Liechtenstein aus vom Heliport Balzers und auch vom Flugplatz Sitterdorf im Thurgau.\n<\/p>\n<p><a id=\"seeMore\" onclick=\"toggleSeeMore()\" href=\"javascript:void(0);\">Lesen Sie mehr<\/a><\/p>\n","protected":false},"featured_media":83233,"comment_status":"open","ping_status":"closed","template":"","meta":{"inline_featured_image":false,"_mi_skip_tracking":false},"product_cat":[263,360],"product_tag":[],"class_list":["post-91767","product","type-product","status-publish","has-post-thumbnail","hentry","product_cat-helikopterflug-in-der-schweiz","product_cat-helikopterflug-rundflug-gampel"],"yoast_head":"<!-- This site is optimized with the Yoast SEO plugin v23.6 - https:\/\/yoast.com\/wordpress\/plugins\/seo\/ -->\n<title>Rundflug Der Aletschgletscher, ein 40 min. Flug von Gampel aus<\/title>\n<meta name=\"description\" content=\"Rundflug Der Aletschgletscher, ein 40-min\u00fctiger Helikopterflug vom Heliport Gampel aus. Atemberaubender Flug \u00fcber den Aletschgletscher\" \/>\n<meta name=\"robots\" content=\"index, follow, max-snippet:-1, max-image-preview:large, max-video-preview:-1\" \/>\n<link rel=\"canonical\" href=\"https:\/\/www.swissraft.ch\/de\/produkt\/gampel-rundflug-der-aletschgletscher\/\" \/>\n<meta property=\"og:locale\" content=\"de_DE\" \/>\n<meta property=\"og:type\" content=\"article\" \/>\n<meta property=\"og:title\" content=\"Rundflug Der Aletschgletscher, ein 40 min. Flug von Gampel aus\" \/>\n<meta property=\"og:description\" content=\"Rundflug Der Aletschgletscher, ein 40-min\u00fctiger Helikopterflug vom Heliport Gampel aus. Atemberaubender Flug \u00fcber den Aletschgletscher\" \/>\n<meta property=\"og:url\" content=\"https:\/\/www.swissraft.ch\/de\/produkt\/gampel-rundflug-der-aletschgletscher\/\" \/>\n<meta property=\"og:site_name\" content=\"Swissraft\" \/>\n<meta property=\"article:modified_time\" content=\"2026-04-18T21:29:39+00:00\" \/>\n<meta property=\"og:image\" content=\"https:\/\/www.swissraft.ch\/wp-content\/uploads\/2022\/12\/2-GAMPEL-Der-Aletschgletscher-776x776-1.jpg\" \/>\n\t<meta property=\"og:image:width\" content=\"776\" \/>\n\t<meta property=\"og:image:height\" content=\"776\" \/>\n\t<meta property=\"og:image:type\" content=\"image\/jpeg\" \/>\n<meta name=\"twitter:card\" content=\"summary_large_image\" \/>\n<meta name=\"twitter:label1\" content=\"Gesch\u00e4tzte Lesezeit\" \/>\n\t<meta name=\"twitter:data1\" content=\"1\u00a0Minute\" \/>\n<script type=\"application\/ld+json\" class=\"yoast-schema-graph\">{\"@context\":\"https:\/\/schema.org\",\"@graph\":[{\"@type\":\"WebPage\",\"@id\":\"https:\/\/www.swissraft.ch\/de\/produkt\/gampel-rundflug-der-aletschgletscher\/\",\"url\":\"https:\/\/www.swissraft.ch\/de\/produkt\/gampel-rundflug-der-aletschgletscher\/\",\"name\":\"Rundflug Der Aletschgletscher, ein 40 min. Flug von Gampel aus\",\"isPartOf\":{\"@id\":\"https:\/\/www.swissraft.ch\/de\/#website\"},\"primaryImageOfPage\":{\"@id\":\"https:\/\/www.swissraft.ch\/de\/produkt\/gampel-rundflug-der-aletschgletscher\/#primaryimage\"},\"image\":{\"@id\":\"https:\/\/www.swissraft.ch\/de\/produkt\/gampel-rundflug-der-aletschgletscher\/#primaryimage\"},\"thumbnailUrl\":\"https:\/\/www.swissraft.ch\/wp-content\/uploads\/2022\/12\/2-GAMPEL-Der-Aletschgletscher-776x776-1.jpg\",\"datePublished\":\"2022-12-27T16:35:48+00:00\",\"dateModified\":\"2026-04-18T21:29:39+00:00\",\"description\":\"Rundflug Der Aletschgletscher, ein 40-min\u00fctiger Helikopterflug vom Heliport Gampel aus. Atemberaubender Flug \u00fcber den Aletschgletscher\",\"breadcrumb\":{\"@id\":\"https:\/\/www.swissraft.ch\/de\/produkt\/gampel-rundflug-der-aletschgletscher\/#breadcrumb\"},\"inLanguage\":\"de\",\"potentialAction\":[{\"@type\":\"ReadAction\",\"target\":[\"https:\/\/www.swissraft.ch\/de\/produkt\/gampel-rundflug-der-aletschgletscher\/\"]}]},{\"@type\":\"ImageObject\",\"inLanguage\":\"de\",\"@id\":\"https:\/\/www.swissraft.ch\/de\/produkt\/gampel-rundflug-der-aletschgletscher\/#primaryimage\",\"url\":\"https:\/\/www.swissraft.ch\/wp-content\/uploads\/2022\/12\/2-GAMPEL-Der-Aletschgletscher-776x776-1.jpg\",\"contentUrl\":\"https:\/\/www.swissraft.ch\/wp-content\/uploads\/2022\/12\/2-GAMPEL-Der-Aletschgletscher-776x776-1.jpg\",\"width\":776,\"height\":776,\"caption\":\"Rundflug Der Aletschgletscher mit eunem Helikopter ab Gampel\"},{\"@type\":\"BreadcrumbList\",\"@id\":\"https:\/\/www.swissraft.ch\/de\/produkt\/gampel-rundflug-der-aletschgletscher\/#breadcrumb\",\"itemListElement\":[{\"@type\":\"ListItem\",\"position\":1,\"name\":\"Accueil\",\"item\":\"https:\/\/www.swissraft.ch\/de\/\"},{\"@type\":\"ListItem\",\"position\":2,\"name\":\"Shop\",\"item\":\"https:\/\/www.swissraft.ch\/de\/shop\/\"},{\"@type\":\"ListItem\",\"position\":3,\"name\":\"Helikopterflug &#8211; Gampel &#8211; Aletschgletscher &#8211; 40 Min. &#8211; Ab CHF 1&rsquo;680.00\"}]},{\"@type\":\"WebSite\",\"@id\":\"https:\/\/www.swissraft.ch\/de\/#website\",\"url\":\"https:\/\/www.swissraft.ch\/de\/\",\"name\":\"Swissraft\",\"description\":\"To enjoy nature as it is\",\"publisher\":{\"@id\":\"https:\/\/www.swissraft.ch\/de\/#organization\"},\"potentialAction\":[{\"@type\":\"SearchAction\",\"target\":{\"@type\":\"EntryPoint\",\"urlTemplate\":\"https:\/\/www.swissraft.ch\/de\/?s={search_term_string}\"},\"query-input\":{\"@type\":\"PropertyValueSpecification\",\"valueRequired\":true,\"valueName\":\"search_term_string\"}}],\"inLanguage\":\"de\"},{\"@type\":\"Organization\",\"@id\":\"https:\/\/www.swissraft.ch\/de\/#organization\",\"name\":\"Swissraft\",\"url\":\"https:\/\/www.swissraft.ch\/de\/\",\"logo\":{\"@type\":\"ImageObject\",\"inLanguage\":\"de\",\"@id\":\"https:\/\/www.swissraft.ch\/de\/#\/schema\/logo\/image\/\",\"url\":\"https:\/\/www.swissraft.ch\/wp-content\/uploads\/2025\/09\/Capture.jpg\",\"contentUrl\":\"https:\/\/www.swissraft.ch\/wp-content\/uploads\/2025\/09\/Capture.jpg\",\"width\":293,\"height\":108,\"caption\":\"Swissraft\"},\"image\":{\"@id\":\"https:\/\/www.swissraft.ch\/de\/#\/schema\/logo\/image\/\"}}]}<\/script>\n<!-- \/ Yoast SEO plugin. -->","yoast_head_json":{"title":"Rundflug Der Aletschgletscher, ein 40 min. Flug von Gampel aus","description":"Rundflug Der Aletschgletscher, ein 40-min\u00fctiger Helikopterflug vom Heliport Gampel aus. Atemberaubender Flug \u00fcber den Aletschgletscher","robots":{"index":"index","follow":"follow","max-snippet":"max-snippet:-1","max-image-preview":"max-image-preview:large","max-video-preview":"max-video-preview:-1"},"canonical":"https:\/\/www.swissraft.ch\/de\/produkt\/gampel-rundflug-der-aletschgletscher\/","og_locale":"de_DE","og_type":"article","og_title":"Rundflug Der Aletschgletscher, ein 40 min. Flug von Gampel aus","og_description":"Rundflug Der Aletschgletscher, ein 40-min\u00fctiger Helikopterflug vom Heliport Gampel aus. Atemberaubender Flug \u00fcber den Aletschgletscher","og_url":"https:\/\/www.swissraft.ch\/de\/produkt\/gampel-rundflug-der-aletschgletscher\/","og_site_name":"Swissraft","article_modified_time":"2026-04-18T21:29:39+00:00","og_image":[{"width":776,"height":776,"url":"https:\/\/www.swissraft.ch\/wp-content\/uploads\/2022\/12\/2-GAMPEL-Der-Aletschgletscher-776x776-1.jpg","type":"image\/jpeg"}],"twitter_card":"summary_large_image","twitter_misc":{"Gesch\u00e4tzte Lesezeit":"1\u00a0Minute"},"schema":{"@context":"https:\/\/schema.org","@graph":[{"@type":"WebPage","@id":"https:\/\/www.swissraft.ch\/de\/produkt\/gampel-rundflug-der-aletschgletscher\/","url":"https:\/\/www.swissraft.ch\/de\/produkt\/gampel-rundflug-der-aletschgletscher\/","name":"Rundflug Der Aletschgletscher, ein 40 min. Flug von Gampel aus","isPartOf":{"@id":"https:\/\/www.swissraft.ch\/de\/#website"},"primaryImageOfPage":{"@id":"https:\/\/www.swissraft.ch\/de\/produkt\/gampel-rundflug-der-aletschgletscher\/#primaryimage"},"image":{"@id":"https:\/\/www.swissraft.ch\/de\/produkt\/gampel-rundflug-der-aletschgletscher\/#primaryimage"},"thumbnailUrl":"https:\/\/www.swissraft.ch\/wp-content\/uploads\/2022\/12\/2-GAMPEL-Der-Aletschgletscher-776x776-1.jpg","datePublished":"2022-12-27T16:35:48+00:00","dateModified":"2026-04-18T21:29:39+00:00","description":"Rundflug Der Aletschgletscher, ein 40-min\u00fctiger Helikopterflug vom Heliport Gampel aus. Atemberaubender Flug \u00fcber den Aletschgletscher","breadcrumb":{"@id":"https:\/\/www.swissraft.ch\/de\/produkt\/gampel-rundflug-der-aletschgletscher\/#breadcrumb"},"inLanguage":"de","potentialAction":[{"@type":"ReadAction","target":["https:\/\/www.swissraft.ch\/de\/produkt\/gampel-rundflug-der-aletschgletscher\/"]}]},{"@type":"ImageObject","inLanguage":"de","@id":"https:\/\/www.swissraft.ch\/de\/produkt\/gampel-rundflug-der-aletschgletscher\/#primaryimage","url":"https:\/\/www.swissraft.ch\/wp-content\/uploads\/2022\/12\/2-GAMPEL-Der-Aletschgletscher-776x776-1.jpg","contentUrl":"https:\/\/www.swissraft.ch\/wp-content\/uploads\/2022\/12\/2-GAMPEL-Der-Aletschgletscher-776x776-1.jpg","width":776,"height":776,"caption":"Rundflug Der Aletschgletscher mit eunem Helikopter ab Gampel"},{"@type":"BreadcrumbList","@id":"https:\/\/www.swissraft.ch\/de\/produkt\/gampel-rundflug-der-aletschgletscher\/#breadcrumb","itemListElement":[{"@type":"ListItem","position":1,"name":"Accueil","item":"https:\/\/www.swissraft.ch\/de\/"},{"@type":"ListItem","position":2,"name":"Shop","item":"https:\/\/www.swissraft.ch\/de\/shop\/"},{"@type":"ListItem","position":3,"name":"Helikopterflug &#8211; Gampel &#8211; Aletschgletscher &#8211; 40 Min. &#8211; Ab CHF 1&rsquo;680.00"}]},{"@type":"WebSite","@id":"https:\/\/www.swissraft.ch\/de\/#website","url":"https:\/\/www.swissraft.ch\/de\/","name":"Swissraft","description":"To enjoy nature as it is","publisher":{"@id":"https:\/\/www.swissraft.ch\/de\/#organization"},"potentialAction":[{"@type":"SearchAction","target":{"@type":"EntryPoint","urlTemplate":"https:\/\/www.swissraft.ch\/de\/?s={search_term_string}"},"query-input":{"@type":"PropertyValueSpecification","valueRequired":true,"valueName":"search_term_string"}}],"inLanguage":"de"},{"@type":"Organization","@id":"https:\/\/www.swissraft.ch\/de\/#organization","name":"Swissraft","url":"https:\/\/www.swissraft.ch\/de\/","logo":{"@type":"ImageObject","inLanguage":"de","@id":"https:\/\/www.swissraft.ch\/de\/#\/schema\/logo\/image\/","url":"https:\/\/www.swissraft.ch\/wp-content\/uploads\/2025\/09\/Capture.jpg","contentUrl":"https:\/\/www.swissraft.ch\/wp-content\/uploads\/2025\/09\/Capture.jpg","width":293,"height":108,"caption":"Swissraft"},"image":{"@id":"https:\/\/www.swissraft.ch\/de\/#\/schema\/logo\/image\/"}}]}},"_links":{"self":[{"href":"https:\/\/www.swissraft.ch\/de\/wp-json\/wp\/v2\/product\/91767","targetHints":{"allow":["GET"]}}],"collection":[{"href":"https:\/\/www.swissraft.ch\/de\/wp-json\/wp\/v2\/product"}],"about":[{"href":"https:\/\/www.swissraft.ch\/de\/wp-json\/wp\/v2\/types\/product"}],"replies":[{"embeddable":true,"href":"https:\/\/www.swissraft.ch\/de\/wp-json\/wp\/v2\/comments?post=91767"}],"version-history":[{"count":11,"href":"https:\/\/www.swissraft.ch\/de\/wp-json\/wp\/v2\/product\/91767\/revisions"}],"predecessor-version":[{"id":140881,"href":"https:\/\/www.swissraft.ch\/de\/wp-json\/wp\/v2\/product\/91767\/revisions\/140881"}],"wp:featuredmedia":[{"embeddable":true,"href":"https:\/\/www.swissraft.ch\/de\/wp-json\/wp\/v2\/media\/83233"}],"wp:attachment":[{"href":"https:\/\/www.swissraft.ch\/de\/wp-json\/wp\/v2\/media?parent=91767"}],"wp:term":[{"taxonomy":"product_cat","embeddable":true,"href":"https:\/\/www.swissraft.ch\/de\/wp-json\/wp\/v2\/product_cat?post=91767"},{"taxonomy":"product_tag","embeddable":true,"href":"https:\/\/www.swissraft.ch\/de\/wp-json\/wp\/v2\/product_tag?post=91767"}],"curies":[{"name":"wp","href":"https:\/\/api.w.org\/{rel}","templated":true}]}}