{"id":91764,"date":"2022-12-27T17:30:14","date_gmt":"2022-12-27T16:30:14","guid":{"rendered":"https:\/\/swissraft.xyanzkdne.eu\/product\/hubschrauberflug-von-gampel-loetschental-15-min-ab-chf-707-00\/"},"modified":"2026-04-18T23:23:18","modified_gmt":"2026-04-18T21:23:18","slug":"gampel-rundflug-das-loetschental","status":"publish","type":"product","link":"https:\/\/www.swissraft.ch\/de\/produkt\/gampel-rundflug-das-loetschental\/","title":{"rendered":"Helikopterflug &#8211; Gampel &#8211; L\u00f6tschental &#8211; 15 Min. &#8211; Ab CHF 800.00"},"content":{"rendered":"\t\t<div data-elementor-type=\"wp-post\" data-elementor-id=\"91764\" class=\"elementor elementor-91764 elementor-30080\">\n\t\t\t\t\t\t\t\t\t<section class=\"elementor-section elementor-top-section elementor-element elementor-element-3303a7e3 elementor-section-boxed elementor-section-height-default elementor-section-height-default\" data-id=\"3303a7e3\" data-element_type=\"section\">\n\t\t\t\t\t\t<div class=\"elementor-container elementor-column-gap-default\">\n\t\t\t\t\t<div class=\"elementor-column elementor-col-100 elementor-top-column elementor-element elementor-element-16d72dbf\" data-id=\"16d72dbf\" data-element_type=\"column\">\n\t\t\t<div class=\"elementor-widget-wrap elementor-element-populated\">\n\t\t\t\t\t\t\t\t<div class=\"elementor-element elementor-element-d743c03 elementor-widget elementor-widget-text-editor\" data-id=\"d743c03\" data-element_type=\"widget\" data-widget_type=\"text-editor.default\">\n\t\t\t\t<div class=\"elementor-widget-container\">\n\t\t\t\t\t\t\t<h2>W\u00c4HLEN SIE UNTEN IHRE AKTIVIT\u00c4T AUS, UM GESCHENKGUTSCHEINE \/ TICKETS ZU VERSCHENKEN ODER ZU BUCHEN<\/h2><table border=\"0\" width=\"580\" cellspacing=\"10\" cellpadding=\"10\"><tbody><tr><td width=\"50%\"><strong>RUNDFLUG &#8211; DAS L\u00d6TSCHENTAL &#8211; PRIVATFLUG (1-5 Pers.) &#8211; 15 Min.<\/strong><\/td><td><strong>Ab CHF 800.00 pro Privatflug<span class=\"productPrice\"><br \/><\/span><\/strong><\/td><\/tr><tr><td>Zus\u00e4tzliche Informationen<\/td><td>&#8211; Sie haben den Helikopter ausschlie\u00dflich f\u00fcr sich<br \/>&#8211; Sie bestimmen das Datum und die Uhrzeit des Abflugs<br \/>&#8211; Maximum 5 Pers.<\/td><\/tr><tr><td>Heliport<\/td><td><a href=\"https:\/\/www.google.com\/maps\/place\/46%C2%B018'48.5%22N+7%C2%B043'38.8%22E\/@46.3138429,7.7185064,1559m\/data=!3m1!1e3!4m4!3m3!8m2!3d46.3134722!4d7.7274444?entry=ttu\" target=\"_blank\" rel=\"noopener\">Gampel<\/a><\/td><\/tr><tr><td>Flugzeit<\/td><td>15 Min.<\/td><\/tr><tr><td>Gesamtdauer<\/td><td>ca. 45 Min.<\/td><\/tr><tr><td>Termin<\/td><td>Per Telefon<\/td><\/tr><tr><td><button class=\"elementor-button\" type=\"button\"><a href=\"https:\/\/swissraft.outdoorbooking.ch\/fo\/products\/1776?base_id=236&amp;category_id=6&amp;order_type=gift_voucher&amp;lang=de\" target=\"_blank\" rel=\"noopener\">GUTSCHEIN \/ TICKET KAUFEN<\/a><\/button><\/td><td><strong>CHF 800.00 &#8211; Privatflug (1-4 Pers.)<\/strong><\/td><\/tr><tr><td><button class=\"elementor-button\" type=\"button\"><a href=\"https:\/\/swissraft.outdoorbooking.ch\/fo\/products\/1777?base_id=237&amp;category_id=6&amp;order_type=gift_voucher&amp;lang=de\" target=\"_blank\" rel=\"noopener\">GUTSCHEIN \/ TICKET KAUFEN<\/a><\/button><\/td><td><strong>CHF 1&#8217;000.00 &#8211; Privatflug (5 Pers.)<\/strong><\/td><\/tr><tr><td>\u00a0<\/td><td><span style=\"text-decoration: underline;\"><strong><em>WICHTIG !<\/em><\/strong><\/span><br \/><em>Um zu reservieren, rufen Sie die Nummer an, die sich oben links auf dem Gutschein \/ Ticket befindet.<\/em><\/td><\/tr><\/tbody><\/table>\t\t\t\t\t\t<\/div>\n\t\t\t\t<\/div>\n\t\t\t\t\t<\/div>\n\t\t<\/div>\n\t\t\t\t\t\t\t<\/div>\n\t\t<\/section>\n\t\t\t\t\t\t\t<\/div>\n\t\t","protected":false},"excerpt":{"rendered":"<div align=\"justify\">\n<h2 align=\"justify\">Von Gampel aus f\u00fchrt Sie diese Rundreise ins L\u00f6tschental im Oberwallis.<\/h2>\n<h3>Der H\u00f6hepunkt dieses Helikopterflugs ist der ber\u00fchmte Berg, der auch als &#8222;K\u00f6nig des Wallis&#8220; bezeichnet wird, das Bietschhorn.<\/h3>\n<\/div>\n<div align=\"justify\">\n<p>Fliegen Sie vom Heliport Gampel aus in das wundersch\u00f6ne L\u00f6tschental im Oberwallis, es wird Sie verzaubern. Sie fliegen \u00fcber die kleinen typischen Walliser D\u00f6rfer und das Skigebiet Lauchenalp. Nicht zu vergessen ist nat\u00fcrlich das ber\u00fchmte Bietschhorn mit einer H\u00f6he von 3934 m, ein herrlicher Berg, der auch als &#8222;K\u00f6nig des Wallis&#8220; bezeichnet wird.<\/p>\n<h3>Swissraft bietet Rundfl\u00fcge in der ganzen Schweiz in komfortablen Helikoptern an, damit Sie den Flug in vollen Z\u00fcgen genie\u00dfen k\u00f6nnen.<\/h3>\n<p id=\"textarea\" style=\"display: none;\">\nWir starten auch von einem anderen Heliport im Wallis : Collombey und auch vom Flughafen Sitten. Au\u00dferdem bieten wir Fl\u00fcge im Greyerzerland ab \u00c9pagny im Kanton Freiburg an. Wir starten auch vom Heliport Interlaken-Gsteigwiler sowie von Gstaad-Grund und dem Flugplatz Saanen im Saanenland. Auch im Kanton Uri ab dem Heliport Erstfeld und ab Pfaffnau im Kanton Luzern. Auch vom Flugplatz Buttwil in Aargau. Au\u00dferdem starten wir vom Flugplatz Grenchen im Kanton Solothurn und vom Flughafen Bern-Belp. Aber auch im Berner Oberland von den Heliports Lauterbrunnen, Lenk-Simmental und Schattenhalb-Meiringen. Wir fliegen auch vom internationalen Flughafen Z\u00fcrich-Kloten ab. Abfahrt von K\u00fcssnacht im Kanton Schwyz. In Graub\u00fcnden vom Heliport St. Moritz im Winter und das ganze Jahr \u00fcber der Flughafen Samedan im Engadin. Sowie die Heliports in Flims, Tavanasa und Untervaz. Wir bieten auch Abfl\u00fcge und Fl\u00fcge ins Tessin von den Flugh\u00e4fen Locarno und Lodrino an. Au\u00dferdem auch von Liechtenstein aus vom Heliport Balzers und vom Flugplatz Sitterdorf im Thurgau.\n<\/p>\n<p><a id=\"seeMore\" onclick=\"toggleSeeMore()\" href=\"javascript:void(0);\">Lesen Sie mehr<\/a><\/p>\n","protected":false},"featured_media":85912,"comment_status":"open","ping_status":"closed","template":"","meta":{"inline_featured_image":false,"_mi_skip_tracking":false},"product_cat":[263,360],"product_tag":[],"class_list":["post-91764","product","type-product","status-publish","has-post-thumbnail","hentry","product_cat-helikopterflug-in-der-schweiz","product_cat-helikopterflug-rundflug-gampel"],"yoast_head":"<!-- This site is optimized with the Yoast SEO plugin v23.6 - https:\/\/yoast.com\/wordpress\/plugins\/seo\/ -->\n<title>Rundflug Das L\u00f6tschental aus dem Helikopter<\/title>\n<meta name=\"description\" content=\"Rundflug Das L\u00f6tschental im Helikopter von Gampel aus mit Blick auf das ber\u00fchmte Bietschhorn, das von den Wallisern als K\u00f6nig des Wallis bezeichnet wird\" \/>\n<meta name=\"robots\" content=\"index, follow, max-snippet:-1, max-image-preview:large, max-video-preview:-1\" \/>\n<link rel=\"canonical\" href=\"https:\/\/www.swissraft.ch\/de\/produkt\/gampel-rundflug-das-loetschental\/\" \/>\n<meta property=\"og:locale\" content=\"de_DE\" \/>\n<meta property=\"og:type\" content=\"article\" \/>\n<meta property=\"og:title\" content=\"Rundflug Das L\u00f6tschental aus dem Helikopter\" \/>\n<meta property=\"og:description\" content=\"Rundflug Das L\u00f6tschental im Helikopter von Gampel aus mit Blick auf das ber\u00fchmte Bietschhorn, das von den Wallisern als K\u00f6nig des Wallis bezeichnet wird\" \/>\n<meta property=\"og:url\" content=\"https:\/\/www.swissraft.ch\/de\/produkt\/gampel-rundflug-das-loetschental\/\" \/>\n<meta property=\"og:site_name\" content=\"Swissraft\" \/>\n<meta property=\"article:modified_time\" content=\"2026-04-18T21:23:18+00:00\" \/>\n<meta property=\"og:image\" content=\"https:\/\/www.swissraft.ch\/wp-content\/uploads\/2022\/12\/1-GAMPEL-Lotschental-776x776-2.jpg\" \/>\n\t<meta property=\"og:image:width\" content=\"1191\" \/>\n\t<meta property=\"og:image:height\" content=\"1191\" \/>\n\t<meta property=\"og:image:type\" content=\"image\/jpeg\" \/>\n<meta name=\"twitter:card\" content=\"summary_large_image\" \/>\n<meta name=\"twitter:label1\" content=\"Gesch\u00e4tzte Lesezeit\" \/>\n\t<meta name=\"twitter:data1\" content=\"1\u00a0Minute\" \/>\n<script type=\"application\/ld+json\" class=\"yoast-schema-graph\">{\"@context\":\"https:\/\/schema.org\",\"@graph\":[{\"@type\":\"WebPage\",\"@id\":\"https:\/\/www.swissraft.ch\/de\/produkt\/gampel-rundflug-das-loetschental\/\",\"url\":\"https:\/\/www.swissraft.ch\/de\/produkt\/gampel-rundflug-das-loetschental\/\",\"name\":\"Rundflug Das L\u00f6tschental aus dem Helikopter\",\"isPartOf\":{\"@id\":\"https:\/\/www.swissraft.ch\/de\/#website\"},\"primaryImageOfPage\":{\"@id\":\"https:\/\/www.swissraft.ch\/de\/produkt\/gampel-rundflug-das-loetschental\/#primaryimage\"},\"image\":{\"@id\":\"https:\/\/www.swissraft.ch\/de\/produkt\/gampel-rundflug-das-loetschental\/#primaryimage\"},\"thumbnailUrl\":\"https:\/\/www.swissraft.ch\/wp-content\/uploads\/2022\/12\/1-GAMPEL-Lotschental-776x776-2.jpg\",\"datePublished\":\"2022-12-27T16:30:14+00:00\",\"dateModified\":\"2026-04-18T21:23:18+00:00\",\"description\":\"Rundflug Das L\u00f6tschental im Helikopter von Gampel aus mit Blick auf das ber\u00fchmte Bietschhorn, das von den Wallisern als K\u00f6nig des Wallis bezeichnet wird\",\"breadcrumb\":{\"@id\":\"https:\/\/www.swissraft.ch\/de\/produkt\/gampel-rundflug-das-loetschental\/#breadcrumb\"},\"inLanguage\":\"de\",\"potentialAction\":[{\"@type\":\"ReadAction\",\"target\":[\"https:\/\/www.swissraft.ch\/de\/produkt\/gampel-rundflug-das-loetschental\/\"]}]},{\"@type\":\"ImageObject\",\"inLanguage\":\"de\",\"@id\":\"https:\/\/www.swissraft.ch\/de\/produkt\/gampel-rundflug-das-loetschental\/#primaryimage\",\"url\":\"https:\/\/www.swissraft.ch\/wp-content\/uploads\/2022\/12\/1-GAMPEL-Lotschental-776x776-2.jpg\",\"contentUrl\":\"https:\/\/www.swissraft.ch\/wp-content\/uploads\/2022\/12\/1-GAMPEL-Lotschental-776x776-2.jpg\",\"width\":1191,\"height\":1191,\"caption\":\"Rundflug Das L\u00f6tschental mit dem Helikopter\"},{\"@type\":\"BreadcrumbList\",\"@id\":\"https:\/\/www.swissraft.ch\/de\/produkt\/gampel-rundflug-das-loetschental\/#breadcrumb\",\"itemListElement\":[{\"@type\":\"ListItem\",\"position\":1,\"name\":\"Accueil\",\"item\":\"https:\/\/www.swissraft.ch\/de\/\"},{\"@type\":\"ListItem\",\"position\":2,\"name\":\"Shop\",\"item\":\"https:\/\/www.swissraft.ch\/de\/shop\/\"},{\"@type\":\"ListItem\",\"position\":3,\"name\":\"Helikopterflug &#8211; Gampel &#8211; L\u00f6tschental &#8211; 15 Min. &#8211; Ab CHF 800.00\"}]},{\"@type\":\"WebSite\",\"@id\":\"https:\/\/www.swissraft.ch\/de\/#website\",\"url\":\"https:\/\/www.swissraft.ch\/de\/\",\"name\":\"Swissraft\",\"description\":\"To enjoy nature as it is\",\"publisher\":{\"@id\":\"https:\/\/www.swissraft.ch\/de\/#organization\"},\"potentialAction\":[{\"@type\":\"SearchAction\",\"target\":{\"@type\":\"EntryPoint\",\"urlTemplate\":\"https:\/\/www.swissraft.ch\/de\/?s={search_term_string}\"},\"query-input\":{\"@type\":\"PropertyValueSpecification\",\"valueRequired\":true,\"valueName\":\"search_term_string\"}}],\"inLanguage\":\"de\"},{\"@type\":\"Organization\",\"@id\":\"https:\/\/www.swissraft.ch\/de\/#organization\",\"name\":\"Swissraft\",\"url\":\"https:\/\/www.swissraft.ch\/de\/\",\"logo\":{\"@type\":\"ImageObject\",\"inLanguage\":\"de\",\"@id\":\"https:\/\/www.swissraft.ch\/de\/#\/schema\/logo\/image\/\",\"url\":\"https:\/\/www.swissraft.ch\/wp-content\/uploads\/2025\/09\/Capture.jpg\",\"contentUrl\":\"https:\/\/www.swissraft.ch\/wp-content\/uploads\/2025\/09\/Capture.jpg\",\"width\":293,\"height\":108,\"caption\":\"Swissraft\"},\"image\":{\"@id\":\"https:\/\/www.swissraft.ch\/de\/#\/schema\/logo\/image\/\"}}]}<\/script>\n<!-- \/ Yoast SEO plugin. -->","yoast_head_json":{"title":"Rundflug Das L\u00f6tschental aus dem Helikopter","description":"Rundflug Das L\u00f6tschental im Helikopter von Gampel aus mit Blick auf das ber\u00fchmte Bietschhorn, das von den Wallisern als K\u00f6nig des Wallis bezeichnet wird","robots":{"index":"index","follow":"follow","max-snippet":"max-snippet:-1","max-image-preview":"max-image-preview:large","max-video-preview":"max-video-preview:-1"},"canonical":"https:\/\/www.swissraft.ch\/de\/produkt\/gampel-rundflug-das-loetschental\/","og_locale":"de_DE","og_type":"article","og_title":"Rundflug Das L\u00f6tschental aus dem Helikopter","og_description":"Rundflug Das L\u00f6tschental im Helikopter von Gampel aus mit Blick auf das ber\u00fchmte Bietschhorn, das von den Wallisern als K\u00f6nig des Wallis bezeichnet wird","og_url":"https:\/\/www.swissraft.ch\/de\/produkt\/gampel-rundflug-das-loetschental\/","og_site_name":"Swissraft","article_modified_time":"2026-04-18T21:23:18+00:00","og_image":[{"width":1191,"height":1191,"url":"https:\/\/www.swissraft.ch\/wp-content\/uploads\/2022\/12\/1-GAMPEL-Lotschental-776x776-2.jpg","type":"image\/jpeg"}],"twitter_card":"summary_large_image","twitter_misc":{"Gesch\u00e4tzte Lesezeit":"1\u00a0Minute"},"schema":{"@context":"https:\/\/schema.org","@graph":[{"@type":"WebPage","@id":"https:\/\/www.swissraft.ch\/de\/produkt\/gampel-rundflug-das-loetschental\/","url":"https:\/\/www.swissraft.ch\/de\/produkt\/gampel-rundflug-das-loetschental\/","name":"Rundflug Das L\u00f6tschental aus dem Helikopter","isPartOf":{"@id":"https:\/\/www.swissraft.ch\/de\/#website"},"primaryImageOfPage":{"@id":"https:\/\/www.swissraft.ch\/de\/produkt\/gampel-rundflug-das-loetschental\/#primaryimage"},"image":{"@id":"https:\/\/www.swissraft.ch\/de\/produkt\/gampel-rundflug-das-loetschental\/#primaryimage"},"thumbnailUrl":"https:\/\/www.swissraft.ch\/wp-content\/uploads\/2022\/12\/1-GAMPEL-Lotschental-776x776-2.jpg","datePublished":"2022-12-27T16:30:14+00:00","dateModified":"2026-04-18T21:23:18+00:00","description":"Rundflug Das L\u00f6tschental im Helikopter von Gampel aus mit Blick auf das ber\u00fchmte Bietschhorn, das von den Wallisern als K\u00f6nig des Wallis bezeichnet wird","breadcrumb":{"@id":"https:\/\/www.swissraft.ch\/de\/produkt\/gampel-rundflug-das-loetschental\/#breadcrumb"},"inLanguage":"de","potentialAction":[{"@type":"ReadAction","target":["https:\/\/www.swissraft.ch\/de\/produkt\/gampel-rundflug-das-loetschental\/"]}]},{"@type":"ImageObject","inLanguage":"de","@id":"https:\/\/www.swissraft.ch\/de\/produkt\/gampel-rundflug-das-loetschental\/#primaryimage","url":"https:\/\/www.swissraft.ch\/wp-content\/uploads\/2022\/12\/1-GAMPEL-Lotschental-776x776-2.jpg","contentUrl":"https:\/\/www.swissraft.ch\/wp-content\/uploads\/2022\/12\/1-GAMPEL-Lotschental-776x776-2.jpg","width":1191,"height":1191,"caption":"Rundflug Das L\u00f6tschental mit dem Helikopter"},{"@type":"BreadcrumbList","@id":"https:\/\/www.swissraft.ch\/de\/produkt\/gampel-rundflug-das-loetschental\/#breadcrumb","itemListElement":[{"@type":"ListItem","position":1,"name":"Accueil","item":"https:\/\/www.swissraft.ch\/de\/"},{"@type":"ListItem","position":2,"name":"Shop","item":"https:\/\/www.swissraft.ch\/de\/shop\/"},{"@type":"ListItem","position":3,"name":"Helikopterflug &#8211; Gampel &#8211; L\u00f6tschental &#8211; 15 Min. &#8211; Ab CHF 800.00"}]},{"@type":"WebSite","@id":"https:\/\/www.swissraft.ch\/de\/#website","url":"https:\/\/www.swissraft.ch\/de\/","name":"Swissraft","description":"To enjoy nature as it is","publisher":{"@id":"https:\/\/www.swissraft.ch\/de\/#organization"},"potentialAction":[{"@type":"SearchAction","target":{"@type":"EntryPoint","urlTemplate":"https:\/\/www.swissraft.ch\/de\/?s={search_term_string}"},"query-input":{"@type":"PropertyValueSpecification","valueRequired":true,"valueName":"search_term_string"}}],"inLanguage":"de"},{"@type":"Organization","@id":"https:\/\/www.swissraft.ch\/de\/#organization","name":"Swissraft","url":"https:\/\/www.swissraft.ch\/de\/","logo":{"@type":"ImageObject","inLanguage":"de","@id":"https:\/\/www.swissraft.ch\/de\/#\/schema\/logo\/image\/","url":"https:\/\/www.swissraft.ch\/wp-content\/uploads\/2025\/09\/Capture.jpg","contentUrl":"https:\/\/www.swissraft.ch\/wp-content\/uploads\/2025\/09\/Capture.jpg","width":293,"height":108,"caption":"Swissraft"},"image":{"@id":"https:\/\/www.swissraft.ch\/de\/#\/schema\/logo\/image\/"}}]}},"_links":{"self":[{"href":"https:\/\/www.swissraft.ch\/de\/wp-json\/wp\/v2\/product\/91764","targetHints":{"allow":["GET"]}}],"collection":[{"href":"https:\/\/www.swissraft.ch\/de\/wp-json\/wp\/v2\/product"}],"about":[{"href":"https:\/\/www.swissraft.ch\/de\/wp-json\/wp\/v2\/types\/product"}],"replies":[{"embeddable":true,"href":"https:\/\/www.swissraft.ch\/de\/wp-json\/wp\/v2\/comments?post=91764"}],"version-history":[{"count":13,"href":"https:\/\/www.swissraft.ch\/de\/wp-json\/wp\/v2\/product\/91764\/revisions"}],"predecessor-version":[{"id":140874,"href":"https:\/\/www.swissraft.ch\/de\/wp-json\/wp\/v2\/product\/91764\/revisions\/140874"}],"wp:featuredmedia":[{"embeddable":true,"href":"https:\/\/www.swissraft.ch\/de\/wp-json\/wp\/v2\/media\/85912"}],"wp:attachment":[{"href":"https:\/\/www.swissraft.ch\/de\/wp-json\/wp\/v2\/media?parent=91764"}],"wp:term":[{"taxonomy":"product_cat","embeddable":true,"href":"https:\/\/www.swissraft.ch\/de\/wp-json\/wp\/v2\/product_cat?post=91764"},{"taxonomy":"product_tag","embeddable":true,"href":"https:\/\/www.swissraft.ch\/de\/wp-json\/wp\/v2\/product_tag?post=91764"}],"curies":[{"name":"wp","href":"https:\/\/api.w.org\/{rel}","templated":true}]}}