{"id":91763,"date":"2022-12-27T18:02:36","date_gmt":"2022-12-27T17:02:36","guid":{"rendered":"https:\/\/swissraft.xyanzkdne.eu\/product\/hubschrauberflug-ab-sion-kreisfluege-20-min-ab-chf-920-00\/"},"modified":"2025-04-17T18:00:28","modified_gmt":"2025-04-17T16:00:28","slug":"sitten-rundfluege-von-20-min","status":"publish","type":"product","link":"https:\/\/www.swissraft.ch\/de\/produkt\/sitten-rundfluege-von-20-min\/","title":{"rendered":"Helikopterflug ab SITTEN &#8211; RUNDFL\u00dcGE &#8211; 20 min. &#8211; Ab CHF 1&#8217;000.00"},"content":{"rendered":"\t\t<div data-elementor-type=\"wp-post\" data-elementor-id=\"91763\" class=\"elementor elementor-91763 elementor-30110\">\n\t\t\t\t\t\t\t\t\t<section class=\"elementor-section elementor-top-section elementor-element elementor-element-3303a7e3 elementor-section-boxed elementor-section-height-default elementor-section-height-default\" data-id=\"3303a7e3\" data-element_type=\"section\">\n\t\t\t\t\t\t<div class=\"elementor-container elementor-column-gap-default\">\n\t\t\t\t\t<div class=\"elementor-column elementor-col-100 elementor-top-column elementor-element elementor-element-16d72dbf\" data-id=\"16d72dbf\" data-element_type=\"column\">\n\t\t\t<div class=\"elementor-widget-wrap elementor-element-populated\">\n\t\t\t\t\t\t\t\t<div class=\"elementor-element elementor-element-d743c03 elementor-widget elementor-widget-text-editor\" data-id=\"d743c03\" data-element_type=\"widget\" data-widget_type=\"text-editor.default\">\n\t\t\t\t<div class=\"elementor-widget-container\">\n\t\t\t\t\t\t\t<h2>W\u00c4HLEN SIE UNTEN IHRE AKTIVIT\u00c4T AUS, UM GESCHENKGUTSCHEINE \/ TICKETS ZU VERSCHENKEN ODER ZU BUCHEN.<\/h2>\n<table border=\"0\" width=\"580\" cellspacing=\"10\" cellpadding=\"10\">\n<tbody>\n<tr>\n<td width=\"50%\"><strong>RUNDFL\u00dcGE VON 20 MIN. &#8211; PRIVATFLUG (1-5 Pers.)<\/strong><\/td>\n<td><strong>Ab CHF 1&#8217;000.00 pro Privatflug<span class=\"productPrice\"><br \/><\/span><\/strong><\/td>\n<\/tr>\n<tr>\n<td>Weitere Informationen<\/td>\n<td>&#8211; Sie haben den Helikopter ausschlie\u00dflich f\u00fcr sich<br \/>&#8211; Sie bestimmen das Datum und die Uhrzeit des Abflugs<br \/>&#8211; Maximal 5 Pers.<\/td>\n<\/tr>\n<tr>\n<td>Flughafen<\/td>\n<td><a href=\"https:\/\/www.google.com\/maps\/place\/Rte+de+l'A%C3%A9roport+25,+1950+Sion\/@46.2214572,7.3447093,390m\/data=!3m1!1e3!4m6!3m5!1s0x478edc1547f1513f:0xa0e6ee925c2d9a5b!8m2!3d46.2214387!4d7.3468926!16s%2Fg%2F11c1x0w_h5?entry=ttu\" target=\"_blank\" rel=\"noopener\">Sitten<\/a><\/td>\n<\/tr>\n<tr>\n<td>Flugzeit<\/td>\n<td>20 Min.<\/td>\n<\/tr>\n<tr>\n<td>Gesamtdauer<\/td>\n<td>ca. 50 Min.<\/td>\n<\/tr>\n<tr>\n<td>Terminvereinbarung<\/td>\n<td>Per Telefon<\/td>\n<\/tr>\n<tr>\n<td><a href=\"https:\/\/swissraft.outdoorbooking.ch\/fo\/products\/54?base_id=20&amp;category_id=6&amp;order_type=gift_voucher&amp;lang=de\" target=\"_blank\" rel=\"noopener\"><button class=\"elementor-button\" type=\"button\">GUTSCHEIN KAUFEN<\/button><\/a><\/td>\n<td><strong>CHF 1&#8217;000.00 &#8211; Privatflug (1-4 Pers.)<\/strong><\/td>\n<\/tr>\n<tr>\n<td><a href=\"https:\/\/swissraft.outdoorbooking.ch\/fo\/products\/580?base_id=137&amp;category_id=6&amp;order_type=gift_voucher&amp;lang=de\" target=\"_blank\" rel=\"noopener\"><button class=\"elementor-button\" type=\"button\">GUTSCHEIN KAUFEN<\/button><\/a><\/td>\n<td><strong>CHF 1&#8217;250.00 &#8211; Privatflug (5 Pers.)<\/strong><\/td>\n<\/tr>\n<tr>\n<td> <\/td>\n<td>Um zu buchen : <span class=\"patt\" style=\"font-family: inherit; font-size: inherit;\"><span class=\"plbl\"><span class=\"patt\"><a href=\"https:\/\/www.swissraft.ch\/de\/kontakt\/\">Kontaktieren Sie uns<\/a><\/span><\/span><\/span><\/td>\n<\/tr>\n<\/tbody>\n<\/table>\n\t\t\t\t\t\t<\/div>\n\t\t\t\t<\/div>\n\t\t\t\t\t<\/div>\n\t\t<\/div>\n\t\t\t\t\t\t\t<\/div>\n\t\t<\/section>\n\t\t\t\t\t\t\t<\/div>\n\t\t","protected":false},"excerpt":{"rendered":"<div align=\"justify\">\n<h2 align=\"justify\">Von Sitten im Wallis aus k\u00f6nnen Sie an Bord eines unserer Helikopter gehen und einen 20-min\u00fctigen Rundflug aus 6 Angeboten w\u00e4hlen.<\/h2>\n<h3>Das Wallis aus der Luft; wir bieten Ihnen 6 Helikopterrundfl\u00fcge an.<\/h3>\n<\/div>\n<div align=\"justify\">\n<p>Rundflug 1 : Sitten &#8211; Chamoson &#8211; Martigny &#8211; Mayens de Riddes &#8211; Aproz &#8211; Sitten<\/p>\n<p>Rundflug 2 : Sitten &#8211; Saviese &#8211; Sanetsch &#8211; Derborence &#8211; Ardon &#8211; Sitten<\/p>\n<p>Rundflug 3 : Sitten &#8211; Vex &#8211; Heremence &#8211; Pralong &#8211; Dixence &#8211; Evolene &#8211; Euseigne &#8211; Sitten<\/p>\n<p>Rundflug 4 : Sitten &#8211; Crans-Montana &#8211; Siders &#8211; Sitten<\/p>\n<p>Rundflug 5 : Sitten &#8211; Siviez &#8211; Rosablanche &#8211; Grande Dixence Staudamm &#8211; Thyon &#8211; Sitten<\/p>\n<p>Rundflug 6 : Sitten &#8211; Anzere &#8211; Rawyl &#8211; Wildhorn &#8211; Saviese &#8211; Sitten<\/p>\n<h3>Vom Flughafen Sion aus bietet Ihnen Swissraft 30 verschiedene Rundfl\u00fcge an.<\/h3>\n<p id=\"textarea\" style=\"display: none;\">Wir starten auch von den Heliports in Gampel und Collombey.<br \/>\nAu\u00dferdem starten wir vom Flugplatz \u00c9pagny im Greyerzerland. Wir haben auch Fl\u00fcge in den Kanton Luzern ab Pfaffnau und in den Kanton Uri ab dem Heliport Erstfeld. Parallel dazu starten wir vom Heliport Gstaad-Grund und vom Flugplatz Saanen im Berner Oberland. Sowie die Heliports Lauterbrunnen, Schattenhalb-Meiringen, Lenk-Simmental und Interlaken-Gsteigwiler ebenfalls im Berner Oberland. Dar\u00fcber hinaus bieten wir Helikopterrundfl\u00fcge von den internationalen Flugh\u00e4fen Z\u00fcrich-Kloten und Bern-Belp an. Dar\u00fcber hinaus bieten wir Fl\u00fcge vom Flugplatz Buttwil im Kanton Aargau an. Aber auch Fl\u00fcge in den Kanton Schwyz von K\u00fcssnacht und von Grenchen im Kanton Solothurn. Dar\u00fcber hinaus in der Ostschweiz vom Flugplatz Sitterdorf im Thurgau und in Liechtenstein vom Heliport Balzers. Ebenso starten wir von Samedan im Engadin, wo wir das ganze Jahr \u00fcber Hubschrauberfl\u00fcge durchf\u00fchren. Dar\u00fcber hinaus starten wir auch vom Heliport in St. Moritz, dem ber\u00fchmten Wintersportort. Ebenfalls in Graub\u00fcnden bieten wir Fl\u00fcge von den Heliports Tavanasa, Flims und Untervaz an. Im Tessin bieten wir auch Fl\u00fcge von den Flugpl\u00e4tzen Locarno-Magadino und Lodrino an.\n<\/p>\n<p><a id=\"seeMore\" onclick=\"toggleSeeMore()\" href=\"javascript:void(0);\">Lesen Sie mehr<\/a><\/p>\n","protected":false},"featured_media":86806,"comment_status":"open","ping_status":"closed","template":"","meta":{"inline_featured_image":false,"_mi_skip_tracking":false},"product_cat":[263,317],"product_tag":[],"class_list":["post-91763","product","type-product","status-publish","has-post-thumbnail","hentry","product_cat-helikopterflug-in-der-schweiz","product_cat-helikopterrundflug-sitten"],"yoast_head":"<!-- This site is optimized with the Yoast SEO plugin v23.6 - https:\/\/yoast.com\/wordpress\/plugins\/seo\/ -->\n<title>20-min\u00fctige Helikopterrundfl\u00fcge ab Sitten<\/title>\n<meta name=\"description\" content=\"20-min\u00fctige Helikopterrundfl\u00fcge ab Sion. Sie haben die Wahl zwischen 6 Fl\u00fcgen. Das Wallis aus der Luft, ein sch\u00f6nes Abenteuer\" \/>\n<meta name=\"robots\" content=\"index, follow, max-snippet:-1, max-image-preview:large, max-video-preview:-1\" \/>\n<link rel=\"canonical\" href=\"https:\/\/www.swissraft.ch\/de\/produkt\/sitten-rundfluege-von-20-min\/\" \/>\n<meta property=\"og:locale\" content=\"de_DE\" \/>\n<meta property=\"og:type\" content=\"article\" \/>\n<meta property=\"og:title\" content=\"20-min\u00fctige Helikopterrundfl\u00fcge ab Sitten\" \/>\n<meta property=\"og:description\" content=\"20-min\u00fctige Helikopterrundfl\u00fcge ab Sion. Sie haben die Wahl zwischen 6 Fl\u00fcgen. Das Wallis aus der Luft, ein sch\u00f6nes Abenteuer\" \/>\n<meta property=\"og:url\" content=\"https:\/\/www.swissraft.ch\/de\/produkt\/sitten-rundfluege-von-20-min\/\" \/>\n<meta property=\"og:site_name\" content=\"Swissraft\" \/>\n<meta property=\"article:modified_time\" content=\"2025-04-17T16:00:28+00:00\" \/>\n<meta property=\"og:image\" content=\"https:\/\/www.swissraft.ch\/wp-content\/uploads\/2022\/12\/02-SITTEN-Rundfluge-20-Minuten-776x776-2.jpg\" \/>\n\t<meta property=\"og:image:width\" content=\"776\" \/>\n\t<meta property=\"og:image:height\" content=\"776\" \/>\n\t<meta property=\"og:image:type\" content=\"image\/jpeg\" \/>\n<meta name=\"twitter:card\" content=\"summary_large_image\" \/>\n<meta name=\"twitter:label1\" content=\"Gesch\u00e4tzte Lesezeit\" \/>\n\t<meta name=\"twitter:data1\" content=\"1\u00a0Minute\" \/>\n<script type=\"application\/ld+json\" class=\"yoast-schema-graph\">{\"@context\":\"https:\/\/schema.org\",\"@graph\":[{\"@type\":\"WebPage\",\"@id\":\"https:\/\/www.swissraft.ch\/de\/produkt\/sitten-rundfluege-von-20-min\/\",\"url\":\"https:\/\/www.swissraft.ch\/de\/produkt\/sitten-rundfluege-von-20-min\/\",\"name\":\"20-min\u00fctige Helikopterrundfl\u00fcge ab Sitten\",\"isPartOf\":{\"@id\":\"https:\/\/www.swissraft.ch\/de\/#website\"},\"primaryImageOfPage\":{\"@id\":\"https:\/\/www.swissraft.ch\/de\/produkt\/sitten-rundfluege-von-20-min\/#primaryimage\"},\"image\":{\"@id\":\"https:\/\/www.swissraft.ch\/de\/produkt\/sitten-rundfluege-von-20-min\/#primaryimage\"},\"thumbnailUrl\":\"https:\/\/www.swissraft.ch\/wp-content\/uploads\/2022\/12\/02-SITTEN-Rundfluge-20-Minuten-776x776-2.jpg\",\"datePublished\":\"2022-12-27T17:02:36+00:00\",\"dateModified\":\"2025-04-17T16:00:28+00:00\",\"description\":\"20-min\u00fctige Helikopterrundfl\u00fcge ab Sion. Sie haben die Wahl zwischen 6 Fl\u00fcgen. Das Wallis aus der Luft, ein sch\u00f6nes Abenteuer\",\"breadcrumb\":{\"@id\":\"https:\/\/www.swissraft.ch\/de\/produkt\/sitten-rundfluege-von-20-min\/#breadcrumb\"},\"inLanguage\":\"de\",\"potentialAction\":[{\"@type\":\"ReadAction\",\"target\":[\"https:\/\/www.swissraft.ch\/de\/produkt\/sitten-rundfluege-von-20-min\/\"]}]},{\"@type\":\"ImageObject\",\"inLanguage\":\"de\",\"@id\":\"https:\/\/www.swissraft.ch\/de\/produkt\/sitten-rundfluege-von-20-min\/#primaryimage\",\"url\":\"https:\/\/www.swissraft.ch\/wp-content\/uploads\/2022\/12\/02-SITTEN-Rundfluge-20-Minuten-776x776-2.jpg\",\"contentUrl\":\"https:\/\/www.swissraft.ch\/wp-content\/uploads\/2022\/12\/02-SITTEN-Rundfluge-20-Minuten-776x776-2.jpg\",\"width\":776,\"height\":776,\"caption\":\"Von Sion aus f\u00fcr 20-min\u00fctige Hubschrauberrundfl\u00fcge\"},{\"@type\":\"BreadcrumbList\",\"@id\":\"https:\/\/www.swissraft.ch\/de\/produkt\/sitten-rundfluege-von-20-min\/#breadcrumb\",\"itemListElement\":[{\"@type\":\"ListItem\",\"position\":1,\"name\":\"Accueil\",\"item\":\"https:\/\/www.swissraft.ch\/de\/\"},{\"@type\":\"ListItem\",\"position\":2,\"name\":\"Shop\",\"item\":\"https:\/\/www.swissraft.ch\/de\/shop\/\"},{\"@type\":\"ListItem\",\"position\":3,\"name\":\"Helikopterflug ab SITTEN &#8211; RUNDFL\u00dcGE &#8211; 20 min. &#8211; Ab CHF 1&#8217;000.00\"}]},{\"@type\":\"WebSite\",\"@id\":\"https:\/\/www.swissraft.ch\/de\/#website\",\"url\":\"https:\/\/www.swissraft.ch\/de\/\",\"name\":\"Swissraft\",\"description\":\"To enjoy nature as it is\",\"publisher\":{\"@id\":\"https:\/\/www.swissraft.ch\/de\/#organization\"},\"potentialAction\":[{\"@type\":\"SearchAction\",\"target\":{\"@type\":\"EntryPoint\",\"urlTemplate\":\"https:\/\/www.swissraft.ch\/de\/?s={search_term_string}\"},\"query-input\":{\"@type\":\"PropertyValueSpecification\",\"valueRequired\":true,\"valueName\":\"search_term_string\"}}],\"inLanguage\":\"de\"},{\"@type\":\"Organization\",\"@id\":\"https:\/\/www.swissraft.ch\/de\/#organization\",\"name\":\"Swissraft\",\"url\":\"https:\/\/www.swissraft.ch\/de\/\",\"logo\":{\"@type\":\"ImageObject\",\"inLanguage\":\"de\",\"@id\":\"https:\/\/www.swissraft.ch\/de\/#\/schema\/logo\/image\/\",\"url\":\"https:\/\/www.swissraft.ch\/wp-content\/uploads\/2025\/09\/Capture.jpg\",\"contentUrl\":\"https:\/\/www.swissraft.ch\/wp-content\/uploads\/2025\/09\/Capture.jpg\",\"width\":293,\"height\":108,\"caption\":\"Swissraft\"},\"image\":{\"@id\":\"https:\/\/www.swissraft.ch\/de\/#\/schema\/logo\/image\/\"}}]}<\/script>\n<!-- \/ Yoast SEO plugin. -->","yoast_head_json":{"title":"20-min\u00fctige Helikopterrundfl\u00fcge ab Sitten","description":"20-min\u00fctige Helikopterrundfl\u00fcge ab Sion. Sie haben die Wahl zwischen 6 Fl\u00fcgen. Das Wallis aus der Luft, ein sch\u00f6nes Abenteuer","robots":{"index":"index","follow":"follow","max-snippet":"max-snippet:-1","max-image-preview":"max-image-preview:large","max-video-preview":"max-video-preview:-1"},"canonical":"https:\/\/www.swissraft.ch\/de\/produkt\/sitten-rundfluege-von-20-min\/","og_locale":"de_DE","og_type":"article","og_title":"20-min\u00fctige Helikopterrundfl\u00fcge ab Sitten","og_description":"20-min\u00fctige Helikopterrundfl\u00fcge ab Sion. Sie haben die Wahl zwischen 6 Fl\u00fcgen. Das Wallis aus der Luft, ein sch\u00f6nes Abenteuer","og_url":"https:\/\/www.swissraft.ch\/de\/produkt\/sitten-rundfluege-von-20-min\/","og_site_name":"Swissraft","article_modified_time":"2025-04-17T16:00:28+00:00","og_image":[{"width":776,"height":776,"url":"https:\/\/www.swissraft.ch\/wp-content\/uploads\/2022\/12\/02-SITTEN-Rundfluge-20-Minuten-776x776-2.jpg","type":"image\/jpeg"}],"twitter_card":"summary_large_image","twitter_misc":{"Gesch\u00e4tzte Lesezeit":"1\u00a0Minute"},"schema":{"@context":"https:\/\/schema.org","@graph":[{"@type":"WebPage","@id":"https:\/\/www.swissraft.ch\/de\/produkt\/sitten-rundfluege-von-20-min\/","url":"https:\/\/www.swissraft.ch\/de\/produkt\/sitten-rundfluege-von-20-min\/","name":"20-min\u00fctige Helikopterrundfl\u00fcge ab Sitten","isPartOf":{"@id":"https:\/\/www.swissraft.ch\/de\/#website"},"primaryImageOfPage":{"@id":"https:\/\/www.swissraft.ch\/de\/produkt\/sitten-rundfluege-von-20-min\/#primaryimage"},"image":{"@id":"https:\/\/www.swissraft.ch\/de\/produkt\/sitten-rundfluege-von-20-min\/#primaryimage"},"thumbnailUrl":"https:\/\/www.swissraft.ch\/wp-content\/uploads\/2022\/12\/02-SITTEN-Rundfluge-20-Minuten-776x776-2.jpg","datePublished":"2022-12-27T17:02:36+00:00","dateModified":"2025-04-17T16:00:28+00:00","description":"20-min\u00fctige Helikopterrundfl\u00fcge ab Sion. Sie haben die Wahl zwischen 6 Fl\u00fcgen. Das Wallis aus der Luft, ein sch\u00f6nes Abenteuer","breadcrumb":{"@id":"https:\/\/www.swissraft.ch\/de\/produkt\/sitten-rundfluege-von-20-min\/#breadcrumb"},"inLanguage":"de","potentialAction":[{"@type":"ReadAction","target":["https:\/\/www.swissraft.ch\/de\/produkt\/sitten-rundfluege-von-20-min\/"]}]},{"@type":"ImageObject","inLanguage":"de","@id":"https:\/\/www.swissraft.ch\/de\/produkt\/sitten-rundfluege-von-20-min\/#primaryimage","url":"https:\/\/www.swissraft.ch\/wp-content\/uploads\/2022\/12\/02-SITTEN-Rundfluge-20-Minuten-776x776-2.jpg","contentUrl":"https:\/\/www.swissraft.ch\/wp-content\/uploads\/2022\/12\/02-SITTEN-Rundfluge-20-Minuten-776x776-2.jpg","width":776,"height":776,"caption":"Von Sion aus f\u00fcr 20-min\u00fctige Hubschrauberrundfl\u00fcge"},{"@type":"BreadcrumbList","@id":"https:\/\/www.swissraft.ch\/de\/produkt\/sitten-rundfluege-von-20-min\/#breadcrumb","itemListElement":[{"@type":"ListItem","position":1,"name":"Accueil","item":"https:\/\/www.swissraft.ch\/de\/"},{"@type":"ListItem","position":2,"name":"Shop","item":"https:\/\/www.swissraft.ch\/de\/shop\/"},{"@type":"ListItem","position":3,"name":"Helikopterflug ab SITTEN &#8211; RUNDFL\u00dcGE &#8211; 20 min. &#8211; Ab CHF 1&#8217;000.00"}]},{"@type":"WebSite","@id":"https:\/\/www.swissraft.ch\/de\/#website","url":"https:\/\/www.swissraft.ch\/de\/","name":"Swissraft","description":"To enjoy nature as it is","publisher":{"@id":"https:\/\/www.swissraft.ch\/de\/#organization"},"potentialAction":[{"@type":"SearchAction","target":{"@type":"EntryPoint","urlTemplate":"https:\/\/www.swissraft.ch\/de\/?s={search_term_string}"},"query-input":{"@type":"PropertyValueSpecification","valueRequired":true,"valueName":"search_term_string"}}],"inLanguage":"de"},{"@type":"Organization","@id":"https:\/\/www.swissraft.ch\/de\/#organization","name":"Swissraft","url":"https:\/\/www.swissraft.ch\/de\/","logo":{"@type":"ImageObject","inLanguage":"de","@id":"https:\/\/www.swissraft.ch\/de\/#\/schema\/logo\/image\/","url":"https:\/\/www.swissraft.ch\/wp-content\/uploads\/2025\/09\/Capture.jpg","contentUrl":"https:\/\/www.swissraft.ch\/wp-content\/uploads\/2025\/09\/Capture.jpg","width":293,"height":108,"caption":"Swissraft"},"image":{"@id":"https:\/\/www.swissraft.ch\/de\/#\/schema\/logo\/image\/"}}]}},"_links":{"self":[{"href":"https:\/\/www.swissraft.ch\/de\/wp-json\/wp\/v2\/product\/91763","targetHints":{"allow":["GET"]}}],"collection":[{"href":"https:\/\/www.swissraft.ch\/de\/wp-json\/wp\/v2\/product"}],"about":[{"href":"https:\/\/www.swissraft.ch\/de\/wp-json\/wp\/v2\/types\/product"}],"replies":[{"embeddable":true,"href":"https:\/\/www.swissraft.ch\/de\/wp-json\/wp\/v2\/comments?post=91763"}],"version-history":[{"count":13,"href":"https:\/\/www.swissraft.ch\/de\/wp-json\/wp\/v2\/product\/91763\/revisions"}],"predecessor-version":[{"id":113081,"href":"https:\/\/www.swissraft.ch\/de\/wp-json\/wp\/v2\/product\/91763\/revisions\/113081"}],"wp:featuredmedia":[{"embeddable":true,"href":"https:\/\/www.swissraft.ch\/de\/wp-json\/wp\/v2\/media\/86806"}],"wp:attachment":[{"href":"https:\/\/www.swissraft.ch\/de\/wp-json\/wp\/v2\/media?parent=91763"}],"wp:term":[{"taxonomy":"product_cat","embeddable":true,"href":"https:\/\/www.swissraft.ch\/de\/wp-json\/wp\/v2\/product_cat?post=91763"},{"taxonomy":"product_tag","embeddable":true,"href":"https:\/\/www.swissraft.ch\/de\/wp-json\/wp\/v2\/product_tag?post=91763"}],"curies":[{"name":"wp","href":"https:\/\/api.w.org\/{rel}","templated":true}]}}