{"id":91756,"date":"2022-12-27T16:28:06","date_gmt":"2022-12-27T15:28:06","guid":{"rendered":"https:\/\/swissraft.xyanzkdne.eu\/product\/hubschrauberflug-von-collombey-le-mont-blanc-45-min-ab-chf-1810-00\/"},"modified":"2026-04-18T18:26:01","modified_gmt":"2026-04-18T16:26:01","slug":"helikopterflug-collombey-rundflug-mont-blanc","status":"publish","type":"product","link":"https:\/\/www.swissraft.ch\/de\/produkt\/helikopterflug-collombey-rundflug-mont-blanc\/","title":{"rendered":"Helikopterflug &#8211; Collombey &#8211; Le Mont-Blanc &#8211; 45 Min. &#8211; Ab CHF 1&#8217;880.00"},"content":{"rendered":"\t\t<div data-elementor-type=\"wp-post\" data-elementor-id=\"91756\" class=\"elementor elementor-91756 elementor-30069\">\n\t\t\t\t\t\t\t\t\t<section class=\"elementor-section elementor-top-section elementor-element elementor-element-3303a7e3 elementor-section-boxed elementor-section-height-default elementor-section-height-default\" data-id=\"3303a7e3\" data-element_type=\"section\">\n\t\t\t\t\t\t<div class=\"elementor-container elementor-column-gap-default\">\n\t\t\t\t\t<div class=\"elementor-column elementor-col-100 elementor-top-column elementor-element elementor-element-16d72dbf\" data-id=\"16d72dbf\" data-element_type=\"column\">\n\t\t\t<div class=\"elementor-widget-wrap elementor-element-populated\">\n\t\t\t\t\t\t\t\t<div class=\"elementor-element elementor-element-d743c03 elementor-widget elementor-widget-text-editor\" data-id=\"d743c03\" data-element_type=\"widget\" data-widget_type=\"text-editor.default\">\n\t\t\t\t<div class=\"elementor-widget-container\">\n\t\t\t\t\t\t\t<h2>W\u00c4HLEN SIE UNTEN IHRE AKTIVIT\u00c4T AUS, UM GESCHENKGUTSCHEINE \/ TICKETS ZU VERSCHENKEN ODER ZU BUCHEN<\/h2><table border=\"0\" width=\"580\" cellspacing=\"10\" cellpadding=\"10\"><tbody><tr><td width=\"50%\"><strong>RUNDFLUG &#8211; DER MONT-BLANC &#8211; PRIVATFLUG (1-5 Pers.) &#8211; 45 Min.<\/strong><\/td><td><strong>Ab CHF 1&#8217;880.00 pro Privatflug<span class=\"productPrice\"><br \/><\/span><\/strong><\/td><\/tr><tr><td>Weitere Informationen<\/td><td>&#8211; Sie haben den Helikopter ausschlie\u00dflich f\u00fcr sich<br \/>&#8211; Sie bestimmen das Datum und die Uhrzeit des Abflugs<br \/>&#8211; Maximum 5 Pers.<\/td><\/tr><tr><td>Heliport<\/td><td><a href=\"https:\/\/www.google.com\/maps\/place\/46%C2%B016'06.8%22N+6%C2%B057'33.1%22E\/@46.2692802,6.941192,3088m\/data=!3m1!1e3!4m4!3m3!8m2!3d46.2685556!4d6.9591944?entry=ttu\" target=\"_blank\" rel=\"noopener\">Collombey<\/a><\/td><\/tr><tr><td>Flugzeit<\/td><td>45 Min.<\/td><\/tr><tr><td>Gesamtdauer<\/td><td>ca. 1:15 Std.<\/td><\/tr><tr><td>Termin<\/td><td>Per Telefon<\/td><\/tr><tr><td><button class=\"elementor-button\" type=\"button\"><a href=\"https:\/\/swissraft.outdoorbooking.ch\/fo\/products\/1767?base_id=225&amp;category_id=6&amp;order_type=gift_voucher&amp;lang=de\" target=\"_blank\" rel=\"noopener\">GUTSCHEIN \/ TICKET KAUFEN<\/a><\/button><\/td><td><strong>CHF 1&#8217;880.00 &#8211; Privatflug (1-4 Pers.)<\/strong><\/td><\/tr><tr><td><button class=\"elementor-button\" type=\"button\"><a href=\"https:\/\/swissraft.outdoorbooking.ch\/fo\/products\/1768?base_id=226&amp;category_id=6&amp;order_type=gift_voucher&amp;lang=de\" target=\"_blank\" rel=\"noopener\">GUTSCHEIN \/ TICKET KAUFEN<\/a><\/button><\/td><td><strong>CHF 2&#8217;350.00 &#8211; Privatflug (5 Pers.)<\/strong><\/td><\/tr><tr><td>\u00a0<\/td><td><strong><em>WICHTIG !<\/em><\/strong><br \/><em>Um zu reservieren, rufen Sie die Nummer an, die sich oben links auf dem Gutschein \/ Ticket befindet.<\/em><\/td><\/tr><\/tbody><\/table>\t\t\t\t\t\t<\/div>\n\t\t\t\t<\/div>\n\t\t\t\t\t<\/div>\n\t\t<\/div>\n\t\t\t\t\t\t\t<\/div>\n\t\t<\/section>\n\t\t\t\t\t\t\t<\/div>\n\t\t","protected":false},"excerpt":{"rendered":"<div align=\"justify\">\n<h2 align=\"justify\">Auf dem Weg zum Mont-Blanc, dem h\u00f6chsten Gipfel Europas.<\/h2>\n<h3>Von Collombey aus starten Sie zu einem 45-min\u00fctigen Flug in Richtung des Mont-Blanc-Massivs, das 4808 m hoch ist.<\/h3>\n<\/div>\n<div align=\"justify\">\n<p>Von Collombey aus fliegen wir zum Mont Blanc, dem Dach Europas. In unserem komfortablen Hubschrauber fliegen Sie \u00fcber die Aiguille du Midi, die Stadt Chamonix und das Mont-Blanc-Massiv. Sie erleben einen magischen Moment, den Sie nicht so schnell vergessen werden! Ein gro\u00dfartiges Panorama erwartet Sie!<\/p>\n<h3>Swissraft fliegt Sie mit dem Helikopter zu den sch\u00f6nsten Gipfeln des Alpenmassivs<\/h3>\n<p id=\"textarea\" style=\"display: none;\">\nWir fliegen auch in den Kanton Solothurn von Grenchen aus und auch von Bern-Belp. Auch im Wallis vom Flughafen Sitten, vom Helikopterlandeplatz Gampel und im Berner Oberland von Interlaken-Gsteigwiler. Sowie vom Heliport Gstaad-Grund aus, der vom Flugplatz Saanen im Saanenland aus startet. Dar\u00fcber hinaus starten wir auch von den Heliports Lauterbrunnen, Lenk-Simmental und Schattenhalb-Meiringen. Au\u00dferdem vom internationalen Flughafen Z\u00fcrich-Kloten. Aber auch vom Hubschrauberlandeplatz Pfaffnau im Kanton Luzern. Ebenso starten wir von Erstfeld im Kanton Uri und im Kanton Schwyz vom Heliport K\u00fcssnacht. Aber auch im Kanton Aargau starten wir vom Flugplatz Buttwil aus. Ebenso im Kanton Freiburg in \u00c9pagny en Gruy\u00e8re, im Kanton Tessin in Locarno und Lodrino. Die Flugh\u00e4fen von Flims, Tavanasa, Untervaz und im Engadin von St. Moritz und Samedan. Au\u00dferdem starten wir in Liechtenstein vom Heliport Balzers und im Kanton Thurgau vom Flughafen Sitterdorf.\n<\/p>\n<p><a id=\"seeMore\" onclick=\"toggleSeeMore()\" href=\"javascript:void(0);\">Lesen Sie mehr<\/a><\/p>\n","protected":false},"featured_media":85762,"comment_status":"open","ping_status":"closed","template":"","meta":{"inline_featured_image":false,"_mi_skip_tracking":false},"product_cat":[263,359],"product_tag":[],"class_list":["post-91756","product","type-product","status-publish","has-post-thumbnail","hentry","product_cat-helikopterflug-in-der-schweiz","product_cat-helikopterflug-rundflug-collombey"],"yoast_head":"<!-- This site is optimized with the Yoast SEO plugin v23.6 - https:\/\/yoast.com\/wordpress\/plugins\/seo\/ -->\n<title>Rundflug Der Mont-Blanc von Collombey aus im Helikopter<\/title>\n<meta name=\"description\" content=\"Rundflug Der Mont-Blanc von Collombey aus im Helikopter. Dieser Flug wird Ihnen in Erinnerung bleiben. Der Flug \u00fcber das Mont-Blanc-Massiv ist beeindruckend\" \/>\n<meta name=\"robots\" content=\"index, follow, max-snippet:-1, max-image-preview:large, max-video-preview:-1\" \/>\n<link rel=\"canonical\" href=\"https:\/\/www.swissraft.ch\/de\/produkt\/helikopterflug-collombey-rundflug-mont-blanc\/\" \/>\n<meta property=\"og:locale\" content=\"de_DE\" \/>\n<meta property=\"og:type\" content=\"article\" \/>\n<meta property=\"og:title\" content=\"Rundflug Der Mont-Blanc von Collombey aus im Helikopter\" \/>\n<meta property=\"og:description\" content=\"Rundflug Der Mont-Blanc von Collombey aus im Helikopter. Dieser Flug wird Ihnen in Erinnerung bleiben. Der Flug \u00fcber das Mont-Blanc-Massiv ist beeindruckend\" \/>\n<meta property=\"og:url\" content=\"https:\/\/www.swissraft.ch\/de\/produkt\/helikopterflug-collombey-rundflug-mont-blanc\/\" \/>\n<meta property=\"og:site_name\" content=\"Swissraft\" \/>\n<meta property=\"article:modified_time\" content=\"2026-04-18T16:26:01+00:00\" \/>\n<meta property=\"og:image\" content=\"https:\/\/www.swissraft.ch\/wp-content\/uploads\/2022\/12\/5-COLLOMBEY-Der-Mont-Blanc-776x776-1.jpg\" \/>\n\t<meta property=\"og:image:width\" content=\"776\" \/>\n\t<meta property=\"og:image:height\" content=\"776\" \/>\n\t<meta property=\"og:image:type\" content=\"image\/jpeg\" \/>\n<meta name=\"twitter:card\" content=\"summary_large_image\" \/>\n<meta name=\"twitter:label1\" content=\"Gesch\u00e4tzte Lesezeit\" \/>\n\t<meta name=\"twitter:data1\" content=\"1\u00a0Minute\" \/>\n<script type=\"application\/ld+json\" class=\"yoast-schema-graph\">{\"@context\":\"https:\/\/schema.org\",\"@graph\":[{\"@type\":\"WebPage\",\"@id\":\"https:\/\/www.swissraft.ch\/de\/produkt\/helikopterflug-collombey-rundflug-mont-blanc\/\",\"url\":\"https:\/\/www.swissraft.ch\/de\/produkt\/helikopterflug-collombey-rundflug-mont-blanc\/\",\"name\":\"Rundflug Der Mont-Blanc von Collombey aus im Helikopter\",\"isPartOf\":{\"@id\":\"https:\/\/www.swissraft.ch\/de\/#website\"},\"primaryImageOfPage\":{\"@id\":\"https:\/\/www.swissraft.ch\/de\/produkt\/helikopterflug-collombey-rundflug-mont-blanc\/#primaryimage\"},\"image\":{\"@id\":\"https:\/\/www.swissraft.ch\/de\/produkt\/helikopterflug-collombey-rundflug-mont-blanc\/#primaryimage\"},\"thumbnailUrl\":\"https:\/\/www.swissraft.ch\/wp-content\/uploads\/2022\/12\/5-COLLOMBEY-Der-Mont-Blanc-776x776-1.jpg\",\"datePublished\":\"2022-12-27T15:28:06+00:00\",\"dateModified\":\"2026-04-18T16:26:01+00:00\",\"description\":\"Rundflug Der Mont-Blanc von Collombey aus im Helikopter. Dieser Flug wird Ihnen in Erinnerung bleiben. Der Flug \u00fcber das Mont-Blanc-Massiv ist beeindruckend\",\"breadcrumb\":{\"@id\":\"https:\/\/www.swissraft.ch\/de\/produkt\/helikopterflug-collombey-rundflug-mont-blanc\/#breadcrumb\"},\"inLanguage\":\"de\",\"potentialAction\":[{\"@type\":\"ReadAction\",\"target\":[\"https:\/\/www.swissraft.ch\/de\/produkt\/helikopterflug-collombey-rundflug-mont-blanc\/\"]}]},{\"@type\":\"ImageObject\",\"inLanguage\":\"de\",\"@id\":\"https:\/\/www.swissraft.ch\/de\/produkt\/helikopterflug-collombey-rundflug-mont-blanc\/#primaryimage\",\"url\":\"https:\/\/www.swissraft.ch\/wp-content\/uploads\/2022\/12\/5-COLLOMBEY-Der-Mont-Blanc-776x776-1.jpg\",\"contentUrl\":\"https:\/\/www.swissraft.ch\/wp-content\/uploads\/2022\/12\/5-COLLOMBEY-Der-Mont-Blanc-776x776-1.jpg\",\"width\":776,\"height\":776,\"caption\":\"Von Collombey zum Mont-Blanc\"},{\"@type\":\"BreadcrumbList\",\"@id\":\"https:\/\/www.swissraft.ch\/de\/produkt\/helikopterflug-collombey-rundflug-mont-blanc\/#breadcrumb\",\"itemListElement\":[{\"@type\":\"ListItem\",\"position\":1,\"name\":\"Accueil\",\"item\":\"https:\/\/www.swissraft.ch\/de\/\"},{\"@type\":\"ListItem\",\"position\":2,\"name\":\"Shop\",\"item\":\"https:\/\/www.swissraft.ch\/de\/shop\/\"},{\"@type\":\"ListItem\",\"position\":3,\"name\":\"Helikopterflug &#8211; Collombey &#8211; Le Mont-Blanc &#8211; 45 Min. &#8211; Ab CHF 1&rsquo;880.00\"}]},{\"@type\":\"WebSite\",\"@id\":\"https:\/\/www.swissraft.ch\/de\/#website\",\"url\":\"https:\/\/www.swissraft.ch\/de\/\",\"name\":\"Swissraft\",\"description\":\"To enjoy nature as it is\",\"publisher\":{\"@id\":\"https:\/\/www.swissraft.ch\/de\/#organization\"},\"potentialAction\":[{\"@type\":\"SearchAction\",\"target\":{\"@type\":\"EntryPoint\",\"urlTemplate\":\"https:\/\/www.swissraft.ch\/de\/?s={search_term_string}\"},\"query-input\":{\"@type\":\"PropertyValueSpecification\",\"valueRequired\":true,\"valueName\":\"search_term_string\"}}],\"inLanguage\":\"de\"},{\"@type\":\"Organization\",\"@id\":\"https:\/\/www.swissraft.ch\/de\/#organization\",\"name\":\"Swissraft\",\"url\":\"https:\/\/www.swissraft.ch\/de\/\",\"logo\":{\"@type\":\"ImageObject\",\"inLanguage\":\"de\",\"@id\":\"https:\/\/www.swissraft.ch\/de\/#\/schema\/logo\/image\/\",\"url\":\"https:\/\/www.swissraft.ch\/wp-content\/uploads\/2025\/09\/Capture.jpg\",\"contentUrl\":\"https:\/\/www.swissraft.ch\/wp-content\/uploads\/2025\/09\/Capture.jpg\",\"width\":293,\"height\":108,\"caption\":\"Swissraft\"},\"image\":{\"@id\":\"https:\/\/www.swissraft.ch\/de\/#\/schema\/logo\/image\/\"}}]}<\/script>\n<!-- \/ Yoast SEO plugin. -->","yoast_head_json":{"title":"Rundflug Der Mont-Blanc von Collombey aus im Helikopter","description":"Rundflug Der Mont-Blanc von Collombey aus im Helikopter. Dieser Flug wird Ihnen in Erinnerung bleiben. Der Flug \u00fcber das Mont-Blanc-Massiv ist beeindruckend","robots":{"index":"index","follow":"follow","max-snippet":"max-snippet:-1","max-image-preview":"max-image-preview:large","max-video-preview":"max-video-preview:-1"},"canonical":"https:\/\/www.swissraft.ch\/de\/produkt\/helikopterflug-collombey-rundflug-mont-blanc\/","og_locale":"de_DE","og_type":"article","og_title":"Rundflug Der Mont-Blanc von Collombey aus im Helikopter","og_description":"Rundflug Der Mont-Blanc von Collombey aus im Helikopter. Dieser Flug wird Ihnen in Erinnerung bleiben. Der Flug \u00fcber das Mont-Blanc-Massiv ist beeindruckend","og_url":"https:\/\/www.swissraft.ch\/de\/produkt\/helikopterflug-collombey-rundflug-mont-blanc\/","og_site_name":"Swissraft","article_modified_time":"2026-04-18T16:26:01+00:00","og_image":[{"width":776,"height":776,"url":"https:\/\/www.swissraft.ch\/wp-content\/uploads\/2022\/12\/5-COLLOMBEY-Der-Mont-Blanc-776x776-1.jpg","type":"image\/jpeg"}],"twitter_card":"summary_large_image","twitter_misc":{"Gesch\u00e4tzte Lesezeit":"1\u00a0Minute"},"schema":{"@context":"https:\/\/schema.org","@graph":[{"@type":"WebPage","@id":"https:\/\/www.swissraft.ch\/de\/produkt\/helikopterflug-collombey-rundflug-mont-blanc\/","url":"https:\/\/www.swissraft.ch\/de\/produkt\/helikopterflug-collombey-rundflug-mont-blanc\/","name":"Rundflug Der Mont-Blanc von Collombey aus im Helikopter","isPartOf":{"@id":"https:\/\/www.swissraft.ch\/de\/#website"},"primaryImageOfPage":{"@id":"https:\/\/www.swissraft.ch\/de\/produkt\/helikopterflug-collombey-rundflug-mont-blanc\/#primaryimage"},"image":{"@id":"https:\/\/www.swissraft.ch\/de\/produkt\/helikopterflug-collombey-rundflug-mont-blanc\/#primaryimage"},"thumbnailUrl":"https:\/\/www.swissraft.ch\/wp-content\/uploads\/2022\/12\/5-COLLOMBEY-Der-Mont-Blanc-776x776-1.jpg","datePublished":"2022-12-27T15:28:06+00:00","dateModified":"2026-04-18T16:26:01+00:00","description":"Rundflug Der Mont-Blanc von Collombey aus im Helikopter. Dieser Flug wird Ihnen in Erinnerung bleiben. Der Flug \u00fcber das Mont-Blanc-Massiv ist beeindruckend","breadcrumb":{"@id":"https:\/\/www.swissraft.ch\/de\/produkt\/helikopterflug-collombey-rundflug-mont-blanc\/#breadcrumb"},"inLanguage":"de","potentialAction":[{"@type":"ReadAction","target":["https:\/\/www.swissraft.ch\/de\/produkt\/helikopterflug-collombey-rundflug-mont-blanc\/"]}]},{"@type":"ImageObject","inLanguage":"de","@id":"https:\/\/www.swissraft.ch\/de\/produkt\/helikopterflug-collombey-rundflug-mont-blanc\/#primaryimage","url":"https:\/\/www.swissraft.ch\/wp-content\/uploads\/2022\/12\/5-COLLOMBEY-Der-Mont-Blanc-776x776-1.jpg","contentUrl":"https:\/\/www.swissraft.ch\/wp-content\/uploads\/2022\/12\/5-COLLOMBEY-Der-Mont-Blanc-776x776-1.jpg","width":776,"height":776,"caption":"Von Collombey zum Mont-Blanc"},{"@type":"BreadcrumbList","@id":"https:\/\/www.swissraft.ch\/de\/produkt\/helikopterflug-collombey-rundflug-mont-blanc\/#breadcrumb","itemListElement":[{"@type":"ListItem","position":1,"name":"Accueil","item":"https:\/\/www.swissraft.ch\/de\/"},{"@type":"ListItem","position":2,"name":"Shop","item":"https:\/\/www.swissraft.ch\/de\/shop\/"},{"@type":"ListItem","position":3,"name":"Helikopterflug &#8211; Collombey &#8211; Le Mont-Blanc &#8211; 45 Min. &#8211; Ab CHF 1&rsquo;880.00"}]},{"@type":"WebSite","@id":"https:\/\/www.swissraft.ch\/de\/#website","url":"https:\/\/www.swissraft.ch\/de\/","name":"Swissraft","description":"To enjoy nature as it is","publisher":{"@id":"https:\/\/www.swissraft.ch\/de\/#organization"},"potentialAction":[{"@type":"SearchAction","target":{"@type":"EntryPoint","urlTemplate":"https:\/\/www.swissraft.ch\/de\/?s={search_term_string}"},"query-input":{"@type":"PropertyValueSpecification","valueRequired":true,"valueName":"search_term_string"}}],"inLanguage":"de"},{"@type":"Organization","@id":"https:\/\/www.swissraft.ch\/de\/#organization","name":"Swissraft","url":"https:\/\/www.swissraft.ch\/de\/","logo":{"@type":"ImageObject","inLanguage":"de","@id":"https:\/\/www.swissraft.ch\/de\/#\/schema\/logo\/image\/","url":"https:\/\/www.swissraft.ch\/wp-content\/uploads\/2025\/09\/Capture.jpg","contentUrl":"https:\/\/www.swissraft.ch\/wp-content\/uploads\/2025\/09\/Capture.jpg","width":293,"height":108,"caption":"Swissraft"},"image":{"@id":"https:\/\/www.swissraft.ch\/de\/#\/schema\/logo\/image\/"}}]}},"_links":{"self":[{"href":"https:\/\/www.swissraft.ch\/de\/wp-json\/wp\/v2\/product\/91756","targetHints":{"allow":["GET"]}}],"collection":[{"href":"https:\/\/www.swissraft.ch\/de\/wp-json\/wp\/v2\/product"}],"about":[{"href":"https:\/\/www.swissraft.ch\/de\/wp-json\/wp\/v2\/types\/product"}],"replies":[{"embeddable":true,"href":"https:\/\/www.swissraft.ch\/de\/wp-json\/wp\/v2\/comments?post=91756"}],"version-history":[{"count":17,"href":"https:\/\/www.swissraft.ch\/de\/wp-json\/wp\/v2\/product\/91756\/revisions"}],"predecessor-version":[{"id":140786,"href":"https:\/\/www.swissraft.ch\/de\/wp-json\/wp\/v2\/product\/91756\/revisions\/140786"}],"wp:featuredmedia":[{"embeddable":true,"href":"https:\/\/www.swissraft.ch\/de\/wp-json\/wp\/v2\/media\/85762"}],"wp:attachment":[{"href":"https:\/\/www.swissraft.ch\/de\/wp-json\/wp\/v2\/media?parent=91756"}],"wp:term":[{"taxonomy":"product_cat","embeddable":true,"href":"https:\/\/www.swissraft.ch\/de\/wp-json\/wp\/v2\/product_cat?post=91756"},{"taxonomy":"product_tag","embeddable":true,"href":"https:\/\/www.swissraft.ch\/de\/wp-json\/wp\/v2\/product_tag?post=91756"}],"curies":[{"name":"wp","href":"https:\/\/api.w.org\/{rel}","templated":true}]}}