{"id":91752,"date":"2023-01-11T16:32:38","date_gmt":"2023-01-11T15:32:38","guid":{"rendered":"https:\/\/swissraft.xyanzkdne.eu\/product\/lufttaufe-im-flugzeug-ab-bienne-15-min-ab-chf-60-00\/"},"modified":"2026-04-27T18:26:11","modified_gmt":"2026-04-27T16:26:11","slug":"flug-flugzeug-rundflug-lufttaufe-im-flugzeug","status":"publish","type":"product","link":"https:\/\/www.swissraft.ch\/de\/produkt\/flug-flugzeug-rundflug-lufttaufe-im-flugzeug\/","title":{"rendered":"Lufttaufe mit dem Flugzeug &#8211; Biel &#8211; 15 Min. &#8211; Ab CHF 60.00"},"content":{"rendered":"\t\t<div data-elementor-type=\"wp-post\" data-elementor-id=\"91752\" class=\"elementor elementor-91752 elementor-30331\">\n\t\t\t\t\t\t\t\t\t<section class=\"elementor-section elementor-top-section elementor-element elementor-element-3303a7e3 elementor-section-boxed elementor-section-height-default elementor-section-height-default\" data-id=\"3303a7e3\" data-element_type=\"section\">\n\t\t\t\t\t\t<div class=\"elementor-container elementor-column-gap-default\">\n\t\t\t\t\t<div class=\"elementor-column elementor-col-100 elementor-top-column elementor-element elementor-element-16d72dbf\" data-id=\"16d72dbf\" data-element_type=\"column\">\n\t\t\t<div class=\"elementor-widget-wrap elementor-element-populated\">\n\t\t\t\t\t\t\t\t<div class=\"elementor-element elementor-element-d743c03 elementor-widget elementor-widget-text-editor\" data-id=\"d743c03\" data-element_type=\"widget\" data-widget_type=\"text-editor.default\">\n\t\t\t\t<div class=\"elementor-widget-container\">\n\t\t\t\t\t\t\t<h2>W\u00c4HLEN SIE UNTEN IHRE AKTIVIT\u00c4T AUS, UM GESCHENKGUTSCHEINE \/ TICKETS ZU VERSCHENKEN ODER ZU BUCHEN<\/h2><table border=\"0\" width=\"580\" cellspacing=\"10\" cellpadding=\"10\"><tbody><tr><td width=\"50%\"><strong>RUNDFLUG &#8211; LUFTTAUFE IM FLUGZEUG &#8211; (1-2 Pers.) &#8211; 15 Min.<\/strong><\/td><td><strong>Ab CHF 60.00 pro Person<span class=\"productPrice\"><br \/><\/span><\/strong><\/td><\/tr><tr><td>Zus\u00e4tzliche Informationen<\/td><td><span class=\"patt\">&#8211; Sie werden mit anderen Passagieren zusammen sein.<br \/><\/span><span class=\"patt\">&#8211; Kinder von 5 bis 12 j\u00e4hrig<br \/>&#8211; <\/span><span class=\"patt\">Maximum 2 Pers.<\/span><\/td><\/tr><tr><td>Flugplatz<\/td><td><a href=\"https:\/\/www.google.com\/maps\/place\/47%C2%B005'27.9%22N+7%C2%B017'27.8%22E\/@47.0912114,7.2867544,768m\/data=!3m1!1e3!4m4!3m3!8m2!3d47.0910833!4d7.2910556?entry=ttu\" target=\"_blank\" rel=\"noopener\">Biel<\/a><\/td><\/tr><tr><td>Flugzeit<\/td><td>15 Min.<\/td><\/tr><tr><td>Gesamtdauer<\/td><td>ca. 30 Min.<\/td><\/tr><tr><td>Termin<\/td><td>Per Telefon<\/td><\/tr><tr><td><button class=\"elementor-button\" type=\"button\"><a href=\"https:\/\/swissraft.outdoorbooking.ch\/fo\/products\/166?base_id=26&amp;category_id=22&amp;order_type=gift_voucher&amp;lang=de\" target=\"_blank\" rel=\"noopener\">GUTSCHEIN \/ TICKET KAUFEN<\/a><\/button><\/td><td><strong>CHF 60.00 &#8211; 15 Min. (1 Pers.) <\/strong><\/td><\/tr><tr><td><button class=\"elementor-button\" type=\"button\"><a href=\"https:\/\/swissraft.outdoorbooking.ch\/fo\/products\/1440?base_id=26&amp;category_id=22&amp;order_type=gift_voucher&amp;lang=de\" target=\"_blank\" rel=\"noopener\">GUTSCHEIN \/ TICKET KAUFEN<\/a><\/button><\/td><td><strong>CHF 99.00 &#8211; PRIVATFLUG &#8211; 15 Min. (2 Pers.) <\/strong><\/td><\/tr><tr><td>\u00a0<\/td><td><strong><em>WICHTIG !<\/em><\/strong><br \/><em>Um zu reservieren, rufen Sie die Nummer an, die sich oben links auf dem Gutschein \/ Ticket befindet.<\/em><\/td><\/tr><\/tbody><\/table>\t\t\t\t\t\t<\/div>\n\t\t\t\t<\/div>\n\t\t\t\t\t<\/div>\n\t\t<\/div>\n\t\t\t\t\t\t\t<\/div>\n\t\t<\/section>\n\t\t\t\t\t\t\t<\/div>\n\t\t","protected":false},"excerpt":{"rendered":"<div align=\"justify\">\n<h2 align=\"justify\">Flugzeugtaufe von Biel aus \u00fcber die Stadt und die Gemeinde Hagneck<\/h2>\n<h3>Lufttaufe und Rundflug mit dem Sportflugzeug Piper Archer vom Flugplatz Biel aus.<\/h3>\n<\/div>\n<div align=\"justify\">\n<p>Zur Freude von Gro\u00df und Klein k\u00f6nnen Sie auf dem Flugplatz von Biel eine Lufttaufe in einem Flugzeug machen. Auf diesem 15-min\u00fctigen Flug \u00fcberfliegen Sie Biel und auch die Gemeinde Hagneck mit ihrem Kanal. Nach diesem kleinen Umweg landen Sie wieder auf dem Flugplatz von Biel.<\/p>\n<h3>Swissraft bietet auf ihrer Website 12 Rundfl\u00fcge ab Biel an. Au\u00dferdem gibt es die M\u00f6glichkeit, einen Flug &#8222;\u00e0 la carte&#8220; f\u00fcr eine bestimmte Strecke, die Ihnen am Herzen liegt, zu buchen.<\/h3>\n<p id=\"textarea\" style=\"display: none;\">\nWir fliegen auch vom internationalen Flughafen Bern-Belp f\u00fcr Rundfl\u00fcge mit dem Flugzeug ab. Au\u00dferdem starten wir von Buttwil im Aargau und von Grenchen im Kanton Solothurn. Au\u00dferdem bieten wir Rundfl\u00fcge ab dem Flugplatz \u00c9pagny im Greyerzerland im Kanton Freiburg an. Au\u00dferdem starten wir vom Flugplatz Sch\u00e4nis f\u00fcr Rundfl\u00fcge mit dem Flugzeug.\n<\/p>\n<p><a id=\"seeMore\" onclick=\"toggleSeeMore()\" href=\"javascript:void(0);\">Lesen Sie mehr<\/a><\/p>\n","protected":false},"featured_media":88054,"comment_status":"open","ping_status":"closed","template":"","meta":{"inline_featured_image":false,"_mi_skip_tracking":false},"product_cat":[293,354],"product_tag":[],"class_list":["post-91752","product","type-product","status-publish","has-post-thumbnail","hentry","product_cat-flug-in-der-schweiz","product_cat-flug-flugzeug-rundflug-biel"],"yoast_head":"<!-- This site is optimized with the Yoast SEO plugin v23.6 - https:\/\/yoast.com\/wordpress\/plugins\/seo\/ -->\n<title>Rundflug Lufttaufe im Flugzeug ab Biel f\u00fcr einen 15-min\u00fctigen Flug<\/title>\n<meta name=\"description\" content=\"Rundflug Lufttaufe im Flugzeug von Biel f\u00fcr einen 15-min. Flug. Zur Freude der Kleinen und Gro\u00dfen im Sportflugzeug. Kinder behalten sie in ewiger Erinnerung\" \/>\n<meta name=\"robots\" content=\"index, follow, max-snippet:-1, max-image-preview:large, max-video-preview:-1\" \/>\n<link rel=\"canonical\" href=\"https:\/\/www.swissraft.ch\/de\/produkt\/flug-flugzeug-rundflug-lufttaufe-im-flugzeug\/\" \/>\n<meta property=\"og:locale\" content=\"de_DE\" \/>\n<meta property=\"og:type\" content=\"article\" \/>\n<meta property=\"og:title\" content=\"Rundflug Lufttaufe im Flugzeug ab Biel f\u00fcr einen 15-min\u00fctigen Flug\" \/>\n<meta property=\"og:description\" content=\"Rundflug Lufttaufe im Flugzeug von Biel f\u00fcr einen 15-min. Flug. Zur Freude der Kleinen und Gro\u00dfen im Sportflugzeug. Kinder behalten sie in ewiger Erinnerung\" \/>\n<meta property=\"og:url\" content=\"https:\/\/www.swissraft.ch\/de\/produkt\/flug-flugzeug-rundflug-lufttaufe-im-flugzeug\/\" \/>\n<meta property=\"og:site_name\" content=\"Swissraft\" \/>\n<meta property=\"article:modified_time\" content=\"2026-04-27T16:26:11+00:00\" \/>\n<meta property=\"og:image\" content=\"https:\/\/www.swissraft.ch\/wp-content\/uploads\/2023\/01\/01-BIEL-Lufttaufe-mit-Flugzeug-776x776-1.jpg\" \/>\n\t<meta property=\"og:image:width\" content=\"776\" \/>\n\t<meta property=\"og:image:height\" content=\"776\" \/>\n\t<meta property=\"og:image:type\" content=\"image\/jpeg\" \/>\n<meta name=\"twitter:card\" content=\"summary_large_image\" \/>\n<meta name=\"twitter:label1\" content=\"Gesch\u00e4tzte Lesezeit\" \/>\n\t<meta name=\"twitter:data1\" content=\"1\u00a0Minute\" \/>\n<script type=\"application\/ld+json\" class=\"yoast-schema-graph\">{\"@context\":\"https:\/\/schema.org\",\"@graph\":[{\"@type\":\"WebPage\",\"@id\":\"https:\/\/www.swissraft.ch\/de\/produkt\/flug-flugzeug-rundflug-lufttaufe-im-flugzeug\/\",\"url\":\"https:\/\/www.swissraft.ch\/de\/produkt\/flug-flugzeug-rundflug-lufttaufe-im-flugzeug\/\",\"name\":\"Rundflug Lufttaufe im Flugzeug ab Biel f\u00fcr einen 15-min\u00fctigen Flug\",\"isPartOf\":{\"@id\":\"https:\/\/www.swissraft.ch\/de\/#website\"},\"primaryImageOfPage\":{\"@id\":\"https:\/\/www.swissraft.ch\/de\/produkt\/flug-flugzeug-rundflug-lufttaufe-im-flugzeug\/#primaryimage\"},\"image\":{\"@id\":\"https:\/\/www.swissraft.ch\/de\/produkt\/flug-flugzeug-rundflug-lufttaufe-im-flugzeug\/#primaryimage\"},\"thumbnailUrl\":\"https:\/\/www.swissraft.ch\/wp-content\/uploads\/2023\/01\/01-BIEL-Lufttaufe-mit-Flugzeug-776x776-1.jpg\",\"datePublished\":\"2023-01-11T15:32:38+00:00\",\"dateModified\":\"2026-04-27T16:26:11+00:00\",\"description\":\"Rundflug Lufttaufe im Flugzeug von Biel f\u00fcr einen 15-min. Flug. Zur Freude der Kleinen und Gro\u00dfen im Sportflugzeug. Kinder behalten sie in ewiger Erinnerung\",\"breadcrumb\":{\"@id\":\"https:\/\/www.swissraft.ch\/de\/produkt\/flug-flugzeug-rundflug-lufttaufe-im-flugzeug\/#breadcrumb\"},\"inLanguage\":\"de\",\"potentialAction\":[{\"@type\":\"ReadAction\",\"target\":[\"https:\/\/www.swissraft.ch\/de\/produkt\/flug-flugzeug-rundflug-lufttaufe-im-flugzeug\/\"]}]},{\"@type\":\"ImageObject\",\"inLanguage\":\"de\",\"@id\":\"https:\/\/www.swissraft.ch\/de\/produkt\/flug-flugzeug-rundflug-lufttaufe-im-flugzeug\/#primaryimage\",\"url\":\"https:\/\/www.swissraft.ch\/wp-content\/uploads\/2023\/01\/01-BIEL-Lufttaufe-mit-Flugzeug-776x776-1.jpg\",\"contentUrl\":\"https:\/\/www.swissraft.ch\/wp-content\/uploads\/2023\/01\/01-BIEL-Lufttaufe-mit-Flugzeug-776x776-1.jpg\",\"width\":776,\"height\":776,\"caption\":\"Lufttaufe im Flugzeug von Biel aus\"},{\"@type\":\"BreadcrumbList\",\"@id\":\"https:\/\/www.swissraft.ch\/de\/produkt\/flug-flugzeug-rundflug-lufttaufe-im-flugzeug\/#breadcrumb\",\"itemListElement\":[{\"@type\":\"ListItem\",\"position\":1,\"name\":\"Accueil\",\"item\":\"https:\/\/www.swissraft.ch\/de\/\"},{\"@type\":\"ListItem\",\"position\":2,\"name\":\"Shop\",\"item\":\"https:\/\/www.swissraft.ch\/de\/shop\/\"},{\"@type\":\"ListItem\",\"position\":3,\"name\":\"Lufttaufe mit dem Flugzeug &#8211; Biel &#8211; 15 Min. &#8211; Ab CHF 60.00\"}]},{\"@type\":\"WebSite\",\"@id\":\"https:\/\/www.swissraft.ch\/de\/#website\",\"url\":\"https:\/\/www.swissraft.ch\/de\/\",\"name\":\"Swissraft\",\"description\":\"To enjoy nature as it is\",\"publisher\":{\"@id\":\"https:\/\/www.swissraft.ch\/de\/#organization\"},\"potentialAction\":[{\"@type\":\"SearchAction\",\"target\":{\"@type\":\"EntryPoint\",\"urlTemplate\":\"https:\/\/www.swissraft.ch\/de\/?s={search_term_string}\"},\"query-input\":{\"@type\":\"PropertyValueSpecification\",\"valueRequired\":true,\"valueName\":\"search_term_string\"}}],\"inLanguage\":\"de\"},{\"@type\":\"Organization\",\"@id\":\"https:\/\/www.swissraft.ch\/de\/#organization\",\"name\":\"Swissraft\",\"url\":\"https:\/\/www.swissraft.ch\/de\/\",\"logo\":{\"@type\":\"ImageObject\",\"inLanguage\":\"de\",\"@id\":\"https:\/\/www.swissraft.ch\/de\/#\/schema\/logo\/image\/\",\"url\":\"https:\/\/www.swissraft.ch\/wp-content\/uploads\/2025\/09\/Capture.jpg\",\"contentUrl\":\"https:\/\/www.swissraft.ch\/wp-content\/uploads\/2025\/09\/Capture.jpg\",\"width\":293,\"height\":108,\"caption\":\"Swissraft\"},\"image\":{\"@id\":\"https:\/\/www.swissraft.ch\/de\/#\/schema\/logo\/image\/\"}}]}<\/script>\n<!-- \/ Yoast SEO plugin. -->","yoast_head_json":{"title":"Rundflug Lufttaufe im Flugzeug ab Biel f\u00fcr einen 15-min\u00fctigen Flug","description":"Rundflug Lufttaufe im Flugzeug von Biel f\u00fcr einen 15-min. Flug. Zur Freude der Kleinen und Gro\u00dfen im Sportflugzeug. Kinder behalten sie in ewiger Erinnerung","robots":{"index":"index","follow":"follow","max-snippet":"max-snippet:-1","max-image-preview":"max-image-preview:large","max-video-preview":"max-video-preview:-1"},"canonical":"https:\/\/www.swissraft.ch\/de\/produkt\/flug-flugzeug-rundflug-lufttaufe-im-flugzeug\/","og_locale":"de_DE","og_type":"article","og_title":"Rundflug Lufttaufe im Flugzeug ab Biel f\u00fcr einen 15-min\u00fctigen Flug","og_description":"Rundflug Lufttaufe im Flugzeug von Biel f\u00fcr einen 15-min. Flug. Zur Freude der Kleinen und Gro\u00dfen im Sportflugzeug. Kinder behalten sie in ewiger Erinnerung","og_url":"https:\/\/www.swissraft.ch\/de\/produkt\/flug-flugzeug-rundflug-lufttaufe-im-flugzeug\/","og_site_name":"Swissraft","article_modified_time":"2026-04-27T16:26:11+00:00","og_image":[{"width":776,"height":776,"url":"https:\/\/www.swissraft.ch\/wp-content\/uploads\/2023\/01\/01-BIEL-Lufttaufe-mit-Flugzeug-776x776-1.jpg","type":"image\/jpeg"}],"twitter_card":"summary_large_image","twitter_misc":{"Gesch\u00e4tzte Lesezeit":"1\u00a0Minute"},"schema":{"@context":"https:\/\/schema.org","@graph":[{"@type":"WebPage","@id":"https:\/\/www.swissraft.ch\/de\/produkt\/flug-flugzeug-rundflug-lufttaufe-im-flugzeug\/","url":"https:\/\/www.swissraft.ch\/de\/produkt\/flug-flugzeug-rundflug-lufttaufe-im-flugzeug\/","name":"Rundflug Lufttaufe im Flugzeug ab Biel f\u00fcr einen 15-min\u00fctigen Flug","isPartOf":{"@id":"https:\/\/www.swissraft.ch\/de\/#website"},"primaryImageOfPage":{"@id":"https:\/\/www.swissraft.ch\/de\/produkt\/flug-flugzeug-rundflug-lufttaufe-im-flugzeug\/#primaryimage"},"image":{"@id":"https:\/\/www.swissraft.ch\/de\/produkt\/flug-flugzeug-rundflug-lufttaufe-im-flugzeug\/#primaryimage"},"thumbnailUrl":"https:\/\/www.swissraft.ch\/wp-content\/uploads\/2023\/01\/01-BIEL-Lufttaufe-mit-Flugzeug-776x776-1.jpg","datePublished":"2023-01-11T15:32:38+00:00","dateModified":"2026-04-27T16:26:11+00:00","description":"Rundflug Lufttaufe im Flugzeug von Biel f\u00fcr einen 15-min. Flug. Zur Freude der Kleinen und Gro\u00dfen im Sportflugzeug. Kinder behalten sie in ewiger Erinnerung","breadcrumb":{"@id":"https:\/\/www.swissraft.ch\/de\/produkt\/flug-flugzeug-rundflug-lufttaufe-im-flugzeug\/#breadcrumb"},"inLanguage":"de","potentialAction":[{"@type":"ReadAction","target":["https:\/\/www.swissraft.ch\/de\/produkt\/flug-flugzeug-rundflug-lufttaufe-im-flugzeug\/"]}]},{"@type":"ImageObject","inLanguage":"de","@id":"https:\/\/www.swissraft.ch\/de\/produkt\/flug-flugzeug-rundflug-lufttaufe-im-flugzeug\/#primaryimage","url":"https:\/\/www.swissraft.ch\/wp-content\/uploads\/2023\/01\/01-BIEL-Lufttaufe-mit-Flugzeug-776x776-1.jpg","contentUrl":"https:\/\/www.swissraft.ch\/wp-content\/uploads\/2023\/01\/01-BIEL-Lufttaufe-mit-Flugzeug-776x776-1.jpg","width":776,"height":776,"caption":"Lufttaufe im Flugzeug von Biel aus"},{"@type":"BreadcrumbList","@id":"https:\/\/www.swissraft.ch\/de\/produkt\/flug-flugzeug-rundflug-lufttaufe-im-flugzeug\/#breadcrumb","itemListElement":[{"@type":"ListItem","position":1,"name":"Accueil","item":"https:\/\/www.swissraft.ch\/de\/"},{"@type":"ListItem","position":2,"name":"Shop","item":"https:\/\/www.swissraft.ch\/de\/shop\/"},{"@type":"ListItem","position":3,"name":"Lufttaufe mit dem Flugzeug &#8211; Biel &#8211; 15 Min. &#8211; Ab CHF 60.00"}]},{"@type":"WebSite","@id":"https:\/\/www.swissraft.ch\/de\/#website","url":"https:\/\/www.swissraft.ch\/de\/","name":"Swissraft","description":"To enjoy nature as it is","publisher":{"@id":"https:\/\/www.swissraft.ch\/de\/#organization"},"potentialAction":[{"@type":"SearchAction","target":{"@type":"EntryPoint","urlTemplate":"https:\/\/www.swissraft.ch\/de\/?s={search_term_string}"},"query-input":{"@type":"PropertyValueSpecification","valueRequired":true,"valueName":"search_term_string"}}],"inLanguage":"de"},{"@type":"Organization","@id":"https:\/\/www.swissraft.ch\/de\/#organization","name":"Swissraft","url":"https:\/\/www.swissraft.ch\/de\/","logo":{"@type":"ImageObject","inLanguage":"de","@id":"https:\/\/www.swissraft.ch\/de\/#\/schema\/logo\/image\/","url":"https:\/\/www.swissraft.ch\/wp-content\/uploads\/2025\/09\/Capture.jpg","contentUrl":"https:\/\/www.swissraft.ch\/wp-content\/uploads\/2025\/09\/Capture.jpg","width":293,"height":108,"caption":"Swissraft"},"image":{"@id":"https:\/\/www.swissraft.ch\/de\/#\/schema\/logo\/image\/"}}]}},"_links":{"self":[{"href":"https:\/\/www.swissraft.ch\/de\/wp-json\/wp\/v2\/product\/91752","targetHints":{"allow":["GET"]}}],"collection":[{"href":"https:\/\/www.swissraft.ch\/de\/wp-json\/wp\/v2\/product"}],"about":[{"href":"https:\/\/www.swissraft.ch\/de\/wp-json\/wp\/v2\/types\/product"}],"replies":[{"embeddable":true,"href":"https:\/\/www.swissraft.ch\/de\/wp-json\/wp\/v2\/comments?post=91752"}],"version-history":[{"count":25,"href":"https:\/\/www.swissraft.ch\/de\/wp-json\/wp\/v2\/product\/91752\/revisions"}],"predecessor-version":[{"id":142459,"href":"https:\/\/www.swissraft.ch\/de\/wp-json\/wp\/v2\/product\/91752\/revisions\/142459"}],"wp:featuredmedia":[{"embeddable":true,"href":"https:\/\/www.swissraft.ch\/de\/wp-json\/wp\/v2\/media\/88054"}],"wp:attachment":[{"href":"https:\/\/www.swissraft.ch\/de\/wp-json\/wp\/v2\/media?parent=91752"}],"wp:term":[{"taxonomy":"product_cat","embeddable":true,"href":"https:\/\/www.swissraft.ch\/de\/wp-json\/wp\/v2\/product_cat?post=91752"},{"taxonomy":"product_tag","embeddable":true,"href":"https:\/\/www.swissraft.ch\/de\/wp-json\/wp\/v2\/product_tag?post=91752"}],"curies":[{"name":"wp","href":"https:\/\/api.w.org\/{rel}","templated":true}]}}