{"id":91748,"date":"2023-01-11T15:23:44","date_gmt":"2023-01-11T14:23:44","guid":{"rendered":"https:\/\/swissraft.xyanzkdne.eu\/product\/flug-mit-dem-flugzeug-von-berne-belp-cervin-oder-mont-blanc-90-min-chf-370-00\/"},"modified":"2024-12-11T05:47:10","modified_gmt":"2024-12-11T04:47:10","slug":"flug-flugzeug-bern-belp-matterhorn-oder-mont-blanc","status":"publish","type":"product","link":"https:\/\/www.swissraft.ch\/de\/produkt\/flug-flugzeug-bern-belp-matterhorn-oder-mont-blanc\/","title":{"rendered":"Flug mit dem Flugzeug ab BERNE-BELP &#8211; MATTERHORN ODER MONT-BLANC &#8211; 90 Min. &#8211; CHF 370.00"},"content":{"rendered":"\t\t<div data-elementor-type=\"wp-post\" data-elementor-id=\"91748\" class=\"elementor elementor-91748 elementor-30326\">\n\t\t\t\t\t\t\t\t\t<section class=\"elementor-section elementor-top-section elementor-element elementor-element-3303a7e3 elementor-section-boxed elementor-section-height-default elementor-section-height-default\" data-id=\"3303a7e3\" data-element_type=\"section\">\n\t\t\t\t\t\t<div class=\"elementor-container elementor-column-gap-default\">\n\t\t\t\t\t<div class=\"elementor-column elementor-col-100 elementor-top-column elementor-element elementor-element-16d72dbf\" data-id=\"16d72dbf\" data-element_type=\"column\">\n\t\t\t<div class=\"elementor-widget-wrap elementor-element-populated\">\n\t\t\t\t\t\t\t\t<div class=\"elementor-element elementor-element-d743c03 elementor-widget elementor-widget-text-editor\" data-id=\"d743c03\" data-element_type=\"widget\" data-widget_type=\"text-editor.default\">\n\t\t\t\t<div class=\"elementor-widget-container\">\n\t\t\t\t\t\t\t<h2>W\u00c4HLEN SIE UNTEN IHRE AKTIVIT\u00c4T AUS, UM GESCHENKGUTSCHEINE \/ TICKETS ZU VERSCHENKEN ODER ZU BUCHEN.<\/h2><table border=\"0\" width=\"580\" cellspacing=\"10\" cellpadding=\"10\"><tbody><tr><td width=\"50%\"><strong>MATTERHORN ODER MONT-BLANC &#8211; 90 Min.<\/strong><\/td><td><strong>CHF 370.00 pro Person<span class=\"productPrice\"><br \/><\/span><\/strong><\/td><\/tr><tr><td>Weitere Informationen<\/td><td><span class=\"patt\">&#8211; Sie werden mit anderen Passagieren zusammen sein<br \/>&#8211; Maximal 3 Pers.<\/span><\/td><\/tr><tr><td>Flughafen<\/td><td><a href=\"https:\/\/www.google.com\/maps\/place\/46%C2%B054'42.7%22N+7%C2%B030'12.1%22E\/@46.9123669,7.4941803,1542m\/data=!3m1!1e3!4m4!3m3!8m2!3d46.9118611!4d7.5033611?entry=ttu\" target=\"_blank\" rel=\"noopener\">Bern-Belp<\/a><\/td><\/tr><tr><td>Flugzeit<\/td><td>90 Min.<\/td><\/tr><tr><td>Gesamtdauer<\/td><td>ca. 2 Std.<\/td><\/tr><tr><td>Terminvereinbarung<\/td><td>Per Telefon<\/td><\/tr><tr><td><button class=\"elementor-button\" type=\"button\"><a href=\"https:\/\/swissraft.outdoorbooking.ch\/fo\/products\/421?base_id=108&amp;category_id=22&amp;order_type=gift_voucher&amp;lang=de\" target=\"_blank\" rel=\"noopener\">GUTSCHEIN KAUFEN<\/a><\/button><\/td><td><strong>CHF 370.00 &#8211; Matterhorn (1 Pers.)<\/strong><\/td><\/tr><tr><td><button class=\"elementor-button\" type=\"button\"><a href=\"https:\/\/swissraft.outdoorbooking.ch\/fo\/products\/422?base_id=108&amp;category_id=22&amp;order_type=gift_voucher&amp;lang=de\" target=\"_blank\" rel=\"noopener\">GUTSCHEIN KAUFEN<\/a><\/button><\/td><td><strong>CHF 370.00 &#8211; Mont-Blanc (1 Pers.)<\/strong><\/td><\/tr><tr><td>\u00a0<\/td><td>Um zu buchen : <span class=\"patt\" style=\"font-family: inherit; font-size: inherit;\"><span class=\"plbl\"><span class=\"patt\"><a href=\"https:\/\/www.swissraft.ch\/de\/kontakt\/\">Kontaktieren Sie uns<\/a><\/span><\/span><\/span><\/td><\/tr><\/tbody><\/table>\t\t\t\t\t\t<\/div>\n\t\t\t\t<\/div>\n\t\t\t\t\t<\/div>\n\t\t<\/div>\n\t\t\t\t\t\t\t<\/div>\n\t\t<\/section>\n\t\t\t\t\t\t\t<\/div>\n\t\t","protected":false},"excerpt":{"rendered":"<div align=\"justify\">\n<h2 align=\"justify\">Diese 90-min\u00fctigen Fl\u00fcge sind die H\u00f6hepunkte der Rundfl\u00fcge, die vom Flughafen Bern-Belp aus starten.<\/h2>\n<h3>Sie fliegen in einer H\u00f6he von \u00fcber 4000 Metern \u00fcber dem Meeresspiegel. Sie haben die Wahl zwischen dem Matterhorn- und dem Mont-Blanc-Rundflug.<\/h3>\n<\/div>\n<div align=\"justify\">\n<p>Beim Matterhorn-Rundflug f\u00fchrt Sie der Flug \u00fcber das Berner Oberland auf der S\u00fcdseite der Alpen. Sie befinden sich weit \u00fcber den T\u00e4lern des Wallis, in Richtung der s\u00fcdlichsten Hochalpen. Von hier aus haben Sie den besten Blick auf die Simplon-Region, dann folgt das Saastal. Anschlie\u00dfend fahren Sie weiter \u00fcber Mattmark und seinen Staudamm, Felskinn, Mischabel und die Monte Rosa Region. Danach gehen Sie am Matterhorn vorbei zum Dent Blanche. Dann fahren Sie durch die T\u00e4ler des s\u00fcdlichen Wallis mit Blick auf die Grande Dixence. Sie kehren dann ins Berner Oberland zur\u00fcck und landen auf dem Flughafen Bern-Belp.<br \/>\nDie Mont-Blanc-Route f\u00fchrt Sie zun\u00e4chst in das Berner Oberland auf 4000 m H\u00f6he \u00fcber dem Meeresspiegel. Dieser Flug f\u00fchrt Sie entlang des Wildstrubels und des Wildhorns auf der S\u00fcdseite der Alpen im Wallis. Wenn Sie \u00fcber Verbier ankommen, setzen Sie den Flug in die Mont-Blanc-Region fort, mit einer atemberaubenden Aussicht auf die Aiguilles. Sie sehen Chamonix, das am Ende des Tals liegt. Ihre Reise geht weiter bergab zum Genfer See, den Sie \u00fcberqueren. Sie fliegen nun \u00fcber die sch\u00f6ne Region Gruy\u00e8re, bevor Sie wieder auf dem Flughafen Bern-Belp landen.<\/p>\n<h3>Auf der Swissraft-Website bieten wir Ihnen mehr als 35 Flugzeugrundreisen von verschiedenen Flugpl\u00e4tzen und Flugh\u00e4fen in der Schweiz an.<\/h3>\n<p id=\"textarea\" style=\"display: none;\">\nWir f\u00fchren auch Sportfl\u00fcge vom Flugplatz Biel im Kanton Bern aus durch. Einerseits bieten wir Flugreisen ab dem Flugplatz Buttwil im Kanton Aargau an. Au\u00dferdem bieten wir Rundfl\u00fcge ab dem Flugplatz Grenchen im Kanton Solothurn an. Wir bieten auch Fl\u00fcge in den Kanton Freiburg von Epagny aus an. Dar\u00fcber hinaus bieten wir auch Flugreisen in den Kanton St. Gallen wird vom Flugplatz Sch\u00e4nis aus gestartet.\n<\/p>\n<p><a id=\"seeMore\" onclick=\"toggleSeeMore()\" href=\"javascript:void(0);\">Lesen Sie mehr<\/a><\/p>\n","protected":false},"featured_media":88027,"comment_status":"open","ping_status":"closed","template":"","meta":{"inline_featured_image":false,"_mi_skip_tracking":false},"product_cat":[293,309],"product_tag":[],"class_list":["post-91748","product","type-product","status-publish","has-post-thumbnail","hentry","product_cat-flug-in-der-schweiz","product_cat-flug-flugzeug-bern-belp"],"yoast_head":"<!-- This site is optimized with the Yoast SEO plugin v23.6 - https:\/\/yoast.com\/wordpress\/plugins\/seo\/ -->\n<title>Matterhorn oder Mont-Blanc ab Bern-Belp mit dem Flugzeug<\/title>\n<meta name=\"description\" content=\"Matterhorn oder Mont Blanc ab Bern-Belp mit dem Flugzeug in einem 90-min\u00fctigen Flug. Sie haben die Wahl zwischen der Matterhorn- und der Mont-Blanc\" \/>\n<meta name=\"robots\" content=\"index, follow, max-snippet:-1, max-image-preview:large, max-video-preview:-1\" \/>\n<link rel=\"canonical\" href=\"https:\/\/www.swissraft.ch\/de\/produkt\/flug-flugzeug-bern-belp-matterhorn-oder-mont-blanc\/\" \/>\n<meta property=\"og:locale\" content=\"de_DE\" \/>\n<meta property=\"og:type\" content=\"article\" \/>\n<meta property=\"og:title\" content=\"Matterhorn oder Mont-Blanc ab Bern-Belp mit dem Flugzeug\" \/>\n<meta property=\"og:description\" content=\"Matterhorn oder Mont Blanc ab Bern-Belp mit dem Flugzeug in einem 90-min\u00fctigen Flug. Sie haben die Wahl zwischen der Matterhorn- und der Mont-Blanc\" \/>\n<meta property=\"og:url\" content=\"https:\/\/www.swissraft.ch\/de\/produkt\/flug-flugzeug-bern-belp-matterhorn-oder-mont-blanc\/\" \/>\n<meta property=\"og:site_name\" content=\"Swissraft\" \/>\n<meta property=\"article:modified_time\" content=\"2024-12-11T04:47:10+00:00\" \/>\n<meta property=\"og:image\" content=\"https:\/\/www.swissraft.ch\/wp-content\/uploads\/2023\/01\/5-Matterhorn-oder-Mt.-Blanc-Rundflug-776x776-1.jpg\" \/>\n\t<meta property=\"og:image:width\" content=\"776\" \/>\n\t<meta property=\"og:image:height\" content=\"776\" \/>\n\t<meta property=\"og:image:type\" content=\"image\/jpeg\" \/>\n<meta name=\"twitter:card\" content=\"summary_large_image\" \/>\n<meta name=\"twitter:label1\" content=\"Gesch\u00e4tzte Lesezeit\" \/>\n\t<meta name=\"twitter:data1\" content=\"1\u00a0Minute\" \/>\n<script type=\"application\/ld+json\" class=\"yoast-schema-graph\">{\"@context\":\"https:\/\/schema.org\",\"@graph\":[{\"@type\":\"WebPage\",\"@id\":\"https:\/\/www.swissraft.ch\/de\/produkt\/flug-flugzeug-bern-belp-matterhorn-oder-mont-blanc\/\",\"url\":\"https:\/\/www.swissraft.ch\/de\/produkt\/flug-flugzeug-bern-belp-matterhorn-oder-mont-blanc\/\",\"name\":\"Matterhorn oder Mont-Blanc ab Bern-Belp mit dem Flugzeug\",\"isPartOf\":{\"@id\":\"https:\/\/www.swissraft.ch\/de\/#website\"},\"primaryImageOfPage\":{\"@id\":\"https:\/\/www.swissraft.ch\/de\/produkt\/flug-flugzeug-bern-belp-matterhorn-oder-mont-blanc\/#primaryimage\"},\"image\":{\"@id\":\"https:\/\/www.swissraft.ch\/de\/produkt\/flug-flugzeug-bern-belp-matterhorn-oder-mont-blanc\/#primaryimage\"},\"thumbnailUrl\":\"https:\/\/www.swissraft.ch\/wp-content\/uploads\/2023\/01\/5-Matterhorn-oder-Mt.-Blanc-Rundflug-776x776-1.jpg\",\"datePublished\":\"2023-01-11T14:23:44+00:00\",\"dateModified\":\"2024-12-11T04:47:10+00:00\",\"description\":\"Matterhorn oder Mont Blanc ab Bern-Belp mit dem Flugzeug in einem 90-min\u00fctigen Flug. Sie haben die Wahl zwischen der Matterhorn- und der Mont-Blanc\",\"breadcrumb\":{\"@id\":\"https:\/\/www.swissraft.ch\/de\/produkt\/flug-flugzeug-bern-belp-matterhorn-oder-mont-blanc\/#breadcrumb\"},\"inLanguage\":\"de\",\"potentialAction\":[{\"@type\":\"ReadAction\",\"target\":[\"https:\/\/www.swissraft.ch\/de\/produkt\/flug-flugzeug-bern-belp-matterhorn-oder-mont-blanc\/\"]}]},{\"@type\":\"ImageObject\",\"inLanguage\":\"de\",\"@id\":\"https:\/\/www.swissraft.ch\/de\/produkt\/flug-flugzeug-bern-belp-matterhorn-oder-mont-blanc\/#primaryimage\",\"url\":\"https:\/\/www.swissraft.ch\/wp-content\/uploads\/2023\/01\/5-Matterhorn-oder-Mt.-Blanc-Rundflug-776x776-1.jpg\",\"contentUrl\":\"https:\/\/www.swissraft.ch\/wp-content\/uploads\/2023\/01\/5-Matterhorn-oder-Mt.-Blanc-Rundflug-776x776-1.jpg\",\"width\":776,\"height\":776,\"caption\":\"Matterhorn oder Mont Blanc mit dem Flugzeug von Bern-Belp aus\"},{\"@type\":\"BreadcrumbList\",\"@id\":\"https:\/\/www.swissraft.ch\/de\/produkt\/flug-flugzeug-bern-belp-matterhorn-oder-mont-blanc\/#breadcrumb\",\"itemListElement\":[{\"@type\":\"ListItem\",\"position\":1,\"name\":\"Accueil\",\"item\":\"https:\/\/www.swissraft.ch\/de\/\"},{\"@type\":\"ListItem\",\"position\":2,\"name\":\"Shop\",\"item\":\"https:\/\/www.swissraft.ch\/de\/shop\/\"},{\"@type\":\"ListItem\",\"position\":3,\"name\":\"Flug mit dem Flugzeug ab BERNE-BELP &#8211; MATTERHORN ODER MONT-BLANC &#8211; 90 Min. &#8211; CHF 370.00\"}]},{\"@type\":\"WebSite\",\"@id\":\"https:\/\/www.swissraft.ch\/de\/#website\",\"url\":\"https:\/\/www.swissraft.ch\/de\/\",\"name\":\"Swissraft\",\"description\":\"To enjoy nature as it is\",\"publisher\":{\"@id\":\"https:\/\/www.swissraft.ch\/de\/#organization\"},\"potentialAction\":[{\"@type\":\"SearchAction\",\"target\":{\"@type\":\"EntryPoint\",\"urlTemplate\":\"https:\/\/www.swissraft.ch\/de\/?s={search_term_string}\"},\"query-input\":{\"@type\":\"PropertyValueSpecification\",\"valueRequired\":true,\"valueName\":\"search_term_string\"}}],\"inLanguage\":\"de\"},{\"@type\":\"Organization\",\"@id\":\"https:\/\/www.swissraft.ch\/de\/#organization\",\"name\":\"Swissraft\",\"url\":\"https:\/\/www.swissraft.ch\/de\/\",\"logo\":{\"@type\":\"ImageObject\",\"inLanguage\":\"de\",\"@id\":\"https:\/\/www.swissraft.ch\/de\/#\/schema\/logo\/image\/\",\"url\":\"https:\/\/www.swissraft.ch\/wp-content\/uploads\/2025\/09\/Capture.jpg\",\"contentUrl\":\"https:\/\/www.swissraft.ch\/wp-content\/uploads\/2025\/09\/Capture.jpg\",\"width\":293,\"height\":108,\"caption\":\"Swissraft\"},\"image\":{\"@id\":\"https:\/\/www.swissraft.ch\/de\/#\/schema\/logo\/image\/\"}}]}<\/script>\n<!-- \/ Yoast SEO plugin. -->","yoast_head_json":{"title":"Matterhorn oder Mont-Blanc ab Bern-Belp mit dem Flugzeug","description":"Matterhorn oder Mont Blanc ab Bern-Belp mit dem Flugzeug in einem 90-min\u00fctigen Flug. Sie haben die Wahl zwischen der Matterhorn- und der Mont-Blanc","robots":{"index":"index","follow":"follow","max-snippet":"max-snippet:-1","max-image-preview":"max-image-preview:large","max-video-preview":"max-video-preview:-1"},"canonical":"https:\/\/www.swissraft.ch\/de\/produkt\/flug-flugzeug-bern-belp-matterhorn-oder-mont-blanc\/","og_locale":"de_DE","og_type":"article","og_title":"Matterhorn oder Mont-Blanc ab Bern-Belp mit dem Flugzeug","og_description":"Matterhorn oder Mont Blanc ab Bern-Belp mit dem Flugzeug in einem 90-min\u00fctigen Flug. Sie haben die Wahl zwischen der Matterhorn- und der Mont-Blanc","og_url":"https:\/\/www.swissraft.ch\/de\/produkt\/flug-flugzeug-bern-belp-matterhorn-oder-mont-blanc\/","og_site_name":"Swissraft","article_modified_time":"2024-12-11T04:47:10+00:00","og_image":[{"width":776,"height":776,"url":"https:\/\/www.swissraft.ch\/wp-content\/uploads\/2023\/01\/5-Matterhorn-oder-Mt.-Blanc-Rundflug-776x776-1.jpg","type":"image\/jpeg"}],"twitter_card":"summary_large_image","twitter_misc":{"Gesch\u00e4tzte Lesezeit":"1\u00a0Minute"},"schema":{"@context":"https:\/\/schema.org","@graph":[{"@type":"WebPage","@id":"https:\/\/www.swissraft.ch\/de\/produkt\/flug-flugzeug-bern-belp-matterhorn-oder-mont-blanc\/","url":"https:\/\/www.swissraft.ch\/de\/produkt\/flug-flugzeug-bern-belp-matterhorn-oder-mont-blanc\/","name":"Matterhorn oder Mont-Blanc ab Bern-Belp mit dem Flugzeug","isPartOf":{"@id":"https:\/\/www.swissraft.ch\/de\/#website"},"primaryImageOfPage":{"@id":"https:\/\/www.swissraft.ch\/de\/produkt\/flug-flugzeug-bern-belp-matterhorn-oder-mont-blanc\/#primaryimage"},"image":{"@id":"https:\/\/www.swissraft.ch\/de\/produkt\/flug-flugzeug-bern-belp-matterhorn-oder-mont-blanc\/#primaryimage"},"thumbnailUrl":"https:\/\/www.swissraft.ch\/wp-content\/uploads\/2023\/01\/5-Matterhorn-oder-Mt.-Blanc-Rundflug-776x776-1.jpg","datePublished":"2023-01-11T14:23:44+00:00","dateModified":"2024-12-11T04:47:10+00:00","description":"Matterhorn oder Mont Blanc ab Bern-Belp mit dem Flugzeug in einem 90-min\u00fctigen Flug. Sie haben die Wahl zwischen der Matterhorn- und der Mont-Blanc","breadcrumb":{"@id":"https:\/\/www.swissraft.ch\/de\/produkt\/flug-flugzeug-bern-belp-matterhorn-oder-mont-blanc\/#breadcrumb"},"inLanguage":"de","potentialAction":[{"@type":"ReadAction","target":["https:\/\/www.swissraft.ch\/de\/produkt\/flug-flugzeug-bern-belp-matterhorn-oder-mont-blanc\/"]}]},{"@type":"ImageObject","inLanguage":"de","@id":"https:\/\/www.swissraft.ch\/de\/produkt\/flug-flugzeug-bern-belp-matterhorn-oder-mont-blanc\/#primaryimage","url":"https:\/\/www.swissraft.ch\/wp-content\/uploads\/2023\/01\/5-Matterhorn-oder-Mt.-Blanc-Rundflug-776x776-1.jpg","contentUrl":"https:\/\/www.swissraft.ch\/wp-content\/uploads\/2023\/01\/5-Matterhorn-oder-Mt.-Blanc-Rundflug-776x776-1.jpg","width":776,"height":776,"caption":"Matterhorn oder Mont Blanc mit dem Flugzeug von Bern-Belp aus"},{"@type":"BreadcrumbList","@id":"https:\/\/www.swissraft.ch\/de\/produkt\/flug-flugzeug-bern-belp-matterhorn-oder-mont-blanc\/#breadcrumb","itemListElement":[{"@type":"ListItem","position":1,"name":"Accueil","item":"https:\/\/www.swissraft.ch\/de\/"},{"@type":"ListItem","position":2,"name":"Shop","item":"https:\/\/www.swissraft.ch\/de\/shop\/"},{"@type":"ListItem","position":3,"name":"Flug mit dem Flugzeug ab BERNE-BELP &#8211; MATTERHORN ODER MONT-BLANC &#8211; 90 Min. &#8211; CHF 370.00"}]},{"@type":"WebSite","@id":"https:\/\/www.swissraft.ch\/de\/#website","url":"https:\/\/www.swissraft.ch\/de\/","name":"Swissraft","description":"To enjoy nature as it is","publisher":{"@id":"https:\/\/www.swissraft.ch\/de\/#organization"},"potentialAction":[{"@type":"SearchAction","target":{"@type":"EntryPoint","urlTemplate":"https:\/\/www.swissraft.ch\/de\/?s={search_term_string}"},"query-input":{"@type":"PropertyValueSpecification","valueRequired":true,"valueName":"search_term_string"}}],"inLanguage":"de"},{"@type":"Organization","@id":"https:\/\/www.swissraft.ch\/de\/#organization","name":"Swissraft","url":"https:\/\/www.swissraft.ch\/de\/","logo":{"@type":"ImageObject","inLanguage":"de","@id":"https:\/\/www.swissraft.ch\/de\/#\/schema\/logo\/image\/","url":"https:\/\/www.swissraft.ch\/wp-content\/uploads\/2025\/09\/Capture.jpg","contentUrl":"https:\/\/www.swissraft.ch\/wp-content\/uploads\/2025\/09\/Capture.jpg","width":293,"height":108,"caption":"Swissraft"},"image":{"@id":"https:\/\/www.swissraft.ch\/de\/#\/schema\/logo\/image\/"}}]}},"_links":{"self":[{"href":"https:\/\/www.swissraft.ch\/de\/wp-json\/wp\/v2\/product\/91748","targetHints":{"allow":["GET"]}}],"collection":[{"href":"https:\/\/www.swissraft.ch\/de\/wp-json\/wp\/v2\/product"}],"about":[{"href":"https:\/\/www.swissraft.ch\/de\/wp-json\/wp\/v2\/types\/product"}],"replies":[{"embeddable":true,"href":"https:\/\/www.swissraft.ch\/de\/wp-json\/wp\/v2\/comments?post=91748"}],"version-history":[{"count":0,"href":"https:\/\/www.swissraft.ch\/de\/wp-json\/wp\/v2\/product\/91748\/revisions"}],"wp:featuredmedia":[{"embeddable":true,"href":"https:\/\/www.swissraft.ch\/de\/wp-json\/wp\/v2\/media\/88027"}],"wp:attachment":[{"href":"https:\/\/www.swissraft.ch\/de\/wp-json\/wp\/v2\/media?parent=91748"}],"wp:term":[{"taxonomy":"product_cat","embeddable":true,"href":"https:\/\/www.swissraft.ch\/de\/wp-json\/wp\/v2\/product_cat?post=91748"},{"taxonomy":"product_tag","embeddable":true,"href":"https:\/\/www.swissraft.ch\/de\/wp-json\/wp\/v2\/product_tag?post=91748"}],"curies":[{"name":"wp","href":"https:\/\/api.w.org\/{rel}","templated":true}]}}