{"id":91744,"date":"2023-01-11T15:11:39","date_gmt":"2023-01-11T14:11:39","guid":{"rendered":"https:\/\/swissraft.xyanzkdne.eu\/product\/flug-von-berne-belp-hautes-alpes-oder-lac-leman-und-gruyere-70-min-chf-319-00\/"},"modified":"2026-04-27T18:30:23","modified_gmt":"2026-04-27T16:30:23","slug":"flug-flugzeug-bern-belp-rundflug-hochalpen-genfersee-greyerzerland","status":"publish","type":"product","link":"https:\/\/www.swissraft.ch\/de\/produkt\/flug-flugzeug-bern-belp-rundflug-hochalpen-genfersee-greyerzerland\/","title":{"rendered":"Flug mit Flugzeug &#8211; Bern-Belp &#8211; Hochalpen oder Genfersee und Greyerzerland &#8211; 70 Min. &#8211; CHF 319.00"},"content":{"rendered":"\t\t<div data-elementor-type=\"wp-post\" data-elementor-id=\"91744\" class=\"elementor elementor-91744 elementor-30320\">\n\t\t\t\t\t\t\t\t\t<section class=\"elementor-section elementor-top-section elementor-element elementor-element-3303a7e3 elementor-section-boxed elementor-section-height-default elementor-section-height-default\" data-id=\"3303a7e3\" data-element_type=\"section\">\n\t\t\t\t\t\t<div class=\"elementor-container elementor-column-gap-default\">\n\t\t\t\t\t<div class=\"elementor-column elementor-col-100 elementor-top-column elementor-element elementor-element-16d72dbf\" data-id=\"16d72dbf\" data-element_type=\"column\">\n\t\t\t<div class=\"elementor-widget-wrap elementor-element-populated\">\n\t\t\t\t\t\t\t\t<div class=\"elementor-element elementor-element-d743c03 elementor-widget elementor-widget-text-editor\" data-id=\"d743c03\" data-element_type=\"widget\" data-widget_type=\"text-editor.default\">\n\t\t\t\t<div class=\"elementor-widget-container\">\n\t\t\t\t\t\t\t<h2>W\u00c4HLEN SIE UNTEN IHRE AKTIVIT\u00c4T AUS, UM GESCHENKGUTSCHEINE \/ TICKETS ZU VERSCHENKEN ODER ZU BUCHEN<\/h2><table border=\"0\" width=\"580\" cellspacing=\"10\" cellpadding=\"10\"><tbody><tr><td width=\"50%\"><strong>RUNDFLUG &#8211; HOCHALPEN ODER GENFERSEE UND GREYERZERLAND &#8211; 70 Min.<\/strong><\/td><td><strong>CHF 319.00 pro Person<span class=\"productPrice\"><br \/><\/span><\/strong><\/td><\/tr><tr><td>Zus\u00e4tzliche Informationen<\/td><td><span class=\"patt\">&#8211; Sie werden mit anderen Passagieren zusammen sein<br \/>&#8211; Maximum 3 Pers.<\/span><\/td><\/tr><tr><td>Flughafen<\/td><td><a href=\"https:\/\/www.google.com\/maps\/place\/46%C2%B054'42.7%22N+7%C2%B030'12.1%22E\/@46.9123669,7.4941803,1542m\/data=!3m1!1e3!4m4!3m3!8m2!3d46.9118611!4d7.5033611?entry=ttu\" target=\"_blank\" rel=\"noopener\">Bern-Belp<\/a><\/td><\/tr><tr><td>Flugzeit<\/td><td>70 Min.<\/td><\/tr><tr><td>Gesamtdauer<\/td><td>ca. 1,5 Std.<\/td><\/tr><tr><td>Termin<\/td><td>Per Telefon<\/td><\/tr><tr><td><button class=\"elementor-button\" type=\"button\"><a href=\"https:\/\/swissraft.outdoorbooking.ch\/fo\/products\/419?base_id=108&amp;category_id=22&amp;order_type=gift_voucher&amp;lang=de\" target=\"_blank\" rel=\"noopener\">GUTSCHEIN \/ TICKET KAUFEN<\/a><\/button><\/td><td><strong>CHF 319.00 &#8211; Hochalpen (1 Pers.)<\/strong><\/td><\/tr><tr><td><button class=\"elementor-button\" type=\"button\"><a href=\"https:\/\/swissraft.outdoorbooking.ch\/fo\/products\/420?base_id=108&amp;category_id=22&amp;order_type=gift_voucher&amp;lang=de\" target=\"_blank\" rel=\"noopener\">GUTSCHEIN \/ TICKET KAUFEN<\/a><\/button><\/td><td><strong>CHF 319.00 &#8211; Genfersee und Greyerzerland (1 Pers.)<\/strong><\/td><\/tr><tr><td>\u00a0<\/td><td><strong><em>WICHTIG !<\/em><\/strong><br \/><em>Um zu reservieren, rufen Sie die Nummer an, die sich oben links auf dem Gutschein \/ Ticket befindet.<\/em><\/td><\/tr><\/tbody><\/table>\t\t\t\t\t\t<\/div>\n\t\t\t\t<\/div>\n\t\t\t\t\t<\/div>\n\t\t<\/div>\n\t\t\t\t\t\t\t<\/div>\n\t\t<\/section>\n\t\t\t\t<section class=\"elementor-section elementor-top-section elementor-element elementor-element-e145124 elementor-section-boxed elementor-section-height-default elementor-section-height-default\" data-id=\"e145124\" data-element_type=\"section\">\n\t\t\t\t\t\t<div class=\"elementor-container elementor-column-gap-default\">\n\t\t\t\t\t<div class=\"elementor-column elementor-col-100 elementor-top-column elementor-element elementor-element-bda7833\" data-id=\"bda7833\" data-element_type=\"column\">\n\t\t\t<div class=\"elementor-widget-wrap elementor-element-populated\">\n\t\t\t\t\t\t\t\t<div class=\"elementor-element elementor-element-684f175 elementor-widget elementor-widget-text-editor\" data-id=\"684f175\" data-element_type=\"widget\" data-widget_type=\"text-editor.default\">\n\t\t\t\t<div class=\"elementor-widget-container\">\n\t\t\t\t\t\t\t\t\t\t\t\t\t<\/div>\n\t\t\t\t<\/div>\n\t\t\t\t\t<\/div>\n\t\t<\/div>\n\t\t\t\t\t\t\t<\/div>\n\t\t<\/section>\n\t\t\t\t\t\t\t<\/div>\n\t\t","protected":false},"excerpt":{"rendered":"<div align=\"justify\">\n<h2 align=\"justify\">Sie starten zu einem 70-min\u00fctigen Flug entweder in die Berner Hochalpen oder zum Genfersee und im Greyerzerland.<\/h2>\n<h3>Sie fliegen in einer H\u00f6he von 4000 m oder 1500 m, je nachdem, f\u00fcr welchen Rundflug Sie sich entscheiden. In der Tat werden beide Touren einen gro\u00dfartigen Eindruck hinterlassen.<\/h3>\n<\/div>\n<div align=\"justify\">\n<p>Vom Flughafen Bern-Belp aus starten Sie zu einem 70-min\u00fctigen Flug auf eine H\u00f6he von 4000 Metern. Der Alpenflug bietet einen optimalen \u00dcberblick \u00fcber die Berner Alpen. Sie fliegen \u00fcber die s\u00fcdliche Alpenkette, vorbei an der Grimselregion, dem Finsteraarhorn, der Gr\u00fcnhornl\u00fccke. Danach geht es \u00fcber den Konkordiaplatz, die L\u00f6tschenl\u00fccke, das L\u00f6tschental, den Wildstrubel und das Simmental zur\u00fcck nach Bern-Belp. Dar\u00fcber hinaus ist es ein beeindruckendes Erlebnis mit einem einzigartigen Blick auf die Gletscherwelt der Hochalpen.<br \/>\nSie w\u00e4hlen die Genfersee-Greyerzerland-Rundreise? Sie machen auch einen 70-min\u00fctigen Flug auf eine H\u00f6he von 1500 Metern. Er f\u00fchrt Sie \u00fcber La Gruy\u00e8re bis zum Genfer See. Au\u00dferdem bietet es Ihnen einen sch\u00f6nen Blick auf die Voralpen und die Region des Genfer Sees mit seinen Weinbergen. Auch an bew\u00f6lkten Tagen kann dieser Flug problemlos durchgef\u00fchrt werden.<\/p>\n<h3>Bitte z\u00f6gern Sie nicht, uns anzurufen, wenn Sie Fragen zu unseren Flugreisen in die Schweiz haben.<\/h3>\n<p id=\"textarea\" style=\"display: none;\">\nWir starten auch vom Flugplatz Biel im Kanton Bern. Au\u00dferdem bieten wir Rundfl\u00fcge ab dem Flugplatz Buttwil im Kanton Aargau an. Ebenso bieten wir Fl\u00fcge ab dem Flugplatz Grenchen im Kanton Solothurn an. Aber wir starten auch vom Flugplatz \u00c9pagny im Greyerzerland im Kanton Freiburg. Danach starten wir auch von Sch\u00e4nis aus zu Rundfl\u00fcgen im Kanton St. Gallen an.\n<\/p>\n<p><a id=\"seeMore\" onclick=\"toggleSeeMore()\" href=\"javascript:void(0);\">Lesen Sie mehr<\/a><\/p>\n","protected":false},"featured_media":88006,"comment_status":"open","ping_status":"closed","template":"","meta":{"inline_featured_image":false,"_mi_skip_tracking":false},"product_cat":[293,309],"product_tag":[],"class_list":["post-91744","product","type-product","status-publish","has-post-thumbnail","hentry","product_cat-flug-in-der-schweiz","product_cat-flug-flugzeug-rundflug-bern-belp"],"yoast_head":"<!-- This site is optimized with the Yoast SEO plugin v23.6 - https:\/\/yoast.com\/wordpress\/plugins\/seo\/ -->\n<title>Rundflug Hochalpen Genfersee Greyerzerland 2 Rundfl\u00fcge<\/title>\n<meta name=\"description\" content=\"Rundflug Hochalpen Genfersee Greyerzerland, zwei Rundfl\u00fcge zur Auswahl. Es handelt sich um 70-min\u00fctige Fl\u00fcge im Flugzeug mit herrlichen Ausblicken\" \/>\n<meta name=\"robots\" content=\"index, follow, max-snippet:-1, max-image-preview:large, max-video-preview:-1\" \/>\n<link rel=\"canonical\" href=\"https:\/\/www.swissraft.ch\/de\/produkt\/flug-flugzeug-bern-belp-rundflug-hochalpen-genfersee-greyerzerland\/\" \/>\n<meta property=\"og:locale\" content=\"de_DE\" \/>\n<meta property=\"og:type\" content=\"article\" \/>\n<meta property=\"og:title\" content=\"Rundflug Hochalpen Genfersee Greyerzerland 2 Rundfl\u00fcge\" \/>\n<meta property=\"og:description\" content=\"Rundflug Hochalpen Genfersee Greyerzerland, zwei Rundfl\u00fcge zur Auswahl. Es handelt sich um 70-min\u00fctige Fl\u00fcge im Flugzeug mit herrlichen Ausblicken\" \/>\n<meta property=\"og:url\" content=\"https:\/\/www.swissraft.ch\/de\/produkt\/flug-flugzeug-bern-belp-rundflug-hochalpen-genfersee-greyerzerland\/\" \/>\n<meta property=\"og:site_name\" content=\"Swissraft\" \/>\n<meta property=\"article:modified_time\" content=\"2026-04-27T16:30:23+00:00\" \/>\n<meta property=\"og:image\" content=\"https:\/\/www.swissraft.ch\/wp-content\/uploads\/2023\/01\/4-Hochalpen-Rundflug-776x776-1.jpg\" \/>\n\t<meta property=\"og:image:width\" content=\"776\" \/>\n\t<meta property=\"og:image:height\" content=\"776\" \/>\n\t<meta property=\"og:image:type\" content=\"image\/jpeg\" \/>\n<meta name=\"twitter:card\" content=\"summary_large_image\" \/>\n<meta name=\"twitter:label1\" content=\"Gesch\u00e4tzte Lesezeit\" \/>\n\t<meta name=\"twitter:data1\" content=\"1\u00a0Minute\" \/>\n<script type=\"application\/ld+json\" class=\"yoast-schema-graph\">{\"@context\":\"https:\/\/schema.org\",\"@graph\":[{\"@type\":\"WebPage\",\"@id\":\"https:\/\/www.swissraft.ch\/de\/produkt\/flug-flugzeug-bern-belp-rundflug-hochalpen-genfersee-greyerzerland\/\",\"url\":\"https:\/\/www.swissraft.ch\/de\/produkt\/flug-flugzeug-bern-belp-rundflug-hochalpen-genfersee-greyerzerland\/\",\"name\":\"Rundflug Hochalpen Genfersee Greyerzerland 2 Rundfl\u00fcge\",\"isPartOf\":{\"@id\":\"https:\/\/www.swissraft.ch\/de\/#website\"},\"primaryImageOfPage\":{\"@id\":\"https:\/\/www.swissraft.ch\/de\/produkt\/flug-flugzeug-bern-belp-rundflug-hochalpen-genfersee-greyerzerland\/#primaryimage\"},\"image\":{\"@id\":\"https:\/\/www.swissraft.ch\/de\/produkt\/flug-flugzeug-bern-belp-rundflug-hochalpen-genfersee-greyerzerland\/#primaryimage\"},\"thumbnailUrl\":\"https:\/\/www.swissraft.ch\/wp-content\/uploads\/2023\/01\/4-Hochalpen-Rundflug-776x776-1.jpg\",\"datePublished\":\"2023-01-11T14:11:39+00:00\",\"dateModified\":\"2026-04-27T16:30:23+00:00\",\"description\":\"Rundflug Hochalpen Genfersee Greyerzerland, zwei Rundfl\u00fcge zur Auswahl. Es handelt sich um 70-min\u00fctige Fl\u00fcge im Flugzeug mit herrlichen Ausblicken\",\"breadcrumb\":{\"@id\":\"https:\/\/www.swissraft.ch\/de\/produkt\/flug-flugzeug-bern-belp-rundflug-hochalpen-genfersee-greyerzerland\/#breadcrumb\"},\"inLanguage\":\"de\",\"potentialAction\":[{\"@type\":\"ReadAction\",\"target\":[\"https:\/\/www.swissraft.ch\/de\/produkt\/flug-flugzeug-bern-belp-rundflug-hochalpen-genfersee-greyerzerland\/\"]}]},{\"@type\":\"ImageObject\",\"inLanguage\":\"de\",\"@id\":\"https:\/\/www.swissraft.ch\/de\/produkt\/flug-flugzeug-bern-belp-rundflug-hochalpen-genfersee-greyerzerland\/#primaryimage\",\"url\":\"https:\/\/www.swissraft.ch\/wp-content\/uploads\/2023\/01\/4-Hochalpen-Rundflug-776x776-1.jpg\",\"contentUrl\":\"https:\/\/www.swissraft.ch\/wp-content\/uploads\/2023\/01\/4-Hochalpen-Rundflug-776x776-1.jpg\",\"width\":776,\"height\":776,\"caption\":\"Rundflug Hochalpen Genfersee Greyerzerland ab Bern-Belp\"},{\"@type\":\"BreadcrumbList\",\"@id\":\"https:\/\/www.swissraft.ch\/de\/produkt\/flug-flugzeug-bern-belp-rundflug-hochalpen-genfersee-greyerzerland\/#breadcrumb\",\"itemListElement\":[{\"@type\":\"ListItem\",\"position\":1,\"name\":\"Accueil\",\"item\":\"https:\/\/www.swissraft.ch\/de\/\"},{\"@type\":\"ListItem\",\"position\":2,\"name\":\"Shop\",\"item\":\"https:\/\/www.swissraft.ch\/de\/shop\/\"},{\"@type\":\"ListItem\",\"position\":3,\"name\":\"Flug mit Flugzeug &#8211; Bern-Belp &#8211; Hochalpen oder Genfersee und Greyerzerland &#8211; 70 Min. &#8211; CHF 319.00\"}]},{\"@type\":\"WebSite\",\"@id\":\"https:\/\/www.swissraft.ch\/de\/#website\",\"url\":\"https:\/\/www.swissraft.ch\/de\/\",\"name\":\"Swissraft\",\"description\":\"To enjoy nature as it is\",\"publisher\":{\"@id\":\"https:\/\/www.swissraft.ch\/de\/#organization\"},\"potentialAction\":[{\"@type\":\"SearchAction\",\"target\":{\"@type\":\"EntryPoint\",\"urlTemplate\":\"https:\/\/www.swissraft.ch\/de\/?s={search_term_string}\"},\"query-input\":{\"@type\":\"PropertyValueSpecification\",\"valueRequired\":true,\"valueName\":\"search_term_string\"}}],\"inLanguage\":\"de\"},{\"@type\":\"Organization\",\"@id\":\"https:\/\/www.swissraft.ch\/de\/#organization\",\"name\":\"Swissraft\",\"url\":\"https:\/\/www.swissraft.ch\/de\/\",\"logo\":{\"@type\":\"ImageObject\",\"inLanguage\":\"de\",\"@id\":\"https:\/\/www.swissraft.ch\/de\/#\/schema\/logo\/image\/\",\"url\":\"https:\/\/www.swissraft.ch\/wp-content\/uploads\/2025\/09\/Capture.jpg\",\"contentUrl\":\"https:\/\/www.swissraft.ch\/wp-content\/uploads\/2025\/09\/Capture.jpg\",\"width\":293,\"height\":108,\"caption\":\"Swissraft\"},\"image\":{\"@id\":\"https:\/\/www.swissraft.ch\/de\/#\/schema\/logo\/image\/\"}}]}<\/script>\n<!-- \/ Yoast SEO plugin. -->","yoast_head_json":{"title":"Rundflug Hochalpen Genfersee Greyerzerland 2 Rundfl\u00fcge","description":"Rundflug Hochalpen Genfersee Greyerzerland, zwei Rundfl\u00fcge zur Auswahl. Es handelt sich um 70-min\u00fctige Fl\u00fcge im Flugzeug mit herrlichen Ausblicken","robots":{"index":"index","follow":"follow","max-snippet":"max-snippet:-1","max-image-preview":"max-image-preview:large","max-video-preview":"max-video-preview:-1"},"canonical":"https:\/\/www.swissraft.ch\/de\/produkt\/flug-flugzeug-bern-belp-rundflug-hochalpen-genfersee-greyerzerland\/","og_locale":"de_DE","og_type":"article","og_title":"Rundflug Hochalpen Genfersee Greyerzerland 2 Rundfl\u00fcge","og_description":"Rundflug Hochalpen Genfersee Greyerzerland, zwei Rundfl\u00fcge zur Auswahl. Es handelt sich um 70-min\u00fctige Fl\u00fcge im Flugzeug mit herrlichen Ausblicken","og_url":"https:\/\/www.swissraft.ch\/de\/produkt\/flug-flugzeug-bern-belp-rundflug-hochalpen-genfersee-greyerzerland\/","og_site_name":"Swissraft","article_modified_time":"2026-04-27T16:30:23+00:00","og_image":[{"width":776,"height":776,"url":"https:\/\/www.swissraft.ch\/wp-content\/uploads\/2023\/01\/4-Hochalpen-Rundflug-776x776-1.jpg","type":"image\/jpeg"}],"twitter_card":"summary_large_image","twitter_misc":{"Gesch\u00e4tzte Lesezeit":"1\u00a0Minute"},"schema":{"@context":"https:\/\/schema.org","@graph":[{"@type":"WebPage","@id":"https:\/\/www.swissraft.ch\/de\/produkt\/flug-flugzeug-bern-belp-rundflug-hochalpen-genfersee-greyerzerland\/","url":"https:\/\/www.swissraft.ch\/de\/produkt\/flug-flugzeug-bern-belp-rundflug-hochalpen-genfersee-greyerzerland\/","name":"Rundflug Hochalpen Genfersee Greyerzerland 2 Rundfl\u00fcge","isPartOf":{"@id":"https:\/\/www.swissraft.ch\/de\/#website"},"primaryImageOfPage":{"@id":"https:\/\/www.swissraft.ch\/de\/produkt\/flug-flugzeug-bern-belp-rundflug-hochalpen-genfersee-greyerzerland\/#primaryimage"},"image":{"@id":"https:\/\/www.swissraft.ch\/de\/produkt\/flug-flugzeug-bern-belp-rundflug-hochalpen-genfersee-greyerzerland\/#primaryimage"},"thumbnailUrl":"https:\/\/www.swissraft.ch\/wp-content\/uploads\/2023\/01\/4-Hochalpen-Rundflug-776x776-1.jpg","datePublished":"2023-01-11T14:11:39+00:00","dateModified":"2026-04-27T16:30:23+00:00","description":"Rundflug Hochalpen Genfersee Greyerzerland, zwei Rundfl\u00fcge zur Auswahl. Es handelt sich um 70-min\u00fctige Fl\u00fcge im Flugzeug mit herrlichen Ausblicken","breadcrumb":{"@id":"https:\/\/www.swissraft.ch\/de\/produkt\/flug-flugzeug-bern-belp-rundflug-hochalpen-genfersee-greyerzerland\/#breadcrumb"},"inLanguage":"de","potentialAction":[{"@type":"ReadAction","target":["https:\/\/www.swissraft.ch\/de\/produkt\/flug-flugzeug-bern-belp-rundflug-hochalpen-genfersee-greyerzerland\/"]}]},{"@type":"ImageObject","inLanguage":"de","@id":"https:\/\/www.swissraft.ch\/de\/produkt\/flug-flugzeug-bern-belp-rundflug-hochalpen-genfersee-greyerzerland\/#primaryimage","url":"https:\/\/www.swissraft.ch\/wp-content\/uploads\/2023\/01\/4-Hochalpen-Rundflug-776x776-1.jpg","contentUrl":"https:\/\/www.swissraft.ch\/wp-content\/uploads\/2023\/01\/4-Hochalpen-Rundflug-776x776-1.jpg","width":776,"height":776,"caption":"Rundflug Hochalpen Genfersee Greyerzerland ab Bern-Belp"},{"@type":"BreadcrumbList","@id":"https:\/\/www.swissraft.ch\/de\/produkt\/flug-flugzeug-bern-belp-rundflug-hochalpen-genfersee-greyerzerland\/#breadcrumb","itemListElement":[{"@type":"ListItem","position":1,"name":"Accueil","item":"https:\/\/www.swissraft.ch\/de\/"},{"@type":"ListItem","position":2,"name":"Shop","item":"https:\/\/www.swissraft.ch\/de\/shop\/"},{"@type":"ListItem","position":3,"name":"Flug mit Flugzeug &#8211; Bern-Belp &#8211; Hochalpen oder Genfersee und Greyerzerland &#8211; 70 Min. &#8211; CHF 319.00"}]},{"@type":"WebSite","@id":"https:\/\/www.swissraft.ch\/de\/#website","url":"https:\/\/www.swissraft.ch\/de\/","name":"Swissraft","description":"To enjoy nature as it is","publisher":{"@id":"https:\/\/www.swissraft.ch\/de\/#organization"},"potentialAction":[{"@type":"SearchAction","target":{"@type":"EntryPoint","urlTemplate":"https:\/\/www.swissraft.ch\/de\/?s={search_term_string}"},"query-input":{"@type":"PropertyValueSpecification","valueRequired":true,"valueName":"search_term_string"}}],"inLanguage":"de"},{"@type":"Organization","@id":"https:\/\/www.swissraft.ch\/de\/#organization","name":"Swissraft","url":"https:\/\/www.swissraft.ch\/de\/","logo":{"@type":"ImageObject","inLanguage":"de","@id":"https:\/\/www.swissraft.ch\/de\/#\/schema\/logo\/image\/","url":"https:\/\/www.swissraft.ch\/wp-content\/uploads\/2025\/09\/Capture.jpg","contentUrl":"https:\/\/www.swissraft.ch\/wp-content\/uploads\/2025\/09\/Capture.jpg","width":293,"height":108,"caption":"Swissraft"},"image":{"@id":"https:\/\/www.swissraft.ch\/de\/#\/schema\/logo\/image\/"}}]}},"_links":{"self":[{"href":"https:\/\/www.swissraft.ch\/de\/wp-json\/wp\/v2\/product\/91744","targetHints":{"allow":["GET"]}}],"collection":[{"href":"https:\/\/www.swissraft.ch\/de\/wp-json\/wp\/v2\/product"}],"about":[{"href":"https:\/\/www.swissraft.ch\/de\/wp-json\/wp\/v2\/types\/product"}],"replies":[{"embeddable":true,"href":"https:\/\/www.swissraft.ch\/de\/wp-json\/wp\/v2\/comments?post=91744"}],"version-history":[{"count":13,"href":"https:\/\/www.swissraft.ch\/de\/wp-json\/wp\/v2\/product\/91744\/revisions"}],"predecessor-version":[{"id":142468,"href":"https:\/\/www.swissraft.ch\/de\/wp-json\/wp\/v2\/product\/91744\/revisions\/142468"}],"wp:featuredmedia":[{"embeddable":true,"href":"https:\/\/www.swissraft.ch\/de\/wp-json\/wp\/v2\/media\/88006"}],"wp:attachment":[{"href":"https:\/\/www.swissraft.ch\/de\/wp-json\/wp\/v2\/media?parent=91744"}],"wp:term":[{"taxonomy":"product_cat","embeddable":true,"href":"https:\/\/www.swissraft.ch\/de\/wp-json\/wp\/v2\/product_cat?post=91744"},{"taxonomy":"product_tag","embeddable":true,"href":"https:\/\/www.swissraft.ch\/de\/wp-json\/wp\/v2\/product_tag?post=91744"}],"curies":[{"name":"wp","href":"https:\/\/api.w.org\/{rel}","templated":true}]}}