{"id":91740,"date":"2023-01-11T14:49:02","date_gmt":"2023-01-11T13:49:02","guid":{"rendered":"https:\/\/swissraft.xyanzkdne.eu\/product\/flug-mit-dem-flugzeug-von-berne-belp-die-seen-der-region-30-min-chf-152-00\/"},"modified":"2024-12-11T05:42:52","modified_gmt":"2024-12-11T04:42:52","slug":"flug-flugzeug-bern-belp-die-seen-der-region","status":"publish","type":"product","link":"https:\/\/www.swissraft.ch\/de\/produkt\/flug-flugzeug-bern-belp-die-seen-der-region\/","title":{"rendered":"Flug mit dem Flugzeug von BERNE-BELP &#8211; DIE SEEN DER REGION &#8211; 30 Min. &#8211; CHF 152.00"},"content":{"rendered":"\t\t<div data-elementor-type=\"wp-post\" data-elementor-id=\"91740\" class=\"elementor elementor-91740 elementor-30305\">\n\t\t\t\t\t\t\t\t\t<section class=\"elementor-section elementor-top-section elementor-element elementor-element-3303a7e3 elementor-section-boxed elementor-section-height-default elementor-section-height-default\" data-id=\"3303a7e3\" data-element_type=\"section\">\n\t\t\t\t\t\t<div class=\"elementor-container elementor-column-gap-default\">\n\t\t\t\t\t<div class=\"elementor-column elementor-col-100 elementor-top-column elementor-element elementor-element-16d72dbf\" data-id=\"16d72dbf\" data-element_type=\"column\">\n\t\t\t<div class=\"elementor-widget-wrap elementor-element-populated\">\n\t\t\t\t\t\t\t\t<div class=\"elementor-element elementor-element-d743c03 elementor-widget elementor-widget-text-editor\" data-id=\"d743c03\" data-element_type=\"widget\" data-widget_type=\"text-editor.default\">\n\t\t\t\t<div class=\"elementor-widget-container\">\n\t\t\t\t\t\t\t<h2>W\u00c4HLEN SIE UNTEN IHRE AKTIVIT\u00c4T AUS, UM GESCHENKGUTSCHEINE \/ TICKETS ZU VERSCHENKEN ODER ZU BUCHEN.<\/h2><table border=\"0\" width=\"580\" cellspacing=\"10\" cellpadding=\"10\"><tbody><tr><td width=\"50%\"><strong>SEEN IN DER REGION &#8211; 30 Min.<\/strong><\/td><td><strong>CHF 152.00 pro Person<span class=\"productPrice\"><br \/><\/span><\/strong><\/td><\/tr><tr><td>Weitere Informationen<\/td><td>&#8211; Sie werden mit anderen Passagieren zusammen sein<br \/>&#8211;<span class=\"patt\"> Maximal 3 Pers.<\/span><\/td><\/tr><tr><td>Flughafen<\/td><td><a href=\"https:\/\/www.google.com\/maps\/place\/46%C2%B054'42.7%22N+7%C2%B030'12.1%22E\/@46.9123669,7.4941803,1542m\/data=!3m1!1e3!4m4!3m3!8m2!3d46.9118611!4d7.5033611?entry=ttu\" target=\"_blank\" rel=\"noopener\">Bern-Belp<\/a><\/td><\/tr><tr><td>Flugzeit<\/td><td>30 Min.<\/td><\/tr><tr><td>Gesamtdauer<\/td><td>ca. 1 Std.<\/td><\/tr><tr><td>Terminvereinbarung<\/td><td>Per Telefon<\/td><\/tr><tr><td><button class=\"elementor-button\" type=\"button\"><a href=\"https:\/\/swissraft.outdoorbooking.ch\/fo\/products\/161?base_id=108&amp;category_id=22&amp;order_type=gift_voucher&amp;lang=de\" target=\"_blank\" rel=\"noopener\">GUTSCHEIN KAUFEN<\/a><\/button><\/td><td><strong>CHF 152.00 &#8211; Thunersee (1 Pers.)<\/strong><\/td><\/tr><tr><td><button class=\"elementor-button\" type=\"button\"><a href=\"https:\/\/swissraft.outdoorbooking.ch\/fo\/products\/163?base_id=108&amp;category_id=22&amp;order_type=gift_voucher&amp;lang=de\" target=\"_blank\" rel=\"noopener\">GUTSCHEIN KAUFEN<\/a><\/button><\/td><td><strong>CHF 152.00 &#8211; Juraseen (1 Pers.)<\/strong><\/td><\/tr><tr><td>\u00a0<\/td><td>Um zu buchen : <span class=\"patt\" style=\"font-family: inherit; font-size: inherit;\"><span class=\"plbl\"><span class=\"patt\"><a href=\"https:\/\/www.swissraft.ch\/de\/kontakt\/\">Kontaktieren Sie uns<\/a><\/span><\/span><\/span><\/td><\/tr><\/tbody><\/table>\t\t\t\t\t\t<\/div>\n\t\t\t\t<\/div>\n\t\t\t\t\t<\/div>\n\t\t<\/div>\n\t\t\t\t\t\t\t<\/div>\n\t\t<\/section>\n\t\t\t\t\t\t\t<\/div>\n\t\t","protected":false},"excerpt":{"rendered":"<div align=\"justify\">\n<h2 align=\"justify\">Sie machen einen Rundflug \u00fcber die Seen vom Flughafen Bern-Belp aus.<\/h2>\n<h3>Sie fliegen in einem unserer Flugzeuge zu Ihrer Zufriedenheit \u00fcber die 3-Seen-Region.<\/h3>\n<\/div>\n<div align=\"justify\">\n<p>Sie fliegen mit einem unserer Flugzeuge von Bern-Belp zum Thunersee. Der 30-min\u00fctige Flug findet in einer H\u00f6he von 1500 m \u00fcber dem Meer statt. An klaren Tagen haben Sie u.a. einen herrlichen Blick auf die Voralpen und die Berner Alpen. Die Juraseen-Route f\u00fchrt Sie zum Murtensee, Neuenburgersee und Bielersee. Immer noch auf einer H\u00f6he von 1500 m \u00fcber dem Meeresspiegel k\u00f6nnen Sie von der Zentralschweiz bis zum Genfersee sehen.<\/p>\n<h3>Auf unserer Swissraft-Website finden Sie mehr als 35 Rundfl\u00fcge.<\/h3>\n<p id=\"textarea\" style=\"display: none;\">\nAu\u00dferdem bieten wir Rundfl\u00fcge vom Flugplatz Biel im Kanton Bern an. Ebenso bieten wir Flugreisen in den Aargau ab dem Flugplatz Buttwil an. Aber auch im Kanton Solothurn vom Flugplatz Grenchen aus. Dar\u00fcber hinaus bieten wir auch Sportfl\u00fcge im Kanton Freiburg an, die vom Flugplatz \u00c9pagny im Greyerzerland aus starten. Dar\u00fcber hinaus haben wir Urlaubsfl\u00fcge mit dem Flugzeug in den Kanton St. Gallen in Sch\u00e4nis.\n<\/p>\n<p><a id=\"seeMore\" onclick=\"toggleSeeMore()\" href=\"javascript:void(0);\">Lesen Sie mehr<\/a><\/p>\n","protected":false},"featured_media":88024,"comment_status":"open","ping_status":"closed","template":"","meta":{"inline_featured_image":false,"_mi_skip_tracking":false},"product_cat":[293,309],"product_tag":[],"class_list":["post-91740","product","type-product","status-publish","has-post-thumbnail","hentry","product_cat-flug-in-der-schweiz","product_cat-flug-flugzeug-bern-belp"],"yoast_head":"<!-- This site is optimized with the Yoast SEO plugin v23.6 - https:\/\/yoast.com\/wordpress\/plugins\/seo\/ -->\n<title>Seen in der Region ab Bern-Belp bei einem Flug von 30 Minuten.<\/title>\n<meta name=\"description\" content=\"Seen in der Region Von Bern-Belp aus, ein 30-min\u00fctiger Flug \u00fcber die Seen der Region. Sie haben die Wahl zwischen dem Thuner See und den Juraseen.\" \/>\n<meta name=\"robots\" content=\"index, follow, max-snippet:-1, max-image-preview:large, max-video-preview:-1\" \/>\n<link rel=\"canonical\" href=\"https:\/\/www.swissraft.ch\/de\/produkt\/flug-flugzeug-bern-belp-die-seen-der-region\/\" \/>\n<meta property=\"og:locale\" content=\"de_DE\" \/>\n<meta property=\"og:type\" content=\"article\" \/>\n<meta property=\"og:title\" content=\"Seen in der Region ab Bern-Belp bei einem Flug von 30 Minuten.\" \/>\n<meta property=\"og:description\" content=\"Seen in der Region Von Bern-Belp aus, ein 30-min\u00fctiger Flug \u00fcber die Seen der Region. Sie haben die Wahl zwischen dem Thuner See und den Juraseen.\" \/>\n<meta property=\"og:url\" content=\"https:\/\/www.swissraft.ch\/de\/produkt\/flug-flugzeug-bern-belp-die-seen-der-region\/\" \/>\n<meta property=\"og:site_name\" content=\"Swissraft\" \/>\n<meta property=\"article:modified_time\" content=\"2024-12-11T04:42:52+00:00\" \/>\n<meta property=\"og:image\" content=\"https:\/\/www.swissraft.ch\/wp-content\/uploads\/2023\/01\/2-BERN-BELP-Die-Seen-Rundflug-776x776-1.jpg\" \/>\n\t<meta property=\"og:image:width\" content=\"776\" \/>\n\t<meta property=\"og:image:height\" content=\"776\" \/>\n\t<meta property=\"og:image:type\" content=\"image\/jpeg\" \/>\n<meta name=\"twitter:card\" content=\"summary_large_image\" \/>\n<meta name=\"twitter:label1\" content=\"Gesch\u00e4tzte Lesezeit\" \/>\n\t<meta name=\"twitter:data1\" content=\"1\u00a0Minute\" \/>\n<script type=\"application\/ld+json\" class=\"yoast-schema-graph\">{\"@context\":\"https:\/\/schema.org\",\"@graph\":[{\"@type\":\"WebPage\",\"@id\":\"https:\/\/www.swissraft.ch\/de\/produkt\/flug-flugzeug-bern-belp-die-seen-der-region\/\",\"url\":\"https:\/\/www.swissraft.ch\/de\/produkt\/flug-flugzeug-bern-belp-die-seen-der-region\/\",\"name\":\"Seen in der Region ab Bern-Belp bei einem Flug von 30 Minuten.\",\"isPartOf\":{\"@id\":\"https:\/\/www.swissraft.ch\/de\/#website\"},\"primaryImageOfPage\":{\"@id\":\"https:\/\/www.swissraft.ch\/de\/produkt\/flug-flugzeug-bern-belp-die-seen-der-region\/#primaryimage\"},\"image\":{\"@id\":\"https:\/\/www.swissraft.ch\/de\/produkt\/flug-flugzeug-bern-belp-die-seen-der-region\/#primaryimage\"},\"thumbnailUrl\":\"https:\/\/www.swissraft.ch\/wp-content\/uploads\/2023\/01\/2-BERN-BELP-Die-Seen-Rundflug-776x776-1.jpg\",\"datePublished\":\"2023-01-11T13:49:02+00:00\",\"dateModified\":\"2024-12-11T04:42:52+00:00\",\"description\":\"Seen in der Region Von Bern-Belp aus, ein 30-min\u00fctiger Flug \u00fcber die Seen der Region. Sie haben die Wahl zwischen dem Thuner See und den Juraseen.\",\"breadcrumb\":{\"@id\":\"https:\/\/www.swissraft.ch\/de\/produkt\/flug-flugzeug-bern-belp-die-seen-der-region\/#breadcrumb\"},\"inLanguage\":\"de\",\"potentialAction\":[{\"@type\":\"ReadAction\",\"target\":[\"https:\/\/www.swissraft.ch\/de\/produkt\/flug-flugzeug-bern-belp-die-seen-der-region\/\"]}]},{\"@type\":\"ImageObject\",\"inLanguage\":\"de\",\"@id\":\"https:\/\/www.swissraft.ch\/de\/produkt\/flug-flugzeug-bern-belp-die-seen-der-region\/#primaryimage\",\"url\":\"https:\/\/www.swissraft.ch\/wp-content\/uploads\/2023\/01\/2-BERN-BELP-Die-Seen-Rundflug-776x776-1.jpg\",\"contentUrl\":\"https:\/\/www.swissraft.ch\/wp-content\/uploads\/2023\/01\/2-BERN-BELP-Die-Seen-Rundflug-776x776-1.jpg\",\"width\":776,\"height\":776,\"caption\":\"Seen in der Region ab Bern-Belp mit dem Flugzeug\"},{\"@type\":\"BreadcrumbList\",\"@id\":\"https:\/\/www.swissraft.ch\/de\/produkt\/flug-flugzeug-bern-belp-die-seen-der-region\/#breadcrumb\",\"itemListElement\":[{\"@type\":\"ListItem\",\"position\":1,\"name\":\"Accueil\",\"item\":\"https:\/\/www.swissraft.ch\/de\/\"},{\"@type\":\"ListItem\",\"position\":2,\"name\":\"Shop\",\"item\":\"https:\/\/www.swissraft.ch\/de\/shop\/\"},{\"@type\":\"ListItem\",\"position\":3,\"name\":\"Flug mit dem Flugzeug von BERNE-BELP &#8211; DIE SEEN DER REGION &#8211; 30 Min. &#8211; CHF 152.00\"}]},{\"@type\":\"WebSite\",\"@id\":\"https:\/\/www.swissraft.ch\/de\/#website\",\"url\":\"https:\/\/www.swissraft.ch\/de\/\",\"name\":\"Swissraft\",\"description\":\"To enjoy nature as it is\",\"publisher\":{\"@id\":\"https:\/\/www.swissraft.ch\/de\/#organization\"},\"potentialAction\":[{\"@type\":\"SearchAction\",\"target\":{\"@type\":\"EntryPoint\",\"urlTemplate\":\"https:\/\/www.swissraft.ch\/de\/?s={search_term_string}\"},\"query-input\":{\"@type\":\"PropertyValueSpecification\",\"valueRequired\":true,\"valueName\":\"search_term_string\"}}],\"inLanguage\":\"de\"},{\"@type\":\"Organization\",\"@id\":\"https:\/\/www.swissraft.ch\/de\/#organization\",\"name\":\"Swissraft\",\"url\":\"https:\/\/www.swissraft.ch\/de\/\",\"logo\":{\"@type\":\"ImageObject\",\"inLanguage\":\"de\",\"@id\":\"https:\/\/www.swissraft.ch\/de\/#\/schema\/logo\/image\/\",\"url\":\"https:\/\/www.swissraft.ch\/wp-content\/uploads\/2025\/09\/Capture.jpg\",\"contentUrl\":\"https:\/\/www.swissraft.ch\/wp-content\/uploads\/2025\/09\/Capture.jpg\",\"width\":293,\"height\":108,\"caption\":\"Swissraft\"},\"image\":{\"@id\":\"https:\/\/www.swissraft.ch\/de\/#\/schema\/logo\/image\/\"}}]}<\/script>\n<!-- \/ Yoast SEO plugin. -->","yoast_head_json":{"title":"Seen in der Region ab Bern-Belp bei einem Flug von 30 Minuten.","description":"Seen in der Region Von Bern-Belp aus, ein 30-min\u00fctiger Flug \u00fcber die Seen der Region. Sie haben die Wahl zwischen dem Thuner See und den Juraseen.","robots":{"index":"index","follow":"follow","max-snippet":"max-snippet:-1","max-image-preview":"max-image-preview:large","max-video-preview":"max-video-preview:-1"},"canonical":"https:\/\/www.swissraft.ch\/de\/produkt\/flug-flugzeug-bern-belp-die-seen-der-region\/","og_locale":"de_DE","og_type":"article","og_title":"Seen in der Region ab Bern-Belp bei einem Flug von 30 Minuten.","og_description":"Seen in der Region Von Bern-Belp aus, ein 30-min\u00fctiger Flug \u00fcber die Seen der Region. Sie haben die Wahl zwischen dem Thuner See und den Juraseen.","og_url":"https:\/\/www.swissraft.ch\/de\/produkt\/flug-flugzeug-bern-belp-die-seen-der-region\/","og_site_name":"Swissraft","article_modified_time":"2024-12-11T04:42:52+00:00","og_image":[{"width":776,"height":776,"url":"https:\/\/www.swissraft.ch\/wp-content\/uploads\/2023\/01\/2-BERN-BELP-Die-Seen-Rundflug-776x776-1.jpg","type":"image\/jpeg"}],"twitter_card":"summary_large_image","twitter_misc":{"Gesch\u00e4tzte Lesezeit":"1\u00a0Minute"},"schema":{"@context":"https:\/\/schema.org","@graph":[{"@type":"WebPage","@id":"https:\/\/www.swissraft.ch\/de\/produkt\/flug-flugzeug-bern-belp-die-seen-der-region\/","url":"https:\/\/www.swissraft.ch\/de\/produkt\/flug-flugzeug-bern-belp-die-seen-der-region\/","name":"Seen in der Region ab Bern-Belp bei einem Flug von 30 Minuten.","isPartOf":{"@id":"https:\/\/www.swissraft.ch\/de\/#website"},"primaryImageOfPage":{"@id":"https:\/\/www.swissraft.ch\/de\/produkt\/flug-flugzeug-bern-belp-die-seen-der-region\/#primaryimage"},"image":{"@id":"https:\/\/www.swissraft.ch\/de\/produkt\/flug-flugzeug-bern-belp-die-seen-der-region\/#primaryimage"},"thumbnailUrl":"https:\/\/www.swissraft.ch\/wp-content\/uploads\/2023\/01\/2-BERN-BELP-Die-Seen-Rundflug-776x776-1.jpg","datePublished":"2023-01-11T13:49:02+00:00","dateModified":"2024-12-11T04:42:52+00:00","description":"Seen in der Region Von Bern-Belp aus, ein 30-min\u00fctiger Flug \u00fcber die Seen der Region. Sie haben die Wahl zwischen dem Thuner See und den Juraseen.","breadcrumb":{"@id":"https:\/\/www.swissraft.ch\/de\/produkt\/flug-flugzeug-bern-belp-die-seen-der-region\/#breadcrumb"},"inLanguage":"de","potentialAction":[{"@type":"ReadAction","target":["https:\/\/www.swissraft.ch\/de\/produkt\/flug-flugzeug-bern-belp-die-seen-der-region\/"]}]},{"@type":"ImageObject","inLanguage":"de","@id":"https:\/\/www.swissraft.ch\/de\/produkt\/flug-flugzeug-bern-belp-die-seen-der-region\/#primaryimage","url":"https:\/\/www.swissraft.ch\/wp-content\/uploads\/2023\/01\/2-BERN-BELP-Die-Seen-Rundflug-776x776-1.jpg","contentUrl":"https:\/\/www.swissraft.ch\/wp-content\/uploads\/2023\/01\/2-BERN-BELP-Die-Seen-Rundflug-776x776-1.jpg","width":776,"height":776,"caption":"Seen in der Region ab Bern-Belp mit dem Flugzeug"},{"@type":"BreadcrumbList","@id":"https:\/\/www.swissraft.ch\/de\/produkt\/flug-flugzeug-bern-belp-die-seen-der-region\/#breadcrumb","itemListElement":[{"@type":"ListItem","position":1,"name":"Accueil","item":"https:\/\/www.swissraft.ch\/de\/"},{"@type":"ListItem","position":2,"name":"Shop","item":"https:\/\/www.swissraft.ch\/de\/shop\/"},{"@type":"ListItem","position":3,"name":"Flug mit dem Flugzeug von BERNE-BELP &#8211; DIE SEEN DER REGION &#8211; 30 Min. &#8211; CHF 152.00"}]},{"@type":"WebSite","@id":"https:\/\/www.swissraft.ch\/de\/#website","url":"https:\/\/www.swissraft.ch\/de\/","name":"Swissraft","description":"To enjoy nature as it is","publisher":{"@id":"https:\/\/www.swissraft.ch\/de\/#organization"},"potentialAction":[{"@type":"SearchAction","target":{"@type":"EntryPoint","urlTemplate":"https:\/\/www.swissraft.ch\/de\/?s={search_term_string}"},"query-input":{"@type":"PropertyValueSpecification","valueRequired":true,"valueName":"search_term_string"}}],"inLanguage":"de"},{"@type":"Organization","@id":"https:\/\/www.swissraft.ch\/de\/#organization","name":"Swissraft","url":"https:\/\/www.swissraft.ch\/de\/","logo":{"@type":"ImageObject","inLanguage":"de","@id":"https:\/\/www.swissraft.ch\/de\/#\/schema\/logo\/image\/","url":"https:\/\/www.swissraft.ch\/wp-content\/uploads\/2025\/09\/Capture.jpg","contentUrl":"https:\/\/www.swissraft.ch\/wp-content\/uploads\/2025\/09\/Capture.jpg","width":293,"height":108,"caption":"Swissraft"},"image":{"@id":"https:\/\/www.swissraft.ch\/de\/#\/schema\/logo\/image\/"}}]}},"_links":{"self":[{"href":"https:\/\/www.swissraft.ch\/de\/wp-json\/wp\/v2\/product\/91740","targetHints":{"allow":["GET"]}}],"collection":[{"href":"https:\/\/www.swissraft.ch\/de\/wp-json\/wp\/v2\/product"}],"about":[{"href":"https:\/\/www.swissraft.ch\/de\/wp-json\/wp\/v2\/types\/product"}],"replies":[{"embeddable":true,"href":"https:\/\/www.swissraft.ch\/de\/wp-json\/wp\/v2\/comments?post=91740"}],"version-history":[{"count":0,"href":"https:\/\/www.swissraft.ch\/de\/wp-json\/wp\/v2\/product\/91740\/revisions"}],"wp:featuredmedia":[{"embeddable":true,"href":"https:\/\/www.swissraft.ch\/de\/wp-json\/wp\/v2\/media\/88024"}],"wp:attachment":[{"href":"https:\/\/www.swissraft.ch\/de\/wp-json\/wp\/v2\/media?parent=91740"}],"wp:term":[{"taxonomy":"product_cat","embeddable":true,"href":"https:\/\/www.swissraft.ch\/de\/wp-json\/wp\/v2\/product_cat?post=91740"},{"taxonomy":"product_tag","embeddable":true,"href":"https:\/\/www.swissraft.ch\/de\/wp-json\/wp\/v2\/product_tag?post=91740"}],"curies":[{"name":"wp","href":"https:\/\/api.w.org\/{rel}","templated":true}]}}