{"id":91729,"date":"2023-01-11T13:56:06","date_gmt":"2023-01-11T12:56:06","guid":{"rendered":"https:\/\/swissraft.xyanzkdne.eu\/product\/flug-mit-dem-flugzeug-von-buttwil-le-titlis-60-min-ab-chf-190-00\/"},"modified":"2024-12-12T17:25:28","modified_gmt":"2024-12-12T16:25:28","slug":"flug-flugzeug-buttwil-der-titlis","status":"publish","type":"product","link":"https:\/\/www.swissraft.ch\/de\/produkt\/flug-flugzeug-buttwil-der-titlis\/","title":{"rendered":"Flug mit dem Flugzeug ab BUTTWIL &#8211; DER TITLIS &#8211; 60 Min. &#8211; Ab CHF 190.00"},"content":{"rendered":"\t\t<div data-elementor-type=\"wp-post\" data-elementor-id=\"91729\" class=\"elementor elementor-91729 elementor-30280\">\n\t\t\t\t\t\t\t\t\t<section class=\"elementor-section elementor-top-section elementor-element elementor-element-3303a7e3 elementor-section-boxed elementor-section-height-default elementor-section-height-default\" data-id=\"3303a7e3\" data-element_type=\"section\">\n\t\t\t\t\t\t<div class=\"elementor-container elementor-column-gap-default\">\n\t\t\t\t\t<div class=\"elementor-column elementor-col-100 elementor-top-column elementor-element elementor-element-16d72dbf\" data-id=\"16d72dbf\" data-element_type=\"column\">\n\t\t\t<div class=\"elementor-widget-wrap elementor-element-populated\">\n\t\t\t\t\t\t\t\t<div class=\"elementor-element elementor-element-d743c03 elementor-widget elementor-widget-text-editor\" data-id=\"d743c03\" data-element_type=\"widget\" data-widget_type=\"text-editor.default\">\n\t\t\t\t<div class=\"elementor-widget-container\">\n\t\t\t\t\t\t\t<h2>W\u00c4HLEN SIE UNTEN IHRE AKTIVIT\u00c4T AUS, UM GESCHENKGUTSCHEINE \/ TICKETS ZU VERSCHENKEN ODER ZU BUCHEN.<\/h2><table border=\"0\" width=\"580\" cellspacing=\"10\" cellpadding=\"10\"><tbody><tr><td width=\"50%\"><strong>DER TITLIS &#8211; (1-3 pax) &#8211; 60 Min.<\/strong><\/td><td><strong>Ab CHF 190.00 pro Person<span class=\"productPrice\"><br \/><\/span><\/strong><\/td><\/tr><tr><td>Weitere Informationen<\/td><td><span class=\"patt\">&#8211; Sie werden mit anderen Passagieren zusammen sein<br \/><\/span><span class=\"patt\">&#8211; Kinder von 5 bis 12 j\u00e4hrig.<br \/><\/span><span class=\"patt\">&#8211; Maximal 3 Personen<\/span><\/td><\/tr><tr><td>Flugplatz<\/td><td><a href=\"https:\/\/www.google.com\/maps\/place\/47%C2%B015'51.5%22N+8%C2%B018'05.7%22E\/@47.2643994,8.29713,766m\/data=!3m1!1e3!4m4!3m3!8m2!3d47.2643056!4d8.3015833?entry=ttu\" target=\"_blank\" rel=\"noopener\">Buttwil<\/a><\/td><\/tr><tr><td>Flugzeit<\/td><td>60 Min.<\/td><\/tr><tr><td>Gesamtdauer<\/td><td>ca. 1,5 Std.<\/td><\/tr><tr><td>Terminvereinbarung<\/td><td>Per Telefon<\/td><\/tr><tr><td><button class=\"elementor-button\" type=\"button\"><a href=\"https:\/\/swissraft.outdoorbooking.ch\/fo\/products\/207?base_id=25&amp;category_id=22&amp;order_type=gift_voucher&amp;lang=de\" target=\"_blank\" rel=\"noopener\">GUTSCHEIN KAUFEN<\/a><\/button><\/td><td><strong>CHF 190.00 &#8211; 60 Min. (1 Pers.) <\/strong><\/td><\/tr><tr><td><button class=\"elementor-button\" type=\"button\"><a href=\"https:\/\/swissraft.outdoorbooking.ch\/fo\/products\/408?base_id=106&amp;category_id=22&amp;order_type=gift_voucher&amp;lang=de\" target=\"_blank\" rel=\"noopener\">GUTSCHEIN KAUFEN<\/a><\/button><\/td><td><strong>CHF 380.00 &#8211; 60 Min. (2 Pers.) <\/strong><\/td><\/tr><tr><td><button class=\"elementor-button\" type=\"button\"><a href=\"https:\/\/swissraft.outdoorbooking.ch\/fo\/products\/402?base_id=101&amp;category_id=22&amp;order_type=gift_voucher&amp;lang=de\" target=\"_blank\" rel=\"noopener\">GUTSCHEIN KAUFEN<\/a><\/button><\/td><td><strong>CHF 475.00 &#8211; PRIVATFLUG &#8211; 60 Min. (2 Erw. + 1 Kind) <\/strong><\/td><\/tr><tr><td><button class=\"elementor-button\" type=\"button\"><a href=\"https:\/\/swissraft.outdoorbooking.ch\/fo\/products\/415?base_id=107&amp;category_id=22&amp;order_type=gift_voucher&amp;lang=de\" target=\"_blank\" rel=\"noopener\">GUTSCHEIN KAUFEN<\/a><\/button><\/td><td><strong>CHF 570.00 &#8211; PRIVATFLUG &#8211; 60 Min. (3 Pers.) <\/strong><\/td><\/tr><tr><td>\u00a0<\/td><td>Um zu buchen : <span class=\"patt\" style=\"font-family: inherit; font-size: inherit;\"><span class=\"plbl\"><span class=\"patt\"><a href=\"https:\/\/www.swissraft.ch\/de\/kontakt\/\">Kontaktieren Sie uns<\/a><\/span><\/span><\/span><\/td><\/tr><\/tbody><\/table>\t\t\t\t\t\t<\/div>\n\t\t\t\t<\/div>\n\t\t\t\t\t<\/div>\n\t\t<\/div>\n\t\t\t\t\t\t\t<\/div>\n\t\t<\/section>\n\t\t\t\t\t\t\t<\/div>\n\t\t","protected":false},"excerpt":{"rendered":"<div align=\"justify\">\n<h2 align=\"justify\">Von Buttwil aus fliegen Sie 60 Minuten lang \u00fcber den Titlis.<\/h2>\n<h3>Sie starten in Buttwil in einem Flugzeug zu einer sch\u00f6nen Reise durch die Zentralschweiz \u00fcber die Urner Alpen.<\/h3>\n<\/div>\n<div align=\"justify\">\n<p>Sie fliegen von Buttwil aus in Richtung Pilatus, an dem Sie dann entlang fliegen. Der Pilatus ist ein Berg in den Urner Alpen in der N\u00e4he der Stadt Luzern. Dann geht der Flug weiter zum Titlis, einem Gipfel in der Zentralschweiz, in den Urner Alpen. Er erreicht eine H\u00f6he von 3238 m \u00fcber dem Meeresspiegel. Auf dem R\u00fcckweg fliegen Sie \u00fcber die Mythen und den \u00c4geri-See. Nach diesem herrlichen Rundflug in einer unserer Cessnas k\u00f6nnen Sie sich auf dem Flugplatz von Buttwil ausruhen.<\/p>\n<h3>Swissraft bietet Ihnen mit seinem Netzwerk von Flugpl\u00e4tzen und Flugh\u00e4fen mehr als 35 Flugrouten an.<\/h3>\n<p id=\"textarea\" style=\"display: none;\">\nEbenso bieten wir Rundfl\u00fcge vom internationalen Flughafen Bern-Belp an. Au\u00dferdem starten wir vom Flugplatz Biel aus in die 3-Seen-Region. Au\u00dferdem bieten wir Flugreisen ab dem Flugplatz Grenchen an. Au\u00dferdem bieten wir Fl\u00fcge in den Kanton Freiburg vom Flugplatz \u00c9pagny aus an. Au\u00dferdem ist im Kanton St. Gallen fliegen wir von Sch\u00e4nis aus mit einem Flugzeug.\n<\/p>\n<p><a id=\"seeMore\" onclick=\"toggleSeeMore()\" href=\"javascript:void(0);\">Lesen Sie mehr<\/a><\/p>\n","protected":false},"featured_media":88276,"comment_status":"open","ping_status":"closed","template":"","meta":{"inline_featured_image":false,"_mi_skip_tracking":false},"product_cat":[293,358],"product_tag":[],"class_list":["post-91729","product","type-product","status-publish","has-post-thumbnail","hentry","product_cat-flug-in-der-schweiz","product_cat-flugzeug-buttwil"],"yoast_head":"<!-- This site is optimized with the Yoast SEO plugin v23.6 - https:\/\/yoast.com\/wordpress\/plugins\/seo\/ -->\n<title>Der Titlis mit dem Flugzeug von Buttwil in einem 60-min\u00fctigen Flug<\/title>\n<meta name=\"description\" content=\"Der Titlis mit dem Flugzeug von Buttwil aus in einem 60-min\u00fctigen Flug. Entdecken Sie die Zentralschweiz bequem an Bord einer unserer Cessnas.\" \/>\n<meta name=\"robots\" content=\"index, follow, max-snippet:-1, max-image-preview:large, max-video-preview:-1\" \/>\n<link rel=\"canonical\" href=\"https:\/\/www.swissraft.ch\/de\/produkt\/flug-flugzeug-buttwil-der-titlis\/\" \/>\n<meta property=\"og:locale\" content=\"de_DE\" \/>\n<meta property=\"og:type\" content=\"article\" \/>\n<meta property=\"og:title\" content=\"Der Titlis mit dem Flugzeug von Buttwil in einem 60-min\u00fctigen Flug\" \/>\n<meta property=\"og:description\" content=\"Der Titlis mit dem Flugzeug von Buttwil aus in einem 60-min\u00fctigen Flug. Entdecken Sie die Zentralschweiz bequem an Bord einer unserer Cessnas.\" \/>\n<meta property=\"og:url\" content=\"https:\/\/www.swissraft.ch\/de\/produkt\/flug-flugzeug-buttwil-der-titlis\/\" \/>\n<meta property=\"og:site_name\" content=\"Swissraft\" \/>\n<meta property=\"article:modified_time\" content=\"2024-12-12T16:25:28+00:00\" \/>\n<meta property=\"og:image\" content=\"https:\/\/www.swissraft.ch\/wp-content\/uploads\/2023\/01\/5-BUTTWIL-Titlis-776x776-1.jpg\" \/>\n\t<meta property=\"og:image:width\" content=\"776\" \/>\n\t<meta property=\"og:image:height\" content=\"776\" \/>\n\t<meta property=\"og:image:type\" content=\"image\/jpeg\" \/>\n<meta name=\"twitter:card\" content=\"summary_large_image\" \/>\n<meta name=\"twitter:label1\" content=\"Gesch\u00e4tzte Lesezeit\" \/>\n\t<meta name=\"twitter:data1\" content=\"1\u00a0Minute\" \/>\n<script type=\"application\/ld+json\" class=\"yoast-schema-graph\">{\"@context\":\"https:\/\/schema.org\",\"@graph\":[{\"@type\":\"WebPage\",\"@id\":\"https:\/\/www.swissraft.ch\/de\/produkt\/flug-flugzeug-buttwil-der-titlis\/\",\"url\":\"https:\/\/www.swissraft.ch\/de\/produkt\/flug-flugzeug-buttwil-der-titlis\/\",\"name\":\"Der Titlis mit dem Flugzeug von Buttwil in einem 60-min\u00fctigen Flug\",\"isPartOf\":{\"@id\":\"https:\/\/www.swissraft.ch\/de\/#website\"},\"primaryImageOfPage\":{\"@id\":\"https:\/\/www.swissraft.ch\/de\/produkt\/flug-flugzeug-buttwil-der-titlis\/#primaryimage\"},\"image\":{\"@id\":\"https:\/\/www.swissraft.ch\/de\/produkt\/flug-flugzeug-buttwil-der-titlis\/#primaryimage\"},\"thumbnailUrl\":\"https:\/\/www.swissraft.ch\/wp-content\/uploads\/2023\/01\/5-BUTTWIL-Titlis-776x776-1.jpg\",\"datePublished\":\"2023-01-11T12:56:06+00:00\",\"dateModified\":\"2024-12-12T16:25:28+00:00\",\"description\":\"Der Titlis mit dem Flugzeug von Buttwil aus in einem 60-min\u00fctigen Flug. Entdecken Sie die Zentralschweiz bequem an Bord einer unserer Cessnas.\",\"breadcrumb\":{\"@id\":\"https:\/\/www.swissraft.ch\/de\/produkt\/flug-flugzeug-buttwil-der-titlis\/#breadcrumb\"},\"inLanguage\":\"de\",\"potentialAction\":[{\"@type\":\"ReadAction\",\"target\":[\"https:\/\/www.swissraft.ch\/de\/produkt\/flug-flugzeug-buttwil-der-titlis\/\"]}]},{\"@type\":\"ImageObject\",\"inLanguage\":\"de\",\"@id\":\"https:\/\/www.swissraft.ch\/de\/produkt\/flug-flugzeug-buttwil-der-titlis\/#primaryimage\",\"url\":\"https:\/\/www.swissraft.ch\/wp-content\/uploads\/2023\/01\/5-BUTTWIL-Titlis-776x776-1.jpg\",\"contentUrl\":\"https:\/\/www.swissraft.ch\/wp-content\/uploads\/2023\/01\/5-BUTTWIL-Titlis-776x776-1.jpg\",\"width\":776,\"height\":776,\"caption\":\"Flug zum Titlis von Buttwil aus\"},{\"@type\":\"BreadcrumbList\",\"@id\":\"https:\/\/www.swissraft.ch\/de\/produkt\/flug-flugzeug-buttwil-der-titlis\/#breadcrumb\",\"itemListElement\":[{\"@type\":\"ListItem\",\"position\":1,\"name\":\"Accueil\",\"item\":\"https:\/\/www.swissraft.ch\/de\/\"},{\"@type\":\"ListItem\",\"position\":2,\"name\":\"Shop\",\"item\":\"https:\/\/www.swissraft.ch\/de\/shop\/\"},{\"@type\":\"ListItem\",\"position\":3,\"name\":\"Flug mit dem Flugzeug ab BUTTWIL &#8211; DER TITLIS &#8211; 60 Min. &#8211; Ab CHF 190.00\"}]},{\"@type\":\"WebSite\",\"@id\":\"https:\/\/www.swissraft.ch\/de\/#website\",\"url\":\"https:\/\/www.swissraft.ch\/de\/\",\"name\":\"Swissraft\",\"description\":\"To enjoy nature as it is\",\"publisher\":{\"@id\":\"https:\/\/www.swissraft.ch\/de\/#organization\"},\"potentialAction\":[{\"@type\":\"SearchAction\",\"target\":{\"@type\":\"EntryPoint\",\"urlTemplate\":\"https:\/\/www.swissraft.ch\/de\/?s={search_term_string}\"},\"query-input\":{\"@type\":\"PropertyValueSpecification\",\"valueRequired\":true,\"valueName\":\"search_term_string\"}}],\"inLanguage\":\"de\"},{\"@type\":\"Organization\",\"@id\":\"https:\/\/www.swissraft.ch\/de\/#organization\",\"name\":\"Swissraft\",\"url\":\"https:\/\/www.swissraft.ch\/de\/\",\"logo\":{\"@type\":\"ImageObject\",\"inLanguage\":\"de\",\"@id\":\"https:\/\/www.swissraft.ch\/de\/#\/schema\/logo\/image\/\",\"url\":\"https:\/\/www.swissraft.ch\/wp-content\/uploads\/2025\/09\/Capture.jpg\",\"contentUrl\":\"https:\/\/www.swissraft.ch\/wp-content\/uploads\/2025\/09\/Capture.jpg\",\"width\":293,\"height\":108,\"caption\":\"Swissraft\"},\"image\":{\"@id\":\"https:\/\/www.swissraft.ch\/de\/#\/schema\/logo\/image\/\"}}]}<\/script>\n<!-- \/ Yoast SEO plugin. -->","yoast_head_json":{"title":"Der Titlis mit dem Flugzeug von Buttwil in einem 60-min\u00fctigen Flug","description":"Der Titlis mit dem Flugzeug von Buttwil aus in einem 60-min\u00fctigen Flug. Entdecken Sie die Zentralschweiz bequem an Bord einer unserer Cessnas.","robots":{"index":"index","follow":"follow","max-snippet":"max-snippet:-1","max-image-preview":"max-image-preview:large","max-video-preview":"max-video-preview:-1"},"canonical":"https:\/\/www.swissraft.ch\/de\/produkt\/flug-flugzeug-buttwil-der-titlis\/","og_locale":"de_DE","og_type":"article","og_title":"Der Titlis mit dem Flugzeug von Buttwil in einem 60-min\u00fctigen Flug","og_description":"Der Titlis mit dem Flugzeug von Buttwil aus in einem 60-min\u00fctigen Flug. Entdecken Sie die Zentralschweiz bequem an Bord einer unserer Cessnas.","og_url":"https:\/\/www.swissraft.ch\/de\/produkt\/flug-flugzeug-buttwil-der-titlis\/","og_site_name":"Swissraft","article_modified_time":"2024-12-12T16:25:28+00:00","og_image":[{"width":776,"height":776,"url":"https:\/\/www.swissraft.ch\/wp-content\/uploads\/2023\/01\/5-BUTTWIL-Titlis-776x776-1.jpg","type":"image\/jpeg"}],"twitter_card":"summary_large_image","twitter_misc":{"Gesch\u00e4tzte Lesezeit":"1\u00a0Minute"},"schema":{"@context":"https:\/\/schema.org","@graph":[{"@type":"WebPage","@id":"https:\/\/www.swissraft.ch\/de\/produkt\/flug-flugzeug-buttwil-der-titlis\/","url":"https:\/\/www.swissraft.ch\/de\/produkt\/flug-flugzeug-buttwil-der-titlis\/","name":"Der Titlis mit dem Flugzeug von Buttwil in einem 60-min\u00fctigen Flug","isPartOf":{"@id":"https:\/\/www.swissraft.ch\/de\/#website"},"primaryImageOfPage":{"@id":"https:\/\/www.swissraft.ch\/de\/produkt\/flug-flugzeug-buttwil-der-titlis\/#primaryimage"},"image":{"@id":"https:\/\/www.swissraft.ch\/de\/produkt\/flug-flugzeug-buttwil-der-titlis\/#primaryimage"},"thumbnailUrl":"https:\/\/www.swissraft.ch\/wp-content\/uploads\/2023\/01\/5-BUTTWIL-Titlis-776x776-1.jpg","datePublished":"2023-01-11T12:56:06+00:00","dateModified":"2024-12-12T16:25:28+00:00","description":"Der Titlis mit dem Flugzeug von Buttwil aus in einem 60-min\u00fctigen Flug. Entdecken Sie die Zentralschweiz bequem an Bord einer unserer Cessnas.","breadcrumb":{"@id":"https:\/\/www.swissraft.ch\/de\/produkt\/flug-flugzeug-buttwil-der-titlis\/#breadcrumb"},"inLanguage":"de","potentialAction":[{"@type":"ReadAction","target":["https:\/\/www.swissraft.ch\/de\/produkt\/flug-flugzeug-buttwil-der-titlis\/"]}]},{"@type":"ImageObject","inLanguage":"de","@id":"https:\/\/www.swissraft.ch\/de\/produkt\/flug-flugzeug-buttwil-der-titlis\/#primaryimage","url":"https:\/\/www.swissraft.ch\/wp-content\/uploads\/2023\/01\/5-BUTTWIL-Titlis-776x776-1.jpg","contentUrl":"https:\/\/www.swissraft.ch\/wp-content\/uploads\/2023\/01\/5-BUTTWIL-Titlis-776x776-1.jpg","width":776,"height":776,"caption":"Flug zum Titlis von Buttwil aus"},{"@type":"BreadcrumbList","@id":"https:\/\/www.swissraft.ch\/de\/produkt\/flug-flugzeug-buttwil-der-titlis\/#breadcrumb","itemListElement":[{"@type":"ListItem","position":1,"name":"Accueil","item":"https:\/\/www.swissraft.ch\/de\/"},{"@type":"ListItem","position":2,"name":"Shop","item":"https:\/\/www.swissraft.ch\/de\/shop\/"},{"@type":"ListItem","position":3,"name":"Flug mit dem Flugzeug ab BUTTWIL &#8211; DER TITLIS &#8211; 60 Min. &#8211; Ab CHF 190.00"}]},{"@type":"WebSite","@id":"https:\/\/www.swissraft.ch\/de\/#website","url":"https:\/\/www.swissraft.ch\/de\/","name":"Swissraft","description":"To enjoy nature as it is","publisher":{"@id":"https:\/\/www.swissraft.ch\/de\/#organization"},"potentialAction":[{"@type":"SearchAction","target":{"@type":"EntryPoint","urlTemplate":"https:\/\/www.swissraft.ch\/de\/?s={search_term_string}"},"query-input":{"@type":"PropertyValueSpecification","valueRequired":true,"valueName":"search_term_string"}}],"inLanguage":"de"},{"@type":"Organization","@id":"https:\/\/www.swissraft.ch\/de\/#organization","name":"Swissraft","url":"https:\/\/www.swissraft.ch\/de\/","logo":{"@type":"ImageObject","inLanguage":"de","@id":"https:\/\/www.swissraft.ch\/de\/#\/schema\/logo\/image\/","url":"https:\/\/www.swissraft.ch\/wp-content\/uploads\/2025\/09\/Capture.jpg","contentUrl":"https:\/\/www.swissraft.ch\/wp-content\/uploads\/2025\/09\/Capture.jpg","width":293,"height":108,"caption":"Swissraft"},"image":{"@id":"https:\/\/www.swissraft.ch\/de\/#\/schema\/logo\/image\/"}}]}},"_links":{"self":[{"href":"https:\/\/www.swissraft.ch\/de\/wp-json\/wp\/v2\/product\/91729","targetHints":{"allow":["GET"]}}],"collection":[{"href":"https:\/\/www.swissraft.ch\/de\/wp-json\/wp\/v2\/product"}],"about":[{"href":"https:\/\/www.swissraft.ch\/de\/wp-json\/wp\/v2\/types\/product"}],"replies":[{"embeddable":true,"href":"https:\/\/www.swissraft.ch\/de\/wp-json\/wp\/v2\/comments?post=91729"}],"version-history":[{"count":0,"href":"https:\/\/www.swissraft.ch\/de\/wp-json\/wp\/v2\/product\/91729\/revisions"}],"wp:featuredmedia":[{"embeddable":true,"href":"https:\/\/www.swissraft.ch\/de\/wp-json\/wp\/v2\/media\/88276"}],"wp:attachment":[{"href":"https:\/\/www.swissraft.ch\/de\/wp-json\/wp\/v2\/media?parent=91729"}],"wp:term":[{"taxonomy":"product_cat","embeddable":true,"href":"https:\/\/www.swissraft.ch\/de\/wp-json\/wp\/v2\/product_cat?post=91729"},{"taxonomy":"product_tag","embeddable":true,"href":"https:\/\/www.swissraft.ch\/de\/wp-json\/wp\/v2\/product_tag?post=91729"}],"curies":[{"name":"wp","href":"https:\/\/api.w.org\/{rel}","templated":true}]}}