{"id":91726,"date":"2023-01-11T13:49:15","date_gmt":"2023-01-11T12:49:15","guid":{"rendered":"https:\/\/swissraft.xyanzkdne.eu\/product\/flug-mit-dem-flugzeug-von-buttwil-le-glaernich-60-min-ab-chf-190-00\/"},"modified":"2026-04-28T01:37:47","modified_gmt":"2026-04-27T23:37:47","slug":"flug-flugzeug-buttwil-rundflug-glaernisch","status":"publish","type":"product","link":"https:\/\/www.swissraft.ch\/de\/produkt\/flug-flugzeug-buttwil-rundflug-glaernisch\/","title":{"rendered":"Flug mit dem Flugzeug &#8211; Buttwil &#8211; Der Gl\u00e4rnich &#8211; 60 min. &#8211; Ab CHF 190.00"},"content":{"rendered":"\t\t<div data-elementor-type=\"wp-post\" data-elementor-id=\"91726\" class=\"elementor elementor-91726 elementor-30274\">\n\t\t\t\t\t\t\t\t\t<section class=\"elementor-section elementor-top-section elementor-element elementor-element-3303a7e3 elementor-section-boxed elementor-section-height-default elementor-section-height-default\" data-id=\"3303a7e3\" data-element_type=\"section\">\n\t\t\t\t\t\t<div class=\"elementor-container elementor-column-gap-default\">\n\t\t\t\t\t<div class=\"elementor-column elementor-col-100 elementor-top-column elementor-element elementor-element-16d72dbf\" data-id=\"16d72dbf\" data-element_type=\"column\">\n\t\t\t<div class=\"elementor-widget-wrap elementor-element-populated\">\n\t\t\t\t\t\t\t\t<div class=\"elementor-element elementor-element-d743c03 elementor-widget elementor-widget-text-editor\" data-id=\"d743c03\" data-element_type=\"widget\" data-widget_type=\"text-editor.default\">\n\t\t\t\t<div class=\"elementor-widget-container\">\n\t\t\t\t\t\t\t<h2>W\u00c4HLEN SIE UNTEN IHRE AKTIVIT\u00c4T AUS, UM GESCHENKGUTSCHEINE \/ TICKETS ZU VERSCHENKEN ODER ZU BUCHEN<\/h2><table border=\"0\" width=\"580\" cellspacing=\"10\" cellpadding=\"10\"><tbody><tr><td width=\"50%\"><strong>RUNDFLUG &#8211; DER GL\u00c4RNISCH &#8211; (1-3 Pers.) &#8211; 60 Min.<\/strong><\/td><td><strong>Ab CHF 190.00 pro Person<span class=\"productPrice\"><br \/><\/span><\/strong><\/td><\/tr><tr><td>Zus\u00e4tzliche Informationen<\/td><td><span class=\"patt\">&#8211; Sie werden mit anderen Passagieren zusammen sein<br \/><\/span><span class=\"patt\">&#8211; Kinder von 5 bis 12 j\u00e4hrig<br \/><\/span><span class=\"patt\">&#8211; Maximum 3 Pers.<\/span><\/td><\/tr><tr><td>Flugplatz<\/td><td><a href=\"https:\/\/www.google.com\/maps\/place\/47%C2%B015'51.5%22N+8%C2%B018'05.7%22E\/@47.2643994,8.29713,766m\/data=!3m1!1e3!4m4!3m3!8m2!3d47.2643056!4d8.3015833?entry=ttu\" target=\"_blank\" rel=\"noopener\">Buttwil<\/a><\/td><\/tr><tr><td>Flugzeit<\/td><td>60 Min.<\/td><\/tr><tr><td>Gesamtdauer<\/td><td>ca. 1,5 Std.<\/td><\/tr><tr><td>Termin<\/td><td>Per Telefon<\/td><\/tr><tr><td><button class=\"elementor-button\" type=\"button\"><a href=\"https:\/\/swissraft.outdoorbooking.ch\/fo\/products\/206?base_id=25&amp;category_id=22&amp;order_type=gift_voucher&amp;lang=de\" target=\"_blank\" rel=\"noopener\">GUTSCHEIN \/ TICKET KAUFEN<\/a><\/button><\/td><td><strong>CHF 190.00 &#8211; 60 Min. (1 Pers.) <\/strong><\/td><\/tr><tr><td><button class=\"elementor-button\" type=\"button\"><a href=\"https:\/\/swissraft.outdoorbooking.ch\/fo\/products\/407?base_id=106&amp;category_id=22&amp;order_type=gift_voucher&amp;lang=de\" target=\"_blank\" rel=\"noopener\">GUTSCHEIN \/ TICKET KAUFEN<\/a><\/button><\/td><td><strong>CHF 380.00 &#8211; 60 Min. (2 Pers.) <\/strong><\/td><\/tr><tr><td><button class=\"elementor-button\" type=\"button\"><a href=\"https:\/\/swissraft.outdoorbooking.ch\/fo\/products\/401?base_id=101&amp;category_id=22&amp;order_type=gift_voucher&amp;lang=de\" target=\"_blank\" rel=\"noopener\">GUTSCHEIN \/ TICKET KAUFEN<\/a><\/button><\/td><td><strong>CHF 475.00 &#8211; PRIVATFLUG &#8211; 60 Min. (2 Erw. + 1 Kind) <\/strong><\/td><\/tr><tr><td><button class=\"elementor-button\" type=\"button\"><a href=\"https:\/\/swissraft.outdoorbooking.ch\/fo\/products\/414?base_id=107&amp;category_id=22&amp;order_type=gift_voucher&amp;lang=de\" target=\"_blank\" rel=\"noopener\">GUTSCHEIN \/ TICKET KAUFEN<\/a><\/button><\/td><td><strong>CHF 570.00 &#8211; PRIVATFLUG &#8211; 60 Min. (3 Pers.) <\/strong><\/td><\/tr><tr><td>\u00a0<\/td><td><strong><em>WICHTIG !<\/em><\/strong><br \/><em>Um zu reservieren, rufen Sie die Nummer an, die sich oben links auf dem Gutschein \/ Ticket befindet.<\/em><\/td><\/tr><\/tbody><\/table>\t\t\t\t\t\t<\/div>\n\t\t\t\t<\/div>\n\t\t\t\t\t<\/div>\n\t\t<\/div>\n\t\t\t\t\t\t\t<\/div>\n\t\t<\/section>\n\t\t\t\t\t\t\t<\/div>\n\t\t","protected":false},"excerpt":{"rendered":"<div align=\"justify\">\n<h2 align=\"justify\">Von Buttwil aus fliegen Sie zum Gl\u00e4rnisch, einem Bergmassiv in den Schwyzer Alpen.<\/h2>\n<h3>Auf diesem 60-min\u00fctigen Flug im Flugzeug lernen Sie den Kanton Schwyz und seine Gipfel kennen. Der B\u00e4chistock ist mit 2915 m H\u00f6he der h\u00f6chste.<\/h3>\n<\/div>\n<div align=\"justify\">\n<p>Von Buttwil aus haben Sie vom Start weg ein herrliches Panorama \u00fcber den Z\u00fcrichsee. Anschlie\u00dfend fahren Sie in die Gletscherwelt des Kantons Glarus. Sie fliegen weiter zum Oberalppass, der auf 2044 m zwischen den Glarner und Lepontinischen Alpen liegt. Danach n\u00e4hern Sie sich dem T\u00f6di, der mit 3613 m der h\u00f6chste Gipfel der Glarner Alpen ist. Es liegt zwischen den Kantonen Glarus und Graub\u00fcnden. Bevor Sie zum Flugplatz Buttwil zur\u00fcckkehren, fliegen Sie noch einmal \u00fcber den majest\u00e4tischen Vierwaldst\u00e4ttersee.<\/p>\n<h3>Auf unserer Swissraft-Website finden Sie \u00fcber 35 Flugrouten zur Auswahl, die von 7 Flugpl\u00e4tzen und Flugh\u00e4fen in der Schweiz abfliegen.<\/h3>\n<p id=\"textarea\" style=\"display: none;\">\nDar\u00fcber hinaus bieten wir Rundfl\u00fcge mit Flugzeug ab dem internationalen Flughafen Bern-Belp an. Au\u00dferdem starten wir vom Flugplatz Biel. Au\u00dferdem bieten wir von Grenchen aus Fl\u00fcge mit einem Flugzeug in den Kanton Solothurn an. Danach starten wir auch vom Flugplatz \u00c9pagny im Gryerzerland zu herrlichen Rundfl\u00fcgen. Dann im Kanton St. Gallen haben wir Fl\u00fcge ab dem Flugplatz Sch\u00e4nis.\n<\/p>\n<p><a id=\"seeMore\" onclick=\"toggleSeeMore()\" href=\"javascript:void(0);\">Lesen Sie mehr<\/a><\/p>\n","protected":false},"featured_media":88258,"comment_status":"open","ping_status":"closed","template":"","meta":{"inline_featured_image":false,"_mi_skip_tracking":false},"product_cat":[293,358],"product_tag":[],"class_list":["post-91726","product","type-product","status-publish","has-post-thumbnail","hentry","product_cat-flug-in-der-schweiz","product_cat-flug-flugzeug-rundflug-buttwil"],"yoast_head":"<!-- This site is optimized with the Yoast SEO plugin v23.6 - https:\/\/yoast.com\/wordpress\/plugins\/seo\/ -->\n<title>Rundflug der Glaernisch mit dem Flugzeug von Buttwil aus<\/title>\n<meta name=\"description\" content=\"Rundflug der Glaernisch mit dem Flugzeug von Buttwil aus f\u00fcr einen 60-min\u00fctigen Flug in einem Flugzeug. Sie fliegen \u00fcber die Gipfel der Glarner Alpen\" \/>\n<meta name=\"robots\" content=\"index, follow, max-snippet:-1, max-image-preview:large, max-video-preview:-1\" \/>\n<link rel=\"canonical\" href=\"https:\/\/www.swissraft.ch\/de\/produkt\/flug-flugzeug-buttwil-rundflug-glaernisch\/\" \/>\n<meta property=\"og:locale\" content=\"de_DE\" \/>\n<meta property=\"og:type\" content=\"article\" \/>\n<meta property=\"og:title\" content=\"Rundflug der Glaernisch mit dem Flugzeug von Buttwil aus\" \/>\n<meta property=\"og:description\" content=\"Rundflug der Glaernisch mit dem Flugzeug von Buttwil aus f\u00fcr einen 60-min\u00fctigen Flug in einem Flugzeug. Sie fliegen \u00fcber die Gipfel der Glarner Alpen\" \/>\n<meta property=\"og:url\" content=\"https:\/\/www.swissraft.ch\/de\/produkt\/flug-flugzeug-buttwil-rundflug-glaernisch\/\" \/>\n<meta property=\"og:site_name\" content=\"Swissraft\" \/>\n<meta property=\"article:modified_time\" content=\"2026-04-27T23:37:47+00:00\" \/>\n<meta property=\"og:image\" content=\"https:\/\/www.swissraft.ch\/wp-content\/uploads\/2023\/01\/4-BUTTWIL-Glarnisch-776x776-1.jpg\" \/>\n\t<meta property=\"og:image:width\" content=\"776\" \/>\n\t<meta property=\"og:image:height\" content=\"776\" \/>\n\t<meta property=\"og:image:type\" content=\"image\/jpeg\" \/>\n<meta name=\"twitter:card\" content=\"summary_large_image\" \/>\n<meta name=\"twitter:label1\" content=\"Gesch\u00e4tzte Lesezeit\" \/>\n\t<meta name=\"twitter:data1\" content=\"1\u00a0Minute\" \/>\n<script type=\"application\/ld+json\" class=\"yoast-schema-graph\">{\"@context\":\"https:\/\/schema.org\",\"@graph\":[{\"@type\":\"WebPage\",\"@id\":\"https:\/\/www.swissraft.ch\/de\/produkt\/flug-flugzeug-buttwil-rundflug-glaernisch\/\",\"url\":\"https:\/\/www.swissraft.ch\/de\/produkt\/flug-flugzeug-buttwil-rundflug-glaernisch\/\",\"name\":\"Rundflug der Glaernisch mit dem Flugzeug von Buttwil aus\",\"isPartOf\":{\"@id\":\"https:\/\/www.swissraft.ch\/de\/#website\"},\"primaryImageOfPage\":{\"@id\":\"https:\/\/www.swissraft.ch\/de\/produkt\/flug-flugzeug-buttwil-rundflug-glaernisch\/#primaryimage\"},\"image\":{\"@id\":\"https:\/\/www.swissraft.ch\/de\/produkt\/flug-flugzeug-buttwil-rundflug-glaernisch\/#primaryimage\"},\"thumbnailUrl\":\"https:\/\/www.swissraft.ch\/wp-content\/uploads\/2023\/01\/4-BUTTWIL-Glarnisch-776x776-1.jpg\",\"datePublished\":\"2023-01-11T12:49:15+00:00\",\"dateModified\":\"2026-04-27T23:37:47+00:00\",\"description\":\"Rundflug der Glaernisch mit dem Flugzeug von Buttwil aus f\u00fcr einen 60-min\u00fctigen Flug in einem Flugzeug. Sie fliegen \u00fcber die Gipfel der Glarner Alpen\",\"breadcrumb\":{\"@id\":\"https:\/\/www.swissraft.ch\/de\/produkt\/flug-flugzeug-buttwil-rundflug-glaernisch\/#breadcrumb\"},\"inLanguage\":\"de\",\"potentialAction\":[{\"@type\":\"ReadAction\",\"target\":[\"https:\/\/www.swissraft.ch\/de\/produkt\/flug-flugzeug-buttwil-rundflug-glaernisch\/\"]}]},{\"@type\":\"ImageObject\",\"inLanguage\":\"de\",\"@id\":\"https:\/\/www.swissraft.ch\/de\/produkt\/flug-flugzeug-buttwil-rundflug-glaernisch\/#primaryimage\",\"url\":\"https:\/\/www.swissraft.ch\/wp-content\/uploads\/2023\/01\/4-BUTTWIL-Glarnisch-776x776-1.jpg\",\"contentUrl\":\"https:\/\/www.swissraft.ch\/wp-content\/uploads\/2023\/01\/4-BUTTWIL-Glarnisch-776x776-1.jpg\",\"width\":776,\"height\":776,\"caption\":\"Rundflug der Gl\u00e4rnisch mit dem Flugzeug von Buttwil aus\"},{\"@type\":\"BreadcrumbList\",\"@id\":\"https:\/\/www.swissraft.ch\/de\/produkt\/flug-flugzeug-buttwil-rundflug-glaernisch\/#breadcrumb\",\"itemListElement\":[{\"@type\":\"ListItem\",\"position\":1,\"name\":\"Accueil\",\"item\":\"https:\/\/www.swissraft.ch\/de\/\"},{\"@type\":\"ListItem\",\"position\":2,\"name\":\"Shop\",\"item\":\"https:\/\/www.swissraft.ch\/de\/shop\/\"},{\"@type\":\"ListItem\",\"position\":3,\"name\":\"Flug mit dem Flugzeug &#8211; Buttwil &#8211; Der Gl\u00e4rnich &#8211; 60 min. &#8211; Ab CHF 190.00\"}]},{\"@type\":\"WebSite\",\"@id\":\"https:\/\/www.swissraft.ch\/de\/#website\",\"url\":\"https:\/\/www.swissraft.ch\/de\/\",\"name\":\"Swissraft\",\"description\":\"To enjoy nature as it is\",\"publisher\":{\"@id\":\"https:\/\/www.swissraft.ch\/de\/#organization\"},\"potentialAction\":[{\"@type\":\"SearchAction\",\"target\":{\"@type\":\"EntryPoint\",\"urlTemplate\":\"https:\/\/www.swissraft.ch\/de\/?s={search_term_string}\"},\"query-input\":{\"@type\":\"PropertyValueSpecification\",\"valueRequired\":true,\"valueName\":\"search_term_string\"}}],\"inLanguage\":\"de\"},{\"@type\":\"Organization\",\"@id\":\"https:\/\/www.swissraft.ch\/de\/#organization\",\"name\":\"Swissraft\",\"url\":\"https:\/\/www.swissraft.ch\/de\/\",\"logo\":{\"@type\":\"ImageObject\",\"inLanguage\":\"de\",\"@id\":\"https:\/\/www.swissraft.ch\/de\/#\/schema\/logo\/image\/\",\"url\":\"https:\/\/www.swissraft.ch\/wp-content\/uploads\/2025\/09\/Capture.jpg\",\"contentUrl\":\"https:\/\/www.swissraft.ch\/wp-content\/uploads\/2025\/09\/Capture.jpg\",\"width\":293,\"height\":108,\"caption\":\"Swissraft\"},\"image\":{\"@id\":\"https:\/\/www.swissraft.ch\/de\/#\/schema\/logo\/image\/\"}}]}<\/script>\n<!-- \/ Yoast SEO plugin. -->","yoast_head_json":{"title":"Rundflug der Glaernisch mit dem Flugzeug von Buttwil aus","description":"Rundflug der Glaernisch mit dem Flugzeug von Buttwil aus f\u00fcr einen 60-min\u00fctigen Flug in einem Flugzeug. Sie fliegen \u00fcber die Gipfel der Glarner Alpen","robots":{"index":"index","follow":"follow","max-snippet":"max-snippet:-1","max-image-preview":"max-image-preview:large","max-video-preview":"max-video-preview:-1"},"canonical":"https:\/\/www.swissraft.ch\/de\/produkt\/flug-flugzeug-buttwil-rundflug-glaernisch\/","og_locale":"de_DE","og_type":"article","og_title":"Rundflug der Glaernisch mit dem Flugzeug von Buttwil aus","og_description":"Rundflug der Glaernisch mit dem Flugzeug von Buttwil aus f\u00fcr einen 60-min\u00fctigen Flug in einem Flugzeug. Sie fliegen \u00fcber die Gipfel der Glarner Alpen","og_url":"https:\/\/www.swissraft.ch\/de\/produkt\/flug-flugzeug-buttwil-rundflug-glaernisch\/","og_site_name":"Swissraft","article_modified_time":"2026-04-27T23:37:47+00:00","og_image":[{"width":776,"height":776,"url":"https:\/\/www.swissraft.ch\/wp-content\/uploads\/2023\/01\/4-BUTTWIL-Glarnisch-776x776-1.jpg","type":"image\/jpeg"}],"twitter_card":"summary_large_image","twitter_misc":{"Gesch\u00e4tzte Lesezeit":"1\u00a0Minute"},"schema":{"@context":"https:\/\/schema.org","@graph":[{"@type":"WebPage","@id":"https:\/\/www.swissraft.ch\/de\/produkt\/flug-flugzeug-buttwil-rundflug-glaernisch\/","url":"https:\/\/www.swissraft.ch\/de\/produkt\/flug-flugzeug-buttwil-rundflug-glaernisch\/","name":"Rundflug der Glaernisch mit dem Flugzeug von Buttwil aus","isPartOf":{"@id":"https:\/\/www.swissraft.ch\/de\/#website"},"primaryImageOfPage":{"@id":"https:\/\/www.swissraft.ch\/de\/produkt\/flug-flugzeug-buttwil-rundflug-glaernisch\/#primaryimage"},"image":{"@id":"https:\/\/www.swissraft.ch\/de\/produkt\/flug-flugzeug-buttwil-rundflug-glaernisch\/#primaryimage"},"thumbnailUrl":"https:\/\/www.swissraft.ch\/wp-content\/uploads\/2023\/01\/4-BUTTWIL-Glarnisch-776x776-1.jpg","datePublished":"2023-01-11T12:49:15+00:00","dateModified":"2026-04-27T23:37:47+00:00","description":"Rundflug der Glaernisch mit dem Flugzeug von Buttwil aus f\u00fcr einen 60-min\u00fctigen Flug in einem Flugzeug. Sie fliegen \u00fcber die Gipfel der Glarner Alpen","breadcrumb":{"@id":"https:\/\/www.swissraft.ch\/de\/produkt\/flug-flugzeug-buttwil-rundflug-glaernisch\/#breadcrumb"},"inLanguage":"de","potentialAction":[{"@type":"ReadAction","target":["https:\/\/www.swissraft.ch\/de\/produkt\/flug-flugzeug-buttwil-rundflug-glaernisch\/"]}]},{"@type":"ImageObject","inLanguage":"de","@id":"https:\/\/www.swissraft.ch\/de\/produkt\/flug-flugzeug-buttwil-rundflug-glaernisch\/#primaryimage","url":"https:\/\/www.swissraft.ch\/wp-content\/uploads\/2023\/01\/4-BUTTWIL-Glarnisch-776x776-1.jpg","contentUrl":"https:\/\/www.swissraft.ch\/wp-content\/uploads\/2023\/01\/4-BUTTWIL-Glarnisch-776x776-1.jpg","width":776,"height":776,"caption":"Rundflug der Gl\u00e4rnisch mit dem Flugzeug von Buttwil aus"},{"@type":"BreadcrumbList","@id":"https:\/\/www.swissraft.ch\/de\/produkt\/flug-flugzeug-buttwil-rundflug-glaernisch\/#breadcrumb","itemListElement":[{"@type":"ListItem","position":1,"name":"Accueil","item":"https:\/\/www.swissraft.ch\/de\/"},{"@type":"ListItem","position":2,"name":"Shop","item":"https:\/\/www.swissraft.ch\/de\/shop\/"},{"@type":"ListItem","position":3,"name":"Flug mit dem Flugzeug &#8211; Buttwil &#8211; Der Gl\u00e4rnich &#8211; 60 min. &#8211; Ab CHF 190.00"}]},{"@type":"WebSite","@id":"https:\/\/www.swissraft.ch\/de\/#website","url":"https:\/\/www.swissraft.ch\/de\/","name":"Swissraft","description":"To enjoy nature as it is","publisher":{"@id":"https:\/\/www.swissraft.ch\/de\/#organization"},"potentialAction":[{"@type":"SearchAction","target":{"@type":"EntryPoint","urlTemplate":"https:\/\/www.swissraft.ch\/de\/?s={search_term_string}"},"query-input":{"@type":"PropertyValueSpecification","valueRequired":true,"valueName":"search_term_string"}}],"inLanguage":"de"},{"@type":"Organization","@id":"https:\/\/www.swissraft.ch\/de\/#organization","name":"Swissraft","url":"https:\/\/www.swissraft.ch\/de\/","logo":{"@type":"ImageObject","inLanguage":"de","@id":"https:\/\/www.swissraft.ch\/de\/#\/schema\/logo\/image\/","url":"https:\/\/www.swissraft.ch\/wp-content\/uploads\/2025\/09\/Capture.jpg","contentUrl":"https:\/\/www.swissraft.ch\/wp-content\/uploads\/2025\/09\/Capture.jpg","width":293,"height":108,"caption":"Swissraft"},"image":{"@id":"https:\/\/www.swissraft.ch\/de\/#\/schema\/logo\/image\/"}}]}},"_links":{"self":[{"href":"https:\/\/www.swissraft.ch\/de\/wp-json\/wp\/v2\/product\/91726","targetHints":{"allow":["GET"]}}],"collection":[{"href":"https:\/\/www.swissraft.ch\/de\/wp-json\/wp\/v2\/product"}],"about":[{"href":"https:\/\/www.swissraft.ch\/de\/wp-json\/wp\/v2\/types\/product"}],"replies":[{"embeddable":true,"href":"https:\/\/www.swissraft.ch\/de\/wp-json\/wp\/v2\/comments?post=91726"}],"version-history":[{"count":13,"href":"https:\/\/www.swissraft.ch\/de\/wp-json\/wp\/v2\/product\/91726\/revisions"}],"predecessor-version":[{"id":142594,"href":"https:\/\/www.swissraft.ch\/de\/wp-json\/wp\/v2\/product\/91726\/revisions\/142594"}],"wp:featuredmedia":[{"embeddable":true,"href":"https:\/\/www.swissraft.ch\/de\/wp-json\/wp\/v2\/media\/88258"}],"wp:attachment":[{"href":"https:\/\/www.swissraft.ch\/de\/wp-json\/wp\/v2\/media?parent=91726"}],"wp:term":[{"taxonomy":"product_cat","embeddable":true,"href":"https:\/\/www.swissraft.ch\/de\/wp-json\/wp\/v2\/product_cat?post=91726"},{"taxonomy":"product_tag","embeddable":true,"href":"https:\/\/www.swissraft.ch\/de\/wp-json\/wp\/v2\/product_tag?post=91726"}],"curies":[{"name":"wp","href":"https:\/\/api.w.org\/{rel}","templated":true}]}}