{"id":91725,"date":"2023-01-11T09:42:01","date_gmt":"2023-01-11T08:42:01","guid":{"rendered":"https:\/\/swissraft.xyanzkdne.eu\/product\/flug-mit-dem-flugzeug-von-buttwil-uetliberg-15-min-ab-chf-70-00\/"},"modified":"2026-04-28T01:31:28","modified_gmt":"2026-04-27T23:31:28","slug":"flug-flugzeug-buttwil-rundflug-uetliberg","status":"publish","type":"product","link":"https:\/\/www.swissraft.ch\/de\/produkt\/flug-flugzeug-buttwil-rundflug-uetliberg\/","title":{"rendered":"Flug mit dem Flugzeug &#8211; Buttwil &#8211; Uetliberg &#8211; 15 Min. &#8211; Ab CHF 70.00"},"content":{"rendered":"\t\t<div data-elementor-type=\"wp-post\" data-elementor-id=\"91725\" class=\"elementor elementor-91725 elementor-30262\">\n\t\t\t\t\t\t\t\t\t<section class=\"elementor-section elementor-top-section elementor-element elementor-element-3303a7e3 elementor-section-boxed elementor-section-height-default elementor-section-height-default\" data-id=\"3303a7e3\" data-element_type=\"section\">\n\t\t\t\t\t\t<div class=\"elementor-container elementor-column-gap-default\">\n\t\t\t\t\t<div class=\"elementor-column elementor-col-100 elementor-top-column elementor-element elementor-element-16d72dbf\" data-id=\"16d72dbf\" data-element_type=\"column\">\n\t\t\t<div class=\"elementor-widget-wrap elementor-element-populated\">\n\t\t\t\t\t\t\t\t<div class=\"elementor-element elementor-element-d743c03 elementor-widget elementor-widget-text-editor\" data-id=\"d743c03\" data-element_type=\"widget\" data-widget_type=\"text-editor.default\">\n\t\t\t\t<div class=\"elementor-widget-container\">\n\t\t\t\t\t\t\t<h2>W\u00c4HLEN SIE UNTEN IHRE AKTIVIT\u00c4T AUS, UM GESCHENKGUTSCHEINE \/ TICKETS ZU VERSCHENKEN ODER ZU BUCHEN<\/h2><table border=\"0\" width=\"580\" cellspacing=\"10\" cellpadding=\"10\"><tbody><tr><td width=\"50%\"><strong>RUNDFLUG &#8211; UETLIBERG &#8211; (1-3 Pers.) &#8211; 15 Min.<\/strong><\/td><td><strong>Ab CHF 70.00 pro Person<span class=\"productPrice\"><br \/><\/span><\/strong><\/td><\/tr><tr><td>Zus\u00e4tzliche Informationen<\/td><td><span class=\"patt\">&#8211; Sie werden mit anderen Passagieren zusammen sein<br \/><\/span><span class=\"patt\">&#8211; Kinder von 5 bis 12 j\u00e4hrig<br \/><\/span><span class=\"patt\">&#8211; Maximum 3 Pers.<\/span><\/td><\/tr><tr><td>Flugplatz<\/td><td><a href=\"https:\/\/www.google.com\/maps\/place\/47%C2%B015'51.5%22N+8%C2%B018'05.7%22E\/@47.2643994,8.29713,766m\/data=!3m1!1e3!4m4!3m3!8m2!3d47.2643056!4d8.3015833?entry=ttu\" target=\"_blank\" rel=\"noopener\">Buttwil<\/a><\/td><\/tr><tr><td>Flugzeit<\/td><td>15 Min.<\/td><\/tr><tr><td>Gesamtdauer<\/td><td>ca. 45 Min.<\/td><\/tr><tr><td>Termin<\/td><td>Per Telefon<\/td><\/tr><tr><td><button class=\"elementor-button\" type=\"button\"><a href=\"https:\/\/swissraft.outdoorbooking.ch\/fo\/products\/204?base_id=25&amp;category_id=22&amp;order_type=gift_voucher&amp;lang=de\" target=\"_blank\" rel=\"noopener\">GUTSCHEIN \/ TICKET KAUFEN<\/a><\/button><\/td><td><strong>CHF 70.00 &#8211; 15 Min. (1 Pers.) <\/strong><\/td><\/tr><tr><td><button class=\"elementor-button\" type=\"button\"><a href=\"https:\/\/swissraft.outdoorbooking.ch\/fo\/products\/405?base_id=106&amp;category_id=22&amp;order_type=gift_voucher&amp;lang=de\" target=\"_blank\" rel=\"noopener\">GUTSCHEIN \/ TICKET KAUFEN<\/a><\/button><\/td><td><strong>CHF 140.00 &#8211; 15 Min. (2 Pers.) <\/strong><\/td><\/tr><tr><td><button class=\"elementor-button\" type=\"button\"><a href=\"https:\/\/swissraft.outdoorbooking.ch\/fo\/products\/399?base_id=101&amp;category_id=22&amp;order_type=gift_voucher&amp;lang=de\" target=\"_blank\" rel=\"noopener\">GUTSCHEIN \/ TICKET KAUFEN<\/a><\/button><\/td><td><strong>CHF 175.00 &#8211; PRIVATFLUG &#8211; 15 Min. (2 Erw. + 1 Kind) <\/strong><\/td><\/tr><tr><td><button class=\"elementor-button\" type=\"button\"><a href=\"https:\/\/swissraft.outdoorbooking.ch\/fo\/products\/412?base_id=107&amp;category_id=22&amp;order_type=gift_voucher&amp;lang=de\" target=\"_blank\" rel=\"noopener\">GUTSCHEIN \/ TICKET KAUFEN<\/a><\/button><\/td><td><strong>CHF 210.00 &#8211; PRIVATFLUG &#8211; 15 Min. (3 Pers.) <\/strong><\/td><\/tr><tr><td>\u00a0<\/td><td><strong><em>WICHTIG !<\/em><\/strong><br \/><em>Um zu reservieren, rufen Sie die Nummer an, die sich oben links auf dem Gutschein \/ Ticket befindet.<\/em><\/td><\/tr><\/tbody><\/table>\t\t\t\t\t\t<\/div>\n\t\t\t\t<\/div>\n\t\t\t\t\t<\/div>\n\t\t<\/div>\n\t\t\t\t\t\t\t<\/div>\n\t\t<\/section>\n\t\t\t\t\t\t\t<\/div>\n\t\t","protected":false},"excerpt":{"rendered":"<div align=\"justify\">\n<h2 align=\"justify\">Von Buttwil aus fliegen Sie mit dem Flugzeug \u00fcber den Uetliberg. Der 15-min\u00fctige Flug ist eine sch\u00f6ne Lufttaufe.<\/h2>\n<h3>Sie fliegen rund um den Uetliberg mit Blick auf die Stadt Z\u00fcrich und den See.<\/h3>\n<\/div>\n<div align=\"justify\">\n<p>Der Uetliberg ist ein Berg mit einer H\u00f6he von 870 m, der die westliche Grenze der Stadt Z\u00fcrich bildet. Der Flug \u00fcber den Uetliberg eignet sich ideal f\u00fcr eine Lufttaufe. F\u00fcr eine Person, die noch nie geflogen ist, k\u00f6nnen Sie diese Tour in einem Passagierflugzeug anbieten. Kaum sind Sie in Butwil gestartet, umrunden Sie den Gipfel des Uetlibergs. W\u00e4hrend des Fluges haben Sie eine sch\u00f6ne Aussicht auf Z\u00fcrich und den See. Anschlie\u00dfend kehren Sie zum Flugplatz Buttwil zur\u00fcck.<\/p>\n<h3>Besuchen Sie unsere Swissraft-Website. Wir bieten \u00fcber 35 Flugrouten mit Sportflugzeugen an.<\/h3>\n<p id=\"textarea\" style=\"display: none;\">\nDar\u00fcber hinaus bieten wir Rundfl\u00fcge vom internationalen Flughafen Bern-Belp aus an. Au\u00dferdem starten wir von Biel aus in die 3-Seen-Region. Danach bieten wir Fl\u00fcge mit einem Flugzeug von Grenchen aus an. Aber auch Sportfl\u00fcge im Kanton Freiburg vom Flugplatz \u00c9pagny aus. Wir bieten auch Rundfl\u00fcge vom Flugplatz Sch\u00e4nis im Kanton St. Gallen an.\n<\/p>\n<p><a id=\"seeMore\" onclick=\"toggleSeeMore()\" href=\"javascript:void(0);\">Lesen Sie mehr<\/a><\/p>\n","protected":false},"featured_media":88222,"comment_status":"open","ping_status":"closed","template":"","meta":{"inline_featured_image":false,"_mi_skip_tracking":false},"product_cat":[293,358],"product_tag":[],"class_list":["post-91725","product","type-product","status-publish","has-post-thumbnail","hentry","product_cat-flug-in-der-schweiz","product_cat-flug-flugzeug-rundflug-buttwil"],"yoast_head":"<!-- This site is optimized with the Yoast SEO plugin v23.6 - https:\/\/yoast.com\/wordpress\/plugins\/seo\/ -->\n<title>Rundflug Uetliberg mit dem Flugzeug von Buttwil. Flug von 15 Min.<\/title>\n<meta name=\"description\" content=\"Rundflug Uetliberg mit dem Flugzeug von Buttwil f\u00fcr einen Flug von 15 Minuten. F\u00fcr diejenigen geeignet, die noch nie in einem Flugzeug geflogen sind\" \/>\n<meta name=\"robots\" content=\"index, follow, max-snippet:-1, max-image-preview:large, max-video-preview:-1\" \/>\n<link rel=\"canonical\" href=\"https:\/\/www.swissraft.ch\/de\/produkt\/flug-flugzeug-buttwil-rundflug-uetliberg\/\" \/>\n<meta property=\"og:locale\" content=\"de_DE\" \/>\n<meta property=\"og:type\" content=\"article\" \/>\n<meta property=\"og:title\" content=\"Rundflug Uetliberg mit dem Flugzeug von Buttwil. Flug von 15 Min.\" \/>\n<meta property=\"og:description\" content=\"Rundflug Uetliberg mit dem Flugzeug von Buttwil f\u00fcr einen Flug von 15 Minuten. F\u00fcr diejenigen geeignet, die noch nie in einem Flugzeug geflogen sind\" \/>\n<meta property=\"og:url\" content=\"https:\/\/www.swissraft.ch\/de\/produkt\/flug-flugzeug-buttwil-rundflug-uetliberg\/\" \/>\n<meta property=\"og:site_name\" content=\"Swissraft\" \/>\n<meta property=\"article:modified_time\" content=\"2026-04-27T23:31:28+00:00\" \/>\n<meta property=\"og:image\" content=\"https:\/\/www.swissraft.ch\/wp-content\/uploads\/2023\/01\/2-BUTTWIL-Uetliberg-776x776-1.jpg\" \/>\n\t<meta property=\"og:image:width\" content=\"776\" \/>\n\t<meta property=\"og:image:height\" content=\"776\" \/>\n\t<meta property=\"og:image:type\" content=\"image\/jpeg\" \/>\n<meta name=\"twitter:card\" content=\"summary_large_image\" \/>\n<meta name=\"twitter:label1\" content=\"Gesch\u00e4tzte Lesezeit\" \/>\n\t<meta name=\"twitter:data1\" content=\"1\u00a0Minute\" \/>\n<script type=\"application\/ld+json\" class=\"yoast-schema-graph\">{\"@context\":\"https:\/\/schema.org\",\"@graph\":[{\"@type\":\"WebPage\",\"@id\":\"https:\/\/www.swissraft.ch\/de\/produkt\/flug-flugzeug-buttwil-rundflug-uetliberg\/\",\"url\":\"https:\/\/www.swissraft.ch\/de\/produkt\/flug-flugzeug-buttwil-rundflug-uetliberg\/\",\"name\":\"Rundflug Uetliberg mit dem Flugzeug von Buttwil. Flug von 15 Min.\",\"isPartOf\":{\"@id\":\"https:\/\/www.swissraft.ch\/de\/#website\"},\"primaryImageOfPage\":{\"@id\":\"https:\/\/www.swissraft.ch\/de\/produkt\/flug-flugzeug-buttwil-rundflug-uetliberg\/#primaryimage\"},\"image\":{\"@id\":\"https:\/\/www.swissraft.ch\/de\/produkt\/flug-flugzeug-buttwil-rundflug-uetliberg\/#primaryimage\"},\"thumbnailUrl\":\"https:\/\/www.swissraft.ch\/wp-content\/uploads\/2023\/01\/2-BUTTWIL-Uetliberg-776x776-1.jpg\",\"datePublished\":\"2023-01-11T08:42:01+00:00\",\"dateModified\":\"2026-04-27T23:31:28+00:00\",\"description\":\"Rundflug Uetliberg mit dem Flugzeug von Buttwil f\u00fcr einen Flug von 15 Minuten. F\u00fcr diejenigen geeignet, die noch nie in einem Flugzeug geflogen sind\",\"breadcrumb\":{\"@id\":\"https:\/\/www.swissraft.ch\/de\/produkt\/flug-flugzeug-buttwil-rundflug-uetliberg\/#breadcrumb\"},\"inLanguage\":\"de\",\"potentialAction\":[{\"@type\":\"ReadAction\",\"target\":[\"https:\/\/www.swissraft.ch\/de\/produkt\/flug-flugzeug-buttwil-rundflug-uetliberg\/\"]}]},{\"@type\":\"ImageObject\",\"inLanguage\":\"de\",\"@id\":\"https:\/\/www.swissraft.ch\/de\/produkt\/flug-flugzeug-buttwil-rundflug-uetliberg\/#primaryimage\",\"url\":\"https:\/\/www.swissraft.ch\/wp-content\/uploads\/2023\/01\/2-BUTTWIL-Uetliberg-776x776-1.jpg\",\"contentUrl\":\"https:\/\/www.swissraft.ch\/wp-content\/uploads\/2023\/01\/2-BUTTWIL-Uetliberg-776x776-1.jpg\",\"width\":776,\"height\":776,\"caption\":\"Flug \u00fcber den Uetliberg mit dem Flugzeug von Buttwil aus\"},{\"@type\":\"BreadcrumbList\",\"@id\":\"https:\/\/www.swissraft.ch\/de\/produkt\/flug-flugzeug-buttwil-rundflug-uetliberg\/#breadcrumb\",\"itemListElement\":[{\"@type\":\"ListItem\",\"position\":1,\"name\":\"Accueil\",\"item\":\"https:\/\/www.swissraft.ch\/de\/\"},{\"@type\":\"ListItem\",\"position\":2,\"name\":\"Shop\",\"item\":\"https:\/\/www.swissraft.ch\/de\/shop\/\"},{\"@type\":\"ListItem\",\"position\":3,\"name\":\"Flug mit dem Flugzeug &#8211; Buttwil &#8211; Uetliberg &#8211; 15 Min. &#8211; Ab CHF 70.00\"}]},{\"@type\":\"WebSite\",\"@id\":\"https:\/\/www.swissraft.ch\/de\/#website\",\"url\":\"https:\/\/www.swissraft.ch\/de\/\",\"name\":\"Swissraft\",\"description\":\"To enjoy nature as it is\",\"publisher\":{\"@id\":\"https:\/\/www.swissraft.ch\/de\/#organization\"},\"potentialAction\":[{\"@type\":\"SearchAction\",\"target\":{\"@type\":\"EntryPoint\",\"urlTemplate\":\"https:\/\/www.swissraft.ch\/de\/?s={search_term_string}\"},\"query-input\":{\"@type\":\"PropertyValueSpecification\",\"valueRequired\":true,\"valueName\":\"search_term_string\"}}],\"inLanguage\":\"de\"},{\"@type\":\"Organization\",\"@id\":\"https:\/\/www.swissraft.ch\/de\/#organization\",\"name\":\"Swissraft\",\"url\":\"https:\/\/www.swissraft.ch\/de\/\",\"logo\":{\"@type\":\"ImageObject\",\"inLanguage\":\"de\",\"@id\":\"https:\/\/www.swissraft.ch\/de\/#\/schema\/logo\/image\/\",\"url\":\"https:\/\/www.swissraft.ch\/wp-content\/uploads\/2025\/09\/Capture.jpg\",\"contentUrl\":\"https:\/\/www.swissraft.ch\/wp-content\/uploads\/2025\/09\/Capture.jpg\",\"width\":293,\"height\":108,\"caption\":\"Swissraft\"},\"image\":{\"@id\":\"https:\/\/www.swissraft.ch\/de\/#\/schema\/logo\/image\/\"}}]}<\/script>\n<!-- \/ Yoast SEO plugin. -->","yoast_head_json":{"title":"Rundflug Uetliberg mit dem Flugzeug von Buttwil. Flug von 15 Min.","description":"Rundflug Uetliberg mit dem Flugzeug von Buttwil f\u00fcr einen Flug von 15 Minuten. F\u00fcr diejenigen geeignet, die noch nie in einem Flugzeug geflogen sind","robots":{"index":"index","follow":"follow","max-snippet":"max-snippet:-1","max-image-preview":"max-image-preview:large","max-video-preview":"max-video-preview:-1"},"canonical":"https:\/\/www.swissraft.ch\/de\/produkt\/flug-flugzeug-buttwil-rundflug-uetliberg\/","og_locale":"de_DE","og_type":"article","og_title":"Rundflug Uetliberg mit dem Flugzeug von Buttwil. Flug von 15 Min.","og_description":"Rundflug Uetliberg mit dem Flugzeug von Buttwil f\u00fcr einen Flug von 15 Minuten. F\u00fcr diejenigen geeignet, die noch nie in einem Flugzeug geflogen sind","og_url":"https:\/\/www.swissraft.ch\/de\/produkt\/flug-flugzeug-buttwil-rundflug-uetliberg\/","og_site_name":"Swissraft","article_modified_time":"2026-04-27T23:31:28+00:00","og_image":[{"width":776,"height":776,"url":"https:\/\/www.swissraft.ch\/wp-content\/uploads\/2023\/01\/2-BUTTWIL-Uetliberg-776x776-1.jpg","type":"image\/jpeg"}],"twitter_card":"summary_large_image","twitter_misc":{"Gesch\u00e4tzte Lesezeit":"1\u00a0Minute"},"schema":{"@context":"https:\/\/schema.org","@graph":[{"@type":"WebPage","@id":"https:\/\/www.swissraft.ch\/de\/produkt\/flug-flugzeug-buttwil-rundflug-uetliberg\/","url":"https:\/\/www.swissraft.ch\/de\/produkt\/flug-flugzeug-buttwil-rundflug-uetliberg\/","name":"Rundflug Uetliberg mit dem Flugzeug von Buttwil. Flug von 15 Min.","isPartOf":{"@id":"https:\/\/www.swissraft.ch\/de\/#website"},"primaryImageOfPage":{"@id":"https:\/\/www.swissraft.ch\/de\/produkt\/flug-flugzeug-buttwil-rundflug-uetliberg\/#primaryimage"},"image":{"@id":"https:\/\/www.swissraft.ch\/de\/produkt\/flug-flugzeug-buttwil-rundflug-uetliberg\/#primaryimage"},"thumbnailUrl":"https:\/\/www.swissraft.ch\/wp-content\/uploads\/2023\/01\/2-BUTTWIL-Uetliberg-776x776-1.jpg","datePublished":"2023-01-11T08:42:01+00:00","dateModified":"2026-04-27T23:31:28+00:00","description":"Rundflug Uetliberg mit dem Flugzeug von Buttwil f\u00fcr einen Flug von 15 Minuten. F\u00fcr diejenigen geeignet, die noch nie in einem Flugzeug geflogen sind","breadcrumb":{"@id":"https:\/\/www.swissraft.ch\/de\/produkt\/flug-flugzeug-buttwil-rundflug-uetliberg\/#breadcrumb"},"inLanguage":"de","potentialAction":[{"@type":"ReadAction","target":["https:\/\/www.swissraft.ch\/de\/produkt\/flug-flugzeug-buttwil-rundflug-uetliberg\/"]}]},{"@type":"ImageObject","inLanguage":"de","@id":"https:\/\/www.swissraft.ch\/de\/produkt\/flug-flugzeug-buttwil-rundflug-uetliberg\/#primaryimage","url":"https:\/\/www.swissraft.ch\/wp-content\/uploads\/2023\/01\/2-BUTTWIL-Uetliberg-776x776-1.jpg","contentUrl":"https:\/\/www.swissraft.ch\/wp-content\/uploads\/2023\/01\/2-BUTTWIL-Uetliberg-776x776-1.jpg","width":776,"height":776,"caption":"Flug \u00fcber den Uetliberg mit dem Flugzeug von Buttwil aus"},{"@type":"BreadcrumbList","@id":"https:\/\/www.swissraft.ch\/de\/produkt\/flug-flugzeug-buttwil-rundflug-uetliberg\/#breadcrumb","itemListElement":[{"@type":"ListItem","position":1,"name":"Accueil","item":"https:\/\/www.swissraft.ch\/de\/"},{"@type":"ListItem","position":2,"name":"Shop","item":"https:\/\/www.swissraft.ch\/de\/shop\/"},{"@type":"ListItem","position":3,"name":"Flug mit dem Flugzeug &#8211; Buttwil &#8211; Uetliberg &#8211; 15 Min. &#8211; Ab CHF 70.00"}]},{"@type":"WebSite","@id":"https:\/\/www.swissraft.ch\/de\/#website","url":"https:\/\/www.swissraft.ch\/de\/","name":"Swissraft","description":"To enjoy nature as it is","publisher":{"@id":"https:\/\/www.swissraft.ch\/de\/#organization"},"potentialAction":[{"@type":"SearchAction","target":{"@type":"EntryPoint","urlTemplate":"https:\/\/www.swissraft.ch\/de\/?s={search_term_string}"},"query-input":{"@type":"PropertyValueSpecification","valueRequired":true,"valueName":"search_term_string"}}],"inLanguage":"de"},{"@type":"Organization","@id":"https:\/\/www.swissraft.ch\/de\/#organization","name":"Swissraft","url":"https:\/\/www.swissraft.ch\/de\/","logo":{"@type":"ImageObject","inLanguage":"de","@id":"https:\/\/www.swissraft.ch\/de\/#\/schema\/logo\/image\/","url":"https:\/\/www.swissraft.ch\/wp-content\/uploads\/2025\/09\/Capture.jpg","contentUrl":"https:\/\/www.swissraft.ch\/wp-content\/uploads\/2025\/09\/Capture.jpg","width":293,"height":108,"caption":"Swissraft"},"image":{"@id":"https:\/\/www.swissraft.ch\/de\/#\/schema\/logo\/image\/"}}]}},"_links":{"self":[{"href":"https:\/\/www.swissraft.ch\/de\/wp-json\/wp\/v2\/product\/91725","targetHints":{"allow":["GET"]}}],"collection":[{"href":"https:\/\/www.swissraft.ch\/de\/wp-json\/wp\/v2\/product"}],"about":[{"href":"https:\/\/www.swissraft.ch\/de\/wp-json\/wp\/v2\/types\/product"}],"replies":[{"embeddable":true,"href":"https:\/\/www.swissraft.ch\/de\/wp-json\/wp\/v2\/comments?post=91725"}],"version-history":[{"count":10,"href":"https:\/\/www.swissraft.ch\/de\/wp-json\/wp\/v2\/product\/91725\/revisions"}],"predecessor-version":[{"id":142577,"href":"https:\/\/www.swissraft.ch\/de\/wp-json\/wp\/v2\/product\/91725\/revisions\/142577"}],"wp:featuredmedia":[{"embeddable":true,"href":"https:\/\/www.swissraft.ch\/de\/wp-json\/wp\/v2\/media\/88222"}],"wp:attachment":[{"href":"https:\/\/www.swissraft.ch\/de\/wp-json\/wp\/v2\/media?parent=91725"}],"wp:term":[{"taxonomy":"product_cat","embeddable":true,"href":"https:\/\/www.swissraft.ch\/de\/wp-json\/wp\/v2\/product_cat?post=91725"},{"taxonomy":"product_tag","embeddable":true,"href":"https:\/\/www.swissraft.ch\/de\/wp-json\/wp\/v2\/product_tag?post=91725"}],"curies":[{"name":"wp","href":"https:\/\/api.w.org\/{rel}","templated":true}]}}