{"id":91722,"date":"2023-01-11T09:56:24","date_gmt":"2023-01-11T08:56:24","guid":{"rendered":"https:\/\/swissraft.xyanzkdne.eu\/product\/flug-mit-dem-flugzeug-von-buttwil-les-mythen-30-min-ab-chf-120-00\/"},"modified":"2026-04-28T01:32:54","modified_gmt":"2026-04-27T23:32:54","slug":"flug-flugzeug-buttwil-rundflug-mythen","status":"publish","type":"product","link":"https:\/\/www.swissraft.ch\/de\/produkt\/flug-flugzeug-buttwil-rundflug-mythen\/","title":{"rendered":"Flug mit dem Flugzeug &#8211; Buttwil &#8211; Die Mythen &#8211; 30 Min. &#8211; Ab CHF 120.00"},"content":{"rendered":"\t\t<div data-elementor-type=\"wp-post\" data-elementor-id=\"91722\" class=\"elementor elementor-91722 elementor-30268\">\n\t\t\t\t\t\t\t\t\t<section class=\"elementor-section elementor-top-section elementor-element elementor-element-3303a7e3 elementor-section-boxed elementor-section-height-default elementor-section-height-default\" data-id=\"3303a7e3\" data-element_type=\"section\">\n\t\t\t\t\t\t<div class=\"elementor-container elementor-column-gap-default\">\n\t\t\t\t\t<div class=\"elementor-column elementor-col-100 elementor-top-column elementor-element elementor-element-16d72dbf\" data-id=\"16d72dbf\" data-element_type=\"column\">\n\t\t\t<div class=\"elementor-widget-wrap elementor-element-populated\">\n\t\t\t\t\t\t\t\t<div class=\"elementor-element elementor-element-d743c03 elementor-widget elementor-widget-text-editor\" data-id=\"d743c03\" data-element_type=\"widget\" data-widget_type=\"text-editor.default\">\n\t\t\t\t<div class=\"elementor-widget-container\">\n\t\t\t\t\t\t\t<h2>W\u00c4HLEN SIE UNTEN IHRE AKTIVIT\u00c4T AUS, UM GESCHENKGUTSCHEINE \/ TICKETS ZU VERSCHENKEN ODER ZU BUCHEN.<\/h2><table border=\"0\" width=\"580\" cellspacing=\"10\" cellpadding=\"10\"><tbody><tr><td width=\"50%\"><strong>RUNDFLUG &#8211; LES MYTHEN &#8211; (1-3 Pers.) &#8211; 30 Min.<\/strong><\/td><td><strong>Ab CHF 120.00 pro Person<span class=\"productPrice\"><br \/><\/span><\/strong><\/td><\/tr><tr><td>Zus\u00e4tzliche Informationen<\/td><td><span class=\"patt\">&#8211; Sie werden mit anderen Passagieren zusammen sein<br \/><\/span><span class=\"patt\">&#8211; Kinder von 5 bis 12 j\u00e4hrig<br \/><\/span><span class=\"patt\">&#8211; Maximum 3 Pers.<\/span><\/td><\/tr><tr><td>Flugplatz<\/td><td><a href=\"https:\/\/www.google.com\/maps\/place\/47%C2%B015'51.5%22N+8%C2%B018'05.7%22E\/@47.2643994,8.29713,766m\/data=!3m1!1e3!4m4!3m3!8m2!3d47.2643056!4d8.3015833?entry=ttu\" target=\"_blank\" rel=\"noopener\">Buttwil<\/a><\/td><\/tr><tr><td>Flugzeit<\/td><td>30 Min.<\/td><\/tr><tr><td>Gesamtdauer<\/td><td>ca. 1 Std.<\/td><\/tr><tr><td>Termin<\/td><td>Per Telefon<\/td><\/tr><tr><td><button class=\"elementor-button\" type=\"button\"><a href=\"https:\/\/swissraft.outdoorbooking.ch\/fo\/products\/205?base_id=25&amp;category_id=22&amp;order_type=gift_voucher&amp;lang=de\" target=\"_blank\" rel=\"noopener\">GUTSCHEIN \/ TICKET KAUFEN<\/a><\/button><\/td><td><strong>CHF 120.00 &#8211; 30 Min. (1 Pers.) <\/strong><\/td><\/tr><tr><td><button class=\"elementor-button\" type=\"button\"><a href=\"https:\/\/swissraft.outdoorbooking.ch\/fo\/products\/406?base_id=106&amp;category_id=22&amp;order_type=gift_voucher&amp;lang=de\" target=\"_blank\" rel=\"noopener\">GUTSCHEIN \/ TICKET KAUFEN<\/a><\/button><\/td><td><strong>CHF 240.00 &#8211; 30 Min. (2 Pers.) <\/strong><\/td><\/tr><tr><td><button class=\"elementor-button\" type=\"button\"><a href=\"https:\/\/swissraft.outdoorbooking.ch\/fo\/products\/400?base_id=101&amp;category_id=22&amp;order_type=gift_voucher&amp;lang=de\" target=\"_blank\" rel=\"noopener\">GUTSCHEIN \/ TICKET KAUFEN<\/a><\/button><\/td><td><strong>CHF 300.00 &#8211; PRIVATFLUG &#8211; 30 Min. (2 Erw. + 1 Kind) <\/strong><\/td><\/tr><tr><td><button class=\"elementor-button\" type=\"button\"><a href=\"https:\/\/swissraft.outdoorbooking.ch\/fo\/products\/413?base_id=107&amp;category_id=22&amp;order_type=gift_voucher&amp;lang=de\" target=\"_blank\" rel=\"noopener\">GUTSCHEIN \/ TICKET KAUFEN<\/a><\/button><\/td><td><strong>CHF 360.00 &#8211; PRIVATFLUG &#8211; 30 Min. (3 Pers.) <\/strong><\/td><\/tr><tr><td>\u00a0<\/td><td><strong><em>WICHTIG !<\/em><\/strong><br \/><em>Um zu reservieren, rufen Sie die Nummer an, die sich oben links auf dem Gutschein \/ Ticket befindet.<\/em><\/td><\/tr><\/tbody><\/table>\t\t\t\t\t\t<\/div>\n\t\t\t\t<\/div>\n\t\t\t\t\t<\/div>\n\t\t<\/div>\n\t\t\t\t\t\t\t<\/div>\n\t\t<\/section>\n\t\t\t\t\t\t\t<\/div>\n\t\t","protected":false},"excerpt":{"rendered":"<div align=\"justify\">\n<h2 align=\"justify\">Der Flug beginnt in Buttwil und dauert 30 Minuten. Sie fliegen in Richtung des Mythen-Massivs.<\/h2>\n<h3>Sie fliegen mit einem Sportflugzeug \u00fcber die Zentralschweiz und ihre Symbole. Sie haben auch einen sch\u00f6nen Blick auf den Lauerzer See und den Vierwaldst\u00e4ttersee.<\/h3>\n<\/div>\n<div align=\"justify\">\n<p>Von Buttwil aus mit dem Flugzeug zu den Mythen. Zun\u00e4chst fliegen Sie \u00fcber die Voralpen \u00fcber den Rossberg, einen Berg in den Kantonen Schwyz und Zug. Dann erreichen Sie die Mythen, die im Herzen der Schweiz zwischen den St\u00e4dten Schwyz und Einsiedeln liegen. Zusammen mit dem Kleinen Mythen und dem Haggenspitz bildet er das Mythenmassiv. Der Gro\u00dfe Mythen ist 1898 m und der Kleine Mythen 1811 m hoch. Das Mythenmassiv ist das absolute Symbol des Kantons Schwyz. Danach setzen Sie den Flug \u00fcber die Rigi fort, bevor Sie wieder auf dem Flugplatz Buttwil landen.<\/p>\n<h3>Bitte rufen Sie uns an, wenn Sie Fragen zu unseren Rundfl\u00fcgen aus verschiedenen Teilen der Schweiz haben.<\/h3>\n<p id=\"textarea\" style=\"display: none;\">\nParallel dazu bieten wir in Buttwil Rundfl\u00fcge vom internationalen Flughafen Bern-Belp aus an. Auch von Biel aus starten wir in die 3-Seen-Region zu herrlichen Rundfl\u00fcgen. Einerseits bieten wir Fl\u00fcge mit einem Flugzeug von Grenchen im Kanton Solothurn an. Au\u00dferdem f\u00fchren wir Rundfl\u00fcge vom Flugplatz \u00c9pagny im Greyerzerland aus durch. Sowie im Kanton St. Gallen, wo wir von Sch\u00e4nis aus zu Rundfl\u00fcgen starten.\n<\/p>\n<p><a id=\"seeMore\" onclick=\"toggleSeeMore()\" href=\"javascript:void(0);\">Lesen Sie mehr<\/a><\/p>\n","protected":false},"featured_media":88240,"comment_status":"open","ping_status":"closed","template":"","meta":{"inline_featured_image":false,"_mi_skip_tracking":false},"product_cat":[293,358],"product_tag":[],"class_list":["post-91722","product","type-product","status-publish","has-post-thumbnail","hentry","product_cat-flug-in-der-schweiz","product_cat-flug-flugzeug-rundflug-buttwil"],"yoast_head":"<!-- This site is optimized with the Yoast SEO plugin v23.6 - https:\/\/yoast.com\/wordpress\/plugins\/seo\/ -->\n<title>Rundflug Die Mythen von Butwil aus. Flug von 30 Minuten<\/title>\n<meta name=\"description\" content=\"Rundflug Die Mythen von Butwil aus. Der Flug dauert 30 Minuten und f\u00fchrt Sie in die Zentralschweiz \u00fcber die Mythen das Symbol der Zentralschweiz\" \/>\n<meta name=\"robots\" content=\"index, follow, max-snippet:-1, max-image-preview:large, max-video-preview:-1\" \/>\n<link rel=\"canonical\" href=\"https:\/\/www.swissraft.ch\/de\/produkt\/flug-flugzeug-buttwil-rundflug-mythen\/\" \/>\n<meta property=\"og:locale\" content=\"de_DE\" \/>\n<meta property=\"og:type\" content=\"article\" \/>\n<meta property=\"og:title\" content=\"Rundflug Die Mythen von Butwil aus. Flug von 30 Minuten\" \/>\n<meta property=\"og:description\" content=\"Rundflug Die Mythen von Butwil aus. Der Flug dauert 30 Minuten und f\u00fchrt Sie in die Zentralschweiz \u00fcber die Mythen das Symbol der Zentralschweiz\" \/>\n<meta property=\"og:url\" content=\"https:\/\/www.swissraft.ch\/de\/produkt\/flug-flugzeug-buttwil-rundflug-mythen\/\" \/>\n<meta property=\"og:site_name\" content=\"Swissraft\" \/>\n<meta property=\"article:modified_time\" content=\"2026-04-27T23:32:54+00:00\" \/>\n<meta property=\"og:image\" content=\"https:\/\/www.swissraft.ch\/wp-content\/uploads\/2023\/01\/3-BUTTWIL-Mythen-776x776-1.jpg\" \/>\n\t<meta property=\"og:image:width\" content=\"776\" \/>\n\t<meta property=\"og:image:height\" content=\"776\" \/>\n\t<meta property=\"og:image:type\" content=\"image\/jpeg\" \/>\n<meta name=\"twitter:card\" content=\"summary_large_image\" \/>\n<meta name=\"twitter:label1\" content=\"Gesch\u00e4tzte Lesezeit\" \/>\n\t<meta name=\"twitter:data1\" content=\"1\u00a0Minute\" \/>\n<script type=\"application\/ld+json\" class=\"yoast-schema-graph\">{\"@context\":\"https:\/\/schema.org\",\"@graph\":[{\"@type\":\"WebPage\",\"@id\":\"https:\/\/www.swissraft.ch\/de\/produkt\/flug-flugzeug-buttwil-rundflug-mythen\/\",\"url\":\"https:\/\/www.swissraft.ch\/de\/produkt\/flug-flugzeug-buttwil-rundflug-mythen\/\",\"name\":\"Rundflug Die Mythen von Butwil aus. Flug von 30 Minuten\",\"isPartOf\":{\"@id\":\"https:\/\/www.swissraft.ch\/de\/#website\"},\"primaryImageOfPage\":{\"@id\":\"https:\/\/www.swissraft.ch\/de\/produkt\/flug-flugzeug-buttwil-rundflug-mythen\/#primaryimage\"},\"image\":{\"@id\":\"https:\/\/www.swissraft.ch\/de\/produkt\/flug-flugzeug-buttwil-rundflug-mythen\/#primaryimage\"},\"thumbnailUrl\":\"https:\/\/www.swissraft.ch\/wp-content\/uploads\/2023\/01\/3-BUTTWIL-Mythen-776x776-1.jpg\",\"datePublished\":\"2023-01-11T08:56:24+00:00\",\"dateModified\":\"2026-04-27T23:32:54+00:00\",\"description\":\"Rundflug Die Mythen von Butwil aus. Der Flug dauert 30 Minuten und f\u00fchrt Sie in die Zentralschweiz \u00fcber die Mythen das Symbol der Zentralschweiz\",\"breadcrumb\":{\"@id\":\"https:\/\/www.swissraft.ch\/de\/produkt\/flug-flugzeug-buttwil-rundflug-mythen\/#breadcrumb\"},\"inLanguage\":\"de\",\"potentialAction\":[{\"@type\":\"ReadAction\",\"target\":[\"https:\/\/www.swissraft.ch\/de\/produkt\/flug-flugzeug-buttwil-rundflug-mythen\/\"]}]},{\"@type\":\"ImageObject\",\"inLanguage\":\"de\",\"@id\":\"https:\/\/www.swissraft.ch\/de\/produkt\/flug-flugzeug-buttwil-rundflug-mythen\/#primaryimage\",\"url\":\"https:\/\/www.swissraft.ch\/wp-content\/uploads\/2023\/01\/3-BUTTWIL-Mythen-776x776-1.jpg\",\"contentUrl\":\"https:\/\/www.swissraft.ch\/wp-content\/uploads\/2023\/01\/3-BUTTWIL-Mythen-776x776-1.jpg\",\"width\":776,\"height\":776,\"caption\":\"Rundflug Die Mythen ab Buttwil mit dem Flugzeug\"},{\"@type\":\"BreadcrumbList\",\"@id\":\"https:\/\/www.swissraft.ch\/de\/produkt\/flug-flugzeug-buttwil-rundflug-mythen\/#breadcrumb\",\"itemListElement\":[{\"@type\":\"ListItem\",\"position\":1,\"name\":\"Accueil\",\"item\":\"https:\/\/www.swissraft.ch\/de\/\"},{\"@type\":\"ListItem\",\"position\":2,\"name\":\"Shop\",\"item\":\"https:\/\/www.swissraft.ch\/de\/shop\/\"},{\"@type\":\"ListItem\",\"position\":3,\"name\":\"Flug mit dem Flugzeug &#8211; Buttwil &#8211; Die Mythen &#8211; 30 Min. &#8211; Ab CHF 120.00\"}]},{\"@type\":\"WebSite\",\"@id\":\"https:\/\/www.swissraft.ch\/de\/#website\",\"url\":\"https:\/\/www.swissraft.ch\/de\/\",\"name\":\"Swissraft\",\"description\":\"To enjoy nature as it is\",\"publisher\":{\"@id\":\"https:\/\/www.swissraft.ch\/de\/#organization\"},\"potentialAction\":[{\"@type\":\"SearchAction\",\"target\":{\"@type\":\"EntryPoint\",\"urlTemplate\":\"https:\/\/www.swissraft.ch\/de\/?s={search_term_string}\"},\"query-input\":{\"@type\":\"PropertyValueSpecification\",\"valueRequired\":true,\"valueName\":\"search_term_string\"}}],\"inLanguage\":\"de\"},{\"@type\":\"Organization\",\"@id\":\"https:\/\/www.swissraft.ch\/de\/#organization\",\"name\":\"Swissraft\",\"url\":\"https:\/\/www.swissraft.ch\/de\/\",\"logo\":{\"@type\":\"ImageObject\",\"inLanguage\":\"de\",\"@id\":\"https:\/\/www.swissraft.ch\/de\/#\/schema\/logo\/image\/\",\"url\":\"https:\/\/www.swissraft.ch\/wp-content\/uploads\/2025\/09\/Capture.jpg\",\"contentUrl\":\"https:\/\/www.swissraft.ch\/wp-content\/uploads\/2025\/09\/Capture.jpg\",\"width\":293,\"height\":108,\"caption\":\"Swissraft\"},\"image\":{\"@id\":\"https:\/\/www.swissraft.ch\/de\/#\/schema\/logo\/image\/\"}}]}<\/script>\n<!-- \/ Yoast SEO plugin. -->","yoast_head_json":{"title":"Rundflug Die Mythen von Butwil aus. Flug von 30 Minuten","description":"Rundflug Die Mythen von Butwil aus. Der Flug dauert 30 Minuten und f\u00fchrt Sie in die Zentralschweiz \u00fcber die Mythen das Symbol der Zentralschweiz","robots":{"index":"index","follow":"follow","max-snippet":"max-snippet:-1","max-image-preview":"max-image-preview:large","max-video-preview":"max-video-preview:-1"},"canonical":"https:\/\/www.swissraft.ch\/de\/produkt\/flug-flugzeug-buttwil-rundflug-mythen\/","og_locale":"de_DE","og_type":"article","og_title":"Rundflug Die Mythen von Butwil aus. Flug von 30 Minuten","og_description":"Rundflug Die Mythen von Butwil aus. Der Flug dauert 30 Minuten und f\u00fchrt Sie in die Zentralschweiz \u00fcber die Mythen das Symbol der Zentralschweiz","og_url":"https:\/\/www.swissraft.ch\/de\/produkt\/flug-flugzeug-buttwil-rundflug-mythen\/","og_site_name":"Swissraft","article_modified_time":"2026-04-27T23:32:54+00:00","og_image":[{"width":776,"height":776,"url":"https:\/\/www.swissraft.ch\/wp-content\/uploads\/2023\/01\/3-BUTTWIL-Mythen-776x776-1.jpg","type":"image\/jpeg"}],"twitter_card":"summary_large_image","twitter_misc":{"Gesch\u00e4tzte Lesezeit":"1\u00a0Minute"},"schema":{"@context":"https:\/\/schema.org","@graph":[{"@type":"WebPage","@id":"https:\/\/www.swissraft.ch\/de\/produkt\/flug-flugzeug-buttwil-rundflug-mythen\/","url":"https:\/\/www.swissraft.ch\/de\/produkt\/flug-flugzeug-buttwil-rundflug-mythen\/","name":"Rundflug Die Mythen von Butwil aus. Flug von 30 Minuten","isPartOf":{"@id":"https:\/\/www.swissraft.ch\/de\/#website"},"primaryImageOfPage":{"@id":"https:\/\/www.swissraft.ch\/de\/produkt\/flug-flugzeug-buttwil-rundflug-mythen\/#primaryimage"},"image":{"@id":"https:\/\/www.swissraft.ch\/de\/produkt\/flug-flugzeug-buttwil-rundflug-mythen\/#primaryimage"},"thumbnailUrl":"https:\/\/www.swissraft.ch\/wp-content\/uploads\/2023\/01\/3-BUTTWIL-Mythen-776x776-1.jpg","datePublished":"2023-01-11T08:56:24+00:00","dateModified":"2026-04-27T23:32:54+00:00","description":"Rundflug Die Mythen von Butwil aus. Der Flug dauert 30 Minuten und f\u00fchrt Sie in die Zentralschweiz \u00fcber die Mythen das Symbol der Zentralschweiz","breadcrumb":{"@id":"https:\/\/www.swissraft.ch\/de\/produkt\/flug-flugzeug-buttwil-rundflug-mythen\/#breadcrumb"},"inLanguage":"de","potentialAction":[{"@type":"ReadAction","target":["https:\/\/www.swissraft.ch\/de\/produkt\/flug-flugzeug-buttwil-rundflug-mythen\/"]}]},{"@type":"ImageObject","inLanguage":"de","@id":"https:\/\/www.swissraft.ch\/de\/produkt\/flug-flugzeug-buttwil-rundflug-mythen\/#primaryimage","url":"https:\/\/www.swissraft.ch\/wp-content\/uploads\/2023\/01\/3-BUTTWIL-Mythen-776x776-1.jpg","contentUrl":"https:\/\/www.swissraft.ch\/wp-content\/uploads\/2023\/01\/3-BUTTWIL-Mythen-776x776-1.jpg","width":776,"height":776,"caption":"Rundflug Die Mythen ab Buttwil mit dem Flugzeug"},{"@type":"BreadcrumbList","@id":"https:\/\/www.swissraft.ch\/de\/produkt\/flug-flugzeug-buttwil-rundflug-mythen\/#breadcrumb","itemListElement":[{"@type":"ListItem","position":1,"name":"Accueil","item":"https:\/\/www.swissraft.ch\/de\/"},{"@type":"ListItem","position":2,"name":"Shop","item":"https:\/\/www.swissraft.ch\/de\/shop\/"},{"@type":"ListItem","position":3,"name":"Flug mit dem Flugzeug &#8211; Buttwil &#8211; Die Mythen &#8211; 30 Min. &#8211; Ab CHF 120.00"}]},{"@type":"WebSite","@id":"https:\/\/www.swissraft.ch\/de\/#website","url":"https:\/\/www.swissraft.ch\/de\/","name":"Swissraft","description":"To enjoy nature as it is","publisher":{"@id":"https:\/\/www.swissraft.ch\/de\/#organization"},"potentialAction":[{"@type":"SearchAction","target":{"@type":"EntryPoint","urlTemplate":"https:\/\/www.swissraft.ch\/de\/?s={search_term_string}"},"query-input":{"@type":"PropertyValueSpecification","valueRequired":true,"valueName":"search_term_string"}}],"inLanguage":"de"},{"@type":"Organization","@id":"https:\/\/www.swissraft.ch\/de\/#organization","name":"Swissraft","url":"https:\/\/www.swissraft.ch\/de\/","logo":{"@type":"ImageObject","inLanguage":"de","@id":"https:\/\/www.swissraft.ch\/de\/#\/schema\/logo\/image\/","url":"https:\/\/www.swissraft.ch\/wp-content\/uploads\/2025\/09\/Capture.jpg","contentUrl":"https:\/\/www.swissraft.ch\/wp-content\/uploads\/2025\/09\/Capture.jpg","width":293,"height":108,"caption":"Swissraft"},"image":{"@id":"https:\/\/www.swissraft.ch\/de\/#\/schema\/logo\/image\/"}}]}},"_links":{"self":[{"href":"https:\/\/www.swissraft.ch\/de\/wp-json\/wp\/v2\/product\/91722","targetHints":{"allow":["GET"]}}],"collection":[{"href":"https:\/\/www.swissraft.ch\/de\/wp-json\/wp\/v2\/product"}],"about":[{"href":"https:\/\/www.swissraft.ch\/de\/wp-json\/wp\/v2\/types\/product"}],"replies":[{"embeddable":true,"href":"https:\/\/www.swissraft.ch\/de\/wp-json\/wp\/v2\/comments?post=91722"}],"version-history":[{"count":10,"href":"https:\/\/www.swissraft.ch\/de\/wp-json\/wp\/v2\/product\/91722\/revisions"}],"predecessor-version":[{"id":142583,"href":"https:\/\/www.swissraft.ch\/de\/wp-json\/wp\/v2\/product\/91722\/revisions\/142583"}],"wp:featuredmedia":[{"embeddable":true,"href":"https:\/\/www.swissraft.ch\/de\/wp-json\/wp\/v2\/media\/88240"}],"wp:attachment":[{"href":"https:\/\/www.swissraft.ch\/de\/wp-json\/wp\/v2\/media?parent=91722"}],"wp:term":[{"taxonomy":"product_cat","embeddable":true,"href":"https:\/\/www.swissraft.ch\/de\/wp-json\/wp\/v2\/product_cat?post=91722"},{"taxonomy":"product_tag","embeddable":true,"href":"https:\/\/www.swissraft.ch\/de\/wp-json\/wp\/v2\/product_tag?post=91722"}],"curies":[{"name":"wp","href":"https:\/\/api.w.org\/{rel}","templated":true}]}}