{"id":91719,"date":"2022-12-29T18:39:50","date_gmt":"2022-12-29T17:39:50","guid":{"rendered":"https:\/\/swissraft.xyanzkdne.eu\/product\/heliskiing-in-valais-le-petit-combin-3648-m-ab-chf-225-00\/"},"modified":"2026-02-16T16:55:29","modified_gmt":"2026-02-16T15:55:29","slug":"heliskiing-wallis-der-petit-combin","status":"publish","type":"product","link":"https:\/\/www.swissraft.ch\/de\/produkt\/heliskiing-wallis-der-petit-combin\/","title":{"rendered":"Heliskiing im WALLIS &#8211; LE PETIT COMBIN 3648 m &#8211; Ab CHF 240.00"},"content":{"rendered":"\t\t<div data-elementor-type=\"wp-post\" data-elementor-id=\"91719\" class=\"elementor elementor-91719 elementor-30250\">\n\t\t\t\t\t\t\t\t\t<section class=\"elementor-section elementor-top-section elementor-element elementor-element-3303a7e3 elementor-section-boxed elementor-section-height-default elementor-section-height-default\" data-id=\"3303a7e3\" data-element_type=\"section\">\n\t\t\t\t\t\t<div class=\"elementor-container elementor-column-gap-default\">\n\t\t\t\t\t<div class=\"elementor-column elementor-col-100 elementor-top-column elementor-element elementor-element-16d72dbf\" data-id=\"16d72dbf\" data-element_type=\"column\">\n\t\t\t<div class=\"elementor-widget-wrap elementor-element-populated\">\n\t\t\t\t\t\t\t\t<div class=\"elementor-element elementor-element-d743c03 elementor-widget elementor-widget-text-editor\" data-id=\"d743c03\" data-element_type=\"widget\" data-widget_type=\"text-editor.default\">\n\t\t\t\t<div class=\"elementor-widget-container\">\n\t\t\t\t\t\t\t<h2>W\u00c4HLEN SIE UNTEN IHRE AKTIVIT\u00c4T AUS, UM GESCHENKGUTSCHEINE \/ TICKETS ZU VERSCHENKEN ODER ZU BUCHEN.<\/h2><table border=\"0\" width=\"580\" cellspacing=\"10\" cellpadding=\"10\"><tbody><tr><td width=\"50%\"><strong>1) LE PETIT COMBIN 3648 m &#8211; (4 Pers. + 1 Bergf\u00fchrer) &#8211; AB CH\u00c2BLE<\/strong><\/td><td><strong>CHF 240.00 pro Person<span class=\"productPrice\"><br \/><\/span><\/strong><\/td><\/tr><tr><td>Weitere Informationen<\/td><td><span class=\"patt\">&#8211; Basic-Sicherheitstasche (Baryvox, Schaufel, Sonde, Gurt) ca. <strong>CHF 30.00<\/strong>\/Pers. <br \/>&#8211; Komplette Sicherheitstasche mit ABS (ABS-Tasche, Barryvox, Schaufel, Sonde, Klettergurt) ca. <strong>CHF 60.00<\/strong>\/Pers.<br \/>&#8211; Die Geb\u00fchren des Reiseleiters sind nicht inbegriffen ca. <strong>CHF 650.00<\/strong><br \/>&#8211; Minimum 3 Pers. + 1 Bergf\u00fchrer<br \/><\/span><\/td><\/tr><tr><td>Heliport<\/td><td>Le Ch\u00e2ble<\/td><\/tr><tr><td>Hinweis<\/td><td>Bergf\u00fchrer erforderlich<\/td><\/tr><tr><td>Termin<\/td><td>Per Telefon<\/td><\/tr><tr><td><button class=\"elementor-button\" type=\"button\"><a href=\"https:\/\/swissraft.outdoorbooking.ch\/fo\/products\/2060?base_id=137&amp;category_id=36&amp;order_type=gift_voucher&amp;lang=de\" target=\"_blank\" rel=\"noopener\">GUTSCHEIN \/ TICKET KAUFEN<\/a><\/button><\/td><td><strong><em>WICHTIG !<\/em><\/strong><br \/><em>Um zu reservieren, rufen Sie die Nummer an, die sich oben links auf dem Gutschein \/ Ticket befindet.<\/em><\/td><\/tr><\/tbody><\/table><table border=\"0\" width=\"580\" cellspacing=\"10\" cellpadding=\"10\"><tbody><tr><td width=\"50%\"><strong>2) LE PETIT COMBIN 3500 m &#8211; (4 Pers. + 1 Bergf\u00fchrer) &#8211; AB ORSI\u00c8RES<\/strong><\/td><td><strong>CHF 240.00 pro Person<span class=\"productPrice\"><br \/><\/span><\/strong><\/td><\/tr><tr><td>Weitere Informationen<\/td><td><span class=\"patt\">&#8211; Basic-Sicherheitstasche (Baryvox, Schaufel, Sonde, Gurt) ca. <strong>CHF 30.00<\/strong>\/Pers. <br \/>&#8211; Komplette Sicherheitstasche mit ABS (ABS-Tasche, Barryvox, Schaufel, Sonde, Klettergurt) ca. <strong>CHF 60.00<\/strong>\/Pers.<br \/>&#8211; Die Geb\u00fchren des Reiseleiters sind nicht inbegriffen ca. <strong>CHF 650.00<\/strong><br \/>&#8211; Minimum 3 Pers. + 1 Bergf\u00fchrer<\/span><\/td><\/tr><tr><td>Heliport<\/td><td>Orsi\u00e8res<\/td><\/tr><tr><td>Hinweis<\/td><td>Bergf\u00fchrer erforderlich<\/td><\/tr><tr><td>Termin<\/td><td>Per Telefon<\/td><\/tr><tr><td><button class=\"elementor-button\" type=\"button\"><a href=\"https:\/\/swissraft.outdoorbooking.ch\/fo\/products\/2121?base_id=148&amp;category_id=36&amp;order_type=gift_voucher&amp;lang=de\" target=\"_blank\" rel=\"noopener\">GUTSCHEIN \/ TICKET KAUFEN<\/a><\/button><\/td><td><strong><em>WICHTIG !<\/em><\/strong><br \/><em>Um zu reservieren, rufen Sie die Nummer an, die sich oben links auf dem Gutschein \/ Ticket befindet.<\/em><\/td><\/tr><\/tbody><\/table><table border=\"0\" width=\"580\" cellspacing=\"10\" cellpadding=\"10\"><tbody><tr><td width=\"50%\"><strong>3) LE PETIT COMBIN 3500 m &#8211; (4 Pers. + 1 Bergf\u00fchrer) &#8211; AB LA CROIX DE COEUR<\/strong><\/td><td><strong>CHF 240.00 pro Person<span class=\"productPrice\"><br \/><\/span><\/strong><\/td><\/tr><tr><td>Weitere Informationen<\/td><td><span class=\"patt\">&#8211; Basic-Sicherheitstasche (Baryvox, Schaufel, Sonde, Gurt) ca. <strong>CHF 30.00<\/strong>\/Pers. <br \/>&#8211; Komplette Sicherheitstasche mit ABS (ABS-Tasche, Barryvox, Schaufel, Sonde, Klettergurt) ca. <strong>CHF 60.00<\/strong>\/Pers.<br \/>&#8211; Die Geb\u00fchren des Reiseleiters sind nicht inbegriffen ca. <strong>CHF 650.00<\/strong><br \/>&#8211; Minimum 3 Pers. + 1 Bergf\u00fchrer<\/span><\/td><\/tr><tr><td>Heliport<\/td><td>La Croix de Coeur<\/td><\/tr><tr><td>Hinweis<\/td><td>Bergf\u00fchrer erforderlich<\/td><\/tr><tr><td>Termin<\/td><td>Per Telefon<\/td><\/tr><tr><td><button class=\"elementor-button\" type=\"button\"><a href=\"https:\/\/swissraft.outdoorbooking.ch\/fo\/products\/2059?base_id=148&amp;category_id=36&amp;order_type=gift_voucher&amp;lang=de\" target=\"_blank\" rel=\"noopener\">GUTSCHEIN \/ TICKET KAUFEN<\/a><\/button><\/td><td><strong><em>WICHTIG !<\/em><\/strong><br \/><em>Um zu reservieren, rufen Sie die Nummer an, die sich oben links auf dem Gutschein \/ Ticket befindet.<\/em><\/td><\/tr><\/tbody><\/table><table border=\"0\" width=\"580\" cellspacing=\"10\" cellpadding=\"10\"><tbody><tr><td width=\"50%\"><strong>4) LE PETIT COMBIN 3500 m &#8211; (4 Pers. + 1 Bergf\u00fchrer) &#8211; AB SITTEN<\/strong><\/td><td><strong>CHF 240.00 pro Person<span class=\"productPrice\"><br \/><\/span><\/strong><\/td><\/tr><tr><td>Weitere Informationen<\/td><td><span class=\"patt\">&#8211; Basic-Sicherheitstasche (Baryvox, Schaufel, Sonde, Gurt) ca. <strong>CHF 30.00<\/strong>\/Pers. <br \/>&#8211; Komplette Sicherheitstasche mit ABS (ABS-Tasche, Barryvox, Schaufel, Sonde, Klettergurt) ca. <strong>CHF 60.00<\/strong>\/Pers.<br \/>&#8211; Die Geb\u00fchren des Reiseleiters sind nicht inbegriffen ca. <strong>CHF 650.00<\/strong><br \/>&#8211; Minimum 3 Pers. + 1 Bergf\u00fchrer<\/span><\/td><\/tr><tr><td>Flughafen<\/td><td>Sitten<\/td><\/tr><tr><td>Hinweis<\/td><td>Bergf\u00fchrer erforderlich<\/td><\/tr><tr><td>Termin<\/td><td>Per Telefon<\/td><\/tr><tr><td><button class=\"elementor-button\" type=\"button\"><a href=\"https:\/\/swissraft.outdoorbooking.ch\/fo\/products\/2057?base_id=148&amp;category_id=36&amp;order_type=gift_voucher&amp;lang=de\" target=\"_blank\" rel=\"noopener\">GUTSCHEIN \/ TICKET KAUFEN<\/a><\/button><\/td><td><strong><em>WICHTIG !<\/em><\/strong><br \/><em>Um zu reservieren, rufen Sie die Nummer an, die sich oben links auf dem Gutschein \/ Ticket befindet.<\/em><\/td><\/tr><\/tbody><\/table><table border=\"0\" width=\"580\" cellspacing=\"10\" cellpadding=\"10\"><tbody><tr><td width=\"50%\"><strong>5) LE PETIT COMBIN 3500 m &#8211; (4 Pers. + 1 Bergf\u00fchrer) &#8211; AB GRIMENTZ<\/strong><\/td><td><strong>CHF 320.00 pro Person<span class=\"productPrice\"><br \/><\/span><\/strong><\/td><\/tr><tr><td>Weitere Informationen<\/td><td><span class=\"patt\">&#8211; Basic-Sicherheitstasche (Baryvox, Schaufel, Sonde, Gurt) ca. <strong>CHF 30.00<\/strong>\/Pers. <br \/>&#8211; Komplette Sicherheitstasche mit ABS (ABS-Tasche, Barryvox, Schaufel, Sonde, Klettergurt) ca. <strong>CHF 60.00<\/strong>\/Pers.<br \/>&#8211; Die Geb\u00fchren des Reiseleiters sind nicht inbegriffen ca. <strong>CHF 650.00<\/strong><br \/>&#8211; Minimum 3 Pers. + 1 Bergf\u00fchrer<\/span><\/td><\/tr><tr><td>Heliport<\/td><td>Grimentz<\/td><\/tr><tr><td>Hinweis<\/td><td>Bergf\u00fchrer erforderlich<\/td><\/tr><tr><td>Termin<\/td><td>Per Telefon<\/td><\/tr><tr><td><button class=\"elementor-button\" type=\"button\"><a href=\"https:\/\/swissraft.outdoorbooking.ch\/fo\/products\/2061?base_id=148&amp;category_id=36&amp;order_type=gift_voucher&amp;lang=de\" target=\"_blank\" rel=\"noopener\">GUTSCHEIN \/ TICKET KAUFEN<\/a><\/button><\/td><td><strong><em>WICHTIG !<\/em><\/strong><br \/><em>Um zu reservieren, rufen Sie die Nummer an, die sich oben links auf dem Gutschein \/ Ticket befindet.<\/em><\/td><\/tr><\/tbody><\/table><table border=\"0\" width=\"580\" cellspacing=\"10\" cellpadding=\"10\"><tbody><tr><td width=\"50%\"><strong>6) LE PETIT COMBIN 3500 m &#8211; (4 Pers. + 1 Bergf\u00fchrer) &#8211; AB CHERMIGNON<\/strong><\/td><td><strong>CHF 345.00 pro Person<span class=\"productPrice\"><br \/><\/span><\/strong><\/td><\/tr><tr><td>Weitere Informationen<\/td><td><span class=\"patt\">&#8211; Basic-Sicherheitstasche (Baryvox, Schaufel, Sonde, Gurt) ca. <strong>CHF 30.00<\/strong>\/Pers. <br \/>&#8211; Komplette Sicherheitstasche mit ABS (ABS-Tasche, Barryvox, Schaufel, Sonde, Klettergurt) ca. <strong>CHF 60.00<\/strong>\/Pers.<br \/>&#8211; Die Geb\u00fchren des Reiseleiters sind nicht inbegriffen ca. <strong>CHF 650.00<\/strong><br \/>&#8211; Minimum 3 Pers. + 1 Bergf\u00fchrer<\/span><\/td><\/tr><tr><td>Heliport<\/td><td>Chermignon<\/td><\/tr><tr><td>Hinweis<\/td><td>Bergf\u00fchrer erforderlich<\/td><\/tr><tr><td>Termin<\/td><td>Per Telefon<\/td><\/tr><tr><td><button class=\"elementor-button\" type=\"button\"><a href=\"https:\/\/swissraft.outdoorbooking.ch\/fo\/products\/2062?base_id=148&amp;category_id=36&amp;order_type=gift_voucher&amp;lang=de\" target=\"_blank\" rel=\"noopener\">GUTSCHEIN \/ TICKET KAUFEN<\/a><\/button><\/td><td><strong><em>WICHTIG !<\/em><\/strong><br \/><em>Um zu reservieren, rufen Sie die Nummer an, die sich oben links auf dem Gutschein \/ Ticket befindet.<\/em><\/td><\/tr><\/tbody><\/table><table border=\"0\" width=\"580\" cellspacing=\"10\" cellpadding=\"10\"><tbody><tr><td width=\"50%\"><strong>7) LE PETIT COMBIN 3500 m &#8211; (4 Pers. + 1 Bergf\u00fchrer) &#8211; AB LEYSIN<\/strong><\/td><td><strong>CHF 375.00 pro Person<span class=\"productPrice\"><br \/><\/span><\/strong><\/td><\/tr><tr><td>Weitere Informationen<\/td><td><span class=\"patt\">&#8211; Basic-Sicherheitstasche (Baryvox, Schaufel, Sonde, Gurt) ca. <strong>CHF 30.00<\/strong>\/Pers. <br \/>&#8211; Komplette Sicherheitstasche mit ABS (ABS-Tasche, Barryvox, Schaufel, Sonde, Klettergurt) ca. <strong>CHF 60.00<\/strong>\/Pers.<br \/>&#8211; Die Geb\u00fchren des Reiseleiters sind nicht inbegriffen ca. <strong>CHF 650.00<\/strong><br \/>&#8211; Minimum 3 Pers. + 1 Bergf\u00fchrer<\/span><\/td><\/tr><tr><td>Heliport<\/td><td>Leysin<\/td><\/tr><tr><td>Hinweis<\/td><td>Bergf\u00fchrer erforderlich<\/td><\/tr><tr><td>Termin<\/td><td>Per Telefon<\/td><\/tr><tr><td><button class=\"elementor-button\" type=\"button\"><a href=\"https:\/\/swissraft.outdoorbooking.ch\/fo\/products\/2122?base_id=148&amp;category_id=36&amp;order_type=gift_voucher&amp;lang=de\" target=\"_blank\" rel=\"noopener\">GUTSCHEIN \/ TICKET KAUFEN<\/a><\/button><\/td><td><strong><em>WICHTIG !<\/em><\/strong><br \/><em>Um zu reservieren, rufen Sie die Nummer an, die sich oben links auf dem Gutschein \/ Ticket befindet.<\/em><\/td><\/tr><\/tbody><\/table><table border=\"0\" width=\"580\" cellspacing=\"10\" cellpadding=\"10\"><tbody><tr><td width=\"50%\"><strong>8) LE PETIT COMBIN 3500 m &#8211; (4 Pers. + 1 Bergf\u00fchrer) &#8211; AB FINHAUT<\/strong><\/td><td><strong>CHF 375.00 pro Person<span class=\"productPrice\"><br \/><\/span><\/strong><\/td><\/tr><tr><td>Weitere Informationen<\/td><td><span class=\"patt\">&#8211; Basic-Sicherheitstasche (Baryvox, Schaufel, Sonde, Gurt) ca. <strong>CHF 30.00<\/strong>\/Pers. <br \/>&#8211; Komplette Sicherheitstasche mit ABS (ABS-Tasche, Barryvox, Schaufel, Sonde, Klettergurt) ca. <strong>CHF 60.00<\/strong>\/Pers.<br \/>&#8211; Die Geb\u00fchren des Reiseleiters sind nicht inbegriffen ca. <strong>CHF 650.00<\/strong><br \/>&#8211; Minimum 3 Pers. + 1 Bergf\u00fchrer<\/span><\/td><\/tr><tr><td>Heliport<\/td><td>Finhaut<\/td><\/tr><tr><td>Hinweis<\/td><td>Bergf\u00fchrer erforderlich<\/td><\/tr><tr><td>Termin<\/td><td>Per Telefon<\/td><\/tr><tr><td><button class=\"elementor-button\" type=\"button\"><a href=\"https:\/\/swissraft.outdoorbooking.ch\/fo\/products\/2123?base_id=148&amp;category_id=36&amp;order_type=gift_voucher&amp;lang=de\" target=\"_blank\" rel=\"noopener\">GUTSCHEIN \/ TICKET KAUFEN<\/a><\/button><\/td><td><strong><em>WICHTIG !<\/em><\/strong><br \/><em>Um zu reservieren, rufen Sie die Nummer an, die sich oben links auf dem Gutschein \/ Ticket befindet.<\/em><\/td><\/tr><\/tbody><\/table>\t\t\t\t\t\t<\/div>\n\t\t\t\t<\/div>\n\t\t\t\t\t<\/div>\n\t\t<\/div>\n\t\t\t\t\t\t\t<\/div>\n\t\t<\/section>\n\t\t\t\t\t\t\t<\/div>\n\t\t","protected":false},"excerpt":{"rendered":"<div align=\"justify\">\n<h2 align=\"justify\">Mit dem Heliskiing k\u00f6nnen Sie vom Gipfel des Petit Combin aus abseits der Piste fliegen. Sie haben die Wahl zwischen 8 Helikopter-Startpl\u00e4tzen f\u00fcr diesen Gipfel <\/h2>\n<h3>Die Berge des Wallis bieten endlose Tiefschneeabfahrten, weit weg von den Menschenmassen und Skigebieten.<\/h3>\n<\/div>\n<p>Vor allem der Petit Combin ist ein Klassiker f\u00fcr Freeride-Fans. Sind Sie ein guter Skifahrer und m\u00f6chten Sie das Vergn\u00fcgen des Skifahrens im Hochgebirge kennen lernen? Das Wallis ist das Paradies schlechthin f\u00fcr Heliskiing in der Schweiz.<br \/>\nSie haben einen unvergesslichen Tag mit Heliskiing vor sich. Sie fahren praktisch die ganze Abfahrt \u00fcber im Pulverschnee. Vertrauen Sie uns, unser Team verf\u00fcgt \u00fcber eine solide und langj\u00e4hrige Erfahrung im Heliskiing im Hochgebirge. Selbstverst\u00e4ndlich ist ein Bergf\u00fchrer f\u00fcr Heliskiing obligatorisch. Unsere Partner-Reiseleiter begleiten Sie gerne, wenn Sie keinen haben.<\/p>\n<h3>Auf der Website von Swissraft finden Sie eine Vielzahl von Optionen f\u00fcr Heliskiing in der Schweiz.<\/h3>\n<p id=\"textarea\" style=\"display: none;\">\nWir bieten auch Heliskiing im Berner Oberland ab dem Heliport Gstaad-Grund an. Wie auch in Liechtenstein ab Balzers haben wir mehrere Ziele.\n<\/p>\n<p><a id=\"seeMore\" onclick=\"toggleSeeMore()\" href=\"javascript:void(0);\">Lesen Sie mehr<\/a><\/p>\n","protected":false},"featured_media":87742,"comment_status":"open","ping_status":"closed","template":"","meta":{"inline_featured_image":false,"_mi_skip_tracking":false},"product_cat":[289,308],"product_tag":[],"class_list":["post-91719","product","type-product","status-publish","has-post-thumbnail","hentry","product_cat-heliskiing-in-der-schweiz","product_cat-heliski-wallis"],"yoast_head":"<!-- This site is optimized with the Yoast SEO plugin v23.6 - https:\/\/yoast.com\/wordpress\/plugins\/seo\/ -->\n<title>Heliskiing auf dem Petit Combin von einer Basis Ihrer Wahl aus<\/title>\n<meta name=\"description\" content=\"Heliskiing auf dem Petit Combin von einer Basis Ihrer Wahl aus. Sie k\u00f6nnen aus 8 Startpl\u00e4tzen w\u00e4hlen, um den Gipfel des Petit Combin zu erreichen.\" \/>\n<meta name=\"robots\" content=\"index, follow, max-snippet:-1, max-image-preview:large, max-video-preview:-1\" \/>\n<link rel=\"canonical\" href=\"https:\/\/www.swissraft.ch\/de\/produkt\/heliskiing-wallis-der-petit-combin\/\" \/>\n<meta property=\"og:locale\" content=\"de_DE\" \/>\n<meta property=\"og:type\" content=\"article\" \/>\n<meta property=\"og:title\" content=\"Heliskiing auf dem Petit Combin von einer Basis Ihrer Wahl aus\" \/>\n<meta property=\"og:description\" content=\"Heliskiing auf dem Petit Combin von einer Basis Ihrer Wahl aus. Sie k\u00f6nnen aus 8 Startpl\u00e4tzen w\u00e4hlen, um den Gipfel des Petit Combin zu erreichen.\" \/>\n<meta property=\"og:url\" content=\"https:\/\/www.swissraft.ch\/de\/produkt\/heliskiing-wallis-der-petit-combin\/\" \/>\n<meta property=\"og:site_name\" content=\"Swissraft\" \/>\n<meta property=\"article:modified_time\" content=\"2026-02-16T15:55:29+00:00\" \/>\n<meta property=\"og:image\" content=\"https:\/\/www.swissraft.ch\/wp-content\/uploads\/2022\/12\/Le-petit-Combin-776x776-1.jpg\" \/>\n\t<meta property=\"og:image:width\" content=\"776\" \/>\n\t<meta property=\"og:image:height\" content=\"776\" \/>\n\t<meta property=\"og:image:type\" content=\"image\/jpeg\" \/>\n<meta name=\"twitter:card\" content=\"summary_large_image\" \/>\n<meta name=\"twitter:label1\" content=\"Gesch\u00e4tzte Lesezeit\" \/>\n\t<meta name=\"twitter:data1\" content=\"4\u00a0Minuten\" \/>\n<script type=\"application\/ld+json\" class=\"yoast-schema-graph\">{\"@context\":\"https:\/\/schema.org\",\"@graph\":[{\"@type\":\"WebPage\",\"@id\":\"https:\/\/www.swissraft.ch\/de\/produkt\/heliskiing-wallis-der-petit-combin\/\",\"url\":\"https:\/\/www.swissraft.ch\/de\/produkt\/heliskiing-wallis-der-petit-combin\/\",\"name\":\"Heliskiing auf dem Petit Combin von einer Basis Ihrer Wahl aus\",\"isPartOf\":{\"@id\":\"https:\/\/www.swissraft.ch\/de\/#website\"},\"primaryImageOfPage\":{\"@id\":\"https:\/\/www.swissraft.ch\/de\/produkt\/heliskiing-wallis-der-petit-combin\/#primaryimage\"},\"image\":{\"@id\":\"https:\/\/www.swissraft.ch\/de\/produkt\/heliskiing-wallis-der-petit-combin\/#primaryimage\"},\"thumbnailUrl\":\"https:\/\/www.swissraft.ch\/wp-content\/uploads\/2022\/12\/Le-petit-Combin-776x776-1.jpg\",\"datePublished\":\"2022-12-29T17:39:50+00:00\",\"dateModified\":\"2026-02-16T15:55:29+00:00\",\"description\":\"Heliskiing auf dem Petit Combin von einer Basis Ihrer Wahl aus. Sie k\u00f6nnen aus 8 Startpl\u00e4tzen w\u00e4hlen, um den Gipfel des Petit Combin zu erreichen.\",\"breadcrumb\":{\"@id\":\"https:\/\/www.swissraft.ch\/de\/produkt\/heliskiing-wallis-der-petit-combin\/#breadcrumb\"},\"inLanguage\":\"de\",\"potentialAction\":[{\"@type\":\"ReadAction\",\"target\":[\"https:\/\/www.swissraft.ch\/de\/produkt\/heliskiing-wallis-der-petit-combin\/\"]}]},{\"@type\":\"ImageObject\",\"inLanguage\":\"de\",\"@id\":\"https:\/\/www.swissraft.ch\/de\/produkt\/heliskiing-wallis-der-petit-combin\/#primaryimage\",\"url\":\"https:\/\/www.swissraft.ch\/wp-content\/uploads\/2022\/12\/Le-petit-Combin-776x776-1.jpg\",\"contentUrl\":\"https:\/\/www.swissraft.ch\/wp-content\/uploads\/2022\/12\/Le-petit-Combin-776x776-1.jpg\",\"width\":776,\"height\":776,\"caption\":\"Heliskiing im Wallis am Petit Combin\"},{\"@type\":\"BreadcrumbList\",\"@id\":\"https:\/\/www.swissraft.ch\/de\/produkt\/heliskiing-wallis-der-petit-combin\/#breadcrumb\",\"itemListElement\":[{\"@type\":\"ListItem\",\"position\":1,\"name\":\"Accueil\",\"item\":\"https:\/\/www.swissraft.ch\/de\/\"},{\"@type\":\"ListItem\",\"position\":2,\"name\":\"Shop\",\"item\":\"https:\/\/www.swissraft.ch\/de\/shop\/\"},{\"@type\":\"ListItem\",\"position\":3,\"name\":\"Heliskiing im WALLIS &#8211; LE PETIT COMBIN 3648 m &#8211; Ab CHF 240.00\"}]},{\"@type\":\"WebSite\",\"@id\":\"https:\/\/www.swissraft.ch\/de\/#website\",\"url\":\"https:\/\/www.swissraft.ch\/de\/\",\"name\":\"Swissraft\",\"description\":\"To enjoy nature as it is\",\"publisher\":{\"@id\":\"https:\/\/www.swissraft.ch\/de\/#organization\"},\"potentialAction\":[{\"@type\":\"SearchAction\",\"target\":{\"@type\":\"EntryPoint\",\"urlTemplate\":\"https:\/\/www.swissraft.ch\/de\/?s={search_term_string}\"},\"query-input\":{\"@type\":\"PropertyValueSpecification\",\"valueRequired\":true,\"valueName\":\"search_term_string\"}}],\"inLanguage\":\"de\"},{\"@type\":\"Organization\",\"@id\":\"https:\/\/www.swissraft.ch\/de\/#organization\",\"name\":\"Swissraft\",\"url\":\"https:\/\/www.swissraft.ch\/de\/\",\"logo\":{\"@type\":\"ImageObject\",\"inLanguage\":\"de\",\"@id\":\"https:\/\/www.swissraft.ch\/de\/#\/schema\/logo\/image\/\",\"url\":\"https:\/\/www.swissraft.ch\/wp-content\/uploads\/2025\/09\/Capture.jpg\",\"contentUrl\":\"https:\/\/www.swissraft.ch\/wp-content\/uploads\/2025\/09\/Capture.jpg\",\"width\":293,\"height\":108,\"caption\":\"Swissraft\"},\"image\":{\"@id\":\"https:\/\/www.swissraft.ch\/de\/#\/schema\/logo\/image\/\"}}]}<\/script>\n<!-- \/ Yoast SEO plugin. -->","yoast_head_json":{"title":"Heliskiing auf dem Petit Combin von einer Basis Ihrer Wahl aus","description":"Heliskiing auf dem Petit Combin von einer Basis Ihrer Wahl aus. Sie k\u00f6nnen aus 8 Startpl\u00e4tzen w\u00e4hlen, um den Gipfel des Petit Combin zu erreichen.","robots":{"index":"index","follow":"follow","max-snippet":"max-snippet:-1","max-image-preview":"max-image-preview:large","max-video-preview":"max-video-preview:-1"},"canonical":"https:\/\/www.swissraft.ch\/de\/produkt\/heliskiing-wallis-der-petit-combin\/","og_locale":"de_DE","og_type":"article","og_title":"Heliskiing auf dem Petit Combin von einer Basis Ihrer Wahl aus","og_description":"Heliskiing auf dem Petit Combin von einer Basis Ihrer Wahl aus. Sie k\u00f6nnen aus 8 Startpl\u00e4tzen w\u00e4hlen, um den Gipfel des Petit Combin zu erreichen.","og_url":"https:\/\/www.swissraft.ch\/de\/produkt\/heliskiing-wallis-der-petit-combin\/","og_site_name":"Swissraft","article_modified_time":"2026-02-16T15:55:29+00:00","og_image":[{"width":776,"height":776,"url":"https:\/\/www.swissraft.ch\/wp-content\/uploads\/2022\/12\/Le-petit-Combin-776x776-1.jpg","type":"image\/jpeg"}],"twitter_card":"summary_large_image","twitter_misc":{"Gesch\u00e4tzte Lesezeit":"4\u00a0Minuten"},"schema":{"@context":"https:\/\/schema.org","@graph":[{"@type":"WebPage","@id":"https:\/\/www.swissraft.ch\/de\/produkt\/heliskiing-wallis-der-petit-combin\/","url":"https:\/\/www.swissraft.ch\/de\/produkt\/heliskiing-wallis-der-petit-combin\/","name":"Heliskiing auf dem Petit Combin von einer Basis Ihrer Wahl aus","isPartOf":{"@id":"https:\/\/www.swissraft.ch\/de\/#website"},"primaryImageOfPage":{"@id":"https:\/\/www.swissraft.ch\/de\/produkt\/heliskiing-wallis-der-petit-combin\/#primaryimage"},"image":{"@id":"https:\/\/www.swissraft.ch\/de\/produkt\/heliskiing-wallis-der-petit-combin\/#primaryimage"},"thumbnailUrl":"https:\/\/www.swissraft.ch\/wp-content\/uploads\/2022\/12\/Le-petit-Combin-776x776-1.jpg","datePublished":"2022-12-29T17:39:50+00:00","dateModified":"2026-02-16T15:55:29+00:00","description":"Heliskiing auf dem Petit Combin von einer Basis Ihrer Wahl aus. Sie k\u00f6nnen aus 8 Startpl\u00e4tzen w\u00e4hlen, um den Gipfel des Petit Combin zu erreichen.","breadcrumb":{"@id":"https:\/\/www.swissraft.ch\/de\/produkt\/heliskiing-wallis-der-petit-combin\/#breadcrumb"},"inLanguage":"de","potentialAction":[{"@type":"ReadAction","target":["https:\/\/www.swissraft.ch\/de\/produkt\/heliskiing-wallis-der-petit-combin\/"]}]},{"@type":"ImageObject","inLanguage":"de","@id":"https:\/\/www.swissraft.ch\/de\/produkt\/heliskiing-wallis-der-petit-combin\/#primaryimage","url":"https:\/\/www.swissraft.ch\/wp-content\/uploads\/2022\/12\/Le-petit-Combin-776x776-1.jpg","contentUrl":"https:\/\/www.swissraft.ch\/wp-content\/uploads\/2022\/12\/Le-petit-Combin-776x776-1.jpg","width":776,"height":776,"caption":"Heliskiing im Wallis am Petit Combin"},{"@type":"BreadcrumbList","@id":"https:\/\/www.swissraft.ch\/de\/produkt\/heliskiing-wallis-der-petit-combin\/#breadcrumb","itemListElement":[{"@type":"ListItem","position":1,"name":"Accueil","item":"https:\/\/www.swissraft.ch\/de\/"},{"@type":"ListItem","position":2,"name":"Shop","item":"https:\/\/www.swissraft.ch\/de\/shop\/"},{"@type":"ListItem","position":3,"name":"Heliskiing im WALLIS &#8211; LE PETIT COMBIN 3648 m &#8211; Ab CHF 240.00"}]},{"@type":"WebSite","@id":"https:\/\/www.swissraft.ch\/de\/#website","url":"https:\/\/www.swissraft.ch\/de\/","name":"Swissraft","description":"To enjoy nature as it is","publisher":{"@id":"https:\/\/www.swissraft.ch\/de\/#organization"},"potentialAction":[{"@type":"SearchAction","target":{"@type":"EntryPoint","urlTemplate":"https:\/\/www.swissraft.ch\/de\/?s={search_term_string}"},"query-input":{"@type":"PropertyValueSpecification","valueRequired":true,"valueName":"search_term_string"}}],"inLanguage":"de"},{"@type":"Organization","@id":"https:\/\/www.swissraft.ch\/de\/#organization","name":"Swissraft","url":"https:\/\/www.swissraft.ch\/de\/","logo":{"@type":"ImageObject","inLanguage":"de","@id":"https:\/\/www.swissraft.ch\/de\/#\/schema\/logo\/image\/","url":"https:\/\/www.swissraft.ch\/wp-content\/uploads\/2025\/09\/Capture.jpg","contentUrl":"https:\/\/www.swissraft.ch\/wp-content\/uploads\/2025\/09\/Capture.jpg","width":293,"height":108,"caption":"Swissraft"},"image":{"@id":"https:\/\/www.swissraft.ch\/de\/#\/schema\/logo\/image\/"}}]}},"_links":{"self":[{"href":"https:\/\/www.swissraft.ch\/de\/wp-json\/wp\/v2\/product\/91719","targetHints":{"allow":["GET"]}}],"collection":[{"href":"https:\/\/www.swissraft.ch\/de\/wp-json\/wp\/v2\/product"}],"about":[{"href":"https:\/\/www.swissraft.ch\/de\/wp-json\/wp\/v2\/types\/product"}],"replies":[{"embeddable":true,"href":"https:\/\/www.swissraft.ch\/de\/wp-json\/wp\/v2\/comments?post=91719"}],"version-history":[{"count":15,"href":"https:\/\/www.swissraft.ch\/de\/wp-json\/wp\/v2\/product\/91719\/revisions"}],"predecessor-version":[{"id":130036,"href":"https:\/\/www.swissraft.ch\/de\/wp-json\/wp\/v2\/product\/91719\/revisions\/130036"}],"wp:featuredmedia":[{"embeddable":true,"href":"https:\/\/www.swissraft.ch\/de\/wp-json\/wp\/v2\/media\/87742"}],"wp:attachment":[{"href":"https:\/\/www.swissraft.ch\/de\/wp-json\/wp\/v2\/media?parent=91719"}],"wp:term":[{"taxonomy":"product_cat","embeddable":true,"href":"https:\/\/www.swissraft.ch\/de\/wp-json\/wp\/v2\/product_cat?post=91719"},{"taxonomy":"product_tag","embeddable":true,"href":"https:\/\/www.swissraft.ch\/de\/wp-json\/wp\/v2\/product_tag?post=91719"}],"curies":[{"name":"wp","href":"https:\/\/api.w.org\/{rel}","templated":true}]}}