{"id":91715,"date":"2022-12-29T18:11:24","date_gmt":"2022-12-29T17:11:24","guid":{"rendered":"https:\/\/swissraft.xyanzkdne.eu\/product\/heliskiing-vom-heliport-in-balzers-corviglia-fuorcla-grischa-2923m-chf-1575-00\/"},"modified":"2024-12-15T05:00:27","modified_gmt":"2024-12-15T04:00:27","slug":"heliskiing-balzers-corviglia-fuorcla-grischa","status":"publish","type":"product","link":"https:\/\/www.swissraft.ch\/de\/produkt\/heliskiing-balzers-corviglia-fuorcla-grischa\/","title":{"rendered":"Heliskiing ab Heliport in BALZERS &#8211; CORVIGLIA, FUORCLA GRISCHA 2&#8217;923m &#8211; CHF 1&#8217;575.00"},"content":{"rendered":"\t\t<div data-elementor-type=\"wp-post\" data-elementor-id=\"91715\" class=\"elementor elementor-91715 elementor-30238\">\n\t\t\t\t\t\t\t\t\t<section class=\"elementor-section elementor-top-section elementor-element elementor-element-3303a7e3 elementor-section-boxed elementor-section-height-default elementor-section-height-default\" data-id=\"3303a7e3\" data-element_type=\"section\">\n\t\t\t\t\t\t<div class=\"elementor-container elementor-column-gap-default\">\n\t\t\t\t\t<div class=\"elementor-column elementor-col-100 elementor-top-column elementor-element elementor-element-16d72dbf\" data-id=\"16d72dbf\" data-element_type=\"column\">\n\t\t\t<div class=\"elementor-widget-wrap elementor-element-populated\">\n\t\t\t\t\t\t\t\t<div class=\"elementor-element elementor-element-d743c03 elementor-widget elementor-widget-text-editor\" data-id=\"d743c03\" data-element_type=\"widget\" data-widget_type=\"text-editor.default\">\n\t\t\t\t<div class=\"elementor-widget-container\">\n\t\t\t\t\t\t\t<h2>W\u00c4HLEN SIE UNTEN IHRE AKTIVIT\u00c4T AUS, UM GESCHENKGUTSCHEINE \/ TICKETS ZU VERSCHENKEN ODER ZU BUCHEN.<\/h2><table border=\"0\" width=\"580\" cellspacing=\"10\" cellpadding=\"10\"><tbody><tr><td width=\"50%\"><strong>CORVIGLIA, FUORCLA GRISCHA &#8211; HELISKI &#8211; Einfache Fahrt (1-4 Pers.)<\/strong><\/td><td><strong>CHF 1.575.00 pro Privatflug<span class=\"productPrice\"><br \/><\/span><\/strong><\/td><\/tr><tr><td>Weitere Informationen<\/td><td><span class=\"patt\">&#8211; R\u00fcckfahrt nach Balzers auf eigene Faust<br \/><\/span><span class=\"patt\">&#8211; Maximal 4 Pers.<\/span><\/td><\/tr><tr><td>Heliport<\/td><td><a href=\"https:\/\/www.google.com\/maps\/place\/47%C2%B004'05.9%22N+9%C2%B028'54.3%22E\/@47.0684676,9.4773295,769m\/data=!3m1!1e3!4m4!3m3!8m2!3d47.0683056!4d9.48175?entry=ttu\" target=\"_blank\" rel=\"noopener\">Balzers<\/a><\/td><\/tr><tr><td>Flugzeit<\/td><td>ca. 20 Min.<\/td><\/tr><tr><td>Gesamtdauer<\/td><td>frei<\/td><\/tr><tr><td>Terminvereinbarung<\/td><td>Per Telefon<\/td><\/tr><tr><td><button class=\"elementor-button\" type=\"button\"><a href=\"https:\/\/swissraft.outdoorbooking.ch\/fo\/products\/917?base_id=184&amp;category_id=36&amp;order_type=gift_voucher&amp;lang=de\" target=\"_blank\" rel=\"noopener\">GUTSCHEIN KAUFEN<\/a><\/button><\/td><td>Um zu buchen : <span class=\"patt\" style=\"font-family: inherit; font-size: inherit;\"><span class=\"plbl\"><span class=\"patt\"><a href=\"https:\/\/www.swissraft.ch\/de\/kontakt\/\">Kontaktieren Sie uns<\/a><\/span><\/span><\/span><\/td><\/tr><\/tbody><\/table>\t\t\t\t\t\t<\/div>\n\t\t\t\t<\/div>\n\t\t\t\t\t<\/div>\n\t\t<\/div>\n\t\t\t\t\t\t\t<\/div>\n\t\t<\/section>\n\t\t\t\t\t\t\t<\/div>\n\t\t","protected":false},"excerpt":{"rendered":"<div align=\"justify\">\n<h2 align=\"justify\">Mit einer H\u00f6he von 2923 m ist der Corviglia, Fuorca Grischa der ideale Gipfel f\u00fcr Heliskiing.<\/h2>\n<h3>Vermeiden Sie Warteschlangen und andere Einschr\u00e4nkungen, indem Sie sich an Bord eines unserer Hubschrauber begeben. Sie fliegen direkt zum Gipfel Ihrer Wahl. In weniger als 30 Minuten k\u00f6nnen Sie die Skier anschnallen und einen Tag in v\u00f6lliger Freiheit verbringen.<\/h3>\n<\/div>\n<p>Sie starten vom Heliport Balzers und fliegen eine Viertelstunde lang mit dem Helikopter \u00fcber die B\u00fcndner Alpen. Danach erreichen Sie die Fuorcla Grischa im Oberengadin. Sie k\u00f6nnen Ihre Ski- und Stockausr\u00fcstung in 3 Minuten ausladen. Sie schnallen sich die Skier an und fahren die Pisten in S\u00fcdlage mit einer strahlenden Sonne bis nach Samedan und St. Moritz. F\u00fcr die Wagemutigen bietet das Corvatsch-Gebiet mehr als 120 km markierte Pisten.<\/p>\n<h3>Auf der Swissraft-Webseite stellen wir Ihnen mehrere Gipfel mit hochgelegenen Hubschrauberlandepl\u00e4tzen vor, auf denen wir mit unseren Hubschraubern landen k\u00f6nnen.<\/h3>\n<p id=\"textarea\" style=\"display: none;\">\n\u00dcbrigens bieten wir im Berner Oberland vom Heliport Gstaad-Grund aus Heliskiing mit mehreren Zielen an. Wir bieten auch Heliskiing vom Flughafen Sion im Wallis aus an.\n<\/p>\n<p><a id=\"seeMore\" onclick=\"toggleSeeMore()\" href=\"javascript:void(0);\">Lesen Sie mehr<\/a><\/p>\n","protected":false},"featured_media":87724,"comment_status":"open","ping_status":"closed","template":"","meta":{"inline_featured_image":false,"_mi_skip_tracking":false},"product_cat":[289,357],"product_tag":[],"class_list":["post-91715","product","type-product","status-publish","has-post-thumbnail","hentry","product_cat-heliskiing-in-der-schweiz","product_cat-heliskiing-balzers-in-der-schweiz"],"yoast_head":"<!-- This site is optimized with the Yoast SEO plugin v23.6 - https:\/\/yoast.com\/wordpress\/plugins\/seo\/ -->\n<title>Corviglia Fuorcla Grischa Heliskiing f\u00fcr einen Tag Skifahren<\/title>\n<meta name=\"description\" content=\"Corviglia Fuorcla Grischa Heliskiing von Balzers f\u00fcr einen Tag Skifahren und Freiheit. Keine Warteschlangen mehr f\u00fcr die Seilbahn.\" \/>\n<meta name=\"robots\" content=\"index, follow, max-snippet:-1, max-image-preview:large, max-video-preview:-1\" \/>\n<link rel=\"canonical\" href=\"https:\/\/www.swissraft.ch\/de\/produkt\/heliskiing-balzers-corviglia-fuorcla-grischa\/\" \/>\n<meta property=\"og:locale\" content=\"de_DE\" \/>\n<meta property=\"og:type\" content=\"article\" \/>\n<meta property=\"og:title\" content=\"Corviglia Fuorcla Grischa Heliskiing f\u00fcr einen Tag Skifahren\" \/>\n<meta property=\"og:description\" content=\"Corviglia Fuorcla Grischa Heliskiing von Balzers f\u00fcr einen Tag Skifahren und Freiheit. Keine Warteschlangen mehr f\u00fcr die Seilbahn.\" \/>\n<meta property=\"og:url\" content=\"https:\/\/www.swissraft.ch\/de\/produkt\/heliskiing-balzers-corviglia-fuorcla-grischa\/\" \/>\n<meta property=\"og:site_name\" content=\"Swissraft\" \/>\n<meta property=\"article:modified_time\" content=\"2024-12-15T04:00:27+00:00\" \/>\n<meta property=\"og:image\" content=\"https:\/\/www.swissraft.ch\/wp-content\/uploads\/2022\/12\/3-1-Corviglia-Fuorcla-Grischa-2923m-Balzers-776x776-1.jpg\" \/>\n\t<meta property=\"og:image:width\" content=\"776\" \/>\n\t<meta property=\"og:image:height\" content=\"776\" \/>\n\t<meta property=\"og:image:type\" content=\"image\/jpeg\" \/>\n<meta name=\"twitter:card\" content=\"summary_large_image\" \/>\n<meta name=\"twitter:label1\" content=\"Gesch\u00e4tzte Lesezeit\" \/>\n\t<meta name=\"twitter:data1\" content=\"1\u00a0Minute\" \/>\n<script type=\"application\/ld+json\" class=\"yoast-schema-graph\">{\"@context\":\"https:\/\/schema.org\",\"@graph\":[{\"@type\":\"WebPage\",\"@id\":\"https:\/\/www.swissraft.ch\/de\/produkt\/heliskiing-balzers-corviglia-fuorcla-grischa\/\",\"url\":\"https:\/\/www.swissraft.ch\/de\/produkt\/heliskiing-balzers-corviglia-fuorcla-grischa\/\",\"name\":\"Corviglia Fuorcla Grischa Heliskiing f\u00fcr einen Tag Skifahren\",\"isPartOf\":{\"@id\":\"https:\/\/www.swissraft.ch\/de\/#website\"},\"primaryImageOfPage\":{\"@id\":\"https:\/\/www.swissraft.ch\/de\/produkt\/heliskiing-balzers-corviglia-fuorcla-grischa\/#primaryimage\"},\"image\":{\"@id\":\"https:\/\/www.swissraft.ch\/de\/produkt\/heliskiing-balzers-corviglia-fuorcla-grischa\/#primaryimage\"},\"thumbnailUrl\":\"https:\/\/www.swissraft.ch\/wp-content\/uploads\/2022\/12\/3-1-Corviglia-Fuorcla-Grischa-2923m-Balzers-776x776-1.jpg\",\"datePublished\":\"2022-12-29T17:11:24+00:00\",\"dateModified\":\"2024-12-15T04:00:27+00:00\",\"description\":\"Corviglia Fuorcla Grischa Heliskiing von Balzers f\u00fcr einen Tag Skifahren und Freiheit. Keine Warteschlangen mehr f\u00fcr die Seilbahn.\",\"breadcrumb\":{\"@id\":\"https:\/\/www.swissraft.ch\/de\/produkt\/heliskiing-balzers-corviglia-fuorcla-grischa\/#breadcrumb\"},\"inLanguage\":\"de\",\"potentialAction\":[{\"@type\":\"ReadAction\",\"target\":[\"https:\/\/www.swissraft.ch\/de\/produkt\/heliskiing-balzers-corviglia-fuorcla-grischa\/\"]}]},{\"@type\":\"ImageObject\",\"inLanguage\":\"de\",\"@id\":\"https:\/\/www.swissraft.ch\/de\/produkt\/heliskiing-balzers-corviglia-fuorcla-grischa\/#primaryimage\",\"url\":\"https:\/\/www.swissraft.ch\/wp-content\/uploads\/2022\/12\/3-1-Corviglia-Fuorcla-Grischa-2923m-Balzers-776x776-1.jpg\",\"contentUrl\":\"https:\/\/www.swissraft.ch\/wp-content\/uploads\/2022\/12\/3-1-Corviglia-Fuorcla-Grischa-2923m-Balzers-776x776-1.jpg\",\"width\":776,\"height\":776,\"caption\":\"Heliskiing von Balzers nach Corvaglia, Fuorcla Grischa\"},{\"@type\":\"BreadcrumbList\",\"@id\":\"https:\/\/www.swissraft.ch\/de\/produkt\/heliskiing-balzers-corviglia-fuorcla-grischa\/#breadcrumb\",\"itemListElement\":[{\"@type\":\"ListItem\",\"position\":1,\"name\":\"Accueil\",\"item\":\"https:\/\/www.swissraft.ch\/de\/\"},{\"@type\":\"ListItem\",\"position\":2,\"name\":\"Shop\",\"item\":\"https:\/\/www.swissraft.ch\/de\/shop\/\"},{\"@type\":\"ListItem\",\"position\":3,\"name\":\"Heliskiing ab Heliport in BALZERS &#8211; CORVIGLIA, FUORCLA GRISCHA 2&rsquo;923m &#8211; CHF 1&rsquo;575.00\"}]},{\"@type\":\"WebSite\",\"@id\":\"https:\/\/www.swissraft.ch\/de\/#website\",\"url\":\"https:\/\/www.swissraft.ch\/de\/\",\"name\":\"Swissraft\",\"description\":\"To enjoy nature as it is\",\"publisher\":{\"@id\":\"https:\/\/www.swissraft.ch\/de\/#organization\"},\"potentialAction\":[{\"@type\":\"SearchAction\",\"target\":{\"@type\":\"EntryPoint\",\"urlTemplate\":\"https:\/\/www.swissraft.ch\/de\/?s={search_term_string}\"},\"query-input\":{\"@type\":\"PropertyValueSpecification\",\"valueRequired\":true,\"valueName\":\"search_term_string\"}}],\"inLanguage\":\"de\"},{\"@type\":\"Organization\",\"@id\":\"https:\/\/www.swissraft.ch\/de\/#organization\",\"name\":\"Swissraft\",\"url\":\"https:\/\/www.swissraft.ch\/de\/\",\"logo\":{\"@type\":\"ImageObject\",\"inLanguage\":\"de\",\"@id\":\"https:\/\/www.swissraft.ch\/de\/#\/schema\/logo\/image\/\",\"url\":\"https:\/\/www.swissraft.ch\/wp-content\/uploads\/2025\/09\/Capture.jpg\",\"contentUrl\":\"https:\/\/www.swissraft.ch\/wp-content\/uploads\/2025\/09\/Capture.jpg\",\"width\":293,\"height\":108,\"caption\":\"Swissraft\"},\"image\":{\"@id\":\"https:\/\/www.swissraft.ch\/de\/#\/schema\/logo\/image\/\"}}]}<\/script>\n<!-- \/ Yoast SEO plugin. -->","yoast_head_json":{"title":"Corviglia Fuorcla Grischa Heliskiing f\u00fcr einen Tag Skifahren","description":"Corviglia Fuorcla Grischa Heliskiing von Balzers f\u00fcr einen Tag Skifahren und Freiheit. Keine Warteschlangen mehr f\u00fcr die Seilbahn.","robots":{"index":"index","follow":"follow","max-snippet":"max-snippet:-1","max-image-preview":"max-image-preview:large","max-video-preview":"max-video-preview:-1"},"canonical":"https:\/\/www.swissraft.ch\/de\/produkt\/heliskiing-balzers-corviglia-fuorcla-grischa\/","og_locale":"de_DE","og_type":"article","og_title":"Corviglia Fuorcla Grischa Heliskiing f\u00fcr einen Tag Skifahren","og_description":"Corviglia Fuorcla Grischa Heliskiing von Balzers f\u00fcr einen Tag Skifahren und Freiheit. Keine Warteschlangen mehr f\u00fcr die Seilbahn.","og_url":"https:\/\/www.swissraft.ch\/de\/produkt\/heliskiing-balzers-corviglia-fuorcla-grischa\/","og_site_name":"Swissraft","article_modified_time":"2024-12-15T04:00:27+00:00","og_image":[{"width":776,"height":776,"url":"https:\/\/www.swissraft.ch\/wp-content\/uploads\/2022\/12\/3-1-Corviglia-Fuorcla-Grischa-2923m-Balzers-776x776-1.jpg","type":"image\/jpeg"}],"twitter_card":"summary_large_image","twitter_misc":{"Gesch\u00e4tzte Lesezeit":"1\u00a0Minute"},"schema":{"@context":"https:\/\/schema.org","@graph":[{"@type":"WebPage","@id":"https:\/\/www.swissraft.ch\/de\/produkt\/heliskiing-balzers-corviglia-fuorcla-grischa\/","url":"https:\/\/www.swissraft.ch\/de\/produkt\/heliskiing-balzers-corviglia-fuorcla-grischa\/","name":"Corviglia Fuorcla Grischa Heliskiing f\u00fcr einen Tag Skifahren","isPartOf":{"@id":"https:\/\/www.swissraft.ch\/de\/#website"},"primaryImageOfPage":{"@id":"https:\/\/www.swissraft.ch\/de\/produkt\/heliskiing-balzers-corviglia-fuorcla-grischa\/#primaryimage"},"image":{"@id":"https:\/\/www.swissraft.ch\/de\/produkt\/heliskiing-balzers-corviglia-fuorcla-grischa\/#primaryimage"},"thumbnailUrl":"https:\/\/www.swissraft.ch\/wp-content\/uploads\/2022\/12\/3-1-Corviglia-Fuorcla-Grischa-2923m-Balzers-776x776-1.jpg","datePublished":"2022-12-29T17:11:24+00:00","dateModified":"2024-12-15T04:00:27+00:00","description":"Corviglia Fuorcla Grischa Heliskiing von Balzers f\u00fcr einen Tag Skifahren und Freiheit. Keine Warteschlangen mehr f\u00fcr die Seilbahn.","breadcrumb":{"@id":"https:\/\/www.swissraft.ch\/de\/produkt\/heliskiing-balzers-corviglia-fuorcla-grischa\/#breadcrumb"},"inLanguage":"de","potentialAction":[{"@type":"ReadAction","target":["https:\/\/www.swissraft.ch\/de\/produkt\/heliskiing-balzers-corviglia-fuorcla-grischa\/"]}]},{"@type":"ImageObject","inLanguage":"de","@id":"https:\/\/www.swissraft.ch\/de\/produkt\/heliskiing-balzers-corviglia-fuorcla-grischa\/#primaryimage","url":"https:\/\/www.swissraft.ch\/wp-content\/uploads\/2022\/12\/3-1-Corviglia-Fuorcla-Grischa-2923m-Balzers-776x776-1.jpg","contentUrl":"https:\/\/www.swissraft.ch\/wp-content\/uploads\/2022\/12\/3-1-Corviglia-Fuorcla-Grischa-2923m-Balzers-776x776-1.jpg","width":776,"height":776,"caption":"Heliskiing von Balzers nach Corvaglia, Fuorcla Grischa"},{"@type":"BreadcrumbList","@id":"https:\/\/www.swissraft.ch\/de\/produkt\/heliskiing-balzers-corviglia-fuorcla-grischa\/#breadcrumb","itemListElement":[{"@type":"ListItem","position":1,"name":"Accueil","item":"https:\/\/www.swissraft.ch\/de\/"},{"@type":"ListItem","position":2,"name":"Shop","item":"https:\/\/www.swissraft.ch\/de\/shop\/"},{"@type":"ListItem","position":3,"name":"Heliskiing ab Heliport in BALZERS &#8211; CORVIGLIA, FUORCLA GRISCHA 2&rsquo;923m &#8211; CHF 1&rsquo;575.00"}]},{"@type":"WebSite","@id":"https:\/\/www.swissraft.ch\/de\/#website","url":"https:\/\/www.swissraft.ch\/de\/","name":"Swissraft","description":"To enjoy nature as it is","publisher":{"@id":"https:\/\/www.swissraft.ch\/de\/#organization"},"potentialAction":[{"@type":"SearchAction","target":{"@type":"EntryPoint","urlTemplate":"https:\/\/www.swissraft.ch\/de\/?s={search_term_string}"},"query-input":{"@type":"PropertyValueSpecification","valueRequired":true,"valueName":"search_term_string"}}],"inLanguage":"de"},{"@type":"Organization","@id":"https:\/\/www.swissraft.ch\/de\/#organization","name":"Swissraft","url":"https:\/\/www.swissraft.ch\/de\/","logo":{"@type":"ImageObject","inLanguage":"de","@id":"https:\/\/www.swissraft.ch\/de\/#\/schema\/logo\/image\/","url":"https:\/\/www.swissraft.ch\/wp-content\/uploads\/2025\/09\/Capture.jpg","contentUrl":"https:\/\/www.swissraft.ch\/wp-content\/uploads\/2025\/09\/Capture.jpg","width":293,"height":108,"caption":"Swissraft"},"image":{"@id":"https:\/\/www.swissraft.ch\/de\/#\/schema\/logo\/image\/"}}]}},"_links":{"self":[{"href":"https:\/\/www.swissraft.ch\/de\/wp-json\/wp\/v2\/product\/91715","targetHints":{"allow":["GET"]}}],"collection":[{"href":"https:\/\/www.swissraft.ch\/de\/wp-json\/wp\/v2\/product"}],"about":[{"href":"https:\/\/www.swissraft.ch\/de\/wp-json\/wp\/v2\/types\/product"}],"replies":[{"embeddable":true,"href":"https:\/\/www.swissraft.ch\/de\/wp-json\/wp\/v2\/comments?post=91715"}],"version-history":[{"count":0,"href":"https:\/\/www.swissraft.ch\/de\/wp-json\/wp\/v2\/product\/91715\/revisions"}],"wp:featuredmedia":[{"embeddable":true,"href":"https:\/\/www.swissraft.ch\/de\/wp-json\/wp\/v2\/media\/87724"}],"wp:attachment":[{"href":"https:\/\/www.swissraft.ch\/de\/wp-json\/wp\/v2\/media?parent=91715"}],"wp:term":[{"taxonomy":"product_cat","embeddable":true,"href":"https:\/\/www.swissraft.ch\/de\/wp-json\/wp\/v2\/product_cat?post=91715"},{"taxonomy":"product_tag","embeddable":true,"href":"https:\/\/www.swissraft.ch\/de\/wp-json\/wp\/v2\/product_tag?post=91715"}],"curies":[{"name":"wp","href":"https:\/\/api.w.org\/{rel}","templated":true}]}}