{"id":91710,"date":"2023-01-17T11:57:18","date_gmt":"2023-01-17T10:57:18","guid":{"rendered":"https:\/\/swissraft.xyanzkdne.eu\/product\/flug-mit-dem-flugzeug-ab-schaenis-a-la-carte-ab-chf-320-00\/"},"modified":"2026-04-28T05:47:33","modified_gmt":"2026-04-28T03:47:33","slug":"flug-flugzeug-schaenis-rundflug-a-la-carte","status":"publish","type":"product","link":"https:\/\/www.swissraft.ch\/de\/produkt\/flug-flugzeug-schaenis-rundflug-a-la-carte\/","title":{"rendered":"Flug mit dem Flugzeug &#8211; Sch\u00e4nis &#8211; A la carte &#8211; Ab CHF 320.00"},"content":{"rendered":"\t\t<div data-elementor-type=\"wp-post\" data-elementor-id=\"91710\" class=\"elementor elementor-91710 elementor-30438\">\n\t\t\t\t\t\t\t\t\t<section class=\"elementor-section elementor-top-section elementor-element elementor-element-3303a7e3 elementor-section-boxed elementor-section-height-default elementor-section-height-default\" data-id=\"3303a7e3\" data-element_type=\"section\">\n\t\t\t\t\t\t<div class=\"elementor-container elementor-column-gap-default\">\n\t\t\t\t\t<div class=\"elementor-column elementor-col-100 elementor-top-column elementor-element elementor-element-16d72dbf\" data-id=\"16d72dbf\" data-element_type=\"column\">\n\t\t\t<div class=\"elementor-widget-wrap elementor-element-populated\">\n\t\t\t\t\t\t\t\t<div class=\"elementor-element elementor-element-d743c03 elementor-widget elementor-widget-text-editor\" data-id=\"d743c03\" data-element_type=\"widget\" data-widget_type=\"text-editor.default\">\n\t\t\t\t<div class=\"elementor-widget-container\">\n\t\t\t\t\t\t\t<h2>W\u00c4HLEN SIE UNTEN IHRE AKTIVIT\u00c4T AUS, UM GESCHENKGUTSCHEINE \/ TICKETS ZU VERSCHENKEN ODER ZU BUCHEN<\/h2><table border=\"0\" width=\"580\" cellspacing=\"10\" cellpadding=\"10\"><tbody><tr><td width=\"50%\"><strong>RUNDFLUG &#8211; FLUG \u00c0 LA CARTE &#8211; PRIVATFLUG (1 Pers.) &#8211; ab 60 Min.<\/strong><\/td><td><strong>Ab CHF 320.00 pro Privatflug <span class=\"productPrice\"><br \/><\/span><\/strong><\/td><\/tr><tr><td>Zus\u00e4tzliche Informationen<\/td><td><span class=\"patt\">&#8211; Das Flugzeug steht Ihnen ausschlie\u00dflich f\u00fcr Ihre Zwecke zur Verf\u00fcgung<br \/>&#8211; Sie bestimmen das Datum und die Uhrzeit des Abflugs.<br \/><\/span><span class=\"patt\">&#8211; Maximum 1 Pers.<\/span><\/td><\/tr><tr><td>Flugplatz<\/td><td><a href=\"https:\/\/www.google.com\/maps\/place\/47%C2%B010'17.6%22N+9%C2%B002'28.0%22E\/@47.172222,9.0233044,3069m\/data=!3m1!1e3!4m4!3m3!8m2!3d47.1715556!4d9.0411111?entry=ttu\" target=\"_blank\" rel=\"noopener\">Sch\u00e4nis<\/a><\/td><\/tr><tr><td>Flugzeit<\/td><td>60 \/ 90 \/ 120 Min.<\/td><\/tr><tr><td>Gesamtdauer<\/td><td>ca. 1,5 bis 2,5 Std. abh\u00e4ngig von der Anzahl der Minuten<\/td><\/tr><tr><td>Termin<\/td><td>Per Telefon<\/td><\/tr><tr><td><button class=\"elementor-button\" type=\"button\"><a href=\"https:\/\/swissraft.outdoorbooking.ch\/fo\/products\/1892?base_id=28&amp;category_id=22&amp;order_type=gift_voucher&amp;lang=de\" target=\"_blank\" rel=\"noopener\">GUTSCHEIN \/ TICKET KAUFEN<\/a><\/button><\/td><td><strong>CHF 320.00 &#8211; 60 Min. Flugzeit <\/strong><\/td><\/tr><tr><td><button class=\"elementor-button\" type=\"button\"><a href=\"https:\/\/swissraft.outdoorbooking.ch\/fo\/products\/2003?base_id=28&amp;category_id=22&amp;order_type=gift_voucher&amp;lang=de\" target=\"_blank\" rel=\"noopener\">GUTSCHEIN \/ TICKET KAUFEN<\/a><\/button><\/td><td><strong>CHF 480.00 &#8211; 90 Min. Flugzeit <\/strong><\/td><\/tr><tr><td><button class=\"elementor-button\" type=\"button\"><a href=\"https:\/\/swissraft.outdoorbooking.ch\/fo\/products\/2005?base_id=28&amp;category_id=22&amp;order_type=gift_voucher&amp;lang=de\" target=\"_blank\" rel=\"noopener\">GUTSCHEIN \/ TICKET KAUFEN<\/a><\/button><\/td><td><strong>CHF 640.00 &#8211; 120 Min. Flugzeit <\/strong><\/td><\/tr><tr><td>\u00a0<\/td><td><strong><em>WICHTIG !<\/em><\/strong><br \/><em>Um zu reservieren, rufen Sie die Nummer an, die sich oben links auf dem Gutschein \/ Ticket befindet.<\/em><\/td><\/tr><\/tbody><\/table>\t\t\t\t\t\t<\/div>\n\t\t\t\t<\/div>\n\t\t\t\t\t<\/div>\n\t\t<\/div>\n\t\t\t\t\t\t\t<\/div>\n\t\t<\/section>\n\t\t\t\t\t\t\t<\/div>\n\t\t","protected":false},"excerpt":{"rendered":"<div align=\"justify\">\n<h2 align=\"justify\">A la carte Flug ab Sch\u00e4nis im Kanton St. Gallen<\/h2>\n<h3>Von Sch\u00e4nis aus starten Sie zu einem 60- bis 120-min\u00fctigen Privatflug; Sie entscheiden, welche Route Sie fliegen m\u00f6chten.<\/h3>\n<\/div>\n<div align=\"justify\">\n<p>Flug mit einem Sportflugzeug \u00e0 la carte ab dem Flugplatz Sch\u00e4nis. Sie fliegen einen beliebigen Flug mit einer Mindestdauer von 60 Minuten und einer H\u00f6chstdauer von 2 Stunden. Wenn Sie z.B. \u00fcber den Bodensee oder \u00fcber die Stadt St. Petersburg fliegen m\u00f6chten, k\u00f6nnen Sie sich f\u00fcr einen Rundflug entscheiden. Gall? Sie besprechen dies mit Ihrem Piloten, der Ihnen einen guten Rat geben wird.<\/p>\n<h3>Stellen Sie mit Ihrem Privatpiloten einen Flugplan auf, der Ihrem Budget und Ihren Vorschl\u00e4gen entspricht.<\/h3>\n<p id=\"textarea\" style=\"display: none;\">\nEbenso bieten wir Fl\u00fcge mit dem Touristenflugzeug vom internationalen Flughafen Bern-Belp an. Aber auch Sportfl\u00fcge ab dem Flugplatz Biel in der Drei-Seen-Region. Dar\u00fcber hinaus bieten wir Fl\u00fcge mit Sportflugzeugen ab dem Flugplatz Buttwil im Kanton Aargau an. Aber wir bieten auch Sportfl\u00fcge vom Flugplatz Grenchen im Kanton Solothurn aus an. Au\u00dferdem starten wir im Kanton Freiburg vom Flugplatz \u00c9pagny en Gruy\u00e8re aus.\n<\/p>\n<p><a id=\"seeMore\" onclick=\"toggleSeeMore()\" href=\"javascript:void(0);\">Lesen Sie mehr<\/a><\/p>\n","protected":false},"featured_media":88489,"comment_status":"open","ping_status":"closed","template":"","meta":{"inline_featured_image":false,"_mi_skip_tracking":false},"product_cat":[293,310],"product_tag":[],"class_list":["post-91710","product","type-product","status-publish","has-post-thumbnail","hentry","product_cat-flug-in-der-schweiz","product_cat-flug-flugzeug-rundflug-schaenis"],"yoast_head":"<!-- This site is optimized with the Yoast SEO plugin v23.6 - https:\/\/yoast.com\/wordpress\/plugins\/seo\/ -->\n<title>Rundflug \u00e0 la carte Schaenis, Privatflug von 60 bis 120 Minuten<\/title>\n<meta name=\"description\" content=\"Rundflug \u00e0 la carte Schaenis, Privatflug f\u00fcr einen Flug von 60 bis 120 Minuten. Erstellen Sie Ihren Flugplan mit Ihrem Piloten, der Sie gerne ber\u00e4t\" \/>\n<meta name=\"robots\" content=\"index, follow, max-snippet:-1, max-image-preview:large, max-video-preview:-1\" \/>\n<link rel=\"canonical\" href=\"https:\/\/www.swissraft.ch\/de\/produkt\/flug-flugzeug-schaenis-rundflug-a-la-carte\/\" \/>\n<meta property=\"og:locale\" content=\"de_DE\" \/>\n<meta property=\"og:type\" content=\"article\" \/>\n<meta property=\"og:title\" content=\"Rundflug \u00e0 la carte Schaenis, Privatflug von 60 bis 120 Minuten\" \/>\n<meta property=\"og:description\" content=\"Rundflug \u00e0 la carte Schaenis, Privatflug f\u00fcr einen Flug von 60 bis 120 Minuten. Erstellen Sie Ihren Flugplan mit Ihrem Piloten, der Sie gerne ber\u00e4t\" \/>\n<meta property=\"og:url\" content=\"https:\/\/www.swissraft.ch\/de\/produkt\/flug-flugzeug-schaenis-rundflug-a-la-carte\/\" \/>\n<meta property=\"og:site_name\" content=\"Swissraft\" \/>\n<meta property=\"article:modified_time\" content=\"2026-04-28T03:47:33+00:00\" \/>\n<meta property=\"og:image\" content=\"https:\/\/www.swissraft.ch\/wp-content\/uploads\/2023\/01\/1-SCHANIS-Runfluge-a-la-carte-ab-30-Minuten-776x776-1.jpg\" \/>\n\t<meta property=\"og:image:width\" content=\"776\" \/>\n\t<meta property=\"og:image:height\" content=\"776\" \/>\n\t<meta property=\"og:image:type\" content=\"image\/jpeg\" \/>\n<meta name=\"twitter:card\" content=\"summary_large_image\" \/>\n<meta name=\"twitter:label1\" content=\"Gesch\u00e4tzte Lesezeit\" \/>\n\t<meta name=\"twitter:data1\" content=\"1\u00a0Minute\" \/>\n<script type=\"application\/ld+json\" class=\"yoast-schema-graph\">{\"@context\":\"https:\/\/schema.org\",\"@graph\":[{\"@type\":\"WebPage\",\"@id\":\"https:\/\/www.swissraft.ch\/de\/produkt\/flug-flugzeug-schaenis-rundflug-a-la-carte\/\",\"url\":\"https:\/\/www.swissraft.ch\/de\/produkt\/flug-flugzeug-schaenis-rundflug-a-la-carte\/\",\"name\":\"Rundflug \u00e0 la carte Schaenis, Privatflug von 60 bis 120 Minuten\",\"isPartOf\":{\"@id\":\"https:\/\/www.swissraft.ch\/de\/#website\"},\"primaryImageOfPage\":{\"@id\":\"https:\/\/www.swissraft.ch\/de\/produkt\/flug-flugzeug-schaenis-rundflug-a-la-carte\/#primaryimage\"},\"image\":{\"@id\":\"https:\/\/www.swissraft.ch\/de\/produkt\/flug-flugzeug-schaenis-rundflug-a-la-carte\/#primaryimage\"},\"thumbnailUrl\":\"https:\/\/www.swissraft.ch\/wp-content\/uploads\/2023\/01\/1-SCHANIS-Runfluge-a-la-carte-ab-30-Minuten-776x776-1.jpg\",\"datePublished\":\"2023-01-17T10:57:18+00:00\",\"dateModified\":\"2026-04-28T03:47:33+00:00\",\"description\":\"Rundflug \u00e0 la carte Schaenis, Privatflug f\u00fcr einen Flug von 60 bis 120 Minuten. Erstellen Sie Ihren Flugplan mit Ihrem Piloten, der Sie gerne ber\u00e4t\",\"breadcrumb\":{\"@id\":\"https:\/\/www.swissraft.ch\/de\/produkt\/flug-flugzeug-schaenis-rundflug-a-la-carte\/#breadcrumb\"},\"inLanguage\":\"de\",\"potentialAction\":[{\"@type\":\"ReadAction\",\"target\":[\"https:\/\/www.swissraft.ch\/de\/produkt\/flug-flugzeug-schaenis-rundflug-a-la-carte\/\"]}]},{\"@type\":\"ImageObject\",\"inLanguage\":\"de\",\"@id\":\"https:\/\/www.swissraft.ch\/de\/produkt\/flug-flugzeug-schaenis-rundflug-a-la-carte\/#primaryimage\",\"url\":\"https:\/\/www.swissraft.ch\/wp-content\/uploads\/2023\/01\/1-SCHANIS-Runfluge-a-la-carte-ab-30-Minuten-776x776-1.jpg\",\"contentUrl\":\"https:\/\/www.swissraft.ch\/wp-content\/uploads\/2023\/01\/1-SCHANIS-Runfluge-a-la-carte-ab-30-Minuten-776x776-1.jpg\",\"width\":776,\"height\":776,\"caption\":\"Rundflug \u00e0 la carte Schaenis mit dem Flugzeug\"},{\"@type\":\"BreadcrumbList\",\"@id\":\"https:\/\/www.swissraft.ch\/de\/produkt\/flug-flugzeug-schaenis-rundflug-a-la-carte\/#breadcrumb\",\"itemListElement\":[{\"@type\":\"ListItem\",\"position\":1,\"name\":\"Accueil\",\"item\":\"https:\/\/www.swissraft.ch\/de\/\"},{\"@type\":\"ListItem\",\"position\":2,\"name\":\"Shop\",\"item\":\"https:\/\/www.swissraft.ch\/de\/shop\/\"},{\"@type\":\"ListItem\",\"position\":3,\"name\":\"Flug mit dem Flugzeug &#8211; Sch\u00e4nis &#8211; A la carte &#8211; Ab CHF 320.00\"}]},{\"@type\":\"WebSite\",\"@id\":\"https:\/\/www.swissraft.ch\/de\/#website\",\"url\":\"https:\/\/www.swissraft.ch\/de\/\",\"name\":\"Swissraft\",\"description\":\"To enjoy nature as it is\",\"publisher\":{\"@id\":\"https:\/\/www.swissraft.ch\/de\/#organization\"},\"potentialAction\":[{\"@type\":\"SearchAction\",\"target\":{\"@type\":\"EntryPoint\",\"urlTemplate\":\"https:\/\/www.swissraft.ch\/de\/?s={search_term_string}\"},\"query-input\":{\"@type\":\"PropertyValueSpecification\",\"valueRequired\":true,\"valueName\":\"search_term_string\"}}],\"inLanguage\":\"de\"},{\"@type\":\"Organization\",\"@id\":\"https:\/\/www.swissraft.ch\/de\/#organization\",\"name\":\"Swissraft\",\"url\":\"https:\/\/www.swissraft.ch\/de\/\",\"logo\":{\"@type\":\"ImageObject\",\"inLanguage\":\"de\",\"@id\":\"https:\/\/www.swissraft.ch\/de\/#\/schema\/logo\/image\/\",\"url\":\"https:\/\/www.swissraft.ch\/wp-content\/uploads\/2025\/09\/Capture.jpg\",\"contentUrl\":\"https:\/\/www.swissraft.ch\/wp-content\/uploads\/2025\/09\/Capture.jpg\",\"width\":293,\"height\":108,\"caption\":\"Swissraft\"},\"image\":{\"@id\":\"https:\/\/www.swissraft.ch\/de\/#\/schema\/logo\/image\/\"}}]}<\/script>\n<!-- \/ Yoast SEO plugin. -->","yoast_head_json":{"title":"Rundflug \u00e0 la carte Schaenis, Privatflug von 60 bis 120 Minuten","description":"Rundflug \u00e0 la carte Schaenis, Privatflug f\u00fcr einen Flug von 60 bis 120 Minuten. Erstellen Sie Ihren Flugplan mit Ihrem Piloten, der Sie gerne ber\u00e4t","robots":{"index":"index","follow":"follow","max-snippet":"max-snippet:-1","max-image-preview":"max-image-preview:large","max-video-preview":"max-video-preview:-1"},"canonical":"https:\/\/www.swissraft.ch\/de\/produkt\/flug-flugzeug-schaenis-rundflug-a-la-carte\/","og_locale":"de_DE","og_type":"article","og_title":"Rundflug \u00e0 la carte Schaenis, Privatflug von 60 bis 120 Minuten","og_description":"Rundflug \u00e0 la carte Schaenis, Privatflug f\u00fcr einen Flug von 60 bis 120 Minuten. Erstellen Sie Ihren Flugplan mit Ihrem Piloten, der Sie gerne ber\u00e4t","og_url":"https:\/\/www.swissraft.ch\/de\/produkt\/flug-flugzeug-schaenis-rundflug-a-la-carte\/","og_site_name":"Swissraft","article_modified_time":"2026-04-28T03:47:33+00:00","og_image":[{"width":776,"height":776,"url":"https:\/\/www.swissraft.ch\/wp-content\/uploads\/2023\/01\/1-SCHANIS-Runfluge-a-la-carte-ab-30-Minuten-776x776-1.jpg","type":"image\/jpeg"}],"twitter_card":"summary_large_image","twitter_misc":{"Gesch\u00e4tzte Lesezeit":"1\u00a0Minute"},"schema":{"@context":"https:\/\/schema.org","@graph":[{"@type":"WebPage","@id":"https:\/\/www.swissraft.ch\/de\/produkt\/flug-flugzeug-schaenis-rundflug-a-la-carte\/","url":"https:\/\/www.swissraft.ch\/de\/produkt\/flug-flugzeug-schaenis-rundflug-a-la-carte\/","name":"Rundflug \u00e0 la carte Schaenis, Privatflug von 60 bis 120 Minuten","isPartOf":{"@id":"https:\/\/www.swissraft.ch\/de\/#website"},"primaryImageOfPage":{"@id":"https:\/\/www.swissraft.ch\/de\/produkt\/flug-flugzeug-schaenis-rundflug-a-la-carte\/#primaryimage"},"image":{"@id":"https:\/\/www.swissraft.ch\/de\/produkt\/flug-flugzeug-schaenis-rundflug-a-la-carte\/#primaryimage"},"thumbnailUrl":"https:\/\/www.swissraft.ch\/wp-content\/uploads\/2023\/01\/1-SCHANIS-Runfluge-a-la-carte-ab-30-Minuten-776x776-1.jpg","datePublished":"2023-01-17T10:57:18+00:00","dateModified":"2026-04-28T03:47:33+00:00","description":"Rundflug \u00e0 la carte Schaenis, Privatflug f\u00fcr einen Flug von 60 bis 120 Minuten. Erstellen Sie Ihren Flugplan mit Ihrem Piloten, der Sie gerne ber\u00e4t","breadcrumb":{"@id":"https:\/\/www.swissraft.ch\/de\/produkt\/flug-flugzeug-schaenis-rundflug-a-la-carte\/#breadcrumb"},"inLanguage":"de","potentialAction":[{"@type":"ReadAction","target":["https:\/\/www.swissraft.ch\/de\/produkt\/flug-flugzeug-schaenis-rundflug-a-la-carte\/"]}]},{"@type":"ImageObject","inLanguage":"de","@id":"https:\/\/www.swissraft.ch\/de\/produkt\/flug-flugzeug-schaenis-rundflug-a-la-carte\/#primaryimage","url":"https:\/\/www.swissraft.ch\/wp-content\/uploads\/2023\/01\/1-SCHANIS-Runfluge-a-la-carte-ab-30-Minuten-776x776-1.jpg","contentUrl":"https:\/\/www.swissraft.ch\/wp-content\/uploads\/2023\/01\/1-SCHANIS-Runfluge-a-la-carte-ab-30-Minuten-776x776-1.jpg","width":776,"height":776,"caption":"Rundflug \u00e0 la carte Schaenis mit dem Flugzeug"},{"@type":"BreadcrumbList","@id":"https:\/\/www.swissraft.ch\/de\/produkt\/flug-flugzeug-schaenis-rundflug-a-la-carte\/#breadcrumb","itemListElement":[{"@type":"ListItem","position":1,"name":"Accueil","item":"https:\/\/www.swissraft.ch\/de\/"},{"@type":"ListItem","position":2,"name":"Shop","item":"https:\/\/www.swissraft.ch\/de\/shop\/"},{"@type":"ListItem","position":3,"name":"Flug mit dem Flugzeug &#8211; Sch\u00e4nis &#8211; A la carte &#8211; Ab CHF 320.00"}]},{"@type":"WebSite","@id":"https:\/\/www.swissraft.ch\/de\/#website","url":"https:\/\/www.swissraft.ch\/de\/","name":"Swissraft","description":"To enjoy nature as it is","publisher":{"@id":"https:\/\/www.swissraft.ch\/de\/#organization"},"potentialAction":[{"@type":"SearchAction","target":{"@type":"EntryPoint","urlTemplate":"https:\/\/www.swissraft.ch\/de\/?s={search_term_string}"},"query-input":{"@type":"PropertyValueSpecification","valueRequired":true,"valueName":"search_term_string"}}],"inLanguage":"de"},{"@type":"Organization","@id":"https:\/\/www.swissraft.ch\/de\/#organization","name":"Swissraft","url":"https:\/\/www.swissraft.ch\/de\/","logo":{"@type":"ImageObject","inLanguage":"de","@id":"https:\/\/www.swissraft.ch\/de\/#\/schema\/logo\/image\/","url":"https:\/\/www.swissraft.ch\/wp-content\/uploads\/2025\/09\/Capture.jpg","contentUrl":"https:\/\/www.swissraft.ch\/wp-content\/uploads\/2025\/09\/Capture.jpg","width":293,"height":108,"caption":"Swissraft"},"image":{"@id":"https:\/\/www.swissraft.ch\/de\/#\/schema\/logo\/image\/"}}]}},"_links":{"self":[{"href":"https:\/\/www.swissraft.ch\/de\/wp-json\/wp\/v2\/product\/91710","targetHints":{"allow":["GET"]}}],"collection":[{"href":"https:\/\/www.swissraft.ch\/de\/wp-json\/wp\/v2\/product"}],"about":[{"href":"https:\/\/www.swissraft.ch\/de\/wp-json\/wp\/v2\/types\/product"}],"replies":[{"embeddable":true,"href":"https:\/\/www.swissraft.ch\/de\/wp-json\/wp\/v2\/comments?post=91710"}],"version-history":[{"count":7,"href":"https:\/\/www.swissraft.ch\/de\/wp-json\/wp\/v2\/product\/91710\/revisions"}],"predecessor-version":[{"id":142822,"href":"https:\/\/www.swissraft.ch\/de\/wp-json\/wp\/v2\/product\/91710\/revisions\/142822"}],"wp:featuredmedia":[{"embeddable":true,"href":"https:\/\/www.swissraft.ch\/de\/wp-json\/wp\/v2\/media\/88489"}],"wp:attachment":[{"href":"https:\/\/www.swissraft.ch\/de\/wp-json\/wp\/v2\/media?parent=91710"}],"wp:term":[{"taxonomy":"product_cat","embeddable":true,"href":"https:\/\/www.swissraft.ch\/de\/wp-json\/wp\/v2\/product_cat?post=91710"},{"taxonomy":"product_tag","embeddable":true,"href":"https:\/\/www.swissraft.ch\/de\/wp-json\/wp\/v2\/product_tag?post=91710"}],"curies":[{"name":"wp","href":"https:\/\/api.w.org\/{rel}","templated":true}]}}