{"id":91706,"date":"2023-01-17T11:23:51","date_gmt":"2023-01-17T10:23:51","guid":{"rendered":"https:\/\/swissraft.xyanzkdne.eu\/product\/flug-mit-dem-flugzeug-ab-epagny-a-la-carte-ab-chf-125-00\/"},"modified":"2026-04-28T03:55:07","modified_gmt":"2026-04-28T01:55:07","slug":"flug-flugzeug-epagny-rundflug-a-la-carte","status":"publish","type":"product","link":"https:\/\/www.swissraft.ch\/de\/produkt\/flug-flugzeug-epagny-rundflug-a-la-carte\/","title":{"rendered":"Flug mit dem Flugzeug &#8211; \u00c9pagny &#8211; \u00c0 la carte &#8211; Ab CHF 225.00"},"content":{"rendered":"\t\t<div data-elementor-type=\"wp-post\" data-elementor-id=\"91706\" class=\"elementor elementor-91706 elementor-30432\">\n\t\t\t\t\t\t\t\t\t<section class=\"elementor-section elementor-top-section elementor-element elementor-element-3303a7e3 elementor-section-boxed elementor-section-height-default elementor-section-height-default\" data-id=\"3303a7e3\" data-element_type=\"section\">\n\t\t\t\t\t\t<div class=\"elementor-container elementor-column-gap-default\">\n\t\t\t\t\t<div class=\"elementor-column elementor-col-100 elementor-top-column elementor-element elementor-element-16d72dbf\" data-id=\"16d72dbf\" data-element_type=\"column\">\n\t\t\t<div class=\"elementor-widget-wrap elementor-element-populated\">\n\t\t\t\t\t\t\t\t<div class=\"elementor-element elementor-element-d743c03 elementor-widget elementor-widget-text-editor\" data-id=\"d743c03\" data-element_type=\"widget\" data-widget_type=\"text-editor.default\">\n\t\t\t\t<div class=\"elementor-widget-container\">\n\t\t\t\t\t\t\t<h2>W\u00c4HLEN SIE UNTEN IHRE AKTIVIT\u00c4T AUS, UM GESCHENKGUTSCHEINE \/ TICKETS ZU VERSCHENKEN ODER ZU BUCHEN<\/h2><table border=\"0\" width=\"580\" cellspacing=\"10\" cellpadding=\"10\"><tbody><tr><td width=\"50%\"><strong>RUNDFLUG \u2013 FLUG \u00c0 LA CARTE &#8211; PRIVATFLUG &#8211; Ab 30 Min.<\/strong><\/td><td><strong>Ab CHF 225.00 pro Pivatflug<span class=\"productPrice\"><br \/><\/span><\/strong><\/td><\/tr><tr><td>Zus\u00e4tzliche Informationen<\/td><td><span class=\"patt\">&#8211; Sie haben das Flugzeug ausschlie\u00dflich f\u00fcr sich<br \/>&#8211; Sie bestimmen das Datum und die Uhrzeit des Abflugs<br \/>&#8211; Kinder von 5 bis 12 j\u00e4hrig<br \/>&#8211; Maximal 5 Pers. davon 2 Kinder <br \/>&#8211; Max. Gewicht Insgesamt 60 Kg f\u00fcr Kinder<br \/>&#8211; Max. Gr\u00f6\u00dfe pro Kind 1,50 M<br \/><\/span><\/td><\/tr><tr><td>Flugplatz<\/td><td><a href=\"https:\/\/www.google.com\/maps\/place\/46%C2%B035'44.0%22N+7%C2%B005'36.3%22E\/@46.5958455,7.0846888,1551m\/data=!3m1!1e3!4m4!3m3!8m2!3d46.5955556!4d7.0934167?entry=ttu\" target=\"_blank\" rel=\"noopener\">\u00c9pagny<\/a><\/td><\/tr><tr><td>Flugzeit<\/td><td>30 \/ 45 \/ 60 \/ 90 Min.<\/td><\/tr><tr><td>Gesamtdauer<\/td><td>ca. 1 Std.<\/td><\/tr><tr><td>Termin<\/td><td>Per Telefon<\/td><\/tr><tr><td><button class=\"elementor-button\" type=\"button\"><a href=\"https:\/\/swissraft.outdoorbooking.ch\/fo\/products\/1698?base_id=253&amp;category_id=22&amp;order_type=gift_voucher&amp;lang=de\" target=\"_blank\" rel=\"noopener\">GUTSCHEIN \/ TICKET KAUFEN<\/a><\/button><\/td><td><strong>CHF 225.00 &#8211; 30 Min. &#8211; Privatflug (1-3 Pers.)<\/strong><\/td><\/tr><tr><td><button class=\"elementor-button\" type=\"button\"><a href=\"https:\/\/swissraft.outdoorbooking.ch\/fo\/products\/1718?base_id=255&amp;category_id=22&amp;order_type=gift_voucher&amp;lang=de\" target=\"_blank\" rel=\"noopener\">GUTSCHEIN \/ TICKET KAUFEN<\/a><\/button><\/td><td><strong>CHF 238.00 &#8211; 30 Min. &#8211; Privatflug (3 Erw. + 2 Kinder)<\/strong><\/td><\/tr><tr><td><a href=\"https:\/\/swissraft.outdoorbooking.ch\/fo\/products\/1699?base_id=253&amp;category_id=22&amp;order_type=gift_voucher&amp;lang=de\" target=\"_blank\" rel=\"noopener\"><button class=\"elementor-button\" type=\"button\">GUTSCHEIN \/ TICKET KAUFEN<\/button><\/a><\/td><td><strong>CHF 338.00 &#8211; 45 Min. &#8211; Privatflug (1-3 Pers.)<\/strong><\/td><\/tr><tr><td><a href=\"https:\/\/swissraft.outdoorbooking.ch\/fo\/products\/1720?base_id=255&amp;category_id=22&amp;order_type=gift_voucher&amp;lang=de\" target=\"_blank\" rel=\"noopener\"><button class=\"elementor-button\" type=\"button\">GUTSCHEIN \/ TICKET KAUFEN<\/button><\/a><\/td><td><strong>CHF 357.00 &#8211; 45 Min. &#8211; Privatflug (3 Erw. + 2 Kinder)<\/strong><\/td><\/tr><tr><td><a href=\"https:\/\/swissraft.outdoorbooking.ch\/fo\/products\/1700?base_id=253&amp;category_id=22&amp;order_type=gift_voucher&amp;lang=de\" target=\"_blank\" rel=\"noopener\"><button class=\"elementor-button\" type=\"button\">GUTSCHEIN \/ TICKET KAUFEN<\/button><\/a><\/td><td><strong>CHF 450.00 &#8211; 60 Min. &#8211; Privatflug (1-3 Pers.)<\/strong><\/td><\/tr><tr><td><a href=\"https:\/\/swissraft.outdoorbooking.ch\/fo\/products\/1722?base_id=255&amp;category_id=22&amp;order_type=gift_voucher&amp;lang=de\" target=\"_blank\" rel=\"noopener\"><button class=\"elementor-button\" type=\"button\">GUTSCHEIN \/ TICKET KAUFEN<\/button><\/a><\/td><td><strong>CHF 475.00 &#8211; 60 Min. &#8211; Privatflug (3 Erw. + 2 Kinder)<\/strong><\/td><\/tr><tr><td><a href=\"https:\/\/swissraft.outdoorbooking.ch\/fo\/products\/1701?base_id=253&amp;category_id=22&amp;order_type=gift_voucher&amp;lang=de\" target=\"_blank\" rel=\"noopener\"><button class=\"elementor-button\" type=\"button\">GUTSCHEIN \/ TICKET KAUFEN<\/button><\/a><\/td><td><strong>CHF 675.00 &#8211; 90 Min. &#8211; Privatflug (1-3 Pers.)<\/strong><\/td><\/tr><tr><td><a href=\"https:\/\/swissraft.outdoorbooking.ch\/fo\/products\/1724?base_id=255&amp;category_id=22&amp;order_type=gift_voucher&amp;lang=de\" target=\"_blank\" rel=\"noopener\"><button class=\"elementor-button\" type=\"button\">GUTSCHEIN \/ TICKET KAUFEN<\/button><\/a><\/td><td><strong>CHF 713.00 &#8211; 90 Min. &#8211; Privatflug (3 Erw. + 2 Kinder)<\/strong><\/td><\/tr><tr><td>\u00a0<\/td><td><span style=\"text-decoration: underline;\"><strong><em>WICHTIG !<\/em><\/strong><\/span><br \/><em>Um zu reservieren, rufen Sie die Nummer an, die sich oben links auf dem Gutschein \/ Ticket befindet.<\/em><\/td><\/tr><\/tbody><\/table>\t\t\t\t\t\t<\/div>\n\t\t\t\t<\/div>\n\t\t\t\t<div class=\"elementor-element elementor-element-20cbbba elementor-widget elementor-widget-text-editor\" data-id=\"20cbbba\" data-element_type=\"widget\" data-widget_type=\"text-editor.default\">\n\t\t\t\t<div class=\"elementor-widget-container\">\n\t\t\t\t\t\t\t\t\t\t\t\t\t<\/div>\n\t\t\t\t<\/div>\n\t\t\t\t\t<\/div>\n\t\t<\/div>\n\t\t\t\t\t\t\t<\/div>\n\t\t<\/section>\n\t\t\t\t\t\t\t<\/div>\n\t\t","protected":false},"excerpt":{"rendered":"<div align=\"justify\">\n<h2 align=\"justify\">Privatflug im Flugzeug \u00e0 la carte ab \u00c9pagny<\/h2>\n<h3>Von \u00c9pagny aus starten Sie zu einem 30- bis 90-min\u00fctigen Privatflug; Sie bestimmen Ihren Rundflug entsprechend Ihrem Budget.<\/h3>\n<\/div>\n<div align=\"justify\">\n<p>Flug mit dem Flugzeug \u00e0 la carte ab \u00c9pagny. Sie fliegen einen Flug nach Wahl mit einer Mindestdauer von 30 Minuten und einer H\u00f6chstdauer von 1,5 Std. M\u00f6chten Sie z.B. \u00fcber die Walliser Alpen oder \u00fcber die 3-Seen-Region fliegen? Sie besprechen dies mit Ihrem Privatpiloten, der Sie bei Ihrer Wahl beraten wird.<\/p>\n<h3>Swissraft bietet Ihnen mehr als 35 Fl\u00fcge mit Flugzeug an; rufen Sie uns an, wir beraten Sie gerne.<\/h3>\n<p id=\"textarea\" style=\"display: none;\">\nDar\u00fcber hinaus haben wir Fl\u00fcge mit dem Flugzeug vom internationalen Flughafen Bern-Belp. Au\u00dferdem bieten wir Rundfl\u00fcge ab dem Flugplatz Biel in der 3-Seen-Region an. Aber auch Fl\u00fcge vom Flugplatz Buttwil im Kanton Aargau. Ebenso bieten wir Fl\u00fcge ab dem Flugplatz Grenchen im Kanton Solothurn an. Dar\u00fcber hinaus starten wir auch vom Flugplatz Sch\u00e4nis im Kanton St. Gallen f\u00fcr Rundfl\u00fcge.\n<\/p>\n<p><a id=\"seeMore\" onclick=\"toggleSeeMore()\" href=\"javascript:void(0);\">Lesen Sie mehr<\/a><\/p>\n","protected":false},"featured_media":88354,"comment_status":"open","ping_status":"closed","template":"","meta":{"inline_featured_image":false,"_mi_skip_tracking":false},"product_cat":[293,356],"product_tag":[],"class_list":["post-91706","product","type-product","status-publish","has-post-thumbnail","hentry","product_cat-flug-in-der-schweiz","product_cat-flug-flugzeug-rundflug-epagny"],"yoast_head":"<!-- This site is optimized with the Yoast SEO plugin v23.6 - https:\/\/yoast.com\/wordpress\/plugins\/seo\/ -->\n<title>Flug \u00e0 la carte - Privatflug ab \u00c9pagny f\u00fcr einen Flug von 30-90 Min.<\/title>\n<meta name=\"description\" content=\"Flug \u00e0 la carte - Privatflug ab \u00c9pagny f\u00fcr einen Flug von 30 bis 90 Minuten. Erstellen Sie Ihren Flugplan mit Ihrem Piloten, der Sie gerne ber\u00e4t.\" \/>\n<meta name=\"robots\" content=\"index, follow, max-snippet:-1, max-image-preview:large, max-video-preview:-1\" \/>\n<link rel=\"canonical\" href=\"https:\/\/www.swissraft.ch\/de\/produkt\/flug-flugzeug-epagny-rundflug-a-la-carte\/\" \/>\n<meta property=\"og:locale\" content=\"de_DE\" \/>\n<meta property=\"og:type\" content=\"article\" \/>\n<meta property=\"og:title\" content=\"Flug \u00e0 la carte - Privatflug ab \u00c9pagny f\u00fcr einen Flug von 30-90 Min.\" \/>\n<meta property=\"og:description\" content=\"Flug \u00e0 la carte - Privatflug ab \u00c9pagny f\u00fcr einen Flug von 30 bis 90 Minuten. Erstellen Sie Ihren Flugplan mit Ihrem Piloten, der Sie gerne ber\u00e4t.\" \/>\n<meta property=\"og:url\" content=\"https:\/\/www.swissraft.ch\/de\/produkt\/flug-flugzeug-epagny-rundflug-a-la-carte\/\" \/>\n<meta property=\"og:site_name\" content=\"Swissraft\" \/>\n<meta property=\"article:modified_time\" content=\"2026-04-28T01:55:07+00:00\" \/>\n<meta property=\"og:image\" content=\"https:\/\/www.swissraft.ch\/wp-content\/uploads\/2023\/01\/7-EPAGNY-Rundfluge-ab-30-Minuten-776x776-1.jpg\" \/>\n\t<meta property=\"og:image:width\" content=\"776\" \/>\n\t<meta property=\"og:image:height\" content=\"776\" \/>\n\t<meta property=\"og:image:type\" content=\"image\/jpeg\" \/>\n<meta name=\"twitter:card\" content=\"summary_large_image\" \/>\n<meta name=\"twitter:label1\" content=\"Gesch\u00e4tzte Lesezeit\" \/>\n\t<meta name=\"twitter:data1\" content=\"2\u00a0Minuten\" \/>\n<script type=\"application\/ld+json\" class=\"yoast-schema-graph\">{\"@context\":\"https:\/\/schema.org\",\"@graph\":[{\"@type\":\"WebPage\",\"@id\":\"https:\/\/www.swissraft.ch\/de\/produkt\/flug-flugzeug-epagny-rundflug-a-la-carte\/\",\"url\":\"https:\/\/www.swissraft.ch\/de\/produkt\/flug-flugzeug-epagny-rundflug-a-la-carte\/\",\"name\":\"Flug \u00e0 la carte - Privatflug ab \u00c9pagny f\u00fcr einen Flug von 30-90 Min.\",\"isPartOf\":{\"@id\":\"https:\/\/www.swissraft.ch\/de\/#website\"},\"primaryImageOfPage\":{\"@id\":\"https:\/\/www.swissraft.ch\/de\/produkt\/flug-flugzeug-epagny-rundflug-a-la-carte\/#primaryimage\"},\"image\":{\"@id\":\"https:\/\/www.swissraft.ch\/de\/produkt\/flug-flugzeug-epagny-rundflug-a-la-carte\/#primaryimage\"},\"thumbnailUrl\":\"https:\/\/www.swissraft.ch\/wp-content\/uploads\/2023\/01\/7-EPAGNY-Rundfluge-ab-30-Minuten-776x776-1.jpg\",\"datePublished\":\"2023-01-17T10:23:51+00:00\",\"dateModified\":\"2026-04-28T01:55:07+00:00\",\"description\":\"Flug \u00e0 la carte - Privatflug ab \u00c9pagny f\u00fcr einen Flug von 30 bis 90 Minuten. Erstellen Sie Ihren Flugplan mit Ihrem Piloten, der Sie gerne ber\u00e4t.\",\"breadcrumb\":{\"@id\":\"https:\/\/www.swissraft.ch\/de\/produkt\/flug-flugzeug-epagny-rundflug-a-la-carte\/#breadcrumb\"},\"inLanguage\":\"de\",\"potentialAction\":[{\"@type\":\"ReadAction\",\"target\":[\"https:\/\/www.swissraft.ch\/de\/produkt\/flug-flugzeug-epagny-rundflug-a-la-carte\/\"]}]},{\"@type\":\"ImageObject\",\"inLanguage\":\"de\",\"@id\":\"https:\/\/www.swissraft.ch\/de\/produkt\/flug-flugzeug-epagny-rundflug-a-la-carte\/#primaryimage\",\"url\":\"https:\/\/www.swissraft.ch\/wp-content\/uploads\/2023\/01\/7-EPAGNY-Rundfluge-ab-30-Minuten-776x776-1.jpg\",\"contentUrl\":\"https:\/\/www.swissraft.ch\/wp-content\/uploads\/2023\/01\/7-EPAGNY-Rundfluge-ab-30-Minuten-776x776-1.jpg\",\"width\":776,\"height\":776,\"caption\":\"Flug mit dem Flugzeug von Epagny nach Wunsch\"},{\"@type\":\"BreadcrumbList\",\"@id\":\"https:\/\/www.swissraft.ch\/de\/produkt\/flug-flugzeug-epagny-rundflug-a-la-carte\/#breadcrumb\",\"itemListElement\":[{\"@type\":\"ListItem\",\"position\":1,\"name\":\"Accueil\",\"item\":\"https:\/\/www.swissraft.ch\/de\/\"},{\"@type\":\"ListItem\",\"position\":2,\"name\":\"Shop\",\"item\":\"https:\/\/www.swissraft.ch\/de\/shop\/\"},{\"@type\":\"ListItem\",\"position\":3,\"name\":\"Flug mit dem Flugzeug &#8211; \u00c9pagny &#8211; \u00c0 la carte &#8211; Ab CHF 225.00\"}]},{\"@type\":\"WebSite\",\"@id\":\"https:\/\/www.swissraft.ch\/de\/#website\",\"url\":\"https:\/\/www.swissraft.ch\/de\/\",\"name\":\"Swissraft\",\"description\":\"To enjoy nature as it is\",\"publisher\":{\"@id\":\"https:\/\/www.swissraft.ch\/de\/#organization\"},\"potentialAction\":[{\"@type\":\"SearchAction\",\"target\":{\"@type\":\"EntryPoint\",\"urlTemplate\":\"https:\/\/www.swissraft.ch\/de\/?s={search_term_string}\"},\"query-input\":{\"@type\":\"PropertyValueSpecification\",\"valueRequired\":true,\"valueName\":\"search_term_string\"}}],\"inLanguage\":\"de\"},{\"@type\":\"Organization\",\"@id\":\"https:\/\/www.swissraft.ch\/de\/#organization\",\"name\":\"Swissraft\",\"url\":\"https:\/\/www.swissraft.ch\/de\/\",\"logo\":{\"@type\":\"ImageObject\",\"inLanguage\":\"de\",\"@id\":\"https:\/\/www.swissraft.ch\/de\/#\/schema\/logo\/image\/\",\"url\":\"https:\/\/www.swissraft.ch\/wp-content\/uploads\/2025\/09\/Capture.jpg\",\"contentUrl\":\"https:\/\/www.swissraft.ch\/wp-content\/uploads\/2025\/09\/Capture.jpg\",\"width\":293,\"height\":108,\"caption\":\"Swissraft\"},\"image\":{\"@id\":\"https:\/\/www.swissraft.ch\/de\/#\/schema\/logo\/image\/\"}}]}<\/script>\n<!-- \/ Yoast SEO plugin. -->","yoast_head_json":{"title":"Flug \u00e0 la carte - Privatflug ab \u00c9pagny f\u00fcr einen Flug von 30-90 Min.","description":"Flug \u00e0 la carte - Privatflug ab \u00c9pagny f\u00fcr einen Flug von 30 bis 90 Minuten. Erstellen Sie Ihren Flugplan mit Ihrem Piloten, der Sie gerne ber\u00e4t.","robots":{"index":"index","follow":"follow","max-snippet":"max-snippet:-1","max-image-preview":"max-image-preview:large","max-video-preview":"max-video-preview:-1"},"canonical":"https:\/\/www.swissraft.ch\/de\/produkt\/flug-flugzeug-epagny-rundflug-a-la-carte\/","og_locale":"de_DE","og_type":"article","og_title":"Flug \u00e0 la carte - Privatflug ab \u00c9pagny f\u00fcr einen Flug von 30-90 Min.","og_description":"Flug \u00e0 la carte - Privatflug ab \u00c9pagny f\u00fcr einen Flug von 30 bis 90 Minuten. Erstellen Sie Ihren Flugplan mit Ihrem Piloten, der Sie gerne ber\u00e4t.","og_url":"https:\/\/www.swissraft.ch\/de\/produkt\/flug-flugzeug-epagny-rundflug-a-la-carte\/","og_site_name":"Swissraft","article_modified_time":"2026-04-28T01:55:07+00:00","og_image":[{"width":776,"height":776,"url":"https:\/\/www.swissraft.ch\/wp-content\/uploads\/2023\/01\/7-EPAGNY-Rundfluge-ab-30-Minuten-776x776-1.jpg","type":"image\/jpeg"}],"twitter_card":"summary_large_image","twitter_misc":{"Gesch\u00e4tzte Lesezeit":"2\u00a0Minuten"},"schema":{"@context":"https:\/\/schema.org","@graph":[{"@type":"WebPage","@id":"https:\/\/www.swissraft.ch\/de\/produkt\/flug-flugzeug-epagny-rundflug-a-la-carte\/","url":"https:\/\/www.swissraft.ch\/de\/produkt\/flug-flugzeug-epagny-rundflug-a-la-carte\/","name":"Flug \u00e0 la carte - Privatflug ab \u00c9pagny f\u00fcr einen Flug von 30-90 Min.","isPartOf":{"@id":"https:\/\/www.swissraft.ch\/de\/#website"},"primaryImageOfPage":{"@id":"https:\/\/www.swissraft.ch\/de\/produkt\/flug-flugzeug-epagny-rundflug-a-la-carte\/#primaryimage"},"image":{"@id":"https:\/\/www.swissraft.ch\/de\/produkt\/flug-flugzeug-epagny-rundflug-a-la-carte\/#primaryimage"},"thumbnailUrl":"https:\/\/www.swissraft.ch\/wp-content\/uploads\/2023\/01\/7-EPAGNY-Rundfluge-ab-30-Minuten-776x776-1.jpg","datePublished":"2023-01-17T10:23:51+00:00","dateModified":"2026-04-28T01:55:07+00:00","description":"Flug \u00e0 la carte - Privatflug ab \u00c9pagny f\u00fcr einen Flug von 30 bis 90 Minuten. Erstellen Sie Ihren Flugplan mit Ihrem Piloten, der Sie gerne ber\u00e4t.","breadcrumb":{"@id":"https:\/\/www.swissraft.ch\/de\/produkt\/flug-flugzeug-epagny-rundflug-a-la-carte\/#breadcrumb"},"inLanguage":"de","potentialAction":[{"@type":"ReadAction","target":["https:\/\/www.swissraft.ch\/de\/produkt\/flug-flugzeug-epagny-rundflug-a-la-carte\/"]}]},{"@type":"ImageObject","inLanguage":"de","@id":"https:\/\/www.swissraft.ch\/de\/produkt\/flug-flugzeug-epagny-rundflug-a-la-carte\/#primaryimage","url":"https:\/\/www.swissraft.ch\/wp-content\/uploads\/2023\/01\/7-EPAGNY-Rundfluge-ab-30-Minuten-776x776-1.jpg","contentUrl":"https:\/\/www.swissraft.ch\/wp-content\/uploads\/2023\/01\/7-EPAGNY-Rundfluge-ab-30-Minuten-776x776-1.jpg","width":776,"height":776,"caption":"Flug mit dem Flugzeug von Epagny nach Wunsch"},{"@type":"BreadcrumbList","@id":"https:\/\/www.swissraft.ch\/de\/produkt\/flug-flugzeug-epagny-rundflug-a-la-carte\/#breadcrumb","itemListElement":[{"@type":"ListItem","position":1,"name":"Accueil","item":"https:\/\/www.swissraft.ch\/de\/"},{"@type":"ListItem","position":2,"name":"Shop","item":"https:\/\/www.swissraft.ch\/de\/shop\/"},{"@type":"ListItem","position":3,"name":"Flug mit dem Flugzeug &#8211; \u00c9pagny &#8211; \u00c0 la carte &#8211; Ab CHF 225.00"}]},{"@type":"WebSite","@id":"https:\/\/www.swissraft.ch\/de\/#website","url":"https:\/\/www.swissraft.ch\/de\/","name":"Swissraft","description":"To enjoy nature as it is","publisher":{"@id":"https:\/\/www.swissraft.ch\/de\/#organization"},"potentialAction":[{"@type":"SearchAction","target":{"@type":"EntryPoint","urlTemplate":"https:\/\/www.swissraft.ch\/de\/?s={search_term_string}"},"query-input":{"@type":"PropertyValueSpecification","valueRequired":true,"valueName":"search_term_string"}}],"inLanguage":"de"},{"@type":"Organization","@id":"https:\/\/www.swissraft.ch\/de\/#organization","name":"Swissraft","url":"https:\/\/www.swissraft.ch\/de\/","logo":{"@type":"ImageObject","inLanguage":"de","@id":"https:\/\/www.swissraft.ch\/de\/#\/schema\/logo\/image\/","url":"https:\/\/www.swissraft.ch\/wp-content\/uploads\/2025\/09\/Capture.jpg","contentUrl":"https:\/\/www.swissraft.ch\/wp-content\/uploads\/2025\/09\/Capture.jpg","width":293,"height":108,"caption":"Swissraft"},"image":{"@id":"https:\/\/www.swissraft.ch\/de\/#\/schema\/logo\/image\/"}}]}},"_links":{"self":[{"href":"https:\/\/www.swissraft.ch\/de\/wp-json\/wp\/v2\/product\/91706","targetHints":{"allow":["GET"]}}],"collection":[{"href":"https:\/\/www.swissraft.ch\/de\/wp-json\/wp\/v2\/product"}],"about":[{"href":"https:\/\/www.swissraft.ch\/de\/wp-json\/wp\/v2\/types\/product"}],"replies":[{"embeddable":true,"href":"https:\/\/www.swissraft.ch\/de\/wp-json\/wp\/v2\/comments?post=91706"}],"version-history":[{"count":17,"href":"https:\/\/www.swissraft.ch\/de\/wp-json\/wp\/v2\/product\/91706\/revisions"}],"predecessor-version":[{"id":142711,"href":"https:\/\/www.swissraft.ch\/de\/wp-json\/wp\/v2\/product\/91706\/revisions\/142711"}],"wp:featuredmedia":[{"embeddable":true,"href":"https:\/\/www.swissraft.ch\/de\/wp-json\/wp\/v2\/media\/88354"}],"wp:attachment":[{"href":"https:\/\/www.swissraft.ch\/de\/wp-json\/wp\/v2\/media?parent=91706"}],"wp:term":[{"taxonomy":"product_cat","embeddable":true,"href":"https:\/\/www.swissraft.ch\/de\/wp-json\/wp\/v2\/product_cat?post=91706"},{"taxonomy":"product_tag","embeddable":true,"href":"https:\/\/www.swissraft.ch\/de\/wp-json\/wp\/v2\/product_tag?post=91706"}],"curies":[{"name":"wp","href":"https:\/\/api.w.org\/{rel}","templated":true}]}}