{"id":91702,"date":"2023-01-17T11:17:54","date_gmt":"2023-01-17T10:17:54","guid":{"rendered":"https:\/\/swissraft.xyanzkdne.eu\/product\/flug-mit-dem-flugzeug-von-epagny-le-cervin-90-min-ab-chf-375-00\/"},"modified":"2025-12-19T01:16:13","modified_gmt":"2025-12-19T00:16:13","slug":"flug-flugzeug-epagny-zum-matterhorn","status":"publish","type":"product","link":"https:\/\/www.swissraft.ch\/de\/produkt\/flug-flugzeug-epagny-zum-matterhorn\/","title":{"rendered":"Flug mit dem Flugzeug ab \u00c9PAGNY &#8211; DAS MATTERHORN- 90 Min. &#8211; Ab CHF 225.00"},"content":{"rendered":"\t\t<div data-elementor-type=\"wp-post\" data-elementor-id=\"91702\" class=\"elementor elementor-91702 elementor-30427\">\n\t\t\t\t\t\t\t\t\t<section class=\"elementor-section elementor-top-section elementor-element elementor-element-3303a7e3 elementor-section-boxed elementor-section-height-default elementor-section-height-default\" data-id=\"3303a7e3\" data-element_type=\"section\">\n\t\t\t\t\t\t<div class=\"elementor-container elementor-column-gap-default\">\n\t\t\t\t\t<div class=\"elementor-column elementor-col-100 elementor-top-column elementor-element elementor-element-16d72dbf\" data-id=\"16d72dbf\" data-element_type=\"column\">\n\t\t\t<div class=\"elementor-widget-wrap elementor-element-populated\">\n\t\t\t\t\t\t\t\t<div class=\"elementor-element elementor-element-d743c03 elementor-widget elementor-widget-text-editor\" data-id=\"d743c03\" data-element_type=\"widget\" data-widget_type=\"text-editor.default\">\n\t\t\t\t<div class=\"elementor-widget-container\">\n\t\t\t\t\t\t\t<h2>W\u00c4HLEN SIE UNTEN IHRE AKTIVIT\u00c4T AUS, UM GESCHENKGUTSCHEINE \/ TICKETS ZU VERSCHENKEN ODER ZU BUCHEN<\/h2><table border=\"0\" width=\"580\" cellspacing=\"10\" cellpadding=\"10\"><tbody><tr><td width=\"50%\"><strong>DAS MATTERHORN (1-5 Pers.) &#8211; 90 Min.<\/strong><\/td><td><strong>Ab CHF 225.00 pro Person<span class=\"productPrice\"><br \/><\/span><\/strong><\/td><\/tr><tr><td>Weitere Informationen<\/td><td>&#8211; Kinder von 5 bis 12 j\u00e4hrig<br \/>&#8211; Maximal 5 Pers. davon 2 Kinder <br \/>&#8211; Max. Gewicht Insgesamt 60 Kg f\u00fcr Kinder<br \/>&#8211; Max. Gr\u00f6\u00dfe pro Kind 1,50 M<\/td><\/tr><tr><td>Flugplatz<\/td><td><a href=\"https:\/\/www.google.com\/maps\/place\/46%C2%B035'44.0%22N+7%C2%B005'36.3%22E\/@46.5958455,7.0846888,1551m\/data=!3m1!1e3!4m4!3m3!8m2!3d46.5955556!4d7.0934167?entry=ttu\" target=\"_blank\" rel=\"noopener\">\u00c9pagny<\/a><\/td><\/tr><tr><td>Flugzeit<\/td><td>90 Min.<\/td><\/tr><tr><td>Gesamtdauer<\/td><td>ca. 1:50 Std.<\/td><\/tr><tr><td>Termin<\/td><td>Per Telefon<\/td><\/tr><tr><td><button class=\"elementor-button\" type=\"button\"><a href=\"https:\/\/swissraft.outdoorbooking.ch\/fo\/products\/1687?base_id=252&amp;category_id=22&amp;order_type=gift_voucher&amp;lang=de\" target=\"_blank\" rel=\"noopener\">GUTSCHEIN \/ TICKET KAUFEN<\/a> <\/button><\/td><td><strong>CHF 225.00<\/strong>\/Pers. &#8211; <strong>90 Min.<\/strong><\/td><\/tr><tr><td><button class=\"elementor-button\" type=\"button\"><a href=\"https:\/\/swissraft.outdoorbooking.ch\/fo\/products\/1693?base_id=253&amp;category_id=22&amp;order_type=gift_voucher&amp;lang=de\" target=\"_blank\" rel=\"noopener\">GUTSCHEIN \/ TICKET KAUFEN<\/a><\/button><\/td><td><strong>CHF 675.00 &#8211; 90 Min. &#8211; Privatflug (1-3 pers.)<\/strong><\/td><\/tr><tr><td><button class=\"elementor-button\" type=\"button\"><a href=\"https:\/\/swissraft.outdoorbooking.ch\/fo\/products\/1714?base_id=255&amp;category_id=22&amp;order_type=gift_voucher&amp;lang=de\" target=\"_blank\" rel=\"noopener\">GUTSCHEIN \/ TICKET KAUFEN<\/a><\/button><\/td><td><strong>CHF 713.00 &#8211; 90 Min. &#8211; Privatflug (3 Erw. + 2 Kinder)<\/strong><\/td><\/tr><tr><td>\u00a0<\/td><td><span style=\"text-decoration: underline;\"><strong><em>WICHTIG !<\/em><\/strong><\/span><br \/><em>Um zu reservieren, rufen Sie die Nummer an, die sich oben links auf dem Gutschein \/ Ticket befindet.<\/em><\/td><\/tr><\/tbody><\/table>\t\t\t\t\t\t<\/div>\n\t\t\t\t<\/div>\n\t\t\t\t\t<\/div>\n\t\t<\/div>\n\t\t\t\t\t\t\t<\/div>\n\t\t<\/section>\n\t\t\t\t\t\t\t<\/div>\n\t\t","protected":false},"excerpt":{"rendered":"<h2 align=\"justify\">Von \u00c9pagny aus unternehmen Sie einen 90-min\u00fctigen Flug, um dem ber\u00fchmten Schweizer Berg Matterhorn so nahe wie m\u00f6glich zu kommen.<\/h2>\n<h3>Mit unserem Piloten fliegen Sie \u00fcber das Wallis und umrunden das Matterhorn-Massiv.<\/h3>\n<div align=\"justify\">\n<p>Sie starten vom Flugplatz \u00c9pagny und fliegen in Richtung Wallis. Sie werden dem ber\u00fchmtesten Gipfel der Schweizer Alpen, dem mythischen Matterhorn entdecken. Bequem in unserem Flugzeug sitzend k\u00f6nnen Sie dieses Massiv bewundern, das weit \u00fcber unsere Grenzen hinaus bekannt ist und unseren Stolz darstellt. Sie umfliegen sie und kehren nach 90 Minuten eines au\u00dfergew\u00f6hnlichen Fluges auf dem Flugplatz von \u00c9pagny im Kanton Freiburg zur Landung zur\u00fcck.<\/p>\n<h3>Bitte rufen Sie uns an, wenn Sie Fragen zu den Rundfl\u00fcgen haben, die wir auf unserer Swissraft-Webseite anbieten.<\/h3>\n<p id=\"textarea\" style=\"display: none;\">\nAu\u00dferdem starten wir vom Flugplatz Biel im Kanton Bern. Au\u00dferdem bieten wir Runfl\u00fcge vom internationalen Flughafen Bern-Belp an. Au\u00dferdem f\u00fchren wir auch Sportfl\u00fcge vom Flugplatz Buttwil im Kanton Aargau aus durch. Zum einen starten wir im Kanton Solothurn vom Flugplatz Grenchen aus. Au\u00dferdem starten wir auch vom Flugplatz Sch\u00e4nis im Kanton St. Gallen f\u00fcr Rundfl\u00fcge.\n<\/p>\n<p><a id=\"seeMore\" onclick=\"toggleSeeMore()\" href=\"javascript:void(0);\">Lesen Sie mehr<\/a><\/p>\n","protected":false},"featured_media":88471,"comment_status":"open","ping_status":"closed","template":"","meta":{"inline_featured_image":false,"_mi_skip_tracking":false},"product_cat":[293,356],"product_tag":[],"class_list":["post-91702","product","type-product","status-publish","has-post-thumbnail","hentry","product_cat-flug-in-der-schweiz","product_cat-rundflug-flugzeug-epagny"],"yoast_head":"<!-- This site is optimized with the Yoast SEO plugin v23.6 - https:\/\/yoast.com\/wordpress\/plugins\/seo\/ -->\n<title>Ein Flug von Epagny zum Matterhorn. Flug von 90 Min.<\/title>\n<meta name=\"description\" content=\"Ein Flug von \u00c9pagny zum Matterhorn. Ein 90-min\u00fctiger Flug, der Sie ins Wallis bringt, um das ber\u00fchmte Matterhorn zu umrunden.\" \/>\n<meta name=\"robots\" content=\"index, follow, max-snippet:-1, max-image-preview:large, max-video-preview:-1\" \/>\n<link rel=\"canonical\" href=\"https:\/\/www.swissraft.ch\/de\/produkt\/flug-flugzeug-epagny-zum-matterhorn\/\" \/>\n<meta property=\"og:locale\" content=\"de_DE\" \/>\n<meta property=\"og:type\" content=\"article\" \/>\n<meta property=\"og:title\" content=\"Ein Flug von Epagny zum Matterhorn. Flug von 90 Min.\" \/>\n<meta property=\"og:description\" content=\"Ein Flug von \u00c9pagny zum Matterhorn. Ein 90-min\u00fctiger Flug, der Sie ins Wallis bringt, um das ber\u00fchmte Matterhorn zu umrunden.\" \/>\n<meta property=\"og:url\" content=\"https:\/\/www.swissraft.ch\/de\/produkt\/flug-flugzeug-epagny-zum-matterhorn\/\" \/>\n<meta property=\"og:site_name\" content=\"Swissraft\" \/>\n<meta property=\"article:modified_time\" content=\"2025-12-19T00:16:13+00:00\" \/>\n<meta property=\"og:image\" content=\"https:\/\/www.swissraft.ch\/wp-content\/uploads\/2023\/01\/6-EPAGNY-Das-Matterhorn-776x776-1.jpg\" \/>\n\t<meta property=\"og:image:width\" content=\"776\" \/>\n\t<meta property=\"og:image:height\" content=\"776\" \/>\n\t<meta property=\"og:image:type\" content=\"image\/jpeg\" \/>\n<meta name=\"twitter:card\" content=\"summary_large_image\" \/>\n<meta name=\"twitter:label1\" content=\"Gesch\u00e4tzte Lesezeit\" \/>\n\t<meta name=\"twitter:data1\" content=\"1\u00a0Minute\" \/>\n<script type=\"application\/ld+json\" class=\"yoast-schema-graph\">{\"@context\":\"https:\/\/schema.org\",\"@graph\":[{\"@type\":\"WebPage\",\"@id\":\"https:\/\/www.swissraft.ch\/de\/produkt\/flug-flugzeug-epagny-zum-matterhorn\/\",\"url\":\"https:\/\/www.swissraft.ch\/de\/produkt\/flug-flugzeug-epagny-zum-matterhorn\/\",\"name\":\"Ein Flug von Epagny zum Matterhorn. Flug von 90 Min.\",\"isPartOf\":{\"@id\":\"https:\/\/www.swissraft.ch\/de\/#website\"},\"primaryImageOfPage\":{\"@id\":\"https:\/\/www.swissraft.ch\/de\/produkt\/flug-flugzeug-epagny-zum-matterhorn\/#primaryimage\"},\"image\":{\"@id\":\"https:\/\/www.swissraft.ch\/de\/produkt\/flug-flugzeug-epagny-zum-matterhorn\/#primaryimage\"},\"thumbnailUrl\":\"https:\/\/www.swissraft.ch\/wp-content\/uploads\/2023\/01\/6-EPAGNY-Das-Matterhorn-776x776-1.jpg\",\"datePublished\":\"2023-01-17T10:17:54+00:00\",\"dateModified\":\"2025-12-19T00:16:13+00:00\",\"description\":\"Ein Flug von \u00c9pagny zum Matterhorn. Ein 90-min\u00fctiger Flug, der Sie ins Wallis bringt, um das ber\u00fchmte Matterhorn zu umrunden.\",\"breadcrumb\":{\"@id\":\"https:\/\/www.swissraft.ch\/de\/produkt\/flug-flugzeug-epagny-zum-matterhorn\/#breadcrumb\"},\"inLanguage\":\"de\",\"potentialAction\":[{\"@type\":\"ReadAction\",\"target\":[\"https:\/\/www.swissraft.ch\/de\/produkt\/flug-flugzeug-epagny-zum-matterhorn\/\"]}]},{\"@type\":\"ImageObject\",\"inLanguage\":\"de\",\"@id\":\"https:\/\/www.swissraft.ch\/de\/produkt\/flug-flugzeug-epagny-zum-matterhorn\/#primaryimage\",\"url\":\"https:\/\/www.swissraft.ch\/wp-content\/uploads\/2023\/01\/6-EPAGNY-Das-Matterhorn-776x776-1.jpg\",\"contentUrl\":\"https:\/\/www.swissraft.ch\/wp-content\/uploads\/2023\/01\/6-EPAGNY-Das-Matterhorn-776x776-1.jpg\",\"width\":776,\"height\":776,\"caption\":\"Flug nach Cervin von \u00c9pagny mit dem Flugzeug\"},{\"@type\":\"BreadcrumbList\",\"@id\":\"https:\/\/www.swissraft.ch\/de\/produkt\/flug-flugzeug-epagny-zum-matterhorn\/#breadcrumb\",\"itemListElement\":[{\"@type\":\"ListItem\",\"position\":1,\"name\":\"Accueil\",\"item\":\"https:\/\/www.swissraft.ch\/de\/\"},{\"@type\":\"ListItem\",\"position\":2,\"name\":\"Shop\",\"item\":\"https:\/\/www.swissraft.ch\/de\/shop\/\"},{\"@type\":\"ListItem\",\"position\":3,\"name\":\"Flug mit dem Flugzeug ab \u00c9PAGNY &#8211; DAS MATTERHORN- 90 Min. &#8211; Ab CHF 225.00\"}]},{\"@type\":\"WebSite\",\"@id\":\"https:\/\/www.swissraft.ch\/de\/#website\",\"url\":\"https:\/\/www.swissraft.ch\/de\/\",\"name\":\"Swissraft\",\"description\":\"To enjoy nature as it is\",\"publisher\":{\"@id\":\"https:\/\/www.swissraft.ch\/de\/#organization\"},\"potentialAction\":[{\"@type\":\"SearchAction\",\"target\":{\"@type\":\"EntryPoint\",\"urlTemplate\":\"https:\/\/www.swissraft.ch\/de\/?s={search_term_string}\"},\"query-input\":{\"@type\":\"PropertyValueSpecification\",\"valueRequired\":true,\"valueName\":\"search_term_string\"}}],\"inLanguage\":\"de\"},{\"@type\":\"Organization\",\"@id\":\"https:\/\/www.swissraft.ch\/de\/#organization\",\"name\":\"Swissraft\",\"url\":\"https:\/\/www.swissraft.ch\/de\/\",\"logo\":{\"@type\":\"ImageObject\",\"inLanguage\":\"de\",\"@id\":\"https:\/\/www.swissraft.ch\/de\/#\/schema\/logo\/image\/\",\"url\":\"https:\/\/www.swissraft.ch\/wp-content\/uploads\/2025\/09\/Capture.jpg\",\"contentUrl\":\"https:\/\/www.swissraft.ch\/wp-content\/uploads\/2025\/09\/Capture.jpg\",\"width\":293,\"height\":108,\"caption\":\"Swissraft\"},\"image\":{\"@id\":\"https:\/\/www.swissraft.ch\/de\/#\/schema\/logo\/image\/\"}}]}<\/script>\n<!-- \/ Yoast SEO plugin. -->","yoast_head_json":{"title":"Ein Flug von Epagny zum Matterhorn. Flug von 90 Min.","description":"Ein Flug von \u00c9pagny zum Matterhorn. Ein 90-min\u00fctiger Flug, der Sie ins Wallis bringt, um das ber\u00fchmte Matterhorn zu umrunden.","robots":{"index":"index","follow":"follow","max-snippet":"max-snippet:-1","max-image-preview":"max-image-preview:large","max-video-preview":"max-video-preview:-1"},"canonical":"https:\/\/www.swissraft.ch\/de\/produkt\/flug-flugzeug-epagny-zum-matterhorn\/","og_locale":"de_DE","og_type":"article","og_title":"Ein Flug von Epagny zum Matterhorn. Flug von 90 Min.","og_description":"Ein Flug von \u00c9pagny zum Matterhorn. Ein 90-min\u00fctiger Flug, der Sie ins Wallis bringt, um das ber\u00fchmte Matterhorn zu umrunden.","og_url":"https:\/\/www.swissraft.ch\/de\/produkt\/flug-flugzeug-epagny-zum-matterhorn\/","og_site_name":"Swissraft","article_modified_time":"2025-12-19T00:16:13+00:00","og_image":[{"width":776,"height":776,"url":"https:\/\/www.swissraft.ch\/wp-content\/uploads\/2023\/01\/6-EPAGNY-Das-Matterhorn-776x776-1.jpg","type":"image\/jpeg"}],"twitter_card":"summary_large_image","twitter_misc":{"Gesch\u00e4tzte Lesezeit":"1\u00a0Minute"},"schema":{"@context":"https:\/\/schema.org","@graph":[{"@type":"WebPage","@id":"https:\/\/www.swissraft.ch\/de\/produkt\/flug-flugzeug-epagny-zum-matterhorn\/","url":"https:\/\/www.swissraft.ch\/de\/produkt\/flug-flugzeug-epagny-zum-matterhorn\/","name":"Ein Flug von Epagny zum Matterhorn. Flug von 90 Min.","isPartOf":{"@id":"https:\/\/www.swissraft.ch\/de\/#website"},"primaryImageOfPage":{"@id":"https:\/\/www.swissraft.ch\/de\/produkt\/flug-flugzeug-epagny-zum-matterhorn\/#primaryimage"},"image":{"@id":"https:\/\/www.swissraft.ch\/de\/produkt\/flug-flugzeug-epagny-zum-matterhorn\/#primaryimage"},"thumbnailUrl":"https:\/\/www.swissraft.ch\/wp-content\/uploads\/2023\/01\/6-EPAGNY-Das-Matterhorn-776x776-1.jpg","datePublished":"2023-01-17T10:17:54+00:00","dateModified":"2025-12-19T00:16:13+00:00","description":"Ein Flug von \u00c9pagny zum Matterhorn. Ein 90-min\u00fctiger Flug, der Sie ins Wallis bringt, um das ber\u00fchmte Matterhorn zu umrunden.","breadcrumb":{"@id":"https:\/\/www.swissraft.ch\/de\/produkt\/flug-flugzeug-epagny-zum-matterhorn\/#breadcrumb"},"inLanguage":"de","potentialAction":[{"@type":"ReadAction","target":["https:\/\/www.swissraft.ch\/de\/produkt\/flug-flugzeug-epagny-zum-matterhorn\/"]}]},{"@type":"ImageObject","inLanguage":"de","@id":"https:\/\/www.swissraft.ch\/de\/produkt\/flug-flugzeug-epagny-zum-matterhorn\/#primaryimage","url":"https:\/\/www.swissraft.ch\/wp-content\/uploads\/2023\/01\/6-EPAGNY-Das-Matterhorn-776x776-1.jpg","contentUrl":"https:\/\/www.swissraft.ch\/wp-content\/uploads\/2023\/01\/6-EPAGNY-Das-Matterhorn-776x776-1.jpg","width":776,"height":776,"caption":"Flug nach Cervin von \u00c9pagny mit dem Flugzeug"},{"@type":"BreadcrumbList","@id":"https:\/\/www.swissraft.ch\/de\/produkt\/flug-flugzeug-epagny-zum-matterhorn\/#breadcrumb","itemListElement":[{"@type":"ListItem","position":1,"name":"Accueil","item":"https:\/\/www.swissraft.ch\/de\/"},{"@type":"ListItem","position":2,"name":"Shop","item":"https:\/\/www.swissraft.ch\/de\/shop\/"},{"@type":"ListItem","position":3,"name":"Flug mit dem Flugzeug ab \u00c9PAGNY &#8211; DAS MATTERHORN- 90 Min. &#8211; Ab CHF 225.00"}]},{"@type":"WebSite","@id":"https:\/\/www.swissraft.ch\/de\/#website","url":"https:\/\/www.swissraft.ch\/de\/","name":"Swissraft","description":"To enjoy nature as it is","publisher":{"@id":"https:\/\/www.swissraft.ch\/de\/#organization"},"potentialAction":[{"@type":"SearchAction","target":{"@type":"EntryPoint","urlTemplate":"https:\/\/www.swissraft.ch\/de\/?s={search_term_string}"},"query-input":{"@type":"PropertyValueSpecification","valueRequired":true,"valueName":"search_term_string"}}],"inLanguage":"de"},{"@type":"Organization","@id":"https:\/\/www.swissraft.ch\/de\/#organization","name":"Swissraft","url":"https:\/\/www.swissraft.ch\/de\/","logo":{"@type":"ImageObject","inLanguage":"de","@id":"https:\/\/www.swissraft.ch\/de\/#\/schema\/logo\/image\/","url":"https:\/\/www.swissraft.ch\/wp-content\/uploads\/2025\/09\/Capture.jpg","contentUrl":"https:\/\/www.swissraft.ch\/wp-content\/uploads\/2025\/09\/Capture.jpg","width":293,"height":108,"caption":"Swissraft"},"image":{"@id":"https:\/\/www.swissraft.ch\/de\/#\/schema\/logo\/image\/"}}]}},"_links":{"self":[{"href":"https:\/\/www.swissraft.ch\/de\/wp-json\/wp\/v2\/product\/91702","targetHints":{"allow":["GET"]}}],"collection":[{"href":"https:\/\/www.swissraft.ch\/de\/wp-json\/wp\/v2\/product"}],"about":[{"href":"https:\/\/www.swissraft.ch\/de\/wp-json\/wp\/v2\/types\/product"}],"replies":[{"embeddable":true,"href":"https:\/\/www.swissraft.ch\/de\/wp-json\/wp\/v2\/comments?post=91702"}],"version-history":[{"count":9,"href":"https:\/\/www.swissraft.ch\/de\/wp-json\/wp\/v2\/product\/91702\/revisions"}],"predecessor-version":[{"id":124245,"href":"https:\/\/www.swissraft.ch\/de\/wp-json\/wp\/v2\/product\/91702\/revisions\/124245"}],"wp:featuredmedia":[{"embeddable":true,"href":"https:\/\/www.swissraft.ch\/de\/wp-json\/wp\/v2\/media\/88471"}],"wp:attachment":[{"href":"https:\/\/www.swissraft.ch\/de\/wp-json\/wp\/v2\/media?parent=91702"}],"wp:term":[{"taxonomy":"product_cat","embeddable":true,"href":"https:\/\/www.swissraft.ch\/de\/wp-json\/wp\/v2\/product_cat?post=91702"},{"taxonomy":"product_tag","embeddable":true,"href":"https:\/\/www.swissraft.ch\/de\/wp-json\/wp\/v2\/product_tag?post=91702"}],"curies":[{"name":"wp","href":"https:\/\/api.w.org\/{rel}","templated":true}]}}