{"id":91698,"date":"2023-01-17T11:09:10","date_gmt":"2023-01-17T10:09:10","guid":{"rendered":"https:\/\/swissraft.xyanzkdne.eu\/product\/flug-von-epagny-les-alpes-bernoises-70-min-ab-chf-295-00\/"},"modified":"2025-12-19T06:07:13","modified_gmt":"2025-12-19T05:07:13","slug":"flug-von-epagny-die-berner-alpen","status":"publish","type":"product","link":"https:\/\/www.swissraft.ch\/de\/produkt\/flug-von-epagny-die-berner-alpen\/","title":{"rendered":"Vol en avion depuis \u00c9PAGNY &#8211; DIE BERNER ALPEN &#8211; 70 Min. &#8211; Ab CHF 175.00"},"content":{"rendered":"\t\t<div data-elementor-type=\"wp-post\" data-elementor-id=\"91698\" class=\"elementor elementor-91698 elementor-30421\">\n\t\t\t\t\t\t\t\t\t<section class=\"elementor-section elementor-top-section elementor-element elementor-element-3303a7e3 elementor-section-boxed elementor-section-height-default elementor-section-height-default\" data-id=\"3303a7e3\" data-element_type=\"section\">\n\t\t\t\t\t\t<div class=\"elementor-container elementor-column-gap-default\">\n\t\t\t\t\t<div class=\"elementor-column elementor-col-100 elementor-top-column elementor-element elementor-element-16d72dbf\" data-id=\"16d72dbf\" data-element_type=\"column\">\n\t\t\t<div class=\"elementor-widget-wrap elementor-element-populated\">\n\t\t\t\t\t\t\t\t<div class=\"elementor-element elementor-element-d743c03 elementor-widget elementor-widget-text-editor\" data-id=\"d743c03\" data-element_type=\"widget\" data-widget_type=\"text-editor.default\">\n\t\t\t\t<div class=\"elementor-widget-container\">\n\t\t\t\t\t\t\t<h2>W\u00c4HLEN SIE UNTEN IHRE AKTIVIT\u00c4T AUS, UM GESCHENKGUTSCHEINE \/ TICKETS ZU VERSCHENKEN ODER ZU BUCHEN<\/h2>\n<table border=\"0\" width=\"580\" cellspacing=\"10\" cellpadding=\"10\">\n<tbody>\n<tr>\n<td width=\"50%\"><strong>DIE BERNER ALPEN (1-5 pers.) &#8211; 70 Min.<\/strong><\/td>\n<td><strong>Ab CHF 175.00 pro Person<span class=\"productPrice\"><br \/><\/span><\/strong><\/td>\n<\/tr>\n<tr>\n<td>Weitere Informationen<\/td>\n<td>&#8211; Kinder von 5 bis 12 j\u00e4hrig<br \/>&#8211; Maximal 5 Pers. davon 2 Kinder <br \/>&#8211; Max. Gewicht Insgesamt 60 Kg f\u00fcr Kinder<br \/>&#8211; Max. Gr\u00f6\u00dfe pro Kind 1,50 M<\/td>\n<\/tr>\n<tr>\n<td>Flugplatz<\/td>\n<td><a href=\"https:\/\/www.google.com\/maps\/place\/46%C2%B035'44.0%22N+7%C2%B005'36.3%22E\/@46.5958455,7.0846888,1551m\/data=!3m1!1e3!4m4!3m3!8m2!3d46.5955556!4d7.0934167?entry=ttu\" target=\"_blank\" rel=\"noopener\">\u00c9pagny<\/a><\/td>\n<\/tr>\n<tr>\n<td>Flugzeit<\/td>\n<td>70 Min.<\/td>\n<\/tr>\n<tr>\n<td>Gesamtdauer<\/td>\n<td>ca. 1,5 Std.<\/td>\n<\/tr>\n<tr>\n<td>Termin<\/td>\n<td>Per Telefon<\/td>\n<\/tr>\n<tr>\n<td><button class=\"elementor-button\" type=\"button\"><a href=\"https:\/\/swissraft.outdoorbooking.ch\/fo\/products\/1686?base_id=252&amp;category_id=22&amp;order_type=gift_voucher&amp;lang=de\" target=\"_blank\" rel=\"noopener\">GUTSCHEIN \/ TICKET<\/a> <\/button> <\/td>\n<td><strong>CHF 175.00<\/strong>\/pers.<strong> &#8211; 70 Min.<\/strong><\/td>\n<\/tr>\n<tr>\n<td><button class=\"elementor-button\" type=\"button\"><a href=\"https:\/\/swissraft.outdoorbooking.ch\/fo\/products\/1692?base_id=253&amp;category_id=22&amp;order_type=gift_voucher&amp;lang=de\" target=\"_blank\" rel=\"noopener\">GUTSCHEIN \/ TICKET KAUFEN<\/a><\/button><\/td>\n<td><strong>CHF 525.00 &#8211; 70 min. (1-3 Pers.)<\/strong><\/td>\n<\/tr>\n<tr>\n<td><button class=\"elementor-button\" type=\"button\"><a href=\"https:\/\/swissraft.outdoorbooking.ch\/fo\/products\/1713?base_id=255&amp;category_id=22&amp;order_type=gift_voucher&amp;lang=de\" target=\"_blank\" rel=\"noopener\">GUTSCHEIN \/ TICKET KAUFEN<\/a><\/button><\/td>\n<td><strong>CHF 555.00 &#8211; 70 Min. (3 Erw. + 2 Kinder)<\/strong><\/td>\n<\/tr>\n<tr>\n<td> <\/td>\n<td><span style=\"text-decoration: underline;\"><strong><em>WICHTIG !<\/em><\/strong><\/span><br \/><em>Um zu reservieren, rufen Sie die Nummer an, die sich oben links auf dem Gutschein \/ Ticket befindet.<\/em><\/td>\n<\/tr>\n<\/tbody>\n<\/table>\n\t\t\t\t\t\t<\/div>\n\t\t\t\t<\/div>\n\t\t\t\t\t<\/div>\n\t\t<\/div>\n\t\t\t\t\t\t\t<\/div>\n\t\t<\/section>\n\t\t\t\t\t\t\t<\/div>\n\t\t","protected":false},"excerpt":{"rendered":"<div align=\"justify\">\n<h2 align=\"justify\">Sie starten von \u00c9pagny aus und fliegen \u00fcber die Berner Alpen.<\/h2>\n<h3>In Begleitung unseres Piloten machen Sie einen 70-min\u00fctigen Flug \u00fcber die Berner Alpen und ihre sch\u00f6nsten Gipfel wie Eiger, M\u00f6nch und Jungfrau.<\/h3>\n<\/div>\n<div align=\"justify\">\n<p>Vom Flugplatz \u00c9pagny aus starten Sie und fliegen zu den majest\u00e4tischen Gipfeln der Berner Alpen. Das imposante Eigermassiv mit M\u00f6nch und Jungfrau, der Aletschgletscher usw. ziehen an Ihnen vorbei. Nach einer Reihe von atemberaubenden Panoramen fliegen Sie zur\u00fcck in Richtung Greyer und landen wieder auf dem Flugplatz von \u00c9pagny.<\/p>\n<h3>Auf unserer Webseite finden Sie zahlreiche Rundfl\u00fcge mit dem Flugzeug. Wenn Sie Fragen haben, rufen Sie uns bitte an. <\/h3>\n<p id=\"textarea\" style=\"display: none;\">\n\u00dcbrigens starten wir auch vom Flugplatz Biel im Kanton Bern f\u00fcr attraktive Routen. Ebenso bieten wir Fl\u00fcge mit Flugzeug vom internationalen Flughafen Bern-Belp an. Einerseits f\u00fchren wir vom Flugplatz Buttwil aus Rundfl\u00fcge im Kanton Aargau durch. Au\u00dferdem starten wir vom Flugplatz Grenchen im Kanton Solothurn. Au\u00dferdem starten wir vom Flugplatz Sch\u00e4nis im Kanton St. Gallen auch f\u00fcr Rundfl\u00fcge.<\/p>\n<p><a id=\"seeMore\" onclick=\"toggleSeeMore()\" href=\"javascript:void(0);\">Lesen Sie mehr<\/a><\/p>\n","protected":false},"featured_media":88450,"comment_status":"open","ping_status":"closed","template":"","meta":{"inline_featured_image":false,"_mi_skip_tracking":false},"product_cat":[293,356],"product_tag":[],"class_list":["post-91698","product","type-product","status-publish","has-post-thumbnail","hentry","product_cat-flug-in-der-schweiz","product_cat-rundflug-flugzeug-epagny"],"yoast_head":"<!-- This site is optimized with the Yoast SEO plugin v23.6 - https:\/\/yoast.com\/wordpress\/plugins\/seo\/ -->\n<title>Die Berner Alpen mit dem Flugzeug von \u00c9pagny aus. Flug von 70 Minuten.<\/title>\n<meta name=\"description\" content=\"Die Berner Alpen im Flugzeug von \u00c9pagny aus. Ein 70-min\u00fctiger Flug, bei dem Sie die ber\u00fchmtesten Gipfel der Berner Alpen sehen werden.\" \/>\n<meta name=\"robots\" content=\"index, follow, max-snippet:-1, max-image-preview:large, max-video-preview:-1\" \/>\n<link rel=\"canonical\" href=\"https:\/\/www.swissraft.ch\/de\/produkt\/flug-von-epagny-die-berner-alpen\/\" \/>\n<meta property=\"og:locale\" content=\"de_DE\" \/>\n<meta property=\"og:type\" content=\"article\" \/>\n<meta property=\"og:title\" content=\"Die Berner Alpen mit dem Flugzeug von \u00c9pagny aus. Flug von 70 Minuten.\" \/>\n<meta property=\"og:description\" content=\"Die Berner Alpen im Flugzeug von \u00c9pagny aus. Ein 70-min\u00fctiger Flug, bei dem Sie die ber\u00fchmtesten Gipfel der Berner Alpen sehen werden.\" \/>\n<meta property=\"og:url\" content=\"https:\/\/www.swissraft.ch\/de\/produkt\/flug-von-epagny-die-berner-alpen\/\" \/>\n<meta property=\"og:site_name\" content=\"Swissraft\" \/>\n<meta property=\"article:modified_time\" content=\"2025-12-19T05:07:13+00:00\" \/>\n<meta property=\"og:image\" content=\"https:\/\/www.swissraft.ch\/wp-content\/uploads\/2023\/01\/5-EPAGNY-Die-Berner-Alpen-776x776-1.jpg\" \/>\n\t<meta property=\"og:image:width\" content=\"776\" \/>\n\t<meta property=\"og:image:height\" content=\"776\" \/>\n\t<meta property=\"og:image:type\" content=\"image\/jpeg\" \/>\n<meta name=\"twitter:card\" content=\"summary_large_image\" \/>\n<meta name=\"twitter:label1\" content=\"Gesch\u00e4tzte Lesezeit\" \/>\n\t<meta name=\"twitter:data1\" content=\"1\u00a0Minute\" \/>\n<script type=\"application\/ld+json\" class=\"yoast-schema-graph\">{\"@context\":\"https:\/\/schema.org\",\"@graph\":[{\"@type\":\"WebPage\",\"@id\":\"https:\/\/www.swissraft.ch\/de\/produkt\/flug-von-epagny-die-berner-alpen\/\",\"url\":\"https:\/\/www.swissraft.ch\/de\/produkt\/flug-von-epagny-die-berner-alpen\/\",\"name\":\"Die Berner Alpen mit dem Flugzeug von \u00c9pagny aus. Flug von 70 Minuten.\",\"isPartOf\":{\"@id\":\"https:\/\/www.swissraft.ch\/de\/#website\"},\"primaryImageOfPage\":{\"@id\":\"https:\/\/www.swissraft.ch\/de\/produkt\/flug-von-epagny-die-berner-alpen\/#primaryimage\"},\"image\":{\"@id\":\"https:\/\/www.swissraft.ch\/de\/produkt\/flug-von-epagny-die-berner-alpen\/#primaryimage\"},\"thumbnailUrl\":\"https:\/\/www.swissraft.ch\/wp-content\/uploads\/2023\/01\/5-EPAGNY-Die-Berner-Alpen-776x776-1.jpg\",\"datePublished\":\"2023-01-17T10:09:10+00:00\",\"dateModified\":\"2025-12-19T05:07:13+00:00\",\"description\":\"Die Berner Alpen im Flugzeug von \u00c9pagny aus. Ein 70-min\u00fctiger Flug, bei dem Sie die ber\u00fchmtesten Gipfel der Berner Alpen sehen werden.\",\"breadcrumb\":{\"@id\":\"https:\/\/www.swissraft.ch\/de\/produkt\/flug-von-epagny-die-berner-alpen\/#breadcrumb\"},\"inLanguage\":\"de\",\"potentialAction\":[{\"@type\":\"ReadAction\",\"target\":[\"https:\/\/www.swissraft.ch\/de\/produkt\/flug-von-epagny-die-berner-alpen\/\"]}]},{\"@type\":\"ImageObject\",\"inLanguage\":\"de\",\"@id\":\"https:\/\/www.swissraft.ch\/de\/produkt\/flug-von-epagny-die-berner-alpen\/#primaryimage\",\"url\":\"https:\/\/www.swissraft.ch\/wp-content\/uploads\/2023\/01\/5-EPAGNY-Die-Berner-Alpen-776x776-1.jpg\",\"contentUrl\":\"https:\/\/www.swissraft.ch\/wp-content\/uploads\/2023\/01\/5-EPAGNY-Die-Berner-Alpen-776x776-1.jpg\",\"width\":776,\"height\":776,\"caption\":\"Von \u00c9pagny aus Flug \u00fcber die Berner Alpen\"},{\"@type\":\"BreadcrumbList\",\"@id\":\"https:\/\/www.swissraft.ch\/de\/produkt\/flug-von-epagny-die-berner-alpen\/#breadcrumb\",\"itemListElement\":[{\"@type\":\"ListItem\",\"position\":1,\"name\":\"Accueil\",\"item\":\"https:\/\/www.swissraft.ch\/de\/\"},{\"@type\":\"ListItem\",\"position\":2,\"name\":\"Shop\",\"item\":\"https:\/\/www.swissraft.ch\/de\/shop\/\"},{\"@type\":\"ListItem\",\"position\":3,\"name\":\"Vol en avion depuis \u00c9PAGNY &#8211; DIE BERNER ALPEN &#8211; 70 Min. &#8211; Ab CHF 175.00\"}]},{\"@type\":\"WebSite\",\"@id\":\"https:\/\/www.swissraft.ch\/de\/#website\",\"url\":\"https:\/\/www.swissraft.ch\/de\/\",\"name\":\"Swissraft\",\"description\":\"To enjoy nature as it is\",\"publisher\":{\"@id\":\"https:\/\/www.swissraft.ch\/de\/#organization\"},\"potentialAction\":[{\"@type\":\"SearchAction\",\"target\":{\"@type\":\"EntryPoint\",\"urlTemplate\":\"https:\/\/www.swissraft.ch\/de\/?s={search_term_string}\"},\"query-input\":{\"@type\":\"PropertyValueSpecification\",\"valueRequired\":true,\"valueName\":\"search_term_string\"}}],\"inLanguage\":\"de\"},{\"@type\":\"Organization\",\"@id\":\"https:\/\/www.swissraft.ch\/de\/#organization\",\"name\":\"Swissraft\",\"url\":\"https:\/\/www.swissraft.ch\/de\/\",\"logo\":{\"@type\":\"ImageObject\",\"inLanguage\":\"de\",\"@id\":\"https:\/\/www.swissraft.ch\/de\/#\/schema\/logo\/image\/\",\"url\":\"https:\/\/www.swissraft.ch\/wp-content\/uploads\/2025\/09\/Capture.jpg\",\"contentUrl\":\"https:\/\/www.swissraft.ch\/wp-content\/uploads\/2025\/09\/Capture.jpg\",\"width\":293,\"height\":108,\"caption\":\"Swissraft\"},\"image\":{\"@id\":\"https:\/\/www.swissraft.ch\/de\/#\/schema\/logo\/image\/\"}}]}<\/script>\n<!-- \/ Yoast SEO plugin. -->","yoast_head_json":{"title":"Die Berner Alpen mit dem Flugzeug von \u00c9pagny aus. Flug von 70 Minuten.","description":"Die Berner Alpen im Flugzeug von \u00c9pagny aus. Ein 70-min\u00fctiger Flug, bei dem Sie die ber\u00fchmtesten Gipfel der Berner Alpen sehen werden.","robots":{"index":"index","follow":"follow","max-snippet":"max-snippet:-1","max-image-preview":"max-image-preview:large","max-video-preview":"max-video-preview:-1"},"canonical":"https:\/\/www.swissraft.ch\/de\/produkt\/flug-von-epagny-die-berner-alpen\/","og_locale":"de_DE","og_type":"article","og_title":"Die Berner Alpen mit dem Flugzeug von \u00c9pagny aus. Flug von 70 Minuten.","og_description":"Die Berner Alpen im Flugzeug von \u00c9pagny aus. Ein 70-min\u00fctiger Flug, bei dem Sie die ber\u00fchmtesten Gipfel der Berner Alpen sehen werden.","og_url":"https:\/\/www.swissraft.ch\/de\/produkt\/flug-von-epagny-die-berner-alpen\/","og_site_name":"Swissraft","article_modified_time":"2025-12-19T05:07:13+00:00","og_image":[{"width":776,"height":776,"url":"https:\/\/www.swissraft.ch\/wp-content\/uploads\/2023\/01\/5-EPAGNY-Die-Berner-Alpen-776x776-1.jpg","type":"image\/jpeg"}],"twitter_card":"summary_large_image","twitter_misc":{"Gesch\u00e4tzte Lesezeit":"1\u00a0Minute"},"schema":{"@context":"https:\/\/schema.org","@graph":[{"@type":"WebPage","@id":"https:\/\/www.swissraft.ch\/de\/produkt\/flug-von-epagny-die-berner-alpen\/","url":"https:\/\/www.swissraft.ch\/de\/produkt\/flug-von-epagny-die-berner-alpen\/","name":"Die Berner Alpen mit dem Flugzeug von \u00c9pagny aus. Flug von 70 Minuten.","isPartOf":{"@id":"https:\/\/www.swissraft.ch\/de\/#website"},"primaryImageOfPage":{"@id":"https:\/\/www.swissraft.ch\/de\/produkt\/flug-von-epagny-die-berner-alpen\/#primaryimage"},"image":{"@id":"https:\/\/www.swissraft.ch\/de\/produkt\/flug-von-epagny-die-berner-alpen\/#primaryimage"},"thumbnailUrl":"https:\/\/www.swissraft.ch\/wp-content\/uploads\/2023\/01\/5-EPAGNY-Die-Berner-Alpen-776x776-1.jpg","datePublished":"2023-01-17T10:09:10+00:00","dateModified":"2025-12-19T05:07:13+00:00","description":"Die Berner Alpen im Flugzeug von \u00c9pagny aus. Ein 70-min\u00fctiger Flug, bei dem Sie die ber\u00fchmtesten Gipfel der Berner Alpen sehen werden.","breadcrumb":{"@id":"https:\/\/www.swissraft.ch\/de\/produkt\/flug-von-epagny-die-berner-alpen\/#breadcrumb"},"inLanguage":"de","potentialAction":[{"@type":"ReadAction","target":["https:\/\/www.swissraft.ch\/de\/produkt\/flug-von-epagny-die-berner-alpen\/"]}]},{"@type":"ImageObject","inLanguage":"de","@id":"https:\/\/www.swissraft.ch\/de\/produkt\/flug-von-epagny-die-berner-alpen\/#primaryimage","url":"https:\/\/www.swissraft.ch\/wp-content\/uploads\/2023\/01\/5-EPAGNY-Die-Berner-Alpen-776x776-1.jpg","contentUrl":"https:\/\/www.swissraft.ch\/wp-content\/uploads\/2023\/01\/5-EPAGNY-Die-Berner-Alpen-776x776-1.jpg","width":776,"height":776,"caption":"Von \u00c9pagny aus Flug \u00fcber die Berner Alpen"},{"@type":"BreadcrumbList","@id":"https:\/\/www.swissraft.ch\/de\/produkt\/flug-von-epagny-die-berner-alpen\/#breadcrumb","itemListElement":[{"@type":"ListItem","position":1,"name":"Accueil","item":"https:\/\/www.swissraft.ch\/de\/"},{"@type":"ListItem","position":2,"name":"Shop","item":"https:\/\/www.swissraft.ch\/de\/shop\/"},{"@type":"ListItem","position":3,"name":"Vol en avion depuis \u00c9PAGNY &#8211; DIE BERNER ALPEN &#8211; 70 Min. &#8211; Ab CHF 175.00"}]},{"@type":"WebSite","@id":"https:\/\/www.swissraft.ch\/de\/#website","url":"https:\/\/www.swissraft.ch\/de\/","name":"Swissraft","description":"To enjoy nature as it is","publisher":{"@id":"https:\/\/www.swissraft.ch\/de\/#organization"},"potentialAction":[{"@type":"SearchAction","target":{"@type":"EntryPoint","urlTemplate":"https:\/\/www.swissraft.ch\/de\/?s={search_term_string}"},"query-input":{"@type":"PropertyValueSpecification","valueRequired":true,"valueName":"search_term_string"}}],"inLanguage":"de"},{"@type":"Organization","@id":"https:\/\/www.swissraft.ch\/de\/#organization","name":"Swissraft","url":"https:\/\/www.swissraft.ch\/de\/","logo":{"@type":"ImageObject","inLanguage":"de","@id":"https:\/\/www.swissraft.ch\/de\/#\/schema\/logo\/image\/","url":"https:\/\/www.swissraft.ch\/wp-content\/uploads\/2025\/09\/Capture.jpg","contentUrl":"https:\/\/www.swissraft.ch\/wp-content\/uploads\/2025\/09\/Capture.jpg","width":293,"height":108,"caption":"Swissraft"},"image":{"@id":"https:\/\/www.swissraft.ch\/de\/#\/schema\/logo\/image\/"}}]}},"_links":{"self":[{"href":"https:\/\/www.swissraft.ch\/de\/wp-json\/wp\/v2\/product\/91698","targetHints":{"allow":["GET"]}}],"collection":[{"href":"https:\/\/www.swissraft.ch\/de\/wp-json\/wp\/v2\/product"}],"about":[{"href":"https:\/\/www.swissraft.ch\/de\/wp-json\/wp\/v2\/types\/product"}],"replies":[{"embeddable":true,"href":"https:\/\/www.swissraft.ch\/de\/wp-json\/wp\/v2\/comments?post=91698"}],"version-history":[{"count":2,"href":"https:\/\/www.swissraft.ch\/de\/wp-json\/wp\/v2\/product\/91698\/revisions"}],"predecessor-version":[{"id":124369,"href":"https:\/\/www.swissraft.ch\/de\/wp-json\/wp\/v2\/product\/91698\/revisions\/124369"}],"wp:featuredmedia":[{"embeddable":true,"href":"https:\/\/www.swissraft.ch\/de\/wp-json\/wp\/v2\/media\/88450"}],"wp:attachment":[{"href":"https:\/\/www.swissraft.ch\/de\/wp-json\/wp\/v2\/media?parent=91698"}],"wp:term":[{"taxonomy":"product_cat","embeddable":true,"href":"https:\/\/www.swissraft.ch\/de\/wp-json\/wp\/v2\/product_cat?post=91698"},{"taxonomy":"product_tag","embeddable":true,"href":"https:\/\/www.swissraft.ch\/de\/wp-json\/wp\/v2\/product_tag?post=91698"}],"curies":[{"name":"wp","href":"https:\/\/api.w.org\/{rel}","templated":true}]}}