{"id":91697,"date":"2023-01-17T12:09:47","date_gmt":"2023-01-17T11:09:47","guid":{"rendered":"https:\/\/swissraft.xyanzkdne.eu\/product\/flug-mit-dem-flugzeug-von-granges-les-3-lacs-60-min-chf-440-00\/"},"modified":"2024-12-13T17:19:51","modified_gmt":"2024-12-13T16:19:51","slug":"flug-flugzeug-grenchen-die-3-seen","status":"publish","type":"product","link":"https:\/\/www.swissraft.ch\/de\/produkt\/flug-flugzeug-grenchen-die-3-seen\/","title":{"rendered":"Flug mit dem Flugzeug ab GRENCHEN &#8211; DIE 3 SEEN &#8211; 60 Min. &#8211; CHF 440.00"},"content":{"rendered":"\t\t<div data-elementor-type=\"wp-post\" data-elementor-id=\"91697\" class=\"elementor elementor-91697 elementor-30449\">\n\t\t\t\t\t\t\t\t\t<section class=\"elementor-section elementor-top-section elementor-element elementor-element-3303a7e3 elementor-section-boxed elementor-section-height-default elementor-section-height-default\" data-id=\"3303a7e3\" data-element_type=\"section\">\n\t\t\t\t\t\t<div class=\"elementor-container elementor-column-gap-default\">\n\t\t\t\t\t<div class=\"elementor-column elementor-col-100 elementor-top-column elementor-element elementor-element-16d72dbf\" data-id=\"16d72dbf\" data-element_type=\"column\">\n\t\t\t<div class=\"elementor-widget-wrap elementor-element-populated\">\n\t\t\t\t\t\t\t\t<div class=\"elementor-element elementor-element-d743c03 elementor-widget elementor-widget-text-editor\" data-id=\"d743c03\" data-element_type=\"widget\" data-widget_type=\"text-editor.default\">\n\t\t\t\t<div class=\"elementor-widget-container\">\n\t\t\t\t\t\t\t<h2>W\u00c4HLEN SIE UNTEN IHRE AKTIVIT\u00c4T AUS, UM GESCHENKGUTSCHEINE \/ TICKETS ZU VERSCHENKEN ODER ZU BUCHEN.<\/h2><table border=\"0\" width=\"580\" cellspacing=\"10\" cellpadding=\"10\"><tbody><tr><td width=\"50%\"><strong>\u00a0\u00dcBER DIE 3 SEEN &#8211; PRIVATFLUG (1-3 Pers.) &#8211; 60 Min.<\/strong><\/td><td><strong>CHF 440.00 pro Privatflug<span class=\"productPrice\"><br \/><\/span><\/strong><\/td><\/tr><tr><td>Weitere Informationen<\/td><td>&#8211; Sie haben das Flugzeug ausschlie\u00dflich f\u00fcr sich<br \/>&#8211; Sie bestimmen das Datum und die Uhrzeit des Abflugs<br \/>&#8211; Maximal 3 Pers.<\/td><\/tr><tr><td>Flugplatz<\/td><td><a href=\"https:\/\/www.google.com\/maps\/place\/47%C2%B010'59.4%22N+7%C2%B024'53.1%22E\/@47.1836299,7.3960656,3068m\/data=!3m1!1e3!4m4!3m3!8m2!3d47.183175!4d7.41475?entry=ttu\" target=\"_blank\" rel=\"noopener\">Grenchen<\/a><\/td><\/tr><tr><td>Flugzeit<\/td><td>60 Min.<\/td><\/tr><tr><td>Gesamtdauer<\/td><td>ca. 1:20 Std.<\/td><\/tr><tr><td>Terminvereinbarung<\/td><td>Per Telefon<\/td><\/tr><tr><td><button class=\"elementor-button\" type=\"button\"><a href=\"https:\/\/swissraft.outdoorbooking.ch\/fo\/products\/658?base_id=149&amp;category_id=22&amp;order_type=gift_voucher&amp;lang=de\" target=\"_blank\" rel=\"noopener\">GUTSCHEIN KAUFEN<\/a><\/button><\/td><td>Um zu buchen : <span class=\"patt\" style=\"font-family: inherit; font-size: inherit;\"><span class=\"plbl\"><span class=\"patt\"><a href=\"https:\/\/www.swissraft.ch\/de\/kontakt\/\">Kontaktieren Sie uns<\/a><\/span><\/span><\/span><\/td><\/tr><\/tbody><\/table>\t\t\t\t\t\t<\/div>\n\t\t\t\t<\/div>\n\t\t\t\t\t<\/div>\n\t\t<\/div>\n\t\t\t\t\t\t\t<\/div>\n\t\t<\/section>\n\t\t\t\t\t\t\t<\/div>\n\t\t","protected":false},"excerpt":{"rendered":"<div align=\"justify\">\n<h2 align=\"justify\">Dieser 60-min\u00fctige Flug von Grenchen aus f\u00fchrt Sie \u00fcber die Drei-Seen-Region.<\/h2>\n<h3>Von Grenchen aus und bequem an Bord unseres Flugzeugs Robin DR300 fliegen Sie \u00fcber den Bieler-, Murten- und Neuenburgersee.<\/h3>\n<\/div>\n<div align=\"justify\">\n<p>Von Grenchen aus fahren Sie s\u00fcdlich in die Drei-Seen-Region. Sie fliegen \u00fcber die St\u00e4dte Biel, Murten und Neuch\u00e2tel und deren Seen. Diese ganze Region, eine alte Seestadt, erinnert uns daran, dass hier vor 3000 Jahren Menschen lebten. Sie lebten in H\u00e4usern, die auf Pf\u00e4hlen gebaut waren, um sich vor den \u00dcberschwemmungen zu sch\u00fctzen, die durch das Hochwasser der Aare verursacht wurden. Zu dieser Zeit gab es um die Seen herum bis 1868 nur Sumpfgebiete. Zu diesem Zeitpunkt wurde die erste Juragew\u00e4sserkorrektion zur Trockenlegung der S\u00fcmpfe durchgef\u00fchrt. Dieser touristische und arch\u00e4ologische Flug bringt Sie nach 60 Minuten zur\u00fcck nach Grenchen, wo Sie sich ausruhen k\u00f6nnen.<\/p>\n<h3>Swissraft bietet auf seiner Webseite zahlreiche Rundfl\u00fcge mit Sportflugzeugen durch die Schweiz an.<\/h3>\n<p id=\"textarea\" style=\"display: none;\">\nDar\u00fcber hinaus haben wir Fl\u00fcge vom Flughafen Bern-Belp im Angebot. Von Biel aus in der Drei-Seen-Region bieten wir auch Rundfl\u00fcge an. Aber auch im Kanton Aargau bieten wir Rundfl\u00fcge ab dem Flugplatz Buttwil an. Au\u00dferdem bieten wir Fl\u00fcge mit einem Sportflugzeug von \u00c9pagny im Greyerzerland im Kanton Freiburg an. Dar\u00fcber hinaus haben wir Flugverbindungen in den Kanton St. Gallen vom Flugplatz Sch\u00e4nis an.\n<\/p>\n<p><a id=\"seeMore\" onclick=\"toggleSeeMore()\" href=\"javascript:void(0);\">Lesen Sie mehr<\/a><\/p>\n","protected":false},"featured_media":89629,"comment_status":"open","ping_status":"closed","template":"","meta":{"inline_featured_image":false,"_mi_skip_tracking":false},"product_cat":[293,295],"product_tag":[],"class_list":["post-91697","product","type-product","status-publish","has-post-thumbnail","hentry","product_cat-flug-in-der-schweiz","product_cat-flugzeug-granges"],"yoast_head":"<!-- This site is optimized with the Yoast SEO plugin v23.6 - https:\/\/yoast.com\/wordpress\/plugins\/seo\/ -->\n<title>\u00dcber die 3 Seen von Grenchen aus : Das Seeland<\/title>\n<meta name=\"description\" content=\"\u00dcber die 3-Seen-Region mit Start auf dem Flugplatz Grenchen. Dieser 60-min\u00fctige Flug f\u00fchrt Sie \u00fcber den Bieler-, Murten- und Neuenburgersee.\" \/>\n<meta name=\"robots\" content=\"index, follow, max-snippet:-1, max-image-preview:large, max-video-preview:-1\" \/>\n<link rel=\"canonical\" href=\"https:\/\/www.swissraft.ch\/de\/produkt\/flug-flugzeug-grenchen-die-3-seen\/\" \/>\n<meta property=\"og:locale\" content=\"de_DE\" \/>\n<meta property=\"og:type\" content=\"article\" \/>\n<meta property=\"og:title\" content=\"\u00dcber die 3 Seen von Grenchen aus : Das Seeland\" \/>\n<meta property=\"og:description\" content=\"\u00dcber die 3-Seen-Region mit Start auf dem Flugplatz Grenchen. Dieser 60-min\u00fctige Flug f\u00fchrt Sie \u00fcber den Bieler-, Murten- und Neuenburgersee.\" \/>\n<meta property=\"og:url\" content=\"https:\/\/www.swissraft.ch\/de\/produkt\/flug-flugzeug-grenchen-die-3-seen\/\" \/>\n<meta property=\"og:site_name\" content=\"Swissraft\" \/>\n<meta property=\"article:modified_time\" content=\"2024-12-13T16:19:51+00:00\" \/>\n<meta property=\"og:image\" content=\"https:\/\/www.swissraft.ch\/wp-content\/uploads\/2023\/01\/2-GRENCHEN-3-Seen-Rundflug-776x776-1.jpg\" \/>\n\t<meta property=\"og:image:width\" content=\"776\" \/>\n\t<meta property=\"og:image:height\" content=\"776\" \/>\n\t<meta property=\"og:image:type\" content=\"image\/jpeg\" \/>\n<meta name=\"twitter:card\" content=\"summary_large_image\" \/>\n<meta name=\"twitter:label1\" content=\"Gesch\u00e4tzte Lesezeit\" \/>\n\t<meta name=\"twitter:data1\" content=\"1\u00a0Minute\" \/>\n<script type=\"application\/ld+json\" class=\"yoast-schema-graph\">{\"@context\":\"https:\/\/schema.org\",\"@graph\":[{\"@type\":\"WebPage\",\"@id\":\"https:\/\/www.swissraft.ch\/de\/produkt\/flug-flugzeug-grenchen-die-3-seen\/\",\"url\":\"https:\/\/www.swissraft.ch\/de\/produkt\/flug-flugzeug-grenchen-die-3-seen\/\",\"name\":\"\u00dcber die 3 Seen von Grenchen aus : Das Seeland\",\"isPartOf\":{\"@id\":\"https:\/\/www.swissraft.ch\/de\/#website\"},\"primaryImageOfPage\":{\"@id\":\"https:\/\/www.swissraft.ch\/de\/produkt\/flug-flugzeug-grenchen-die-3-seen\/#primaryimage\"},\"image\":{\"@id\":\"https:\/\/www.swissraft.ch\/de\/produkt\/flug-flugzeug-grenchen-die-3-seen\/#primaryimage\"},\"thumbnailUrl\":\"https:\/\/www.swissraft.ch\/wp-content\/uploads\/2023\/01\/2-GRENCHEN-3-Seen-Rundflug-776x776-1.jpg\",\"datePublished\":\"2023-01-17T11:09:47+00:00\",\"dateModified\":\"2024-12-13T16:19:51+00:00\",\"description\":\"\u00dcber die 3-Seen-Region mit Start auf dem Flugplatz Grenchen. Dieser 60-min\u00fctige Flug f\u00fchrt Sie \u00fcber den Bieler-, Murten- und Neuenburgersee.\",\"breadcrumb\":{\"@id\":\"https:\/\/www.swissraft.ch\/de\/produkt\/flug-flugzeug-grenchen-die-3-seen\/#breadcrumb\"},\"inLanguage\":\"de\",\"potentialAction\":[{\"@type\":\"ReadAction\",\"target\":[\"https:\/\/www.swissraft.ch\/de\/produkt\/flug-flugzeug-grenchen-die-3-seen\/\"]}]},{\"@type\":\"ImageObject\",\"inLanguage\":\"de\",\"@id\":\"https:\/\/www.swissraft.ch\/de\/produkt\/flug-flugzeug-grenchen-die-3-seen\/#primaryimage\",\"url\":\"https:\/\/www.swissraft.ch\/wp-content\/uploads\/2023\/01\/2-GRENCHEN-3-Seen-Rundflug-776x776-1.jpg\",\"contentUrl\":\"https:\/\/www.swissraft.ch\/wp-content\/uploads\/2023\/01\/2-GRENCHEN-3-Seen-Rundflug-776x776-1.jpg\",\"width\":776,\"height\":776,\"caption\":\"Flug \u00fcber die 3-Seen-Region von Granges aus\"},{\"@type\":\"BreadcrumbList\",\"@id\":\"https:\/\/www.swissraft.ch\/de\/produkt\/flug-flugzeug-grenchen-die-3-seen\/#breadcrumb\",\"itemListElement\":[{\"@type\":\"ListItem\",\"position\":1,\"name\":\"Accueil\",\"item\":\"https:\/\/www.swissraft.ch\/de\/\"},{\"@type\":\"ListItem\",\"position\":2,\"name\":\"Shop\",\"item\":\"https:\/\/www.swissraft.ch\/de\/shop\/\"},{\"@type\":\"ListItem\",\"position\":3,\"name\":\"Flug mit dem Flugzeug ab GRENCHEN &#8211; DIE 3 SEEN &#8211; 60 Min. &#8211; CHF 440.00\"}]},{\"@type\":\"WebSite\",\"@id\":\"https:\/\/www.swissraft.ch\/de\/#website\",\"url\":\"https:\/\/www.swissraft.ch\/de\/\",\"name\":\"Swissraft\",\"description\":\"To enjoy nature as it is\",\"publisher\":{\"@id\":\"https:\/\/www.swissraft.ch\/de\/#organization\"},\"potentialAction\":[{\"@type\":\"SearchAction\",\"target\":{\"@type\":\"EntryPoint\",\"urlTemplate\":\"https:\/\/www.swissraft.ch\/de\/?s={search_term_string}\"},\"query-input\":{\"@type\":\"PropertyValueSpecification\",\"valueRequired\":true,\"valueName\":\"search_term_string\"}}],\"inLanguage\":\"de\"},{\"@type\":\"Organization\",\"@id\":\"https:\/\/www.swissraft.ch\/de\/#organization\",\"name\":\"Swissraft\",\"url\":\"https:\/\/www.swissraft.ch\/de\/\",\"logo\":{\"@type\":\"ImageObject\",\"inLanguage\":\"de\",\"@id\":\"https:\/\/www.swissraft.ch\/de\/#\/schema\/logo\/image\/\",\"url\":\"https:\/\/www.swissraft.ch\/wp-content\/uploads\/2025\/09\/Capture.jpg\",\"contentUrl\":\"https:\/\/www.swissraft.ch\/wp-content\/uploads\/2025\/09\/Capture.jpg\",\"width\":293,\"height\":108,\"caption\":\"Swissraft\"},\"image\":{\"@id\":\"https:\/\/www.swissraft.ch\/de\/#\/schema\/logo\/image\/\"}}]}<\/script>\n<!-- \/ Yoast SEO plugin. -->","yoast_head_json":{"title":"\u00dcber die 3 Seen von Grenchen aus : Das Seeland","description":"\u00dcber die 3-Seen-Region mit Start auf dem Flugplatz Grenchen. Dieser 60-min\u00fctige Flug f\u00fchrt Sie \u00fcber den Bieler-, Murten- und Neuenburgersee.","robots":{"index":"index","follow":"follow","max-snippet":"max-snippet:-1","max-image-preview":"max-image-preview:large","max-video-preview":"max-video-preview:-1"},"canonical":"https:\/\/www.swissraft.ch\/de\/produkt\/flug-flugzeug-grenchen-die-3-seen\/","og_locale":"de_DE","og_type":"article","og_title":"\u00dcber die 3 Seen von Grenchen aus : Das Seeland","og_description":"\u00dcber die 3-Seen-Region mit Start auf dem Flugplatz Grenchen. Dieser 60-min\u00fctige Flug f\u00fchrt Sie \u00fcber den Bieler-, Murten- und Neuenburgersee.","og_url":"https:\/\/www.swissraft.ch\/de\/produkt\/flug-flugzeug-grenchen-die-3-seen\/","og_site_name":"Swissraft","article_modified_time":"2024-12-13T16:19:51+00:00","og_image":[{"width":776,"height":776,"url":"https:\/\/www.swissraft.ch\/wp-content\/uploads\/2023\/01\/2-GRENCHEN-3-Seen-Rundflug-776x776-1.jpg","type":"image\/jpeg"}],"twitter_card":"summary_large_image","twitter_misc":{"Gesch\u00e4tzte Lesezeit":"1\u00a0Minute"},"schema":{"@context":"https:\/\/schema.org","@graph":[{"@type":"WebPage","@id":"https:\/\/www.swissraft.ch\/de\/produkt\/flug-flugzeug-grenchen-die-3-seen\/","url":"https:\/\/www.swissraft.ch\/de\/produkt\/flug-flugzeug-grenchen-die-3-seen\/","name":"\u00dcber die 3 Seen von Grenchen aus : Das Seeland","isPartOf":{"@id":"https:\/\/www.swissraft.ch\/de\/#website"},"primaryImageOfPage":{"@id":"https:\/\/www.swissraft.ch\/de\/produkt\/flug-flugzeug-grenchen-die-3-seen\/#primaryimage"},"image":{"@id":"https:\/\/www.swissraft.ch\/de\/produkt\/flug-flugzeug-grenchen-die-3-seen\/#primaryimage"},"thumbnailUrl":"https:\/\/www.swissraft.ch\/wp-content\/uploads\/2023\/01\/2-GRENCHEN-3-Seen-Rundflug-776x776-1.jpg","datePublished":"2023-01-17T11:09:47+00:00","dateModified":"2024-12-13T16:19:51+00:00","description":"\u00dcber die 3-Seen-Region mit Start auf dem Flugplatz Grenchen. Dieser 60-min\u00fctige Flug f\u00fchrt Sie \u00fcber den Bieler-, Murten- und Neuenburgersee.","breadcrumb":{"@id":"https:\/\/www.swissraft.ch\/de\/produkt\/flug-flugzeug-grenchen-die-3-seen\/#breadcrumb"},"inLanguage":"de","potentialAction":[{"@type":"ReadAction","target":["https:\/\/www.swissraft.ch\/de\/produkt\/flug-flugzeug-grenchen-die-3-seen\/"]}]},{"@type":"ImageObject","inLanguage":"de","@id":"https:\/\/www.swissraft.ch\/de\/produkt\/flug-flugzeug-grenchen-die-3-seen\/#primaryimage","url":"https:\/\/www.swissraft.ch\/wp-content\/uploads\/2023\/01\/2-GRENCHEN-3-Seen-Rundflug-776x776-1.jpg","contentUrl":"https:\/\/www.swissraft.ch\/wp-content\/uploads\/2023\/01\/2-GRENCHEN-3-Seen-Rundflug-776x776-1.jpg","width":776,"height":776,"caption":"Flug \u00fcber die 3-Seen-Region von Granges aus"},{"@type":"BreadcrumbList","@id":"https:\/\/www.swissraft.ch\/de\/produkt\/flug-flugzeug-grenchen-die-3-seen\/#breadcrumb","itemListElement":[{"@type":"ListItem","position":1,"name":"Accueil","item":"https:\/\/www.swissraft.ch\/de\/"},{"@type":"ListItem","position":2,"name":"Shop","item":"https:\/\/www.swissraft.ch\/de\/shop\/"},{"@type":"ListItem","position":3,"name":"Flug mit dem Flugzeug ab GRENCHEN &#8211; DIE 3 SEEN &#8211; 60 Min. &#8211; CHF 440.00"}]},{"@type":"WebSite","@id":"https:\/\/www.swissraft.ch\/de\/#website","url":"https:\/\/www.swissraft.ch\/de\/","name":"Swissraft","description":"To enjoy nature as it is","publisher":{"@id":"https:\/\/www.swissraft.ch\/de\/#organization"},"potentialAction":[{"@type":"SearchAction","target":{"@type":"EntryPoint","urlTemplate":"https:\/\/www.swissraft.ch\/de\/?s={search_term_string}"},"query-input":{"@type":"PropertyValueSpecification","valueRequired":true,"valueName":"search_term_string"}}],"inLanguage":"de"},{"@type":"Organization","@id":"https:\/\/www.swissraft.ch\/de\/#organization","name":"Swissraft","url":"https:\/\/www.swissraft.ch\/de\/","logo":{"@type":"ImageObject","inLanguage":"de","@id":"https:\/\/www.swissraft.ch\/de\/#\/schema\/logo\/image\/","url":"https:\/\/www.swissraft.ch\/wp-content\/uploads\/2025\/09\/Capture.jpg","contentUrl":"https:\/\/www.swissraft.ch\/wp-content\/uploads\/2025\/09\/Capture.jpg","width":293,"height":108,"caption":"Swissraft"},"image":{"@id":"https:\/\/www.swissraft.ch\/de\/#\/schema\/logo\/image\/"}}]}},"_links":{"self":[{"href":"https:\/\/www.swissraft.ch\/de\/wp-json\/wp\/v2\/product\/91697","targetHints":{"allow":["GET"]}}],"collection":[{"href":"https:\/\/www.swissraft.ch\/de\/wp-json\/wp\/v2\/product"}],"about":[{"href":"https:\/\/www.swissraft.ch\/de\/wp-json\/wp\/v2\/types\/product"}],"replies":[{"embeddable":true,"href":"https:\/\/www.swissraft.ch\/de\/wp-json\/wp\/v2\/comments?post=91697"}],"version-history":[{"count":0,"href":"https:\/\/www.swissraft.ch\/de\/wp-json\/wp\/v2\/product\/91697\/revisions"}],"wp:featuredmedia":[{"embeddable":true,"href":"https:\/\/www.swissraft.ch\/de\/wp-json\/wp\/v2\/media\/89629"}],"wp:attachment":[{"href":"https:\/\/www.swissraft.ch\/de\/wp-json\/wp\/v2\/media?parent=91697"}],"wp:term":[{"taxonomy":"product_cat","embeddable":true,"href":"https:\/\/www.swissraft.ch\/de\/wp-json\/wp\/v2\/product_cat?post=91697"},{"taxonomy":"product_tag","embeddable":true,"href":"https:\/\/www.swissraft.ch\/de\/wp-json\/wp\/v2\/product_tag?post=91697"}],"curies":[{"name":"wp","href":"https:\/\/api.w.org\/{rel}","templated":true}]}}