{"id":91694,"date":"2023-01-17T11:02:05","date_gmt":"2023-01-17T10:02:05","guid":{"rendered":"https:\/\/swissraft.xyanzkdne.eu\/product\/flug-mit-dem-flugzeug-von-epagny-les-3-lacs-60-min-ab-chf-250-00\/"},"modified":"2026-04-28T03:32:50","modified_gmt":"2026-04-28T01:32:50","slug":"flug-flugzeug-epagny-rundflug-drei-seen","status":"publish","type":"product","link":"https:\/\/www.swissraft.ch\/de\/produkt\/flug-flugzeug-epagny-rundflug-drei-seen\/","title":{"rendered":"Flug mit dem Flugzeug &#8211; \u00c9pagny &#8211; Die drei Seen &#8211; 60 Min. &#8211; Ab CHF 150.00"},"content":{"rendered":"\t\t<div data-elementor-type=\"wp-post\" data-elementor-id=\"91694\" class=\"elementor elementor-91694 elementor-30415\">\n\t\t\t\t\t\t\t\t\t<section class=\"elementor-section elementor-top-section elementor-element elementor-element-3303a7e3 elementor-section-boxed elementor-section-height-default elementor-section-height-default\" data-id=\"3303a7e3\" data-element_type=\"section\">\n\t\t\t\t\t\t<div class=\"elementor-container elementor-column-gap-default\">\n\t\t\t\t\t<div class=\"elementor-column elementor-col-100 elementor-top-column elementor-element elementor-element-16d72dbf\" data-id=\"16d72dbf\" data-element_type=\"column\">\n\t\t\t<div class=\"elementor-widget-wrap elementor-element-populated\">\n\t\t\t\t\t\t\t\t<div class=\"elementor-element elementor-element-d743c03 elementor-widget elementor-widget-text-editor\" data-id=\"d743c03\" data-element_type=\"widget\" data-widget_type=\"text-editor.default\">\n\t\t\t\t<div class=\"elementor-widget-container\">\n\t\t\t\t\t\t\t<h2>W\u00c4HLEN SIE UNTEN IHRE AKTIVIT\u00c4T AUS, UM GESCHENKGUTSCHEINE \/ TICKETS ZU VERSCHENKEN ODER ZU BUCHEN<\/h2><table border=\"0\" width=\"580\" cellspacing=\"10\" cellpadding=\"10\"><tbody><tr><td width=\"50%\"><strong>RUNDFLUG &#8211; DIE DREI SEEN (1-5 Pers.) &#8211; 60 Min.<\/strong><\/td><td><strong>Ab CHF 150.00 pro Person<span class=\"productPrice\"><br \/><\/span><\/strong><\/td><\/tr><tr><td>Zus\u00e4tzliche Informationen<\/td><td>&#8211; Kinder von 5 bis 12 j\u00e4hrig<br \/><span class=\"patt\">&#8211; Maximal 5 Pers. davon 2 Kinder <br \/>&#8211; Max. Gewicht Insgesamt 60 Kg f\u00fcr Kinder<br \/>&#8211; Max. Gr\u00f6\u00dfe pro Kind 1,50 M<\/span><\/td><\/tr><tr><td>Flugplatz<\/td><td><a href=\"https:\/\/www.google.com\/maps\/place\/46%C2%B035'44.0%22N+7%C2%B005'36.3%22E\/@46.5958455,7.0846888,1551m\/data=!3m1!1e3!4m4!3m3!8m2!3d46.5955556!4d7.0934167?entry=ttu\" target=\"_blank\" rel=\"noopener\">\u00c9pagny<\/a><\/td><\/tr><tr><td>Flugzeit<\/td><td>60 Min.<\/td><\/tr><tr><td>Gesamtdauer<\/td><td>ca. 1:15 Std.<\/td><\/tr><tr><td>Termin<\/td><td>Per Telefon<\/td><\/tr><tr><td><button class=\"elementor-button\" type=\"button\"><a href=\"https:\/\/swissraft.outdoorbooking.ch\/fo\/products\/1685?base_id=252&amp;category_id=22&amp;order_type=gift_voucher&amp;lang=de\" target=\"_blank\" rel=\"noopener\">GUTSCHEIN \/ TICKET KAUFEN<\/a> <\/button><\/td><td><strong>CHF 150.00<\/strong>\/pers.<strong> &#8211; 60 Min.<\/strong><\/td><\/tr><tr><td><button class=\"elementor-button\" type=\"button\"><a href=\"https:\/\/swissraft.outdoorbooking.ch\/fo\/products\/1691?base_id=253&amp;category_id=22&amp;order_type=gift_voucher&amp;lang=de\" target=\"_blank\" rel=\"noopener\">GUTSCHEIN \/ TICKET KAUFEN<\/a><\/button><\/td><td><strong>CHF 450.00 &#8211; 60 Min. &#8211; Privatflug (1-3 Pers.)<\/strong><\/td><\/tr><tr><td><button class=\"elementor-button\" type=\"button\"><a href=\"https:\/\/swissraft.outdoorbooking.ch\/fo\/products\/1708?base_id=255&amp;category_id=22&amp;order_type=gift_voucher&amp;lang=de\" target=\"_blank\" rel=\"noopener\">GUTSCHEIN \/ TICKET KAUFEN<\/a><\/button><\/td><td><strong>CHF 475.00 &#8211; 60 Min. &#8211; Privatflug (3 Erw. + 2 Kinder)<\/strong><\/td><\/tr><tr><td>\u00a0<\/td><td><span style=\"text-decoration: underline;\"><strong><em>WICHTIG !<\/em><\/strong><\/span><br \/><em>Um zu reservieren, rufen Sie die Nummer an, die sich oben links auf dem Gutschein \/ Ticket befindet.<\/em><\/td><\/tr><\/tbody><\/table>\t\t\t\t\t\t<\/div>\n\t\t\t\t<\/div>\n\t\t\t\t\t<\/div>\n\t\t<\/div>\n\t\t\t\t\t\t\t<\/div>\n\t\t<\/section>\n\t\t\t\t\t\t\t<\/div>\n\t\t","protected":false},"excerpt":{"rendered":"<div align=\"justify\">\n<h2 align=\"justify\">Die drei Seen ab dem Flugplatz \u00c9pagny im Greyerzerland<\/h2>\n<h3>Bei diesem 60-min\u00fctigen Flug \u00fcberfliegen Sie den Neuenburgersee, den Bielersee und den Murtensee.<\/h3>\n<\/div>\n<div align=\"justify\">\n<p>Sie starten in \u00c9pagny und fliegen 60 Minuten lang in die Region der drei Seen. Die Drei-Seen-Region umfasst 4 Kantone und ist eine Region, in der Franz\u00f6sisch und Deutsch gesprochen wird. Sie fliegen \u00fcber den Neuenburgersee, den Bielersee und den Murtensee, bevor Sie auf dem Flugplatz von \u00c9pagny wieder landen.<\/p>\n<h3>Swissraft bietet auf seiner Website eine Reihe von Rundfl\u00fcgen in einem Flugzeug \u00fcber die Schweiz an.<\/h3>\n<p id=\"textarea\" style=\"display: none;\">\nAu\u00dferdem bieten wir Rundfl\u00fcge ab dem Flugplatz Biel im Kanton Bern an. Einerseits haben wir Rundfl\u00fcge vom internationalen Flughafen Bern-Belp. Au\u00dferdem f\u00fchren wir Rundfl\u00fcge vom Flugplatz Buttwil aus durch. Aber auch im Kanton Solothurn starten wir vom Flugplatz Grenchen aus. Aber wir fliegen auch vom Flugplatz Sch\u00e4nis im Kanton St. Gallen an.\n<\/p>\n<p><a id=\"seeMore\" onclick=\"toggleSeeMore()\" href=\"javascript:void(0);\">Lesen Sie mehr<\/a><\/p>\n","protected":false},"featured_media":88432,"comment_status":"open","ping_status":"closed","template":"","meta":{"inline_featured_image":false,"_mi_skip_tracking":false},"product_cat":[293,356],"product_tag":[],"class_list":["post-91694","product","type-product","status-publish","has-post-thumbnail","hentry","product_cat-flug-in-der-schweiz","product_cat-flug-flugzeug-rundflug-epagny"],"yoast_head":"<!-- This site is optimized with the Yoast SEO plugin v23.6 - https:\/\/yoast.com\/wordpress\/plugins\/seo\/ -->\n<title>Rundflug drei Seen mit dem Flugzeug ab \u00c9pagny<\/title>\n<meta name=\"description\" content=\"Rundflug drei Seen von \u00c9pagny \u00fcber die drei Seen. Sie starten in \u00c9pagny und fliegen \u00fcber den Neuenburger-, Bieler- und Murtensee\" \/>\n<meta name=\"robots\" content=\"index, follow, max-snippet:-1, max-image-preview:large, max-video-preview:-1\" \/>\n<link rel=\"canonical\" href=\"https:\/\/www.swissraft.ch\/de\/produkt\/flug-flugzeug-epagny-rundflug-drei-seen\/\" \/>\n<meta property=\"og:locale\" content=\"de_DE\" \/>\n<meta property=\"og:type\" content=\"article\" \/>\n<meta property=\"og:title\" content=\"Rundflug drei Seen mit dem Flugzeug ab \u00c9pagny\" \/>\n<meta property=\"og:description\" content=\"Rundflug drei Seen von \u00c9pagny \u00fcber die drei Seen. Sie starten in \u00c9pagny und fliegen \u00fcber den Neuenburger-, Bieler- und Murtensee\" \/>\n<meta property=\"og:url\" content=\"https:\/\/www.swissraft.ch\/de\/produkt\/flug-flugzeug-epagny-rundflug-drei-seen\/\" \/>\n<meta property=\"og:site_name\" content=\"Swissraft\" \/>\n<meta property=\"article:modified_time\" content=\"2026-04-28T01:32:50+00:00\" \/>\n<meta property=\"og:image\" content=\"https:\/\/www.swissraft.ch\/wp-content\/uploads\/2023\/01\/4-EPAGNY-Die-drei-Seen-776x776-1.jpg\" \/>\n\t<meta property=\"og:image:width\" content=\"776\" \/>\n\t<meta property=\"og:image:height\" content=\"776\" \/>\n\t<meta property=\"og:image:type\" content=\"image\/jpeg\" \/>\n<meta name=\"twitter:card\" content=\"summary_large_image\" \/>\n<meta name=\"twitter:label1\" content=\"Gesch\u00e4tzte Lesezeit\" \/>\n\t<meta name=\"twitter:data1\" content=\"1\u00a0Minute\" \/>\n<script type=\"application\/ld+json\" class=\"yoast-schema-graph\">{\"@context\":\"https:\/\/schema.org\",\"@graph\":[{\"@type\":\"WebPage\",\"@id\":\"https:\/\/www.swissraft.ch\/de\/produkt\/flug-flugzeug-epagny-rundflug-drei-seen\/\",\"url\":\"https:\/\/www.swissraft.ch\/de\/produkt\/flug-flugzeug-epagny-rundflug-drei-seen\/\",\"name\":\"Rundflug drei Seen mit dem Flugzeug ab \u00c9pagny\",\"isPartOf\":{\"@id\":\"https:\/\/www.swissraft.ch\/de\/#website\"},\"primaryImageOfPage\":{\"@id\":\"https:\/\/www.swissraft.ch\/de\/produkt\/flug-flugzeug-epagny-rundflug-drei-seen\/#primaryimage\"},\"image\":{\"@id\":\"https:\/\/www.swissraft.ch\/de\/produkt\/flug-flugzeug-epagny-rundflug-drei-seen\/#primaryimage\"},\"thumbnailUrl\":\"https:\/\/www.swissraft.ch\/wp-content\/uploads\/2023\/01\/4-EPAGNY-Die-drei-Seen-776x776-1.jpg\",\"datePublished\":\"2023-01-17T10:02:05+00:00\",\"dateModified\":\"2026-04-28T01:32:50+00:00\",\"description\":\"Rundflug drei Seen von \u00c9pagny \u00fcber die drei Seen. Sie starten in \u00c9pagny und fliegen \u00fcber den Neuenburger-, Bieler- und Murtensee\",\"breadcrumb\":{\"@id\":\"https:\/\/www.swissraft.ch\/de\/produkt\/flug-flugzeug-epagny-rundflug-drei-seen\/#breadcrumb\"},\"inLanguage\":\"de\",\"potentialAction\":[{\"@type\":\"ReadAction\",\"target\":[\"https:\/\/www.swissraft.ch\/de\/produkt\/flug-flugzeug-epagny-rundflug-drei-seen\/\"]}]},{\"@type\":\"ImageObject\",\"inLanguage\":\"de\",\"@id\":\"https:\/\/www.swissraft.ch\/de\/produkt\/flug-flugzeug-epagny-rundflug-drei-seen\/#primaryimage\",\"url\":\"https:\/\/www.swissraft.ch\/wp-content\/uploads\/2023\/01\/4-EPAGNY-Die-drei-Seen-776x776-1.jpg\",\"contentUrl\":\"https:\/\/www.swissraft.ch\/wp-content\/uploads\/2023\/01\/4-EPAGNY-Die-drei-Seen-776x776-1.jpg\",\"width\":776,\"height\":776,\"caption\":\"Rundflug drei Seen mit dem Flugzeug von \u00c9pagny aus\"},{\"@type\":\"BreadcrumbList\",\"@id\":\"https:\/\/www.swissraft.ch\/de\/produkt\/flug-flugzeug-epagny-rundflug-drei-seen\/#breadcrumb\",\"itemListElement\":[{\"@type\":\"ListItem\",\"position\":1,\"name\":\"Accueil\",\"item\":\"https:\/\/www.swissraft.ch\/de\/\"},{\"@type\":\"ListItem\",\"position\":2,\"name\":\"Shop\",\"item\":\"https:\/\/www.swissraft.ch\/de\/shop\/\"},{\"@type\":\"ListItem\",\"position\":3,\"name\":\"Flug mit dem Flugzeug &#8211; \u00c9pagny &#8211; Die drei Seen &#8211; 60 Min. &#8211; Ab CHF 150.00\"}]},{\"@type\":\"WebSite\",\"@id\":\"https:\/\/www.swissraft.ch\/de\/#website\",\"url\":\"https:\/\/www.swissraft.ch\/de\/\",\"name\":\"Swissraft\",\"description\":\"To enjoy nature as it is\",\"publisher\":{\"@id\":\"https:\/\/www.swissraft.ch\/de\/#organization\"},\"potentialAction\":[{\"@type\":\"SearchAction\",\"target\":{\"@type\":\"EntryPoint\",\"urlTemplate\":\"https:\/\/www.swissraft.ch\/de\/?s={search_term_string}\"},\"query-input\":{\"@type\":\"PropertyValueSpecification\",\"valueRequired\":true,\"valueName\":\"search_term_string\"}}],\"inLanguage\":\"de\"},{\"@type\":\"Organization\",\"@id\":\"https:\/\/www.swissraft.ch\/de\/#organization\",\"name\":\"Swissraft\",\"url\":\"https:\/\/www.swissraft.ch\/de\/\",\"logo\":{\"@type\":\"ImageObject\",\"inLanguage\":\"de\",\"@id\":\"https:\/\/www.swissraft.ch\/de\/#\/schema\/logo\/image\/\",\"url\":\"https:\/\/www.swissraft.ch\/wp-content\/uploads\/2025\/09\/Capture.jpg\",\"contentUrl\":\"https:\/\/www.swissraft.ch\/wp-content\/uploads\/2025\/09\/Capture.jpg\",\"width\":293,\"height\":108,\"caption\":\"Swissraft\"},\"image\":{\"@id\":\"https:\/\/www.swissraft.ch\/de\/#\/schema\/logo\/image\/\"}}]}<\/script>\n<!-- \/ Yoast SEO plugin. -->","yoast_head_json":{"title":"Rundflug drei Seen mit dem Flugzeug ab \u00c9pagny","description":"Rundflug drei Seen von \u00c9pagny \u00fcber die drei Seen. Sie starten in \u00c9pagny und fliegen \u00fcber den Neuenburger-, Bieler- und Murtensee","robots":{"index":"index","follow":"follow","max-snippet":"max-snippet:-1","max-image-preview":"max-image-preview:large","max-video-preview":"max-video-preview:-1"},"canonical":"https:\/\/www.swissraft.ch\/de\/produkt\/flug-flugzeug-epagny-rundflug-drei-seen\/","og_locale":"de_DE","og_type":"article","og_title":"Rundflug drei Seen mit dem Flugzeug ab \u00c9pagny","og_description":"Rundflug drei Seen von \u00c9pagny \u00fcber die drei Seen. Sie starten in \u00c9pagny und fliegen \u00fcber den Neuenburger-, Bieler- und Murtensee","og_url":"https:\/\/www.swissraft.ch\/de\/produkt\/flug-flugzeug-epagny-rundflug-drei-seen\/","og_site_name":"Swissraft","article_modified_time":"2026-04-28T01:32:50+00:00","og_image":[{"width":776,"height":776,"url":"https:\/\/www.swissraft.ch\/wp-content\/uploads\/2023\/01\/4-EPAGNY-Die-drei-Seen-776x776-1.jpg","type":"image\/jpeg"}],"twitter_card":"summary_large_image","twitter_misc":{"Gesch\u00e4tzte Lesezeit":"1\u00a0Minute"},"schema":{"@context":"https:\/\/schema.org","@graph":[{"@type":"WebPage","@id":"https:\/\/www.swissraft.ch\/de\/produkt\/flug-flugzeug-epagny-rundflug-drei-seen\/","url":"https:\/\/www.swissraft.ch\/de\/produkt\/flug-flugzeug-epagny-rundflug-drei-seen\/","name":"Rundflug drei Seen mit dem Flugzeug ab \u00c9pagny","isPartOf":{"@id":"https:\/\/www.swissraft.ch\/de\/#website"},"primaryImageOfPage":{"@id":"https:\/\/www.swissraft.ch\/de\/produkt\/flug-flugzeug-epagny-rundflug-drei-seen\/#primaryimage"},"image":{"@id":"https:\/\/www.swissraft.ch\/de\/produkt\/flug-flugzeug-epagny-rundflug-drei-seen\/#primaryimage"},"thumbnailUrl":"https:\/\/www.swissraft.ch\/wp-content\/uploads\/2023\/01\/4-EPAGNY-Die-drei-Seen-776x776-1.jpg","datePublished":"2023-01-17T10:02:05+00:00","dateModified":"2026-04-28T01:32:50+00:00","description":"Rundflug drei Seen von \u00c9pagny \u00fcber die drei Seen. Sie starten in \u00c9pagny und fliegen \u00fcber den Neuenburger-, Bieler- und Murtensee","breadcrumb":{"@id":"https:\/\/www.swissraft.ch\/de\/produkt\/flug-flugzeug-epagny-rundflug-drei-seen\/#breadcrumb"},"inLanguage":"de","potentialAction":[{"@type":"ReadAction","target":["https:\/\/www.swissraft.ch\/de\/produkt\/flug-flugzeug-epagny-rundflug-drei-seen\/"]}]},{"@type":"ImageObject","inLanguage":"de","@id":"https:\/\/www.swissraft.ch\/de\/produkt\/flug-flugzeug-epagny-rundflug-drei-seen\/#primaryimage","url":"https:\/\/www.swissraft.ch\/wp-content\/uploads\/2023\/01\/4-EPAGNY-Die-drei-Seen-776x776-1.jpg","contentUrl":"https:\/\/www.swissraft.ch\/wp-content\/uploads\/2023\/01\/4-EPAGNY-Die-drei-Seen-776x776-1.jpg","width":776,"height":776,"caption":"Rundflug drei Seen mit dem Flugzeug von \u00c9pagny aus"},{"@type":"BreadcrumbList","@id":"https:\/\/www.swissraft.ch\/de\/produkt\/flug-flugzeug-epagny-rundflug-drei-seen\/#breadcrumb","itemListElement":[{"@type":"ListItem","position":1,"name":"Accueil","item":"https:\/\/www.swissraft.ch\/de\/"},{"@type":"ListItem","position":2,"name":"Shop","item":"https:\/\/www.swissraft.ch\/de\/shop\/"},{"@type":"ListItem","position":3,"name":"Flug mit dem Flugzeug &#8211; \u00c9pagny &#8211; Die drei Seen &#8211; 60 Min. &#8211; Ab CHF 150.00"}]},{"@type":"WebSite","@id":"https:\/\/www.swissraft.ch\/de\/#website","url":"https:\/\/www.swissraft.ch\/de\/","name":"Swissraft","description":"To enjoy nature as it is","publisher":{"@id":"https:\/\/www.swissraft.ch\/de\/#organization"},"potentialAction":[{"@type":"SearchAction","target":{"@type":"EntryPoint","urlTemplate":"https:\/\/www.swissraft.ch\/de\/?s={search_term_string}"},"query-input":{"@type":"PropertyValueSpecification","valueRequired":true,"valueName":"search_term_string"}}],"inLanguage":"de"},{"@type":"Organization","@id":"https:\/\/www.swissraft.ch\/de\/#organization","name":"Swissraft","url":"https:\/\/www.swissraft.ch\/de\/","logo":{"@type":"ImageObject","inLanguage":"de","@id":"https:\/\/www.swissraft.ch\/de\/#\/schema\/logo\/image\/","url":"https:\/\/www.swissraft.ch\/wp-content\/uploads\/2025\/09\/Capture.jpg","contentUrl":"https:\/\/www.swissraft.ch\/wp-content\/uploads\/2025\/09\/Capture.jpg","width":293,"height":108,"caption":"Swissraft"},"image":{"@id":"https:\/\/www.swissraft.ch\/de\/#\/schema\/logo\/image\/"}}]}},"_links":{"self":[{"href":"https:\/\/www.swissraft.ch\/de\/wp-json\/wp\/v2\/product\/91694","targetHints":{"allow":["GET"]}}],"collection":[{"href":"https:\/\/www.swissraft.ch\/de\/wp-json\/wp\/v2\/product"}],"about":[{"href":"https:\/\/www.swissraft.ch\/de\/wp-json\/wp\/v2\/types\/product"}],"replies":[{"embeddable":true,"href":"https:\/\/www.swissraft.ch\/de\/wp-json\/wp\/v2\/comments?post=91694"}],"version-history":[{"count":17,"href":"https:\/\/www.swissraft.ch\/de\/wp-json\/wp\/v2\/product\/91694\/revisions"}],"predecessor-version":[{"id":142681,"href":"https:\/\/www.swissraft.ch\/de\/wp-json\/wp\/v2\/product\/91694\/revisions\/142681"}],"wp:featuredmedia":[{"embeddable":true,"href":"https:\/\/www.swissraft.ch\/de\/wp-json\/wp\/v2\/media\/88432"}],"wp:attachment":[{"href":"https:\/\/www.swissraft.ch\/de\/wp-json\/wp\/v2\/media?parent=91694"}],"wp:term":[{"taxonomy":"product_cat","embeddable":true,"href":"https:\/\/www.swissraft.ch\/de\/wp-json\/wp\/v2\/product_cat?post=91694"},{"taxonomy":"product_tag","embeddable":true,"href":"https:\/\/www.swissraft.ch\/de\/wp-json\/wp\/v2\/product_tag?post=91694"}],"curies":[{"name":"wp","href":"https:\/\/api.w.org\/{rel}","templated":true}]}}