{"id":91693,"date":"2023-01-15T17:35:41","date_gmt":"2023-01-15T16:35:41","guid":{"rendered":"https:\/\/swissraft.xyanzkdne.eu\/product\/flug-von-bienne-tour-de-suisse-180-minuten-ab-chf-990-00\/"},"modified":"2024-12-11T23:23:49","modified_gmt":"2024-12-11T22:23:49","slug":"flug-flugzeug-biel-tour-de-suisse","status":"publish","type":"product","link":"https:\/\/www.swissraft.ch\/de\/produkt\/flug-flugzeug-biel-tour-de-suisse\/","title":{"rendered":"Flug mit dem Flugzeug ab BIEL &#8211; TOUR DE SUISSE &#8211; 180 Min. &#8211; Ab CHF 990.00"},"content":{"rendered":"\t\t<div data-elementor-type=\"wp-post\" data-elementor-id=\"91693\" class=\"elementor elementor-91693 elementor-30387\">\n\t\t\t\t\t\t\t\t\t<section class=\"elementor-section elementor-top-section elementor-element elementor-element-3303a7e3 elementor-section-boxed elementor-section-height-default elementor-section-height-default\" data-id=\"3303a7e3\" data-element_type=\"section\">\n\t\t\t\t\t\t<div class=\"elementor-container elementor-column-gap-default\">\n\t\t\t\t\t<div class=\"elementor-column elementor-col-100 elementor-top-column elementor-element elementor-element-16d72dbf\" data-id=\"16d72dbf\" data-element_type=\"column\">\n\t\t\t<div class=\"elementor-widget-wrap elementor-element-populated\">\n\t\t\t\t\t\t\t\t<div class=\"elementor-element elementor-element-d743c03 elementor-widget elementor-widget-text-editor\" data-id=\"d743c03\" data-element_type=\"widget\" data-widget_type=\"text-editor.default\">\n\t\t\t\t<div class=\"elementor-widget-container\">\n\t\t\t\t\t\t\t<h2>W\u00c4HLEN SIE UNTEN IHRE AKTIVIT\u00c4T AUS, UM GESCHENKGUTSCHEINE \/ TICKETS ZU VERSCHENKEN ODER ZU BUCHEN.<\/h2><table border=\"0\" width=\"580\" cellspacing=\"10\" cellpadding=\"10\"><tbody><tr><td width=\"50%\"><strong>TOUR DE SUISSE &#8211; PRIVATFLUG (1-3 Pers.) &#8211; 180 Min.<\/strong><\/td><td><strong>Ab CHF 990.00 pro Privatflug<span class=\"productPrice\"><br \/><\/span><\/strong><\/td><\/tr><tr><td>Weitere Informationen<\/td><td><span class=\"patt\">&#8211; Sie haben das Flugzeug ausschlie\u00dflich f\u00fcr sich<br \/>&#8211; Sie bestimmen das Datum und die Uhrzeit des Abflugs<br \/><\/span><span class=\"patt\">&#8211; Maximal 3 Pers. davon 1 Kind von 2 bis 12 j\u00e4hrig <\/span><\/td><\/tr><tr><td>Flugplatz<\/td><td><a href=\"https:\/\/www.google.com\/maps\/place\/47%C2%B005'27.9%22N+7%C2%B017'27.8%22E\/@47.0912114,7.2867544,768m\/data=!3m1!1e3!4m4!3m3!8m2!3d47.0910833!4d7.2910556?entry=ttu\" target=\"_blank\" rel=\"noopener\">Biel<\/a><\/td><\/tr><tr><td>Flugzeit<\/td><td>180 Min.<\/td><\/tr><tr><td>Gesamtdauer<\/td><td>ca. 3,5 Std.<\/td><\/tr><tr><td>Terminvereinbarung<\/td><td>Per Telefon<\/td><\/tr><tr><td><button class=\"elementor-button\" type=\"button\"><a href=\"https:\/\/swissraft.outdoorbooking.ch\/fo\/products\/1462?base_id=26&amp;category_id=22&amp;order_type=gift_voucher&amp;lang=de\" target=\"_blank\" rel=\"noopener\">GUTSCHEIN KAUFEN<\/a><\/button><\/td><td><strong>CHF 990.00 &#8211; PRIVATFLUG &#8211; 180 Min. (1-2 Pers.) <\/strong><\/td><\/tr><tr><td><button class=\"elementor-button\" type=\"button\"><a href=\"https:\/\/swissraft.outdoorbooking.ch\/fo\/products\/1463?base_id=26&amp;category_id=22&amp;order_type=gift_voucher&amp;lang=de\" target=\"_blank\" rel=\"noopener\">GUTSCHEIN KAUFEN<\/a><\/button><\/td><td><strong>CHF 1235.00 &#8211; PRIVATFLUG &#8211; 180 Min. (2 Erw. + 1 Kind) <\/strong><\/td><\/tr><tr><td>\u00a0<\/td><td>Um zu buchen : <span class=\"patt\" style=\"font-family: inherit; font-size: inherit;\"><span class=\"plbl\"><span class=\"patt\"><a href=\"https:\/\/www.swissraft.ch\/de\/kontakt\/\">Kontaktieren Sie uns<\/a><\/span><\/span><\/span><\/td><\/tr><\/tbody><\/table>\t\t\t\t\t\t<\/div>\n\t\t\t\t<\/div>\n\t\t\t\t\t<\/div>\n\t\t<\/div>\n\t\t\t\t\t\t\t<\/div>\n\t\t<\/section>\n\t\t\t\t\t\t\t<\/div>\n\t\t","protected":false},"excerpt":{"rendered":"<div align=\"justify\">\n<h2 align=\"justify\">Dieser dreist\u00fcndige Flug an Bord unserer komfortablen Piper Archer ist eine Rundreise, bei der Sie einen gro\u00dfen Teil des Landes \u00fcberfliegen.<\/h2>\n<h3>Vom Flugplatz Biel aus starten Sie zu einem 180-min\u00fctigen Abenteuer. Sie haben viel Zeit und Mu\u00dfe, die Schweiz aus einer anderen Perspektive zu entdecken.<\/h3>\n<\/div>\n<div align=\"justify\">\n<p>Je nach Wetterbedingungen und Ihren W\u00fcnschen f\u00fchrt Sie dieser Flug \u00fcber das Langenthal. Dann nach Olten, Birrfeld, Schaffhausen und am Rheinfall vorbei zum Bodensee. Anschlie\u00dfend fahren Sie weiter durch das Rheintal zum Kurort Bad Ragaz. Anschlie\u00dfend fliegen Sie \u00fcber den Walensee, den \u00c4gerisee und den Z\u00fcrichsee. Der Flug geht dann weiter nach Emmen, Willisau und ins Emmental und Sie fliegen in Richtung der Bundeshauptstadt Bern. Ihre Reise geht weiter nach Freiburg, Vevey, Lausanne entlang des Genfer Sees, dann wieder hinauf nach Romont, Payerne. Sie befinden sich wieder in der 3-Seen-Region und fliegen \u00fcber den Neuenburger- und den Bielersee. Diese fantastische Reise endet mit einem Flug \u00fcber Biel, bevor Sie wieder auf dem Flughafen Biel-Kappelen landen.<\/p>\n<h3>Je nach Region bieten wir auch andere gro\u00dfe Fl\u00fcge von 2 bis 3 Stunden Dauer an. Wenn Sie m\u00f6chten, k\u00f6nnen Sie auch Ihre eigene Route zusammenstellen, indem Sie sich von unseren Mitarbeitern beraten lassen.<\/h3>\n<p id=\"textarea\" style=\"display: none;\">\nDanach fliegen wir auch vom internationalen Flughafen Bern-Belp. Au\u00dferdem fliegen wir vom Flugplatz Buttwil aus in den Kanton Aargau. Au\u00dferdem f\u00fchren wir Sportfl\u00fcge vom Flugplatz Granges aus durch. Anschlie\u00dfend f\u00fchren wir von \u00c9pagny aus Rundfl\u00fcge im Kanton Freiburg durch. Wir bieten auch Rundfl\u00fcge ab dem Flugplatz Sch\u00e4nis im Kanton St. Gallen an.\n<\/p>\n<p><a id=\"seeMore\" onclick=\"toggleSeeMore()\" href=\"javascript:void(0);\">Lesen Sie mehr<\/a><\/p>\n","protected":false},"featured_media":88189,"comment_status":"open","ping_status":"closed","template":"","meta":{"inline_featured_image":false,"_mi_skip_tracking":false},"product_cat":[293,354],"product_tag":[],"class_list":["post-91693","product","type-product","status-publish","has-post-thumbnail","hentry","product_cat-flug-in-der-schweiz","product_cat-flug-flugzeug-ab-biel"],"yoast_head":"<!-- This site is optimized with the Yoast SEO plugin v23.6 - https:\/\/yoast.com\/wordpress\/plugins\/seo\/ -->\n<title>Tour de Suisse mit dem Flugzeug von Biel aus. Flug von 180 Min.<\/title>\n<meta name=\"description\" content=\"Tour de Suisse im Flugzeug von Biel aus. Dieser 180-min\u00fctige Rundflug f\u00fchrt Sie \u00fcber einen gro\u00dfen Teil der Schweiz. Wundersch\u00f6n Rundflug\" \/>\n<meta name=\"robots\" content=\"index, follow, max-snippet:-1, max-image-preview:large, max-video-preview:-1\" \/>\n<link rel=\"canonical\" href=\"https:\/\/www.swissraft.ch\/de\/produkt\/flug-flugzeug-biel-tour-de-suisse\/\" \/>\n<meta property=\"og:locale\" content=\"de_DE\" \/>\n<meta property=\"og:type\" content=\"article\" \/>\n<meta property=\"og:title\" content=\"Tour de Suisse mit dem Flugzeug von Biel aus. Flug von 180 Min.\" \/>\n<meta property=\"og:description\" content=\"Tour de Suisse im Flugzeug von Biel aus. Dieser 180-min\u00fctige Rundflug f\u00fchrt Sie \u00fcber einen gro\u00dfen Teil der Schweiz. Wundersch\u00f6n Rundflug\" \/>\n<meta property=\"og:url\" content=\"https:\/\/www.swissraft.ch\/de\/produkt\/flug-flugzeug-biel-tour-de-suisse\/\" \/>\n<meta property=\"og:site_name\" content=\"Swissraft\" \/>\n<meta property=\"article:modified_time\" content=\"2024-12-11T22:23:49+00:00\" \/>\n<meta property=\"og:image\" content=\"https:\/\/www.swissraft.ch\/wp-content\/uploads\/2023\/01\/11-BIEL-Tour-de-Suisse-776x776-1.jpg\" \/>\n\t<meta property=\"og:image:width\" content=\"776\" \/>\n\t<meta property=\"og:image:height\" content=\"776\" \/>\n\t<meta property=\"og:image:type\" content=\"image\/jpeg\" \/>\n<meta name=\"twitter:card\" content=\"summary_large_image\" \/>\n<meta name=\"twitter:label1\" content=\"Gesch\u00e4tzte Lesezeit\" \/>\n\t<meta name=\"twitter:data1\" content=\"1\u00a0Minute\" \/>\n<script type=\"application\/ld+json\" class=\"yoast-schema-graph\">{\"@context\":\"https:\/\/schema.org\",\"@graph\":[{\"@type\":\"WebPage\",\"@id\":\"https:\/\/www.swissraft.ch\/de\/produkt\/flug-flugzeug-biel-tour-de-suisse\/\",\"url\":\"https:\/\/www.swissraft.ch\/de\/produkt\/flug-flugzeug-biel-tour-de-suisse\/\",\"name\":\"Tour de Suisse mit dem Flugzeug von Biel aus. Flug von 180 Min.\",\"isPartOf\":{\"@id\":\"https:\/\/www.swissraft.ch\/de\/#website\"},\"primaryImageOfPage\":{\"@id\":\"https:\/\/www.swissraft.ch\/de\/produkt\/flug-flugzeug-biel-tour-de-suisse\/#primaryimage\"},\"image\":{\"@id\":\"https:\/\/www.swissraft.ch\/de\/produkt\/flug-flugzeug-biel-tour-de-suisse\/#primaryimage\"},\"thumbnailUrl\":\"https:\/\/www.swissraft.ch\/wp-content\/uploads\/2023\/01\/11-BIEL-Tour-de-Suisse-776x776-1.jpg\",\"datePublished\":\"2023-01-15T16:35:41+00:00\",\"dateModified\":\"2024-12-11T22:23:49+00:00\",\"description\":\"Tour de Suisse im Flugzeug von Biel aus. Dieser 180-min\u00fctige Rundflug f\u00fchrt Sie \u00fcber einen gro\u00dfen Teil der Schweiz. Wundersch\u00f6n Rundflug\",\"breadcrumb\":{\"@id\":\"https:\/\/www.swissraft.ch\/de\/produkt\/flug-flugzeug-biel-tour-de-suisse\/#breadcrumb\"},\"inLanguage\":\"de\",\"potentialAction\":[{\"@type\":\"ReadAction\",\"target\":[\"https:\/\/www.swissraft.ch\/de\/produkt\/flug-flugzeug-biel-tour-de-suisse\/\"]}]},{\"@type\":\"ImageObject\",\"inLanguage\":\"de\",\"@id\":\"https:\/\/www.swissraft.ch\/de\/produkt\/flug-flugzeug-biel-tour-de-suisse\/#primaryimage\",\"url\":\"https:\/\/www.swissraft.ch\/wp-content\/uploads\/2023\/01\/11-BIEL-Tour-de-Suisse-776x776-1.jpg\",\"contentUrl\":\"https:\/\/www.swissraft.ch\/wp-content\/uploads\/2023\/01\/11-BIEL-Tour-de-Suisse-776x776-1.jpg\",\"width\":776,\"height\":776,\"caption\":\"Tour de Suisse Rundflug \u00fcber die Schweiz von Biel aus\"},{\"@type\":\"BreadcrumbList\",\"@id\":\"https:\/\/www.swissraft.ch\/de\/produkt\/flug-flugzeug-biel-tour-de-suisse\/#breadcrumb\",\"itemListElement\":[{\"@type\":\"ListItem\",\"position\":1,\"name\":\"Accueil\",\"item\":\"https:\/\/www.swissraft.ch\/de\/\"},{\"@type\":\"ListItem\",\"position\":2,\"name\":\"Shop\",\"item\":\"https:\/\/www.swissraft.ch\/de\/shop\/\"},{\"@type\":\"ListItem\",\"position\":3,\"name\":\"Flug mit dem Flugzeug ab BIEL &#8211; TOUR DE SUISSE &#8211; 180 Min. &#8211; Ab CHF 990.00\"}]},{\"@type\":\"WebSite\",\"@id\":\"https:\/\/www.swissraft.ch\/de\/#website\",\"url\":\"https:\/\/www.swissraft.ch\/de\/\",\"name\":\"Swissraft\",\"description\":\"To enjoy nature as it is\",\"publisher\":{\"@id\":\"https:\/\/www.swissraft.ch\/de\/#organization\"},\"potentialAction\":[{\"@type\":\"SearchAction\",\"target\":{\"@type\":\"EntryPoint\",\"urlTemplate\":\"https:\/\/www.swissraft.ch\/de\/?s={search_term_string}\"},\"query-input\":{\"@type\":\"PropertyValueSpecification\",\"valueRequired\":true,\"valueName\":\"search_term_string\"}}],\"inLanguage\":\"de\"},{\"@type\":\"Organization\",\"@id\":\"https:\/\/www.swissraft.ch\/de\/#organization\",\"name\":\"Swissraft\",\"url\":\"https:\/\/www.swissraft.ch\/de\/\",\"logo\":{\"@type\":\"ImageObject\",\"inLanguage\":\"de\",\"@id\":\"https:\/\/www.swissraft.ch\/de\/#\/schema\/logo\/image\/\",\"url\":\"https:\/\/www.swissraft.ch\/wp-content\/uploads\/2025\/09\/Capture.jpg\",\"contentUrl\":\"https:\/\/www.swissraft.ch\/wp-content\/uploads\/2025\/09\/Capture.jpg\",\"width\":293,\"height\":108,\"caption\":\"Swissraft\"},\"image\":{\"@id\":\"https:\/\/www.swissraft.ch\/de\/#\/schema\/logo\/image\/\"}}]}<\/script>\n<!-- \/ Yoast SEO plugin. -->","yoast_head_json":{"title":"Tour de Suisse mit dem Flugzeug von Biel aus. Flug von 180 Min.","description":"Tour de Suisse im Flugzeug von Biel aus. Dieser 180-min\u00fctige Rundflug f\u00fchrt Sie \u00fcber einen gro\u00dfen Teil der Schweiz. Wundersch\u00f6n Rundflug","robots":{"index":"index","follow":"follow","max-snippet":"max-snippet:-1","max-image-preview":"max-image-preview:large","max-video-preview":"max-video-preview:-1"},"canonical":"https:\/\/www.swissraft.ch\/de\/produkt\/flug-flugzeug-biel-tour-de-suisse\/","og_locale":"de_DE","og_type":"article","og_title":"Tour de Suisse mit dem Flugzeug von Biel aus. Flug von 180 Min.","og_description":"Tour de Suisse im Flugzeug von Biel aus. Dieser 180-min\u00fctige Rundflug f\u00fchrt Sie \u00fcber einen gro\u00dfen Teil der Schweiz. Wundersch\u00f6n Rundflug","og_url":"https:\/\/www.swissraft.ch\/de\/produkt\/flug-flugzeug-biel-tour-de-suisse\/","og_site_name":"Swissraft","article_modified_time":"2024-12-11T22:23:49+00:00","og_image":[{"width":776,"height":776,"url":"https:\/\/www.swissraft.ch\/wp-content\/uploads\/2023\/01\/11-BIEL-Tour-de-Suisse-776x776-1.jpg","type":"image\/jpeg"}],"twitter_card":"summary_large_image","twitter_misc":{"Gesch\u00e4tzte Lesezeit":"1\u00a0Minute"},"schema":{"@context":"https:\/\/schema.org","@graph":[{"@type":"WebPage","@id":"https:\/\/www.swissraft.ch\/de\/produkt\/flug-flugzeug-biel-tour-de-suisse\/","url":"https:\/\/www.swissraft.ch\/de\/produkt\/flug-flugzeug-biel-tour-de-suisse\/","name":"Tour de Suisse mit dem Flugzeug von Biel aus. Flug von 180 Min.","isPartOf":{"@id":"https:\/\/www.swissraft.ch\/de\/#website"},"primaryImageOfPage":{"@id":"https:\/\/www.swissraft.ch\/de\/produkt\/flug-flugzeug-biel-tour-de-suisse\/#primaryimage"},"image":{"@id":"https:\/\/www.swissraft.ch\/de\/produkt\/flug-flugzeug-biel-tour-de-suisse\/#primaryimage"},"thumbnailUrl":"https:\/\/www.swissraft.ch\/wp-content\/uploads\/2023\/01\/11-BIEL-Tour-de-Suisse-776x776-1.jpg","datePublished":"2023-01-15T16:35:41+00:00","dateModified":"2024-12-11T22:23:49+00:00","description":"Tour de Suisse im Flugzeug von Biel aus. Dieser 180-min\u00fctige Rundflug f\u00fchrt Sie \u00fcber einen gro\u00dfen Teil der Schweiz. Wundersch\u00f6n Rundflug","breadcrumb":{"@id":"https:\/\/www.swissraft.ch\/de\/produkt\/flug-flugzeug-biel-tour-de-suisse\/#breadcrumb"},"inLanguage":"de","potentialAction":[{"@type":"ReadAction","target":["https:\/\/www.swissraft.ch\/de\/produkt\/flug-flugzeug-biel-tour-de-suisse\/"]}]},{"@type":"ImageObject","inLanguage":"de","@id":"https:\/\/www.swissraft.ch\/de\/produkt\/flug-flugzeug-biel-tour-de-suisse\/#primaryimage","url":"https:\/\/www.swissraft.ch\/wp-content\/uploads\/2023\/01\/11-BIEL-Tour-de-Suisse-776x776-1.jpg","contentUrl":"https:\/\/www.swissraft.ch\/wp-content\/uploads\/2023\/01\/11-BIEL-Tour-de-Suisse-776x776-1.jpg","width":776,"height":776,"caption":"Tour de Suisse Rundflug \u00fcber die Schweiz von Biel aus"},{"@type":"BreadcrumbList","@id":"https:\/\/www.swissraft.ch\/de\/produkt\/flug-flugzeug-biel-tour-de-suisse\/#breadcrumb","itemListElement":[{"@type":"ListItem","position":1,"name":"Accueil","item":"https:\/\/www.swissraft.ch\/de\/"},{"@type":"ListItem","position":2,"name":"Shop","item":"https:\/\/www.swissraft.ch\/de\/shop\/"},{"@type":"ListItem","position":3,"name":"Flug mit dem Flugzeug ab BIEL &#8211; TOUR DE SUISSE &#8211; 180 Min. &#8211; Ab CHF 990.00"}]},{"@type":"WebSite","@id":"https:\/\/www.swissraft.ch\/de\/#website","url":"https:\/\/www.swissraft.ch\/de\/","name":"Swissraft","description":"To enjoy nature as it is","publisher":{"@id":"https:\/\/www.swissraft.ch\/de\/#organization"},"potentialAction":[{"@type":"SearchAction","target":{"@type":"EntryPoint","urlTemplate":"https:\/\/www.swissraft.ch\/de\/?s={search_term_string}"},"query-input":{"@type":"PropertyValueSpecification","valueRequired":true,"valueName":"search_term_string"}}],"inLanguage":"de"},{"@type":"Organization","@id":"https:\/\/www.swissraft.ch\/de\/#organization","name":"Swissraft","url":"https:\/\/www.swissraft.ch\/de\/","logo":{"@type":"ImageObject","inLanguage":"de","@id":"https:\/\/www.swissraft.ch\/de\/#\/schema\/logo\/image\/","url":"https:\/\/www.swissraft.ch\/wp-content\/uploads\/2025\/09\/Capture.jpg","contentUrl":"https:\/\/www.swissraft.ch\/wp-content\/uploads\/2025\/09\/Capture.jpg","width":293,"height":108,"caption":"Swissraft"},"image":{"@id":"https:\/\/www.swissraft.ch\/de\/#\/schema\/logo\/image\/"}}]}},"_links":{"self":[{"href":"https:\/\/www.swissraft.ch\/de\/wp-json\/wp\/v2\/product\/91693","targetHints":{"allow":["GET"]}}],"collection":[{"href":"https:\/\/www.swissraft.ch\/de\/wp-json\/wp\/v2\/product"}],"about":[{"href":"https:\/\/www.swissraft.ch\/de\/wp-json\/wp\/v2\/types\/product"}],"replies":[{"embeddable":true,"href":"https:\/\/www.swissraft.ch\/de\/wp-json\/wp\/v2\/comments?post=91693"}],"version-history":[{"count":0,"href":"https:\/\/www.swissraft.ch\/de\/wp-json\/wp\/v2\/product\/91693\/revisions"}],"wp:featuredmedia":[{"embeddable":true,"href":"https:\/\/www.swissraft.ch\/de\/wp-json\/wp\/v2\/media\/88189"}],"wp:attachment":[{"href":"https:\/\/www.swissraft.ch\/de\/wp-json\/wp\/v2\/media?parent=91693"}],"wp:term":[{"taxonomy":"product_cat","embeddable":true,"href":"https:\/\/www.swissraft.ch\/de\/wp-json\/wp\/v2\/product_cat?post=91693"},{"taxonomy":"product_tag","embeddable":true,"href":"https:\/\/www.swissraft.ch\/de\/wp-json\/wp\/v2\/product_tag?post=91693"}],"curies":[{"name":"wp","href":"https:\/\/api.w.org\/{rel}","templated":true}]}}