{"id":91689,"date":"2023-01-15T17:29:25","date_gmt":"2023-01-15T16:29:25","guid":{"rendered":"https:\/\/swissraft.xyanzkdne.eu\/product\/flug-mit-dem-flugzeug-ab-bienne-le-cervin-90-min-ab-chf-600-00\/"},"modified":"2024-12-11T23:35:27","modified_gmt":"2024-12-11T22:35:27","slug":"flug-flugzeug-biel-matterhorn","status":"publish","type":"product","link":"https:\/\/www.swissraft.ch\/de\/produkt\/flug-flugzeug-biel-matterhorn\/","title":{"rendered":"Flug mit dem Flugzeug ab BIEL &#8211; DAS MATTERHORN &#8211; 90 Min. &#8211; Ab CHF 600.00"},"content":{"rendered":"\t\t<div data-elementor-type=\"wp-post\" data-elementor-id=\"91689\" class=\"elementor elementor-91689 elementor-30382\">\n\t\t\t\t\t\t\t\t\t<section class=\"elementor-section elementor-top-section elementor-element elementor-element-3303a7e3 elementor-section-boxed elementor-section-height-default elementor-section-height-default\" data-id=\"3303a7e3\" data-element_type=\"section\">\n\t\t\t\t\t\t<div class=\"elementor-container elementor-column-gap-default\">\n\t\t\t\t\t<div class=\"elementor-column elementor-col-100 elementor-top-column elementor-element elementor-element-16d72dbf\" data-id=\"16d72dbf\" data-element_type=\"column\">\n\t\t\t<div class=\"elementor-widget-wrap elementor-element-populated\">\n\t\t\t\t\t\t\t\t<div class=\"elementor-element elementor-element-d743c03 elementor-widget elementor-widget-text-editor\" data-id=\"d743c03\" data-element_type=\"widget\" data-widget_type=\"text-editor.default\">\n\t\t\t\t<div class=\"elementor-widget-container\">\n\t\t\t\t\t\t\t<h2>W\u00c4HLEN SIE UNTEN IHRE AKTIVIT\u00c4T AUS, UM GESCHENKGUTSCHEINE \/ TICKETS ZU VERSCHENKEN ODER ZU BUCHEN.<\/h2><table border=\"0\" width=\"580\" cellspacing=\"10\" cellpadding=\"10\"><tbody><tr><td width=\"50%\"><strong>DAS MATTERHORN &#8211; PRIVATFLUG (1-3 pax) &#8211; 90 Min.<\/strong><\/td><td><strong>Ab CHF 600.00 pro Privatflug<span class=\"productPrice\"><br \/><\/span><\/strong><\/td><\/tr><tr><td>Weitere Informationen<\/td><td><span class=\"patt\">&#8211; Sie haben das Flugzeug ausschlie\u00dflich f\u00fcr sich<br \/>&#8211; Sie bestimmen das Datum und die Uhrzeit des Abflugs<br \/><\/span><span class=\"patt\">&#8211; Maximal 3 Pers. davon 1 Kind von 2 bis 12 j\u00e4hrig <\/span><\/td><\/tr><tr><td>Flugplatz<\/td><td><a href=\"https:\/\/www.google.com\/maps\/place\/47%C2%B005'27.9%22N+7%C2%B017'27.8%22E\/@47.0912114,7.2867544,768m\/data=!3m1!1e3!4m4!3m3!8m2!3d47.0910833!4d7.2910556?entry=ttu\" target=\"_blank\" rel=\"noopener\">Biel<\/a><\/td><\/tr><tr><td>Flugzeit<\/td><td>90 Min.<\/td><\/tr><tr><td>Gesamtdauer<\/td><td>ca. 2 Std.<\/td><\/tr><tr><td>Terminvereinbarung<\/td><td>Per Telefon<\/td><\/tr><tr><td><button class=\"elementor-button\" type=\"button\"><a href=\"https:\/\/swissraft.outdoorbooking.ch\/fo\/products\/1457?base_id=26&amp;category_id=22&amp;order_type=gift_voucher&amp;lang=de\" target=\"_blank\" rel=\"noopener\">GUTSCHEIN KAUFEN<\/a><\/button><\/td><td><strong>CHF 600.00 &#8211; PRIVATER FLUG &#8211; 40 Min. (1-2 Pers.) <\/strong><\/td><\/tr><tr><td><button class=\"elementor-button\" type=\"button\"><a href=\"https:\/\/swissraft.outdoorbooking.ch\/fo\/products\/1458?base_id=26&amp;category_id=22&amp;order_type=gift_voucher&amp;lang=de\" target=\"_blank\" rel=\"noopener\">GUTSCHEIN KAUFEN<\/a><\/button><\/td><td><strong>CHF 750.00 &#8211; PRIVATER FLUG &#8211; 40 Min. (2 Erw. + 1 Kind) <\/strong><\/td><\/tr><tr><td>\u00a0<\/td><td>Um zu buchen : <span class=\"patt\" style=\"font-family: inherit; font-size: inherit;\"><span class=\"plbl\"><span class=\"patt\"><a href=\"https:\/\/www.swissraft.ch\/de\/kontakt\/\">Kontaktieren Sie uns<\/a><\/span><\/span><\/span><\/td><\/tr><\/tbody><\/table>\t\t\t\t\t\t<\/div>\n\t\t\t\t<\/div>\n\t\t\t\t\t<\/div>\n\t\t<\/div>\n\t\t\t\t\t\t\t<\/div>\n\t\t<\/section>\n\t\t\t\t\t\t\t<\/div>\n\t\t","protected":false},"excerpt":{"rendered":"<div align=\"justify\">\n<h2 align=\"justify\">Dieser 90-min\u00fctige Flug von Biel aus bringt Sie zum Matterhorn, dem legend\u00e4ren Berg der Schweiz.<\/h2>\n<h3>Bequem an Bord unserer Piper Archer heben Sie zu einem langen Flug ab, auf dem Sie viele spektakul\u00e4re Panoramen sehen werden.<\/h3>\n<\/div>\n<div align=\"justify\">\n<p>Von Biel aus fliegen Sie \u00fcber Bern und dann \u00fcber den Niesen zum Oeschinensee. Von hier aus haben Sie einen spektakul\u00e4ren und atemberaubenden Blick auf die Bl\u00fcmlisalp, die sich auf 3661 m H\u00f6he erhebt. Danach \u00fcberqueren Sie die Grenze zum Kanton Wallis und fliegen entlang des Bietschhorns in das Mattertal. Das Bietschhorn, auch K\u00f6nig des Wallis genannt, ist ein Gipfel in den Berner Alpen mit einer H\u00f6he von 3934 m. Es ist der h\u00f6chste Berg der Welt. Das Ziel unseres Fluges liegt endlich vor uns, majest\u00e4tisch&#8230; das Matterhorn, der mythische Berg. Sie werden sprachlos sein, wenn Sie dieses weltweit einzigartige Schauspiel sehen. Aus der Vogelperspektive ist dies eine Erfahrung, die man mindestens einmal im Leben gemacht haben sollte. Dann geht der Flug weiter nach Crans Montana, zum Wildstrubel und nach Zweisimmen. Schlie\u00dflich fliegen Sie \u00fcber den Schwarzsee und Kerzers, bevor Sie sich auf dem Flugplatz von Biel ausruhen.<\/p>\n<h3>Dank seines umfangreichen Netzwerks von Flugpl\u00e4tzen und Flugh\u00e4fen in der Schweiz bietet Swissraft auf seiner Website mehr als 35 Sportfl\u00fcge an.<\/h3>\n<p id=\"textarea\" style=\"display: none;\">\nAu\u00dferdem starten wir auch vom internationalen Flughafen Bern-Belp f\u00fcr Rundfl\u00fcge mit dem Flugzeug. Aber auch im Kanton Aargau vom Flugplatz Buttwil aus. Gleichzeitig fliegen wir vom Flugplatz Grenchen aus in den Kanton Solothurn. Au\u00dferdem bieten wir auch Rundfl\u00fcge von \u00c9pagny im Greyerzerland an. \u00dcbrigens bieten wir auch Fl\u00fcge im Kanton St. Gallen vom Flugplatz Sch\u00e4nis an.\n<\/p>\n<p><a id=\"seeMore\" onclick=\"toggleSeeMore()\" href=\"javascript:void(0);\">Lire la suite<\/a><\/p>\n","protected":false},"featured_media":88177,"comment_status":"open","ping_status":"closed","template":"","meta":{"inline_featured_image":false,"_mi_skip_tracking":false},"product_cat":[293,354],"product_tag":[],"class_list":["post-91689","product","type-product","status-publish","has-post-thumbnail","hentry","product_cat-flug-in-der-schweiz","product_cat-flug-flugzeug-ab-biel"],"yoast_head":"<!-- This site is optimized with the Yoast SEO plugin v23.6 - https:\/\/yoast.com\/wordpress\/plugins\/seo\/ -->\n<title>Flug zum Matterhorn von Biel aus mit dem Flugzeug<\/title>\n<meta name=\"description\" content=\"Flug zum Matterhorn von Biel aus mit dem Flugzeug. Dieser 90-min\u00fctige Flug f\u00fchrt Sie \u00fcber einige der sch\u00f6nsten Gipfel der Berner und Walliser Alpen.\" \/>\n<meta name=\"robots\" content=\"index, follow, max-snippet:-1, max-image-preview:large, max-video-preview:-1\" \/>\n<link rel=\"canonical\" href=\"https:\/\/www.swissraft.ch\/de\/produkt\/flug-flugzeug-biel-matterhorn\/\" \/>\n<meta property=\"og:locale\" content=\"de_DE\" \/>\n<meta property=\"og:type\" content=\"article\" \/>\n<meta property=\"og:title\" content=\"Flug zum Matterhorn von Biel aus mit dem Flugzeug\" \/>\n<meta property=\"og:description\" content=\"Flug zum Matterhorn von Biel aus mit dem Flugzeug. Dieser 90-min\u00fctige Flug f\u00fchrt Sie \u00fcber einige der sch\u00f6nsten Gipfel der Berner und Walliser Alpen.\" \/>\n<meta property=\"og:url\" content=\"https:\/\/www.swissraft.ch\/de\/produkt\/flug-flugzeug-biel-matterhorn\/\" \/>\n<meta property=\"og:site_name\" content=\"Swissraft\" \/>\n<meta property=\"article:modified_time\" content=\"2024-12-11T22:35:27+00:00\" \/>\n<meta property=\"og:image\" content=\"https:\/\/www.swissraft.ch\/wp-content\/uploads\/2023\/01\/10-BIEL-Matterhorn-Rundfluge-a-la-carte-776x776-1.jpg\" \/>\n\t<meta property=\"og:image:width\" content=\"776\" \/>\n\t<meta property=\"og:image:height\" content=\"776\" \/>\n\t<meta property=\"og:image:type\" content=\"image\/jpeg\" \/>\n<meta name=\"twitter:card\" content=\"summary_large_image\" \/>\n<meta name=\"twitter:label1\" content=\"Gesch\u00e4tzte Lesezeit\" \/>\n\t<meta name=\"twitter:data1\" content=\"1\u00a0Minute\" \/>\n<script type=\"application\/ld+json\" class=\"yoast-schema-graph\">{\"@context\":\"https:\/\/schema.org\",\"@graph\":[{\"@type\":\"WebPage\",\"@id\":\"https:\/\/www.swissraft.ch\/de\/produkt\/flug-flugzeug-biel-matterhorn\/\",\"url\":\"https:\/\/www.swissraft.ch\/de\/produkt\/flug-flugzeug-biel-matterhorn\/\",\"name\":\"Flug zum Matterhorn von Biel aus mit dem Flugzeug\",\"isPartOf\":{\"@id\":\"https:\/\/www.swissraft.ch\/de\/#website\"},\"primaryImageOfPage\":{\"@id\":\"https:\/\/www.swissraft.ch\/de\/produkt\/flug-flugzeug-biel-matterhorn\/#primaryimage\"},\"image\":{\"@id\":\"https:\/\/www.swissraft.ch\/de\/produkt\/flug-flugzeug-biel-matterhorn\/#primaryimage\"},\"thumbnailUrl\":\"https:\/\/www.swissraft.ch\/wp-content\/uploads\/2023\/01\/10-BIEL-Matterhorn-Rundfluge-a-la-carte-776x776-1.jpg\",\"datePublished\":\"2023-01-15T16:29:25+00:00\",\"dateModified\":\"2024-12-11T22:35:27+00:00\",\"description\":\"Flug zum Matterhorn von Biel aus mit dem Flugzeug. Dieser 90-min\u00fctige Flug f\u00fchrt Sie \u00fcber einige der sch\u00f6nsten Gipfel der Berner und Walliser Alpen.\",\"breadcrumb\":{\"@id\":\"https:\/\/www.swissraft.ch\/de\/produkt\/flug-flugzeug-biel-matterhorn\/#breadcrumb\"},\"inLanguage\":\"de\",\"potentialAction\":[{\"@type\":\"ReadAction\",\"target\":[\"https:\/\/www.swissraft.ch\/de\/produkt\/flug-flugzeug-biel-matterhorn\/\"]}]},{\"@type\":\"ImageObject\",\"inLanguage\":\"de\",\"@id\":\"https:\/\/www.swissraft.ch\/de\/produkt\/flug-flugzeug-biel-matterhorn\/#primaryimage\",\"url\":\"https:\/\/www.swissraft.ch\/wp-content\/uploads\/2023\/01\/10-BIEL-Matterhorn-Rundfluge-a-la-carte-776x776-1.jpg\",\"contentUrl\":\"https:\/\/www.swissraft.ch\/wp-content\/uploads\/2023\/01\/10-BIEL-Matterhorn-Rundfluge-a-la-carte-776x776-1.jpg\",\"width\":776,\"height\":776,\"caption\":\"Flug zum Matterhorn mit dem Flugzeug von Biel aus\"},{\"@type\":\"BreadcrumbList\",\"@id\":\"https:\/\/www.swissraft.ch\/de\/produkt\/flug-flugzeug-biel-matterhorn\/#breadcrumb\",\"itemListElement\":[{\"@type\":\"ListItem\",\"position\":1,\"name\":\"Accueil\",\"item\":\"https:\/\/www.swissraft.ch\/de\/\"},{\"@type\":\"ListItem\",\"position\":2,\"name\":\"Shop\",\"item\":\"https:\/\/www.swissraft.ch\/de\/shop\/\"},{\"@type\":\"ListItem\",\"position\":3,\"name\":\"Flug mit dem Flugzeug ab BIEL &#8211; DAS MATTERHORN &#8211; 90 Min. &#8211; Ab CHF 600.00\"}]},{\"@type\":\"WebSite\",\"@id\":\"https:\/\/www.swissraft.ch\/de\/#website\",\"url\":\"https:\/\/www.swissraft.ch\/de\/\",\"name\":\"Swissraft\",\"description\":\"To enjoy nature as it is\",\"publisher\":{\"@id\":\"https:\/\/www.swissraft.ch\/de\/#organization\"},\"potentialAction\":[{\"@type\":\"SearchAction\",\"target\":{\"@type\":\"EntryPoint\",\"urlTemplate\":\"https:\/\/www.swissraft.ch\/de\/?s={search_term_string}\"},\"query-input\":{\"@type\":\"PropertyValueSpecification\",\"valueRequired\":true,\"valueName\":\"search_term_string\"}}],\"inLanguage\":\"de\"},{\"@type\":\"Organization\",\"@id\":\"https:\/\/www.swissraft.ch\/de\/#organization\",\"name\":\"Swissraft\",\"url\":\"https:\/\/www.swissraft.ch\/de\/\",\"logo\":{\"@type\":\"ImageObject\",\"inLanguage\":\"de\",\"@id\":\"https:\/\/www.swissraft.ch\/de\/#\/schema\/logo\/image\/\",\"url\":\"https:\/\/www.swissraft.ch\/wp-content\/uploads\/2025\/09\/Capture.jpg\",\"contentUrl\":\"https:\/\/www.swissraft.ch\/wp-content\/uploads\/2025\/09\/Capture.jpg\",\"width\":293,\"height\":108,\"caption\":\"Swissraft\"},\"image\":{\"@id\":\"https:\/\/www.swissraft.ch\/de\/#\/schema\/logo\/image\/\"}}]}<\/script>\n<!-- \/ Yoast SEO plugin. -->","yoast_head_json":{"title":"Flug zum Matterhorn von Biel aus mit dem Flugzeug","description":"Flug zum Matterhorn von Biel aus mit dem Flugzeug. Dieser 90-min\u00fctige Flug f\u00fchrt Sie \u00fcber einige der sch\u00f6nsten Gipfel der Berner und Walliser Alpen.","robots":{"index":"index","follow":"follow","max-snippet":"max-snippet:-1","max-image-preview":"max-image-preview:large","max-video-preview":"max-video-preview:-1"},"canonical":"https:\/\/www.swissraft.ch\/de\/produkt\/flug-flugzeug-biel-matterhorn\/","og_locale":"de_DE","og_type":"article","og_title":"Flug zum Matterhorn von Biel aus mit dem Flugzeug","og_description":"Flug zum Matterhorn von Biel aus mit dem Flugzeug. Dieser 90-min\u00fctige Flug f\u00fchrt Sie \u00fcber einige der sch\u00f6nsten Gipfel der Berner und Walliser Alpen.","og_url":"https:\/\/www.swissraft.ch\/de\/produkt\/flug-flugzeug-biel-matterhorn\/","og_site_name":"Swissraft","article_modified_time":"2024-12-11T22:35:27+00:00","og_image":[{"width":776,"height":776,"url":"https:\/\/www.swissraft.ch\/wp-content\/uploads\/2023\/01\/10-BIEL-Matterhorn-Rundfluge-a-la-carte-776x776-1.jpg","type":"image\/jpeg"}],"twitter_card":"summary_large_image","twitter_misc":{"Gesch\u00e4tzte Lesezeit":"1\u00a0Minute"},"schema":{"@context":"https:\/\/schema.org","@graph":[{"@type":"WebPage","@id":"https:\/\/www.swissraft.ch\/de\/produkt\/flug-flugzeug-biel-matterhorn\/","url":"https:\/\/www.swissraft.ch\/de\/produkt\/flug-flugzeug-biel-matterhorn\/","name":"Flug zum Matterhorn von Biel aus mit dem Flugzeug","isPartOf":{"@id":"https:\/\/www.swissraft.ch\/de\/#website"},"primaryImageOfPage":{"@id":"https:\/\/www.swissraft.ch\/de\/produkt\/flug-flugzeug-biel-matterhorn\/#primaryimage"},"image":{"@id":"https:\/\/www.swissraft.ch\/de\/produkt\/flug-flugzeug-biel-matterhorn\/#primaryimage"},"thumbnailUrl":"https:\/\/www.swissraft.ch\/wp-content\/uploads\/2023\/01\/10-BIEL-Matterhorn-Rundfluge-a-la-carte-776x776-1.jpg","datePublished":"2023-01-15T16:29:25+00:00","dateModified":"2024-12-11T22:35:27+00:00","description":"Flug zum Matterhorn von Biel aus mit dem Flugzeug. Dieser 90-min\u00fctige Flug f\u00fchrt Sie \u00fcber einige der sch\u00f6nsten Gipfel der Berner und Walliser Alpen.","breadcrumb":{"@id":"https:\/\/www.swissraft.ch\/de\/produkt\/flug-flugzeug-biel-matterhorn\/#breadcrumb"},"inLanguage":"de","potentialAction":[{"@type":"ReadAction","target":["https:\/\/www.swissraft.ch\/de\/produkt\/flug-flugzeug-biel-matterhorn\/"]}]},{"@type":"ImageObject","inLanguage":"de","@id":"https:\/\/www.swissraft.ch\/de\/produkt\/flug-flugzeug-biel-matterhorn\/#primaryimage","url":"https:\/\/www.swissraft.ch\/wp-content\/uploads\/2023\/01\/10-BIEL-Matterhorn-Rundfluge-a-la-carte-776x776-1.jpg","contentUrl":"https:\/\/www.swissraft.ch\/wp-content\/uploads\/2023\/01\/10-BIEL-Matterhorn-Rundfluge-a-la-carte-776x776-1.jpg","width":776,"height":776,"caption":"Flug zum Matterhorn mit dem Flugzeug von Biel aus"},{"@type":"BreadcrumbList","@id":"https:\/\/www.swissraft.ch\/de\/produkt\/flug-flugzeug-biel-matterhorn\/#breadcrumb","itemListElement":[{"@type":"ListItem","position":1,"name":"Accueil","item":"https:\/\/www.swissraft.ch\/de\/"},{"@type":"ListItem","position":2,"name":"Shop","item":"https:\/\/www.swissraft.ch\/de\/shop\/"},{"@type":"ListItem","position":3,"name":"Flug mit dem Flugzeug ab BIEL &#8211; DAS MATTERHORN &#8211; 90 Min. &#8211; Ab CHF 600.00"}]},{"@type":"WebSite","@id":"https:\/\/www.swissraft.ch\/de\/#website","url":"https:\/\/www.swissraft.ch\/de\/","name":"Swissraft","description":"To enjoy nature as it is","publisher":{"@id":"https:\/\/www.swissraft.ch\/de\/#organization"},"potentialAction":[{"@type":"SearchAction","target":{"@type":"EntryPoint","urlTemplate":"https:\/\/www.swissraft.ch\/de\/?s={search_term_string}"},"query-input":{"@type":"PropertyValueSpecification","valueRequired":true,"valueName":"search_term_string"}}],"inLanguage":"de"},{"@type":"Organization","@id":"https:\/\/www.swissraft.ch\/de\/#organization","name":"Swissraft","url":"https:\/\/www.swissraft.ch\/de\/","logo":{"@type":"ImageObject","inLanguage":"de","@id":"https:\/\/www.swissraft.ch\/de\/#\/schema\/logo\/image\/","url":"https:\/\/www.swissraft.ch\/wp-content\/uploads\/2025\/09\/Capture.jpg","contentUrl":"https:\/\/www.swissraft.ch\/wp-content\/uploads\/2025\/09\/Capture.jpg","width":293,"height":108,"caption":"Swissraft"},"image":{"@id":"https:\/\/www.swissraft.ch\/de\/#\/schema\/logo\/image\/"}}]}},"_links":{"self":[{"href":"https:\/\/www.swissraft.ch\/de\/wp-json\/wp\/v2\/product\/91689","targetHints":{"allow":["GET"]}}],"collection":[{"href":"https:\/\/www.swissraft.ch\/de\/wp-json\/wp\/v2\/product"}],"about":[{"href":"https:\/\/www.swissraft.ch\/de\/wp-json\/wp\/v2\/types\/product"}],"replies":[{"embeddable":true,"href":"https:\/\/www.swissraft.ch\/de\/wp-json\/wp\/v2\/comments?post=91689"}],"version-history":[{"count":0,"href":"https:\/\/www.swissraft.ch\/de\/wp-json\/wp\/v2\/product\/91689\/revisions"}],"wp:featuredmedia":[{"embeddable":true,"href":"https:\/\/www.swissraft.ch\/de\/wp-json\/wp\/v2\/media\/88177"}],"wp:attachment":[{"href":"https:\/\/www.swissraft.ch\/de\/wp-json\/wp\/v2\/media?parent=91689"}],"wp:term":[{"taxonomy":"product_cat","embeddable":true,"href":"https:\/\/www.swissraft.ch\/de\/wp-json\/wp\/v2\/product_cat?post=91689"},{"taxonomy":"product_tag","embeddable":true,"href":"https:\/\/www.swissraft.ch\/de\/wp-json\/wp\/v2\/product_tag?post=91689"}],"curies":[{"name":"wp","href":"https:\/\/api.w.org\/{rel}","templated":true}]}}