{"id":91686,"date":"2023-01-17T10:42:55","date_gmt":"2023-01-17T09:42:55","guid":{"rendered":"https:\/\/swissraft.xyanzkdne.eu\/product\/flug-mit-dem-flugzeug-von-epagny-leman-et-lavaux-40-min-ab-chf-170-00\/"},"modified":"2026-04-28T02:49:14","modified_gmt":"2026-04-28T00:49:14","slug":"flug-flugzeug-epagny-rundflug-genfersee-lavaux","status":"publish","type":"product","link":"https:\/\/www.swissraft.ch\/de\/produkt\/flug-flugzeug-epagny-rundflug-genfersee-lavaux\/","title":{"rendered":"Flug mit dem Flugzeug &#8211; \u00c9pagny &#8211; L\u00e9man et Lavaux &#8211; 40 Min. &#8211; Ab CHF 100.00"},"content":{"rendered":"\t\t<div data-elementor-type=\"wp-post\" data-elementor-id=\"91686\" class=\"elementor elementor-91686 elementor-30404\">\n\t\t\t\t\t\t\t\t\t<section class=\"elementor-section elementor-top-section elementor-element elementor-element-3303a7e3 elementor-section-boxed elementor-section-height-default elementor-section-height-default\" data-id=\"3303a7e3\" data-element_type=\"section\">\n\t\t\t\t\t\t<div class=\"elementor-container elementor-column-gap-default\">\n\t\t\t\t\t<div class=\"elementor-column elementor-col-100 elementor-top-column elementor-element elementor-element-16d72dbf\" data-id=\"16d72dbf\" data-element_type=\"column\">\n\t\t\t<div class=\"elementor-widget-wrap elementor-element-populated\">\n\t\t\t\t\t\t\t\t<div class=\"elementor-element elementor-element-d743c03 elementor-widget elementor-widget-text-editor\" data-id=\"d743c03\" data-element_type=\"widget\" data-widget_type=\"text-editor.default\">\n\t\t\t\t<div class=\"elementor-widget-container\">\n\t\t\t\t\t\t\t<h2>W\u00c4HLEN SIE UNTEN IHRE AKTIVIT\u00c4T AUS, UM GESCHENKGUTSCHEINE \/ TICKETS ZU VERSCHENKEN ODER ZU BUCHEN<\/h2><table border=\"0\" width=\"580\" cellspacing=\"10\" cellpadding=\"10\"><tbody><tr><td width=\"50%\"><strong>RUNDFLUG &#8211; GENFERSEE UND LAVAUX (1-5 Pers.) &#8211; 40 Min.<\/strong><\/td><td><strong>Ab CHF 100.00 pro Person<span class=\"productPrice\"><br \/><\/span><\/strong><\/td><\/tr><tr><td>Zus\u00e4tzliche Informationen<\/td><td><span class=\"patt\">&#8211; Maximal 5 Pers. davon 2 Kinder<br \/>&#8211; Kinder von 5 bis 12 j\u00e4hrig <br \/>&#8211; Max. Gewicht Insgesamt 60 Kg f\u00fcr Kinder<br \/>&#8211; Max. Gr\u00f6\u00dfe pro Kind 1,50 M<\/span><\/td><\/tr><tr><td>Flugplatz<\/td><td><a href=\"https:\/\/www.google.com\/maps\/place\/46%C2%B035'44.0%22N+7%C2%B005'36.3%22E\/@46.5958455,7.0846888,1551m\/data=!3m1!1e3!4m4!3m3!8m2!3d46.5955556!4d7.0934167?entry=ttu\" target=\"_blank\" rel=\"noopener\">\u00c9pagny<\/a><\/td><\/tr><tr><td>Flugdauer<\/td><td>40 Min.<\/td><\/tr><tr><td>Gesamtdauer<\/td><td>ca. 1:15 Std.<\/td><\/tr><tr><td>Termin<\/td><td>Per Telefon<\/td><\/tr><tr><td><button class=\"elementor-button\" type=\"button\"><a href=\"https:\/\/swissraft.outdoorbooking.ch\/fo\/products\/1683?base_id=252&amp;category_id=22&amp;order_type=gift_voucher&amp;lang=de\" target=\"_blank\" rel=\"noopener\">GUTSCHEIN \/ TICKET KAUFEN <\/a> <\/button><\/td><td><strong>CHF 100.00<\/strong>\/Pers.<strong> &#8211; 40 Min.<\/strong><\/td><\/tr><tr><td><button class=\"elementor-button\" type=\"button\"><a href=\"https:\/\/swissraft.outdoorbooking.ch\/fo\/products\/1689?base_id=253&amp;category_id=22&amp;order_type=gift_voucher&amp;lang=de\" target=\"_blank\" rel=\"noopener\">GUTSCHEIN \/ TICKET KAUFEN<\/a><\/button><\/td><td><strong>CHF 300.00 &#8211; 40 Min. &#8211; Privatflug (1-3 Pers.)<\/strong><\/td><\/tr><tr><td><button class=\"elementor-button\" type=\"button\"><a href=\"https:\/\/swissraft.outdoorbooking.ch\/fo\/products\/1712?base_id=255&amp;category_id=22&amp;order_type=gift_voucher&amp;lang=de\" target=\"_blank\" rel=\"noopener\">GUTSCHEIN \/ TICKET KAUFEN<\/a><\/button><\/td><td><strong>CHF 317.00 &#8211; 40 Min. &#8211; Privatflug (3 Erw. + 2 Kinder)<\/strong><\/td><\/tr><tr><td>\u00a0<\/td><td><span style=\"text-decoration: underline;\"><strong><em>WICHTIG !<\/em><\/strong><\/span><br \/><em>Um zu reservieren, rufen Sie die Nummer an, die sich oben links auf dem Gutschein \/ Ticket befindet.<\/em><\/td><\/tr><\/tbody><\/table>\t\t\t\t\t\t<\/div>\n\t\t\t\t<\/div>\n\t\t\t\t\t<\/div>\n\t\t<\/div>\n\t\t\t\t\t\t\t<\/div>\n\t\t<\/section>\n\t\t\t\t\t\t\t<\/div>\n\t\t","protected":false},"excerpt":{"rendered":"<div align=\"justify\">\n<h2 align=\"justify\">Vom Flugplatz in \u00c9pagny aus fliegen Sie \u00fcber den Genfersee und das Lavaux.<\/h2>\n<h3>An Bord unseres Flugzeugs fliegen Sie \u00fcber den Genfersee und die Weinbergterrassen des Lavaux, die sich von Lausanne bis Chillon erstrecken. Eine Augenweide<\/h3>\n<\/div>\n<div align=\"justify\">\n<p>Sie starten in \u00c9pagny und fliegen \u00fcber den Genfersee und das Lavaux mit seinen ber\u00fchmten Weinbergterrassen. UNESCO-Weltkulturerbe, das f\u00fcr seine Sch\u00f6nheit und Harmonie der Landschaft und die Qualit\u00e4t seiner Weine bekannt ist. Anschlie\u00dfend kehren Sie zum Flugplatz von \u00c9pagny im Greyerzerland zur\u00fcck, wo Sie sich ausruhen k\u00f6nnen.<\/p>\n<h3>Wir bieten \u00fcber 40 Fl\u00fcge mit Flugzeug auf unserer Swissraft-Webseite an.<\/h3>\n<p id=\"textarea\" style=\"display: none;\">\nDar\u00fcber hinaus haben wir Fl\u00fcge vom Flugplatz Biel im Kanton Bern. Au\u00dferdem bieten wir Fl\u00fcge vom internationalen Flughafen Bern-Belp an. Ebenso f\u00fchren wir vom Flugplatz Buttwil aus Rundfl\u00fcge im Aargau durch. Aber auch im Kanton Solothurn vom Flugplatz Grenchen aus. Sowie im Kanton St. Gallen starten wir vom Flugplatz Sch\u00e4nis zu Rundfl\u00fcgen.\n<\/p>\n<p><a id=\"seeMore\" onclick=\"toggleSeeMore()\" href=\"javascript:void(0);\">Lesen Sie mehr<\/a><\/p>\n","protected":false},"featured_media":88372,"comment_status":"open","ping_status":"closed","template":"","meta":{"inline_featured_image":false,"_mi_skip_tracking":false},"product_cat":[293,356],"product_tag":[],"class_list":["post-91686","product","type-product","status-publish","has-post-thumbnail","hentry","product_cat-flug-in-der-schweiz","product_cat-flug-flugzeug-rundflug-epagny"],"yoast_head":"<!-- This site is optimized with the Yoast SEO plugin v23.6 - https:\/\/yoast.com\/wordpress\/plugins\/seo\/ -->\n<title>Rundflug Genfersee und Lavaux mit dem Flugzeug<\/title>\n<meta name=\"description\" content=\"Rundflug Genfersee und Lavaux mit dem Flugzeug. Privatflug im Flugzeug. Sie starten in \u00c9pagny zu einem Flug mit einem herrlichen Panorama auf die Weinberge\" \/>\n<meta name=\"robots\" content=\"index, follow, max-snippet:-1, max-image-preview:large, max-video-preview:-1\" \/>\n<link rel=\"canonical\" href=\"https:\/\/www.swissraft.ch\/de\/produkt\/flug-flugzeug-epagny-rundflug-genfersee-lavaux\/\" \/>\n<meta property=\"og:locale\" content=\"de_DE\" \/>\n<meta property=\"og:type\" content=\"article\" \/>\n<meta property=\"og:title\" content=\"Rundflug Genfersee und Lavaux mit dem Flugzeug\" \/>\n<meta property=\"og:description\" content=\"Rundflug Genfersee und Lavaux mit dem Flugzeug. Privatflug im Flugzeug. Sie starten in \u00c9pagny zu einem Flug mit einem herrlichen Panorama auf die Weinberge\" \/>\n<meta property=\"og:url\" content=\"https:\/\/www.swissraft.ch\/de\/produkt\/flug-flugzeug-epagny-rundflug-genfersee-lavaux\/\" \/>\n<meta property=\"og:site_name\" content=\"Swissraft\" \/>\n<meta property=\"article:modified_time\" content=\"2026-04-28T00:49:14+00:00\" \/>\n<meta property=\"og:image\" content=\"https:\/\/www.swissraft.ch\/wp-content\/uploads\/2023\/01\/2-EPAGNY-Leman-und-Lavaux-776x776-1.jpg\" \/>\n\t<meta property=\"og:image:width\" content=\"776\" \/>\n\t<meta property=\"og:image:height\" content=\"776\" \/>\n\t<meta property=\"og:image:type\" content=\"image\/jpeg\" \/>\n<meta name=\"twitter:card\" content=\"summary_large_image\" \/>\n<meta name=\"twitter:label1\" content=\"Gesch\u00e4tzte Lesezeit\" \/>\n\t<meta name=\"twitter:data1\" content=\"1\u00a0Minute\" \/>\n<script type=\"application\/ld+json\" class=\"yoast-schema-graph\">{\"@context\":\"https:\/\/schema.org\",\"@graph\":[{\"@type\":\"WebPage\",\"@id\":\"https:\/\/www.swissraft.ch\/de\/produkt\/flug-flugzeug-epagny-rundflug-genfersee-lavaux\/\",\"url\":\"https:\/\/www.swissraft.ch\/de\/produkt\/flug-flugzeug-epagny-rundflug-genfersee-lavaux\/\",\"name\":\"Rundflug Genfersee und Lavaux mit dem Flugzeug\",\"isPartOf\":{\"@id\":\"https:\/\/www.swissraft.ch\/de\/#website\"},\"primaryImageOfPage\":{\"@id\":\"https:\/\/www.swissraft.ch\/de\/produkt\/flug-flugzeug-epagny-rundflug-genfersee-lavaux\/#primaryimage\"},\"image\":{\"@id\":\"https:\/\/www.swissraft.ch\/de\/produkt\/flug-flugzeug-epagny-rundflug-genfersee-lavaux\/#primaryimage\"},\"thumbnailUrl\":\"https:\/\/www.swissraft.ch\/wp-content\/uploads\/2023\/01\/2-EPAGNY-Leman-und-Lavaux-776x776-1.jpg\",\"datePublished\":\"2023-01-17T09:42:55+00:00\",\"dateModified\":\"2026-04-28T00:49:14+00:00\",\"description\":\"Rundflug Genfersee und Lavaux mit dem Flugzeug. Privatflug im Flugzeug. Sie starten in \u00c9pagny zu einem Flug mit einem herrlichen Panorama auf die Weinberge\",\"breadcrumb\":{\"@id\":\"https:\/\/www.swissraft.ch\/de\/produkt\/flug-flugzeug-epagny-rundflug-genfersee-lavaux\/#breadcrumb\"},\"inLanguage\":\"de\",\"potentialAction\":[{\"@type\":\"ReadAction\",\"target\":[\"https:\/\/www.swissraft.ch\/de\/produkt\/flug-flugzeug-epagny-rundflug-genfersee-lavaux\/\"]}]},{\"@type\":\"ImageObject\",\"inLanguage\":\"de\",\"@id\":\"https:\/\/www.swissraft.ch\/de\/produkt\/flug-flugzeug-epagny-rundflug-genfersee-lavaux\/#primaryimage\",\"url\":\"https:\/\/www.swissraft.ch\/wp-content\/uploads\/2023\/01\/2-EPAGNY-Leman-und-Lavaux-776x776-1.jpg\",\"contentUrl\":\"https:\/\/www.swissraft.ch\/wp-content\/uploads\/2023\/01\/2-EPAGNY-Leman-und-Lavaux-776x776-1.jpg\",\"width\":776,\"height\":776,\"caption\":\"Flug \u00fcber den Genfer See und das Lavaux von Epagny aus\"},{\"@type\":\"BreadcrumbList\",\"@id\":\"https:\/\/www.swissraft.ch\/de\/produkt\/flug-flugzeug-epagny-rundflug-genfersee-lavaux\/#breadcrumb\",\"itemListElement\":[{\"@type\":\"ListItem\",\"position\":1,\"name\":\"Accueil\",\"item\":\"https:\/\/www.swissraft.ch\/de\/\"},{\"@type\":\"ListItem\",\"position\":2,\"name\":\"Shop\",\"item\":\"https:\/\/www.swissraft.ch\/de\/shop\/\"},{\"@type\":\"ListItem\",\"position\":3,\"name\":\"Flug mit dem Flugzeug &#8211; \u00c9pagny &#8211; L\u00e9man et Lavaux &#8211; 40 Min. &#8211; Ab CHF 100.00\"}]},{\"@type\":\"WebSite\",\"@id\":\"https:\/\/www.swissraft.ch\/de\/#website\",\"url\":\"https:\/\/www.swissraft.ch\/de\/\",\"name\":\"Swissraft\",\"description\":\"To enjoy nature as it is\",\"publisher\":{\"@id\":\"https:\/\/www.swissraft.ch\/de\/#organization\"},\"potentialAction\":[{\"@type\":\"SearchAction\",\"target\":{\"@type\":\"EntryPoint\",\"urlTemplate\":\"https:\/\/www.swissraft.ch\/de\/?s={search_term_string}\"},\"query-input\":{\"@type\":\"PropertyValueSpecification\",\"valueRequired\":true,\"valueName\":\"search_term_string\"}}],\"inLanguage\":\"de\"},{\"@type\":\"Organization\",\"@id\":\"https:\/\/www.swissraft.ch\/de\/#organization\",\"name\":\"Swissraft\",\"url\":\"https:\/\/www.swissraft.ch\/de\/\",\"logo\":{\"@type\":\"ImageObject\",\"inLanguage\":\"de\",\"@id\":\"https:\/\/www.swissraft.ch\/de\/#\/schema\/logo\/image\/\",\"url\":\"https:\/\/www.swissraft.ch\/wp-content\/uploads\/2025\/09\/Capture.jpg\",\"contentUrl\":\"https:\/\/www.swissraft.ch\/wp-content\/uploads\/2025\/09\/Capture.jpg\",\"width\":293,\"height\":108,\"caption\":\"Swissraft\"},\"image\":{\"@id\":\"https:\/\/www.swissraft.ch\/de\/#\/schema\/logo\/image\/\"}}]}<\/script>\n<!-- \/ Yoast SEO plugin. -->","yoast_head_json":{"title":"Rundflug Genfersee und Lavaux mit dem Flugzeug","description":"Rundflug Genfersee und Lavaux mit dem Flugzeug. Privatflug im Flugzeug. Sie starten in \u00c9pagny zu einem Flug mit einem herrlichen Panorama auf die Weinberge","robots":{"index":"index","follow":"follow","max-snippet":"max-snippet:-1","max-image-preview":"max-image-preview:large","max-video-preview":"max-video-preview:-1"},"canonical":"https:\/\/www.swissraft.ch\/de\/produkt\/flug-flugzeug-epagny-rundflug-genfersee-lavaux\/","og_locale":"de_DE","og_type":"article","og_title":"Rundflug Genfersee und Lavaux mit dem Flugzeug","og_description":"Rundflug Genfersee und Lavaux mit dem Flugzeug. Privatflug im Flugzeug. Sie starten in \u00c9pagny zu einem Flug mit einem herrlichen Panorama auf die Weinberge","og_url":"https:\/\/www.swissraft.ch\/de\/produkt\/flug-flugzeug-epagny-rundflug-genfersee-lavaux\/","og_site_name":"Swissraft","article_modified_time":"2026-04-28T00:49:14+00:00","og_image":[{"width":776,"height":776,"url":"https:\/\/www.swissraft.ch\/wp-content\/uploads\/2023\/01\/2-EPAGNY-Leman-und-Lavaux-776x776-1.jpg","type":"image\/jpeg"}],"twitter_card":"summary_large_image","twitter_misc":{"Gesch\u00e4tzte Lesezeit":"1\u00a0Minute"},"schema":{"@context":"https:\/\/schema.org","@graph":[{"@type":"WebPage","@id":"https:\/\/www.swissraft.ch\/de\/produkt\/flug-flugzeug-epagny-rundflug-genfersee-lavaux\/","url":"https:\/\/www.swissraft.ch\/de\/produkt\/flug-flugzeug-epagny-rundflug-genfersee-lavaux\/","name":"Rundflug Genfersee und Lavaux mit dem Flugzeug","isPartOf":{"@id":"https:\/\/www.swissraft.ch\/de\/#website"},"primaryImageOfPage":{"@id":"https:\/\/www.swissraft.ch\/de\/produkt\/flug-flugzeug-epagny-rundflug-genfersee-lavaux\/#primaryimage"},"image":{"@id":"https:\/\/www.swissraft.ch\/de\/produkt\/flug-flugzeug-epagny-rundflug-genfersee-lavaux\/#primaryimage"},"thumbnailUrl":"https:\/\/www.swissraft.ch\/wp-content\/uploads\/2023\/01\/2-EPAGNY-Leman-und-Lavaux-776x776-1.jpg","datePublished":"2023-01-17T09:42:55+00:00","dateModified":"2026-04-28T00:49:14+00:00","description":"Rundflug Genfersee und Lavaux mit dem Flugzeug. Privatflug im Flugzeug. Sie starten in \u00c9pagny zu einem Flug mit einem herrlichen Panorama auf die Weinberge","breadcrumb":{"@id":"https:\/\/www.swissraft.ch\/de\/produkt\/flug-flugzeug-epagny-rundflug-genfersee-lavaux\/#breadcrumb"},"inLanguage":"de","potentialAction":[{"@type":"ReadAction","target":["https:\/\/www.swissraft.ch\/de\/produkt\/flug-flugzeug-epagny-rundflug-genfersee-lavaux\/"]}]},{"@type":"ImageObject","inLanguage":"de","@id":"https:\/\/www.swissraft.ch\/de\/produkt\/flug-flugzeug-epagny-rundflug-genfersee-lavaux\/#primaryimage","url":"https:\/\/www.swissraft.ch\/wp-content\/uploads\/2023\/01\/2-EPAGNY-Leman-und-Lavaux-776x776-1.jpg","contentUrl":"https:\/\/www.swissraft.ch\/wp-content\/uploads\/2023\/01\/2-EPAGNY-Leman-und-Lavaux-776x776-1.jpg","width":776,"height":776,"caption":"Flug \u00fcber den Genfer See und das Lavaux von Epagny aus"},{"@type":"BreadcrumbList","@id":"https:\/\/www.swissraft.ch\/de\/produkt\/flug-flugzeug-epagny-rundflug-genfersee-lavaux\/#breadcrumb","itemListElement":[{"@type":"ListItem","position":1,"name":"Accueil","item":"https:\/\/www.swissraft.ch\/de\/"},{"@type":"ListItem","position":2,"name":"Shop","item":"https:\/\/www.swissraft.ch\/de\/shop\/"},{"@type":"ListItem","position":3,"name":"Flug mit dem Flugzeug &#8211; \u00c9pagny &#8211; L\u00e9man et Lavaux &#8211; 40 Min. &#8211; Ab CHF 100.00"}]},{"@type":"WebSite","@id":"https:\/\/www.swissraft.ch\/de\/#website","url":"https:\/\/www.swissraft.ch\/de\/","name":"Swissraft","description":"To enjoy nature as it is","publisher":{"@id":"https:\/\/www.swissraft.ch\/de\/#organization"},"potentialAction":[{"@type":"SearchAction","target":{"@type":"EntryPoint","urlTemplate":"https:\/\/www.swissraft.ch\/de\/?s={search_term_string}"},"query-input":{"@type":"PropertyValueSpecification","valueRequired":true,"valueName":"search_term_string"}}],"inLanguage":"de"},{"@type":"Organization","@id":"https:\/\/www.swissraft.ch\/de\/#organization","name":"Swissraft","url":"https:\/\/www.swissraft.ch\/de\/","logo":{"@type":"ImageObject","inLanguage":"de","@id":"https:\/\/www.swissraft.ch\/de\/#\/schema\/logo\/image\/","url":"https:\/\/www.swissraft.ch\/wp-content\/uploads\/2025\/09\/Capture.jpg","contentUrl":"https:\/\/www.swissraft.ch\/wp-content\/uploads\/2025\/09\/Capture.jpg","width":293,"height":108,"caption":"Swissraft"},"image":{"@id":"https:\/\/www.swissraft.ch\/de\/#\/schema\/logo\/image\/"}}]}},"_links":{"self":[{"href":"https:\/\/www.swissraft.ch\/de\/wp-json\/wp\/v2\/product\/91686","targetHints":{"allow":["GET"]}}],"collection":[{"href":"https:\/\/www.swissraft.ch\/de\/wp-json\/wp\/v2\/product"}],"about":[{"href":"https:\/\/www.swissraft.ch\/de\/wp-json\/wp\/v2\/types\/product"}],"replies":[{"embeddable":true,"href":"https:\/\/www.swissraft.ch\/de\/wp-json\/wp\/v2\/comments?post=91686"}],"version-history":[{"count":31,"href":"https:\/\/www.swissraft.ch\/de\/wp-json\/wp\/v2\/product\/91686\/revisions"}],"predecessor-version":[{"id":142668,"href":"https:\/\/www.swissraft.ch\/de\/wp-json\/wp\/v2\/product\/91686\/revisions\/142668"}],"wp:featuredmedia":[{"embeddable":true,"href":"https:\/\/www.swissraft.ch\/de\/wp-json\/wp\/v2\/media\/88372"}],"wp:attachment":[{"href":"https:\/\/www.swissraft.ch\/de\/wp-json\/wp\/v2\/media?parent=91686"}],"wp:term":[{"taxonomy":"product_cat","embeddable":true,"href":"https:\/\/www.swissraft.ch\/de\/wp-json\/wp\/v2\/product_cat?post=91686"},{"taxonomy":"product_tag","embeddable":true,"href":"https:\/\/www.swissraft.ch\/de\/wp-json\/wp\/v2\/product_tag?post=91686"}],"curies":[{"name":"wp","href":"https:\/\/api.w.org\/{rel}","templated":true}]}}