{"id":91682,"date":"2023-01-11T17:18:50","date_gmt":"2023-01-11T16:18:50","guid":{"rendered":"https:\/\/swissraft.xyanzkdne.eu\/product\/flug-mit-dem-flugzeug-ab-bienne-eiger-moench-jungfrau-60-min-ab-chf-400-00\/"},"modified":"2026-04-28T00:28:56","modified_gmt":"2026-04-27T22:28:56","slug":"flug-flugzeug-biel-rundflug-eiger-moench-jungfrau","status":"publish","type":"product","link":"https:\/\/www.swissraft.ch\/de\/produkt\/flug-flugzeug-biel-rundflug-eiger-moench-jungfrau\/","title":{"rendered":"Flug mit dem Flugzeug &#8211; Biel &#8211; Eiger-M\u00f6nch-Jungfrau &#8211; 60 Min. &#8211; Ab CHF 400.00"},"content":{"rendered":"\t\t<div data-elementor-type=\"wp-post\" data-elementor-id=\"91682\" class=\"elementor elementor-91682 elementor-30371\">\n\t\t\t\t\t\t\t\t\t<section class=\"elementor-section elementor-top-section elementor-element elementor-element-3303a7e3 elementor-section-boxed elementor-section-height-default elementor-section-height-default\" data-id=\"3303a7e3\" data-element_type=\"section\">\n\t\t\t\t\t\t<div class=\"elementor-container elementor-column-gap-default\">\n\t\t\t\t\t<div class=\"elementor-column elementor-col-100 elementor-top-column elementor-element elementor-element-16d72dbf\" data-id=\"16d72dbf\" data-element_type=\"column\">\n\t\t\t<div class=\"elementor-widget-wrap elementor-element-populated\">\n\t\t\t\t\t\t\t\t<div class=\"elementor-element elementor-element-d743c03 elementor-widget elementor-widget-text-editor\" data-id=\"d743c03\" data-element_type=\"widget\" data-widget_type=\"text-editor.default\">\n\t\t\t\t<div class=\"elementor-widget-container\">\n\t\t\t\t\t\t\t<h2>W\u00c4HLEN SIE UNTEN IHRE AKTIVIT\u00c4T AUS, UM GESCHENKGUTSCHEINE \/ TICKETS ZU VERSCHENKEN ODER ZU BUCHEN<\/h2><table border=\"0\" width=\"580\" cellspacing=\"10\" cellpadding=\"10\"><tbody><tr><td width=\"50%\"><strong>RUNDFLUG &#8211; EIGER-M\u00d6NCH-JUNGFRAU &#8211; PRIVATFLUG (1-3 pax) &#8211; 60 Min.<\/strong><\/td><td><strong>Ab CHF 400.00 pro Privatflug<span class=\"productPrice\"><br \/><\/span><\/strong><\/td><\/tr><tr><td>Zus\u00e4tzliche Informationen<\/td><td><span class=\"patt\">&#8211; Sie haben das Flugzeug ausschlie\u00dflich f\u00fcr sich<br \/>&#8211; Sie bestimmen das Datum und die Uhrzeit des Abflugs<br \/><\/span><span class=\"patt\">&#8211; Maximum 3 Pers. davon 1 Kind von 2 bis 12 j\u00e4hrig <\/span><\/td><\/tr><tr><td>Flugplatz<\/td><td><a href=\"https:\/\/www.google.com\/maps\/place\/47%C2%B005'27.9%22N+7%C2%B017'27.8%22E\/@47.0912114,7.2867544,768m\/data=!3m1!1e3!4m4!3m3!8m2!3d47.0910833!4d7.2910556?entry=ttu\" target=\"_blank\" rel=\"noopener\">Biel<\/a><\/td><\/tr><tr><td>Flugzeit<\/td><td>60 Min.<\/td><\/tr><tr><td>Gesamtdauer<\/td><td>ca. 1,5 Std.<\/td><\/tr><tr><td>Termin<\/td><td>Per Telefon<\/td><\/tr><tr><td><button class=\"elementor-button\" type=\"button\"><a href=\"https:\/\/swissraft.outdoorbooking.ch\/fo\/products\/172?base_id=26&amp;category_id=22&amp;order_type=gift_voucher&amp;lang=de\" target=\"_blank\" rel=\"noopener\">GUTSCHEIN \/ TICKET KAUFEN<\/a><\/button><\/td><td><strong>CHF 400.00 &#8211; PRIVATFLUG &#8211; 40 Min. (1-2 Pers.) <\/strong><\/td><\/tr><tr><td><button class=\"elementor-button\" type=\"button\"><a href=\"https:\/\/swissraft.outdoorbooking.ch\/fo\/products\/1456?base_id=26&amp;category_id=22&amp;order_type=gift_voucher&amp;lang=de\" target=\"_blank\" rel=\"noopener\">GUTSCHEIN \/ TICKET KAUFEN<\/a><\/button><\/td><td><strong>CHF 500.00 &#8211; PRIVATER FLUG &#8211; 40 Min. (2 Erw. + 1 Kind) <\/strong><\/td><\/tr><tr><td>\u00a0<\/td><td><strong><em>WICHTIG !<\/em><\/strong><br \/><em>Um zu reservieren, rufen Sie die Nummer an, die sich oben links auf dem Gutschein \/ Ticket befindet.<\/em><\/td><\/tr><\/tbody><\/table>\t\t\t\t\t\t<\/div>\n\t\t\t\t<\/div>\n\t\t\t\t\t<\/div>\n\t\t<\/div>\n\t\t\t\t\t\t\t<\/div>\n\t\t<\/section>\n\t\t\t\t\t\t\t<\/div>\n\t\t","protected":false},"excerpt":{"rendered":"<div align=\"justify\">\n<h2 align=\"justify\">Sie starten in Biel zu einem 60-min\u00fctigen Flug in Richtung Eiger-M\u00f6nch-Jungfrau.<\/h2>\n<h3>Von Biel aus fliegen Sie mit unserem Flugzeug \u00fcber die Berner Alpen mit dem Ziel des Eigermassivs.<\/h3>\n<\/div>\n<div align=\"justify\">\n<p>Dieser Rundflug mit dem Flugzeug ist einer der Klassiker. Sie fliegen \u00fcber Bundesbern in Richtung Thunersee und Interlaken. Anschlie\u00dfend fahren Sie in das Lauterbrunnental, um das Eiger-M\u00f6nch-Jungfraujoch aus n\u00e4chster N\u00e4he zu umrunden. Der Flug geht \u00fcber den Hohgant im Emmental, \u00fcber Langnau und Burgdorf, bevor er auf dem Flugplatz von Biel landet.<\/p>\n<h3>Wir bieten Ihnen 7 Flugpl\u00e4tze und Flugh\u00e4fen an, von denen aus wir mehr als 35 Rundfl\u00fcge mit dem Flugzeug anbieten.<\/h3>\n<p id=\"textarea\" style=\"display: none;\">Ebenso bieten wir Rundfl\u00fcge vom internationalen Flughafen Bern-Belp an. Aber auch vom Flugplatz Buttwil im Kanton Aargau aus. Au\u00dferdem starten wir vom Flugplatz Grenchen im Kanton Solothurn. Zum einen bieten wir von \u00c9pagny im Greyerzerland aus Fl\u00fcge \u00fcber die Freiburger Voralpen an. Au\u00dferdem bieten wir Rundfl\u00fcge mit dem Flugzeug im Kanton St. Gallen von Sch\u00e4nis aus.<\/p>\n<p><a id=\"seeMore\"><\/a>Lesen Sie mehr<\/p>\n<\/div>\n","protected":false},"featured_media":88153,"comment_status":"open","ping_status":"closed","template":"","meta":{"inline_featured_image":false,"_mi_skip_tracking":false},"product_cat":[293,354],"product_tag":[],"class_list":["post-91682","product","type-product","status-publish","has-post-thumbnail","hentry","product_cat-flug-in-der-schweiz","product_cat-flug-flugzeug-rundflug-biel"],"yoast_head":"<!-- This site is optimized with the Yoast SEO plugin v23.6 - https:\/\/yoast.com\/wordpress\/plugins\/seo\/ -->\n<title>Rundflug Eiger-M\u00f6nch Jungfrau ab Biel. Der Flug dauert 60 Min.<\/title>\n<meta name=\"description\" content=\"Rundflug Eiger-M\u00f6nch Jungfrau von Biel aus f\u00fcr einen 60-min\u00fctigen Flug im Flugzeug. Dieser Flug \u00fcber die Berner Alpen bringt Sie ganz nah an den Eiger\" \/>\n<meta name=\"robots\" content=\"index, follow, max-snippet:-1, max-image-preview:large, max-video-preview:-1\" \/>\n<link rel=\"canonical\" href=\"https:\/\/www.swissraft.ch\/de\/produkt\/flug-flugzeug-biel-rundflug-eiger-moench-jungfrau\/\" \/>\n<meta property=\"og:locale\" content=\"de_DE\" \/>\n<meta property=\"og:type\" content=\"article\" \/>\n<meta property=\"og:title\" content=\"Rundflug Eiger-M\u00f6nch Jungfrau ab Biel. Der Flug dauert 60 Min.\" \/>\n<meta property=\"og:description\" content=\"Rundflug Eiger-M\u00f6nch Jungfrau von Biel aus f\u00fcr einen 60-min\u00fctigen Flug im Flugzeug. Dieser Flug \u00fcber die Berner Alpen bringt Sie ganz nah an den Eiger\" \/>\n<meta property=\"og:url\" content=\"https:\/\/www.swissraft.ch\/de\/produkt\/flug-flugzeug-biel-rundflug-eiger-moench-jungfrau\/\" \/>\n<meta property=\"og:site_name\" content=\"Swissraft\" \/>\n<meta property=\"article:modified_time\" content=\"2026-04-27T22:28:56+00:00\" \/>\n<meta property=\"og:image\" content=\"https:\/\/www.swissraft.ch\/wp-content\/uploads\/2023\/01\/08-BIEL-Eiger-Monch-Jungfrau-Rundflug-776x776-2.jpg\" \/>\n\t<meta property=\"og:image:width\" content=\"776\" \/>\n\t<meta property=\"og:image:height\" content=\"776\" \/>\n\t<meta property=\"og:image:type\" content=\"image\/jpeg\" \/>\n<meta name=\"twitter:card\" content=\"summary_large_image\" \/>\n<meta name=\"twitter:label1\" content=\"Gesch\u00e4tzte Lesezeit\" \/>\n\t<meta name=\"twitter:data1\" content=\"1\u00a0Minute\" \/>\n<script type=\"application\/ld+json\" class=\"yoast-schema-graph\">{\"@context\":\"https:\/\/schema.org\",\"@graph\":[{\"@type\":\"WebPage\",\"@id\":\"https:\/\/www.swissraft.ch\/de\/produkt\/flug-flugzeug-biel-rundflug-eiger-moench-jungfrau\/\",\"url\":\"https:\/\/www.swissraft.ch\/de\/produkt\/flug-flugzeug-biel-rundflug-eiger-moench-jungfrau\/\",\"name\":\"Rundflug Eiger-M\u00f6nch Jungfrau ab Biel. Der Flug dauert 60 Min.\",\"isPartOf\":{\"@id\":\"https:\/\/www.swissraft.ch\/de\/#website\"},\"primaryImageOfPage\":{\"@id\":\"https:\/\/www.swissraft.ch\/de\/produkt\/flug-flugzeug-biel-rundflug-eiger-moench-jungfrau\/#primaryimage\"},\"image\":{\"@id\":\"https:\/\/www.swissraft.ch\/de\/produkt\/flug-flugzeug-biel-rundflug-eiger-moench-jungfrau\/#primaryimage\"},\"thumbnailUrl\":\"https:\/\/www.swissraft.ch\/wp-content\/uploads\/2023\/01\/08-BIEL-Eiger-Monch-Jungfrau-Rundflug-776x776-2.jpg\",\"datePublished\":\"2023-01-11T16:18:50+00:00\",\"dateModified\":\"2026-04-27T22:28:56+00:00\",\"description\":\"Rundflug Eiger-M\u00f6nch Jungfrau von Biel aus f\u00fcr einen 60-min\u00fctigen Flug im Flugzeug. Dieser Flug \u00fcber die Berner Alpen bringt Sie ganz nah an den Eiger\",\"breadcrumb\":{\"@id\":\"https:\/\/www.swissraft.ch\/de\/produkt\/flug-flugzeug-biel-rundflug-eiger-moench-jungfrau\/#breadcrumb\"},\"inLanguage\":\"de\",\"potentialAction\":[{\"@type\":\"ReadAction\",\"target\":[\"https:\/\/www.swissraft.ch\/de\/produkt\/flug-flugzeug-biel-rundflug-eiger-moench-jungfrau\/\"]}]},{\"@type\":\"ImageObject\",\"inLanguage\":\"de\",\"@id\":\"https:\/\/www.swissraft.ch\/de\/produkt\/flug-flugzeug-biel-rundflug-eiger-moench-jungfrau\/#primaryimage\",\"url\":\"https:\/\/www.swissraft.ch\/wp-content\/uploads\/2023\/01\/08-BIEL-Eiger-Monch-Jungfrau-Rundflug-776x776-2.jpg\",\"contentUrl\":\"https:\/\/www.swissraft.ch\/wp-content\/uploads\/2023\/01\/08-BIEL-Eiger-Monch-Jungfrau-Rundflug-776x776-2.jpg\",\"width\":776,\"height\":776,\"caption\":\"Eiger-M\u00f6nch-Jungfrau Rundflug\"},{\"@type\":\"BreadcrumbList\",\"@id\":\"https:\/\/www.swissraft.ch\/de\/produkt\/flug-flugzeug-biel-rundflug-eiger-moench-jungfrau\/#breadcrumb\",\"itemListElement\":[{\"@type\":\"ListItem\",\"position\":1,\"name\":\"Accueil\",\"item\":\"https:\/\/www.swissraft.ch\/de\/\"},{\"@type\":\"ListItem\",\"position\":2,\"name\":\"Shop\",\"item\":\"https:\/\/www.swissraft.ch\/de\/shop\/\"},{\"@type\":\"ListItem\",\"position\":3,\"name\":\"Flug mit dem Flugzeug &#8211; Biel &#8211; Eiger-M\u00f6nch-Jungfrau &#8211; 60 Min. &#8211; Ab CHF 400.00\"}]},{\"@type\":\"WebSite\",\"@id\":\"https:\/\/www.swissraft.ch\/de\/#website\",\"url\":\"https:\/\/www.swissraft.ch\/de\/\",\"name\":\"Swissraft\",\"description\":\"To enjoy nature as it is\",\"publisher\":{\"@id\":\"https:\/\/www.swissraft.ch\/de\/#organization\"},\"potentialAction\":[{\"@type\":\"SearchAction\",\"target\":{\"@type\":\"EntryPoint\",\"urlTemplate\":\"https:\/\/www.swissraft.ch\/de\/?s={search_term_string}\"},\"query-input\":{\"@type\":\"PropertyValueSpecification\",\"valueRequired\":true,\"valueName\":\"search_term_string\"}}],\"inLanguage\":\"de\"},{\"@type\":\"Organization\",\"@id\":\"https:\/\/www.swissraft.ch\/de\/#organization\",\"name\":\"Swissraft\",\"url\":\"https:\/\/www.swissraft.ch\/de\/\",\"logo\":{\"@type\":\"ImageObject\",\"inLanguage\":\"de\",\"@id\":\"https:\/\/www.swissraft.ch\/de\/#\/schema\/logo\/image\/\",\"url\":\"https:\/\/www.swissraft.ch\/wp-content\/uploads\/2025\/09\/Capture.jpg\",\"contentUrl\":\"https:\/\/www.swissraft.ch\/wp-content\/uploads\/2025\/09\/Capture.jpg\",\"width\":293,\"height\":108,\"caption\":\"Swissraft\"},\"image\":{\"@id\":\"https:\/\/www.swissraft.ch\/de\/#\/schema\/logo\/image\/\"}}]}<\/script>\n<!-- \/ Yoast SEO plugin. -->","yoast_head_json":{"title":"Rundflug Eiger-M\u00f6nch Jungfrau ab Biel. Der Flug dauert 60 Min.","description":"Rundflug Eiger-M\u00f6nch Jungfrau von Biel aus f\u00fcr einen 60-min\u00fctigen Flug im Flugzeug. Dieser Flug \u00fcber die Berner Alpen bringt Sie ganz nah an den Eiger","robots":{"index":"index","follow":"follow","max-snippet":"max-snippet:-1","max-image-preview":"max-image-preview:large","max-video-preview":"max-video-preview:-1"},"canonical":"https:\/\/www.swissraft.ch\/de\/produkt\/flug-flugzeug-biel-rundflug-eiger-moench-jungfrau\/","og_locale":"de_DE","og_type":"article","og_title":"Rundflug Eiger-M\u00f6nch Jungfrau ab Biel. Der Flug dauert 60 Min.","og_description":"Rundflug Eiger-M\u00f6nch Jungfrau von Biel aus f\u00fcr einen 60-min\u00fctigen Flug im Flugzeug. Dieser Flug \u00fcber die Berner Alpen bringt Sie ganz nah an den Eiger","og_url":"https:\/\/www.swissraft.ch\/de\/produkt\/flug-flugzeug-biel-rundflug-eiger-moench-jungfrau\/","og_site_name":"Swissraft","article_modified_time":"2026-04-27T22:28:56+00:00","og_image":[{"width":776,"height":776,"url":"https:\/\/www.swissraft.ch\/wp-content\/uploads\/2023\/01\/08-BIEL-Eiger-Monch-Jungfrau-Rundflug-776x776-2.jpg","type":"image\/jpeg"}],"twitter_card":"summary_large_image","twitter_misc":{"Gesch\u00e4tzte Lesezeit":"1\u00a0Minute"},"schema":{"@context":"https:\/\/schema.org","@graph":[{"@type":"WebPage","@id":"https:\/\/www.swissraft.ch\/de\/produkt\/flug-flugzeug-biel-rundflug-eiger-moench-jungfrau\/","url":"https:\/\/www.swissraft.ch\/de\/produkt\/flug-flugzeug-biel-rundflug-eiger-moench-jungfrau\/","name":"Rundflug Eiger-M\u00f6nch Jungfrau ab Biel. Der Flug dauert 60 Min.","isPartOf":{"@id":"https:\/\/www.swissraft.ch\/de\/#website"},"primaryImageOfPage":{"@id":"https:\/\/www.swissraft.ch\/de\/produkt\/flug-flugzeug-biel-rundflug-eiger-moench-jungfrau\/#primaryimage"},"image":{"@id":"https:\/\/www.swissraft.ch\/de\/produkt\/flug-flugzeug-biel-rundflug-eiger-moench-jungfrau\/#primaryimage"},"thumbnailUrl":"https:\/\/www.swissraft.ch\/wp-content\/uploads\/2023\/01\/08-BIEL-Eiger-Monch-Jungfrau-Rundflug-776x776-2.jpg","datePublished":"2023-01-11T16:18:50+00:00","dateModified":"2026-04-27T22:28:56+00:00","description":"Rundflug Eiger-M\u00f6nch Jungfrau von Biel aus f\u00fcr einen 60-min\u00fctigen Flug im Flugzeug. Dieser Flug \u00fcber die Berner Alpen bringt Sie ganz nah an den Eiger","breadcrumb":{"@id":"https:\/\/www.swissraft.ch\/de\/produkt\/flug-flugzeug-biel-rundflug-eiger-moench-jungfrau\/#breadcrumb"},"inLanguage":"de","potentialAction":[{"@type":"ReadAction","target":["https:\/\/www.swissraft.ch\/de\/produkt\/flug-flugzeug-biel-rundflug-eiger-moench-jungfrau\/"]}]},{"@type":"ImageObject","inLanguage":"de","@id":"https:\/\/www.swissraft.ch\/de\/produkt\/flug-flugzeug-biel-rundflug-eiger-moench-jungfrau\/#primaryimage","url":"https:\/\/www.swissraft.ch\/wp-content\/uploads\/2023\/01\/08-BIEL-Eiger-Monch-Jungfrau-Rundflug-776x776-2.jpg","contentUrl":"https:\/\/www.swissraft.ch\/wp-content\/uploads\/2023\/01\/08-BIEL-Eiger-Monch-Jungfrau-Rundflug-776x776-2.jpg","width":776,"height":776,"caption":"Eiger-M\u00f6nch-Jungfrau Rundflug"},{"@type":"BreadcrumbList","@id":"https:\/\/www.swissraft.ch\/de\/produkt\/flug-flugzeug-biel-rundflug-eiger-moench-jungfrau\/#breadcrumb","itemListElement":[{"@type":"ListItem","position":1,"name":"Accueil","item":"https:\/\/www.swissraft.ch\/de\/"},{"@type":"ListItem","position":2,"name":"Shop","item":"https:\/\/www.swissraft.ch\/de\/shop\/"},{"@type":"ListItem","position":3,"name":"Flug mit dem Flugzeug &#8211; Biel &#8211; Eiger-M\u00f6nch-Jungfrau &#8211; 60 Min. &#8211; Ab CHF 400.00"}]},{"@type":"WebSite","@id":"https:\/\/www.swissraft.ch\/de\/#website","url":"https:\/\/www.swissraft.ch\/de\/","name":"Swissraft","description":"To enjoy nature as it is","publisher":{"@id":"https:\/\/www.swissraft.ch\/de\/#organization"},"potentialAction":[{"@type":"SearchAction","target":{"@type":"EntryPoint","urlTemplate":"https:\/\/www.swissraft.ch\/de\/?s={search_term_string}"},"query-input":{"@type":"PropertyValueSpecification","valueRequired":true,"valueName":"search_term_string"}}],"inLanguage":"de"},{"@type":"Organization","@id":"https:\/\/www.swissraft.ch\/de\/#organization","name":"Swissraft","url":"https:\/\/www.swissraft.ch\/de\/","logo":{"@type":"ImageObject","inLanguage":"de","@id":"https:\/\/www.swissraft.ch\/de\/#\/schema\/logo\/image\/","url":"https:\/\/www.swissraft.ch\/wp-content\/uploads\/2025\/09\/Capture.jpg","contentUrl":"https:\/\/www.swissraft.ch\/wp-content\/uploads\/2025\/09\/Capture.jpg","width":293,"height":108,"caption":"Swissraft"},"image":{"@id":"https:\/\/www.swissraft.ch\/de\/#\/schema\/logo\/image\/"}}]}},"_links":{"self":[{"href":"https:\/\/www.swissraft.ch\/de\/wp-json\/wp\/v2\/product\/91682","targetHints":{"allow":["GET"]}}],"collection":[{"href":"https:\/\/www.swissraft.ch\/de\/wp-json\/wp\/v2\/product"}],"about":[{"href":"https:\/\/www.swissraft.ch\/de\/wp-json\/wp\/v2\/types\/product"}],"replies":[{"embeddable":true,"href":"https:\/\/www.swissraft.ch\/de\/wp-json\/wp\/v2\/comments?post=91682"}],"version-history":[{"count":7,"href":"https:\/\/www.swissraft.ch\/de\/wp-json\/wp\/v2\/product\/91682\/revisions"}],"predecessor-version":[{"id":142529,"href":"https:\/\/www.swissraft.ch\/de\/wp-json\/wp\/v2\/product\/91682\/revisions\/142529"}],"wp:featuredmedia":[{"embeddable":true,"href":"https:\/\/www.swissraft.ch\/de\/wp-json\/wp\/v2\/media\/88153"}],"wp:attachment":[{"href":"https:\/\/www.swissraft.ch\/de\/wp-json\/wp\/v2\/media?parent=91682"}],"wp:term":[{"taxonomy":"product_cat","embeddable":true,"href":"https:\/\/www.swissraft.ch\/de\/wp-json\/wp\/v2\/product_cat?post=91682"},{"taxonomy":"product_tag","embeddable":true,"href":"https:\/\/www.swissraft.ch\/de\/wp-json\/wp\/v2\/product_tag?post=91682"}],"curies":[{"name":"wp","href":"https:\/\/api.w.org\/{rel}","templated":true}]}}