{"id":91681,"date":"2023-01-17T10:33:07","date_gmt":"2023-01-17T09:33:07","guid":{"rendered":"https:\/\/swissraft.xyanzkdne.eu\/product\/lufttaufe-in-einem-flugzeug-ab-epagny-20-min-ab-chf-49-00\/"},"modified":"2026-04-28T02:37:13","modified_gmt":"2026-04-28T00:37:13","slug":"lufttaufe-flugzeug-rundflug-epagny","status":"publish","type":"product","link":"https:\/\/www.swissraft.ch\/de\/produkt\/lufttaufe-flugzeug-rundflug-epagny\/","title":{"rendered":"Lufttaufe mit dem Flugzeug &#8211; \u00c9pagny &#8211; 20 Min. &#8211; Ab CHF 49.00"},"content":{"rendered":"\t\t<div data-elementor-type=\"wp-post\" data-elementor-id=\"91681\" class=\"elementor elementor-91681 elementor-30398\">\n\t\t\t\t\t\t\t\t\t<section class=\"elementor-section elementor-top-section elementor-element elementor-element-3303a7e3 elementor-section-boxed elementor-section-height-default elementor-section-height-default\" data-id=\"3303a7e3\" data-element_type=\"section\">\n\t\t\t\t\t\t<div class=\"elementor-container elementor-column-gap-default\">\n\t\t\t\t\t<div class=\"elementor-column elementor-col-100 elementor-top-column elementor-element elementor-element-16d72dbf\" data-id=\"16d72dbf\" data-element_type=\"column\">\n\t\t\t<div class=\"elementor-widget-wrap elementor-element-populated\">\n\t\t\t\t\t\t\t\t<div class=\"elementor-element elementor-element-d743c03 elementor-widget elementor-widget-text-editor\" data-id=\"d743c03\" data-element_type=\"widget\" data-widget_type=\"text-editor.default\">\n\t\t\t\t<div class=\"elementor-widget-container\">\n\t\t\t\t\t\t\t<h2>W\u00c4HLEN SIE UNTEN IHRE AKTIVIT\u00c4T AUS, UM GESCHENKGUTSCHEINE \/ TICKETS ZU VERSCHENKEN ODER ZU BUCHEN<\/h2><table border=\"0\" width=\"580\" cellspacing=\"10\" cellpadding=\"10\"><tbody><tr><td width=\"50%\"><strong>RUNDFLUG \u2013 LUFTTAUFE IM FLUGZEUG &#8211; (1-5 Pers.) &#8211; 20 Min.<\/strong><\/td><td><strong>Ab CHF 49.00 pro Person<span class=\"productPrice\"><br \/><\/span><\/strong><\/td><\/tr><tr><td>Zus\u00e4tzliche Informationen<\/td><td><span class=\"patt\">&#8211; Kinder von 5 bis 12 j\u00e4hrig<br \/>&#8211; Maximal 5 Pers. davon 2 Kinder <br \/>&#8211; Max. Gewicht Insgesamt 60 Kg f\u00fcr Kinder<br \/>&#8211; Max. Gr\u00f6\u00dfe pro Kind 1,50 M<br \/><\/span><\/td><\/tr><tr><td>Flugplatz<\/td><td><a href=\"https:\/\/www.google.com\/maps\/place\/46%C2%B035'44.0%22N+7%C2%B005'36.3%22E\/@46.5958455,7.0846888,1551m\/data=!3m1!1e3!4m4!3m3!8m2!3d46.5955556!4d7.0934167?entry=ttu\" target=\"_blank\" rel=\"noopener\">\u00c9pagny<\/a><\/td><\/tr><tr><td>Flugzeit<\/td><td>20 Min.<\/td><\/tr><tr><td>Gesamtdauer<\/td><td>ca. 50 Min.<\/td><\/tr><tr><td>Termin<\/td><td>Per Telefon<\/td><\/tr><tr><td><button class=\"elementor-button\" type=\"button\"><a href=\"https:\/\/swissraft.outdoorbooking.ch\/fo\/products\/1682?base_id=252&amp;category_id=22&amp;order_type=gift_voucher&amp;lang=de\" target=\"_blank\" rel=\"noopener\">GUTSCHEIN \/ TICKET KAUFEN<\/a> <\/button><\/td><td><strong>CHF 49.00<\/strong>\/pers.<\/td><\/tr><tr><td><a href=\"https:\/\/swissraft.outdoorbooking.ch\/fo\/products\/1688?base_id=253&amp;category_id=22&amp;order_type=gift_voucher&amp;lang=de\" target=\"_blank\" rel=\"noopener\"><button class=\"elementor-button\" type=\"button\">GUTSCHEIN \/ TICKET KAUFEN<\/button> <\/a><\/td><td><strong>CHF 147.00 &#8211; Privatflug (1-3 Pers.)<\/strong><\/td><\/tr><tr><td><a href=\"https:\/\/swissraft.outdoorbooking.ch\/fo\/products\/1711?base_id=255&amp;category_id=22&amp;order_type=gift_voucher&amp;lang=de\" target=\"_blank\" rel=\"noopener\"><button class=\"elementor-button\" type=\"button\">GUTSCHEIN \/ TICKET KAUFEN<\/button> <\/a><\/td><td><strong>CHF 245.00 &#8211; Privatflug (3 Erw. + 2 Kinder)<\/strong><\/td><\/tr><tr><td>\u00a0<\/td><td><strong><em>WICHTIG !<\/em><\/strong><br \/><em>Um zu reservieren, rufen Sie die Nummer an, die sich oben links auf dem Gutschein \/ Ticket befindet.<\/em><\/td><\/tr><\/tbody><\/table>\t\t\t\t\t\t<\/div>\n\t\t\t\t<\/div>\n\t\t\t\t\t<\/div>\n\t\t<\/div>\n\t\t\t\t\t\t\t<\/div>\n\t\t<\/section>\n\t\t\t\t\t\t\t<\/div>\n\t\t","protected":false},"excerpt":{"rendered":"<div align=\"justify\">\n<h2 align=\"justify\">Ab \u00c9pagny f\u00fcr eine 20-min\u00fctige Lufttaufe in einem Flugzeug<\/h2>\n<h3>Sie entdecken das Fliegen in einem kleinen Flugzeug bei einem Rundflug das Greyerzerland.<\/h3>\n<\/div>\n<div align=\"justify\">\n<p>Vom Flugplatz \u00c9pagny aus fliegen Sie mit unserem Piloten \u00fcber das Greyerzerland. Au\u00dferdem ist unser Pilot bei Ihrem ersten Flug besonders f\u00fcrsorglich, so dass Sie Ihren Flug in vollen Z\u00fcgen genie\u00dfen k\u00f6nnen. Nach einem 20-min\u00fctigen Flug landen Sie wieder auf dem Flugplatz von \u00c9pagny.<\/p>\n<h3>Von Epagny aus bietet Ihnen swissraft 6 Rundfl\u00fcge sowie Fl\u00fcge \u00e0 la carte an.<\/h3>\n<p id=\"textarea\" style=\"display: none;\">Au\u00dferdem f\u00fchren wir Rundfl\u00fcge vom Flugplatz Biel im Kanton Bern aus durch. Zum einen f\u00fchren wir Vergn\u00fcgungsfl\u00fcge vom internationalen Flughafen Bern-Belp aus durch. Au\u00dferdem bieten wir Rundfl\u00fcge ab dem Flugplatz Grenchen an. Aber auch Fl\u00fcge im Aargau von Buttwil aus. Ebenso haben wir Rundfl\u00fcge im Kanton St. Gallen ab Flugplatz Sch\u00e4nis.\n<\/p>\n<p><a id=\"seeMore\" onclick=\"toggleSeeMore()\" href=\"javascript:void(0);\">Lesen Sie mehr<\/a><\/p>\n","protected":false},"featured_media":88339,"comment_status":"open","ping_status":"closed","template":"","meta":{"inline_featured_image":false,"_mi_skip_tracking":false},"product_cat":[293,356],"product_tag":[],"class_list":["post-91681","product","type-product","status-publish","has-post-thumbnail","hentry","product_cat-flug-in-der-schweiz","product_cat-flug-flugzeug-rundflug-epagny"],"yoast_head":"<!-- This site is optimized with the Yoast SEO plugin v23.6 - https:\/\/yoast.com\/wordpress\/plugins\/seo\/ -->\n<title>Rundflug Lufttaufe ab \u00c9pagny im Flugzeug<\/title>\n<meta name=\"description\" content=\"Rundflug Lufttaufe ab \u00c9pagny. Sie starten zu einem 20-min\u00fctigen mit dem Flugzeug \u00fcber Greyerzerland und die Freiburger Voralpen\" \/>\n<meta name=\"robots\" content=\"index, follow, max-snippet:-1, max-image-preview:large, max-video-preview:-1\" \/>\n<link rel=\"canonical\" href=\"https:\/\/www.swissraft.ch\/de\/produkt\/lufttaufe-flugzeug-rundflug-epagny\/\" \/>\n<meta property=\"og:locale\" content=\"de_DE\" \/>\n<meta property=\"og:type\" content=\"article\" \/>\n<meta property=\"og:title\" content=\"Rundflug Lufttaufe ab \u00c9pagny im Flugzeug\" \/>\n<meta property=\"og:description\" content=\"Rundflug Lufttaufe ab \u00c9pagny. Sie starten zu einem 20-min\u00fctigen mit dem Flugzeug \u00fcber Greyerzerland und die Freiburger Voralpen\" \/>\n<meta property=\"og:url\" content=\"https:\/\/www.swissraft.ch\/de\/produkt\/lufttaufe-flugzeug-rundflug-epagny\/\" \/>\n<meta property=\"og:site_name\" content=\"Swissraft\" \/>\n<meta property=\"article:modified_time\" content=\"2026-04-28T00:37:13+00:00\" \/>\n<meta property=\"og:image\" content=\"https:\/\/www.swissraft.ch\/wp-content\/uploads\/2023\/01\/1-EPAGNY-Flugtaufe-776x776-1.jpg\" \/>\n\t<meta property=\"og:image:width\" content=\"776\" \/>\n\t<meta property=\"og:image:height\" content=\"776\" \/>\n\t<meta property=\"og:image:type\" content=\"image\/jpeg\" \/>\n<meta name=\"twitter:card\" content=\"summary_large_image\" \/>\n<meta name=\"twitter:label1\" content=\"Gesch\u00e4tzte Lesezeit\" \/>\n\t<meta name=\"twitter:data1\" content=\"1\u00a0Minute\" \/>\n<script type=\"application\/ld+json\" class=\"yoast-schema-graph\">{\"@context\":\"https:\/\/schema.org\",\"@graph\":[{\"@type\":\"WebPage\",\"@id\":\"https:\/\/www.swissraft.ch\/de\/produkt\/lufttaufe-flugzeug-rundflug-epagny\/\",\"url\":\"https:\/\/www.swissraft.ch\/de\/produkt\/lufttaufe-flugzeug-rundflug-epagny\/\",\"name\":\"Rundflug Lufttaufe ab \u00c9pagny im Flugzeug\",\"isPartOf\":{\"@id\":\"https:\/\/www.swissraft.ch\/de\/#website\"},\"primaryImageOfPage\":{\"@id\":\"https:\/\/www.swissraft.ch\/de\/produkt\/lufttaufe-flugzeug-rundflug-epagny\/#primaryimage\"},\"image\":{\"@id\":\"https:\/\/www.swissraft.ch\/de\/produkt\/lufttaufe-flugzeug-rundflug-epagny\/#primaryimage\"},\"thumbnailUrl\":\"https:\/\/www.swissraft.ch\/wp-content\/uploads\/2023\/01\/1-EPAGNY-Flugtaufe-776x776-1.jpg\",\"datePublished\":\"2023-01-17T09:33:07+00:00\",\"dateModified\":\"2026-04-28T00:37:13+00:00\",\"description\":\"Rundflug Lufttaufe ab \u00c9pagny. Sie starten zu einem 20-min\u00fctigen mit dem Flugzeug \u00fcber Greyerzerland und die Freiburger Voralpen\",\"breadcrumb\":{\"@id\":\"https:\/\/www.swissraft.ch\/de\/produkt\/lufttaufe-flugzeug-rundflug-epagny\/#breadcrumb\"},\"inLanguage\":\"de\",\"potentialAction\":[{\"@type\":\"ReadAction\",\"target\":[\"https:\/\/www.swissraft.ch\/de\/produkt\/lufttaufe-flugzeug-rundflug-epagny\/\"]}]},{\"@type\":\"ImageObject\",\"inLanguage\":\"de\",\"@id\":\"https:\/\/www.swissraft.ch\/de\/produkt\/lufttaufe-flugzeug-rundflug-epagny\/#primaryimage\",\"url\":\"https:\/\/www.swissraft.ch\/wp-content\/uploads\/2023\/01\/1-EPAGNY-Flugtaufe-776x776-1.jpg\",\"contentUrl\":\"https:\/\/www.swissraft.ch\/wp-content\/uploads\/2023\/01\/1-EPAGNY-Flugtaufe-776x776-1.jpg\",\"width\":776,\"height\":776,\"caption\":\"Flugzeugtaufe ab \u00c9pagny\"},{\"@type\":\"BreadcrumbList\",\"@id\":\"https:\/\/www.swissraft.ch\/de\/produkt\/lufttaufe-flugzeug-rundflug-epagny\/#breadcrumb\",\"itemListElement\":[{\"@type\":\"ListItem\",\"position\":1,\"name\":\"Accueil\",\"item\":\"https:\/\/www.swissraft.ch\/de\/\"},{\"@type\":\"ListItem\",\"position\":2,\"name\":\"Shop\",\"item\":\"https:\/\/www.swissraft.ch\/de\/shop\/\"},{\"@type\":\"ListItem\",\"position\":3,\"name\":\"Lufttaufe mit dem Flugzeug &#8211; \u00c9pagny &#8211; 20 Min. &#8211; Ab CHF 49.00\"}]},{\"@type\":\"WebSite\",\"@id\":\"https:\/\/www.swissraft.ch\/de\/#website\",\"url\":\"https:\/\/www.swissraft.ch\/de\/\",\"name\":\"Swissraft\",\"description\":\"To enjoy nature as it is\",\"publisher\":{\"@id\":\"https:\/\/www.swissraft.ch\/de\/#organization\"},\"potentialAction\":[{\"@type\":\"SearchAction\",\"target\":{\"@type\":\"EntryPoint\",\"urlTemplate\":\"https:\/\/www.swissraft.ch\/de\/?s={search_term_string}\"},\"query-input\":{\"@type\":\"PropertyValueSpecification\",\"valueRequired\":true,\"valueName\":\"search_term_string\"}}],\"inLanguage\":\"de\"},{\"@type\":\"Organization\",\"@id\":\"https:\/\/www.swissraft.ch\/de\/#organization\",\"name\":\"Swissraft\",\"url\":\"https:\/\/www.swissraft.ch\/de\/\",\"logo\":{\"@type\":\"ImageObject\",\"inLanguage\":\"de\",\"@id\":\"https:\/\/www.swissraft.ch\/de\/#\/schema\/logo\/image\/\",\"url\":\"https:\/\/www.swissraft.ch\/wp-content\/uploads\/2025\/09\/Capture.jpg\",\"contentUrl\":\"https:\/\/www.swissraft.ch\/wp-content\/uploads\/2025\/09\/Capture.jpg\",\"width\":293,\"height\":108,\"caption\":\"Swissraft\"},\"image\":{\"@id\":\"https:\/\/www.swissraft.ch\/de\/#\/schema\/logo\/image\/\"}}]}<\/script>\n<!-- \/ Yoast SEO plugin. -->","yoast_head_json":{"title":"Rundflug Lufttaufe ab \u00c9pagny im Flugzeug","description":"Rundflug Lufttaufe ab \u00c9pagny. Sie starten zu einem 20-min\u00fctigen mit dem Flugzeug \u00fcber Greyerzerland und die Freiburger Voralpen","robots":{"index":"index","follow":"follow","max-snippet":"max-snippet:-1","max-image-preview":"max-image-preview:large","max-video-preview":"max-video-preview:-1"},"canonical":"https:\/\/www.swissraft.ch\/de\/produkt\/lufttaufe-flugzeug-rundflug-epagny\/","og_locale":"de_DE","og_type":"article","og_title":"Rundflug Lufttaufe ab \u00c9pagny im Flugzeug","og_description":"Rundflug Lufttaufe ab \u00c9pagny. Sie starten zu einem 20-min\u00fctigen mit dem Flugzeug \u00fcber Greyerzerland und die Freiburger Voralpen","og_url":"https:\/\/www.swissraft.ch\/de\/produkt\/lufttaufe-flugzeug-rundflug-epagny\/","og_site_name":"Swissraft","article_modified_time":"2026-04-28T00:37:13+00:00","og_image":[{"width":776,"height":776,"url":"https:\/\/www.swissraft.ch\/wp-content\/uploads\/2023\/01\/1-EPAGNY-Flugtaufe-776x776-1.jpg","type":"image\/jpeg"}],"twitter_card":"summary_large_image","twitter_misc":{"Gesch\u00e4tzte Lesezeit":"1\u00a0Minute"},"schema":{"@context":"https:\/\/schema.org","@graph":[{"@type":"WebPage","@id":"https:\/\/www.swissraft.ch\/de\/produkt\/lufttaufe-flugzeug-rundflug-epagny\/","url":"https:\/\/www.swissraft.ch\/de\/produkt\/lufttaufe-flugzeug-rundflug-epagny\/","name":"Rundflug Lufttaufe ab \u00c9pagny im Flugzeug","isPartOf":{"@id":"https:\/\/www.swissraft.ch\/de\/#website"},"primaryImageOfPage":{"@id":"https:\/\/www.swissraft.ch\/de\/produkt\/lufttaufe-flugzeug-rundflug-epagny\/#primaryimage"},"image":{"@id":"https:\/\/www.swissraft.ch\/de\/produkt\/lufttaufe-flugzeug-rundflug-epagny\/#primaryimage"},"thumbnailUrl":"https:\/\/www.swissraft.ch\/wp-content\/uploads\/2023\/01\/1-EPAGNY-Flugtaufe-776x776-1.jpg","datePublished":"2023-01-17T09:33:07+00:00","dateModified":"2026-04-28T00:37:13+00:00","description":"Rundflug Lufttaufe ab \u00c9pagny. Sie starten zu einem 20-min\u00fctigen mit dem Flugzeug \u00fcber Greyerzerland und die Freiburger Voralpen","breadcrumb":{"@id":"https:\/\/www.swissraft.ch\/de\/produkt\/lufttaufe-flugzeug-rundflug-epagny\/#breadcrumb"},"inLanguage":"de","potentialAction":[{"@type":"ReadAction","target":["https:\/\/www.swissraft.ch\/de\/produkt\/lufttaufe-flugzeug-rundflug-epagny\/"]}]},{"@type":"ImageObject","inLanguage":"de","@id":"https:\/\/www.swissraft.ch\/de\/produkt\/lufttaufe-flugzeug-rundflug-epagny\/#primaryimage","url":"https:\/\/www.swissraft.ch\/wp-content\/uploads\/2023\/01\/1-EPAGNY-Flugtaufe-776x776-1.jpg","contentUrl":"https:\/\/www.swissraft.ch\/wp-content\/uploads\/2023\/01\/1-EPAGNY-Flugtaufe-776x776-1.jpg","width":776,"height":776,"caption":"Flugzeugtaufe ab \u00c9pagny"},{"@type":"BreadcrumbList","@id":"https:\/\/www.swissraft.ch\/de\/produkt\/lufttaufe-flugzeug-rundflug-epagny\/#breadcrumb","itemListElement":[{"@type":"ListItem","position":1,"name":"Accueil","item":"https:\/\/www.swissraft.ch\/de\/"},{"@type":"ListItem","position":2,"name":"Shop","item":"https:\/\/www.swissraft.ch\/de\/shop\/"},{"@type":"ListItem","position":3,"name":"Lufttaufe mit dem Flugzeug &#8211; \u00c9pagny &#8211; 20 Min. &#8211; Ab CHF 49.00"}]},{"@type":"WebSite","@id":"https:\/\/www.swissraft.ch\/de\/#website","url":"https:\/\/www.swissraft.ch\/de\/","name":"Swissraft","description":"To enjoy nature as it is","publisher":{"@id":"https:\/\/www.swissraft.ch\/de\/#organization"},"potentialAction":[{"@type":"SearchAction","target":{"@type":"EntryPoint","urlTemplate":"https:\/\/www.swissraft.ch\/de\/?s={search_term_string}"},"query-input":{"@type":"PropertyValueSpecification","valueRequired":true,"valueName":"search_term_string"}}],"inLanguage":"de"},{"@type":"Organization","@id":"https:\/\/www.swissraft.ch\/de\/#organization","name":"Swissraft","url":"https:\/\/www.swissraft.ch\/de\/","logo":{"@type":"ImageObject","inLanguage":"de","@id":"https:\/\/www.swissraft.ch\/de\/#\/schema\/logo\/image\/","url":"https:\/\/www.swissraft.ch\/wp-content\/uploads\/2025\/09\/Capture.jpg","contentUrl":"https:\/\/www.swissraft.ch\/wp-content\/uploads\/2025\/09\/Capture.jpg","width":293,"height":108,"caption":"Swissraft"},"image":{"@id":"https:\/\/www.swissraft.ch\/de\/#\/schema\/logo\/image\/"}}]}},"_links":{"self":[{"href":"https:\/\/www.swissraft.ch\/de\/wp-json\/wp\/v2\/product\/91681","targetHints":{"allow":["GET"]}}],"collection":[{"href":"https:\/\/www.swissraft.ch\/de\/wp-json\/wp\/v2\/product"}],"about":[{"href":"https:\/\/www.swissraft.ch\/de\/wp-json\/wp\/v2\/types\/product"}],"replies":[{"embeddable":true,"href":"https:\/\/www.swissraft.ch\/de\/wp-json\/wp\/v2\/comments?post=91681"}],"version-history":[{"count":14,"href":"https:\/\/www.swissraft.ch\/de\/wp-json\/wp\/v2\/product\/91681\/revisions"}],"predecessor-version":[{"id":142649,"href":"https:\/\/www.swissraft.ch\/de\/wp-json\/wp\/v2\/product\/91681\/revisions\/142649"}],"wp:featuredmedia":[{"embeddable":true,"href":"https:\/\/www.swissraft.ch\/de\/wp-json\/wp\/v2\/media\/88339"}],"wp:attachment":[{"href":"https:\/\/www.swissraft.ch\/de\/wp-json\/wp\/v2\/media?parent=91681"}],"wp:term":[{"taxonomy":"product_cat","embeddable":true,"href":"https:\/\/www.swissraft.ch\/de\/wp-json\/wp\/v2\/product_cat?post=91681"},{"taxonomy":"product_tag","embeddable":true,"href":"https:\/\/www.swissraft.ch\/de\/wp-json\/wp\/v2\/product_tag?post=91681"}],"curies":[{"name":"wp","href":"https:\/\/api.w.org\/{rel}","templated":true}]}}