{"id":91675,"date":"2023-02-05T15:51:59","date_gmt":"2023-02-05T14:51:59","guid":{"rendered":"https:\/\/swissraft.xyanzkdne.eu\/product\/flugsimulator-in-villars-les-moines-airbus-a320-ab-chf-146-00\/"},"modified":"2025-10-17T22:58:06","modified_gmt":"2025-10-17T20:58:06","slug":"flugsimulator-villars-les-moines-airbus-a320","status":"publish","type":"product","link":"https:\/\/www.swissraft.ch\/de\/produkt\/flugsimulator-villars-les-moines-airbus-a320\/","title":{"rendered":"Flugsimulator in M\u00dcNCHENWILER &#8211; AIRBUS A320 &#8211; Ab CHF 146.00"},"content":{"rendered":"\t\t<div data-elementor-type=\"wp-post\" data-elementor-id=\"91675\" class=\"elementor elementor-91675 elementor-30650\">\n\t\t\t\t\t\t\t\t\t<section class=\"elementor-section elementor-top-section elementor-element elementor-element-3303a7e3 elementor-section-boxed elementor-section-height-default elementor-section-height-default\" data-id=\"3303a7e3\" data-element_type=\"section\">\n\t\t\t\t\t\t<div class=\"elementor-container elementor-column-gap-default\">\n\t\t\t\t\t<div class=\"elementor-column elementor-col-100 elementor-top-column elementor-element elementor-element-16d72dbf\" data-id=\"16d72dbf\" data-element_type=\"column\">\n\t\t\t<div class=\"elementor-widget-wrap elementor-element-populated\">\n\t\t\t\t\t\t\t\t<div class=\"elementor-element elementor-element-d743c03 elementor-widget elementor-widget-text-editor\" data-id=\"d743c03\" data-element_type=\"widget\" data-widget_type=\"text-editor.default\">\n\t\t\t\t<div class=\"elementor-widget-container\">\n\t\t\t\t\t\t\t<h2>W\u00c4HLEN SIE UNTEN IHRE AKTIVIT\u00c4T AUS, UM GESCHENKGUTSCHEINE \/ TICKETS ZU VERSCHENKEN ODER ZU BUCHEN.<\/h2>\n<table border=\"0\" width=\"580\" cellspacing=\"10\" cellpadding=\"10\">\n<tbody>\n<tr>\n<td width=\"50%\"><strong>1) SCHNUPPERFLUGMIT DEM FLUGSIMULATOR AIRBUS A320 (1+2 Pers.) &#8211; 50 Min.<\/strong><\/td>\n<td><strong>CHF 146.00 pro Flug<span class=\"productPrice\"><br \/><\/span><\/strong><\/td>\n<\/tr>\n<tr>\n<td>Weitere Informationen<\/td>\n<td><span class=\"patt\">&#8211; Mindestgr\u00f6\u00dfe : 1m40<br \/>&#8211; Maximal 2 Passagiere<\/span><\/td>\n<\/tr>\n<tr>\n<td>Ort des Treffens<\/td>\n<td><a href=\"https:\/\/www.google.com\/maps\/place\/46%C2%B054'47.2%22N+7%C2%B006'56.2%22E\/@46.9131761,7.1133834,385m\/data=!3m1!1e3!4m4!3m3!8m2!3d46.9131111!4d7.1156111?entry=ttu\" target=\"_blank\" rel=\"noopener\">M\u00fcnchenwler<\/a><\/td>\n<\/tr>\n<tr>\n<td>Dauer des Fluges<\/td>\n<td>50 Min.<\/td>\n<\/tr>\n<tr>\n<td>Gesamtdauer<\/td>\n<td>ca. 1,5 Std.<\/td>\n<\/tr>\n<tr>\n<td>Terminvereinbarung<\/td>\n<td>Per Telefon<\/td>\n<\/tr>\n<tr>\n<td><button class=\"elementor-button\" type=\"button\"><a href=\"https:\/\/swissraft.outdoorbooking.ch\/fo\/products\/1152?base_id=198&amp;category_id=21&amp;order_type=gift_voucher&amp;lang=fr\" target=\"_blank\" rel=\"noopener\">GUTSCHEIN KAUFEN<\/a><\/button><\/td>\n<td>Um zu buchen : <span class=\"patt\" style=\"font-family: inherit; font-size: inherit;\"><span class=\"plbl\"><span class=\"patt\"><a href=\"https:\/\/www.swissraft.ch\/de\/kontakt\/\">Kontaktieren Sie uns<\/a><\/span><\/span><\/span><\/td>\n<\/tr>\n<\/tbody>\n<\/table>\n<table border=\"0\" width=\"580\" cellspacing=\"10\" cellpadding=\"10\">\n<tbody>\n<tr>\n<td width=\"50%\"><strong>2) FLUGSIMULATOR AIRBUS A320 (1+2 Pers.) &#8211; ab 60 Min.<\/strong><\/td>\n<td><strong>Ab CHF 198.00 pro Flug<span class=\"productPrice\"><br \/><\/span><\/strong><\/td>\n<\/tr>\n<tr>\n<td>Weitere Informationen<\/td>\n<td><span class=\"patt\">&#8211; Mindestgr\u00f6\u00dfe : 1m40<br \/>&#8211; Maximal 2 Passagiere<\/span><\/td>\n<\/tr>\n<tr>\n<td>Ort des Treffens<\/td>\n<td><a href=\"https:\/\/www.google.com\/maps\/place\/46%C2%B054'47.2%22N+7%C2%B006'56.2%22E\/@46.9131761,7.1133834,385m\/data=!3m1!1e3!4m4!3m3!8m2!3d46.9131111!4d7.1156111?entry=ttu\" target=\"_blank\" rel=\"noopener\">M\u00fcnchenwiler<\/a><\/td>\n<\/tr>\n<tr>\n<td>Flugdauer nach Wahl<\/td>\n<td>1h \/ 1h30 \/ 2h \/ 3h \/ 4h \/ 5h \/ 6h<\/td>\n<\/tr>\n<tr>\n<td>Gesamtdauer<\/td>\n<td>ca. 1,5 bis 6,5 Std. abh\u00e4ngig von der Anzahl der Minuten<\/td>\n<\/tr>\n<tr>\n<td>Terminvereinbarung<\/td>\n<td>Per Telefon<\/td>\n<\/tr>\n<tr>\n<td><button class=\"elementor-button\" type=\"button\"><a href=\"https:\/\/swissraft.outdoorbooking.ch\/fo\/products\/1153?base_id=198&amp;category_id=21&amp;order_type=gift_voucher&amp;lang=fr\" target=\"_blank\" rel=\"noopener\">GUTSCHEIN KAUFEN<\/a><\/button><\/td>\n<td><strong>CHF 198.00 &#8211; 1 Std. Flug<\/strong><\/td>\n<\/tr>\n<\/tbody>\n<tbody>\n<tr>\n<td><button class=\"elementor-button\" type=\"button\"><a href=\"https:\/\/swissraft.outdoorbooking.ch\/fo\/products\/1154?base_id=198&amp;category_id=21&amp;order_type=gift_voucher&amp;lang=fr\" target=\"_blank\" rel=\"noopener\">GUTSCHEIN KAUFEN<\/a><\/button><\/td>\n<td><strong>CHF 284.00 &#8211; 1,5 Std. Flug<\/strong><\/td>\n<\/tr>\n<tr>\n<td><button class=\"elementor-button\" type=\"button\"><a href=\"https:\/\/swissraft.outdoorbooking.ch\/fo\/products\/1155?base_id=198&amp;category_id=21&amp;order_type=gift_voucher&amp;lang=fr\" target=\"_blank\" rel=\"noopener\">GUTSCHEIN KAUFEN<\/a><\/button><\/td>\n<td><strong>CHF 377.00 &#8211; 2 Std. Flug<\/strong><\/td>\n<\/tr>\n<\/tbody>\n<tbody>\n<tr>\n<td><button class=\"elementor-button\" type=\"button\"><a href=\"https:\/\/swissraft.outdoorbooking.ch\/fo\/products\/1156?base_id=198&amp;category_id=21&amp;order_type=gift_voucher&amp;lang=fr\" target=\"_blank\" rel=\"noopener\">GUTSCHEIN KAUFEN<\/a><\/button><\/td>\n<td><strong>CHF 555.00 &#8211; 3 Std. Flug<\/strong><\/td>\n<\/tr>\n<tr>\n<td><button class=\"elementor-button\" type=\"button\"><a href=\"https:\/\/swissraft.outdoorbooking.ch\/fo\/products\/1157?base_id=198&amp;category_id=21&amp;order_type=gift_voucher&amp;lang=fr\" target=\"_blank\" rel=\"noopener\">GUTSCHEIN KAUFEN<\/a><\/button><\/td>\n<td><strong>CHF 723.00 &#8211; 4 Std. Flug<\/strong><\/td>\n<\/tr>\n<tr>\n<td><button class=\"elementor-button\" type=\"button\"><a href=\"https:\/\/swissraft.outdoorbooking.ch\/fo\/products\/1158?base_id=198&amp;category_id=21&amp;order_type=gift_voucher&amp;lang=fr\" target=\"_blank\" rel=\"noopener\">GUTSCHEIN KAUFEN<\/a><\/button><\/td>\n<td><strong>CHF 860.00 &#8211; 5 Std. Flug<\/strong><\/td>\n<\/tr>\n<tr>\n<td><button class=\"elementor-button\" type=\"button\"><a href=\"https:\/\/swissraft.outdoorbooking.ch\/fo\/products\/1159?base_id=198&amp;category_id=21&amp;order_type=gift_voucher&amp;lang=fr\" target=\"_blank\" rel=\"noopener\">GUTSCHEIN KAUFEN<\/a><\/button><\/td>\n<td><strong>CHF 1&#8217;007.00 &#8211; 6 Std. Flug<\/strong><\/td>\n<\/tr>\n<tr>\n<td> <\/td>\n<td>Um zu buchen : <span class=\"patt\" style=\"font-family: inherit; font-size: inherit;\"><span class=\"plbl\"><span class=\"patt\"><a href=\"https:\/\/www.swissraft.ch\/de\/kontakt\/\">Kontaktieren Sie uns<\/a><\/span><\/span><\/span><\/td>\n<\/tr>\n<\/tbody>\n<\/table>\n\t\t\t\t\t\t<\/div>\n\t\t\t\t<\/div>\n\t\t\t\t\t<\/div>\n\t\t<\/div>\n\t\t\t\t\t\t\t<\/div>\n\t\t<\/section>\n\t\t\t\t\t\t\t<\/div>\n\t\t","protected":false},"excerpt":{"rendered":"<div align=\"justify\">\n<h2 align=\"justify\">In M\u00fcnchenwiler ist unser Airbus-A320-Flugsimulator einfach beeindruckend.<\/h2>\n<h3>Nehmen Sie zwei Freunde mit, die als Passagiere an Bord des Airbus A320 diese einzigartige Erfahrung in der virtuellen Welt mit Ihnen teilen werden.<\/h3>\n<\/div>\n<div align=\"justify\">\n<p>Geh\u00f6ren Sie zu denen, die beim Einsteigen in ein Verkehrsflugzeug einen Blick in das Cockpit werfen? Sie tr\u00e4umen davon, wenigstens einmal in Ihrem Leben im Cockpit eines Verkehrsflugzeugs zu sitzen. Dieser Traum kann mit unserem Airbus A320-Flugsimulator wahr werden. Mit seinem riesigen, halbkreisf\u00f6rmigen Panoramabildschirm von 5 Metern Breite und 200\u00b0 erleben Sie die realistischen Ger\u00e4usche der Triebwerke, das Rollen, die Vibrationen beim Start Ihres Flugzeugs&#8230; Kurz gesagt, Sie fliegen wirklich einen Airbus A320. Es sind keine besonderen Kenntnisse erforderlich! Ihr Pilot und Fluglehrer wird Sie bei jedem Man\u00f6ver Schritt f\u00fcr Schritt anleiten. Der Unterricht wird in Deutsch, Franz\u00f6sisch oder Englisch gehalten.<\/p>\n<h3>F\u00fcr weitere Informationen oder um Ihren Flug im Flugsimulator zu buchen, kontaktieren Sie uns per E-Mail oder telefonisch unter 081 911 52 50.<\/h3>\n<p id=\"textarea\" style=\"display: none;\">\nSwissraft bietet Ihnen ebenfalls einen Boeing-737-700-Flugsimulator in Lausanne an. Aber auch ein Boeing B777 Flugsimulator in Z\u00fcrich. Auch in Attikon\/Winterthur haben wir einen Boeing 737 FSC Flugsimulator und einen EC135 Helikopter-Flugsimulator. Wir bieten auch einen Boeing 737-800 Flugsimulator, einen Robinson RH22 Helikopter Flugsimulator und einen Cessna 172 Flugsimulator in Niederbuchsiten an. Au\u00dferdem haben wir in Pf\u00e4ffikon einen EC135 Helikopter-Flugsimulator.\n<\/p>\n<p><a id=\"seeMore\" onclick=\"toggleSeeMore()\" href=\"javascript:void(0);\">Lesen Sie mehr<\/a><\/p>\n","protected":false},"featured_media":89410,"comment_status":"open","ping_status":"closed","template":"","meta":{"inline_featured_image":false,"_mi_skip_tracking":false},"product_cat":[286,353],"product_tag":[],"class_list":["post-91675","product","type-product","status-publish","has-post-thumbnail","hentry","product_cat-flugsimulator","product_cat-muenchenwiler"],"yoast_head":"<!-- This site is optimized with the Yoast SEO plugin v23.6 - https:\/\/yoast.com\/wordpress\/plugins\/seo\/ -->\n<title>Airbus A320, der fortschrittlichste Simulator f\u00fcr Verkehrsflugzeuge<\/title>\n<meta name=\"description\" content=\"Airbus A320, der fortschrittlichste Simulator f\u00fcr Verkehrsflugzeuge, befindet sich in M\u00fcnchenwiler. Sie werden von der Realit\u00e4tsn\u00e4he dieses Simulators beeindruckt sein!\" \/>\n<meta name=\"robots\" content=\"index, follow, max-snippet:-1, max-image-preview:large, max-video-preview:-1\" \/>\n<link rel=\"canonical\" href=\"https:\/\/www.swissraft.ch\/de\/produkt\/flugsimulator-villars-les-moines-airbus-a320\/\" \/>\n<meta property=\"og:locale\" content=\"de_DE\" \/>\n<meta property=\"og:type\" content=\"article\" \/>\n<meta property=\"og:title\" content=\"Airbus A320, der fortschrittlichste Simulator f\u00fcr Verkehrsflugzeuge\" \/>\n<meta property=\"og:description\" content=\"Airbus A320, der fortschrittlichste Simulator f\u00fcr Verkehrsflugzeuge, befindet sich in M\u00fcnchenwiler. Sie werden von der Realit\u00e4tsn\u00e4he dieses Simulators beeindruckt sein!\" \/>\n<meta property=\"og:url\" content=\"https:\/\/www.swissraft.ch\/de\/produkt\/flugsimulator-villars-les-moines-airbus-a320\/\" \/>\n<meta property=\"og:site_name\" content=\"Swissraft\" \/>\n<meta property=\"article:modified_time\" content=\"2025-10-17T20:58:06+00:00\" \/>\n<meta property=\"og:image\" content=\"https:\/\/www.swissraft.ch\/wp-content\/uploads\/2023\/02\/1-MUNCHENWILER-Airbus-A320-776x776-1.png\" \/>\n\t<meta property=\"og:image:width\" content=\"776\" \/>\n\t<meta property=\"og:image:height\" content=\"776\" \/>\n\t<meta property=\"og:image:type\" content=\"image\/png\" \/>\n<meta name=\"twitter:card\" content=\"summary_large_image\" \/>\n<meta name=\"twitter:label1\" content=\"Gesch\u00e4tzte Lesezeit\" \/>\n\t<meta name=\"twitter:data1\" content=\"1\u00a0Minute\" \/>\n<script type=\"application\/ld+json\" class=\"yoast-schema-graph\">{\"@context\":\"https:\/\/schema.org\",\"@graph\":[{\"@type\":\"WebPage\",\"@id\":\"https:\/\/www.swissraft.ch\/de\/produkt\/flugsimulator-villars-les-moines-airbus-a320\/\",\"url\":\"https:\/\/www.swissraft.ch\/de\/produkt\/flugsimulator-villars-les-moines-airbus-a320\/\",\"name\":\"Airbus A320, der fortschrittlichste Simulator f\u00fcr Verkehrsflugzeuge\",\"isPartOf\":{\"@id\":\"https:\/\/www.swissraft.ch\/de\/#website\"},\"primaryImageOfPage\":{\"@id\":\"https:\/\/www.swissraft.ch\/de\/produkt\/flugsimulator-villars-les-moines-airbus-a320\/#primaryimage\"},\"image\":{\"@id\":\"https:\/\/www.swissraft.ch\/de\/produkt\/flugsimulator-villars-les-moines-airbus-a320\/#primaryimage\"},\"thumbnailUrl\":\"https:\/\/www.swissraft.ch\/wp-content\/uploads\/2023\/02\/1-MUNCHENWILER-Airbus-A320-776x776-1.png\",\"datePublished\":\"2023-02-05T14:51:59+00:00\",\"dateModified\":\"2025-10-17T20:58:06+00:00\",\"description\":\"Airbus A320, der fortschrittlichste Simulator f\u00fcr Verkehrsflugzeuge, befindet sich in M\u00fcnchenwiler. Sie werden von der Realit\u00e4tsn\u00e4he dieses Simulators beeindruckt sein!\",\"breadcrumb\":{\"@id\":\"https:\/\/www.swissraft.ch\/de\/produkt\/flugsimulator-villars-les-moines-airbus-a320\/#breadcrumb\"},\"inLanguage\":\"de\",\"potentialAction\":[{\"@type\":\"ReadAction\",\"target\":[\"https:\/\/www.swissraft.ch\/de\/produkt\/flugsimulator-villars-les-moines-airbus-a320\/\"]}]},{\"@type\":\"ImageObject\",\"inLanguage\":\"de\",\"@id\":\"https:\/\/www.swissraft.ch\/de\/produkt\/flugsimulator-villars-les-moines-airbus-a320\/#primaryimage\",\"url\":\"https:\/\/www.swissraft.ch\/wp-content\/uploads\/2023\/02\/1-MUNCHENWILER-Airbus-A320-776x776-1.png\",\"contentUrl\":\"https:\/\/www.swissraft.ch\/wp-content\/uploads\/2023\/02\/1-MUNCHENWILER-Airbus-A320-776x776-1.png\",\"width\":776,\"height\":776,\"caption\":\"Airbus A320 Flugsimulator in Villars-Les-Moines\"},{\"@type\":\"BreadcrumbList\",\"@id\":\"https:\/\/www.swissraft.ch\/de\/produkt\/flugsimulator-villars-les-moines-airbus-a320\/#breadcrumb\",\"itemListElement\":[{\"@type\":\"ListItem\",\"position\":1,\"name\":\"Accueil\",\"item\":\"https:\/\/www.swissraft.ch\/de\/\"},{\"@type\":\"ListItem\",\"position\":2,\"name\":\"Shop\",\"item\":\"https:\/\/www.swissraft.ch\/de\/shop\/\"},{\"@type\":\"ListItem\",\"position\":3,\"name\":\"Flugsimulator in M\u00dcNCHENWILER &#8211; AIRBUS A320 &#8211; Ab CHF 146.00\"}]},{\"@type\":\"WebSite\",\"@id\":\"https:\/\/www.swissraft.ch\/de\/#website\",\"url\":\"https:\/\/www.swissraft.ch\/de\/\",\"name\":\"Swissraft\",\"description\":\"To enjoy nature as it is\",\"publisher\":{\"@id\":\"https:\/\/www.swissraft.ch\/de\/#organization\"},\"potentialAction\":[{\"@type\":\"SearchAction\",\"target\":{\"@type\":\"EntryPoint\",\"urlTemplate\":\"https:\/\/www.swissraft.ch\/de\/?s={search_term_string}\"},\"query-input\":{\"@type\":\"PropertyValueSpecification\",\"valueRequired\":true,\"valueName\":\"search_term_string\"}}],\"inLanguage\":\"de\"},{\"@type\":\"Organization\",\"@id\":\"https:\/\/www.swissraft.ch\/de\/#organization\",\"name\":\"Swissraft\",\"url\":\"https:\/\/www.swissraft.ch\/de\/\",\"logo\":{\"@type\":\"ImageObject\",\"inLanguage\":\"de\",\"@id\":\"https:\/\/www.swissraft.ch\/de\/#\/schema\/logo\/image\/\",\"url\":\"https:\/\/www.swissraft.ch\/wp-content\/uploads\/2025\/09\/Capture.jpg\",\"contentUrl\":\"https:\/\/www.swissraft.ch\/wp-content\/uploads\/2025\/09\/Capture.jpg\",\"width\":293,\"height\":108,\"caption\":\"Swissraft\"},\"image\":{\"@id\":\"https:\/\/www.swissraft.ch\/de\/#\/schema\/logo\/image\/\"}}]}<\/script>\n<!-- \/ Yoast SEO plugin. -->","yoast_head_json":{"title":"Airbus A320, der fortschrittlichste Simulator f\u00fcr Verkehrsflugzeuge","description":"Airbus A320, der fortschrittlichste Simulator f\u00fcr Verkehrsflugzeuge, befindet sich in M\u00fcnchenwiler. Sie werden von der Realit\u00e4tsn\u00e4he dieses Simulators beeindruckt sein!","robots":{"index":"index","follow":"follow","max-snippet":"max-snippet:-1","max-image-preview":"max-image-preview:large","max-video-preview":"max-video-preview:-1"},"canonical":"https:\/\/www.swissraft.ch\/de\/produkt\/flugsimulator-villars-les-moines-airbus-a320\/","og_locale":"de_DE","og_type":"article","og_title":"Airbus A320, der fortschrittlichste Simulator f\u00fcr Verkehrsflugzeuge","og_description":"Airbus A320, der fortschrittlichste Simulator f\u00fcr Verkehrsflugzeuge, befindet sich in M\u00fcnchenwiler. Sie werden von der Realit\u00e4tsn\u00e4he dieses Simulators beeindruckt sein!","og_url":"https:\/\/www.swissraft.ch\/de\/produkt\/flugsimulator-villars-les-moines-airbus-a320\/","og_site_name":"Swissraft","article_modified_time":"2025-10-17T20:58:06+00:00","og_image":[{"width":776,"height":776,"url":"https:\/\/www.swissraft.ch\/wp-content\/uploads\/2023\/02\/1-MUNCHENWILER-Airbus-A320-776x776-1.png","type":"image\/png"}],"twitter_card":"summary_large_image","twitter_misc":{"Gesch\u00e4tzte Lesezeit":"1\u00a0Minute"},"schema":{"@context":"https:\/\/schema.org","@graph":[{"@type":"WebPage","@id":"https:\/\/www.swissraft.ch\/de\/produkt\/flugsimulator-villars-les-moines-airbus-a320\/","url":"https:\/\/www.swissraft.ch\/de\/produkt\/flugsimulator-villars-les-moines-airbus-a320\/","name":"Airbus A320, der fortschrittlichste Simulator f\u00fcr Verkehrsflugzeuge","isPartOf":{"@id":"https:\/\/www.swissraft.ch\/de\/#website"},"primaryImageOfPage":{"@id":"https:\/\/www.swissraft.ch\/de\/produkt\/flugsimulator-villars-les-moines-airbus-a320\/#primaryimage"},"image":{"@id":"https:\/\/www.swissraft.ch\/de\/produkt\/flugsimulator-villars-les-moines-airbus-a320\/#primaryimage"},"thumbnailUrl":"https:\/\/www.swissraft.ch\/wp-content\/uploads\/2023\/02\/1-MUNCHENWILER-Airbus-A320-776x776-1.png","datePublished":"2023-02-05T14:51:59+00:00","dateModified":"2025-10-17T20:58:06+00:00","description":"Airbus A320, der fortschrittlichste Simulator f\u00fcr Verkehrsflugzeuge, befindet sich in M\u00fcnchenwiler. Sie werden von der Realit\u00e4tsn\u00e4he dieses Simulators beeindruckt sein!","breadcrumb":{"@id":"https:\/\/www.swissraft.ch\/de\/produkt\/flugsimulator-villars-les-moines-airbus-a320\/#breadcrumb"},"inLanguage":"de","potentialAction":[{"@type":"ReadAction","target":["https:\/\/www.swissraft.ch\/de\/produkt\/flugsimulator-villars-les-moines-airbus-a320\/"]}]},{"@type":"ImageObject","inLanguage":"de","@id":"https:\/\/www.swissraft.ch\/de\/produkt\/flugsimulator-villars-les-moines-airbus-a320\/#primaryimage","url":"https:\/\/www.swissraft.ch\/wp-content\/uploads\/2023\/02\/1-MUNCHENWILER-Airbus-A320-776x776-1.png","contentUrl":"https:\/\/www.swissraft.ch\/wp-content\/uploads\/2023\/02\/1-MUNCHENWILER-Airbus-A320-776x776-1.png","width":776,"height":776,"caption":"Airbus A320 Flugsimulator in Villars-Les-Moines"},{"@type":"BreadcrumbList","@id":"https:\/\/www.swissraft.ch\/de\/produkt\/flugsimulator-villars-les-moines-airbus-a320\/#breadcrumb","itemListElement":[{"@type":"ListItem","position":1,"name":"Accueil","item":"https:\/\/www.swissraft.ch\/de\/"},{"@type":"ListItem","position":2,"name":"Shop","item":"https:\/\/www.swissraft.ch\/de\/shop\/"},{"@type":"ListItem","position":3,"name":"Flugsimulator in M\u00dcNCHENWILER &#8211; AIRBUS A320 &#8211; Ab CHF 146.00"}]},{"@type":"WebSite","@id":"https:\/\/www.swissraft.ch\/de\/#website","url":"https:\/\/www.swissraft.ch\/de\/","name":"Swissraft","description":"To enjoy nature as it is","publisher":{"@id":"https:\/\/www.swissraft.ch\/de\/#organization"},"potentialAction":[{"@type":"SearchAction","target":{"@type":"EntryPoint","urlTemplate":"https:\/\/www.swissraft.ch\/de\/?s={search_term_string}"},"query-input":{"@type":"PropertyValueSpecification","valueRequired":true,"valueName":"search_term_string"}}],"inLanguage":"de"},{"@type":"Organization","@id":"https:\/\/www.swissraft.ch\/de\/#organization","name":"Swissraft","url":"https:\/\/www.swissraft.ch\/de\/","logo":{"@type":"ImageObject","inLanguage":"de","@id":"https:\/\/www.swissraft.ch\/de\/#\/schema\/logo\/image\/","url":"https:\/\/www.swissraft.ch\/wp-content\/uploads\/2025\/09\/Capture.jpg","contentUrl":"https:\/\/www.swissraft.ch\/wp-content\/uploads\/2025\/09\/Capture.jpg","width":293,"height":108,"caption":"Swissraft"},"image":{"@id":"https:\/\/www.swissraft.ch\/de\/#\/schema\/logo\/image\/"}}]}},"_links":{"self":[{"href":"https:\/\/www.swissraft.ch\/de\/wp-json\/wp\/v2\/product\/91675","targetHints":{"allow":["GET"]}}],"collection":[{"href":"https:\/\/www.swissraft.ch\/de\/wp-json\/wp\/v2\/product"}],"about":[{"href":"https:\/\/www.swissraft.ch\/de\/wp-json\/wp\/v2\/types\/product"}],"replies":[{"embeddable":true,"href":"https:\/\/www.swissraft.ch\/de\/wp-json\/wp\/v2\/comments?post=91675"}],"version-history":[{"count":0,"href":"https:\/\/www.swissraft.ch\/de\/wp-json\/wp\/v2\/product\/91675\/revisions"}],"wp:featuredmedia":[{"embeddable":true,"href":"https:\/\/www.swissraft.ch\/de\/wp-json\/wp\/v2\/media\/89410"}],"wp:attachment":[{"href":"https:\/\/www.swissraft.ch\/de\/wp-json\/wp\/v2\/media?parent=91675"}],"wp:term":[{"taxonomy":"product_cat","embeddable":true,"href":"https:\/\/www.swissraft.ch\/de\/wp-json\/wp\/v2\/product_cat?post=91675"},{"taxonomy":"product_tag","embeddable":true,"href":"https:\/\/www.swissraft.ch\/de\/wp-json\/wp\/v2\/product_tag?post=91675"}],"curies":[{"name":"wp","href":"https:\/\/api.w.org\/{rel}","templated":true}]}}