{"id":91673,"date":"2023-02-05T18:48:12","date_gmt":"2023-02-05T17:48:12","guid":{"rendered":"https:\/\/swissraft.xyanzkdne.eu\/product\/ballonfahrt-in-der-region-berne-ab-chf-270-00\/"},"modified":"2026-03-30T23:53:37","modified_gmt":"2026-03-30T21:53:37","slug":"ballonfahrt-heissluftballonfahrt-region-bern","status":"publish","type":"product","link":"https:\/\/www.swissraft.ch\/de\/produkt\/ballonfahrt-heissluftballonfahrt-region-bern\/","title":{"rendered":"Ballonfahrt oder Heissluftballonfahrt in der Region Bern &#8211; Ab CHF 270.00"},"content":{"rendered":"\t\t<div data-elementor-type=\"wp-post\" data-elementor-id=\"91673\" class=\"elementor elementor-91673 elementor-30708\">\n\t\t\t\t\t\t\t\t\t<section class=\"elementor-section elementor-top-section elementor-element elementor-element-3bfc8e2d elementor-section-boxed elementor-section-height-default elementor-section-height-default\" data-id=\"3bfc8e2d\" data-element_type=\"section\">\n\t\t\t\t\t\t<div class=\"elementor-container elementor-column-gap-default\">\n\t\t\t\t\t<div class=\"elementor-column elementor-col-100 elementor-top-column elementor-element elementor-element-62dfe4ff\" data-id=\"62dfe4ff\" data-element_type=\"column\">\n\t\t\t<div class=\"elementor-widget-wrap elementor-element-populated\">\n\t\t\t\t\t\t\t\t<div class=\"elementor-element elementor-element-23ca2c4c elementor-widget elementor-widget-text-editor\" data-id=\"23ca2c4c\" data-element_type=\"widget\" data-widget_type=\"text-editor.default\">\n\t\t\t\t<div class=\"elementor-widget-container\">\n\t\t\t\t\t\t\t<h2>W\u00c4HLEN SIE UNTEN IHRE AKTIVIT\u00c4T AUS, UM GESCHENKGUTSCHEINE \/ TICKETS ZU VERSCHENKEN ODER ZU BUCHEN<\/h2><table border=\"0\" width=\"580\" cellspacing=\"10\" cellpadding=\"10\"><tbody><tr><td width=\"50%\"><strong>1) BALLONFAHRT &#8211; HEISSLUFTBALLONFAHRT &#8211; REGION BERN &#8211; ca. 1,5 bis 2 Std.<\/strong><\/td><td><strong>CHF 420.00 pro Person<\/strong><\/td><\/tr><tr><td>Zus\u00e4tzliche Informationen<\/td><td>&#8211; Jugendpreis : Kinder von 7 bis 12 j\u00e4hrig : <strong>CHF 270.00<\/strong>\/Kind<br \/>&#8211; Start am fr\u00fchen Morgen oder am sp\u00e4ten Nachmittag<br \/>&#8211; Sie werden mit anderen Passagieren zusammen sein<\/td><\/tr><tr><td>Orte<\/td><td>&#8211; M\u00fcnchenbuchsee<br \/>&#8211; Belp, Rubigen<br \/>&#8211; Langentha, Bleienbach<br \/>&#8211; Lyssach, Kirchberg etc.<\/td><\/tr><tr><td>Fahrtdauer<\/td><td>ca. 1,5 bis 2 Std.<\/td><\/tr><tr><td>Gesamtdauer<\/td><td>ca. 4 Std.<\/td><\/tr><tr><td>Termin<\/td><td>Per Telefon<\/td><\/tr><tr><td><button class=\"elementor-button\" type=\"button\"><a href=\"https:\/\/swissraft.outdoorbooking.ch\/fo\/products\/26?base_id=95&amp;category_id=7&amp;order_type=gift_voucher&amp;lang=de\" target=\"_blank\" rel=\"noopener\">GUTSCHEIN \/ TICKET KAUFEN<\/a><\/button><\/td><td><strong>CHF 420.00 &#8211; 1 Pers.<\/strong><\/td><\/tr><tr><td><button class=\"elementor-button\" type=\"button\"><a href=\"https:\/\/swissraft.outdoorbooking.ch\/fo\/products\/32?base_id=95&amp;category_id=7&amp;order_type=gift_voucher&amp;lang=de\" target=\"_blank\" rel=\"noopener\">GUTSCHEIN \/ TICKET KAUFEN<\/a><\/button><\/td><td><strong>CHF 800.00 &#8211; 2 Pers.<\/strong><\/td><\/tr><tr><td><button class=\"elementor-button\" type=\"button\"><a href=\"https:\/\/swissraft.outdoorbooking.ch\/fo\/products\/34?base_id=95&amp;category_id=7&amp;order_type=gift_voucher&amp;lang=de\" target=\"_blank\" rel=\"noopener\">GUTSCHEIN \/ TICKET KAUFEN<\/a><\/button><\/td><td><strong>CHF 1&#8217;200.00 &#8211; 3 Pers.<\/strong><\/td><\/tr><tr><td><button class=\"elementor-button\" type=\"button\"><a href=\"https:\/\/swissraft.outdoorbooking.ch\/fo\/products\/35?base_id=95&amp;category_id=7&amp;order_type=gift_voucher&amp;lang=de\" target=\"_blank\" rel=\"noopener\">GUTSCHEIN \/ TICKET KAUFEN<\/a><\/button><\/td><td><strong>CHF 1&#8217;600.00 &#8211; 4 Pers.<\/strong><\/td><\/tr><tr><td><button class=\"elementor-button\" type=\"button\"><a href=\"https:\/\/swissraft.outdoorbooking.ch\/fo\/products\/36?base_id=95&amp;category_id=7&amp;order_type=gift_voucher&amp;lang=de\" target=\"_blank\" rel=\"noopener\">GUTSCHEIN \/ TICKET KAUFEN<\/a><\/button><\/td><td><strong>CHF 1&#8217;900.00 &#8211; 5 Pers.<\/strong><\/td><\/tr><tr><td>\u00a0<\/td><td><strong><em>WICHTIG !<\/em><\/strong><br \/><em>Um zu reservieren, rufen Sie die Nummer an, die sich oben links auf dem Gutschein \/ Ticket befindet.<\/em><\/td><\/tr><\/tbody><\/table><table border=\"0\" width=\"580\" cellspacing=\"10\" cellpadding=\"10\"><tbody><tr><td width=\"50%\"><strong>2) BALLONFAHRT &#8211; HEISSLUFTBALLONFAHRT &#8211; REGION BERN &#8211; PRIVATFAHRT &#8211; ca. 1,5 bis 2 Std. <\/strong><\/td><td><strong>CHF 1&#8217;900.00 f\u00fcr 2 Pers. &#8211; Privatfahrt <\/strong><\/td><\/tr><tr><td>Zus\u00e4tziche Informationen<\/td><td>&#8211; Start am fr\u00fchen Morgen oder am sp\u00e4ten Nachmittag<br \/>&#8211; Privatballon<br \/>&#8211; Ab 11 Pers. : <span class=\"patt\" style=\"font-family: inherit; font-size: inherit;\"><span class=\"plbl\"><span class=\"patt\"><a href=\"https:\/\/www.swissraft.ch\/de\/kontakt\/\">Kontaktieren Sie uns<\/a><\/span><\/span><\/span><\/td><\/tr><tr><td>Orte<\/td><td>&#8211; M\u00fcnchenbuchsee<br \/>&#8211; Belp, Rubigen<br \/>&#8211; Langenthal, Bleienbach<br \/>&#8211; Lyssach, Kirchberg etc.<\/td><\/tr><tr><td>Fahrtdauer<\/td><td>ca. 1,5 bis 2 Std.<\/td><\/tr><tr><td>Gesamtdauer<\/td><td>ca. 4 Std.<\/td><\/tr><tr><td>Termin<\/td><td>Per Telefon<\/td><\/tr><tr><td><button class=\"elementor-button\" type=\"button\"><a href=\"https:\/\/swissraft.outdoorbooking.ch\/fo\/products\/37?base_id=95&amp;category_id=7&amp;order_type=gift_voucher&amp;lang=de\" target=\"_blank\" rel=\"noopener\">GUTSCHEIN \/ TICKET KAUFEN<\/a><\/button><\/td><td><strong>CHF 1&#8217;900.00 &#8211; Privatflug (2 Pers.)<\/strong><\/td><\/tr><tr><td><button class=\"elementor-button\" type=\"button\"><a href=\"https:\/\/swissraft.outdoorbooking.ch\/fo\/products\/751?base_id=95&amp;category_id=7&amp;order_type=gift_voucher&amp;lang=de\" target=\"_blank\" rel=\"noopener\">GUTSCHEIN \/ TICKET KAUFEN<\/a><\/button><\/td><td><strong>CHF 2&#8217;200.00 &#8211; Privatflug (3-4 Pers.)<\/strong><\/td><\/tr><tr><td><button class=\"elementor-button\" type=\"button\"><a href=\"https:\/\/swissraft.outdoorbooking.ch\/fo\/products\/989?base_id=95&amp;category_id=7&amp;order_type=gift_voucher&amp;lang=de\" target=\"_blank\" rel=\"noopener\">GUTSCHEIN \/ TICKET KAUFEN<\/a><\/button><\/td><td><strong>CHF 2&#8217;600.00 &#8211; Privatflug (5-6 Pers.)<\/strong><\/td><\/tr><tr><td><button class=\"elementor-button\" type=\"button\"><a href=\"https:\/\/swissraft.outdoorbooking.ch\/fo\/products\/990?base_id=95&amp;category_id=7&amp;order_type=gift_voucher&amp;lang=de\" target=\"_blank\" rel=\"noopener\">GUTSCHEIN \/ TICKET KAUFEN<\/a><\/button><\/td><td><strong>CHF 2&#8217;900.00 &#8211; Privatfahrt (7-8 Pers.)<\/strong><\/td><\/tr><tr><td><button class=\"elementor-button\" type=\"button\"><a href=\"https:\/\/swissraft.outdoorbooking.ch\/fo\/products\/1175?base_id=95&amp;category_id=7&amp;order_type=gift_voucher&amp;lang=de\" target=\"_blank\" rel=\"noopener\">GUTSCHEIN \/ TICKET KAUFEN<\/a><\/button><\/td><td><strong>CHF 3&#8217;400.00 &#8211; Privatfahrt (9-10 Pers.)<\/strong><\/td><\/tr><tr><td><button class=\"elementor-button\" type=\"button\"><a href=\"https:\/\/swissraft.outdoorbooking.ch\/fo\/products\/1176?base_id=95&amp;category_id=7&amp;order_type=gift_voucher&amp;lang=de\" target=\"_blank\" rel=\"noopener\">GUTSCHEIN \/ TICKET KAUFEN<\/a><\/button><\/td><td><strong>CHF 3&#8217;700.00 &#8211; Privatfahrt (11 Pers.)<\/strong><\/td><\/tr><tr><td>\u00a0<\/td><td><strong><em>WICHTIG !<\/em><\/strong><br \/><em>Um zu reservieren, rufen Sie die Nummer an, die sich oben links auf dem Gutschein \/ Ticket befindet.<\/em><\/td><\/tr><\/tbody><\/table><table border=\"0\" width=\"580\" cellspacing=\"10\" cellpadding=\"10\"><tbody><tr><td width=\"50%\"><strong>3) BALLONFAHRT &#8211; HEISSLUFTBALLONFAHRT &#8211; ALPEN\u00dcBERQUERUNG &#8211; ca. 4 Std.<\/strong><\/td><td><strong>CHF 2&#8217;250.00 pro Person<br \/><\/strong><\/td><\/tr><tr><td>Zus\u00e4tziche Informationen<\/td><td>&#8211; Jugendpreis : Kinder von 7 bis 14 j\u00e4hrig : <strong>CHF 1&#8217;550.00<\/strong>\/Kind<br \/>&#8211; Dezember bis M\u00e4rz<br \/>&#8211; Start am fr\u00fchen Morgen<br \/>&#8211; Sie werden mit anderen Passagieren zusammen sein<\/td><\/tr><tr><td>Orte<\/td><td>&#8211; In der Umgebung von Bern<br \/>&#8211; Im Berner Oberland<\/td><\/tr><tr><td>Fahrtdauer<\/td><td>ca. 4 Std.<\/td><\/tr><tr><td>Gesamtdauer<\/td><td>ca. 10 Std.<\/td><\/tr><tr><td><button class=\"elementor-button\" type=\"button\"><a href=\"https:\/\/swissraft.outdoorbooking.ch\/fo\/products\/38?base_id=118&amp;category_id=7&amp;order_type=gift_voucher&amp;lang=de\" target=\"_blank\" rel=\"noopener\">GUTSCHEIN \/ TICKET KAUFEN<\/a><\/button><\/td><td><strong><em>WICHTIG !<\/em><\/strong><br \/><em>Um zu reservieren, rufen Sie die Nummer an, die sich oben links auf dem Gutschein \/ Ticket befindet.<\/em><\/td><\/tr><\/tbody><\/table>\t\t\t\t\t\t<\/div>\n\t\t\t\t<\/div>\n\t\t\t\t\t<\/div>\n\t\t<\/div>\n\t\t\t\t\t\t\t<\/div>\n\t\t<\/section>\n\t\t\t\t\t\t\t<\/div>\n\t\t","protected":false},"excerpt":{"rendered":"<div align=\"justify\">\n<h2 align=\"justify\">Ballonfahrt in der Region Bern und Umgebung; Sie starten zu einer etwa einst\u00fcndigen Fahrt.<\/h2>\n<h3>Diese Ballonfahrt in der Region Bern ist eine Fahrt, die Sie nicht unber\u00fchrt l\u00e4sst und hinter der Kulisse einen atemberaubenden Blick auf die Berner Alpen bietet.<\/h3>\n<\/div>\n<div align=\"justify\">\n<p>Nachdem Sie den Umschlag gemeinsam ausgebreitet haben, kann die Aufbl\u00e4hung beginnen. Dann bet\u00e4tigt der Pilot die Brenner, um die Luft in der H\u00fclle zu erw\u00e4rmen. Sie gehen an Bord des Korbes. Ein letzter Check, alles ist bereit, der Pilot bet\u00e4tigt die Brenner, bis sich die Gondel langsam vom Boden l\u00f6st. Der Ballon gewinnt an H\u00f6he und Sie sehen die Sch\u00f6nheit der Landschaft und die Umgebung von Bern. Nach etwa zwei Stunden Flugzeit landen Sie sanft auf einem Feld. Wir bieten Ihnen Starts in der Region Bern von M\u00fcnchenbuchsee, Belp\/Rubigen, Langenthal\/Bleienbach, Lyssach\/Kirchberg etc. an.<\/p>\n<h3>Dank einer gro\u00dfen Ballonflotte bietet Ihnen Swissraft auf seiner Website verschiedene Startpl\u00e4tze f\u00fcr eine Ballonfahrt in der Schweiz an.<\/h3>\n<p id=\"textarea\" style=\"display: none;\">\nWir starten mit dem Ballon in der Region Basel-Landschaft. Aber auch in der Umgebung von Z\u00fcrich und auf dem Plateau in Aargau. Wir bieten auch Ballonfahrten von Ch\u00e2teau d&#8217;Oex im Kanton Waadt an. Wir starten auch in der Region Gstaad. Einerseits fahren wir vom Greyerzerland aus mit dem Ballon in den Kanton Freiburg. Andererseits fliegen wir von Murten oder Kerzers in dem Seeland. Au\u00dferdem f\u00fchren wir Ballonfahrten im Jura und in den Freibergen durch. Aber auch im Kanton Luzern sowie in der N\u00e4he des Sempachersees und des Zugersees. Dar\u00fcber hinaus f\u00fchren wir Ballonfahrten in den Kantonen Neuenburg, Solothurn, Thurgau und St. Gallen an. Ebenso starten wir in der N\u00e4he von Lugano zu Ballonfahrten in die Lombardei in Italien.\n<\/p>\n<p><a id=\"seeMore\" onclick=\"toggleSeeMore()\" href=\"javascript:void(0);\">Lesen Sie mehr<\/a><\/p>\n","protected":false},"featured_media":88696,"comment_status":"open","ping_status":"closed","template":"","meta":{"inline_featured_image":false,"_mi_skip_tracking":false},"product_cat":[345],"product_tag":[],"class_list":["post-91673","product","type-product","status-publish","has-post-thumbnail","hentry","product_cat-ballonfahrt"],"yoast_head":"<!-- This site is optimized with the Yoast SEO plugin v23.6 - https:\/\/yoast.com\/wordpress\/plugins\/seo\/ -->\n<title>Ballonfahrt Heissluftballonfahrt Region Bern. Zwei Std. Ballonfahrt<\/title>\n<meta name=\"description\" content=\"Ballonfahrt Heissluftballonfahrt Region Bern. 2 Std. mit dem Hei\u00dfluftballon \u00fcber Bern und Umgebung. Fahren Sie \u00fcber Bern, die Bundeshauptstadt usw.\" \/>\n<meta name=\"robots\" content=\"index, follow, max-snippet:-1, max-image-preview:large, max-video-preview:-1\" \/>\n<link rel=\"canonical\" href=\"https:\/\/www.swissraft.ch\/de\/produkt\/ballonfahrt-heissluftballonfahrt-region-bern\/\" \/>\n<meta property=\"og:locale\" content=\"de_DE\" \/>\n<meta property=\"og:type\" content=\"article\" \/>\n<meta property=\"og:title\" content=\"Ballonfahrt Heissluftballonfahrt Region Bern. Zwei Std. Ballonfahrt\" \/>\n<meta property=\"og:description\" content=\"Ballonfahrt Heissluftballonfahrt Region Bern. 2 Std. mit dem Hei\u00dfluftballon \u00fcber Bern und Umgebung. Fahren Sie \u00fcber Bern, die Bundeshauptstadt usw.\" \/>\n<meta property=\"og:url\" content=\"https:\/\/www.swissraft.ch\/de\/produkt\/ballonfahrt-heissluftballonfahrt-region-bern\/\" \/>\n<meta property=\"og:site_name\" content=\"Swissraft\" \/>\n<meta property=\"article:modified_time\" content=\"2026-03-30T21:53:37+00:00\" \/>\n<meta property=\"og:image\" content=\"https:\/\/www.swissraft.ch\/wp-content\/uploads\/2023\/02\/1-Bern-776x776-1.jpg\" \/>\n\t<meta property=\"og:image:width\" content=\"776\" \/>\n\t<meta property=\"og:image:height\" content=\"776\" \/>\n\t<meta property=\"og:image:type\" content=\"image\/jpeg\" \/>\n<meta name=\"twitter:card\" content=\"summary_large_image\" \/>\n<meta name=\"twitter:label1\" content=\"Gesch\u00e4tzte Lesezeit\" \/>\n\t<meta name=\"twitter:data1\" content=\"2\u00a0Minuten\" \/>\n<script type=\"application\/ld+json\" class=\"yoast-schema-graph\">{\"@context\":\"https:\/\/schema.org\",\"@graph\":[{\"@type\":\"WebPage\",\"@id\":\"https:\/\/www.swissraft.ch\/de\/produkt\/ballonfahrt-heissluftballonfahrt-region-bern\/\",\"url\":\"https:\/\/www.swissraft.ch\/de\/produkt\/ballonfahrt-heissluftballonfahrt-region-bern\/\",\"name\":\"Ballonfahrt Heissluftballonfahrt Region Bern. Zwei Std. Ballonfahrt\",\"isPartOf\":{\"@id\":\"https:\/\/www.swissraft.ch\/de\/#website\"},\"primaryImageOfPage\":{\"@id\":\"https:\/\/www.swissraft.ch\/de\/produkt\/ballonfahrt-heissluftballonfahrt-region-bern\/#primaryimage\"},\"image\":{\"@id\":\"https:\/\/www.swissraft.ch\/de\/produkt\/ballonfahrt-heissluftballonfahrt-region-bern\/#primaryimage\"},\"thumbnailUrl\":\"https:\/\/www.swissraft.ch\/wp-content\/uploads\/2023\/02\/1-Bern-776x776-1.jpg\",\"datePublished\":\"2023-02-05T17:48:12+00:00\",\"dateModified\":\"2026-03-30T21:53:37+00:00\",\"description\":\"Ballonfahrt Heissluftballonfahrt Region Bern. 2 Std. mit dem Hei\u00dfluftballon \u00fcber Bern und Umgebung. Fahren Sie \u00fcber Bern, die Bundeshauptstadt usw.\",\"breadcrumb\":{\"@id\":\"https:\/\/www.swissraft.ch\/de\/produkt\/ballonfahrt-heissluftballonfahrt-region-bern\/#breadcrumb\"},\"inLanguage\":\"de\",\"potentialAction\":[{\"@type\":\"ReadAction\",\"target\":[\"https:\/\/www.swissraft.ch\/de\/produkt\/ballonfahrt-heissluftballonfahrt-region-bern\/\"]}]},{\"@type\":\"ImageObject\",\"inLanguage\":\"de\",\"@id\":\"https:\/\/www.swissraft.ch\/de\/produkt\/ballonfahrt-heissluftballonfahrt-region-bern\/#primaryimage\",\"url\":\"https:\/\/www.swissraft.ch\/wp-content\/uploads\/2023\/02\/1-Bern-776x776-1.jpg\",\"contentUrl\":\"https:\/\/www.swissraft.ch\/wp-content\/uploads\/2023\/02\/1-Bern-776x776-1.jpg\",\"width\":776,\"height\":776,\"caption\":\"Ballonfahrt von Bern\"},{\"@type\":\"BreadcrumbList\",\"@id\":\"https:\/\/www.swissraft.ch\/de\/produkt\/ballonfahrt-heissluftballonfahrt-region-bern\/#breadcrumb\",\"itemListElement\":[{\"@type\":\"ListItem\",\"position\":1,\"name\":\"Accueil\",\"item\":\"https:\/\/www.swissraft.ch\/de\/\"},{\"@type\":\"ListItem\",\"position\":2,\"name\":\"Shop\",\"item\":\"https:\/\/www.swissraft.ch\/de\/shop\/\"},{\"@type\":\"ListItem\",\"position\":3,\"name\":\"Ballonfahrt oder Heissluftballonfahrt in der Region Bern &#8211; Ab CHF 270.00\"}]},{\"@type\":\"WebSite\",\"@id\":\"https:\/\/www.swissraft.ch\/de\/#website\",\"url\":\"https:\/\/www.swissraft.ch\/de\/\",\"name\":\"Swissraft\",\"description\":\"To enjoy nature as it is\",\"publisher\":{\"@id\":\"https:\/\/www.swissraft.ch\/de\/#organization\"},\"potentialAction\":[{\"@type\":\"SearchAction\",\"target\":{\"@type\":\"EntryPoint\",\"urlTemplate\":\"https:\/\/www.swissraft.ch\/de\/?s={search_term_string}\"},\"query-input\":{\"@type\":\"PropertyValueSpecification\",\"valueRequired\":true,\"valueName\":\"search_term_string\"}}],\"inLanguage\":\"de\"},{\"@type\":\"Organization\",\"@id\":\"https:\/\/www.swissraft.ch\/de\/#organization\",\"name\":\"Swissraft\",\"url\":\"https:\/\/www.swissraft.ch\/de\/\",\"logo\":{\"@type\":\"ImageObject\",\"inLanguage\":\"de\",\"@id\":\"https:\/\/www.swissraft.ch\/de\/#\/schema\/logo\/image\/\",\"url\":\"https:\/\/www.swissraft.ch\/wp-content\/uploads\/2025\/09\/Capture.jpg\",\"contentUrl\":\"https:\/\/www.swissraft.ch\/wp-content\/uploads\/2025\/09\/Capture.jpg\",\"width\":293,\"height\":108,\"caption\":\"Swissraft\"},\"image\":{\"@id\":\"https:\/\/www.swissraft.ch\/de\/#\/schema\/logo\/image\/\"}}]}<\/script>\n<!-- \/ Yoast SEO plugin. -->","yoast_head_json":{"title":"Ballonfahrt Heissluftballonfahrt Region Bern. Zwei Std. Ballonfahrt","description":"Ballonfahrt Heissluftballonfahrt Region Bern. 2 Std. mit dem Hei\u00dfluftballon \u00fcber Bern und Umgebung. Fahren Sie \u00fcber Bern, die Bundeshauptstadt usw.","robots":{"index":"index","follow":"follow","max-snippet":"max-snippet:-1","max-image-preview":"max-image-preview:large","max-video-preview":"max-video-preview:-1"},"canonical":"https:\/\/www.swissraft.ch\/de\/produkt\/ballonfahrt-heissluftballonfahrt-region-bern\/","og_locale":"de_DE","og_type":"article","og_title":"Ballonfahrt Heissluftballonfahrt Region Bern. Zwei Std. Ballonfahrt","og_description":"Ballonfahrt Heissluftballonfahrt Region Bern. 2 Std. mit dem Hei\u00dfluftballon \u00fcber Bern und Umgebung. Fahren Sie \u00fcber Bern, die Bundeshauptstadt usw.","og_url":"https:\/\/www.swissraft.ch\/de\/produkt\/ballonfahrt-heissluftballonfahrt-region-bern\/","og_site_name":"Swissraft","article_modified_time":"2026-03-30T21:53:37+00:00","og_image":[{"width":776,"height":776,"url":"https:\/\/www.swissraft.ch\/wp-content\/uploads\/2023\/02\/1-Bern-776x776-1.jpg","type":"image\/jpeg"}],"twitter_card":"summary_large_image","twitter_misc":{"Gesch\u00e4tzte Lesezeit":"2\u00a0Minuten"},"schema":{"@context":"https:\/\/schema.org","@graph":[{"@type":"WebPage","@id":"https:\/\/www.swissraft.ch\/de\/produkt\/ballonfahrt-heissluftballonfahrt-region-bern\/","url":"https:\/\/www.swissraft.ch\/de\/produkt\/ballonfahrt-heissluftballonfahrt-region-bern\/","name":"Ballonfahrt Heissluftballonfahrt Region Bern. Zwei Std. Ballonfahrt","isPartOf":{"@id":"https:\/\/www.swissraft.ch\/de\/#website"},"primaryImageOfPage":{"@id":"https:\/\/www.swissraft.ch\/de\/produkt\/ballonfahrt-heissluftballonfahrt-region-bern\/#primaryimage"},"image":{"@id":"https:\/\/www.swissraft.ch\/de\/produkt\/ballonfahrt-heissluftballonfahrt-region-bern\/#primaryimage"},"thumbnailUrl":"https:\/\/www.swissraft.ch\/wp-content\/uploads\/2023\/02\/1-Bern-776x776-1.jpg","datePublished":"2023-02-05T17:48:12+00:00","dateModified":"2026-03-30T21:53:37+00:00","description":"Ballonfahrt Heissluftballonfahrt Region Bern. 2 Std. mit dem Hei\u00dfluftballon \u00fcber Bern und Umgebung. Fahren Sie \u00fcber Bern, die Bundeshauptstadt usw.","breadcrumb":{"@id":"https:\/\/www.swissraft.ch\/de\/produkt\/ballonfahrt-heissluftballonfahrt-region-bern\/#breadcrumb"},"inLanguage":"de","potentialAction":[{"@type":"ReadAction","target":["https:\/\/www.swissraft.ch\/de\/produkt\/ballonfahrt-heissluftballonfahrt-region-bern\/"]}]},{"@type":"ImageObject","inLanguage":"de","@id":"https:\/\/www.swissraft.ch\/de\/produkt\/ballonfahrt-heissluftballonfahrt-region-bern\/#primaryimage","url":"https:\/\/www.swissraft.ch\/wp-content\/uploads\/2023\/02\/1-Bern-776x776-1.jpg","contentUrl":"https:\/\/www.swissraft.ch\/wp-content\/uploads\/2023\/02\/1-Bern-776x776-1.jpg","width":776,"height":776,"caption":"Ballonfahrt von Bern"},{"@type":"BreadcrumbList","@id":"https:\/\/www.swissraft.ch\/de\/produkt\/ballonfahrt-heissluftballonfahrt-region-bern\/#breadcrumb","itemListElement":[{"@type":"ListItem","position":1,"name":"Accueil","item":"https:\/\/www.swissraft.ch\/de\/"},{"@type":"ListItem","position":2,"name":"Shop","item":"https:\/\/www.swissraft.ch\/de\/shop\/"},{"@type":"ListItem","position":3,"name":"Ballonfahrt oder Heissluftballonfahrt in der Region Bern &#8211; Ab CHF 270.00"}]},{"@type":"WebSite","@id":"https:\/\/www.swissraft.ch\/de\/#website","url":"https:\/\/www.swissraft.ch\/de\/","name":"Swissraft","description":"To enjoy nature as it is","publisher":{"@id":"https:\/\/www.swissraft.ch\/de\/#organization"},"potentialAction":[{"@type":"SearchAction","target":{"@type":"EntryPoint","urlTemplate":"https:\/\/www.swissraft.ch\/de\/?s={search_term_string}"},"query-input":{"@type":"PropertyValueSpecification","valueRequired":true,"valueName":"search_term_string"}}],"inLanguage":"de"},{"@type":"Organization","@id":"https:\/\/www.swissraft.ch\/de\/#organization","name":"Swissraft","url":"https:\/\/www.swissraft.ch\/de\/","logo":{"@type":"ImageObject","inLanguage":"de","@id":"https:\/\/www.swissraft.ch\/de\/#\/schema\/logo\/image\/","url":"https:\/\/www.swissraft.ch\/wp-content\/uploads\/2025\/09\/Capture.jpg","contentUrl":"https:\/\/www.swissraft.ch\/wp-content\/uploads\/2025\/09\/Capture.jpg","width":293,"height":108,"caption":"Swissraft"},"image":{"@id":"https:\/\/www.swissraft.ch\/de\/#\/schema\/logo\/image\/"}}]}},"_links":{"self":[{"href":"https:\/\/www.swissraft.ch\/de\/wp-json\/wp\/v2\/product\/91673","targetHints":{"allow":["GET"]}}],"collection":[{"href":"https:\/\/www.swissraft.ch\/de\/wp-json\/wp\/v2\/product"}],"about":[{"href":"https:\/\/www.swissraft.ch\/de\/wp-json\/wp\/v2\/types\/product"}],"replies":[{"embeddable":true,"href":"https:\/\/www.swissraft.ch\/de\/wp-json\/wp\/v2\/comments?post=91673"}],"version-history":[{"count":28,"href":"https:\/\/www.swissraft.ch\/de\/wp-json\/wp\/v2\/product\/91673\/revisions"}],"predecessor-version":[{"id":135396,"href":"https:\/\/www.swissraft.ch\/de\/wp-json\/wp\/v2\/product\/91673\/revisions\/135396"}],"wp:featuredmedia":[{"embeddable":true,"href":"https:\/\/www.swissraft.ch\/de\/wp-json\/wp\/v2\/media\/88696"}],"wp:attachment":[{"href":"https:\/\/www.swissraft.ch\/de\/wp-json\/wp\/v2\/media?parent=91673"}],"wp:term":[{"taxonomy":"product_cat","embeddable":true,"href":"https:\/\/www.swissraft.ch\/de\/wp-json\/wp\/v2\/product_cat?post=91673"},{"taxonomy":"product_tag","embeddable":true,"href":"https:\/\/www.swissraft.ch\/de\/wp-json\/wp\/v2\/product_tag?post=91673"}],"curies":[{"name":"wp","href":"https:\/\/api.w.org\/{rel}","templated":true}]}}