{"id":91666,"date":"2023-02-05T17:43:34","date_gmt":"2023-02-05T16:43:34","guid":{"rendered":"https:\/\/swissraft.xyanzkdne.eu\/product\/flugsimulator-in-zuerich-boeing-b777-ab-chf-229-00\/"},"modified":"2024-12-20T06:14:08","modified_gmt":"2024-12-20T05:14:08","slug":"flugsimulator-zuerich-boeing-b777","status":"publish","type":"product","link":"https:\/\/www.swissraft.ch\/de\/produkt\/flugsimulator-zuerich-boeing-b777\/","title":{"rendered":"Flugsimulator in Z\u00dcRICH &#8211; BOEING B777 &#8211; Ab CHF 229.00"},"content":{"rendered":"\t\t<div data-elementor-type=\"wp-post\" data-elementor-id=\"91666\" class=\"elementor elementor-91666 elementor-30696\">\n\t\t\t\t\t\t\t\t\t<section class=\"elementor-section elementor-top-section elementor-element elementor-element-3303a7e3 elementor-section-boxed elementor-section-height-default elementor-section-height-default\" data-id=\"3303a7e3\" data-element_type=\"section\">\n\t\t\t\t\t\t<div class=\"elementor-container elementor-column-gap-default\">\n\t\t\t\t\t<div class=\"elementor-column elementor-col-100 elementor-top-column elementor-element elementor-element-16d72dbf\" data-id=\"16d72dbf\" data-element_type=\"column\">\n\t\t\t<div class=\"elementor-widget-wrap elementor-element-populated\">\n\t\t\t\t\t\t\t\t<div class=\"elementor-element elementor-element-d743c03 elementor-widget elementor-widget-text-editor\" data-id=\"d743c03\" data-element_type=\"widget\" data-widget_type=\"text-editor.default\">\n\t\t\t\t<div class=\"elementor-widget-container\">\n\t\t\t\t\t\t\t<h2>W\u00c4HLEN SIE UNTEN IHRE AKTIVIT\u00c4T AUS, UM GESCHENKGUTSCHEINE \/ TICKETS ZU VERSCHENKEN ODER ZU BUCHEN.<\/h2><table border=\"0\" width=\"580\" cellspacing=\"10\" cellpadding=\"10\"><tbody><tr><td width=\"50%\"><strong>FLUGSIMULATOR BOEING B777 (1+3 Pers.) &#8211; Ab 60 Min.<\/strong><\/td><td><strong>Ab CHF 229.00 pro Flug<span class=\"productPrice\"><br \/><\/span><\/strong><\/td><\/tr><tr><td>Weitere Informationen<\/td><td><span class=\"patt\">&#8211; Mindestgr\u00f6\u00dfe : 1m40<br \/>&#8211; Maximal 3 Passagiere<\/span><\/td><\/tr><tr><td>Treffpunkt<\/td><td><a href=\"https:\/\/www.google.com\/maps\/place\/47%C2%B022'55.6%22N+8%C2%B031'56.6%22E\/@47.382188,8.5300915,382m\/data=!3m1!1e3!4m4!3m3!8m2!3d47.3821111!4d8.5323889?entry=ttu\" target=\"_blank\" rel=\"noopener\">Z\u00fcrich<\/a><\/td><\/tr><tr><td>Flugdauer nach Wahl<\/td><td>1 Std. \/ 1,5 Std. \/ 2 Std. \/ 2,5 Std.<\/td><\/tr><tr><td>Gesamtdauer<\/td><td>1,5 bis 3 Std. abh\u00e4ngig von der Anzahl der Minuten<\/td><\/tr><tr><td>Terminvereinbarung<\/td><td>Per Telefon<\/td><\/tr><tr><td><button class=\"elementor-button\" type=\"button\"><a href=\"https:\/\/swissraft.outdoorbooking.ch\/fo\/products\/1343?base_id=209&amp;category_id=21&amp;order_type=gift_voucher&amp;lang=de\" target=\"_blank\" rel=\"noopener\">GUTSCHEIN KAUFEN<\/a><\/button><\/td><td><strong>CHF 229.00 &#8211; 1 Std. Flug<\/strong><\/td><\/tr><tr><td><button class=\"elementor-button\" type=\"button\"><a href=\"https:\/\/swissraft.outdoorbooking.ch\/fo\/products\/1344?base_id=209&amp;category_id=21&amp;order_type=gift_voucher&amp;lang=de\" target=\"_blank\" rel=\"noopener\">GUTSCHEIN KAUFEN<\/a><\/button><\/td><td><strong>CHF 319.00 &#8211; 1,5 Std. Flug<\/strong><\/td><\/tr><tr><td><button class=\"elementor-button\" type=\"button\"><a href=\"https:\/\/swissraft.outdoorbooking.ch\/fo\/products\/1345?base_id=209&amp;category_id=21&amp;order_type=gift_voucher&amp;lang=de\" target=\"_blank\" rel=\"noopener\">GUTSCHEIN KAUFEN<\/a><\/button><\/td><td><strong>CHF 409.00 &#8211; 2 Std. Flug<\/strong><\/td><\/tr><tr><td><button class=\"elementor-button\" type=\"button\"><a href=\"https:\/\/swissraft.outdoorbooking.ch\/fo\/products\/1346?base_id=209&amp;category_id=21&amp;order_type=gift_voucher&amp;lang=de\" target=\"_blank\" rel=\"noopener\">GUTSCHEIN KAUFEN<\/a><\/button><\/td><td><strong>CHF 499.00 &#8211; 2,5 Std. Flug<\/strong><\/td><\/tr><tr><td>\u00a0<\/td><td>Um zu buchen : <span class=\"patt\" style=\"font-family: inherit; font-size: inherit;\"><span class=\"plbl\"><span class=\"patt\"><a href=\"https:\/\/www.swissraft.ch\/de\/kontakt\/\">Kontaktieren Sie uns<\/a><\/span><\/span><\/span><\/td><\/tr><\/tbody><\/table>\t\t\t\t\t\t<\/div>\n\t\t\t\t<\/div>\n\t\t\t\t\t<\/div>\n\t\t<\/div>\n\t\t\t\t\t\t\t<\/div>\n\t\t<\/section>\n\t\t\t\t\t\t\t<\/div>\n\t\t","protected":false},"excerpt":{"rendered":"<div align=\"justify\">\n<h2 align=\"justify\">Erleben Sie Z\u00fcrich mit unserem BOEING B777-Flugsimulator &#8211; eine verbl\u00fcffende Erfahrung!<\/h2>\n<h3>Laden Sie drei Freunde an Bord der BOEING B777 ein, um dieses einzigartige virtuelle Erlebnis mit Ihnen zu teilen. Erleben Sie das Abenteuer gemeinsam!<\/h3>\n<\/div>\n<div align=\"justify\">\n<p>Unser Flugsimulator l\u00e4sst Sie mit seinem riesigen, 5 m breiten Panoramabildschirm in ein immersives Abenteuer eintauchen. Er bietet Ihnen eine halbkreisf\u00f6rmige Aussicht von 200 Grad. Von Anfang an werden Sie erstaunt sein, wie real die Ger\u00e4usche der Triebwerke, des Rollens und der Vibrationen beim Start sind. Sie werden nicht nur eine Boeing B777 fliegen, sondern sie auch authentisch erleben. Ihr erfahrener und begeisterter Pilot wird Sie Schritt f\u00fcr Schritt durch jedes Man\u00f6ver f\u00fchren. Dieses einzigartige Erlebnis ist viel mehr als nur ein simulierter Flug, es ist ein fesselndes Abenteuer f\u00fcr alle Flugbegeisterten. G\u00f6nnen Sie sich den Nervenkitzel, ein Passagierflugzeug unter ultrarealistischen Bedingungen zu steuern. Kaufen Sie jetzt Ihr Ticket und bereiten Sie sich auf ein unvergessliches Flugerlebnis vor!<\/p>\n<h3>F\u00fcr weitere Informationen oder um Ihre spannende Sitzung in unserem Flugsimulator zu buchen, kontaktieren Sie uns bitte per E-Mail oder Telefon.<\/h3>\n<p id=\"textarea\" style=\"display: none;\">\nDar\u00fcber hinaus bietet Ihnen Swissraft einen Boeing 737-700 Flugsimulator in Lausanne. Auch in Attikon\/Winterthur haben wir einen Boeing 737 FSC Flugsimulator und einen EC135 Hubschrauber-Flugsimulator. Wir bieten auch in Niederbuchsiten einen Boeing 737-800-Flugsimulator, einen Robinson RH22-Hubschraubersimulator und einen Cessna 172-Flugsimulator an. In Pf\u00e4ffikon haben wir auch einen Flugsimulator f\u00fcr einen EC135-Hubschrauber. In Villars-Les-Moines bieten wir einen Airbus A320 Flugsimulator an.<\/p>\n<p><a id=\"seeMore\" onclick=\"toggleSeeMore()\" href=\"javascript:void(0);\">Lesen Sie mehr<\/a><\/p>\n","protected":false},"featured_media":89422,"comment_status":"open","ping_status":"closed","template":"","meta":{"inline_featured_image":false,"_mi_skip_tracking":false},"product_cat":[286,352],"product_tag":[],"class_list":["post-91666","product","type-product","status-publish","has-post-thumbnail","hentry","product_cat-flugsimulator","product_cat-zurich"],"yoast_head":"<!-- This site is optimized with the Yoast SEO plugin v23.6 - https:\/\/yoast.com\/wordpress\/plugins\/seo\/ -->\n<title>Flugsimulator Boeing B777 in Z\u00fcrich<\/title>\n<meta name=\"description\" content=\"Flugsimulator Boeing B777 in Z\u00fcrich, ein leistungsstarker Simulator. Es ist ein technologisches Meisterwerk, das alle Empfindungen eines echten Fluges\" \/>\n<meta name=\"robots\" content=\"index, follow, max-snippet:-1, max-image-preview:large, max-video-preview:-1\" \/>\n<link rel=\"canonical\" href=\"https:\/\/www.swissraft.ch\/de\/produkt\/flugsimulator-zuerich-boeing-b777\/\" \/>\n<meta property=\"og:locale\" content=\"de_DE\" \/>\n<meta property=\"og:type\" content=\"article\" \/>\n<meta property=\"og:title\" content=\"Flugsimulator Boeing B777 in Z\u00fcrich\" \/>\n<meta property=\"og:description\" content=\"Flugsimulator Boeing B777 in Z\u00fcrich, ein leistungsstarker Simulator. Es ist ein technologisches Meisterwerk, das alle Empfindungen eines echten Fluges\" \/>\n<meta property=\"og:url\" content=\"https:\/\/www.swissraft.ch\/de\/produkt\/flugsimulator-zuerich-boeing-b777\/\" \/>\n<meta property=\"og:site_name\" content=\"Swissraft\" \/>\n<meta property=\"article:modified_time\" content=\"2024-12-20T05:14:08+00:00\" \/>\n<meta property=\"og:image\" content=\"https:\/\/www.swissraft.ch\/wp-content\/uploads\/2023\/02\/1-ZURICH-BOEING-777-776x776-1.jpg\" \/>\n\t<meta property=\"og:image:width\" content=\"776\" \/>\n\t<meta property=\"og:image:height\" content=\"776\" \/>\n\t<meta property=\"og:image:type\" content=\"image\/jpeg\" \/>\n<meta name=\"twitter:card\" content=\"summary_large_image\" \/>\n<meta name=\"twitter:label1\" content=\"Gesch\u00e4tzte Lesezeit\" \/>\n\t<meta name=\"twitter:data1\" content=\"1\u00a0Minute\" \/>\n<script type=\"application\/ld+json\" class=\"yoast-schema-graph\">{\"@context\":\"https:\/\/schema.org\",\"@graph\":[{\"@type\":\"WebPage\",\"@id\":\"https:\/\/www.swissraft.ch\/de\/produkt\/flugsimulator-zuerich-boeing-b777\/\",\"url\":\"https:\/\/www.swissraft.ch\/de\/produkt\/flugsimulator-zuerich-boeing-b777\/\",\"name\":\"Flugsimulator Boeing B777 in Z\u00fcrich\",\"isPartOf\":{\"@id\":\"https:\/\/www.swissraft.ch\/de\/#website\"},\"primaryImageOfPage\":{\"@id\":\"https:\/\/www.swissraft.ch\/de\/produkt\/flugsimulator-zuerich-boeing-b777\/#primaryimage\"},\"image\":{\"@id\":\"https:\/\/www.swissraft.ch\/de\/produkt\/flugsimulator-zuerich-boeing-b777\/#primaryimage\"},\"thumbnailUrl\":\"https:\/\/www.swissraft.ch\/wp-content\/uploads\/2023\/02\/1-ZURICH-BOEING-777-776x776-1.jpg\",\"datePublished\":\"2023-02-05T16:43:34+00:00\",\"dateModified\":\"2024-12-20T05:14:08+00:00\",\"description\":\"Flugsimulator Boeing B777 in Z\u00fcrich, ein leistungsstarker Simulator. Es ist ein technologisches Meisterwerk, das alle Empfindungen eines echten Fluges\",\"breadcrumb\":{\"@id\":\"https:\/\/www.swissraft.ch\/de\/produkt\/flugsimulator-zuerich-boeing-b777\/#breadcrumb\"},\"inLanguage\":\"de\",\"potentialAction\":[{\"@type\":\"ReadAction\",\"target\":[\"https:\/\/www.swissraft.ch\/de\/produkt\/flugsimulator-zuerich-boeing-b777\/\"]}]},{\"@type\":\"ImageObject\",\"inLanguage\":\"de\",\"@id\":\"https:\/\/www.swissraft.ch\/de\/produkt\/flugsimulator-zuerich-boeing-b777\/#primaryimage\",\"url\":\"https:\/\/www.swissraft.ch\/wp-content\/uploads\/2023\/02\/1-ZURICH-BOEING-777-776x776-1.jpg\",\"contentUrl\":\"https:\/\/www.swissraft.ch\/wp-content\/uploads\/2023\/02\/1-ZURICH-BOEING-777-776x776-1.jpg\",\"width\":776,\"height\":776,\"caption\":\"Boeing B777 Flugsimulator in Z\u00fcrich\"},{\"@type\":\"BreadcrumbList\",\"@id\":\"https:\/\/www.swissraft.ch\/de\/produkt\/flugsimulator-zuerich-boeing-b777\/#breadcrumb\",\"itemListElement\":[{\"@type\":\"ListItem\",\"position\":1,\"name\":\"Accueil\",\"item\":\"https:\/\/www.swissraft.ch\/de\/\"},{\"@type\":\"ListItem\",\"position\":2,\"name\":\"Shop\",\"item\":\"https:\/\/www.swissraft.ch\/de\/shop\/\"},{\"@type\":\"ListItem\",\"position\":3,\"name\":\"Flugsimulator in Z\u00dcRICH &#8211; BOEING B777 &#8211; Ab CHF 229.00\"}]},{\"@type\":\"WebSite\",\"@id\":\"https:\/\/www.swissraft.ch\/de\/#website\",\"url\":\"https:\/\/www.swissraft.ch\/de\/\",\"name\":\"Swissraft\",\"description\":\"To enjoy nature as it is\",\"publisher\":{\"@id\":\"https:\/\/www.swissraft.ch\/de\/#organization\"},\"potentialAction\":[{\"@type\":\"SearchAction\",\"target\":{\"@type\":\"EntryPoint\",\"urlTemplate\":\"https:\/\/www.swissraft.ch\/de\/?s={search_term_string}\"},\"query-input\":{\"@type\":\"PropertyValueSpecification\",\"valueRequired\":true,\"valueName\":\"search_term_string\"}}],\"inLanguage\":\"de\"},{\"@type\":\"Organization\",\"@id\":\"https:\/\/www.swissraft.ch\/de\/#organization\",\"name\":\"Swissraft\",\"url\":\"https:\/\/www.swissraft.ch\/de\/\",\"logo\":{\"@type\":\"ImageObject\",\"inLanguage\":\"de\",\"@id\":\"https:\/\/www.swissraft.ch\/de\/#\/schema\/logo\/image\/\",\"url\":\"https:\/\/www.swissraft.ch\/wp-content\/uploads\/2025\/09\/Capture.jpg\",\"contentUrl\":\"https:\/\/www.swissraft.ch\/wp-content\/uploads\/2025\/09\/Capture.jpg\",\"width\":293,\"height\":108,\"caption\":\"Swissraft\"},\"image\":{\"@id\":\"https:\/\/www.swissraft.ch\/de\/#\/schema\/logo\/image\/\"}}]}<\/script>\n<!-- \/ Yoast SEO plugin. -->","yoast_head_json":{"title":"Flugsimulator Boeing B777 in Z\u00fcrich","description":"Flugsimulator Boeing B777 in Z\u00fcrich, ein leistungsstarker Simulator. Es ist ein technologisches Meisterwerk, das alle Empfindungen eines echten Fluges","robots":{"index":"index","follow":"follow","max-snippet":"max-snippet:-1","max-image-preview":"max-image-preview:large","max-video-preview":"max-video-preview:-1"},"canonical":"https:\/\/www.swissraft.ch\/de\/produkt\/flugsimulator-zuerich-boeing-b777\/","og_locale":"de_DE","og_type":"article","og_title":"Flugsimulator Boeing B777 in Z\u00fcrich","og_description":"Flugsimulator Boeing B777 in Z\u00fcrich, ein leistungsstarker Simulator. Es ist ein technologisches Meisterwerk, das alle Empfindungen eines echten Fluges","og_url":"https:\/\/www.swissraft.ch\/de\/produkt\/flugsimulator-zuerich-boeing-b777\/","og_site_name":"Swissraft","article_modified_time":"2024-12-20T05:14:08+00:00","og_image":[{"width":776,"height":776,"url":"https:\/\/www.swissraft.ch\/wp-content\/uploads\/2023\/02\/1-ZURICH-BOEING-777-776x776-1.jpg","type":"image\/jpeg"}],"twitter_card":"summary_large_image","twitter_misc":{"Gesch\u00e4tzte Lesezeit":"1\u00a0Minute"},"schema":{"@context":"https:\/\/schema.org","@graph":[{"@type":"WebPage","@id":"https:\/\/www.swissraft.ch\/de\/produkt\/flugsimulator-zuerich-boeing-b777\/","url":"https:\/\/www.swissraft.ch\/de\/produkt\/flugsimulator-zuerich-boeing-b777\/","name":"Flugsimulator Boeing B777 in Z\u00fcrich","isPartOf":{"@id":"https:\/\/www.swissraft.ch\/de\/#website"},"primaryImageOfPage":{"@id":"https:\/\/www.swissraft.ch\/de\/produkt\/flugsimulator-zuerich-boeing-b777\/#primaryimage"},"image":{"@id":"https:\/\/www.swissraft.ch\/de\/produkt\/flugsimulator-zuerich-boeing-b777\/#primaryimage"},"thumbnailUrl":"https:\/\/www.swissraft.ch\/wp-content\/uploads\/2023\/02\/1-ZURICH-BOEING-777-776x776-1.jpg","datePublished":"2023-02-05T16:43:34+00:00","dateModified":"2024-12-20T05:14:08+00:00","description":"Flugsimulator Boeing B777 in Z\u00fcrich, ein leistungsstarker Simulator. Es ist ein technologisches Meisterwerk, das alle Empfindungen eines echten Fluges","breadcrumb":{"@id":"https:\/\/www.swissraft.ch\/de\/produkt\/flugsimulator-zuerich-boeing-b777\/#breadcrumb"},"inLanguage":"de","potentialAction":[{"@type":"ReadAction","target":["https:\/\/www.swissraft.ch\/de\/produkt\/flugsimulator-zuerich-boeing-b777\/"]}]},{"@type":"ImageObject","inLanguage":"de","@id":"https:\/\/www.swissraft.ch\/de\/produkt\/flugsimulator-zuerich-boeing-b777\/#primaryimage","url":"https:\/\/www.swissraft.ch\/wp-content\/uploads\/2023\/02\/1-ZURICH-BOEING-777-776x776-1.jpg","contentUrl":"https:\/\/www.swissraft.ch\/wp-content\/uploads\/2023\/02\/1-ZURICH-BOEING-777-776x776-1.jpg","width":776,"height":776,"caption":"Boeing B777 Flugsimulator in Z\u00fcrich"},{"@type":"BreadcrumbList","@id":"https:\/\/www.swissraft.ch\/de\/produkt\/flugsimulator-zuerich-boeing-b777\/#breadcrumb","itemListElement":[{"@type":"ListItem","position":1,"name":"Accueil","item":"https:\/\/www.swissraft.ch\/de\/"},{"@type":"ListItem","position":2,"name":"Shop","item":"https:\/\/www.swissraft.ch\/de\/shop\/"},{"@type":"ListItem","position":3,"name":"Flugsimulator in Z\u00dcRICH &#8211; BOEING B777 &#8211; Ab CHF 229.00"}]},{"@type":"WebSite","@id":"https:\/\/www.swissraft.ch\/de\/#website","url":"https:\/\/www.swissraft.ch\/de\/","name":"Swissraft","description":"To enjoy nature as it is","publisher":{"@id":"https:\/\/www.swissraft.ch\/de\/#organization"},"potentialAction":[{"@type":"SearchAction","target":{"@type":"EntryPoint","urlTemplate":"https:\/\/www.swissraft.ch\/de\/?s={search_term_string}"},"query-input":{"@type":"PropertyValueSpecification","valueRequired":true,"valueName":"search_term_string"}}],"inLanguage":"de"},{"@type":"Organization","@id":"https:\/\/www.swissraft.ch\/de\/#organization","name":"Swissraft","url":"https:\/\/www.swissraft.ch\/de\/","logo":{"@type":"ImageObject","inLanguage":"de","@id":"https:\/\/www.swissraft.ch\/de\/#\/schema\/logo\/image\/","url":"https:\/\/www.swissraft.ch\/wp-content\/uploads\/2025\/09\/Capture.jpg","contentUrl":"https:\/\/www.swissraft.ch\/wp-content\/uploads\/2025\/09\/Capture.jpg","width":293,"height":108,"caption":"Swissraft"},"image":{"@id":"https:\/\/www.swissraft.ch\/de\/#\/schema\/logo\/image\/"}}]}},"_links":{"self":[{"href":"https:\/\/www.swissraft.ch\/de\/wp-json\/wp\/v2\/product\/91666","targetHints":{"allow":["GET"]}}],"collection":[{"href":"https:\/\/www.swissraft.ch\/de\/wp-json\/wp\/v2\/product"}],"about":[{"href":"https:\/\/www.swissraft.ch\/de\/wp-json\/wp\/v2\/types\/product"}],"replies":[{"embeddable":true,"href":"https:\/\/www.swissraft.ch\/de\/wp-json\/wp\/v2\/comments?post=91666"}],"version-history":[{"count":0,"href":"https:\/\/www.swissraft.ch\/de\/wp-json\/wp\/v2\/product\/91666\/revisions"}],"wp:featuredmedia":[{"embeddable":true,"href":"https:\/\/www.swissraft.ch\/de\/wp-json\/wp\/v2\/media\/89422"}],"wp:attachment":[{"href":"https:\/\/www.swissraft.ch\/de\/wp-json\/wp\/v2\/media?parent=91666"}],"wp:term":[{"taxonomy":"product_cat","embeddable":true,"href":"https:\/\/www.swissraft.ch\/de\/wp-json\/wp\/v2\/product_cat?post=91666"},{"taxonomy":"product_tag","embeddable":true,"href":"https:\/\/www.swissraft.ch\/de\/wp-json\/wp\/v2\/product_tag?post=91666"}],"curies":[{"name":"wp","href":"https:\/\/api.w.org\/{rel}","templated":true}]}}