{"id":91662,"date":"2023-02-05T17:19:56","date_gmt":"2023-02-05T16:19:56","guid":{"rendered":"https:\/\/swissraft.xyanzkdne.eu\/product\/flugsimulator-in-pfaeffikon-eurocopter-ec135-ab-chf-120-00\/"},"modified":"2026-05-13T00:55:16","modified_gmt":"2026-05-12T22:55:16","slug":"flugsimulator-duebendorf-eurocopter-ec135","status":"publish","type":"product","link":"https:\/\/www.swissraft.ch\/de\/produkt\/flugsimulator-duebendorf-eurocopter-ec135\/","title":{"rendered":"Flugsimulator &#8211; D\u00fcbendorf &#8211; Eurocopter Ec135 &#8211; Ab CHF 120.00"},"content":{"rendered":"\t\t<div data-elementor-type=\"wp-post\" data-elementor-id=\"91662\" class=\"elementor elementor-91662 elementor-30690\">\n\t\t\t\t\t\t\t\t\t<section class=\"elementor-section elementor-top-section elementor-element elementor-element-3303a7e3 elementor-section-boxed elementor-section-height-default elementor-section-height-default\" data-id=\"3303a7e3\" data-element_type=\"section\">\n\t\t\t\t\t\t<div class=\"elementor-container elementor-column-gap-default\">\n\t\t\t\t\t<div class=\"elementor-column elementor-col-100 elementor-top-column elementor-element elementor-element-16d72dbf\" data-id=\"16d72dbf\" data-element_type=\"column\">\n\t\t\t<div class=\"elementor-widget-wrap elementor-element-populated\">\n\t\t\t\t\t\t\t\t<div class=\"elementor-element elementor-element-d743c03 elementor-widget elementor-widget-text-editor\" data-id=\"d743c03\" data-element_type=\"widget\" data-widget_type=\"text-editor.default\">\n\t\t\t\t<div class=\"elementor-widget-container\">\n\t\t\t\t\t\t\t<h2>W\u00c4HLEN SIE UNTEN IHRE AKTIVIT\u00c4T AUS, UM GESCHENKGUTSCHEINE \/ TICKETS ZU VERSCHENKEN ODER ZU BUCHEN<\/h2><table border=\"0\" width=\"580\" cellspacing=\"10\" cellpadding=\"10\"><tbody><tr><td width=\"50%\"><strong>1) FLUGSIMULATOR &#8211; EUROCOPTER EC135 (1 Pers.) &#8211; 90 Min.<\/strong><\/td><td><strong>Ab CHF 200.00 pro Flug<\/strong><\/td><\/tr><tr><td>Zus\u00e4tzliche Informationen<\/td><td><span class=\"patt\">&#8211; Mindestgr\u00f6\u00dfe : 1,60 M<br \/>&#8211; H\u00f6chstgr\u00f6\u00dfe : 1,90 M<\/span><\/td><\/tr><tr><td>Treffpunkt<\/td><td><a href=\"https:\/\/www.google.com\/maps\/place\/47%C2%B021'47.4%22N+8%C2%B047'42.4%22E\/@47.3632591,8.7929322,382m\/data=!3m1!1e3!4m4!3m3!8m2!3d47.3631667!4d8.7951111?entry=ttu\" target=\"_blank\" rel=\"noopener\">D\u00fcbendorf<\/a><\/td><\/tr><tr><td>Flugdauer<\/td><td>1,5 Std.<\/td><\/tr><tr><td>Gesamtdauer<\/td><td>ca. 2 Std.<\/td><\/tr><tr><td>Termin<\/td><td>Per Telefon<\/td><\/tr><tr><td><button class=\"elementor-button\" type=\"button\"><a href=\"https:\/\/swissraft.outdoorbooking.ch\/fo\/products\/1282?base_id=205&amp;category_id=21&amp;order_type=gift_voucher&amp;lang=de\" target=\"_blank\" rel=\"noopener\">GUTSCHEIN \/ TICKET KAUFEN<\/a><\/button><\/td><td><strong>CHF 200.00 &#8211; 1,5 Std. Flugzeit<\/strong><\/td><\/tr><tr><td><button class=\"elementor-button\" type=\"button\"><a href=\"https:\/\/swissraft.outdoorbooking.ch\/fo\/products\/1398?base_id=205&amp;category_id=21&amp;order_type=gift_voucher&amp;lang=de\" target=\"_blank\" rel=\"noopener\">GUTSCHEIN \/ TICKET KAUFEN<\/a><\/button><\/td><td><strong>CHF 220.00 &#8211; 1,5 Std. Flugzeit &#8211; Sonntag und Feiertag<\/strong><\/td><\/tr><tr><td>\u00a0<\/td><td><strong><em>WICHTIG !<\/em><\/strong><br \/><em>Um zu reservieren, rufen Sie die Nummer an, die sich oben links auf dem Gutschein \/ Ticket befindet.<\/em><\/td><\/tr><\/tbody><\/table><table border=\"0\" width=\"580\" cellspacing=\"10\" cellpadding=\"10\"><tbody><tr><td width=\"50%\"><strong>2) FLUGSIMULATOR &#8211; EUROCOPTER EC135 (1 Pers.) &#8211; ab 60 Min.<\/strong><\/td><td><strong>&#8211; Ab CHF 120.00 pro Flug<span class=\"productPrice\"><br \/><\/span><\/strong><\/td><\/tr><tr><td>Weitere Informationen<\/td><td><span class=\"patt\">&#8211; Mindestgr\u00f6\u00dfe : 1,60 M<br \/>&#8211; H\u00f6chstgr\u00f6\u00dfe : 1,90 M<\/span><\/td><\/tr><tr><td>Treffpunkt<\/td><td><a href=\"https:\/\/www.google.com\/maps\/place\/47%C2%B021'47.4%22N+8%C2%B047'42.4%22E\/@47.3632591,8.7929322,382m\/data=!3m1!1e3!4m4!3m3!8m2!3d47.3631667!4d8.7951111?entry=ttu\" target=\"_blank\" rel=\"noopener\">D\u00fcbendorf<\/a><\/td><\/tr><tr><td>Flugdauer nach Wahl<\/td><td>1h \/ 2h \/ 3h<\/td><\/tr><tr><td>Gesamtdauer<\/td><td>ca. 1,5 bis 3,5 Std. abh\u00e4ngig von der Anzahl der Minuten<\/td><\/tr><tr><td>Termin<\/td><td>Per Telefon<\/td><\/tr><tr><td><button class=\"elementor-button\" type=\"button\"><a href=\"https:\/\/swissraft.outdoorbooking.ch\/fo\/products\/1283?base_id=205&amp;category_id=21&amp;order_type=gift_voucher&amp;lang=de\" target=\"_blank\" rel=\"noopener\">GUTSCHEIN \/ TICKET KAUFEN<\/a><\/button><\/td><td><strong>CHF 120.00 &#8211; 1 Std. Flugzeit<\/strong><\/td><\/tr><tr><td><button class=\"elementor-button\" type=\"button\"><a href=\"https:\/\/swissraft.outdoorbooking.ch\/fo\/products\/1400?base_id=205&amp;category_id=21&amp;order_type=gift_voucher&amp;lang=de\" target=\"_blank\" rel=\"noopener\">GUTSCHEIN \/ TICKET KAUFEN<\/a><\/button><\/td><td><strong>CHF 240.00 &#8211; 2 Std. Flugzeit<\/strong><\/td><\/tr><tr><td><button class=\"elementor-button\" type=\"button\"><a href=\"https:\/\/swissraft.outdoorbooking.ch\/fo\/products\/1402?base_id=205&amp;category_id=21&amp;order_type=gift_voucher&amp;lang=de\" target=\"_blank\" rel=\"noopener\">GUTSCHEIN \/ TICKET KAUFEN<\/a><\/button><\/td><td><strong>CHF 360.00 &#8211; 3 Std. Flugzeit<\/strong><\/td><\/tr><tr><td><button class=\"elementor-button\" type=\"button\"><a href=\"https:\/\/swissraft.outdoorbooking.ch\/fo\/products\/1399?base_id=205&amp;category_id=21&amp;order_type=gift_voucher&amp;lang=de\" target=\"_blank\" rel=\"noopener\">GUTSCHEIN \/ TICKET KAUFEN<\/a><\/button><\/td><td><strong>CHF 130.00 &#8211; 1 Std. Flugzeit &#8211; Sonntag und Feiertag <\/strong><\/td><\/tr><tr><td><button class=\"elementor-button\" type=\"button\"><a href=\"https:\/\/swissraft.outdoorbooking.ch\/fo\/products\/1401?base_id=205&amp;category_id=21&amp;order_type=gift_voucher&amp;lang=de\" target=\"_blank\" rel=\"noopener\">GUTSCHEIN \/ TICKET KAUFEN<\/a><\/button><\/td><td><strong>CHF 260.00 &#8211; 2 Std. Flugzeit &#8211; Sonn- und Feiertage <\/strong><\/td><\/tr><tr><td><button class=\"elementor-button\" type=\"button\"><a href=\"https:\/\/swissraft.outdoorbooking.ch\/fo\/products\/1403?base_id=205&amp;category_id=21&amp;order_type=gift_voucher&amp;lang=de\" target=\"_blank\" rel=\"noopener\">GUTSCHEIN \/ TICKET KAUFEN<\/a><\/button><\/td><td><strong>CHF 390.00 &#8211; 3 Std. Flugzeit &#8211; Sonntag und Feiertag <\/strong><\/td><\/tr><tr><td>\u00a0<\/td><td><strong><em>WICHTIG !<\/em><\/strong><br \/><em>Um zu reservieren, rufen Sie die Nummer an, die sich oben links auf dem Gutschein \/ Ticket befindet.<\/em><\/td><\/tr><\/tbody><\/table>\t\t\t\t\t\t<\/div>\n\t\t\t\t<\/div>\n\t\t\t\t\t<\/div>\n\t\t<\/div>\n\t\t\t\t\t\t\t<\/div>\n\t\t<\/section>\n\t\t\t\t\t\t\t<\/div>\n\t\t","protected":false},"excerpt":{"rendered":"<div align=\"justify\">\n<h2 align=\"justify\">Mit unserem Eurocopter EC135 treten Sie in den exklusiven Kreis der Hochgebirgsrettung ein.<\/h2>\n<h3>Es ist faszinierend, diesen Helikopter Eurocopter EC135 zu fliegen. Am Ende Ihrer Einweisung erhalten Sie ein Diplom. <\/h3>\n<\/div>\n<div align=\"justify\">\n<p>Die Einf\u00fchrung in den Helikopterflug beginnt mit einem kurzen Video \u00fcber die Handhabung eines Hubschraubers. Dann erkl\u00e4rt Ihnen Ihr Fluglehrer, was VFR-Flug ist, d.h. Sichtflug. Dann erstellen Sie Ihren Flugplan entsprechend dem gew\u00fcnschten Abflugort.<br \/>\nSie sitzen nun mit Ihrem Fluglehrer im Helikopter. Er erkl\u00e4rt Ihnen alle Bildschirme und Schalter. Durch die \u00dcbungen lernen Sie, Ihren Hubschrauber im Schwebeflug zu halten, sich um die eigene Achse zu drehen und sich seitlich zu bewegen. W\u00e4hrend all dieser Man\u00f6ver wird Ihr Fluglehrer an Ihrer Seite sein, um Sie zu f\u00fchren und gegebenenfalls zu korrigieren. Sie machen dann einen Flug und landen auf einem Hubschrauberlandeplatz Ihrer Wahl.<\/p>\n<h3>Um Ihren Flug im Helikopter-Flugsimulator EC135 zu buchen, kontaktieren Sie uns bitte!<\/h3>\n<p id=\"textarea\" style=\"display: none;\">\nWir bieten Ihnen auch einen Boeing B777 Simulator in Z\u00fcrich an. Auch auf dem Flugplatz Bl\u00e9cherette in Lausanne haben wir einen Boeing 737-700 Flugsimulator. Aber auch in Attikon\/Winterthur haben wir einen Boeing 737 FSC Flugsimulator und einen EC135 Hubschrauber-Flugsimulator. Dar\u00fcber hinaus haben wir in Niederbuchsiten einen Boeing 737-800 Flugsimulator, einen Robinson RH22 Helikopter-Flugsimulator und einen Cessna 172 Flugsimulator. In Villars-Les-Moines haben wir einen Airbus A320 Flugsimulator.\n<\/p>\n<p><a id=\"seeMore\" onclick=\"toggleSeeMore()\" href=\"javascript:void(0);\">Lesen Sie mehr<\/a><\/p>\n","protected":false},"featured_media":89446,"comment_status":"open","ping_status":"closed","template":"","meta":{"inline_featured_image":false,"_mi_skip_tracking":false},"product_cat":[286,351],"product_tag":[],"class_list":["post-91662","product","type-product","status-publish","has-post-thumbnail","hentry","product_cat-flugsimulator","product_cat-flugsimulator-in-duebendorf"],"yoast_head":"<!-- This site is optimized with the Yoast SEO plugin v23.6 - https:\/\/yoast.com\/wordpress\/plugins\/seo\/ -->\n<title>Simulator Helikopter EC135 ein Simulator f\u00fcr jedermann<\/title>\n<meta name=\"description\" content=\"Helikopter Simulator EC135 in Pf\u00e4ffikon ist ein Simulator, der f\u00fcr jedermann geeignet ist. Unser Fluglehrer wird Sie Schritt f\u00fcr Schritt durch die Einweisung f\u00fchren.\" \/>\n<meta name=\"robots\" content=\"index, follow, max-snippet:-1, max-image-preview:large, max-video-preview:-1\" \/>\n<link rel=\"canonical\" href=\"https:\/\/www.swissraft.ch\/de\/produkt\/flugsimulator-duebendorf-eurocopter-ec135\/\" \/>\n<meta property=\"og:locale\" content=\"de_DE\" \/>\n<meta property=\"og:type\" content=\"article\" \/>\n<meta property=\"og:title\" content=\"Simulator Helikopter EC135 ein Simulator f\u00fcr jedermann\" \/>\n<meta property=\"og:description\" content=\"Helikopter Simulator EC135 in Pf\u00e4ffikon ist ein Simulator, der f\u00fcr jedermann geeignet ist. Unser Fluglehrer wird Sie Schritt f\u00fcr Schritt durch die Einweisung f\u00fchren.\" \/>\n<meta property=\"og:url\" content=\"https:\/\/www.swissraft.ch\/de\/produkt\/flugsimulator-duebendorf-eurocopter-ec135\/\" \/>\n<meta property=\"og:site_name\" content=\"Swissraft\" \/>\n<meta property=\"article:modified_time\" content=\"2026-05-12T22:55:16+00:00\" \/>\n<meta property=\"og:image\" content=\"https:\/\/www.swissraft.ch\/wp-content\/uploads\/2023\/02\/1-PFAFFIKON-AIRBUS-H135-776x776-1.jpg\" \/>\n\t<meta property=\"og:image:width\" content=\"776\" \/>\n\t<meta property=\"og:image:height\" content=\"776\" \/>\n\t<meta property=\"og:image:type\" content=\"image\/jpeg\" \/>\n<meta name=\"twitter:card\" content=\"summary_large_image\" \/>\n<meta name=\"twitter:label1\" content=\"Gesch\u00e4tzte Lesezeit\" \/>\n\t<meta name=\"twitter:data1\" content=\"2\u00a0Minuten\" \/>\n<script type=\"application\/ld+json\" class=\"yoast-schema-graph\">{\"@context\":\"https:\/\/schema.org\",\"@graph\":[{\"@type\":\"WebPage\",\"@id\":\"https:\/\/www.swissraft.ch\/de\/produkt\/flugsimulator-duebendorf-eurocopter-ec135\/\",\"url\":\"https:\/\/www.swissraft.ch\/de\/produkt\/flugsimulator-duebendorf-eurocopter-ec135\/\",\"name\":\"Simulator Helikopter EC135 ein Simulator f\u00fcr jedermann\",\"isPartOf\":{\"@id\":\"https:\/\/www.swissraft.ch\/de\/#website\"},\"primaryImageOfPage\":{\"@id\":\"https:\/\/www.swissraft.ch\/de\/produkt\/flugsimulator-duebendorf-eurocopter-ec135\/#primaryimage\"},\"image\":{\"@id\":\"https:\/\/www.swissraft.ch\/de\/produkt\/flugsimulator-duebendorf-eurocopter-ec135\/#primaryimage\"},\"thumbnailUrl\":\"https:\/\/www.swissraft.ch\/wp-content\/uploads\/2023\/02\/1-PFAFFIKON-AIRBUS-H135-776x776-1.jpg\",\"datePublished\":\"2023-02-05T16:19:56+00:00\",\"dateModified\":\"2026-05-12T22:55:16+00:00\",\"description\":\"Helikopter Simulator EC135 in Pf\u00e4ffikon ist ein Simulator, der f\u00fcr jedermann geeignet ist. Unser Fluglehrer wird Sie Schritt f\u00fcr Schritt durch die Einweisung f\u00fchren.\",\"breadcrumb\":{\"@id\":\"https:\/\/www.swissraft.ch\/de\/produkt\/flugsimulator-duebendorf-eurocopter-ec135\/#breadcrumb\"},\"inLanguage\":\"de\",\"potentialAction\":[{\"@type\":\"ReadAction\",\"target\":[\"https:\/\/www.swissraft.ch\/de\/produkt\/flugsimulator-duebendorf-eurocopter-ec135\/\"]}]},{\"@type\":\"ImageObject\",\"inLanguage\":\"de\",\"@id\":\"https:\/\/www.swissraft.ch\/de\/produkt\/flugsimulator-duebendorf-eurocopter-ec135\/#primaryimage\",\"url\":\"https:\/\/www.swissraft.ch\/wp-content\/uploads\/2023\/02\/1-PFAFFIKON-AIRBUS-H135-776x776-1.jpg\",\"contentUrl\":\"https:\/\/www.swissraft.ch\/wp-content\/uploads\/2023\/02\/1-PFAFFIKON-AIRBUS-H135-776x776-1.jpg\",\"width\":776,\"height\":776,\"caption\":\"Flugsimulator Helikopter EC135 f\u00fcr eine Einf\u00fchrung ab D\u00fcbendorf\"},{\"@type\":\"BreadcrumbList\",\"@id\":\"https:\/\/www.swissraft.ch\/de\/produkt\/flugsimulator-duebendorf-eurocopter-ec135\/#breadcrumb\",\"itemListElement\":[{\"@type\":\"ListItem\",\"position\":1,\"name\":\"Accueil\",\"item\":\"https:\/\/www.swissraft.ch\/de\/\"},{\"@type\":\"ListItem\",\"position\":2,\"name\":\"Shop\",\"item\":\"https:\/\/www.swissraft.ch\/de\/shop\/\"},{\"@type\":\"ListItem\",\"position\":3,\"name\":\"Flugsimulator &#8211; D\u00fcbendorf &#8211; Eurocopter Ec135 &#8211; Ab CHF 120.00\"}]},{\"@type\":\"WebSite\",\"@id\":\"https:\/\/www.swissraft.ch\/de\/#website\",\"url\":\"https:\/\/www.swissraft.ch\/de\/\",\"name\":\"Swissraft\",\"description\":\"To enjoy nature as it is\",\"publisher\":{\"@id\":\"https:\/\/www.swissraft.ch\/de\/#organization\"},\"potentialAction\":[{\"@type\":\"SearchAction\",\"target\":{\"@type\":\"EntryPoint\",\"urlTemplate\":\"https:\/\/www.swissraft.ch\/de\/?s={search_term_string}\"},\"query-input\":{\"@type\":\"PropertyValueSpecification\",\"valueRequired\":true,\"valueName\":\"search_term_string\"}}],\"inLanguage\":\"de\"},{\"@type\":\"Organization\",\"@id\":\"https:\/\/www.swissraft.ch\/de\/#organization\",\"name\":\"Swissraft\",\"url\":\"https:\/\/www.swissraft.ch\/de\/\",\"logo\":{\"@type\":\"ImageObject\",\"inLanguage\":\"de\",\"@id\":\"https:\/\/www.swissraft.ch\/de\/#\/schema\/logo\/image\/\",\"url\":\"https:\/\/www.swissraft.ch\/wp-content\/uploads\/2025\/09\/Capture.jpg\",\"contentUrl\":\"https:\/\/www.swissraft.ch\/wp-content\/uploads\/2025\/09\/Capture.jpg\",\"width\":293,\"height\":108,\"caption\":\"Swissraft\"},\"image\":{\"@id\":\"https:\/\/www.swissraft.ch\/de\/#\/schema\/logo\/image\/\"}}]}<\/script>\n<!-- \/ Yoast SEO plugin. -->","yoast_head_json":{"title":"Simulator Helikopter EC135 ein Simulator f\u00fcr jedermann","description":"Helikopter Simulator EC135 in Pf\u00e4ffikon ist ein Simulator, der f\u00fcr jedermann geeignet ist. Unser Fluglehrer wird Sie Schritt f\u00fcr Schritt durch die Einweisung f\u00fchren.","robots":{"index":"index","follow":"follow","max-snippet":"max-snippet:-1","max-image-preview":"max-image-preview:large","max-video-preview":"max-video-preview:-1"},"canonical":"https:\/\/www.swissraft.ch\/de\/produkt\/flugsimulator-duebendorf-eurocopter-ec135\/","og_locale":"de_DE","og_type":"article","og_title":"Simulator Helikopter EC135 ein Simulator f\u00fcr jedermann","og_description":"Helikopter Simulator EC135 in Pf\u00e4ffikon ist ein Simulator, der f\u00fcr jedermann geeignet ist. Unser Fluglehrer wird Sie Schritt f\u00fcr Schritt durch die Einweisung f\u00fchren.","og_url":"https:\/\/www.swissraft.ch\/de\/produkt\/flugsimulator-duebendorf-eurocopter-ec135\/","og_site_name":"Swissraft","article_modified_time":"2026-05-12T22:55:16+00:00","og_image":[{"width":776,"height":776,"url":"https:\/\/www.swissraft.ch\/wp-content\/uploads\/2023\/02\/1-PFAFFIKON-AIRBUS-H135-776x776-1.jpg","type":"image\/jpeg"}],"twitter_card":"summary_large_image","twitter_misc":{"Gesch\u00e4tzte Lesezeit":"2\u00a0Minuten"},"schema":{"@context":"https:\/\/schema.org","@graph":[{"@type":"WebPage","@id":"https:\/\/www.swissraft.ch\/de\/produkt\/flugsimulator-duebendorf-eurocopter-ec135\/","url":"https:\/\/www.swissraft.ch\/de\/produkt\/flugsimulator-duebendorf-eurocopter-ec135\/","name":"Simulator Helikopter EC135 ein Simulator f\u00fcr jedermann","isPartOf":{"@id":"https:\/\/www.swissraft.ch\/de\/#website"},"primaryImageOfPage":{"@id":"https:\/\/www.swissraft.ch\/de\/produkt\/flugsimulator-duebendorf-eurocopter-ec135\/#primaryimage"},"image":{"@id":"https:\/\/www.swissraft.ch\/de\/produkt\/flugsimulator-duebendorf-eurocopter-ec135\/#primaryimage"},"thumbnailUrl":"https:\/\/www.swissraft.ch\/wp-content\/uploads\/2023\/02\/1-PFAFFIKON-AIRBUS-H135-776x776-1.jpg","datePublished":"2023-02-05T16:19:56+00:00","dateModified":"2026-05-12T22:55:16+00:00","description":"Helikopter Simulator EC135 in Pf\u00e4ffikon ist ein Simulator, der f\u00fcr jedermann geeignet ist. Unser Fluglehrer wird Sie Schritt f\u00fcr Schritt durch die Einweisung f\u00fchren.","breadcrumb":{"@id":"https:\/\/www.swissraft.ch\/de\/produkt\/flugsimulator-duebendorf-eurocopter-ec135\/#breadcrumb"},"inLanguage":"de","potentialAction":[{"@type":"ReadAction","target":["https:\/\/www.swissraft.ch\/de\/produkt\/flugsimulator-duebendorf-eurocopter-ec135\/"]}]},{"@type":"ImageObject","inLanguage":"de","@id":"https:\/\/www.swissraft.ch\/de\/produkt\/flugsimulator-duebendorf-eurocopter-ec135\/#primaryimage","url":"https:\/\/www.swissraft.ch\/wp-content\/uploads\/2023\/02\/1-PFAFFIKON-AIRBUS-H135-776x776-1.jpg","contentUrl":"https:\/\/www.swissraft.ch\/wp-content\/uploads\/2023\/02\/1-PFAFFIKON-AIRBUS-H135-776x776-1.jpg","width":776,"height":776,"caption":"Flugsimulator Helikopter EC135 f\u00fcr eine Einf\u00fchrung ab D\u00fcbendorf"},{"@type":"BreadcrumbList","@id":"https:\/\/www.swissraft.ch\/de\/produkt\/flugsimulator-duebendorf-eurocopter-ec135\/#breadcrumb","itemListElement":[{"@type":"ListItem","position":1,"name":"Accueil","item":"https:\/\/www.swissraft.ch\/de\/"},{"@type":"ListItem","position":2,"name":"Shop","item":"https:\/\/www.swissraft.ch\/de\/shop\/"},{"@type":"ListItem","position":3,"name":"Flugsimulator &#8211; D\u00fcbendorf &#8211; Eurocopter Ec135 &#8211; Ab CHF 120.00"}]},{"@type":"WebSite","@id":"https:\/\/www.swissraft.ch\/de\/#website","url":"https:\/\/www.swissraft.ch\/de\/","name":"Swissraft","description":"To enjoy nature as it is","publisher":{"@id":"https:\/\/www.swissraft.ch\/de\/#organization"},"potentialAction":[{"@type":"SearchAction","target":{"@type":"EntryPoint","urlTemplate":"https:\/\/www.swissraft.ch\/de\/?s={search_term_string}"},"query-input":{"@type":"PropertyValueSpecification","valueRequired":true,"valueName":"search_term_string"}}],"inLanguage":"de"},{"@type":"Organization","@id":"https:\/\/www.swissraft.ch\/de\/#organization","name":"Swissraft","url":"https:\/\/www.swissraft.ch\/de\/","logo":{"@type":"ImageObject","inLanguage":"de","@id":"https:\/\/www.swissraft.ch\/de\/#\/schema\/logo\/image\/","url":"https:\/\/www.swissraft.ch\/wp-content\/uploads\/2025\/09\/Capture.jpg","contentUrl":"https:\/\/www.swissraft.ch\/wp-content\/uploads\/2025\/09\/Capture.jpg","width":293,"height":108,"caption":"Swissraft"},"image":{"@id":"https:\/\/www.swissraft.ch\/de\/#\/schema\/logo\/image\/"}}]}},"_links":{"self":[{"href":"https:\/\/www.swissraft.ch\/de\/wp-json\/wp\/v2\/product\/91662","targetHints":{"allow":["GET"]}}],"collection":[{"href":"https:\/\/www.swissraft.ch\/de\/wp-json\/wp\/v2\/product"}],"about":[{"href":"https:\/\/www.swissraft.ch\/de\/wp-json\/wp\/v2\/types\/product"}],"replies":[{"embeddable":true,"href":"https:\/\/www.swissraft.ch\/de\/wp-json\/wp\/v2\/comments?post=91662"}],"version-history":[{"count":54,"href":"https:\/\/www.swissraft.ch\/de\/wp-json\/wp\/v2\/product\/91662\/revisions"}],"predecessor-version":[{"id":144250,"href":"https:\/\/www.swissraft.ch\/de\/wp-json\/wp\/v2\/product\/91662\/revisions\/144250"}],"wp:featuredmedia":[{"embeddable":true,"href":"https:\/\/www.swissraft.ch\/de\/wp-json\/wp\/v2\/media\/89446"}],"wp:attachment":[{"href":"https:\/\/www.swissraft.ch\/de\/wp-json\/wp\/v2\/media?parent=91662"}],"wp:term":[{"taxonomy":"product_cat","embeddable":true,"href":"https:\/\/www.swissraft.ch\/de\/wp-json\/wp\/v2\/product_cat?post=91662"},{"taxonomy":"product_tag","embeddable":true,"href":"https:\/\/www.swissraft.ch\/de\/wp-json\/wp\/v2\/product_tag?post=91662"}],"curies":[{"name":"wp","href":"https:\/\/api.w.org\/{rel}","templated":true}]}}