{"id":91654,"date":"2023-02-05T16:29:58","date_gmt":"2023-02-05T15:29:58","guid":{"rendered":"https:\/\/swissraft.xyanzkdne.eu\/product\/flugsimulator-in-lausanne-boeing-737-700-ab-chf-280-00\/"},"modified":"2024-12-20T00:21:11","modified_gmt":"2024-12-19T23:21:11","slug":"flugsimulator-lausanne-boeing-737-700","status":"publish","type":"product","link":"https:\/\/www.swissraft.ch\/de\/produkt\/flugsimulator-lausanne-boeing-737-700\/","title":{"rendered":"Flugsimulator in LAUSANNE &#8211; BOEING 737-700 &#8211; Ab CHF 280.00"},"content":{"rendered":"\t\t<div data-elementor-type=\"wp-post\" data-elementor-id=\"91654\" class=\"elementor elementor-91654 elementor-30673\">\n\t\t\t\t\t\t\t\t\t<section class=\"elementor-section elementor-top-section elementor-element elementor-element-3303a7e3 elementor-section-boxed elementor-section-height-default elementor-section-height-default\" data-id=\"3303a7e3\" data-element_type=\"section\">\n\t\t\t\t\t\t<div class=\"elementor-container elementor-column-gap-default\">\n\t\t\t\t\t<div class=\"elementor-column elementor-col-100 elementor-top-column elementor-element elementor-element-16d72dbf\" data-id=\"16d72dbf\" data-element_type=\"column\">\n\t\t\t<div class=\"elementor-widget-wrap elementor-element-populated\">\n\t\t\t\t\t\t\t\t<div class=\"elementor-element elementor-element-d743c03 elementor-widget elementor-widget-text-editor\" data-id=\"d743c03\" data-element_type=\"widget\" data-widget_type=\"text-editor.default\">\n\t\t\t\t<div class=\"elementor-widget-container\">\n\t\t\t\t\t\t\t<h2>W\u00c4HLEN SIE UNTEN IHRE AKTIVIT\u00c4T AUS, UM GESCHENKGUTSCHEINE \/ TICKETS ZU VERSCHENKEN ODER ZU BUCHEN.<\/h2><table border=\"0\" width=\"580\" cellspacing=\"10\" cellpadding=\"10\"><tbody><tr><td width=\"50%\"><strong>FLUGSIMULATOR BOEING 737-700 (1+2 pax) &#8211; ab 60 Min.<\/strong><\/td><td><strong>ab CHF 280.00 pro Flug<span class=\"productPrice\"><br \/><\/span><\/strong><\/td><\/tr><tr><td>Weitere Informationen<\/td><td><span class=\"patt\">&#8211; Mindestgr\u00f6\u00dfe : 1,40 m<br \/>&#8211; Maximal 2 Passagiere<\/span><\/td><\/tr><tr><td>Treffpunkt<\/td><td><a href=\"https:\/\/www.google.com\/maps\/place\/Restaurant+A%C3%A9roport\/@46.5415784,6.6129692,776m\/data=!3m1!1e3!4m14!1m7!3m6!1s0x478c31e6b22f0087:0x6b4d20dfd6097b98!2sRestaurant+A%C3%A9roport!8m2!3d46.5414355!4d6.6175099!16s%2Fg%2F1tf68yx6!3m5!1s0x478c31e6b22f0087:0x6b4d20dfd6097b98!8m2!3d46.5414355!4d6.6175099!16s%2Fg%2F1tf68yx6?entry=ttu\" target=\"_blank\" rel=\"noopener\">La Bl\u00e9cherette<\/a><\/td><\/tr><tr><td>Flugdauer nach Wahl<\/td><td>1 Std. \/ 1,5 Std. \/ 2 Std. \/ 2,5 Std. \/ 3 Std.<\/td><\/tr><tr><td>Gesamtdauer<\/td><td>ca. 1,5 bis 3,5 Std. abh\u00e4ngig von der Anzahl der Minuten<\/td><\/tr><tr><td>Terminvereinbarung<\/td><td>Per Telefon<\/td><\/tr><tr><td><button class=\"elementor-button\" type=\"button\"><a href=\"https:\/\/swissraft.outdoorbooking.ch\/fo\/products\/157?base_id=31&amp;category_id=21&amp;order_type=gift_voucher&amp;lang=de\" target=\"_blank\" rel=\"noopener\">GUTSCHEIN KAUFEN<\/a><\/button><\/td><td><strong>CHF 280.00 &#8211; 1 Std. Flug<\/strong><\/td><\/tr><tr><td><button class=\"elementor-button\" type=\"button\"><a href=\"https:\/\/swissraft.outdoorbooking.ch\/fo\/products\/268?base_id=31&amp;category_id=21&amp;order_type=gift_voucher&amp;lang=de\" target=\"_blank\" rel=\"noopener\">GUTSCHEIN KAUFEN<\/a><\/button><\/td><td><strong>CHF 420.00 &#8211; 1,5 Std. Flug<\/strong><\/td><\/tr><tr><td><button class=\"elementor-button\" type=\"button\"><a href=\"https:\/\/swissraft.outdoorbooking.ch\/fo\/products\/269?base_id=31&amp;category_id=21&amp;order_type=gift_voucher&amp;lang=de\" target=\"_blank\" rel=\"noopener\">GUTSCHEIN KAUFEN<\/a><\/button><\/td><td><strong>CHF 560.00 &#8211; 2 Std. Flug<\/strong><\/td><\/tr><tr><td><button class=\"elementor-button\" type=\"button\"><a href=\"https:\/\/swissraft.outdoorbooking.ch\/fo\/products\/270?base_id=31&amp;category_id=21&amp;order_type=gift_voucher&amp;lang=de\" target=\"_blank\" rel=\"noopener\">GUTSCHEIN KAUFEN<\/a><\/button><\/td><td><strong>CHF 700.00 &#8211; 2,5 Std. Flug<\/strong><\/td><\/tr><tr><td><button class=\"elementor-button\" type=\"button\"><a href=\"https:\/\/swissraft.outdoorbooking.ch\/fo\/products\/271?base_id=31&amp;category_id=21&amp;order_type=gift_voucher&amp;lang=de\" target=\"_blank\" rel=\"noopener\">GUTSCHEIN KAUFEN<\/a><\/button><\/td><td><strong>CHF 840.00 &#8211; 3 Std. Flug<\/strong><\/td><\/tr><tr><td>\u00a0<\/td><td>Um zu buchen : <span class=\"patt\" style=\"font-family: inherit; font-size: inherit;\"><span class=\"plbl\"><span class=\"patt\"><a href=\"https:\/\/www.swissraft.ch\/de\/kontakt\/\">Kontaktieren Sie uns<\/a><\/span><\/span><\/span><\/td><\/tr><\/tbody><\/table>\t\t\t\t\t\t<\/div>\n\t\t\t\t<\/div>\n\t\t\t\t\t<\/div>\n\t\t<\/div>\n\t\t\t\t\t\t\t<\/div>\n\t\t<\/section>\n\t\t\t\t\t\t\t<\/div>\n\t\t","protected":false},"excerpt":{"rendered":"<div align=\"justify\">\n<h2 align=\"justify\">Tauchen Sie in das Abenteuer in Lausanne ein mit unserem BOEING 737-700 Flugsimulator \u2013 ein wirklich aufregendes Erlebnis!<\/h2>\n<h3>Gehen Sie mit zwei Passagieren an Bord einer BOEING 737-700 auf dem Flugplatz La Bl\u00e9cherette. Erleben Sie diese einzigartige virtuelle Erfahrung und teilen Sie das Abenteuer gemeinsam!<\/h3>\n<\/div>\n<div align=\"justify\">\n<p>Ein riesiger Panoramabildschirm sorgt f\u00fcr einen beeindruckenden visuellen Effekt. Die Wetterumgebung mit Regen, Wind und Gewitter wird ebenfalls reproduziert. Die Black Box wird alle Daten Ihres Fluges aufzeichnen. Es sind keine besonderen Kenntnisse erforderlich. Unser Pilot und Instrukteur wird Sie \u00fcber drei Bildschirme Schritt f\u00fcr Schritt zu jeder Aktion anleiten. Sie k\u00f6nnen Ihr Reiseziel w\u00e4hlen und die ganze Welt bereisen!<br \/>\nNach der Konzentration des Starts und den ersten Schwierigkeiten k\u00f6nnen Sie sich entspannen und den Autopiloten einschalten. W\u00e4hrend Sie am Steuer Ihrer Boeing 737-700 sitzen, k\u00f6nnen Sie nun das Panorama bewundern, das sich Ihnen w\u00e4hrend des Fluges bietet.<\/p>\n<h3>F\u00fcr weitere Informationen oder um Ihre spannende Sitzung im Flugsimulator in La Bl\u00e9cherette zu buchen, kontaktieren Sie uns bitte!<\/h3>\n<p id=\"textarea\" style=\"display: none;\">\nSwissraft bietet Ihnen auch einen Boeing B777 Simulator in Z\u00fcrich an. In Attikon\/Winterthur haben wir einen Boeing 737 FSC Flugsimulator und einen EC135 Hubschrauber-Flugsimulator. Ebenso haben wir in Niederbuchsiten einen Boeing 737-800 Flugsimulator, einen Robinson RH22 Hubschrauber-Flugsimulator und einen Cessna 172 Flugsimulator. Au\u00dferdem haben wir in Pf\u00e4ffikon einen Flugsimulator, der auch einen EC135-Hubschrauber fliegt. In Villars-Les-Moines haben wir einen Airbus A320-Flugsimulator.\n<\/p>\n<p><a id=\"seeMore\" onclick=\"toggleSeeMore()\" href=\"javascript:void(0);\">Lesen Sie mehr<\/a><\/p>\n","protected":false},"featured_media":89434,"comment_status":"open","ping_status":"closed","template":"","meta":{"inline_featured_image":false,"_mi_skip_tracking":false},"product_cat":[286,350],"product_tag":[],"class_list":["post-91654","product","type-product","status-publish","has-post-thumbnail","hentry","product_cat-flugsimulator","product_cat-lausanne"],"yoast_head":"<!-- This site is optimized with the Yoast SEO plugin v23.6 - https:\/\/yoast.com\/wordpress\/plugins\/seo\/ -->\n<title>Flugsimulator Boeing 737-700 in La Bl\u00e9cherette<\/title>\n<meta name=\"description\" content=\"Flugsimulator Boeing 737-700 in La Bl\u00e9cherette in der N\u00e4he von Lausanne. Ein Simulator, an dem die Piloten regelm\u00e4\u00dfig trainieren\" \/>\n<meta name=\"robots\" content=\"index, follow, max-snippet:-1, max-image-preview:large, max-video-preview:-1\" \/>\n<link rel=\"canonical\" href=\"https:\/\/www.swissraft.ch\/de\/produkt\/flugsimulator-lausanne-boeing-737-700\/\" \/>\n<meta property=\"og:locale\" content=\"de_DE\" \/>\n<meta property=\"og:type\" content=\"article\" \/>\n<meta property=\"og:title\" content=\"Flugsimulator Boeing 737-700 in La Bl\u00e9cherette\" \/>\n<meta property=\"og:description\" content=\"Flugsimulator Boeing 737-700 in La Bl\u00e9cherette in der N\u00e4he von Lausanne. Ein Simulator, an dem die Piloten regelm\u00e4\u00dfig trainieren\" \/>\n<meta property=\"og:url\" content=\"https:\/\/www.swissraft.ch\/de\/produkt\/flugsimulator-lausanne-boeing-737-700\/\" \/>\n<meta property=\"og:site_name\" content=\"Swissraft\" \/>\n<meta property=\"article:modified_time\" content=\"2024-12-19T23:21:11+00:00\" \/>\n<meta property=\"og:image\" content=\"https:\/\/www.swissraft.ch\/wp-content\/uploads\/2023\/02\/1-LAUSANNE-BOEING-737-700-776x776-1.jpg\" \/>\n\t<meta property=\"og:image:width\" content=\"776\" \/>\n\t<meta property=\"og:image:height\" content=\"776\" \/>\n\t<meta property=\"og:image:type\" content=\"image\/jpeg\" \/>\n<meta name=\"twitter:card\" content=\"summary_large_image\" \/>\n<meta name=\"twitter:label1\" content=\"Gesch\u00e4tzte Lesezeit\" \/>\n\t<meta name=\"twitter:data1\" content=\"1\u00a0Minute\" \/>\n<script type=\"application\/ld+json\" class=\"yoast-schema-graph\">{\"@context\":\"https:\/\/schema.org\",\"@graph\":[{\"@type\":\"WebPage\",\"@id\":\"https:\/\/www.swissraft.ch\/de\/produkt\/flugsimulator-lausanne-boeing-737-700\/\",\"url\":\"https:\/\/www.swissraft.ch\/de\/produkt\/flugsimulator-lausanne-boeing-737-700\/\",\"name\":\"Flugsimulator Boeing 737-700 in La Bl\u00e9cherette\",\"isPartOf\":{\"@id\":\"https:\/\/www.swissraft.ch\/de\/#website\"},\"primaryImageOfPage\":{\"@id\":\"https:\/\/www.swissraft.ch\/de\/produkt\/flugsimulator-lausanne-boeing-737-700\/#primaryimage\"},\"image\":{\"@id\":\"https:\/\/www.swissraft.ch\/de\/produkt\/flugsimulator-lausanne-boeing-737-700\/#primaryimage\"},\"thumbnailUrl\":\"https:\/\/www.swissraft.ch\/wp-content\/uploads\/2023\/02\/1-LAUSANNE-BOEING-737-700-776x776-1.jpg\",\"datePublished\":\"2023-02-05T15:29:58+00:00\",\"dateModified\":\"2024-12-19T23:21:11+00:00\",\"description\":\"Flugsimulator Boeing 737-700 in La Bl\u00e9cherette in der N\u00e4he von Lausanne. Ein Simulator, an dem die Piloten regelm\u00e4\u00dfig trainieren\",\"breadcrumb\":{\"@id\":\"https:\/\/www.swissraft.ch\/de\/produkt\/flugsimulator-lausanne-boeing-737-700\/#breadcrumb\"},\"inLanguage\":\"de\",\"potentialAction\":[{\"@type\":\"ReadAction\",\"target\":[\"https:\/\/www.swissraft.ch\/de\/produkt\/flugsimulator-lausanne-boeing-737-700\/\"]}]},{\"@type\":\"ImageObject\",\"inLanguage\":\"de\",\"@id\":\"https:\/\/www.swissraft.ch\/de\/produkt\/flugsimulator-lausanne-boeing-737-700\/#primaryimage\",\"url\":\"https:\/\/www.swissraft.ch\/wp-content\/uploads\/2023\/02\/1-LAUSANNE-BOEING-737-700-776x776-1.jpg\",\"contentUrl\":\"https:\/\/www.swissraft.ch\/wp-content\/uploads\/2023\/02\/1-LAUSANNE-BOEING-737-700-776x776-1.jpg\",\"width\":776,\"height\":776,\"caption\":\"Flugsimulator Boeing 737-700 in La Bl\u00e9cherette\"},{\"@type\":\"BreadcrumbList\",\"@id\":\"https:\/\/www.swissraft.ch\/de\/produkt\/flugsimulator-lausanne-boeing-737-700\/#breadcrumb\",\"itemListElement\":[{\"@type\":\"ListItem\",\"position\":1,\"name\":\"Accueil\",\"item\":\"https:\/\/www.swissraft.ch\/de\/\"},{\"@type\":\"ListItem\",\"position\":2,\"name\":\"Shop\",\"item\":\"https:\/\/www.swissraft.ch\/de\/shop\/\"},{\"@type\":\"ListItem\",\"position\":3,\"name\":\"Flugsimulator in LAUSANNE &#8211; BOEING 737-700 &#8211; Ab CHF 280.00\"}]},{\"@type\":\"WebSite\",\"@id\":\"https:\/\/www.swissraft.ch\/de\/#website\",\"url\":\"https:\/\/www.swissraft.ch\/de\/\",\"name\":\"Swissraft\",\"description\":\"To enjoy nature as it is\",\"publisher\":{\"@id\":\"https:\/\/www.swissraft.ch\/de\/#organization\"},\"potentialAction\":[{\"@type\":\"SearchAction\",\"target\":{\"@type\":\"EntryPoint\",\"urlTemplate\":\"https:\/\/www.swissraft.ch\/de\/?s={search_term_string}\"},\"query-input\":{\"@type\":\"PropertyValueSpecification\",\"valueRequired\":true,\"valueName\":\"search_term_string\"}}],\"inLanguage\":\"de\"},{\"@type\":\"Organization\",\"@id\":\"https:\/\/www.swissraft.ch\/de\/#organization\",\"name\":\"Swissraft\",\"url\":\"https:\/\/www.swissraft.ch\/de\/\",\"logo\":{\"@type\":\"ImageObject\",\"inLanguage\":\"de\",\"@id\":\"https:\/\/www.swissraft.ch\/de\/#\/schema\/logo\/image\/\",\"url\":\"https:\/\/www.swissraft.ch\/wp-content\/uploads\/2025\/09\/Capture.jpg\",\"contentUrl\":\"https:\/\/www.swissraft.ch\/wp-content\/uploads\/2025\/09\/Capture.jpg\",\"width\":293,\"height\":108,\"caption\":\"Swissraft\"},\"image\":{\"@id\":\"https:\/\/www.swissraft.ch\/de\/#\/schema\/logo\/image\/\"}}]}<\/script>\n<!-- \/ Yoast SEO plugin. -->","yoast_head_json":{"title":"Flugsimulator Boeing 737-700 in La Bl\u00e9cherette","description":"Flugsimulator Boeing 737-700 in La Bl\u00e9cherette in der N\u00e4he von Lausanne. Ein Simulator, an dem die Piloten regelm\u00e4\u00dfig trainieren","robots":{"index":"index","follow":"follow","max-snippet":"max-snippet:-1","max-image-preview":"max-image-preview:large","max-video-preview":"max-video-preview:-1"},"canonical":"https:\/\/www.swissraft.ch\/de\/produkt\/flugsimulator-lausanne-boeing-737-700\/","og_locale":"de_DE","og_type":"article","og_title":"Flugsimulator Boeing 737-700 in La Bl\u00e9cherette","og_description":"Flugsimulator Boeing 737-700 in La Bl\u00e9cherette in der N\u00e4he von Lausanne. Ein Simulator, an dem die Piloten regelm\u00e4\u00dfig trainieren","og_url":"https:\/\/www.swissraft.ch\/de\/produkt\/flugsimulator-lausanne-boeing-737-700\/","og_site_name":"Swissraft","article_modified_time":"2024-12-19T23:21:11+00:00","og_image":[{"width":776,"height":776,"url":"https:\/\/www.swissraft.ch\/wp-content\/uploads\/2023\/02\/1-LAUSANNE-BOEING-737-700-776x776-1.jpg","type":"image\/jpeg"}],"twitter_card":"summary_large_image","twitter_misc":{"Gesch\u00e4tzte Lesezeit":"1\u00a0Minute"},"schema":{"@context":"https:\/\/schema.org","@graph":[{"@type":"WebPage","@id":"https:\/\/www.swissraft.ch\/de\/produkt\/flugsimulator-lausanne-boeing-737-700\/","url":"https:\/\/www.swissraft.ch\/de\/produkt\/flugsimulator-lausanne-boeing-737-700\/","name":"Flugsimulator Boeing 737-700 in La Bl\u00e9cherette","isPartOf":{"@id":"https:\/\/www.swissraft.ch\/de\/#website"},"primaryImageOfPage":{"@id":"https:\/\/www.swissraft.ch\/de\/produkt\/flugsimulator-lausanne-boeing-737-700\/#primaryimage"},"image":{"@id":"https:\/\/www.swissraft.ch\/de\/produkt\/flugsimulator-lausanne-boeing-737-700\/#primaryimage"},"thumbnailUrl":"https:\/\/www.swissraft.ch\/wp-content\/uploads\/2023\/02\/1-LAUSANNE-BOEING-737-700-776x776-1.jpg","datePublished":"2023-02-05T15:29:58+00:00","dateModified":"2024-12-19T23:21:11+00:00","description":"Flugsimulator Boeing 737-700 in La Bl\u00e9cherette in der N\u00e4he von Lausanne. Ein Simulator, an dem die Piloten regelm\u00e4\u00dfig trainieren","breadcrumb":{"@id":"https:\/\/www.swissraft.ch\/de\/produkt\/flugsimulator-lausanne-boeing-737-700\/#breadcrumb"},"inLanguage":"de","potentialAction":[{"@type":"ReadAction","target":["https:\/\/www.swissraft.ch\/de\/produkt\/flugsimulator-lausanne-boeing-737-700\/"]}]},{"@type":"ImageObject","inLanguage":"de","@id":"https:\/\/www.swissraft.ch\/de\/produkt\/flugsimulator-lausanne-boeing-737-700\/#primaryimage","url":"https:\/\/www.swissraft.ch\/wp-content\/uploads\/2023\/02\/1-LAUSANNE-BOEING-737-700-776x776-1.jpg","contentUrl":"https:\/\/www.swissraft.ch\/wp-content\/uploads\/2023\/02\/1-LAUSANNE-BOEING-737-700-776x776-1.jpg","width":776,"height":776,"caption":"Flugsimulator Boeing 737-700 in La Bl\u00e9cherette"},{"@type":"BreadcrumbList","@id":"https:\/\/www.swissraft.ch\/de\/produkt\/flugsimulator-lausanne-boeing-737-700\/#breadcrumb","itemListElement":[{"@type":"ListItem","position":1,"name":"Accueil","item":"https:\/\/www.swissraft.ch\/de\/"},{"@type":"ListItem","position":2,"name":"Shop","item":"https:\/\/www.swissraft.ch\/de\/shop\/"},{"@type":"ListItem","position":3,"name":"Flugsimulator in LAUSANNE &#8211; BOEING 737-700 &#8211; Ab CHF 280.00"}]},{"@type":"WebSite","@id":"https:\/\/www.swissraft.ch\/de\/#website","url":"https:\/\/www.swissraft.ch\/de\/","name":"Swissraft","description":"To enjoy nature as it is","publisher":{"@id":"https:\/\/www.swissraft.ch\/de\/#organization"},"potentialAction":[{"@type":"SearchAction","target":{"@type":"EntryPoint","urlTemplate":"https:\/\/www.swissraft.ch\/de\/?s={search_term_string}"},"query-input":{"@type":"PropertyValueSpecification","valueRequired":true,"valueName":"search_term_string"}}],"inLanguage":"de"},{"@type":"Organization","@id":"https:\/\/www.swissraft.ch\/de\/#organization","name":"Swissraft","url":"https:\/\/www.swissraft.ch\/de\/","logo":{"@type":"ImageObject","inLanguage":"de","@id":"https:\/\/www.swissraft.ch\/de\/#\/schema\/logo\/image\/","url":"https:\/\/www.swissraft.ch\/wp-content\/uploads\/2025\/09\/Capture.jpg","contentUrl":"https:\/\/www.swissraft.ch\/wp-content\/uploads\/2025\/09\/Capture.jpg","width":293,"height":108,"caption":"Swissraft"},"image":{"@id":"https:\/\/www.swissraft.ch\/de\/#\/schema\/logo\/image\/"}}]}},"_links":{"self":[{"href":"https:\/\/www.swissraft.ch\/de\/wp-json\/wp\/v2\/product\/91654","targetHints":{"allow":["GET"]}}],"collection":[{"href":"https:\/\/www.swissraft.ch\/de\/wp-json\/wp\/v2\/product"}],"about":[{"href":"https:\/\/www.swissraft.ch\/de\/wp-json\/wp\/v2\/types\/product"}],"replies":[{"embeddable":true,"href":"https:\/\/www.swissraft.ch\/de\/wp-json\/wp\/v2\/comments?post=91654"}],"version-history":[{"count":0,"href":"https:\/\/www.swissraft.ch\/de\/wp-json\/wp\/v2\/product\/91654\/revisions"}],"wp:featuredmedia":[{"embeddable":true,"href":"https:\/\/www.swissraft.ch\/de\/wp-json\/wp\/v2\/media\/89434"}],"wp:attachment":[{"href":"https:\/\/www.swissraft.ch\/de\/wp-json\/wp\/v2\/media?parent=91654"}],"wp:term":[{"taxonomy":"product_cat","embeddable":true,"href":"https:\/\/www.swissraft.ch\/de\/wp-json\/wp\/v2\/product_cat?post=91654"},{"taxonomy":"product_tag","embeddable":true,"href":"https:\/\/www.swissraft.ch\/de\/wp-json\/wp\/v2\/product_tag?post=91654"}],"curies":[{"name":"wp","href":"https:\/\/api.w.org\/{rel}","templated":true}]}}