{"id":91653,"date":"2023-01-18T15:19:14","date_gmt":"2023-01-18T14:19:14","guid":{"rendered":"https:\/\/swissraft.xyanzkdne.eu\/product\/einfuehrung-in-ein-flugzeug-von-berne-belp-bristell-b23-ab-chf-220-00\/"},"modified":"2026-05-01T01:37:20","modified_gmt":"2026-04-30T23:37:20","slug":"schnupperflug-flugzeug-bern-belp-bristell-b23","status":"publish","type":"product","link":"https:\/\/www.swissraft.ch\/de\/produkt\/schnupperflug-flugzeug-bern-belp-bristell-b23\/","title":{"rendered":"Schnupperflug &#8211; Flugzeug &#8211; Bern-Belp &#8211; Bristell B23 &#8211; Ab CHF 220.00"},"content":{"rendered":"\t\t<div data-elementor-type=\"wp-post\" data-elementor-id=\"91653\" class=\"elementor elementor-91653 elementor-30518\">\n\t\t\t\t\t\t\t\t\t<section class=\"elementor-section elementor-top-section elementor-element elementor-element-3303a7e3 elementor-section-boxed elementor-section-height-default elementor-section-height-default\" data-id=\"3303a7e3\" data-element_type=\"section\">\n\t\t\t\t\t\t<div class=\"elementor-container elementor-column-gap-default\">\n\t\t\t\t\t<div class=\"elementor-column elementor-col-100 elementor-top-column elementor-element elementor-element-16d72dbf\" data-id=\"16d72dbf\" data-element_type=\"column\">\n\t\t\t<div class=\"elementor-widget-wrap elementor-element-populated\">\n\t\t\t\t\t\t\t\t<div class=\"elementor-element elementor-element-d743c03 elementor-widget elementor-widget-text-editor\" data-id=\"d743c03\" data-element_type=\"widget\" data-widget_type=\"text-editor.default\">\n\t\t\t\t<div class=\"elementor-widget-container\">\n\t\t\t\t\t\t\t<h2>W\u00c4HLEN SIE UNTEN IHRE AKTIVIT\u00c4T AUS, UM GESCHENKGUTSCHEINE \/ TICKETS ZU VERSCHENKEN ODER ZU BUCHEN<\/h2><table border=\"0\" width=\"580\" cellspacing=\"10\" cellpadding=\"10\"><tbody><tr><td width=\"50%\"><strong>SCHNUPPERFLUG &#8211; BRISTELL B23 &#8211; 1 SCH\u00dcLER &#8211; Ab 20 Min.<\/strong><\/td><td><strong>CHF 220.00 pro Flug<span class=\"productPrice\"><br \/><\/span><\/strong><\/td><\/tr><tr><td>Zus\u00e4tzliche Informationen<\/td><td><span class=\"patt\">&#8211; Das Flugzeug steht Ihnen ausschlie\u00dflich zur Verf\u00fcgung<br \/>&#8211; Sie bestimmen das Datum und die Uhrzeit des Abflugs<br \/>&#8211; Maximale Gr\u00f6\u00dfe : 1,90 m<br \/>&#8211; Maximum 1 Pers.<\/span><\/td><\/tr><tr><td>Flughafen<\/td><td><a href=\"https:\/\/www.google.com\/maps\/place\/46%C2%B054'42.7%22N+7%C2%B030'12.1%22E\/@46.9123669,7.4941803,1542m\/data=!3m1!1e3!4m4!3m3!8m2!3d46.9118611!4d7.5033611?entry=ttu\" target=\"_blank\" rel=\"noopener\">Bern-Belp<\/a><\/td><\/tr><tr><td>Flugzeit nach Wahl<\/td><td>20 \/ 30 \/ 40 \/ 60 Min.<\/td><\/tr><tr><td>Gesamtdauer<\/td><td>ca. 1h bis 1h40, abh\u00e4ngig von der Anzahl der Minuten<\/td><\/tr><tr><td>Termin<\/td><td>Per Telefon<\/td><\/tr><tr><td><button class=\"elementor-button\" type=\"button\"><a href=\"https:\/\/swissraft.outdoorbooking.ch\/fo\/products\/164?base_id=24&amp;category_id=4&amp;order_type=gift_voucher&amp;lang=de\" target=\"_blank\" rel=\"noopener\">GUTSCHEIN \/ TICKET KAUFEN<\/a><\/button><\/td><td><strong>CHF 220.00 &#8211; 20 Min. Flugzeit <\/strong><\/td><\/tr><tr><td><button class=\"elementor-button\" type=\"button\"><a href=\"https:\/\/swissraft.outdoorbooking.ch\/fo\/products\/287?base_id=24&amp;category_id=4&amp;order_type=gift_voucher&amp;lang=de\" target=\"_blank\" rel=\"noopener\">GUTSCHEIN \/ TICKET KAUFEN<\/a><\/button><\/td><td><strong>CHF 265.00 &#8211; 30 Min. Flugzeit <\/strong><\/td><\/tr><tr><td><button class=\"elementor-button\" type=\"button\"><a href=\"https:\/\/swissraft.outdoorbooking.ch\/fo\/products\/334?base_id=24&amp;category_id=4&amp;order_type=gift_voucher&amp;lang=de\" target=\"_blank\" rel=\"noopener\">GUTSCHEIN \/ TICKET KAUFEN<\/a><\/button><\/td><td><strong>CHF 335.00 &#8211; 40 Min. Flugzeit <\/strong><\/td><\/tr><tr><td><button class=\"elementor-button\" type=\"button\"><a href=\"https:\/\/swissraft.outdoorbooking.ch\/fo\/products\/335?base_id=24&amp;category_id=4&amp;order_type=gift_voucher&amp;lang=de\" target=\"_blank\" rel=\"noopener\">GUTSCHEIN \/ TICKET KAUFEN<\/a><\/button><\/td><td><strong>CHF 415.00 &#8211; 60 Min. Flugzeit<\/strong><\/td><\/tr><tr><td>\u00a0<\/td><td><strong><em>WICHTIG !<\/em><\/strong><br \/><em>Um zu reservieren, rufen Sie die Nummer an, die sich oben links auf dem Gutschein\/Ticket befindet.<\/em><\/td><\/tr><\/tbody><\/table>\t\t\t\t\t\t<\/div>\n\t\t\t\t<\/div>\n\t\t\t\t\t<\/div>\n\t\t<\/div>\n\t\t\t\t\t\t\t<\/div>\n\t\t<\/section>\n\t\t\t\t\t\t\t<\/div>\n\t\t","protected":false},"excerpt":{"rendered":"<div align=\"justify\">\n<h2 align=\"justify\">Vom Flughafen Bern-Belp aus k\u00f6nnen Sie ohne weitere Formalit\u00e4ten eine Schupperflug mit der Bristell B23 machen.<\/h2>\n<h3>Die Bristell B23 ist ein Flugzeug der neuen Generation. Es ist einfach zu fliegen, nat\u00fcrlich unter der Kontrolle Ihres Fluglehrers.<\/h3>\n<\/div>\n<div align=\"justify\">\n<p>Lernen Sie ein Flugzeug zu fliegen, indem Sie sich f\u00fcr eine Einf\u00fchrung in das Fliegen entscheiden. Sie erleben einen au\u00dfergew\u00f6hnlichen Moment am Steuer Ihres Flugzeugs und vor allem haben Sie Spa\u00df.<\/p>\n<h3>Swissraft erm\u00f6glicht es Ihnen, eine Vielzahl von Flugzeugen und Helikopter in der Schweiz zu fliegen. Rufen Sie uns an, unsere Beratung wird Ihnen bei Ihrer Wahl helfen.<\/h3>\n<p id=\"textarea\" style=\"display: none;\">\nWir bieten auch Schnupperfl\u00fcge auf dem Flugplatz Buttwil an. Aber auch vom Flugplatz \u00c9pagny im Greyerzerland im Kanton Freiburg aus. Auch auf dem Flugplatz Sch\u00e4nis bieten wir Schnupperfl\u00fcge mit einem Segelflugzeug an.\n<\/p>\n<p><a id=\"seeMore\" onclick=\"toggleSeeMore()\" href=\"javascript:void(0);\">Lesen Sie mehr<\/a><\/p>\n","protected":false},"featured_media":88651,"comment_status":"open","ping_status":"closed","template":"","meta":{"inline_featured_image":false,"_mi_skip_tracking":false},"product_cat":[264,311,266],"product_tag":[],"class_list":["post-91653","product","type-product","status-publish","has-post-thumbnail","hentry","product_cat-schnupperflug-flugzeug","product_cat-flugzeug-bern-belp","product_cat-schnupperflug-in-der-schweiz-selbst-fliegen"],"yoast_head":"<!-- This site is optimized with the Yoast SEO plugin v23.6 - https:\/\/yoast.com\/wordpress\/plugins\/seo\/ -->\n<title>Schnupperflug mit der Bristell B23 von Bern-Belp aus.<\/title>\n<meta name=\"description\" content=\"Schnupperflug mit der Bristell B23 von Bern-Belp aus. Sie haben schon immer davon getr\u00e4umt, einmal ein Flugzeug zu fliegen. Swissraft macht es Ihnen leicht\" \/>\n<meta name=\"robots\" content=\"index, follow, max-snippet:-1, max-image-preview:large, max-video-preview:-1\" \/>\n<link rel=\"canonical\" href=\"https:\/\/www.swissraft.ch\/de\/produkt\/schnupperflug-flugzeug-bern-belp-bristell-b23\/\" \/>\n<meta property=\"og:locale\" content=\"de_DE\" \/>\n<meta property=\"og:type\" content=\"article\" \/>\n<meta property=\"og:title\" content=\"Schnupperflug mit der Bristell B23 von Bern-Belp aus.\" \/>\n<meta property=\"og:description\" content=\"Schnupperflug mit der Bristell B23 von Bern-Belp aus. Sie haben schon immer davon getr\u00e4umt, einmal ein Flugzeug zu fliegen. Swissraft macht es Ihnen leicht\" \/>\n<meta property=\"og:url\" content=\"https:\/\/www.swissraft.ch\/de\/produkt\/schnupperflug-flugzeug-bern-belp-bristell-b23\/\" \/>\n<meta property=\"og:site_name\" content=\"Swissraft\" \/>\n<meta property=\"article:modified_time\" content=\"2026-04-30T23:37:20+00:00\" \/>\n<meta property=\"og:image\" content=\"https:\/\/www.swissraft.ch\/wp-content\/uploads\/2023\/01\/1-BRISTELL-B23-776x776-1.jpg\" \/>\n\t<meta property=\"og:image:width\" content=\"776\" \/>\n\t<meta property=\"og:image:height\" content=\"776\" \/>\n\t<meta property=\"og:image:type\" content=\"image\/jpeg\" \/>\n<meta name=\"twitter:card\" content=\"summary_large_image\" \/>\n<meta name=\"twitter:label1\" content=\"Gesch\u00e4tzte Lesezeit\" \/>\n\t<meta name=\"twitter:data1\" content=\"1\u00a0Minute\" \/>\n<script type=\"application\/ld+json\" class=\"yoast-schema-graph\">{\"@context\":\"https:\/\/schema.org\",\"@graph\":[{\"@type\":\"WebPage\",\"@id\":\"https:\/\/www.swissraft.ch\/de\/produkt\/schnupperflug-flugzeug-bern-belp-bristell-b23\/\",\"url\":\"https:\/\/www.swissraft.ch\/de\/produkt\/schnupperflug-flugzeug-bern-belp-bristell-b23\/\",\"name\":\"Schnupperflug mit der Bristell B23 von Bern-Belp aus.\",\"isPartOf\":{\"@id\":\"https:\/\/www.swissraft.ch\/de\/#website\"},\"primaryImageOfPage\":{\"@id\":\"https:\/\/www.swissraft.ch\/de\/produkt\/schnupperflug-flugzeug-bern-belp-bristell-b23\/#primaryimage\"},\"image\":{\"@id\":\"https:\/\/www.swissraft.ch\/de\/produkt\/schnupperflug-flugzeug-bern-belp-bristell-b23\/#primaryimage\"},\"thumbnailUrl\":\"https:\/\/www.swissraft.ch\/wp-content\/uploads\/2023\/01\/1-BRISTELL-B23-776x776-1.jpg\",\"datePublished\":\"2023-01-18T14:19:14+00:00\",\"dateModified\":\"2026-04-30T23:37:20+00:00\",\"description\":\"Schnupperflug mit der Bristell B23 von Bern-Belp aus. Sie haben schon immer davon getr\u00e4umt, einmal ein Flugzeug zu fliegen. Swissraft macht es Ihnen leicht\",\"breadcrumb\":{\"@id\":\"https:\/\/www.swissraft.ch\/de\/produkt\/schnupperflug-flugzeug-bern-belp-bristell-b23\/#breadcrumb\"},\"inLanguage\":\"de\",\"potentialAction\":[{\"@type\":\"ReadAction\",\"target\":[\"https:\/\/www.swissraft.ch\/de\/produkt\/schnupperflug-flugzeug-bern-belp-bristell-b23\/\"]}]},{\"@type\":\"ImageObject\",\"inLanguage\":\"de\",\"@id\":\"https:\/\/www.swissraft.ch\/de\/produkt\/schnupperflug-flugzeug-bern-belp-bristell-b23\/#primaryimage\",\"url\":\"https:\/\/www.swissraft.ch\/wp-content\/uploads\/2023\/01\/1-BRISTELL-B23-776x776-1.jpg\",\"contentUrl\":\"https:\/\/www.swissraft.ch\/wp-content\/uploads\/2023\/01\/1-BRISTELL-B23-776x776-1.jpg\",\"width\":776,\"height\":776,\"caption\":\"Bristell B23 f\u00fcr eine Einf\u00fchrung in das Fliegen ab Bern-Belp\"},{\"@type\":\"BreadcrumbList\",\"@id\":\"https:\/\/www.swissraft.ch\/de\/produkt\/schnupperflug-flugzeug-bern-belp-bristell-b23\/#breadcrumb\",\"itemListElement\":[{\"@type\":\"ListItem\",\"position\":1,\"name\":\"Accueil\",\"item\":\"https:\/\/www.swissraft.ch\/de\/\"},{\"@type\":\"ListItem\",\"position\":2,\"name\":\"Shop\",\"item\":\"https:\/\/www.swissraft.ch\/de\/shop\/\"},{\"@type\":\"ListItem\",\"position\":3,\"name\":\"Schnupperflug &#8211; Flugzeug &#8211; Bern-Belp &#8211; Bristell B23 &#8211; Ab CHF 220.00\"}]},{\"@type\":\"WebSite\",\"@id\":\"https:\/\/www.swissraft.ch\/de\/#website\",\"url\":\"https:\/\/www.swissraft.ch\/de\/\",\"name\":\"Swissraft\",\"description\":\"To enjoy nature as it is\",\"publisher\":{\"@id\":\"https:\/\/www.swissraft.ch\/de\/#organization\"},\"potentialAction\":[{\"@type\":\"SearchAction\",\"target\":{\"@type\":\"EntryPoint\",\"urlTemplate\":\"https:\/\/www.swissraft.ch\/de\/?s={search_term_string}\"},\"query-input\":{\"@type\":\"PropertyValueSpecification\",\"valueRequired\":true,\"valueName\":\"search_term_string\"}}],\"inLanguage\":\"de\"},{\"@type\":\"Organization\",\"@id\":\"https:\/\/www.swissraft.ch\/de\/#organization\",\"name\":\"Swissraft\",\"url\":\"https:\/\/www.swissraft.ch\/de\/\",\"logo\":{\"@type\":\"ImageObject\",\"inLanguage\":\"de\",\"@id\":\"https:\/\/www.swissraft.ch\/de\/#\/schema\/logo\/image\/\",\"url\":\"https:\/\/www.swissraft.ch\/wp-content\/uploads\/2025\/09\/Capture.jpg\",\"contentUrl\":\"https:\/\/www.swissraft.ch\/wp-content\/uploads\/2025\/09\/Capture.jpg\",\"width\":293,\"height\":108,\"caption\":\"Swissraft\"},\"image\":{\"@id\":\"https:\/\/www.swissraft.ch\/de\/#\/schema\/logo\/image\/\"}}]}<\/script>\n<!-- \/ Yoast SEO plugin. -->","yoast_head_json":{"title":"Schnupperflug mit der Bristell B23 von Bern-Belp aus.","description":"Schnupperflug mit der Bristell B23 von Bern-Belp aus. Sie haben schon immer davon getr\u00e4umt, einmal ein Flugzeug zu fliegen. Swissraft macht es Ihnen leicht","robots":{"index":"index","follow":"follow","max-snippet":"max-snippet:-1","max-image-preview":"max-image-preview:large","max-video-preview":"max-video-preview:-1"},"canonical":"https:\/\/www.swissraft.ch\/de\/produkt\/schnupperflug-flugzeug-bern-belp-bristell-b23\/","og_locale":"de_DE","og_type":"article","og_title":"Schnupperflug mit der Bristell B23 von Bern-Belp aus.","og_description":"Schnupperflug mit der Bristell B23 von Bern-Belp aus. Sie haben schon immer davon getr\u00e4umt, einmal ein Flugzeug zu fliegen. Swissraft macht es Ihnen leicht","og_url":"https:\/\/www.swissraft.ch\/de\/produkt\/schnupperflug-flugzeug-bern-belp-bristell-b23\/","og_site_name":"Swissraft","article_modified_time":"2026-04-30T23:37:20+00:00","og_image":[{"width":776,"height":776,"url":"https:\/\/www.swissraft.ch\/wp-content\/uploads\/2023\/01\/1-BRISTELL-B23-776x776-1.jpg","type":"image\/jpeg"}],"twitter_card":"summary_large_image","twitter_misc":{"Gesch\u00e4tzte Lesezeit":"1\u00a0Minute"},"schema":{"@context":"https:\/\/schema.org","@graph":[{"@type":"WebPage","@id":"https:\/\/www.swissraft.ch\/de\/produkt\/schnupperflug-flugzeug-bern-belp-bristell-b23\/","url":"https:\/\/www.swissraft.ch\/de\/produkt\/schnupperflug-flugzeug-bern-belp-bristell-b23\/","name":"Schnupperflug mit der Bristell B23 von Bern-Belp aus.","isPartOf":{"@id":"https:\/\/www.swissraft.ch\/de\/#website"},"primaryImageOfPage":{"@id":"https:\/\/www.swissraft.ch\/de\/produkt\/schnupperflug-flugzeug-bern-belp-bristell-b23\/#primaryimage"},"image":{"@id":"https:\/\/www.swissraft.ch\/de\/produkt\/schnupperflug-flugzeug-bern-belp-bristell-b23\/#primaryimage"},"thumbnailUrl":"https:\/\/www.swissraft.ch\/wp-content\/uploads\/2023\/01\/1-BRISTELL-B23-776x776-1.jpg","datePublished":"2023-01-18T14:19:14+00:00","dateModified":"2026-04-30T23:37:20+00:00","description":"Schnupperflug mit der Bristell B23 von Bern-Belp aus. Sie haben schon immer davon getr\u00e4umt, einmal ein Flugzeug zu fliegen. Swissraft macht es Ihnen leicht","breadcrumb":{"@id":"https:\/\/www.swissraft.ch\/de\/produkt\/schnupperflug-flugzeug-bern-belp-bristell-b23\/#breadcrumb"},"inLanguage":"de","potentialAction":[{"@type":"ReadAction","target":["https:\/\/www.swissraft.ch\/de\/produkt\/schnupperflug-flugzeug-bern-belp-bristell-b23\/"]}]},{"@type":"ImageObject","inLanguage":"de","@id":"https:\/\/www.swissraft.ch\/de\/produkt\/schnupperflug-flugzeug-bern-belp-bristell-b23\/#primaryimage","url":"https:\/\/www.swissraft.ch\/wp-content\/uploads\/2023\/01\/1-BRISTELL-B23-776x776-1.jpg","contentUrl":"https:\/\/www.swissraft.ch\/wp-content\/uploads\/2023\/01\/1-BRISTELL-B23-776x776-1.jpg","width":776,"height":776,"caption":"Bristell B23 f\u00fcr eine Einf\u00fchrung in das Fliegen ab Bern-Belp"},{"@type":"BreadcrumbList","@id":"https:\/\/www.swissraft.ch\/de\/produkt\/schnupperflug-flugzeug-bern-belp-bristell-b23\/#breadcrumb","itemListElement":[{"@type":"ListItem","position":1,"name":"Accueil","item":"https:\/\/www.swissraft.ch\/de\/"},{"@type":"ListItem","position":2,"name":"Shop","item":"https:\/\/www.swissraft.ch\/de\/shop\/"},{"@type":"ListItem","position":3,"name":"Schnupperflug &#8211; Flugzeug &#8211; Bern-Belp &#8211; Bristell B23 &#8211; Ab CHF 220.00"}]},{"@type":"WebSite","@id":"https:\/\/www.swissraft.ch\/de\/#website","url":"https:\/\/www.swissraft.ch\/de\/","name":"Swissraft","description":"To enjoy nature as it is","publisher":{"@id":"https:\/\/www.swissraft.ch\/de\/#organization"},"potentialAction":[{"@type":"SearchAction","target":{"@type":"EntryPoint","urlTemplate":"https:\/\/www.swissraft.ch\/de\/?s={search_term_string}"},"query-input":{"@type":"PropertyValueSpecification","valueRequired":true,"valueName":"search_term_string"}}],"inLanguage":"de"},{"@type":"Organization","@id":"https:\/\/www.swissraft.ch\/de\/#organization","name":"Swissraft","url":"https:\/\/www.swissraft.ch\/de\/","logo":{"@type":"ImageObject","inLanguage":"de","@id":"https:\/\/www.swissraft.ch\/de\/#\/schema\/logo\/image\/","url":"https:\/\/www.swissraft.ch\/wp-content\/uploads\/2025\/09\/Capture.jpg","contentUrl":"https:\/\/www.swissraft.ch\/wp-content\/uploads\/2025\/09\/Capture.jpg","width":293,"height":108,"caption":"Swissraft"},"image":{"@id":"https:\/\/www.swissraft.ch\/de\/#\/schema\/logo\/image\/"}}]}},"_links":{"self":[{"href":"https:\/\/www.swissraft.ch\/de\/wp-json\/wp\/v2\/product\/91653","targetHints":{"allow":["GET"]}}],"collection":[{"href":"https:\/\/www.swissraft.ch\/de\/wp-json\/wp\/v2\/product"}],"about":[{"href":"https:\/\/www.swissraft.ch\/de\/wp-json\/wp\/v2\/types\/product"}],"replies":[{"embeddable":true,"href":"https:\/\/www.swissraft.ch\/de\/wp-json\/wp\/v2\/comments?post=91653"}],"version-history":[{"count":9,"href":"https:\/\/www.swissraft.ch\/de\/wp-json\/wp\/v2\/product\/91653\/revisions"}],"predecessor-version":[{"id":143083,"href":"https:\/\/www.swissraft.ch\/de\/wp-json\/wp\/v2\/product\/91653\/revisions\/143083"}],"wp:featuredmedia":[{"embeddable":true,"href":"https:\/\/www.swissraft.ch\/de\/wp-json\/wp\/v2\/media\/88651"}],"wp:attachment":[{"href":"https:\/\/www.swissraft.ch\/de\/wp-json\/wp\/v2\/media?parent=91653"}],"wp:term":[{"taxonomy":"product_cat","embeddable":true,"href":"https:\/\/www.swissraft.ch\/de\/wp-json\/wp\/v2\/product_cat?post=91653"},{"taxonomy":"product_tag","embeddable":true,"href":"https:\/\/www.swissraft.ch\/de\/wp-json\/wp\/v2\/product_tag?post=91653"}],"curies":[{"name":"wp","href":"https:\/\/api.w.org\/{rel}","templated":true}]}}