{"id":91650,"date":"2023-02-05T16:24:30","date_gmt":"2023-02-05T15:24:30","guid":{"rendered":"https:\/\/swissraft.xyanzkdne.eu\/product\/flugsimulator-in-niederbuchsiten-boeing-737-800-ng-ab-chf-250-00\/"},"modified":"2025-10-14T18:50:40","modified_gmt":"2025-10-14T16:50:40","slug":"flugsimulator-niederbuchsiten-boeing-737-800-ng","status":"publish","type":"product","link":"https:\/\/www.swissraft.ch\/de\/produkt\/flugsimulator-niederbuchsiten-boeing-737-800-ng\/","title":{"rendered":"Flugsimulator in NIEDERBUCHSITEN &#8211; BOEING 737-800 NG &#8211; Ab CHF 250.00"},"content":{"rendered":"\t\t<div data-elementor-type=\"wp-post\" data-elementor-id=\"91650\" class=\"elementor elementor-91650 elementor-30667\">\n\t\t\t\t\t\t\t\t\t<section class=\"elementor-section elementor-top-section elementor-element elementor-element-3303a7e3 elementor-section-boxed elementor-section-height-default elementor-section-height-default\" data-id=\"3303a7e3\" data-element_type=\"section\">\n\t\t\t\t\t\t<div class=\"elementor-container elementor-column-gap-default\">\n\t\t\t\t\t<div class=\"elementor-column elementor-col-100 elementor-top-column elementor-element elementor-element-16d72dbf\" data-id=\"16d72dbf\" data-element_type=\"column\">\n\t\t\t<div class=\"elementor-widget-wrap elementor-element-populated\">\n\t\t\t\t\t\t\t\t<div class=\"elementor-element elementor-element-d743c03 elementor-widget elementor-widget-text-editor\" data-id=\"d743c03\" data-element_type=\"widget\" data-widget_type=\"text-editor.default\">\n\t\t\t\t<div class=\"elementor-widget-container\">\n\t\t\t\t\t\t\t<h2>W\u00c4HLEN SIE UNTEN IHRE AKTIVIT\u00c4T AUS, UM GESCHENKGUTSCHEINE \/ TICKETS ZU VERSCHENKEN ODER ZU BUCHEN<\/h2><table border=\"0\" width=\"580\" cellspacing=\"10\" cellpadding=\"10\"><tbody><tr><td width=\"50%\"><strong>FLUGSIMULATOR BOEING 737-800 NG (1+2 Pers.) &#8211; 120 Min.<\/strong><\/td><td><strong>Ab CHF 250.00 pro Flug<span class=\"productPrice\"><br \/><\/span><\/strong><\/td><\/tr><tr><td>Weitere Informationen<\/td><td><span class=\"patt\">&#8211; Mindestgr\u00f6\u00dfe: 1,50 m<br \/>&#8211; Maximale Gr\u00f6\u00dfe: 1,90 m<br \/>&#8211; Maximal 2 Passagiere<\/span><\/td><\/tr><tr><td>Treffpunkt<\/td><td><a href=\"https:\/\/www.google.com\/maps\/place\/Neumatt+10,+4626+Niederbuchsiten\/@47.299586,7.7636308,765m\/data=!3m1!1e3!4m15!1m8!3m7!1s0x47902cee9313adc5:0x3bc860cf7acb8ca9!2s4626+Niederbuchsiten!3b1!8m2!3d47.2970819!4d7.7713269!16zL20vMGc0cWZr!3m5!1s0x47902cdebaa4f57d:0x8b7c89acc4bff888!8m2!3d47.2994157!4d7.7681568!16s%2Fg%2F11gmfv3jv0?entry=ttu\" target=\"_blank\" rel=\"noopener\">Niederbuchsiten<\/a><\/td><\/tr><tr><td>Flugdauer nach Wahl<\/td><td>2 Std. \/ 3 Std. \/ 4 Std.<\/td><\/tr><tr><td>Gesamtdauer<\/td><td>ca. 2:15 Std. bis 4:15 Std. abh\u00e4ngig von der Anzahl der Minuten<\/td><\/tr><tr><td>Besuchen Sie<\/td><td>Per Telefon<\/td><\/tr><tr><td><button class=\"elementor-button\" type=\"button\"><a href=\"https:\/\/swissraft.outdoorbooking.ch\/fo\/products\/1077?base_id=35&amp;category_id=21&amp;order_type=gift_voucher&amp;lang=de\" target=\"_blank\" rel=\"noopener\">GUTSCHEIN \/ TICKET KAUFEN<\/a><\/button><\/td><td><strong>CHF 250.00 &#8211; 2 Std. Flug<\/strong><\/td><\/tr><tr><td><button class=\"elementor-button\" type=\"button\"><a href=\"https:\/\/swissraft.outdoorbooking.ch\/fo\/products\/1080?base_id=35&amp;category_id=21&amp;order_type=gift_voucher&amp;lang=de\" target=\"_blank\" rel=\"noopener\">GUTSCHEIN \/ TICKET KAUFEN<\/a><\/button><\/td><td><strong>CHF 420.00 &#8211; 3 Std. Flug<\/strong><\/td><\/tr><tr><td><button class=\"elementor-button\" type=\"button\"><a href=\"https:\/\/swissraft.outdoorbooking.ch\/fo\/products\/1081?base_id=35&amp;category_id=21&amp;order_type=gift_voucher&amp;lang=de\" target=\"_blank\" rel=\"noopener\">GUTSCHEIN \/ TICKET KAUFEN<\/a><\/button><\/td><td><strong>CHF 520.00 &#8211; 4 Std. Flug<\/strong><\/td><\/tr><tr><td>\u00a0<\/td><td><span style=\"text-decoration: underline;\"><strong><em>WICHTIG !<br \/><\/em><\/strong><\/span><em>Rufen Sie zur Reservierung die Nummer oben links auf dem Gutschein\/Ticket an.<\/em><\/td><\/tr><\/tbody><\/table>\t\t\t\t\t\t<\/div>\n\t\t\t\t<\/div>\n\t\t\t\t\t<\/div>\n\t\t<\/div>\n\t\t\t\t\t\t\t<\/div>\n\t\t<\/section>\n\t\t\t\t\t\t\t<\/div>\n\t\t","protected":false},"excerpt":{"rendered":"<div align=\"justify\">\n<h2 align=\"justify\">Entdecken Sie das Abenteuer in Niederbuchsiten mit unserem BOEING 737-800 NG Flugsimulator, der eine unglaublich realistische Erfahrung bietet.<\/h2>\n<h3>Kommen Sie an Bord der BOEING 737-800 NG in Niederbuchsiten mit zwei Gastpassagieren. Teilen Sie diese einzigartige virtuelle Erfahrung und erleben Sie das Abenteuer gemeinsam! <\/h3>\n<\/div>\n<div align=\"justify\">\n<p>Nehmen Sie auf dem Pilotensitz der Boeing 737-800 Platz und starten Sie zu einem planm\u00e4\u00dfigen Flug mit Ihrem Fluglehrer. Unser Nachbau der Boeing 737-800 NG enth\u00e4lt Originalteile und bietet Ihnen ein authentisches Erlebnis. Die 4 K\u00f6rpershaker lassen Sie die Bewegungen der Boeing sp\u00fcren und verleihen Ihnen ein realistisches Fluggef\u00fchl. Genie\u00dfen Sie eine 180-Grad-Ansicht, fotorealistische Texturen und Landschaften sowie echte Wetterbedingungen f\u00fcr ein au\u00dfergew\u00f6hnliches Flugerlebnis. Willkommen an Bord unseres Einf\u00fchrungsflugprogramms.<\/p>\n<h3>F\u00fcr weitere Informationen oder um Ihre spannende Sitzung im Flugsimulator in La Bl\u00e9cherette zu buchen, kontaktieren Sie uns bitte!<\/h3>\n<p id=\"textarea\" style=\"display: none;\">\nEbenso haben wir in Niederbuchsiten einen Robinson RH22 Helikopter-Flugsimulator und einen Cessna 172 Flugsimulator. Swissraft bietet Ihnen auch einen Boeing B777 Simulator in Z\u00fcrich an. Aber auch auf dem Flughafen Bl\u00e9cherette in Lausanne gibt es einen Flugsimulator Boeing 737-700. In Attikon\/Winterthur haben wir einen Boeing 737 FSC Flugsimulator und einen EC135 Helikopter-Flugsimulator. Au\u00dferdem haben wir in Pf\u00e4ffikon auch einen Flugsimulator f\u00fcr einen EC135-Helikopter. Au\u00dferdem haben wir in Villars-Les-Moines einen modernen Airbus A320-Flugsimulator.\n<\/p>\n<p><a id=\"seeMore\" onclick=\"toggleSeeMore()\" href=\"javascript:void(0);\">Lesen Sie mehr<\/a><\/p>\n","protected":false},"featured_media":89461,"comment_status":"open","ping_status":"closed","template":"","meta":{"inline_featured_image":false,"_mi_skip_tracking":false},"product_cat":[286,287],"product_tag":[],"class_list":["post-91650","product","type-product","status-publish","has-post-thumbnail","hentry","product_cat-flugsimulator","product_cat-niederbuchsiten"],"yoast_head":"<!-- This site is optimized with the Yoast SEO plugin v23.6 - https:\/\/yoast.com\/wordpress\/plugins\/seo\/ -->\n<title>Simulator Boeing 737-800 NG in Niederbuchsiten. Ein Muss<\/title>\n<meta name=\"description\" content=\"Simulator Boeing 737-800 NG in Niederbuchsiten. Sie sitzen am Steuer eines Passagierflugzeuges. An Ihrer Seite ber\u00e4t Sie der Fluglehrer.\" \/>\n<meta name=\"robots\" content=\"index, follow, max-snippet:-1, max-image-preview:large, max-video-preview:-1\" \/>\n<link rel=\"canonical\" href=\"https:\/\/www.swissraft.ch\/de\/produkt\/flugsimulator-niederbuchsiten-boeing-737-800-ng\/\" \/>\n<meta property=\"og:locale\" content=\"de_DE\" \/>\n<meta property=\"og:type\" content=\"article\" \/>\n<meta property=\"og:title\" content=\"Simulator Boeing 737-800 NG in Niederbuchsiten. Ein Muss\" \/>\n<meta property=\"og:description\" content=\"Simulator Boeing 737-800 NG in Niederbuchsiten. Sie sitzen am Steuer eines Passagierflugzeuges. An Ihrer Seite ber\u00e4t Sie der Fluglehrer.\" \/>\n<meta property=\"og:url\" content=\"https:\/\/www.swissraft.ch\/de\/produkt\/flugsimulator-niederbuchsiten-boeing-737-800-ng\/\" \/>\n<meta property=\"og:site_name\" content=\"Swissraft\" \/>\n<meta property=\"article:modified_time\" content=\"2025-10-14T16:50:40+00:00\" \/>\n<meta property=\"og:image\" content=\"https:\/\/www.swissraft.ch\/wp-content\/uploads\/2023\/02\/Boeing-737-800-NG-776x776-1.jpg\" \/>\n\t<meta property=\"og:image:width\" content=\"776\" \/>\n\t<meta property=\"og:image:height\" content=\"776\" \/>\n\t<meta property=\"og:image:type\" content=\"image\/jpeg\" \/>\n<meta name=\"twitter:card\" content=\"summary_large_image\" \/>\n<meta name=\"twitter:label1\" content=\"Gesch\u00e4tzte Lesezeit\" \/>\n\t<meta name=\"twitter:data1\" content=\"1\u00a0Minute\" \/>\n<script type=\"application\/ld+json\" class=\"yoast-schema-graph\">{\"@context\":\"https:\/\/schema.org\",\"@graph\":[{\"@type\":\"WebPage\",\"@id\":\"https:\/\/www.swissraft.ch\/de\/produkt\/flugsimulator-niederbuchsiten-boeing-737-800-ng\/\",\"url\":\"https:\/\/www.swissraft.ch\/de\/produkt\/flugsimulator-niederbuchsiten-boeing-737-800-ng\/\",\"name\":\"Simulator Boeing 737-800 NG in Niederbuchsiten. Ein Muss\",\"isPartOf\":{\"@id\":\"https:\/\/www.swissraft.ch\/de\/#website\"},\"primaryImageOfPage\":{\"@id\":\"https:\/\/www.swissraft.ch\/de\/produkt\/flugsimulator-niederbuchsiten-boeing-737-800-ng\/#primaryimage\"},\"image\":{\"@id\":\"https:\/\/www.swissraft.ch\/de\/produkt\/flugsimulator-niederbuchsiten-boeing-737-800-ng\/#primaryimage\"},\"thumbnailUrl\":\"https:\/\/www.swissraft.ch\/wp-content\/uploads\/2023\/02\/Boeing-737-800-NG-776x776-1.jpg\",\"datePublished\":\"2023-02-05T15:24:30+00:00\",\"dateModified\":\"2025-10-14T16:50:40+00:00\",\"description\":\"Simulator Boeing 737-800 NG in Niederbuchsiten. Sie sitzen am Steuer eines Passagierflugzeuges. An Ihrer Seite ber\u00e4t Sie der Fluglehrer.\",\"breadcrumb\":{\"@id\":\"https:\/\/www.swissraft.ch\/de\/produkt\/flugsimulator-niederbuchsiten-boeing-737-800-ng\/#breadcrumb\"},\"inLanguage\":\"de\",\"potentialAction\":[{\"@type\":\"ReadAction\",\"target\":[\"https:\/\/www.swissraft.ch\/de\/produkt\/flugsimulator-niederbuchsiten-boeing-737-800-ng\/\"]}]},{\"@type\":\"ImageObject\",\"inLanguage\":\"de\",\"@id\":\"https:\/\/www.swissraft.ch\/de\/produkt\/flugsimulator-niederbuchsiten-boeing-737-800-ng\/#primaryimage\",\"url\":\"https:\/\/www.swissraft.ch\/wp-content\/uploads\/2023\/02\/Boeing-737-800-NG-776x776-1.jpg\",\"contentUrl\":\"https:\/\/www.swissraft.ch\/wp-content\/uploads\/2023\/02\/Boeing-737-800-NG-776x776-1.jpg\",\"width\":776,\"height\":776,\"caption\":\"Einf\u00fchrung in den Flugsimulator Boeing 737-800 NG\"},{\"@type\":\"BreadcrumbList\",\"@id\":\"https:\/\/www.swissraft.ch\/de\/produkt\/flugsimulator-niederbuchsiten-boeing-737-800-ng\/#breadcrumb\",\"itemListElement\":[{\"@type\":\"ListItem\",\"position\":1,\"name\":\"Accueil\",\"item\":\"https:\/\/www.swissraft.ch\/de\/\"},{\"@type\":\"ListItem\",\"position\":2,\"name\":\"Shop\",\"item\":\"https:\/\/www.swissraft.ch\/de\/shop\/\"},{\"@type\":\"ListItem\",\"position\":3,\"name\":\"Flugsimulator in NIEDERBUCHSITEN &#8211; BOEING 737-800 NG &#8211; Ab CHF 250.00\"}]},{\"@type\":\"WebSite\",\"@id\":\"https:\/\/www.swissraft.ch\/de\/#website\",\"url\":\"https:\/\/www.swissraft.ch\/de\/\",\"name\":\"Swissraft\",\"description\":\"To enjoy nature as it is\",\"publisher\":{\"@id\":\"https:\/\/www.swissraft.ch\/de\/#organization\"},\"potentialAction\":[{\"@type\":\"SearchAction\",\"target\":{\"@type\":\"EntryPoint\",\"urlTemplate\":\"https:\/\/www.swissraft.ch\/de\/?s={search_term_string}\"},\"query-input\":{\"@type\":\"PropertyValueSpecification\",\"valueRequired\":true,\"valueName\":\"search_term_string\"}}],\"inLanguage\":\"de\"},{\"@type\":\"Organization\",\"@id\":\"https:\/\/www.swissraft.ch\/de\/#organization\",\"name\":\"Swissraft\",\"url\":\"https:\/\/www.swissraft.ch\/de\/\",\"logo\":{\"@type\":\"ImageObject\",\"inLanguage\":\"de\",\"@id\":\"https:\/\/www.swissraft.ch\/de\/#\/schema\/logo\/image\/\",\"url\":\"https:\/\/www.swissraft.ch\/wp-content\/uploads\/2025\/09\/Capture.jpg\",\"contentUrl\":\"https:\/\/www.swissraft.ch\/wp-content\/uploads\/2025\/09\/Capture.jpg\",\"width\":293,\"height\":108,\"caption\":\"Swissraft\"},\"image\":{\"@id\":\"https:\/\/www.swissraft.ch\/de\/#\/schema\/logo\/image\/\"}}]}<\/script>\n<!-- \/ Yoast SEO plugin. -->","yoast_head_json":{"title":"Simulator Boeing 737-800 NG in Niederbuchsiten. Ein Muss","description":"Simulator Boeing 737-800 NG in Niederbuchsiten. Sie sitzen am Steuer eines Passagierflugzeuges. An Ihrer Seite ber\u00e4t Sie der Fluglehrer.","robots":{"index":"index","follow":"follow","max-snippet":"max-snippet:-1","max-image-preview":"max-image-preview:large","max-video-preview":"max-video-preview:-1"},"canonical":"https:\/\/www.swissraft.ch\/de\/produkt\/flugsimulator-niederbuchsiten-boeing-737-800-ng\/","og_locale":"de_DE","og_type":"article","og_title":"Simulator Boeing 737-800 NG in Niederbuchsiten. Ein Muss","og_description":"Simulator Boeing 737-800 NG in Niederbuchsiten. Sie sitzen am Steuer eines Passagierflugzeuges. An Ihrer Seite ber\u00e4t Sie der Fluglehrer.","og_url":"https:\/\/www.swissraft.ch\/de\/produkt\/flugsimulator-niederbuchsiten-boeing-737-800-ng\/","og_site_name":"Swissraft","article_modified_time":"2025-10-14T16:50:40+00:00","og_image":[{"width":776,"height":776,"url":"https:\/\/www.swissraft.ch\/wp-content\/uploads\/2023\/02\/Boeing-737-800-NG-776x776-1.jpg","type":"image\/jpeg"}],"twitter_card":"summary_large_image","twitter_misc":{"Gesch\u00e4tzte Lesezeit":"1\u00a0Minute"},"schema":{"@context":"https:\/\/schema.org","@graph":[{"@type":"WebPage","@id":"https:\/\/www.swissraft.ch\/de\/produkt\/flugsimulator-niederbuchsiten-boeing-737-800-ng\/","url":"https:\/\/www.swissraft.ch\/de\/produkt\/flugsimulator-niederbuchsiten-boeing-737-800-ng\/","name":"Simulator Boeing 737-800 NG in Niederbuchsiten. Ein Muss","isPartOf":{"@id":"https:\/\/www.swissraft.ch\/de\/#website"},"primaryImageOfPage":{"@id":"https:\/\/www.swissraft.ch\/de\/produkt\/flugsimulator-niederbuchsiten-boeing-737-800-ng\/#primaryimage"},"image":{"@id":"https:\/\/www.swissraft.ch\/de\/produkt\/flugsimulator-niederbuchsiten-boeing-737-800-ng\/#primaryimage"},"thumbnailUrl":"https:\/\/www.swissraft.ch\/wp-content\/uploads\/2023\/02\/Boeing-737-800-NG-776x776-1.jpg","datePublished":"2023-02-05T15:24:30+00:00","dateModified":"2025-10-14T16:50:40+00:00","description":"Simulator Boeing 737-800 NG in Niederbuchsiten. Sie sitzen am Steuer eines Passagierflugzeuges. An Ihrer Seite ber\u00e4t Sie der Fluglehrer.","breadcrumb":{"@id":"https:\/\/www.swissraft.ch\/de\/produkt\/flugsimulator-niederbuchsiten-boeing-737-800-ng\/#breadcrumb"},"inLanguage":"de","potentialAction":[{"@type":"ReadAction","target":["https:\/\/www.swissraft.ch\/de\/produkt\/flugsimulator-niederbuchsiten-boeing-737-800-ng\/"]}]},{"@type":"ImageObject","inLanguage":"de","@id":"https:\/\/www.swissraft.ch\/de\/produkt\/flugsimulator-niederbuchsiten-boeing-737-800-ng\/#primaryimage","url":"https:\/\/www.swissraft.ch\/wp-content\/uploads\/2023\/02\/Boeing-737-800-NG-776x776-1.jpg","contentUrl":"https:\/\/www.swissraft.ch\/wp-content\/uploads\/2023\/02\/Boeing-737-800-NG-776x776-1.jpg","width":776,"height":776,"caption":"Einf\u00fchrung in den Flugsimulator Boeing 737-800 NG"},{"@type":"BreadcrumbList","@id":"https:\/\/www.swissraft.ch\/de\/produkt\/flugsimulator-niederbuchsiten-boeing-737-800-ng\/#breadcrumb","itemListElement":[{"@type":"ListItem","position":1,"name":"Accueil","item":"https:\/\/www.swissraft.ch\/de\/"},{"@type":"ListItem","position":2,"name":"Shop","item":"https:\/\/www.swissraft.ch\/de\/shop\/"},{"@type":"ListItem","position":3,"name":"Flugsimulator in NIEDERBUCHSITEN &#8211; BOEING 737-800 NG &#8211; Ab CHF 250.00"}]},{"@type":"WebSite","@id":"https:\/\/www.swissraft.ch\/de\/#website","url":"https:\/\/www.swissraft.ch\/de\/","name":"Swissraft","description":"To enjoy nature as it is","publisher":{"@id":"https:\/\/www.swissraft.ch\/de\/#organization"},"potentialAction":[{"@type":"SearchAction","target":{"@type":"EntryPoint","urlTemplate":"https:\/\/www.swissraft.ch\/de\/?s={search_term_string}"},"query-input":{"@type":"PropertyValueSpecification","valueRequired":true,"valueName":"search_term_string"}}],"inLanguage":"de"},{"@type":"Organization","@id":"https:\/\/www.swissraft.ch\/de\/#organization","name":"Swissraft","url":"https:\/\/www.swissraft.ch\/de\/","logo":{"@type":"ImageObject","inLanguage":"de","@id":"https:\/\/www.swissraft.ch\/de\/#\/schema\/logo\/image\/","url":"https:\/\/www.swissraft.ch\/wp-content\/uploads\/2025\/09\/Capture.jpg","contentUrl":"https:\/\/www.swissraft.ch\/wp-content\/uploads\/2025\/09\/Capture.jpg","width":293,"height":108,"caption":"Swissraft"},"image":{"@id":"https:\/\/www.swissraft.ch\/de\/#\/schema\/logo\/image\/"}}]}},"_links":{"self":[{"href":"https:\/\/www.swissraft.ch\/de\/wp-json\/wp\/v2\/product\/91650","targetHints":{"allow":["GET"]}}],"collection":[{"href":"https:\/\/www.swissraft.ch\/de\/wp-json\/wp\/v2\/product"}],"about":[{"href":"https:\/\/www.swissraft.ch\/de\/wp-json\/wp\/v2\/types\/product"}],"replies":[{"embeddable":true,"href":"https:\/\/www.swissraft.ch\/de\/wp-json\/wp\/v2\/comments?post=91650"}],"version-history":[{"count":11,"href":"https:\/\/www.swissraft.ch\/de\/wp-json\/wp\/v2\/product\/91650\/revisions"}],"predecessor-version":[{"id":123010,"href":"https:\/\/www.swissraft.ch\/de\/wp-json\/wp\/v2\/product\/91650\/revisions\/123010"}],"wp:featuredmedia":[{"embeddable":true,"href":"https:\/\/www.swissraft.ch\/de\/wp-json\/wp\/v2\/media\/89461"}],"wp:attachment":[{"href":"https:\/\/www.swissraft.ch\/de\/wp-json\/wp\/v2\/media?parent=91650"}],"wp:term":[{"taxonomy":"product_cat","embeddable":true,"href":"https:\/\/www.swissraft.ch\/de\/wp-json\/wp\/v2\/product_cat?post=91650"},{"taxonomy":"product_tag","embeddable":true,"href":"https:\/\/www.swissraft.ch\/de\/wp-json\/wp\/v2\/product_tag?post=91650"}],"curies":[{"name":"wp","href":"https:\/\/api.w.org\/{rel}","templated":true}]}}